{"id":62057,"date":"2021-07-23T14:22:11","date_gmt":"2021-07-23T12:22:11","guid":{"rendered":"https:\/\/obera.fr\/achat-merci\/"},"modified":"2025-02-17T11:37:30","modified_gmt":"2025-02-17T09:37:30","slug":"achat-merci","status":"publish","type":"page","link":"https:\/\/obera.fr\/pl\/achat-merci\/","title":{"rendered":"Dzi\u0119kujemy za z\u0142o\u017cenie zam\u00f3wienia na obera.fr"},"content":{"rendered":"\n<p>Czekaj\u0105c na otrzymanie zam\u00f3wienia, mo\u017cesz przeczyta\u0107 najnowsze wpisy na blogu<\/p>\n<ul class=\"wp-block-latest-posts__list is-grid columns-2 wp-block-latest-posts\"><li><div class=\"wp-block-latest-posts__featured-image aligncenter\"><a href=\"https:\/\/obera.fr\/pl\/wydobywanie-materialow\/rozwiazania-do-odsysania-i-odpylania-przemyslowego-dla-ekstrakcji-materialow\/\" aria-label=\"Rozwi\u0105zania do odsysania i odpylania przemys\u0142owego dla ekstrakcji materia\u0142\u00f3w\"><img decoding=\"async\" width=\"1024\" height=\"576\" src=\"https:\/\/obera.fr\/wp-content\/uploads\/2025\/08\/extraction-materiaux-1024x576.jpg\" class=\"attachment-large size-large wp-post-image\" alt=\"ekstrakcja materia\u0142u\" style=\"max-width:500px;\" srcset=\"https:\/\/obera.fr\/wp-content\/uploads\/2025\/08\/extraction-materiaux-1024x576.jpg 1024w, https:\/\/obera.fr\/wp-content\/uploads\/2025\/08\/extraction-materiaux-300x169.jpg 300w, https:\/\/obera.fr\/wp-content\/uploads\/2025\/08\/extraction-materiaux-768x432.jpg 768w, https:\/\/obera.fr\/wp-content\/uploads\/2025\/08\/extraction-materiaux-1536x864.jpg 1536w, https:\/\/obera.fr\/wp-content\/uploads\/2025\/08\/extraction-materiaux.jpg 1600w\" sizes=\"(max-width: 1024px) 100vw, 1024px\" \/><\/a><\/div><a class=\"wp-block-latest-posts__post-title\" href=\"https:\/\/obera.fr\/pl\/wydobywanie-materialow\/rozwiazania-do-odsysania-i-odpylania-przemyslowego-dla-ekstrakcji-materialow\/\">Rozwi\u0105zania do odsysania i odpylania przemys\u0142owego dla ekstrakcji materia\u0142\u00f3w<\/a><div class=\"wp-block-latest-posts__post-excerpt\">Ekstrakcja materia\u0142\u00f3w nieuchronnie generuje pozosta\u0142o\u015bci, kt\u00f3re nale\u017cy kontrolowa\u0107 w celu ochrony zdrowia i bezpiecze\u0144stwa pracownik\u00f3w.<\/div><\/li>\n<li><div class=\"wp-block-latest-posts__featured-image aligncenter\"><a href=\"https:\/\/obera.fr\/pl\/elektronika-elektrycznosc\/rozwiazania-w-zakresie-odsysania-i-filtracji-firmy-obera-dla-przemyslu-elektronicznego\/\" aria-label=\"Rozwi\u0105zania w zakresie odsysania i filtracji firmy oberA dla przemys\u0142u elektronicznego\"><img decoding=\"async\" width=\"1024\" height=\"576\" src=\"https:\/\/obera.fr\/wp-content\/uploads\/2025\/08\/electricite-electronique-1024x576.jpg\" class=\"attachment-large size-large wp-post-image\" alt=\"elektroniczna elektryczno\u015b\u0107\" style=\"max-width:500px;\" srcset=\"https:\/\/obera.fr\/wp-content\/uploads\/2025\/08\/electricite-electronique-1024x576.jpg 1024w, https:\/\/obera.fr\/wp-content\/uploads\/2025\/08\/electricite-electronique-300x169.jpg 300w, https:\/\/obera.fr\/wp-content\/uploads\/2025\/08\/electricite-electronique-768x432.jpg 768w, https:\/\/obera.fr\/wp-content\/uploads\/2025\/08\/electricite-electronique-1536x864.jpg 1536w, https:\/\/obera.fr\/wp-content\/uploads\/2025\/08\/electricite-electronique.jpg 1600w\" sizes=\"(max-width: 1024px) 100vw, 1024px\" \/><\/a><\/div><a class=\"wp-block-latest-posts__post-title\" href=\"https:\/\/obera.fr\/pl\/elektronika-elektrycznosc\/rozwiazania-w-zakresie-odsysania-i-filtracji-firmy-obera-dla-przemyslu-elektronicznego\/\">Rozwi\u0105zania w zakresie odsysania i filtracji firmy oberA dla przemys\u0142u elektronicznego<\/a><div class=\"wp-block-latest-posts__post-excerpt\">W przemy\u015ble elektronicznym jako\u015b\u0107 powietrza bezpo\u015brednio wp\u0142ywa na niezawodno\u015b\u0107 komponent\u00f3w oraz zdrowie operator\u00f3w.<\/div><\/li>\n<li><div class=\"wp-block-latest-posts__featured-image aligncenter\"><a href=\"https:\/\/obera.fr\/pl\/konserwatorzy-dziel-sztuki-i-artysci\/znaczenie-aspiracji-i-filtracji-w-srodowisku-artystycznym\/\" aria-label=\"Znaczenie aspiracji i filtracji w \u015brodowisku artystycznym\"><img decoding=\"async\" width=\"1024\" height=\"576\" src=\"https:\/\/obera.fr\/wp-content\/uploads\/2025\/08\/restaurateurs-oeuvre-art-1024x576.jpg\" class=\"attachment-large size-large wp-post-image\" alt=\"konserwatorzy dzie\u0142 sztuki\" style=\"max-width:500px;\" srcset=\"https:\/\/obera.fr\/wp-content\/uploads\/2025\/08\/restaurateurs-oeuvre-art-1024x576.jpg 1024w, https:\/\/obera.fr\/wp-content\/uploads\/2025\/08\/restaurateurs-oeuvre-art-300x169.jpg 300w, https:\/\/obera.fr\/wp-content\/uploads\/2025\/08\/restaurateurs-oeuvre-art-768x432.jpg 768w, https:\/\/obera.fr\/wp-content\/uploads\/2025\/08\/restaurateurs-oeuvre-art-1536x864.jpg 1536w, https:\/\/obera.fr\/wp-content\/uploads\/2025\/08\/restaurateurs-oeuvre-art.jpg 1600w\" sizes=\"(max-width: 1024px) 100vw, 1024px\" \/><\/a><\/div><a class=\"wp-block-latest-posts__post-title\" href=\"https:\/\/obera.fr\/pl\/konserwatorzy-dziel-sztuki-i-artysci\/znaczenie-aspiracji-i-filtracji-w-srodowisku-artystycznym\/\">Znaczenie aspiracji i filtracji w \u015brodowisku artystycznym<\/a><div class=\"wp-block-latest-posts__post-excerpt\">Konserwacja dzie\u0142 i tw\u00f3rczo\u015b\u0107 artystyczna nara\u017caj\u0105 na co dzie\u0144 specjalist\u00f3w na dzia\u0142anie rozpuszczalnik\u00f3w, \u017cywic i drobnych py\u0142\u00f3w, kt\u00f3re nale\u017cy bezwzgl\u0119dnie kontrolowa\u0107.<\/div><\/li>\n<li><div class=\"wp-block-latest-posts__featured-image aligncenter\"><a href=\"https:\/\/obera.fr\/pl\/wojsko-i-obrona\/rozwiazania-do-odsysania-i-filtracji-zanieczyszczen-dla-sektora-wojskowego\/\" aria-label=\"Rozwi\u0105zania do odsysania i filtracji zanieczyszcze\u0144 dla sektora wojskowego\"><img decoding=\"async\" width=\"1024\" height=\"576\" src=\"https:\/\/obera.fr\/wp-content\/uploads\/2025\/08\/armee-defense-1024x576.jpg\" class=\"attachment-large size-large wp-post-image\" alt=\"obrona przed broni\u0105\" style=\"max-width:500px;\" srcset=\"https:\/\/obera.fr\/wp-content\/uploads\/2025\/08\/armee-defense-1024x576.jpg 1024w, https:\/\/obera.fr\/wp-content\/uploads\/2025\/08\/armee-defense-300x169.jpg 300w, https:\/\/obera.fr\/wp-content\/uploads\/2025\/08\/armee-defense-768x432.jpg 768w, https:\/\/obera.fr\/wp-content\/uploads\/2025\/08\/armee-defense-1536x864.jpg 1536w, https:\/\/obera.fr\/wp-content\/uploads\/2025\/08\/armee-defense.jpg 1600w\" sizes=\"(max-width: 1024px) 100vw, 1024px\" \/><\/a><\/div><a class=\"wp-block-latest-posts__post-title\" href=\"https:\/\/obera.fr\/pl\/wojsko-i-obrona\/rozwiazania-do-odsysania-i-filtracji-zanieczyszczen-dla-sektora-wojskowego\/\">Rozwi\u0105zania do odsysania i filtracji zanieczyszcze\u0144 dla sektora wojskowego<\/a><div class=\"wp-block-latest-posts__post-excerpt\">Infrastruktura wojskowa wymaga absolutnej kontroli \u015brodowiska pracy w celu ochrony zdrowia operator\u00f3w i trwa\u0142o\u015bci sprz\u0119tu taktycznego.<\/div><\/li>\n<li><div class=\"wp-block-latest-posts__featured-image aligncenter\"><a href=\"https:\/\/obera.fr\/pl\/sante\/rozwiazania-obera-w-zakresie-odciagu-filtracji-i-oczyszczania-dla-zdrowia\/\" aria-label=\"Rozwi\u0105zania OberA w zakresie odci\u0105gu, filtracji i oczyszczania dla zdrowia\"><img decoding=\"async\" width=\"1024\" height=\"682\" src=\"https:\/\/obera.fr\/wp-content\/uploads\/2025\/06\/masque-classique-1024x682.webp\" class=\"attachment-large size-large wp-post-image\" alt=\"maska klasyczna\" style=\"max-width:500px;\" srcset=\"https:\/\/obera.fr\/wp-content\/uploads\/2025\/06\/masque-classique-1024x682.webp 1024w, https:\/\/obera.fr\/wp-content\/uploads\/2025\/06\/masque-classique-300x200.webp 300w, https:\/\/obera.fr\/wp-content\/uploads\/2025\/06\/masque-classique-768x512.webp 768w, https:\/\/obera.fr\/wp-content\/uploads\/2025\/06\/masque-classique.webp 1280w\" sizes=\"(max-width: 1024px) 100vw, 1024px\" \/><\/a><\/div><a class=\"wp-block-latest-posts__post-title\" href=\"https:\/\/obera.fr\/pl\/sante\/rozwiazania-obera-w-zakresie-odciagu-filtracji-i-oczyszczania-dla-zdrowia\/\">Rozwi\u0105zania OberA w zakresie odci\u0105gu, filtracji i oczyszczania dla zdrowia<\/a><div class=\"wp-block-latest-posts__post-excerpt\">Poprawa jako\u015bci powietrza wewn\u0119trznego sta\u0142a si\u0119 kluczowym wyzwaniem dla zdrowia publicznego w celu ochrony pracownik\u00f3w w ka\u017cdym \u015brodowisku przemys\u0142owym i biurowym.<\/div><\/li>\n<li><a class=\"wp-block-latest-posts__post-title\" href=\"https:\/\/obera.fr\/pl\/prasa\/53-pracownikow-uwaza-ze-ich-firma-nie-jest-przygotowana-do-skutecznego-zarzadzania-epizodami-silnych-upalow\/\">53% pracownik\u00f3w uwa\u017ca, \u017ce ich firma nie jest przygotowana do skutecznego zarz\u0105dzania epizodami silnych upa\u0142\u00f3w<\/a><div class=\"wp-block-latest-posts__post-excerpt\">OberA przeprowadzi\u0142a badanie w\u015br\u00f3d 4 203 os\u00f3b aktywnych zawodowo we Francji, aby lepiej zrozumie\u0107, jak pracownicy postrzegaj\u0105 i do\u015bwiadczaj\u0105 epizod\u00f3w silnych upa\u0142\u00f3w w swoim miejscu pracy<\/div><\/li>\n<li><div class=\"wp-block-latest-posts__featured-image aligncenter\"><a href=\"https:\/\/obera.fr\/pl\/materialy-kompozytowe\/emisje-lzo-podczas-infuzji-kompozytow\/\" aria-label=\"Emisje LZO podczas infuzji kompozyt\u00f3w\"><img decoding=\"async\" width=\"1024\" height=\"181\" src=\"https:\/\/obera.fr\/wp-content\/uploads\/2026\/03\/industrie-composite-opti-1024x181.jpg\" class=\"attachment-large size-large wp-post-image\" alt=\"przemys\u0142 kompozytowy opti\" style=\"max-width:500px;\" srcset=\"https:\/\/obera.fr\/wp-content\/uploads\/2026\/03\/industrie-composite-opti-1024x181.jpg 1024w, https:\/\/obera.fr\/wp-content\/uploads\/2026\/03\/industrie-composite-opti-300x53.jpg 300w, https:\/\/obera.fr\/wp-content\/uploads\/2026\/03\/industrie-composite-opti-768x136.jpg 768w, https:\/\/obera.fr\/wp-content\/uploads\/2026\/03\/industrie-composite-opti-1536x272.jpg 1536w, https:\/\/obera.fr\/wp-content\/uploads\/2026\/03\/industrie-composite-opti.jpg 1980w\" sizes=\"(max-width: 1024px) 100vw, 1024px\" \/><\/a><\/div><a class=\"wp-block-latest-posts__post-title\" href=\"https:\/\/obera.fr\/pl\/materialy-kompozytowe\/emisje-lzo-podczas-infuzji-kompozytow\/\">Emisje LZO podczas infuzji kompozyt\u00f3w<\/a><div class=\"wp-block-latest-posts__post-excerpt\">Infuzja pr\u00f3\u017cniowa to proces powszechnie stosowany do wytwarzania wielkogabarytowych element\u00f3w kompozytowych. Polega on na impregnacji w\u0142\u00f3kien wzmacniaj\u0105cych ciek\u0142\u0105 \u017cywic\u0105 zasysan\u0105 pod pr\u00f3\u017cni\u0105. <\/div><\/li>\n<li><div class=\"wp-block-latest-posts__featured-image aligncenter\"><a href=\"https:\/\/obera.fr\/pl\/materialy-kompozytowe\/opary-zywicy-epoksydowej-w-przemysle-kompozytowym\/\" aria-label=\"Opary \u017cywicy epoksydowej w przemy\u015ble kompozytowym\"><img decoding=\"async\" width=\"1024\" height=\"181\" src=\"https:\/\/obera.fr\/wp-content\/uploads\/2026\/03\/materiaux-composites-opti-1024x181.jpg\" class=\"attachment-large size-large wp-post-image\" alt=\"materia\u0142y kompozytowe opti\" style=\"max-width:500px;\" srcset=\"https:\/\/obera.fr\/wp-content\/uploads\/2026\/03\/materiaux-composites-opti-1024x181.jpg 1024w, https:\/\/obera.fr\/wp-content\/uploads\/2026\/03\/materiaux-composites-opti-300x53.jpg 300w, https:\/\/obera.fr\/wp-content\/uploads\/2026\/03\/materiaux-composites-opti-768x136.jpg 768w, https:\/\/obera.fr\/wp-content\/uploads\/2026\/03\/materiaux-composites-opti-1536x272.jpg 1536w, https:\/\/obera.fr\/wp-content\/uploads\/2026\/03\/materiaux-composites-opti.jpg 1980w\" sizes=\"(max-width: 1024px) 100vw, 1024px\" \/><\/a><\/div><a class=\"wp-block-latest-posts__post-title\" href=\"https:\/\/obera.fr\/pl\/materialy-kompozytowe\/opary-zywicy-epoksydowej-w-przemysle-kompozytowym\/\">Opary \u017cywicy epoksydowej w przemy\u015ble kompozytowym<\/a><div class=\"wp-block-latest-posts__post-excerpt\">\u017bywice epoksydowe s\u0105 szeroko stosowane w produkcji kompozyt\u00f3w o wysokich parametrach mechanicznych.<\/div><\/li>\n<\/ul>","protected":false},"excerpt":{"rendered":"<p>Czekaj\u0105c na otrzymanie zam\u00f3wienia, mo\u017cesz przeczyta\u0107 najnowsze wpisy na blogu<\/p>\n","protected":false},"author":4,"featured_media":0,"parent":0,"menu_order":0,"comment_status":"closed","ping_status":"closed","template":"","meta":{"_acf_changed":false,"_seopress_robots_primary_cat":"","_seopress_titles_title":"","_seopress_titles_desc":"","_seopress_robots_index":"tak","footnotes":""},"class_list":{"0":"post-62057","1":"page","2":"type-page","3":"status-publish","5":"no-featured-image-padding"},"acf":[],"_links":{"self":[{"href":"https:\/\/obera.fr\/pl\/wp-json\/wp\/v2\/pages\/62057","targetHints":{"allow":["GET"]}}],"collection":[{"href":"https:\/\/obera.fr\/pl\/wp-json\/wp\/v2\/pages"}],"about":[{"href":"https:\/\/obera.fr\/pl\/wp-json\/wp\/v2\/types\/page"}],"author":[{"embeddable":true,"href":"https:\/\/obera.fr\/pl\/wp-json\/wp\/v2\/users\/4"}],"replies":[{"embeddable":true,"href":"https:\/\/obera.fr\/pl\/wp-json\/wp\/v2\/comments?post=62057"}],"version-history":[{"count":1,"href":"https:\/\/obera.fr\/pl\/wp-json\/wp\/v2\/pages\/62057\/revisions"}],"predecessor-version":[{"id":62060,"href":"https:\/\/obera.fr\/pl\/wp-json\/wp\/v2\/pages\/62057\/revisions\/62060"}],"wp:attachment":[{"href":"https:\/\/obera.fr\/pl\/wp-json\/wp\/v2\/media?parent=62057"}],"curies":[{"name":"wp","href":"https:\/\/api.w.org\/{rel}","templated":true}]}}