{"id":63134,"date":"2020-05-01T20:06:12","date_gmt":"2020-05-01T18:06:12","guid":{"rendered":"https:\/\/obera.fr\/skontaktuj-sie-z-nami\/merci\/"},"modified":"2025-02-25T12:24:06","modified_gmt":"2025-02-25T10:24:06","slug":"merci","status":"publish","type":"page","link":"https:\/\/obera.fr\/pl\/contact\/merci\/","title":{"rendered":"Dzi\u0119kuj\u0119"},"content":{"rendered":"\n<p>Dzi\u0119kujemy, wiadomo\u015b\u0107 zosta\u0142a wys\u0142ana.<\/p>\n","protected":false},"excerpt":{"rendered":"<p>Dzi\u0119kujemy, wiadomo\u015b\u0107 zosta\u0142a wys\u0142ana.<\/p>\n","protected":false},"author":4,"featured_media":0,"parent":48870,"menu_order":0,"comment_status":"closed","ping_status":"closed","template":"","meta":{"_acf_changed":false,"_seopress_robots_primary_cat":"","_seopress_titles_title":"","_seopress_titles_desc":"","_seopress_robots_index":"tak","footnotes":""},"class_list":{"0":"post-63134","1":"page","2":"type-page","3":"status-publish","5":"no-featured-image-padding"},"acf":[],"_links":{"self":[{"href":"https:\/\/obera.fr\/pl\/wp-json\/wp\/v2\/pages\/63134","targetHints":{"allow":["GET"]}}],"collection":[{"href":"https:\/\/obera.fr\/pl\/wp-json\/wp\/v2\/pages"}],"about":[{"href":"https:\/\/obera.fr\/pl\/wp-json\/wp\/v2\/types\/page"}],"author":[{"embeddable":true,"href":"https:\/\/obera.fr\/pl\/wp-json\/wp\/v2\/users\/4"}],"replies":[{"embeddable":true,"href":"https:\/\/obera.fr\/pl\/wp-json\/wp\/v2\/comments?post=63134"}],"version-history":[{"count":1,"href":"https:\/\/obera.fr\/pl\/wp-json\/wp\/v2\/pages\/63134\/revisions"}],"predecessor-version":[{"id":63136,"href":"https:\/\/obera.fr\/pl\/wp-json\/wp\/v2\/pages\/63134\/revisions\/63136"}],"up":[{"embeddable":true,"href":"https:\/\/obera.fr\/pl\/wp-json\/wp\/v2\/pages\/48870"}],"wp:attachment":[{"href":"https:\/\/obera.fr\/pl\/wp-json\/wp\/v2\/media?parent=63134"}],"curies":[{"name":"wp","href":"https:\/\/api.w.org\/{rel}","templated":true}]}}