{"id":63958,"date":"2020-05-01T17:28:48","date_gmt":"2020-05-01T15:28:48","guid":{"rendered":"https:\/\/obera.fr\/mentions-legales\/"},"modified":"2026-03-04T11:53:11","modified_gmt":"2026-03-04T09:53:11","slug":"mentions-legales","status":"publish","type":"page","link":"https:\/\/obera.fr\/pl\/mentions-legales\/","title":{"rendered":"Informacje prawne"},"content":{"rendered":"\n<h2 class=\"wp-block-heading\" id=\"l-annonceur\">Reklamodawca<\/h2>\n\n<p>Niniejsza strona internetowa jest publikowana i udost\u0119pniana przez oberA, z kapita\u0142em w wysoko\u015bci 20 000 EUR, z siedzib\u0105 pod adresem 4 Rue Denis Papin 67400 Illkirch-Graffenstaden, pod numerem SIRET 832 913 487 00027, kod NAF 4674B.<\/p>\n\n<p>Celem strony jest dostarczenie Pa\u0144stwu informacji o reklamodawcy oraz link\u00f3w do r\u00f3\u017cnych stron internetowych. Strona jest w\u0142asno\u015bci\u0105 reklamodawcy.<\/p>\n\n<p>Ta strona jest hostowana przez Nazwa hosta: o2switch SAS z kapita\u0142em \u20ac100,000, Adres: Chemin des Pardiaux, 63000 Clermont-Ferrand, SIRET: 510 909 807 00032 RCS Clermont Ferrand<\/p>\n\n<h2 class=\"wp-block-heading\" id=\"respect-des-droits-de-propriete-et-marques\">Poszanowanie praw w\u0142asno\u015bci i znak\u00f3w towarowych<\/h2>\n\n<p>Wszystkie elementy, kt\u00f3re Pa\u0144stwo widz\u0105, s\u0142ysz\u0105 lub czytaj\u0105 na stronie, jak r\u00f3wnie\u017c sama strona, s\u0105 chronione prawem autorskim. W \u017cadnym wypadku nie mog\u0105 Pa\u0144stwo u\u017cywa\u0107, rozpowszechnia\u0107, kopiowa\u0107, powiela\u0107, modyfikowa\u0107, zniekszta\u0142ca\u0107 ani przekazywa\u0107 strony ani jej element\u00f3w, takich jak teksty, obrazy czy d\u017awi\u0119ki, bez uprzedniej pisemnej zgody reklamodawcy. Znaki towarowe i logotypy znajduj\u0105ce si\u0119 na stronie s\u0105 w\u0142asno\u015bci\u0105 reklamodawcy lub s\u0105 u\u017cywane na podstawie autoryzacji. \u017badne prawo ani licencja nie mog\u0105 by\u0107 przyznane w odniesieniu do kt\u00f3regokolwiek z tych element\u00f3w bez pisemnej zgody reklamodawcy lub osoby trzeciej, posiadaj\u0105cej prawa do znaku towarowego lub logotypu znajduj\u0105cego si\u0119 na stronie. Reklamodawca zastrzega sobie prawo do \u015bcigania wszelkich narusze\u0144 swoich praw w\u0142asno\u015bci intelektualnej, w tym w ramach post\u0119powania karnego.<\/p>\n\n<h2 class=\"wp-block-heading\" id=\"respect-des-images\">Szacunek dla obraz\u00f3w<\/h2>\n\n<p>Obrazy lub fotografie os\u00f3b lub miejsc znajduj\u0105ce si\u0119 na stronie s\u0105 w\u0142asno\u015bci\u0105 reklamodawcy i\/lub s\u0105 u\u017cywane przez reklamodawc\u0119 za zgod\u0105 w\u0142a\u015bcicieli praw. U\u017cywanie tych obraz\u00f3w lub fotografii jest zabronione bez wyra\u017anej i szczeg\u00f3\u0142owej zgody reklamodawcy. Ka\u017cde nieautoryzowane u\u017cycie mo\u017ce prowadzi\u0107 do naruszenia praw autorskich, praw do wizerunku, praw os\u00f3b lub wszelkich innych przepis\u00f3w maj\u0105cych zastosowanie do komunikacji lub reklamy.<\/p>\n\n<h3 class=\"wp-block-heading\">Kredyty<\/h3>\n\n<ul class=\"wp-block-list\">\n<li>Projekt strony g\u0142\u00f3wnej autorstwa <a href=\"https:\/\/pleaseagency.com\/\" data-type=\"link\" data-id=\"https:\/\/pleaseagency.com\/\">PLEASE CREATIVE AGENCY <\/a> <\/li>\n<\/ul>\n\n<h2 class=\"wp-block-heading\" id=\"mise-en-garde-generale\">Og\u00f3lne ostrze\u017cenie<\/h2>\n\n<p>Reklamodawca nie ponosi odpowiedzialno\u015bci za szkody, kt\u00f3re mog\u0105 wynikn\u0105\u0107 z dost\u0119pu do strony lub jej u\u017cytkowania, w tym za wszelkie uszkodzenia lub wirusy, kt\u00f3re mog\u0105 zainfekowa\u0107 Pa\u0144stwa sprz\u0119t komputerowy lub inne mienie. Mimo \u017ce reklamodawca dok\u0142ada wszelkich stara\u0144, aby aktualizowa\u0107 dok\u0142adne informacje publikowane na stronie, nie ponosi on odpowiedzialno\u015bci za jakiekolwiek b\u0142\u0119dy lub pomini\u0119cia.<\/p>\n\n<h2 class=\"wp-block-heading\" id=\"exclusion-de-responsabilite-et-indemnisation\">Wy\u0142\u0105czenie odpowiedzialno\u015bci i odszkodowanie<\/h2>\n\n<p>Reklamodawca ani \u017cadna inna strona zaanga\u017cowana w funkcjonowanie strony nie ponosi odpowiedzialno\u015bci za szkody bezpo\u015brednie, po\u015brednie lub inne, kt\u00f3re mog\u0105 wynikn\u0105\u0107 z dost\u0119pu do strony, jej u\u017cytkowania lub informacji na niej zawartych. Zobowi\u0105zuj\u0105 si\u0119 Pa\u0144stwo do zrekompensowania, obrony i zabezpieczenia reklamodawcy i jego sp\u00f3\u0142ek zale\u017cnych, a tak\u017ce jego administrator\u00f3w, dyrektor\u00f3w, pracownik\u00f3w, przedstawicieli, licencjobiorc\u00f3w lub kogokolwiek zaanga\u017cowanego w tworzenie, produkcj\u0119 i dystrybucj\u0119 strony, przed wszelkimi roszczeniami, odpowiedzialno\u015bci\u0105, kosztami i wydatkami wynikaj\u0105cymi z naruszenia niniejszych warunk\u00f3w u\u017cytkowania lub w zwi\u0105zku z korzystaniem przez Pa\u0144stwa ze strony.<\/p>\n\n<h2 class=\"wp-block-heading\" id=\"informations-personnelles\">Dane osobowe<\/h2>\n\n<p>Dane osobowe definiuje si\u0119 jako &#8222;informacje umo\u017cliwiaj\u0105ce, w jakiejkolwiek formie, bezpo\u015brednio lub po\u015brednio, identyfikacj\u0119 os\u00f3b fizycznych, kt\u00f3rych dotycz\u0105&#8221; (wyci\u0105g z art. 4 ustawy nr 78-17 z dnia 6 stycznia 1978 r.).<\/p>\n\n<p>Na przyk\u0142ad :<\/p>\n\n<ul class=\"wp-block-list\">\n<li>nazwa,<\/li>\n\n\n\n<li>adres pocztowy,<\/li>\n\n\n\n<li>numer telefonu,<\/li>\n\n\n\n<li>adres e-mail.<\/li>\n<\/ul>\n\n<p>Pliki cookie s\u0105 u\u017cywane do automatycznego konfigurowania witryny podczas logowania i wst\u0119pnego wybierania informacji.<\/p>\n\n<p>Oznacza to, \u017ce konfiguracja witryny jest powi\u0105zana z komputerem u\u017cytkownika, dzi\u0119ki czemu ka\u017cda osoba korzystaj\u0105ca z komputera u\u017cytkownika ma witryn\u0119 skonfigurowan\u0105 w ten sam spos\u00f3b.<\/p>\n\n<h2 class=\"wp-block-heading\" id=\"utilisation-de-vos-donnees-personnelles-communication-a-des-tiers\">Wykorzystanie danych osobowych u\u017cytkownika &#8211; Ujawnienie osobom trzecim<\/h2>\n\n<p>Korzystaj\u0105c z tej strony, wyra\u017caj\u0105 Pa\u0144stwo zgod\u0119 na wykorzystywanie przez nasz\u0105 stron\u0119 Pa\u0144stwa danych osobowych, kt\u00f3re Pa\u0144stwo przekazali lub kt\u00f3re s\u0105 zbierane w ramach funkcjonowania strony. Dane te s\u0105 niezb\u0119dne do wysy\u0142ania Pa\u0144stwu biuletyn\u00f3w informacyjnych oraz umo\u017cliwienia korzystania z niekt\u00f3rych us\u0142ug oferowanych przez t\u0119 stron\u0119.<\/p>\n\n<p>Zgodnie z ustaw\u0105 z dnia 6 stycznia 1978 r. przys\u0142uguje Pa\u0144stwu prawo dost\u0119pu, sprostowania lub sprzeciwu wobec zebranych danych osobowych, kt\u00f3re Pa\u0144stwa dotycz\u0105. Prawa te mog\u0105 by\u0107 wykonywane poprzez wys\u0142anie do nas wiadomo\u015bci e-mail lub listu na adres reklamodawcy.<\/p>\n\n<p>Informujemy, \u017ce automatycznie zbieramy, w ramach funkcjonowania strony, informacje dotycz\u0105ce w szczeg\u00f3lno\u015bci stron, kt\u00f3re Pa\u0144stwa najbardziej interesuj\u0105, w celu sporz\u0105dzenia na podstawie tych informacji analiz i statystyk, aby lepiej pozna\u0107 Pa\u0144stwa \u017cyczenia i zainteresowania. W ten spos\u00f3b, i z zastrze\u017ceniem poni\u017cszych warunk\u00f3w, b\u0119dziemy mogli wysy\u0142a\u0107 Pa\u0144stwu ukierunkowane informacje zgodnie z Pa\u0144stwa zainteresowaniami. W tym celu mo\u017cemy u\u017cywa\u0107 plik\u00f3w cookie.<\/p>\n\n<p>Mo\u017cemy przekazywa\u0107, z wyj\u0105tkiem Pa\u0144stwa adresu e-mail, zebrane w ten spos\u00f3b dane osobowe wszystkim wybranym przez nas osobom trzecim, takim jak nasi dostawcy us\u0142ug lub kontrahenci, kt\u00f3rzy przyczyniaj\u0105 si\u0119 do \u015bwiadczenia oferowanych us\u0142ug. Przekazanie tych informacji dostawcom i us\u0142ugodawcom mo\u017ce by\u0107 niezb\u0119dne do realizacji \u015bwiadcze\u0144. Mog\u0105 Pa\u0144stwo wyra\u017anie sprzeciwi\u0107 si\u0119 przekazywaniu Pa\u0144stwa danych osobom trzecim, wysy\u0142aj\u0105c wiadomo\u015b\u0107 e-mail i\/lub list na adres reklamodawcy.<\/p>\n\n<h2 class=\"wp-block-heading\" id=\"concernant-votre-adresse-e-mail\">Odno\u015bnie adresu e-mail<\/h2>\n\n<p>Przekazuj\u0105c nam sw\u00f3j adres e-mail, reklamodawca zastrzega sobie mo\u017cliwo\u015b\u0107 wysy\u0142ania Pa\u0144stwu drog\u0105 e-mailow\u0105 biuletyn\u00f3w informacyjnych oraz wszelkich informacji dotycz\u0105cych naszych produkt\u00f3w i us\u0142ug. Je\u015bli nie chc\u0105 Pa\u0144stwo otrzymywa\u0107 takich wiadomo\u015bci, mog\u0105 Pa\u0144stwo w ka\u017cdej chwili zrezygnowa\u0107 z subskrypcji, klikaj\u0105c w odpowiedni link, dost\u0119pny w ka\u017cdej wysy\u0142anej wiadomo\u015bci.<\/p>\n\n<p>Ponadto, mo\u017cemy przekaza\u0107 Pa\u0144stwa adres e-mail osobom trzecim, kt\u00f3re mog\u0105 wysy\u0142a\u0107 Pa\u0144stwu niezam\u00f3wione wiadomo\u015bci e-mail, kt\u00f3re mog\u0105 Pa\u0144stwa zainteresowa\u0107. W ka\u017cdej chwili mog\u0105 Pa\u0144stwo skontaktowa\u0107 si\u0119 z nami, w szczeg\u00f3lno\u015bci drog\u0105 e-mailow\u0105, aby poprosi\u0107 o zaprzestanie takiego przekazywania Pa\u0144stwa adresu e-mail.<\/p>\n\n<p>Zgodnie z prawem francuskim informacje te mog\u0105 zosta\u0107 ujawnione przez reklamodawc\u0119 ka\u017cdej osobie fizycznej, prawnej lub organowi administracyjnemu, kt\u00f3ry mo\u017ce o to poprosi\u0107.<\/p>\n\n<p>Wreszcie, reklamodawca tworzy na podstawie danych u\u017cytkownik\u00f3w (informacji osobowych lub nieosobowych) analizy statystyczne na w\u0142asne potrzeby. Dane wynikaj\u0105ce z tych analiz s\u0105 zagregowane i ca\u0142kowicie anonimowe, reklamodawca mo\u017ce je ewentualnie odst\u0105pi\u0107 lub sprzeda\u0107 osobom trzecim.<\/p>\n\n<h2 class=\"wp-block-heading\" id=\"abonnement-a-la-newsletter-l-annonceur\">Subskrypcja biuletynu reklamodawcy<\/h2>\n\n<p>Za po\u015brednictwem strony mo\u017cna zapisa\u0107 si\u0119 do newslettera reklamodawcy.<\/p>\n\n<p>Ten biuletyn ma na celu informowanie o us\u0142ugach i nowych produktach reklamodawcy.<\/p>\n\n<p>U\u017cytkownik mo\u017ce w dowolnym momencie poinformowa\u0107 dan\u0105 witryn\u0119 poczt\u0105 elektroniczn\u0105, \u017ce nie chce ju\u017c otrzymywa\u0107 biuletynu, klikaj\u0105c opcj\u0119 &#8222;Anuluj subskrypcj\u0119&#8221; lub inne podobne oznaczenie.<\/p>\n\n<p>Warunki korzystania z Pa\u0144stwa danych osobowych b\u0119d\u0105 zgodne z warunkami danej strony. W zwi\u0105zku z tym prosimy o zapoznanie si\u0119 z tymi warunkami, znajduj\u0105cymi si\u0119 na danej stronie.<\/p>\n\n<h2 class=\"wp-block-heading\" id=\"liens-externes\">Linki zewn\u0119trzne<\/h2>\n\n<p>Reklamodawca oferuje linki ze swojej strony do innych stron afiliowanych i nieafiliowanych. Strony te s\u0105 niezale\u017cne od strony. Reklamodawca nie redaguje ani nie kontroluje tych stron. Linki do wszelkich stron w \u017cadnym wypadku nie stanowi\u0105 aprobaty ani partnerstwa mi\u0119dzy reklamodawc\u0105 a tymi stronami. W zwi\u0105zku z tym reklamodawca nie ponosi odpowiedzialno\u015bci za ich tre\u015bci, produkty, reklamy ani wszelkie elementy lub us\u0142ugi prezentowane na tych stronach. Przypominamy, \u017ce strony afiliowane lub nieafiliowane podlegaj\u0105 w\u0142asnym warunkom u\u017cytkowania i politykom ochrony prywatno\u015bci.<\/p>\n\n<h2 class=\"wp-block-heading\" id=\"droit-applicable\">Prawo w\u0142a\u015bciwe<\/h2>\n\n<p>Niniejsza witryna podlega prawu francuskiemu.<\/p>\n\n<h2 class=\"wp-block-heading\" id=\"modification-des-conditions\">Modyfikacja warunk\u00f3w<\/h2>\n\n<p>Reklamodawca zastrzega sobie prawo do modyfikowania lub, bardziej og\u00f3lnie, aktualizowania niniejszych og\u00f3lnych warunk\u00f3w w dowolnym momencie i bez uprzedzenia. Dlatego zach\u0119camy do regularnego zapoznawania si\u0119 z nimi.<\/p>\n\n<h2 class=\"wp-block-heading\" id=\"comment-nous-contacter-si-vous-avez-des-questions-sur-cette-charte\">Jak mo\u017cesz si\u0119 z nami skontaktowa\u0107, je\u015bli masz jakiekolwiek pytania dotycz\u0105ce tej karty?<\/h2>\n\n<p>Poniewa\u017c celem niniejszej karty jest ochrona prywatno\u015bci u\u017cytkownika, b\u0119dziemy wdzi\u0119czni za przekazanie nam swoich \u017cycze\u0144 i uwag.<\/p>\n\n<p>Je\u015bli wydaje si\u0119 Pa\u0144stwu, \u017ce Pa\u0144stwa dane nie by\u0142y przetwarzane zgodnie z Pa\u0144stwa \u017cyczeniami podczas wizyty na tej stronie, prosimy o poinformowanie nas o tym. Odpowiemy Pa\u0144stwu tak szybko, jak to mo\u017cliwe.<\/p>\n\n<p>Je\u015bli w przysz\u0142o\u015bci u\u017cytkownik nie \u017cyczy sobie kontaktu po wizycie na tej stronie lub je\u015bli chce sprawdzi\u0107, poprawi\u0107 lub zaktualizowa\u0107 jakiekolwiek dane osobowe, kt\u00f3re nam przekaza\u0142, prosimy o napisanie <a href=\"https:\/\/obera.fr\/pl\/contact\/\" data-type=\"page\" data-id=\"124\">do nas<\/a>.<\/p>\n\n<p>Ostatnio zmodyfikowano 24 kwietnia 2017 r.<\/p>\n","protected":false},"excerpt":{"rendered":"<p>Reklamodawca Niniejsza strona internetowa jest publikowana i udost\u0119pniana przez oberA, z kapita\u0142em w wysoko\u015bci 20 000 EUR, z siedzib\u0105 pod adresem 4 Rue Denis Papin 67400 Illkirch-Graffenstaden, pod numerem SIRET 832 913 487 00027, kod NAF 4674B. Celem strony jest dostarczenie Pa\u0144stwu informacji o reklamodawcy oraz link\u00f3w do r\u00f3\u017cnych stron internetowych. Strona jest w\u0142asno\u015bci\u0105 reklamodawcy. Ta strona jest hostowana przez Nazwa hosta: o2switch SAS z kapita\u0142em \u20ac100,000, Adres: Chemin des Pardiaux, 63000 Clermont-Ferrand, SIRET: 510 909 807 00032 RCS Clermont Ferrand Poszanowanie praw w\u0142asno\u015bci i znak\u00f3w towarowych Wszystkie elementy, kt\u00f3re Pa\u0144stwo widz\u0105, s\u0142ysz\u0105 lub czytaj\u0105 na stronie, jak r\u00f3wnie\u017c sama &#8230; <\/p>\n<p class=\"read-more-container\"><a title=\"Informacje prawne\" class=\"read-more button\" href=\"https:\/\/obera.fr\/pl\/mentions-legales\/#more-63958\" aria-label=\"Dowiedz si\u0119 wi\u0119cej o Informacje prawne\">Lire la suite<\/a><\/p>\n","protected":false},"author":4,"featured_media":103625,"parent":0,"menu_order":0,"comment_status":"closed","ping_status":"closed","template":"","meta":{"_acf_changed":false,"_seopress_robots_primary_cat":"","_seopress_titles_title":"Mentions l\u00e9gales oberA.fr","_seopress_titles_desc":"Ce site est \u00e9dit\u00e9 et vous est propos\u00e9 par oberA, au capital de 20 000 \u20ac sous le num\u00e9ro SIRET 832 913 487 00019, code NAF 282514.","_seopress_robots_index":"yes","footnotes":""},"class_list":{"0":"post-63958","1":"page","2":"type-page","3":"status-publish","4":"has-post-thumbnail","6":"no-featured-image-padding","7":"resize-featured-image"},"acf":[],"_links":{"self":[{"href":"https:\/\/obera.fr\/pl\/wp-json\/wp\/v2\/pages\/63958","targetHints":{"allow":["GET"]}}],"collection":[{"href":"https:\/\/obera.fr\/pl\/wp-json\/wp\/v2\/pages"}],"about":[{"href":"https:\/\/obera.fr\/pl\/wp-json\/wp\/v2\/types\/page"}],"author":[{"embeddable":true,"href":"https:\/\/obera.fr\/pl\/wp-json\/wp\/v2\/users\/4"}],"replies":[{"embeddable":true,"href":"https:\/\/obera.fr\/pl\/wp-json\/wp\/v2\/comments?post=63958"}],"version-history":[{"count":4,"href":"https:\/\/obera.fr\/pl\/wp-json\/wp\/v2\/pages\/63958\/revisions"}],"predecessor-version":[{"id":141531,"href":"https:\/\/obera.fr\/pl\/wp-json\/wp\/v2\/pages\/63958\/revisions\/141531"}],"wp:featuredmedia":[{"embeddable":true,"href":"https:\/\/obera.fr\/pl\/wp-json\/wp\/v2\/media\/103625"}],"wp:attachment":[{"href":"https:\/\/obera.fr\/pl\/wp-json\/wp\/v2\/media?parent=63958"}],"curies":[{"name":"wp","href":"https:\/\/api.w.org\/{rel}","templated":true}]}}