{"id":67284,"date":"2025-01-17T11:13:01","date_gmt":"2025-01-17T09:13:01","guid":{"rendered":"https:\/\/obera.fr\/produits\/depoussiereurs-industriels\/dustlight\/"},"modified":"2025-07-11T11:17:53","modified_gmt":"2025-07-11T09:17:53","slug":"dustlight","status":"publish","type":"page","link":"https:\/\/obera.fr\/pl\/produits\/depoussiereurs-industriels\/dustlight\/","title":{"rendered":"Przejmij kontrol\u0119 nad \u015brodowiskiem pracy dzi\u0119ki Dustlight"},"content":{"rendered":"\n<div class=\"wp-block-columns is-layout-flex wp-container-core-columns-is-layout-28f84493 wp-block-columns-is-layout-flex\">\n<div class=\"wp-block-column is-layout-flow wp-block-column-is-layout-flow\">\n<div class=\"wp-block-media-text has-media-on-the-right is-stacked-on-mobile\" style=\"grid-template-columns:auto 33%\"><div class=\"wp-block-media-text__content\">\n<p>OberA z dum\u0105 prezentuje <strong>Dustlight<\/strong>, innowacyjny r\u0119czny analizator przeznaczony do dok\u0142adnego wykrywania i analizy drobnego py\u0142u.  <\/p>\n\n\n\n<p>Kompaktowe, niezawodne i \u0142atwe w u\u017cyciu urz\u0105dzenie jest idealnym narz\u0119dziem dla profesjonalist\u00f3w i przemys\u0142owc\u00f3w, kt\u00f3rzy chc\u0105 monitorowa\u0107 jako\u015b\u0107 powietrza i identyfikowa\u0107 zawieszone cz\u0105stki.<\/p>\n<\/div><figure class=\"wp-block-media-text__media\"><img decoding=\"async\" src=\"https:\/\/lh7-rt.googleusercontent.com\/docsz\/AD_4nXePsRD5Y4gAIBhHibguQOn0U6fgzh-p6iUVppCy2PUUWG4S_QIvoTfNJeagK6httptlC4XtT9kmxghV9258tIgq2J0QFwvU7BowEB_Xe_4_rgzVdEW0mM97dpA7WZj9dGkQUsTtMadi1obMqCXsxII?key=QO8r7RmlolM9MhCfcv5-73XE\" alt=\"Zapobieganie zagro\u017ceniom zwi\u0105zanym z py\u0142em | Travail-emploi.gouv.fr | Minist\u00e8re du Travail, de la Sant\u00e9, des Solidarit\u00e9s et des Familles\"\/><\/figure><\/div>\n\n\n\n<div style=\"height:41px\" aria-hidden=\"true\" class=\"wp-block-spacer\"><\/div>\n\n\n\n<div class=\"wp-block-buttons is-content-justification-center is-layout-flex wp-container-core-buttons-is-layout-a89b3969 wp-block-buttons-is-layout-flex\">\n<div class=\"wp-block-button\"><a class=\"wp-block-button__link has-text-align-center wp-element-button\" href=\"https:\/\/obera.fr\/formulaire-dustlight\/\">BEZP\u0141ATNY 20-DNIOWY TEST<\/a><\/div>\n<\/div>\n<\/div>\n<\/div>\n\n<p><\/p>\n\n<p><\/p>\n\n<h2 class=\"wp-block-heading\">Chro\u0144 si\u0119 przed niewidocznym zagro\u017ceniem py\u0142em respirabilnym w miejscu pracy<\/h2>\n\n<figure class=\"wp-block-image aligncenter is-resized\"><img decoding=\"async\" src=\"https:\/\/lh7-rt.googleusercontent.com\/docsz\/AD_4nXcOS0Hfg67TC29tD0YKTlwhEbY82uCB9DoKqHN4byLMiiWnWb6_cUR2kTh4CxjF9WQI7qzrJx1chS1E8L9qU3zGeBgcCaStWF9a7mYnCr73_ylzp9tDc1LItbkRpO8_Eg6aBoXNFQRLSfcDQnw1RmM?key=QO8r7RmlolM9MhCfcv5-73XE\" alt=\"Obraz zawieraj&#x105;cy tekst, Urz&#x105;dzenia elektroniczne, Urz&#x105;dzenia elektroniczne, Zrzut ekranu&#10;&#10;Automatycznie wygenerowany opis\" style=\"width:617px;height:auto\"\/><figcaption class=\"wp-element-caption\"><strong>Przeno\u015bny analizator drobnego py\u0142u<\/strong><\/figcaption><\/figure>\n\n<p>U\u017cyj urz\u0105dzenia pomiarowego Dustlight, aby dok\u0142adnie zmierzy\u0107 st\u0119\u017cenie py\u0142u  <\/p>\n\n<p>w \u015brodowiskach przemys\u0142owych i chroni\u0107 zdrowie swoje i swoich pracownik\u00f3w.<\/p>\n\n<p><\/p>\n\n<p>Respirabilny drobny py\u0142 mo\u017ce powodowa\u0107 powa\u017cne problemy zdrowotne, takie jak choroby uk\u0142adu oddechowego, uk\u0142adu kr\u0105\u017cenia i nowotwory.<\/p>\n\n<p><\/p>\n\n<p>Dzi\u0119ki <strong>Dustlight<\/strong> mo\u017cna skutecznie zminimalizowa\u0107 to ryzyko, mierz\u0105c nara\u017cenie na py\u0142 i podejmuj\u0105c odpowiednie \u015brodki ochronne.<\/p>\n\n<p><\/p>\n\n<p><strong>Dustlight<\/strong> mierzy ekspozycj\u0119 na py\u0142 co sekund\u0119.  <\/p>\n\n<p>Warto\u015bci te mo\u017cna przegl\u0105da\u0107 w aplikacji na smartfony i w aplikacji internetowej, a tak\u017ce pobra\u0107 w formie raportu.  <\/p>\n\n<p><\/p>\n\n<h2 class=\"wp-block-heading\">Stw\u00f3rz bezpieczne \u015brodowisko pracy i zainwestuj w zdrowie swoich pracownik\u00f3w dzi\u0119ki monitorowi zapylenia Dustlight.<\/h2>\n\n<p><\/p>\n\n<p><strong>Wystarczy go w\u0142\u0105czy\u0107 i pracowa\u0107 w ca\u0142kowicie bezpieczny spos\u00f3b!<\/strong><\/p>\n\n<p><\/p>\n\n<ul class=\"wp-block-list\">\n<li><strong>Mapowanie i monitorowanie st\u0119\u017cenia py\u0142\u00f3w w czasie rzeczywistym<\/strong>: <strong>PM10, PM2,5 i PM1 <\/strong> <\/li>\n\n\n\n<li><strong>Szybkie ostrzeganie ludzi o konieczno\u015bci noszenia \u015brodk\u00f3w ochrony dr\u00f3g oddechowych<\/strong><\/li>\n\n\n\n<li><strong>Uwidocznienie ryzyka nara\u017cenia na niebezpieczne py\u0142y (CMR)<\/strong><\/li>\n\n\n\n<li><strong>Identyfikowanie \u017ar\u00f3de\u0142 zanieczyszcze\u0144 i uwidacznianie ich, aby mo\u017cna by\u0142o skuteczniej z nimi walczy\u0107.<\/strong><\/li>\n\n\n\n<li><strong>Ochrona operator\u00f3w w fabrykach i na placach budowy<\/strong><\/li>\n\n\n\n<li><strong>Identyfikacja py\u0142u respirabilnego<\/strong><\/li>\n\n\n\n<li><strong>Przewidywanie \u015brodk\u00f3w regulacyjnych<\/strong><\/li>\n\n\n\n<li><strong>Weryfikacja wdro\u017conego rozwi\u0105zania<\/strong><\/li>\n<\/ul>\n\n<div class=\"wp-block-media-text has-media-on-the-right is-stacked-on-mobile\" style=\"grid-template-columns:auto 20%\"><div class=\"wp-block-media-text__content\">\n<p class=\"has-text-align-center\"><strong>Innowacyjne rozwi\u0105zanie  <\/strong><\/p>\n\n\n\n<p class=\"has-text-align-center\"><strong>Pomaga identyfikowa\u0107 krytyczne sytuacje w czasie rzeczywistym,<\/strong> <strong>pomagaj\u0105c chroni\u0107<\/strong> <strong>zdrowie pracownik\u00f3w: ZAPOBIEGANIE <\/strong> <\/p>\n<\/div><figure class=\"wp-block-media-text__media\"><img decoding=\"async\" src=\"https:\/\/lh7-rt.googleusercontent.com\/docsz\/AD_4nXeMFP13jbj-PgQg3zsXKleNzM21nevJo4ZMdadvv0-GNt5HN84xZQB6mAnWebn-wFPR-rT_1JpVNez2htbLY9d4Ve75JkuKUHIqs0fLQs9OeMiTljWOFxzfyO-fptezwx-JAYi4g5NCkfxQYE6Rrw?key=QO8r7RmlolM9MhCfcv5-73XE\" alt=\"Click Fast - Pasek na klatk\u0119 piersiow\u0105\"\/><\/figure><\/div>\n\n<h3 class=\"wp-block-heading\">Prosty, niezawodny i wytrzyma\u0142y<\/h3>\n\n<p>Natychmiastowe wykrywanie: wysoce skuteczny i dok\u0142adny pomiar.<\/p>\n\n<p>Szybka ocena zapylenia z kolorowym wy\u015bwietlaczem i ostrze\u017ceniem d\u017awi\u0119kowym.<\/p>\n\n<p>System sygnalizacji \u015bwietlnej, kt\u00f3ry zapewnia szybkie i wyra\u017ane wskazanie przekroczenia warto\u015bci granicznych, dzi\u0119ki czemu mo\u017cna podj\u0105\u0107 natychmiastowe dzia\u0142ania.<\/p>\n\n<h3 class=\"wp-block-heading\">Obszary zastosowa\u0144<\/h3>\n\n<ul class=\"wp-block-list\">\n<li>Przemys\u0142 drzewny: specjalny algorytm pomiaru py\u0142u z drewna twardego i mi\u0119kkiego<\/li>\n\n\n\n<li>Spawanie: monitorowanie dym\u00f3w spawalniczych i py\u0142u metalicznego.<\/li>\n\n\n\n<li>Pomiar odpowiedni dla substancji takich jak krzemionka i proszki<\/li>\n\n\n\n<li>Przemys\u0142 spo\u017cywczy<\/li>\n\n\n\n<li>Konfigurowalne dla konkretnych zastosowa\u0144<\/li>\n<\/ul>\n\n<h3 class=\"wp-block-heading\">Technologia i innowacje<\/h3>\n\n<ul class=\"wp-block-list\">\n<li>Laserowy czujnik fotometryczny<\/li>\n\n\n\n<li>Szybkie i dok\u0142adne wykrywanie cz\u0105stek<\/li>\n\n\n\n<li>Ochrona czujnika<\/li>\n\n\n\n<li>Filtrowany przep\u0142yw powietrza i automatyczny system czyszczenia zapewniaj\u0105 d\u0142u\u017csz\u0105 \u017cywotno\u015b\u0107.<\/li>\n<\/ul>\n\n<h3 class=\"wp-block-heading\">Przetestowane i zatwierdzone<\/h3>\n\n<p>Zatwierdzony przez Instytut Bada\u0144 nad Substancjami Niebezpiecznymi (IGF)  <\/p>\n\n<p><\/p>\n\n<figure class=\"wp-block-image aligncenter is-resized\"><img decoding=\"async\" src=\"https:\/\/lh7-rt.googleusercontent.com\/docsz\/AD_4nXdpqfRaq3oGk9dAXgZ7x3rjs5SzASfAHYKydUkBgvmnTjZ5JgpSdlKbZKnVxPfWPOjTUifc5SLMAcyDv4ciV6yYT5AQcLkpX61KeDgoaoVP7TC-bwCWL_w0JA6woMYYZDAlgg7ewWyzWQmlIVx4LA?key=QO8r7RmlolM9MhCfcv5-73XE\" alt=\"Urz&#x105;dzenie do pomiaru py&#x142;u respirabilnego Dustlight do monitorowania jako&#x15B;ci powietrza w miejscu pracy, wytrzyma&#x142;e i przeno&#x15B;ne do u&#x17C;ytku przemys&#x142;owego. Zielona dioda LED wskazuje nara&#x17C;enie na py&#x142; poni&#x17C;ej warto&#x15B;ci progowej. \" style=\"width:458px;height:auto\"\/><\/figure>\n\n<h2 class=\"wp-block-heading\">Najwa\u017cniejsze cechy<\/h2>\n\n<h3 class=\"wp-block-heading\">Precyzyjne pomiary<\/h3>\n\n<p>Monitorowanie py\u0142u PM10, PM2,5 i PM1 z rozdzielczo\u015bci\u0105 1 \u00b5g\/m\u00b3.<\/p>\n\n<h3 class=\"wp-block-heading\">Wizualny system ostrzegania  <\/h3>\n\n<ul class=\"wp-block-list\">\n<li>Wy\u015bwietlacz LED i sygna\u0142 \u015bwietlny (zielony, \u017c\u00f3\u0142ty, czerwony) w oparciu o warto\u015bci graniczne<\/li>\n\n\n\n<li>TRGS 900 (odpowiednik VLEP w Niemczech)<\/li>\n\n\n\n<li>Wy\u015bwietlanie bie\u017c\u0105cego obci\u0105\u017cenia py\u0142em respirabilnym<\/li>\n\n\n\n<li>\u017bywotno\u015b\u0107 baterii do 40 godzin (tryb eco) + stan na\u0142adowania<\/li>\n<\/ul>\n\n<h3 class=\"wp-block-heading\">Solidno\u015b\u0107<\/h3>\n\n<ul class=\"wp-block-list\">\n<li>Zaawansowany sprz\u0119t do ochrony przed py\u0142em  <\/li>\n\n\n\n<li>dla maksymalnej \u017cywotno\u015bci (filtry wst\u0119pne, filtrowane powietrze, samooczyszczanie)<\/li>\n\n\n\n<li>Opatentowany system ochrony dla stale czystych czujnik\u00f3w<\/li>\n\n\n\n<li>Py\u0142oszczelne gniazdo \u0142adowania<\/li>\n<\/ul>\n\n<h3 class=\"wp-block-heading\">Monta\u017c modu\u0142owy<\/h3>\n\n<ul class=\"wp-block-list\">\n<li>Opatentowany system adaptacji Klick-Fast (klips, pasek na rzep, \u0142atka)<\/li>\n<\/ul>\n\n<h3 class=\"wp-block-heading\">Dane techniczne<\/h3>\n\n<ul class=\"wp-block-list\">\n<li>Wymiary: 69 x 69 x 32,5 mm (bez klipsa)<\/li>\n\n\n\n<li>Waga: 149 g<\/li>\n\n\n\n<li>Bateria: litowo-jonowa, a<\/li>\n\n\n\n<li>Stopie\u0144 ochrony: IP4X<\/li>\n\n\n\n<li>Temperatura pracy : -10 do +50 \u00b0C<\/li>\n\n\n\n<li>Zakres pomiarowy: 0 &#8211; 10 000 \u00b5g\/m\u00b3.<\/li>\n\n\n\n<li>Us\u0142ugi powi\u0105zane<\/li>\n\n\n\n<li>Specyficzne konfiguracje: Dostosowanie do okre\u015blonych \u015brodowisk  <\/li>\n\n\n\n<li>(np. drewno, spawanie).<\/li>\n\n\n\n<li>Konserwacja: Coroczny serwis obejmuj\u0105cy czyszczenie, ponown\u0105 kalibracj\u0119 i aktualizacj\u0119 oprogramowania.<\/li>\n<\/ul>\n\n<h2 class=\"wp-block-heading\">Dustlight jest teraz dost\u0119pny za po\u015brednictwem nowej aplikacji internetowej i aplikacji na smartfony.  <\/h2>\n\n<ul class=\"wp-block-list\">\n<li>Najnowocze\u015bniejsza technologia pomiarowa rejestruj\u0105ca poziom zapylenia z dok\u0142adno\u015bci\u0105 co do sekundy.  <\/li>\n\n\n\n<li>Zintegrowany system ostrzegania pomagaj\u0105cy spe\u0142ni\u0107 normy jako\u015bci powietrza<\/li>\n\n\n\n<li>Indywidualne dostosowanie warto\u015bci granicznych w aplikacji i aplikacji internetowej<\/li>\n\n\n\n<li>D\u017awi\u0119kowe i kolorowe ostrze\u017cenia po przekroczeniu ustawionych przez u\u017cytkownika warto\u015bci granicznych, co umo\u017cliwia podj\u0119cie decyzji na wczesnym etapie.<\/li>\n\n\n\n<li>Zaawansowane raportowanie i analiza danych &#8211; bezpo\u015brednie pobieranie raport\u00f3w oceny ryzyka &#8211; wa\u017cne wsparcie dla raportowania ESG.\n<ul class=\"wp-block-list\">\n<li>Format CSV lub PDF<\/li>\n<\/ul>\n<\/li>\n<\/ul>\n\n<figure class=\"wp-block-image aligncenter is-resized\"><img decoding=\"async\" src=\"https:\/\/lh7-rt.googleusercontent.com\/docsz\/AD_4nXfpUeAu-RQ97rEMo0ogKOvI3id8fXZbwSMJwAgs-GtmaJ_Q5nyjpb40R12sTCs5kSWbL5tB4dLEl37jMKzpdX0-E-_fW3yQnN7Lb1c_7lYFSPlGmw0UjR5Ubi1ZHw8JTmPjIJIIkzYCGP9bS9qSE6Y?key=QO8r7RmlolM9MhCfcv5-73XE\" alt=\"Obraz zawieraj&#x105;cy tekst, multimedia, urz&#x105;dzenia elektroniczne, oprogramowanie&#10;&#10;Opis wygenerowany automatycznie\" style=\"width:800px;height:auto\"\/><\/figure>\n\n<p class=\"has-text-align-center\"><strong>Zam\u00f3w Dustlight ju\u017c dzi\u015b  <\/strong><\/p>\n\n<p class=\"has-text-align-center\"><strong>i zagwarantowa\u0107 bezpieczniejsze \u015brodowisko pracy!<\/strong><\/p>\n\n<div class=\"wp-block-buttons is-content-justification-center is-layout-flex wp-container-core-buttons-is-layout-a89b3969 wp-block-buttons-is-layout-flex\">\n<div class=\"wp-block-button\"><a class=\"wp-block-button__link has-text-align-center wp-element-button\" href=\"https:\/\/obera.fr\/formulaire-dustlight\/\">BEZP\u0141ATNY 20-DNIOWY TEST<\/a><\/div>\n<\/div>\n","protected":false},"excerpt":{"rendered":"<p>OberA z dum\u0105 prezentuje Dustlight, innowacyjny r\u0119czny analizator przeznaczony do dok\u0142adnego wykrywania i analizy drobnego py\u0142u. Kompaktowe, niezawodne i \u0142atwe w u\u017cyciu urz\u0105dzenie jest idealnym narz\u0119dziem dla profesjonalist\u00f3w i przemys\u0142owc\u00f3w, kt\u00f3rzy chc\u0105 monitorowa\u0107 jako\u015b\u0107 powietrza i identyfikowa\u0107 zawieszone cz\u0105stki. Chro\u0144 si\u0119 przed niewidocznym zagro\u017ceniem py\u0142em respirabilnym w miejscu pracy U\u017cyj urz\u0105dzenia pomiarowego Dustlight, aby dok\u0142adnie zmierzy\u0107 st\u0119\u017cenie py\u0142u w \u015brodowiskach przemys\u0142owych i chroni\u0107 zdrowie swoje i swoich pracownik\u00f3w. Respirabilny drobny py\u0142 mo\u017ce powodowa\u0107 powa\u017cne problemy zdrowotne, takie jak choroby uk\u0142adu oddechowego, uk\u0142adu kr\u0105\u017cenia i nowotwory. Dzi\u0119ki Dustlight mo\u017cna skutecznie zminimalizowa\u0107 to ryzyko, mierz\u0105c nara\u017cenie na py\u0142 i podejmuj\u0105c odpowiednie \u015brodki &#8230; <\/p>\n<p class=\"read-more-container\"><a title=\"Przejmij kontrol\u0119 nad \u015brodowiskiem pracy dzi\u0119ki Dustlight\" class=\"read-more button\" href=\"https:\/\/obera.fr\/pl\/produits\/depoussiereurs-industriels\/dustlight\/#more-67284\" aria-label=\"Dowiedz si\u0119 wi\u0119cej o Przejmij kontrol\u0119 nad \u015brodowiskiem pracy dzi\u0119ki Dustlight\">Lire la suite<\/a><\/p>\n","protected":false},"author":4,"featured_media":103625,"parent":45669,"menu_order":0,"comment_status":"closed","ping_status":"closed","template":"","meta":{"_acf_changed":false,"_seopress_robots_primary_cat":"","_seopress_titles_title":"Przejmij kontrol\u0119 nad \u015brodowiskiem pracy dzi\u0119ki Dustlight","_seopress_titles_desc":"Odkryj Dustlight firmy OberA, dok\u0142adny i kompaktowy przeno\u015bny analizator do wykrywania drobnego py\u0142u. Idealny do monitorowania jako\u015bci powietrza. ","_seopress_robots_index":"","footnotes":""},"class_list":{"0":"post-67284","1":"page","2":"type-page","3":"status-publish","4":"has-post-thumbnail","6":"no-featured-image-padding","7":"resize-featured-image"},"acf":[],"_links":{"self":[{"href":"https:\/\/obera.fr\/pl\/wp-json\/wp\/v2\/pages\/67284","targetHints":{"allow":["GET"]}}],"collection":[{"href":"https:\/\/obera.fr\/pl\/wp-json\/wp\/v2\/pages"}],"about":[{"href":"https:\/\/obera.fr\/pl\/wp-json\/wp\/v2\/types\/page"}],"author":[{"embeddable":true,"href":"https:\/\/obera.fr\/pl\/wp-json\/wp\/v2\/users\/4"}],"replies":[{"embeddable":true,"href":"https:\/\/obera.fr\/pl\/wp-json\/wp\/v2\/comments?post=67284"}],"version-history":[{"count":3,"href":"https:\/\/obera.fr\/pl\/wp-json\/wp\/v2\/pages\/67284\/revisions"}],"predecessor-version":[{"id":67297,"href":"https:\/\/obera.fr\/pl\/wp-json\/wp\/v2\/pages\/67284\/revisions\/67297"}],"up":[{"embeddable":true,"href":"https:\/\/obera.fr\/pl\/wp-json\/wp\/v2\/pages\/45669"}],"wp:featuredmedia":[{"embeddable":true,"href":"https:\/\/obera.fr\/pl\/wp-json\/wp\/v2\/media\/103625"}],"wp:attachment":[{"href":"https:\/\/obera.fr\/pl\/wp-json\/wp\/v2\/media?parent=67284"}],"curies":[{"name":"wp","href":"https:\/\/api.w.org\/{rel}","templated":true}]}}