{"id":67376,"date":"2020-11-11T20:40:03","date_gmt":"2020-11-11T18:40:03","guid":{"rendered":"https:\/\/obera.fr\/serie-tk\/"},"modified":"2020-11-11T20:40:03","modified_gmt":"2020-11-11T18:40:03","slug":"serie-tk","status":"publish","type":"page","link":"https:\/\/obera.fr\/pl\/serie-tk\/","title":{"rendered":"Seria TK"},"content":{"rendered":"","protected":false},"excerpt":{"rendered":"","protected":false},"author":4,"featured_media":37419,"parent":0,"menu_order":0,"comment_status":"closed","ping_status":"closed","template":"","meta":{"_acf_changed":false,"_seopress_robots_primary_cat":"","_seopress_titles_title":"Seria TK: Ma\u0142e aspiratory do bezpo\u015bredniego zasysania","_seopress_titles_desc":"Ma\u0142e aspiratory z serii TK s\u0105 przeznaczone wy\u0142\u0105cznie do zasysania w warsztatach mechanicznych i zak\u0142adach metalurgicznych.","_seopress_robots_index":"","footnotes":""},"class_list":{"0":"post-67376","1":"page","2":"type-page","3":"status-publish","4":"has-post-thumbnail","6":"no-featured-image-padding","7":"resize-featured-image"},"acf":[],"_links":{"self":[{"href":"https:\/\/obera.fr\/pl\/wp-json\/wp\/v2\/pages\/67376","targetHints":{"allow":["GET"]}}],"collection":[{"href":"https:\/\/obera.fr\/pl\/wp-json\/wp\/v2\/pages"}],"about":[{"href":"https:\/\/obera.fr\/pl\/wp-json\/wp\/v2\/types\/page"}],"author":[{"embeddable":true,"href":"https:\/\/obera.fr\/pl\/wp-json\/wp\/v2\/users\/4"}],"replies":[{"embeddable":true,"href":"https:\/\/obera.fr\/pl\/wp-json\/wp\/v2\/comments?post=67376"}],"version-history":[{"count":0,"href":"https:\/\/obera.fr\/pl\/wp-json\/wp\/v2\/pages\/67376\/revisions"}],"wp:featuredmedia":[{"embeddable":true,"href":"https:\/\/obera.fr\/pl\/wp-json\/wp\/v2\/media\/37419"}],"wp:attachment":[{"href":"https:\/\/obera.fr\/pl\/wp-json\/wp\/v2\/media?parent=67376"}],"curies":[{"name":"wp","href":"https:\/\/api.w.org\/{rel}","templated":true}]}}