{"id":84250,"date":"2024-04-05T22:42:52","date_gmt":"2024-04-05T20:42:52","guid":{"rendered":"https:\/\/obera.fr\/produits\/aspirateurs-industriels\/w2-haute-filtration-polyvalence\/"},"modified":"2026-02-05T11:44:40","modified_gmt":"2026-02-05T09:44:40","slug":"w2-haute-filtration-polyvalence","status":"publish","type":"page","link":"https:\/\/obera.fr\/pl\/produits\/aspirateurs-industriels\/w2-haute-filtration-polyvalence\/","title":{"rendered":"Odkurzacz przemys\u0142owy W2"},"content":{"rendered":"\n<p>Kompaktowy i mobilny<a href=\"https:\/\/obera.fr\/pl\/produits\/aspirateurs-industriels\/\" data-type=\"page\" data-id=\"41\">odkurzacz przemys\u0142owy<\/a> W2 jest jednym z najbardziej wydajnych urz\u0105dze\u0144 na rynku, znanym ze swojej solidno\u015bci, wysokiej wydajno\u015bci filtracji i wydajno\u015bci.<\/p>\n\n\n\n<h2 class=\"wp-block-heading\">Odkurzacze przemys\u0142owe na mokro i sucho W2: jak dzia\u0142aj\u0105 i gdzie s\u0105 u\u017cywane?<\/h2>\n\n\n\n<div class=\"wp-block-columns is-layout-flex wp-container-core-columns-is-layout-28f84493 wp-block-columns-is-layout-flex\">\n<div class=\"wp-block-column is-layout-flow wp-block-column-is-layout-flow\" style=\"flex-basis:33.33%\">\n<figure class=\"wp-block-image size-full is-resized\"><img decoding=\"async\" width=\"711\" height=\"622\" src=\"https:\/\/obera.fr\/wp-content\/uploads\/2024\/10\/w2.png\" alt=\"Odkurzacze przemys\u0142owe\" class=\"wp-image-35424\" style=\"object-fit:cover;width:300px;height:300px\" srcset=\"https:\/\/obera.fr\/wp-content\/uploads\/2024\/10\/w2.png 711w, https:\/\/obera.fr\/wp-content\/uploads\/2024\/10\/w2-300x262.png 300w\" sizes=\"(max-width: 711px) 100vw, 711px\" \/><\/figure>\n<\/div>\n\n\n\n<div class=\"wp-block-column is-layout-flow wp-block-column-is-layout-flow\" style=\"flex-basis:66.66%\">\n<p>G\u0142\u00f3wn\u0105 zalet\u0105<strong>odkurzacza przemys\u0142owego W2 do pracy na mokro i sucho<\/strong> jest jego wszechstronno\u015b\u0107. Jego moc ssania oznacza, \u017ce mo\u017ce jednocze\u015bnie podnosi\u0107 i odkurza\u0107 materia\u0142y sta\u0142e i p\u0142ynne. Odkurzacz jest wyposa\u017cony w dwa jednofazowe silniki bocznikowe chronione przez solidn\u0105 stalow\u0105 g\u0142owic\u0119 silnika i d\u017awi\u0119koszczelne wn\u0119trze. Odkurzacz jest wyposa\u017cony w system separacji wody i kurzu, kt\u00f3ry odfiltrowuje ciecze od suchych cz\u0105stek. Odkurzone cz\u0105stki py\u0142u s\u0105 przechowywane w stalowym pojemniku, podczas gdy ciecze s\u0105 gromadzone w zbiorniku.    <\/p>\n\n\n\n<p>Odkurzacz przemys\u0142owy W2 jest idealny do <strong>czyszczenia<\/strong> i <strong>usuwania<\/strong> <strong>ma\u0142ych i \u015brednich ilo\u015bci py\u0142u<\/strong>. Jest r\u00f3wnie\u017c skuteczny w zasysaniu materia\u0142\u00f3w sta\u0142ych i p\u0142ynnych. Jego wszechstronno\u015b\u0107 sprawia, \u017ce jest idealny dla wszystkich rodzaj\u00f3w przemys\u0142u. Jest szczeg\u00f3lnie skuteczny w przemy\u015ble chemicznym, farmaceutycznym, spo\u017cywczym i m\u0142ynarskim, a tak\u017ce w piekarniach i czyszczeniu piekarnik\u00f3w.   <\/p>\n\n\n\n<div class=\"wp-block-columns is-layout-flex wp-container-core-columns-is-layout-28f84493 wp-block-columns-is-layout-flex\">\n<div class=\"wp-block-column is-layout-flow wp-block-column-is-layout-flow\">\n<div class=\"wp-block-buttons is-layout-flex wp-block-buttons-is-layout-flex\">\n<div class=\"wp-block-button\"><a class=\"wp-block-button__link wp-element-button\" href=\"https:\/\/obera.fr\/wp-content\/uploads\/2025\/06\/brochure-w2-en.pdf\">POBIERZ BROSZUR\u0118<\/a><\/div>\n<\/div>\n<\/div>\n\n\n\n<div class=\"wp-block-column is-layout-flow wp-block-column-is-layout-flow\">\n<div class=\"wp-block-buttons is-horizontal is-content-justification-center is-layout-flex wp-container-core-buttons-is-layout-03627597 wp-block-buttons-is-layout-flex\">\n<div class=\"wp-block-button has-custom-width wp-block-button__width-100\"><a class=\"wp-block-button__link wp-element-button\" href=\"https:\/\/obera.fr\/pl\/skontaktuj-sie-z-nami\/\">Dowiedz si\u0119 wi\u0119cej<\/a><\/div>\n<\/div>\n<\/div>\n\n\n\n<div class=\"wp-block-column is-layout-flow wp-block-column-is-layout-flow\">\n<div class=\"wp-block-buttons is-content-justification-center is-layout-flex wp-container-core-buttons-is-layout-a89b3969 wp-block-buttons-is-layout-flex\">\n<div class=\"wp-block-button btn-devis-source\"><a class=\"wp-block-button__link wp-element-button\" href=\"https:\/\/obera.fr\/pl\/devis\/\">Popro\u015b o wycen\u0119<\/a><\/div>\n<\/div>\n\n\n<script>\r\ndocument.addEventListener('DOMContentLoaded', function() {\r\n    \/\/ 1. On cherche le titre H1 de la page\r\n    var h1 = document.querySelector('h1');\r\n    var productTitle = h1 ? h1.innerText.trim() : \"\";\r\n\r\n    \/\/ 2. On cherche les boutons via la classe CSS .btn-devis-source\r\n    var buttons = document.querySelectorAll('.btn-devis-source a');\r\n\r\n    \/\/ 3. Si on a le titre et les boutons, on ajoute le param\u00e8tre\r\n    if (buttons.length > 0 && productTitle !== \"\") {\r\n        var encodedTitle = encodeURIComponent(productTitle);\r\n\r\n        buttons.forEach(function(btn) {\r\n            var currentHref = btn.getAttribute('href');\r\n            \r\n            \/\/ S\u00e9curit\u00e9 pour ne pas ajouter le param\u00e8tre 2 fois\r\n            if (currentHref.indexOf('sujet=') === -1) {\r\n                var separator = currentHref.indexOf('?') !== -1 ? '&' : '?';\r\n                var newLink = currentHref + separator + 'sujet=' + encodedTitle;\r\n                \r\n                btn.setAttribute('href', newLink);\r\n            }\r\n        });\r\n    }\r\n});\r\n<\/script><\/div>\n<\/div>\n<\/div>\n<\/div>\n\n\n\n<h2 class=\"wp-block-heading\">Odkurzacz przemys\u0142owy W2: wysoka filtracja, wysoka mobilno\u015b\u0107&#8230; wszystkie jego cechy techniczne<\/h2>\n\n\n\n<p>Odkurzacz przemys\u0142owy W2 nie ma czego zazdro\u015bci\u0107 wi\u0119kszym modelom:<strong> jego moc ssania i powierzchnia filtruj\u0105ca 20 000 cm2<\/strong> zapewniaj\u0105 temu sprz\u0119towi wysok\u0105 filtracj\u0119, a tak\u017ce du\u017c\u0105 mobilno\u015b\u0107. Dzi\u0119ki przep\u0142ywowi powietrza na poziomie 360 m3\/h, odkurzacz gwarantuje zwi\u0119kszon\u0105 filtracj\u0119 w celu poprawy jako\u015bci powietrza wok\u00f3\u0142 Ciebie i szybszego usuwania zanieczyszcze\u0144.   <\/p>\n\n\n\n<p>Wyposa\u017cony w poliestrowy filtr workowy o \u015brednicy 420 mm i konstrukcj\u0119 ze stali przemys\u0142owej (silnik, komora filtra, pojemnik i rama), sprz\u0119t zapewnia maksymaln\u0105 trwa\u0142o\u015b\u0107. Jego dwa jednofazowe silniki s\u0105 przystosowane do pracy ci\u0105g\u0142ej, 24\/7. Kolejn\u0105 zalet\u0105 jest to, \u017ce odkurzacz posiada system odblokowuj\u0105cy, kt\u00f3ry usuwa nagromadzone materia\u0142y i zapobiega zatykaniu si\u0119 urz\u0105dzenia.<\/p>\n\n\n\n<p>Kolejna istotna cecha techniczna: skuteczno\u015b\u0107 filtracji do 3 mikron\u00f3w i filtr kieszeniowy, kt\u00f3ry zapewnia wysok\u0105 retencj\u0119 kurzu, gwarantuj\u0105 odkurzaczowi W2 czysto\u015b\u0107 wyrzucanego powietrza.<\/p>\n\n\n\n<p>Odkurzacz do pracy na mokro i sucho W2 jest dostarczany z <strong>akcesoriami przeznaczonymi dla profesjonalist\u00f3w<\/strong> (elastyczny w\u0105\u017c ss\u0105cy, szczotki, dysza, adaptery).<\/p>\n\n\n\n<blockquote class=\"wp-block-quote is-layout-flow wp-block-quote-is-layout-flow\">\n<p>Opcje: Odkurzacz przemys\u0142owy W2 jest dost\u0119pny w wersji dla <strong>strefy ATEX<\/strong> 22 do bezpiecznego czyszczenia w \u015brodowiskach generuj\u0105cych py\u0142y wybuchowe. Mo\u017ce by\u0107 r\u00f3wnie\u017c wyposa\u017cony w filtry nomex (odporne na temperatur\u0119 do 250\u00b0), Hepa H14, PTFE klasy M, teflon wodno-oleofobowy klasy L, M lub M. W zale\u017cno\u015bci od bran\u017cy, nasze zespo\u0142y doradz\u0105, jaki filtr najlepiej pasuje do danej jednostki produkcyjnej.  <\/p>\n<\/blockquote>\n\n\n\n<h3 class=\"wp-block-heading has-text-align-center\">PRZEMYS\u0141<\/h3>\n\n\n\n<div class=\"wp-block-columns is-layout-flex wp-container-core-columns-is-layout-28f84493 wp-block-columns-is-layout-flex\">\n<div class=\"wp-block-column is-layout-flow wp-block-column-is-layout-flow\">\n<hr class=\"wp-block-separator has-alpha-channel-opacity\"\/>\n\n\n\n<div class=\"wp-block-columns is-layout-flex wp-container-core-columns-is-layout-28f84493 wp-block-columns-is-layout-flex\">\n<div class=\"wp-block-column is-layout-flow wp-block-column-is-layout-flow\">\n<figure class=\"wp-block-image aligncenter size-thumbnail is-resized\"><img decoding=\"async\" width=\"150\" height=\"150\" src=\"https:\/\/obera.fr\/wp-content\/uploads\/2022\/02\/Textile-150x150.png\" alt=\"tekstylny\" class=\"wp-image-8855\"\/><figcaption class=\"wp-element-caption\">Tekstylia<\/figcaption><\/figure>\n\n\n\n<figure class=\"wp-block-image aligncenter size-thumbnail is-resized\"><img decoding=\"async\" width=\"150\" height=\"150\" src=\"https:\/\/obera.fr\/wp-content\/uploads\/2022\/02\/Plastique-150x150.png\" alt=\"plastik\" class=\"wp-image-8854\"\/><figcaption class=\"wp-element-caption\">Tworzywo sztuczne<\/figcaption><\/figure>\n<\/div>\n\n\n\n<div class=\"wp-block-column is-layout-flow wp-block-column-is-layout-flow\">\n<figure class=\"wp-block-image aligncenter size-thumbnail is-resized\"><img decoding=\"async\" width=\"150\" height=\"150\" src=\"https:\/\/obera.fr\/wp-content\/uploads\/2022\/02\/MINERAIS-150x150.png\" alt=\"rudy\" class=\"wp-image-8847\"\/><figcaption class=\"wp-element-caption\">Minera\u0142y<\/figcaption><\/figure>\n\n\n\n<figure class=\"wp-block-image aligncenter size-thumbnail is-resized\"><img decoding=\"async\" width=\"150\" height=\"150\" src=\"https:\/\/obera.fr\/wp-content\/uploads\/2022\/02\/Metalurgie-150x150.png\" alt=\"metalurgia\" class=\"wp-image-8857\"\/><figcaption class=\"wp-element-caption\">Metalurgia<\/figcaption><\/figure>\n\n\n\n<figure class=\"wp-block-image aligncenter size-thumbnail is-resized\"><img decoding=\"async\" width=\"150\" height=\"150\" src=\"https:\/\/obera.fr\/wp-content\/uploads\/2023\/02\/sans-titre-2023-02-14t102211.641-150x150.png\" alt=\"Rolnictwo\" class=\"wp-image-18828\"\/><figcaption class=\"wp-element-caption\">Rolnictwo<\/figcaption><\/figure>\n<\/div>\n<\/div>\n<\/div>\n\n\n\n<div class=\"wp-block-column is-layout-flow wp-block-column-is-layout-flow\">\n<hr class=\"wp-block-separator has-alpha-channel-opacity\"\/>\n\n\n\n<div class=\"wp-block-columns is-layout-flex wp-container-core-columns-is-layout-28f84493 wp-block-columns-is-layout-flex\">\n<div class=\"wp-block-column is-layout-flow wp-block-column-is-layout-flow\">\n<figure class=\"wp-block-image aligncenter size-thumbnail is-resized\"><img decoding=\"async\" width=\"150\" height=\"150\" src=\"https:\/\/obera.fr\/wp-content\/uploads\/2022\/02\/Chimie-150x150.png\" alt=\"chemia\" class=\"wp-image-8846\"\/><figcaption class=\"wp-element-caption\">Chemia<\/figcaption><\/figure>\n\n\n\n<figure class=\"wp-block-image aligncenter size-thumbnail is-resized\"><img decoding=\"async\" width=\"150\" height=\"150\" src=\"https:\/\/obera.fr\/wp-content\/uploads\/2022\/02\/Travail-du-bois-150x150.png\" alt=\"obr\u00f3bka drewna\" class=\"wp-image-8856\"\/><figcaption class=\"wp-element-caption\">Obr\u00f3bka drewna<\/figcaption><\/figure>\n\n\n\n<figure class=\"wp-block-image aligncenter size-thumbnail is-resized\"><img decoding=\"async\" width=\"150\" height=\"150\" src=\"https:\/\/obera.fr\/wp-content\/uploads\/2023\/02\/sans-titre-2023-02-14t101920.185-150x150.png\" alt=\"Lotnictwo\" class=\"wp-image-18831\"\/><figcaption class=\"wp-element-caption\">Lotnictwo<\/figcaption><\/figure>\n<\/div>\n\n\n\n<div class=\"wp-block-column is-layout-flow wp-block-column-is-layout-flow\">\n<figure class=\"wp-block-image aligncenter size-thumbnail is-resized\"><img decoding=\"async\" width=\"150\" height=\"150\" src=\"https:\/\/obera.fr\/wp-content\/uploads\/2022\/02\/AGROALIMENTAIRE-150x150.png\" alt=\"rolno-spo\u017cywczy\" class=\"wp-image-8844\"\/><figcaption class=\"wp-element-caption\">Przemys\u0142 spo\u017cywczy<\/figcaption><\/figure>\n\n\n\n<figure class=\"wp-block-image aligncenter size-thumbnail is-resized\"><img decoding=\"async\" width=\"150\" height=\"150\" src=\"https:\/\/obera.fr\/wp-content\/uploads\/2022\/02\/Papier-carton-150x150.png\" alt=\"papier i tektura\" class=\"wp-image-8853\"\/><figcaption class=\"wp-element-caption\">Papier\/karton<\/figcaption><\/figure>\n\n\n\n<figure class=\"wp-block-image aligncenter size-thumbnail is-resized\"><img decoding=\"async\" width=\"150\" height=\"150\" src=\"https:\/\/obera.fr\/wp-content\/uploads\/2023\/02\/sans-titre-2023-02-14t101712.416-150x150.png\" alt=\"Motoryzacja\" class=\"wp-image-18834\"\/><figcaption class=\"wp-element-caption\">Motoryzacja<\/figcaption><\/figure>\n<\/div>\n<\/div>\n<\/div>\n<\/div>\n\n\n\n<figure class=\"wp-block-table\"><table class=\"has-fixed-layout\"><tbody><tr><td>Napi\u0119cie<\/td><td>V-HZ<\/td><td>230-50<\/td><\/tr><tr><td>Moc<\/td><td>kW<\/td><td>2&#215;1.1<\/td><\/tr><tr><td>Maksymalna depresja<\/td><td>Pa<\/td><td>2,400 Pa<\/td><\/tr><tr><td>Maksymalny przep\u0142yw powietrza<\/td><td>m3\/h<\/td><td>360<\/td><\/tr><tr><td>\u015arednica ustnika<\/td><td>mm<\/td><td>50<\/td><\/tr><tr><td>Typ filtra<\/td><td><\/td><td>Z kieszeniami w gwiazdki<\/td><\/tr><tr><td>Powierzchnia<\/td><td>cm2<\/td><td>20.000<\/td><\/tr><tr><td>System czyszczenia<\/td><td><\/td><td>Manuel<\/td><\/tr><tr><td>Pojemnik na plony<\/td><td><\/td><td>Stal<\/td><\/tr><tr><td>System drena\u017cu<\/td><td><\/td><td>Wyjmowany pojemnik<\/td><\/tr><tr><td>Pojemno\u015b\u0107<\/td><td>litr<\/td><td>40<\/td><\/tr><tr><td>Wymiary<\/td><td>cm<\/td><td>55x63x115<\/td><\/tr><\/tbody><\/table><\/figure>\n\n\n\n<div class=\"wp-block-buttons is-content-justification-center is-layout-flex wp-container-core-buttons-is-layout-a89b3969 wp-block-buttons-is-layout-flex\">\n<div class=\"wp-block-button\"><a class=\"wp-block-button__link wp-element-button\" href=\"https:\/\/obera.fr\/wp-content\/uploads\/2024\/04\/obera_brochure-w2-fr.pdf\">POBIERZ KART\u0118 PRODUKTU<\/a><\/div>\n<\/div>\n\n\n\n<h2 class=\"wp-block-heading\">Wydajny i wszechstronny: wszystkie zalety odkurzacza W2<\/h2>\n\n\n\n<p>W2 \u0142\u0105czy w sobie \u0142atwo\u015b\u0107 obs\u0142ugi kompaktowej maszyny z moc\u0105 odkurzacza przemys\u0142owego. Opr\u00f3cz wysokiej mobilno\u015bci i wydajno\u015bci ssania, jego pow\u0142oka d\u017awi\u0119koch\u0142onna minimalizuje ha\u0142as podczas u\u017cytkowania, aby nie przeszkadza\u0107 operatorowi lub innym pracownikom w warsztacie. Wylot skierowany w d\u00f3\u0142 zapobiega wzniecaniu py\u0142u na powierzchni i przeszkadzaniu operatorowi.<\/p>\n\n\n\n<p>Odkurzacz nie wymaga konserwacji i jest wyposa\u017cony w pionowy otrz\u0105sacz filtra, kt\u00f3ry zapobiega nasyceniu, a przede wszystkim u\u0142atwia czyszczenie r\u0119czne.<\/p>\n\n\n\n<p>Co nie mniej wa\u017cne, jego g\u0142\u00f3wn\u0105 zalet\u0105 jest wszechstronno\u015b\u0107, poniewa\u017c zasysanie materia\u0142\u00f3w sta\u0142ych i p\u0142ynnych oznacza, \u017ce mo\u017ce by\u0107 u\u017cywany do wielu cel\u00f3w: czyszczenia pod\u0142\u00f3g, \u015bcian, plac\u00f3w budowy, warsztat\u00f3w, maszyn, sprz\u0119tu gastronomicznego itp.<\/p>\n\n\n\n<div class=\"wp-block-columns is-layout-flex wp-container-core-columns-is-layout-28f84493 wp-block-columns-is-layout-flex\">\n<div class=\"wp-block-column is-layout-flow wp-block-column-is-layout-flow\" style=\"flex-basis:33.34%\">\n<h3 class=\"wp-block-heading\">Zalety :<\/h3>\n\n\n\n<ul class=\"wp-block-list\">\n<li>Wysoki system filtracji do jednoczesnego odsysania py\u0142\u00f3w sta\u0142ych i ciek\u0142ych;<\/li>\n\n\n\n<li>Ultrakompaktowy i mobilny;<\/li>\n\n\n\n<li>Bardzo cicha w u\u017cyciu.  <\/li>\n<\/ul>\n<\/div>\n\n\n\n<div class=\"wp-block-column is-layout-flow wp-block-column-is-layout-flow\" style=\"flex-basis:33.34%\">\n<h3 class=\"wp-block-heading\">Funkcje specjalne:<\/h3>\n\n\n\n<ul class=\"wp-block-list\">\n<li>Dwa silniki jednofazowe z niezale\u017cnymi prze\u0142\u0105cznikami;<\/li>\n\n\n\n<li>Opcjonalnie: filtr Hepa H14, klasa M, L, M teflon wodoodporny, M PTFE, filtr nomex;<\/li>\n\n\n\n<li>Dost\u0119pna wersja ATEX dla strefy 22.<\/li>\n<\/ul>\n<\/div>\n\n\n\n<div class=\"wp-block-column is-layout-flow wp-block-column-is-layout-flow\" style=\"flex-basis:33.33%\">\n<h3 class=\"wp-block-heading\">Cechy :<\/h3>\n\n\n\n<ul class=\"wp-block-list\">\n<li>Kontrolka zatkanego filtra ;<\/li>\n\n\n\n<li>Ochrona jednostki ss\u0105cej za pomoc\u0105 filtra gwia\u017adzistego (poliester).<\/li>\n<\/ul>\n<\/div>\n<\/div>\n\n\n\n<h2 class=\"wp-block-heading\">Chcesz przetestowa\u0107 odkurzacz przemys\u0142owy W2 w swoim zak\u0142adzie produkcyjnym?<\/h2>\n\n\n\n<p>Przetestuj rozwi\u0105zanie w swoich warsztatach! W przypadku wszystkich naszych rozwi\u0105za\u0144 oferujemy faz\u0119 testow\u0105 z opcj\u0105 zakupu na \u015bredni okres 1 miesi\u0105ca. Po zako\u0144czeniu testu albo go przyjmiesz, albo zaproponujemy rozwi\u0105zanie, kt\u00f3re b\u0119dzie lepiej dostosowane do Twoich potrzeb.<\/p>\n\n\n\n<div class=\"wp-block-buttons is-content-justification-center is-layout-flex wp-container-core-buttons-is-layout-a89b3969 wp-block-buttons-is-layout-flex\">\n<div class=\"wp-block-button\"><a class=\"wp-block-button__link wp-element-button\" href=\"https:\/\/obera.fr\/pl\/contact\/\">TEST ODKURZACZA W2<\/a><\/div>\n<\/div>\n\n\n\n<h2 class=\"wp-block-heading\">Inne odkurzacze przemys\u0142owe w ofercie<\/h2>\n\n\n\n<div class=\"wp-block-columns is-layout-flex wp-container-core-columns-is-layout-28f84493 wp-block-columns-is-layout-flex\">\n<div class=\"wp-block-column is-layout-flow wp-block-column-is-layout-flow\">\n<figure class=\"wp-block-image aligncenter size-full is-resized\"><a href=\"https:\/\/obera.fr\/produits\/aspirateurs-industriels\/w2-xr-atex-22\/\"><img decoding=\"async\" width=\"566\" height=\"671\" src=\"https:\/\/obera.fr\/wp-content\/uploads\/2024\/10\/w2-xr-2.png\" alt=\"Odkurzacze przemys\u0142owe\" class=\"wp-image-35431\" style=\"object-fit:cover;width:300px;height:300px\" srcset=\"https:\/\/obera.fr\/wp-content\/uploads\/2024\/10\/w2-xr-2.png 566w, https:\/\/obera.fr\/wp-content\/uploads\/2024\/10\/w2-xr-2-253x300.png 253w\" sizes=\"(max-width: 566px) 100vw, 566px\" \/><\/a><figcaption class=\"wp-element-caption\">W2 XR<\/figcaption><\/figure>\n<\/div>\n\n\n\n<div class=\"wp-block-column is-layout-flow wp-block-column-is-layout-flow\">\n<figure class=\"wp-block-image aligncenter size-full\"><a href=\"https:\/\/obera.fr\/produits\/aspirateurs-industriels\/ventilateurs-aspiration-gamme-eurosog-rg-100-800\/\"><img decoding=\"async\" width=\"600\" height=\"600\" src=\"https:\/\/obera.fr\/wp-content\/uploads\/2024\/04\/obera-ventilateur-aspiration-rg-300-400.jpg\" alt=\"wentylator ss\u0105cy obera rg 300 400\" class=\"wp-image-29437\" srcset=\"https:\/\/obera.fr\/wp-content\/uploads\/2024\/04\/obera-ventilateur-aspiration-rg-300-400.jpg 600w, https:\/\/obera.fr\/wp-content\/uploads\/2024\/04\/obera-ventilateur-aspiration-rg-300-400-300x300.jpg 300w, https:\/\/obera.fr\/wp-content\/uploads\/2024\/04\/obera-ventilateur-aspiration-rg-300-400-150x150.jpg 150w\" sizes=\"(max-width: 600px) 100vw, 600px\" \/><\/a><figcaption class=\"wp-element-caption\">RG 300\/400<\/figcaption><\/figure>\n<\/div>\n\n\n\n<div class=\"wp-block-column is-layout-flow wp-block-column-is-layout-flow\">\n<figure class=\"wp-block-image aligncenter size-full is-resized\"><a href=\"https:\/\/obera.fr\/produits\/aspirateurs-industriels\/w3-pour-nettoyage-general\/\"><img decoding=\"async\" width=\"658\" height=\"652\" src=\"https:\/\/obera.fr\/wp-content\/uploads\/2024\/10\/w3.png\" alt=\"w3\" class=\"wp-image-35427\" style=\"object-fit:cover;width:300px;height:300px\" srcset=\"https:\/\/obera.fr\/wp-content\/uploads\/2024\/10\/w3.png 658w, https:\/\/obera.fr\/wp-content\/uploads\/2024\/10\/w3-300x297.png 300w, https:\/\/obera.fr\/wp-content\/uploads\/2024\/10\/w3-150x150.png 150w, https:\/\/obera.fr\/wp-content\/uploads\/2024\/10\/w3-24x24.png 24w, https:\/\/obera.fr\/wp-content\/uploads\/2024\/10\/w3-48x48.png 48w, https:\/\/obera.fr\/wp-content\/uploads\/2024\/10\/w3-96x96.png 96w\" sizes=\"(max-width: 658px) 100vw, 658px\" \/><\/a><figcaption class=\"wp-element-caption\">W3<\/figcaption><\/figure>\n<\/div>\n<\/div>\n","protected":false},"excerpt":{"rendered":"<p>Kompaktowy i mobilnyodkurzacz przemys\u0142owy W2 jest jednym z najbardziej wydajnych urz\u0105dze\u0144 na rynku, znanym ze swojej solidno\u015bci, wysokiej wydajno\u015bci filtracji i wydajno\u015bci. Odkurzacze przemys\u0142owe na mokro i sucho W2: jak dzia\u0142aj\u0105 i gdzie s\u0105 u\u017cywane? G\u0142\u00f3wn\u0105 zalet\u0105odkurzacza przemys\u0142owego W2 do pracy na mokro i sucho jest jego wszechstronno\u015b\u0107. Jego moc ssania oznacza, \u017ce mo\u017ce jednocze\u015bnie podnosi\u0107 i odkurza\u0107 materia\u0142y sta\u0142e i p\u0142ynne. Odkurzacz jest wyposa\u017cony w dwa jednofazowe silniki bocznikowe chronione przez solidn\u0105 stalow\u0105 g\u0142owic\u0119 silnika i d\u017awi\u0119koszczelne wn\u0119trze. Odkurzacz jest wyposa\u017cony w system separacji wody i kurzu, kt\u00f3ry odfiltrowuje ciecze od suchych cz\u0105stek. Odkurzone cz\u0105stki py\u0142u s\u0105 przechowywane w &#8230; <\/p>\n<p class=\"read-more-container\"><a title=\"Odkurzacz przemys\u0142owy W2\" class=\"read-more button\" href=\"https:\/\/obera.fr\/pl\/produits\/aspirateurs-industriels\/w2-haute-filtration-polyvalence\/#more-84250\" aria-label=\"Dowiedz si\u0119 wi\u0119cej o Odkurzacz przemys\u0142owy W2\">Lire la suite<\/a><\/p>\n","protected":false},"author":4,"featured_media":83746,"parent":48434,"menu_order":0,"comment_status":"closed","ping_status":"closed","template":"","meta":{"_acf_changed":false,"_seopress_robots_primary_cat":"","_seopress_titles_title":"Odkurzacz przemys\u0142owy W2: wysoka filtracja i wszechstronno\u015b\u0107","_seopress_titles_desc":"Wybierz seri\u0119 W2 wyposa\u017con\u0105 w system wysokiej filtracji do jednoczesnego odsysania py\u0142\u00f3w sta\u0142ych i cieczy.","_seopress_robots_index":"","footnotes":""},"class_list":{"0":"post-84250","1":"page","2":"type-page","3":"status-publish","4":"has-post-thumbnail","6":"no-featured-image-padding","7":"resize-featured-image"},"acf":[],"_links":{"self":[{"href":"https:\/\/obera.fr\/pl\/wp-json\/wp\/v2\/pages\/84250","targetHints":{"allow":["GET"]}}],"collection":[{"href":"https:\/\/obera.fr\/pl\/wp-json\/wp\/v2\/pages"}],"about":[{"href":"https:\/\/obera.fr\/pl\/wp-json\/wp\/v2\/types\/page"}],"author":[{"embeddable":true,"href":"https:\/\/obera.fr\/pl\/wp-json\/wp\/v2\/users\/4"}],"replies":[{"embeddable":true,"href":"https:\/\/obera.fr\/pl\/wp-json\/wp\/v2\/comments?post=84250"}],"version-history":[{"count":4,"href":"https:\/\/obera.fr\/pl\/wp-json\/wp\/v2\/pages\/84250\/revisions"}],"predecessor-version":[{"id":107392,"href":"https:\/\/obera.fr\/pl\/wp-json\/wp\/v2\/pages\/84250\/revisions\/107392"}],"up":[{"embeddable":true,"href":"https:\/\/obera.fr\/pl\/wp-json\/wp\/v2\/pages\/48434"}],"wp:featuredmedia":[{"embeddable":true,"href":"https:\/\/obera.fr\/pl\/wp-json\/wp\/v2\/media\/83746"}],"wp:attachment":[{"href":"https:\/\/obera.fr\/pl\/wp-json\/wp\/v2\/media?parent=84250"}],"curies":[{"name":"wp","href":"https:\/\/api.w.org\/{rel}","templated":true}]}}