{"id":115359,"date":"2025-06-26T12:05:10","date_gmt":"2025-06-26T10:05:10","guid":{"rendered":"https:\/\/obera.fr\/caixa-de-compensacao\/"},"modified":"2025-06-26T12:09:06","modified_gmt":"2025-06-26T10:09:06","slug":"caixa-de-compensacao","status":"publish","type":"page","link":"https:\/\/obera.fr\/pt-pt\/caixa-de-compensacao\/","title":{"rendered":"Clearbox"},"content":{"rendered":"\n<div class=\"wp-block-columns is-layout-flex wp-container-core-columns-is-layout-28f84493 wp-block-columns-is-layout-flex\">\n<div class=\"wp-block-column is-layout-flow wp-block-column-is-layout-flow\" style=\"flex-basis:33.33%\">\n<figure class=\"wp-block-image aligncenter size-medium\"><img decoding=\"async\" width=\"300\" height=\"267\" src=\"https:\/\/obera.fr\/wp-content\/uploads\/2025\/06\/clearbox-300x267.png\" alt=\"caixa de compensa&#xE7;&#xE3;o\" class=\"wp-image-109012\" srcset=\"https:\/\/obera.fr\/wp-content\/uploads\/2025\/06\/clearbox-300x267.png 300w, https:\/\/obera.fr\/wp-content\/uploads\/2025\/06\/clearbox.png 534w\" sizes=\"(max-width: 300px) 100vw, 300px\" \/><figcaption class=\"wp-element-caption\">Clearbox<\/figcaption><\/figure>\n<\/div>\n\n\n\n<div class=\"wp-block-column is-layout-flow wp-block-column-is-layout-flow\" style=\"flex-basis:66.66%\">\n<p class=\"has-drop-cap\"><\/p>\n\n\n\n<hr class=\"wp-block-separator has-text-color has-black-color has-css-opacity has-black-background-color has-background is-style-dots\"\/>\n\n\n\n<div class=\"wp-block-columns is-layout-flex wp-container-core-columns-is-layout-28f84493 wp-block-columns-is-layout-flex\">\n<div class=\"wp-block-column is-layout-flow wp-block-column-is-layout-flow\" style=\"flex-basis:33.33%\">\n<div class=\"wp-block-buttons is-layout-flex wp-block-buttons-is-layout-flex\">\n<div class=\"wp-block-button\"><a class=\"wp-block-button__link wp-element-button\" href=\"https:\/\/obera.fr\/wp-content\/uploads\/2025\/06\/fr-caisson-mobile-daspiration-clearbox-1.pdf\">DESCARREGA A BROCHURA<\/a><\/div>\n<\/div>\n<\/div>\n\n\n\n<div class=\"wp-block-column is-layout-flow wp-block-column-is-layout-flow\" style=\"flex-basis:33.34%\">\n<div class=\"wp-block-buttons is-horizontal is-content-justification-center is-layout-flex wp-container-core-buttons-is-layout-03627597 wp-block-buttons-is-layout-flex\">\n<div class=\"wp-block-button has-custom-width wp-block-button__width-100\"><a class=\"wp-block-button__link wp-element-button\" href=\"https:\/\/obera.fr\/pt-pt\/contacta-nos\/\">Saber mais<\/a><\/div>\n<\/div>\n<\/div>\n\n\n\n<div class=\"wp-block-column is-layout-flow wp-block-column-is-layout-flow\" style=\"flex-basis:33.34%\">\n<div class=\"wp-block-buttons is-content-justification-center is-layout-flex wp-container-core-buttons-is-layout-a89b3969 wp-block-buttons-is-layout-flex\">\n<div class=\"wp-block-button btn-devis-source\"><a class=\"wp-block-button__link wp-element-button\" href=\"https:\/\/obera.fr\/pt-pt\/devis\/\">Solicita um or\u00e7amento<\/a><\/div>\n<\/div>\n\n\n<script>\r\ndocument.addEventListener('DOMContentLoaded', function() {\r\n    \/\/ 1. On cherche le titre H1 de la page\r\n    var h1 = document.querySelector('h1');\r\n    var productTitle = h1 ? h1.innerText.trim() : \"\";\r\n\r\n    \/\/ 2. On cherche les boutons via la classe CSS .btn-devis-source\r\n    var buttons = document.querySelectorAll('.btn-devis-source a');\r\n\r\n    \/\/ 3. Si on a le titre et les boutons, on ajoute le param\u00e8tre\r\n    if (buttons.length > 0 && productTitle !== \"\") {\r\n        var encodedTitle = encodeURIComponent(productTitle);\r\n\r\n        buttons.forEach(function(btn) {\r\n            var currentHref = btn.getAttribute('href');\r\n            \r\n            \/\/ S\u00e9curit\u00e9 pour ne pas ajouter le param\u00e8tre 2 fois\r\n            if (currentHref.indexOf('sujet=') === -1) {\r\n                var separator = currentHref.indexOf('?') !== -1 ? '&' : '?';\r\n                var newLink = currentHref + separator + 'sujet=' + encodedTitle;\r\n                \r\n                btn.setAttribute('href', newLink);\r\n            }\r\n        });\r\n    }\r\n});\r\n<\/script><\/div>\n<\/div>\n\n\n\n<p><\/p>\n<\/div>\n<\/div>\n\n<p>A Clearbox \u00e9 uma <strong>unidade m\u00f3vel de extra\u00e7\u00e3o<\/strong> fabricada em Fran\u00e7a, com uma garantia de 5 anos e um caudal de alto rendimento. Foi especialmente concebida para tratar compostos org\u00e2nicos vol\u00e1teis (COV), gases, odores, solventes, poeiras e fumos.   <\/p>\n\n<p><\/p>\n\n<p>Esta unidade oferece diferentes n\u00edveis de filtra\u00e7\u00e3o, de 2 a 3 etapas, e pode ser configurada de acordo com as tuas necessidades espec\u00edficas, garantindo uma efici\u00eancia \u00f3ptima na<strong>elimina\u00e7\u00e3o de poluentes<\/strong>. Est\u00e1 equipado com um pr\u00e9-filtro G4, filtros de satura\u00e7\u00e3o F9 a H14 para poeiras e fumos, e pode incorporar carv\u00e3o ativado para o <strong>tratamento de gases e COVs<\/strong>.   <\/p>\n\n<p><\/p>\n\n<p>Al\u00e9m disso, est\u00e1 dispon\u00edvel em tr\u00eas vers\u00f5es: com um bra\u00e7o de aspira\u00e7\u00e3o, com uma entrada tubular ou <strong>sob a forma de uma mesa de aspira\u00e7\u00e3o<\/strong>. Tamb\u00e9m est\u00e1 dispon\u00edvel uma vers\u00e3o ATEX para poeiras. <\/p>\n\n<div class=\"wp-block-columns is-layout-flex wp-container-core-columns-is-layout-28f84493 wp-block-columns-is-layout-flex\">\n<div class=\"wp-block-column is-layout-flow wp-block-column-is-layout-flow\">\n<h2 class=\"wp-block-heading has-text-align-center\"><strong>Benef\u00edcios<\/strong><\/h2>\n\n\n\n<ul class=\"wp-block-list\">\n<li>Ventilador muito alto<\/li>\n\n\n\n<li>desempenho<\/li>\n\n\n\n<li>Silenciador<\/li>\n\n\n\n<li>M\u00f3vel, leve e f\u00e1cil de manusear<br\/><\/li>\n\n\n\n<li>Ocupa pouco espa\u00e7o<br\/><\/li>\n\n\n\n<li>F\u00e1cil manuten\u00e7\u00e3o<br\/>de filtros<\/li>\n\n\n\n<li>Caudal regul\u00e1vel de 0 a<br\/>100%.<\/li>\n\n\n\n<li>Fonte de alimenta\u00e7\u00e3o com tomada<br\/>standard 230V<\/li>\n<\/ul>\n<\/div>\n\n\n\n<div class=\"wp-block-column is-layout-flow wp-block-column-is-layout-flow\">\n<h2 class=\"wp-block-heading has-text-align-center\"><strong>Carater\u00edsticas especiais<\/strong><\/h2>\n\n\n\n<ul class=\"wp-block-list\">\n<li>Substitui\u00e7\u00e3o de<\/li>\n\n\n\n<li>meios filtrantes de elevado desempenho<\/li>\n\n\n\n<li>f\u00e1cil<\/li>\n\n\n\n<li>Atualiz\u00e1vel e configur\u00e1vel<br\/><\/li>\n\n\n\n<li>Elevada capacidade de adsor\u00e7\u00e3o<br\/><\/li>\n\n\n\n<li>Contador de horas<\/li>\n\n\n\n<li>Medi\u00e7\u00e3o<br\/>de sujidade nos filtros<br\/><\/li>\n\n\n\n<li>Defini\u00e7\u00e3o do caudal de<br\/>0 a 100%.<\/li>\n\n\n\n<li>Sistema Plug &amp; Play<\/li>\n\n\n\n<li>Op\u00e7\u00e3o ATEX<br\/>dust<\/li>\n<\/ul>\n<\/div>\n\n\n\n<div class=\"wp-block-column is-layout-flow wp-block-column-is-layout-flow\">\n<h2 class=\"wp-block-heading has-text-align-center\"><strong>Carater\u00edsticas<\/strong><\/h2>\n\n\n\n<ul class=\"wp-block-list\">\n<li>Fluxo m\u00e1ximo :<\/li>\n\n\n\n<li>2000m3\/h<\/li>\n\n\n\n<li>Pot\u00eancia instalada:<br\/>750W<\/li>\n\n\n\n<li>Alimenta\u00e7\u00e3o el\u00e9ctrica: 230V<\/li>\n\n\n\n<li>Dimens\u00f5es: 710 x<br\/>710 x 2050<\/li>\n\n\n\n<li>Peso: 70 kg<\/li>\n\n\n\n<li>N\u00edvel de ru\u00eddo:<br\/>72Db<\/li>\n<\/ul>\n<\/div>\n<\/div>\n\n<h2 class=\"wp-block-heading\">Para que servem?<\/h2>\n\n<p>A <strong>Clearbox \u00e9 um dispositivo pr\u00e1tico <\/strong>e compacto concebido para capturar e tratar eficazmente poluentes gasosos, odores, poeiras e fumos. Equipado com rod\u00edzios, adapta-se <strong>facilmente a qualquer espa\u00e7o de trabalho<\/strong> e pode tratar tanto esta\u00e7\u00f5es de trabalho fixas como m\u00f3veis. <\/p>\n\n<p><br\/>A Clearbox est\u00e1 equipada com um <strong>pr\u00e9-filtro G4, filtros de satura\u00e7\u00e3o F9 a H14 <\/strong>e, se necess\u00e1rio, carv\u00e3o ativado. Tamb\u00e9m est\u00e1 dispon\u00edvel na vers\u00e3o para poeiras ATEX. A manuten\u00e7\u00e3o regular dos filtros \u00e9 essencial para o bom funcionamento da unidade.  <\/p>\n\n<div class=\"wp-block-columns is-layout-flex wp-container-core-columns-is-layout-28f84493 wp-block-columns-is-layout-flex\">\n<div class=\"wp-block-column is-layout-flow wp-block-column-is-layout-flow\">\n<h3 class=\"wp-block-heading has-text-align-center\">Poluentes<\/h3>\n\n\n\n<hr class=\"wp-block-separator has-css-opacity is-style-wide\"\/>\n\n\n\n<div class=\"wp-block-columns is-layout-flex wp-container-core-columns-is-layout-28f84493 wp-block-columns-is-layout-flex\">\n<div class=\"wp-block-column is-layout-flow wp-block-column-is-layout-flow\">\n<figure class=\"wp-block-image aligncenter size-large\"><img decoding=\"async\" width=\"70\" height=\"70\" src=\"https:\/\/obera.fr\/wp-content\/uploads\/2020\/08\/industrie-fumees.jpg\" alt=\"Fumo da ind&#xFA;stria\" class=\"wp-image-722\"\/><figcaption class=\"wp-element-caption\">Fumos<\/figcaption><\/figure>\n<\/div>\n\n\n\n<div class=\"wp-block-column is-layout-flow wp-block-column-is-layout-flow\">\n<figure class=\"wp-block-image aligncenter size-large\"><img decoding=\"async\" width=\"70\" height=\"70\" src=\"https:\/\/obera.fr\/wp-content\/uploads\/2020\/08\/polluants-poussieres.jpg\" alt=\"Poluentes Poeiras\" class=\"wp-image-675\"\/><figcaption class=\"wp-element-caption\">Poeira<\/figcaption><\/figure>\n<\/div>\n<\/div>\n\n\n\n<div class=\"wp-block-columns is-layout-flex wp-container-core-columns-is-layout-28f84493 wp-block-columns-is-layout-flex\">\n<div class=\"wp-block-column is-layout-flow wp-block-column-is-layout-flow\">\n<figure class=\"wp-block-image aligncenter size-large\"><img decoding=\"async\" width=\"70\" height=\"70\" src=\"https:\/\/obera.fr\/wp-content\/uploads\/2020\/08\/industrie-odeur.jpg\" alt=\"Odor da ind&#xFA;stria\" class=\"wp-image-723\"\/><figcaption class=\"wp-element-caption\">Odores<\/figcaption><\/figure>\n<\/div>\n\n\n\n<div class=\"wp-block-column is-layout-flow wp-block-column-is-layout-flow\">\n<figure class=\"wp-block-image aligncenter size-large is-resized\"><img decoding=\"async\" width=\"70\" height=\"70\" src=\"https:\/\/obera.fr\/wp-content\/uploads\/2020\/10\/industrie-aerosols.jpg\" alt=\"Aeross&#xF3;is para a ind&#xFA;stria\" class=\"wp-image-1201\" style=\"width:70px;height:auto\"\/><figcaption class=\"wp-element-caption\">VOCS<\/figcaption><\/figure>\n<\/div>\n<\/div>\n<\/div>\n\n\n\n<div class=\"wp-block-column is-layout-flow wp-block-column-is-layout-flow\">\n<h3 class=\"wp-block-heading has-text-align-center\">Ind\u00fastrias<\/h3>\n\n\n\n<hr class=\"wp-block-separator has-css-opacity is-style-wide\"\/>\n\n\n\n<div class=\"wp-block-columns is-layout-flex wp-container-core-columns-is-layout-28f84493 wp-block-columns-is-layout-flex\">\n<div class=\"wp-block-column is-layout-flow wp-block-column-is-layout-flow\" style=\"flex-basis:100%\">\n<div style=\"height:47px\" aria-hidden=\"true\" class=\"wp-block-spacer\"><\/div>\n\n\n\n<p class=\"has-text-align-center\">Adequado para todos os tipos de ind\u00fastria<\/p>\n<\/div>\n\n\n\n<div class=\"wp-block-column is-layout-flow wp-block-column-is-layout-flow\"><\/div>\n<\/div>\n<\/div>\n<\/div>\n\n<div class=\"wp-block-buttons is-horizontal is-content-justification-center is-layout-flex wp-container-core-buttons-is-layout-03627597 wp-block-buttons-is-layout-flex\">\n<div class=\"wp-block-button has-custom-width wp-block-button__width-100\"><a class=\"wp-block-button__link wp-element-button\" href=\"https:\/\/obera.fr\/pt-pt\/contacta-nos\/\">Saber mais<\/a><\/div>\n<\/div>\n\n<h2 class=\"wp-block-heading\">Quais s\u00e3o as carater\u00edsticas da Clearbox?<\/h2>\n\n<p>A Clearbox \u00e9 uma <strong>unidade m\u00f3vel de aspira\u00e7\u00e3o<\/strong> fabricada em Fran\u00e7a, com 5 anos de garantia e um caudal de 2000 m\u00b3\/h de elevado desempenho. Disp\u00f5e de 3 n\u00edveis de filtra\u00e7\u00e3o de alto rendimento, configur\u00e1veis em fun\u00e7\u00e3o das tuas necessidades. Est\u00e1 dispon\u00edvel em 2 n\u00edveis <strong>de filtra\u00e7\u00e3o com um pr\u00e9-filtro G4 <\/strong>e um filtro de satura\u00e7\u00e3o F9 a H14, ou em 3 n\u00edveis com carv\u00e3o ativado.    <\/p>\n\n<p><\/p>\n\n<p>Al\u00e9m disso, est\u00e1 dispon\u00edvel em tr\u00eas vers\u00f5es: com um bra\u00e7o de aspira\u00e7\u00e3o, com uma entrada tubular ou <strong>sob a forma de uma mesa de aspira\u00e7\u00e3o<\/strong>, e pode tamb\u00e9m ser adaptado a uma vers\u00e3o de p\u00f3 ATEX. Gra\u00e7as \u00e0 sua elevada capacidade de adsor\u00e7\u00e3o, elimina um n\u00famero m\u00e1ximo de poluentes.   <\/p>\n\n<p><\/p>\n\n<p>A substitui\u00e7\u00e3o regular do filtro \u00e9 essencial para manter o aparelho a funcionar corretamente. Um <strong>sistema<\/strong> integrado <strong>de medi\u00e7\u00e3o do entupimento do filtro<\/strong> indica quando \u00e9 altura de mudar os filtros, e a substitui\u00e7\u00e3o do meio filtrante \u00e9 simples. <\/p>\n\n<p><\/p>\n\n<p>\u00c9 Plug and Play, por isso \u00e9 f\u00e1cil de instalar. Equipado com rod\u00edzios e com um <strong>design particularmente compacto<\/strong>, \u00e9 f\u00e1cil de manobrar e adapta-se a qualquer ambiente de trabalho. <\/p>\n\n<p><\/p>\n\n<figure class=\"wp-block-table\"><table class=\"has-fixed-layout\"><tbody><tr><td><strong>Dispositivo  <\/strong><\/td><td><\/td><td><strong>Com o bra\u00e7o  <\/strong><\/td><td><strong>Entrada com tubo  <\/strong><\/td><td><strong>Tabela<\/strong><\/td><\/tr><tr><td>Caudal m\u00e1ximo  <\/td><td>m3\/h  <\/td><td>2000  <\/td><td>2500  <\/td><td>5000<\/td><\/tr><tr><td>Regula\u00e7\u00e3o do caudal<\/td><td>%\u00a0<\/td><td>0-100  <\/td><td>0-100  <\/td><td>0-100<\/td><\/tr><tr><td>Capacidade instalada<\/td><td>W  <\/td><td>750  <\/td><td>750  <\/td><td>750<\/td><\/tr><tr><td>Alimenta\u00e7\u00e3o el\u00e9ctrica  <\/td><td>V  <\/td><td>230  <\/td><td>230  <\/td><td>230<\/td><\/tr><tr><td>Dimens\u00f5es totais (LxLxA)<\/td><td>mm  <\/td><td>710x710x2050  <\/td><td>710x710x2050  <\/td><td>710x710x2050<\/td><\/tr><tr><td>Peso  <\/td><td>kg  <\/td><td>70  <\/td><td>75  <\/td><td>75<\/td><\/tr><tr><td>N\u00edvel de ru\u00eddo  <\/td><td>dB  <\/td><td>72  <\/td><td>72  <\/td><td>72<\/td><\/tr><\/tbody><\/table><\/figure>\n","protected":false},"excerpt":{"rendered":"<p>A Clearbox \u00e9 uma unidade m\u00f3vel de extra\u00e7\u00e3o fabricada em Fran\u00e7a, com uma garantia de 5 anos e um caudal de alto rendimento. Foi especialmente concebida para tratar compostos org\u00e2nicos vol\u00e1teis (COV), gases, odores, solventes, poeiras e fumos. Esta unidade oferece diferentes n\u00edveis de filtra\u00e7\u00e3o, de 2 a 3 etapas, e pode ser configurada de acordo com as tuas necessidades espec\u00edficas, garantindo uma efici\u00eancia \u00f3ptima naelimina\u00e7\u00e3o de poluentes. Est\u00e1 equipado com um pr\u00e9-filtro G4, filtros de satura\u00e7\u00e3o F9 a H14 para poeiras e fumos, e pode incorporar carv\u00e3o ativado para o tratamento de gases e COVs. Al\u00e9m disso, est\u00e1 dispon\u00edvel &#8230; <\/p>\n<p class=\"read-more-container\"><a title=\"Clearbox\" class=\"read-more button\" href=\"https:\/\/obera.fr\/pt-pt\/caixa-de-compensacao\/#more-115359\" aria-label=\"Leia mais sobre Clearbox\">Lire la suite<\/a><\/p>\n","protected":false},"author":4,"featured_media":0,"parent":0,"menu_order":0,"comment_status":"closed","ping_status":"closed","template":"","meta":{"_acf_changed":false,"_seopress_robots_primary_cat":"","_seopress_titles_title":"Clearbox: Unidade de aspira\u00e7\u00e3o m\u00f3vel de elevado desempenho","_seopress_titles_desc":"Descobre a Clearbox, a unidade de extra\u00e7\u00e3o m\u00f3vel de alto desempenho para COV, gases, fumos e poeiras. Fabricada em Fran\u00e7a, com uma garantia de 5 anos, \u00e9 configur\u00e1vel e compacta. ","_seopress_robots_index":"","footnotes":""},"class_list":{"0":"post-115359","1":"page","2":"type-page","3":"status-publish","5":"no-featured-image-padding"},"acf":[],"_links":{"self":[{"href":"https:\/\/obera.fr\/pt-pt\/wp-json\/wp\/v2\/pages\/115359","targetHints":{"allow":["GET"]}}],"collection":[{"href":"https:\/\/obera.fr\/pt-pt\/wp-json\/wp\/v2\/pages"}],"about":[{"href":"https:\/\/obera.fr\/pt-pt\/wp-json\/wp\/v2\/types\/page"}],"author":[{"embeddable":true,"href":"https:\/\/obera.fr\/pt-pt\/wp-json\/wp\/v2\/users\/4"}],"replies":[{"embeddable":true,"href":"https:\/\/obera.fr\/pt-pt\/wp-json\/wp\/v2\/comments?post=115359"}],"version-history":[{"count":1,"href":"https:\/\/obera.fr\/pt-pt\/wp-json\/wp\/v2\/pages\/115359\/revisions"}],"predecessor-version":[{"id":115362,"href":"https:\/\/obera.fr\/pt-pt\/wp-json\/wp\/v2\/pages\/115359\/revisions\/115362"}],"wp:attachment":[{"href":"https:\/\/obera.fr\/pt-pt\/wp-json\/wp\/v2\/media?parent=115359"}],"curies":[{"name":"wp","href":"https:\/\/api.w.org\/{rel}","templated":true}]}}