{"id":37346,"date":"2024-04-01T13:32:19","date_gmt":"2024-04-01T11:32:19","guid":{"rendered":"https:\/\/obera.fr\/ic22-refrigerador-de-ar-com-filtro-evaporativo\/"},"modified":"2025-04-24T12:23:13","modified_gmt":"2025-04-24T10:23:13","slug":"ic22-filtrant-par-evaporation","status":"publish","type":"page","link":"https:\/\/obera.fr\/pt-pt\/produits\/rafraichisseurs-air\/rafraichisseurs-par-evaporation-ic\/ic22-filtrant-par-evaporation\/","title":{"rendered":"IC22 refrigerador de ar com filtro evaporativo"},"content":{"rendered":"\n<p>Ecol\u00f3gico e econ\u00f3mico, o <strong>ambientador com filtro evaporativo<\/strong> \u00e9 ideal para gerar um ar mais fresco de cerca de 10 a 20\u00b0C nos teus espa\u00e7os de trabalho.<\/p>\n\n\n\n<h2 class=\"wp-block-heading\">Refrigerador de ar com filtro evaporativo OberA: como funciona?<\/h2>\n\n\n\n<div class=\"wp-block-columns is-layout-flex wp-container-core-columns-is-layout-28f84493 wp-block-columns-is-layout-flex\">\n<div class=\"wp-block-column is-vertically-aligned-top is-layout-flow wp-block-column-is-layout-flow\" style=\"flex-basis:50%\">\n<figure class=\"wp-block-image aligncenter size-full is-resized\"><img decoding=\"async\" width=\"600\" height=\"600\" src=\"https:\/\/obera.fr\/wp-content\/uploads\/2024\/02\/ic22-carre.jpg\" alt=\"IC22 refrigerador de ar com filtro evaporativo\" class=\"wp-image-28148\" style=\"width:370px;height:auto\" srcset=\"https:\/\/obera.fr\/wp-content\/uploads\/2024\/02\/ic22-carre.jpg 600w, https:\/\/obera.fr\/wp-content\/uploads\/2024\/02\/ic22-carre-300x300.jpg 300w, https:\/\/obera.fr\/wp-content\/uploads\/2024\/02\/ic22-carre-150x150.jpg 150w\" sizes=\"(max-width: 600px) 100vw, 600px\" \/><figcaption class=\"wp-element-caption\">IC 22<\/figcaption><\/figure>\n<\/div>\n\n\n\n<div class=\"wp-block-column is-vertically-aligned-center is-layout-flow wp-block-column-is-layout-flow\" style=\"flex-basis:66.66%\">\n<p>A gama IC22 de refrigeradores de ar evaporativos inclui pain\u00e9is alveolares que s\u00e3o constantemente embebidos em \u00e1gua. O ventilador helicoidal axial na parte de tr\u00e1s da unidade aspira o ar quente e passa-o atrav\u00e9s dos pain\u00e9is de arrefecimento. O ar quente vaporiza e arrefece em contacto com a \u00e1gua. Este fen\u00f3meno \u00e9 conhecido como <strong>&#8220;efeito de arrefecimento<\/strong> &#8221; e reduz a temperatura do ar aspirado at\u00e9 20\u00b0C. O ar mais frio e filtrado \u00e9 ent\u00e3o empurrado atrav\u00e9s da unidade e circula pelo espa\u00e7o de trabalho. Continua a ser essencial que a sala seja ventilada para permitir que o ar circule adequadamente, evacue a humidade e traga novo ar quente que ser\u00e1 filtrado pelo <strong>refrigerador m\u00f3vel<\/strong>. Em suma, quanto mais quente for o ar, melhor ser\u00e1 o arrefecimento.      <\/p>\n\n\n\n<p>O <a href=\"https:\/\/obera.fr\/pt-pt\/produits\/rafraichisseurs-air\/rafraichisseurs-par-evaporation-ic\/\" data-type=\"page\" data-id=\"18698\">refrigerador de ar adiab\u00e1tico IC foi concebido para ser<\/a> utilizado em <strong>todos os sectores da<\/strong> ind\u00fastria, armaz\u00e9ns log\u00edsticos e agricultura. Pode ser utilizado para arrefecer os postos de trabalho ou as instala\u00e7\u00f5es dos funcion\u00e1rios. \u00c9 particularmente popular em f\u00e1bricas, garagens, armaz\u00e9ns, oficinas, estufas e armaz\u00e9ns.  <\/p>\n\n\n\n<div class=\"wp-block-columns is-layout-flex wp-container-core-columns-is-layout-28f84493 wp-block-columns-is-layout-flex\">\n<div class=\"wp-block-column is-layout-flow wp-block-column-is-layout-flow\" style=\"flex-basis:33.33%\">\n<div class=\"wp-block-buttons is-layout-flex wp-block-buttons-is-layout-flex\">\n<div class=\"wp-block-button\"><a class=\"wp-block-button__link wp-element-button\" href=\"https:\/\/obera.fr\/wp-content\/uploads\/2025\/04\/brochure-ic-22-en.pdf\">DESCARREGA A BROCHURA<\/a><\/div>\n<\/div>\n<\/div>\n\n\n\n<div class=\"wp-block-column is-layout-flow wp-block-column-is-layout-flow\" style=\"flex-basis:33.34%\">\n<div class=\"wp-block-buttons is-horizontal is-content-justification-center is-layout-flex wp-container-core-buttons-is-layout-03627597 wp-block-buttons-is-layout-flex\">\n<div class=\"wp-block-button has-custom-width wp-block-button__width-100\"><a class=\"wp-block-button__link wp-element-button\" href=\"https:\/\/obera.fr\/pt-pt\/contacta-nos\/\">Saber mais<\/a><\/div>\n<\/div>\n\n\n\n<p><\/p>\n<\/div>\n\n\n\n<div class=\"wp-block-column is-layout-flow wp-block-column-is-layout-flow\" style=\"flex-basis:33.34%\">\n<div class=\"wp-block-buttons is-content-justification-center is-layout-flex wp-container-core-buttons-is-layout-a89b3969 wp-block-buttons-is-layout-flex\">\n<div class=\"wp-block-button btn-devis-source\"><a class=\"wp-block-button__link wp-element-button\" href=\"https:\/\/obera.fr\/pt-pt\/devis\/\">Solicita um or\u00e7amento<\/a><\/div>\n<\/div>\n\n\n<script>\r\ndocument.addEventListener('DOMContentLoaded', function() {\r\n    \/\/ 1. On cherche le titre H1 de la page\r\n    var h1 = document.querySelector('h1');\r\n    var productTitle = h1 ? h1.innerText.trim() : \"\";\r\n\r\n    \/\/ 2. On cherche les boutons via la classe CSS .btn-devis-source\r\n    var buttons = document.querySelectorAll('.btn-devis-source a');\r\n\r\n    \/\/ 3. Si on a le titre et les boutons, on ajoute le param\u00e8tre\r\n    if (buttons.length > 0 && productTitle !== \"\") {\r\n        var encodedTitle = encodeURIComponent(productTitle);\r\n\r\n        buttons.forEach(function(btn) {\r\n            var currentHref = btn.getAttribute('href');\r\n            \r\n            \/\/ S\u00e9curit\u00e9 pour ne pas ajouter le param\u00e8tre 2 fois\r\n            if (currentHref.indexOf('sujet=') === -1) {\r\n                var separator = currentHref.indexOf('?') !== -1 ? '&' : '?';\r\n                var newLink = currentHref + separator + 'sujet=' + encodedTitle;\r\n                \r\n                btn.setAttribute('href', newLink);\r\n            }\r\n        });\r\n    }\r\n});\r\n<\/script><\/div>\n<\/div>\n<\/div>\n<\/div>\n\n\n\n<div class=\"wp-block-columns is-layout-flex wp-container-core-columns-is-layout-28f84493 wp-block-columns-is-layout-flex\">\n<div class=\"wp-block-column is-layout-flow wp-block-column-is-layout-flow\" style=\"flex-basis:25%\"><\/div>\n\n\n\n<div class=\"wp-block-column is-layout-flow wp-block-column-is-layout-flow\" style=\"flex-basis:50%\">\n<figure class=\"wp-block-embed is-type-video is-provider-youtube wp-block-embed-youtube wp-embed-aspect-16-9 wp-has-aspect-ratio\"><div class=\"wp-block-embed__wrapper\">\n<iframe title=\"Rafraichisseur d&#039;air - Gamme IC - OberA\" width=\"1200\" height=\"675\" src=\"https:\/\/www.youtube.com\/embed\/NG-Ssy2oM70?feature=oembed\" frameborder=\"0\" allow=\"accelerometer; autoplay; clipboard-write; encrypted-media; gyroscope; picture-in-picture; web-share\" referrerpolicy=\"strict-origin-when-cross-origin\" allowfullscreen><\/iframe>\n<\/div><\/figure>\n\n\n\n<p><\/p>\n<\/div>\n\n\n\n<div class=\"wp-block-column is-layout-flow wp-block-column-is-layout-flow\" style=\"flex-basis:25%\"><\/div>\n<\/div>\n\n\n\n<h2 class=\"wp-block-heading\">Quais s\u00e3o as carater\u00edsticas do refrigerador de ar IC22?<\/h2>\n\n\n\n<p>O ambientador evaporativo m\u00f3vel IC22 disp\u00f5e de 3 velocidades para manter o controlo da pot\u00eancia e adaptar-se \u00e0s necessidades das equipas. O painel de controlo permite configurar a dire\u00e7\u00e3o do fluxo de ar da unidade, o tratamento da \u00e1gua atrav\u00e9s de um ionizador e a ativa\u00e7\u00e3o do fluxo de \u00e1gua sobre o meio filtrante. <\/p>\n\n\n\n<p>Esta potente unidade tem um caudal de 22.000 m3\/h, suficiente para arrefecer uma \u00e1rea at\u00e9 250 m2. O dep\u00f3sito de \u00e1gua pode armazenar at\u00e9 130 litros de \u00e1gua, garantindo um funcionamento ininterrupto numa grande \u00e1rea. <\/p>\n\n\n\n<p>Outra vantagem t\u00e9cnica, e n\u00e3o a menos importante, \u00e9 que um <strong>refrigerador de ar requer muito pouca \u00e1gua e eletricidade<\/strong>. O consumo de \u00e1gua situa-se entre 10 e 15 litros por hora. Muito mais eficiente do que um humidificador de ar ou um sistema de ventila\u00e7\u00e3o para arrefecer grandes espa\u00e7os.  <\/p>\n\n\n\n<p>Finalmente, o refrigerador de ar IC22 \u00e9 m\u00f3vel e est\u00e1vel. Pesa <strong>50 kg<\/strong> e tem rod\u00edzios macios para que o possas deslocar como quiseres. Inclui um telecomando para um controlo remoto f\u00e1cil.  <\/p>\n\n\n\n<blockquote class=\"wp-block-quote is-layout-flow wp-block-quote-is-layout-flow\">\n<figure class=\"wp-block-image aligncenter size-full\"><img decoding=\"async\" width=\"290\" height=\"98\" src=\"https:\/\/obera.fr\/wp-content\/uploads\/2025\/02\/green-modern-marketing-logo.png\" alt=\"log\u00f3tipo de marketing moderno e verde\" class=\"wp-image-61494\"\/><\/figure>\n\n\n\n<p>Filtro G4: o refrigerador de ar evaporativo IC22 est\u00e1 equipado com um filtro de ar G4 para melhorar a qualidade do ar. Esta \u00e9 uma vantagem definitiva para a sa\u00fade dos funcion\u00e1rios e para garantir o desempenho da m\u00e1quina. Tamb\u00e9m prolonga a vida \u00fatil do refrigerador, uma vez que fica menos obstru\u00eddo com sujidade e p\u00f3.  <\/p>\n<\/blockquote>\n\n\n\n<div class=\"wp-block-columns is-layout-flex wp-container-core-columns-is-layout-28f84493 wp-block-columns-is-layout-flex\">\n<div class=\"wp-block-column is-layout-flow wp-block-column-is-layout-flow\"><\/div>\n\n\n\n<div class=\"wp-block-column is-layout-flow wp-block-column-is-layout-flow\"><\/div>\n\n\n\n<div class=\"wp-block-column is-layout-flow wp-block-column-is-layout-flow\"><\/div>\n<\/div>\n\n\n\n<h3 class=\"wp-block-heading has-text-align-center\">IND\u00daSTRIAS<\/h3>\n\n\n\n<div class=\"wp-block-columns is-layout-flex wp-container-core-columns-is-layout-28f84493 wp-block-columns-is-layout-flex\">\n<div class=\"wp-block-column is-layout-flow wp-block-column-is-layout-flow\">\n<hr class=\"wp-block-separator has-alpha-channel-opacity\"\/>\n\n\n\n<div class=\"wp-block-columns is-layout-flex wp-container-core-columns-is-layout-28f84493 wp-block-columns-is-layout-flex\">\n<div class=\"wp-block-column is-layout-flow wp-block-column-is-layout-flow\">\n<figure class=\"wp-block-image aligncenter size-thumbnail is-resized\"><img decoding=\"async\" width=\"150\" height=\"150\" src=\"https:\/\/obera.fr\/wp-content\/uploads\/2022\/02\/Textile-150x150.png\" alt=\"t\u00eaxtil\" class=\"wp-image-8855\"\/><figcaption class=\"wp-element-caption\">T\u00eaxteis<\/figcaption><\/figure>\n\n\n\n<figure class=\"wp-block-image aligncenter size-thumbnail is-resized\"><img decoding=\"async\" width=\"150\" height=\"150\" src=\"https:\/\/obera.fr\/wp-content\/uploads\/2022\/02\/Plastique-150x150.png\" alt=\"pl\u00e1stico\" class=\"wp-image-8854\"\/><figcaption class=\"wp-element-caption\">Pl\u00e1stico<\/figcaption><\/figure>\n\n\n\n<figure class=\"wp-block-image aligncenter size-thumbnail is-resized\"><img decoding=\"async\" width=\"150\" height=\"150\" src=\"https:\/\/obera.fr\/wp-content\/uploads\/2023\/02\/sans-titre-2023-02-14t104609.147-150x150.png\" alt=\"Log\u00edstica\" class=\"wp-image-18825\"\/><figcaption class=\"wp-element-caption\">Log\u00edstica<\/figcaption><\/figure>\n<\/div>\n\n\n\n<div class=\"wp-block-column is-layout-flow wp-block-column-is-layout-flow\">\n<figure class=\"wp-block-image aligncenter size-thumbnail is-resized\"><img decoding=\"async\" width=\"150\" height=\"150\" src=\"https:\/\/obera.fr\/wp-content\/uploads\/2022\/02\/MINERAIS-150x150.png\" alt=\"min\u00e9rios\" class=\"wp-image-8847\"\/><figcaption class=\"wp-element-caption\">Minerais<\/figcaption><\/figure>\n\n\n\n<figure class=\"wp-block-image aligncenter size-thumbnail is-resized\"><img decoding=\"async\" width=\"150\" height=\"150\" src=\"https:\/\/obera.fr\/wp-content\/uploads\/2022\/02\/Metalurgie-150x150.png\" alt=\"metalurgia\" class=\"wp-image-8857\"\/><figcaption class=\"wp-element-caption\">Metalurgia<\/figcaption><\/figure>\n\n\n\n<figure class=\"wp-block-image aligncenter size-thumbnail is-resized\"><img decoding=\"async\" width=\"150\" height=\"150\" src=\"https:\/\/obera.fr\/wp-content\/uploads\/2023\/02\/sans-titre-2023-02-14t102211.641-150x150.png\" alt=\"Agricultura\" class=\"wp-image-18828\"\/><figcaption class=\"wp-element-caption\">Agricultura<\/figcaption><\/figure>\n<\/div>\n<\/div>\n<\/div>\n\n\n\n<div class=\"wp-block-column is-layout-flow wp-block-column-is-layout-flow\">\n<hr class=\"wp-block-separator has-alpha-channel-opacity\"\/>\n\n\n\n<div class=\"wp-block-columns is-layout-flex wp-container-core-columns-is-layout-28f84493 wp-block-columns-is-layout-flex\">\n<div class=\"wp-block-column is-layout-flow wp-block-column-is-layout-flow\">\n<figure class=\"wp-block-image aligncenter size-thumbnail is-resized\"><img decoding=\"async\" width=\"150\" height=\"150\" src=\"https:\/\/obera.fr\/wp-content\/uploads\/2022\/02\/Chimie-150x150.png\" alt=\"qu\u00edmica\" class=\"wp-image-8846\"\/><figcaption class=\"wp-element-caption\">Qu\u00edmica<\/figcaption><\/figure>\n\n\n\n<figure class=\"wp-block-image aligncenter size-thumbnail is-resized\"><img decoding=\"async\" width=\"150\" height=\"150\" src=\"https:\/\/obera.fr\/wp-content\/uploads\/2022\/02\/Travail-du-bois-150x150.png\" alt=\"trabalho da madeira\" class=\"wp-image-8856\"\/><figcaption class=\"wp-element-caption\">Trabalhos em madeira<\/figcaption><\/figure>\n\n\n\n<figure class=\"wp-block-image aligncenter size-thumbnail is-resized\"><img decoding=\"async\" width=\"150\" height=\"150\" src=\"https:\/\/obera.fr\/wp-content\/uploads\/2023\/02\/sans-titre-2023-02-14t101920.185-150x150.png\" alt=\"Avia\u00e7\u00e3o\" class=\"wp-image-18831\"\/><figcaption class=\"wp-element-caption\">Avia\u00e7\u00e3o<\/figcaption><\/figure>\n<\/div>\n\n\n\n<div class=\"wp-block-column is-layout-flow wp-block-column-is-layout-flow\">\n<figure class=\"wp-block-image aligncenter size-thumbnail is-resized\"><img decoding=\"async\" width=\"150\" height=\"150\" src=\"https:\/\/obera.fr\/wp-content\/uploads\/2022\/02\/AGROALIMENTAIRE-150x150.png\" alt=\"agroalimentar\" class=\"wp-image-8844\"\/><figcaption class=\"wp-element-caption\">Ind\u00fastria alimentar<\/figcaption><\/figure>\n\n\n\n<figure class=\"wp-block-image aligncenter size-thumbnail is-resized\"><img decoding=\"async\" width=\"150\" height=\"150\" src=\"https:\/\/obera.fr\/wp-content\/uploads\/2022\/02\/Papier-carton-150x150.png\" alt=\"papel e cart\u00e3o\" class=\"wp-image-8853\"\/><figcaption class=\"wp-element-caption\">Papel\/Cart\u00e3o<\/figcaption><\/figure>\n\n\n\n<figure class=\"wp-block-image aligncenter size-thumbnail is-resized\"><img decoding=\"async\" width=\"150\" height=\"150\" src=\"https:\/\/obera.fr\/wp-content\/uploads\/2023\/02\/sans-titre-2023-02-14t101712.416-150x150.png\" alt=\"Autom\u00f3vel\" class=\"wp-image-18834\"\/><figcaption class=\"wp-element-caption\">Autom\u00f3vel<\/figcaption><\/figure>\n<\/div>\n<\/div>\n<\/div>\n<\/div>\n\n\n\n<figure class=\"wp-block-table\"><table class=\"has-fixed-layout\"><tbody><tr><td>Fluxo<\/td><td>m3\/h<\/td><td>22 000<\/td><\/tr><tr><td>N\u00famero de velocidades<\/td><td><\/td><td>3<\/td><\/tr><tr><td>Tens\u00e3o<\/td><td>V<\/td><td>230<\/td><\/tr><tr><td>Corrente nominal<\/td><td>A<\/td><td>2.8<\/td><\/tr><tr><td>Pot\u00eancia<\/td><td>W<\/td><td>640<\/td><\/tr><tr><td>Dimens\u00f5es<\/td><td>l\/L\/h (mm)<\/td><td>1120 x 640 x 1600<\/td><\/tr><tr><td>Peso<\/td><td>kg<\/td><td>50<\/td><\/tr><tr><td>N\u00edvel de ru\u00eddo<\/td><td>dB(A)<\/td><td>58\/64\/68<\/td><\/tr><tr><td>Tratamento de superf\u00edcie<\/td><td>m\u00b2<\/td><td>150 \u00e0 250<\/td><\/tr><tr><td>Capacidade do dep\u00f3sito<\/td><td>L<\/td><td>130<\/td><\/tr><tr><td>Consumo de \u00e1gua<\/td><td>L\/h<\/td><td>10 \u00e0 15<\/td><\/tr><\/tbody><\/table><\/figure>\n\n\n\n<div class=\"wp-block-columns is-layout-flex wp-container-core-columns-is-layout-28f84493 wp-block-columns-is-layout-flex\">\n<div class=\"wp-block-column is-layout-flow wp-block-column-is-layout-flow\">\n<div class=\"wp-block-buttons is-content-justification-center is-layout-flex wp-container-core-buttons-is-layout-a89b3969 wp-block-buttons-is-layout-flex\">\n<div class=\"wp-block-button\"><a class=\"wp-block-button__link wp-element-button\" href=\"https:\/\/obera.fr\/wp-content\/uploads\/2025\/04\/brochure-ic-22-en.pdf\">DESCARREGA A BROCHURA<\/a><\/div>\n<\/div>\n<\/div>\n\n\n\n<div class=\"wp-block-column is-layout-flow wp-block-column-is-layout-flow\">\n<div class=\"wp-block-buttons is-horizontal is-content-justification-center is-layout-flex wp-container-core-buttons-is-layout-03627597 wp-block-buttons-is-layout-flex\">\n<div class=\"wp-block-button has-custom-width wp-block-button__width-100\"><a class=\"wp-block-button__link wp-element-button\" href=\"https:\/\/obera.fr\/pt-pt\/contacta-nos\/\">Saber mais<\/a><\/div>\n<\/div>\n<\/div>\n<\/div>\n\n\n\n<blockquote class=\"wp-block-quote is-layout-flow wp-block-quote-is-layout-flow\">\n<p>\u00c9 bom saberes: <strong>A OberA vende electrodom\u00e9sticos novos e usados<\/strong>. Os produtos em segunda m\u00e3o s\u00e3o reparados, revistos e recondicionados e t\u00eam uma garantia de um ano. Cada produto em segunda m\u00e3o tem uma classifica\u00e7\u00e3o: classe A (quase novo), classe B (estado interm\u00e9dio com ligeiros sinais de desgaste) e classe C (estado deteriorado, mas apenas do ponto de vista est\u00e9tico). A nossa loja online garante-te um pagamento seguro e uma entrega r\u00e1pida dos produtos.   <\/p>\n<\/blockquote>\n\n\n\n<h2 class=\"wp-block-heading\">Refrigeradores evaporativos: as vantagens do modelo IC22<\/h2>\n\n\n\n<p>O design do purificador de ar IC22 torna-o particularmente <strong>confort\u00e1vel para o teu pessoal<\/strong>. Contribui de forma significativa para o seu bem-estar, espalhando ar fresco sem qualquer efeito de arrefecimento. Com um n\u00edvel sonoro de 66 dB(A), o aparelho \u00e9 silencioso sem comprometer o seu desempenho. E como \u00e9 muito f\u00e1cil de manusear, o teu pessoal pode desloc\u00e1-lo para onde quiser para desfrutar de um ar agrad\u00e1vel.   <\/p>\n\n\n\n<p>O n\u00edvel de humidade gerado no ar (5% a 10%) tamb\u00e9m ajuda a proteger o teu equipamento. Esta carater\u00edstica \u00e9 particularmente <strong>adequada para estufas ou instala\u00e7\u00f5es agr\u00edcolas<\/strong> com equipamento e produtos sens\u00edveis ao calor e ao ar seco. <\/p>\n\n\n\n<p>Em termos de investimento, este <a href=\"https:\/\/obera.fr\/pt-pt\/produits\/rafraichisseurs-air\/\" data-type=\"page\" data-id=\"368\">refrigerador de ar adiab\u00e1tico<\/a> consome at\u00e9 80% menos energia do que um aparelho de ar condicionado convencional. <strong>Para<\/strong> al\u00e9m do consumo de eletricidade, <strong>um chiller utiliza um compressor e um refrigerante para arrefecer o ar ambiente<\/strong>, o que tamb\u00e9m \u00e9 um componente menos amigo do ambiente. <\/p>\n\n\n\n<div class=\"wp-block-columns is-layout-flex wp-container-core-columns-is-layout-28f84493 wp-block-columns-is-layout-flex\">\n<div class=\"wp-block-column is-layout-flow wp-block-column-is-layout-flow\">\n<h3 class=\"wp-block-heading\">Vantagens :<\/h3>\n\n\n\n<ul class=\"wp-block-list\">\n<li>Respeita o ambiente;<\/li>\n\n\n\n<li>Equipamento m\u00f3vel f\u00e1cil de manusear;<\/li>\n\n\n\n<li>Caudal que pode arrefecer espa\u00e7os de 250 m2 ;<\/li>\n\n\n\n<li>Liga e joga.<\/li>\n<\/ul>\n<\/div>\n\n\n\n<div class=\"wp-block-column is-layout-flow wp-block-column-is-layout-flow\">\n<h3 class=\"wp-block-heading\">Carater\u00edsticas especiais:<\/h3>\n\n\n\n<ul class=\"wp-block-list\">\n<li>Efici\u00eancia energ\u00e9tica (\u00e1gua e eletricidade) ;<\/li>\n\n\n\n<li>Filtragem de poeiras (filtro G4) ;<\/li>\n\n\n\n<li>Fun\u00e7\u00e3o de temporizador para arranque e paragem autom\u00e1ticos<\/li>\n\n\n\n<li>N\u00e3o h\u00e1 instala\u00e7\u00e3o de tubagens ou condutas de extra\u00e7\u00e3o;<\/li>\n\n\n\n<li>N\u00e3o tem custos de instala\u00e7\u00e3o.<\/li>\n<\/ul>\n<\/div>\n\n\n\n<div class=\"wp-block-column is-layout-flow wp-block-column-is-layout-flow\">\n<h3 class=\"wp-block-heading\">Carater\u00edsticas :<\/h3>\n\n\n\n<ul class=\"wp-block-list\">\n<li>N\u00e3o h\u00e1 efeito de &#8220;onda de frio&#8221;;<\/li>\n\n\n\n<li>Modo de oscila\u00e7\u00e3o do caudal de ar ;<\/li>\n\n\n\n<li>Mant\u00e9m os n\u00edveis de humidade ideais.<\/li>\n<\/ul>\n<\/div>\n<\/div>\n\n\n\n<h2 class=\"wp-block-heading\">Testa o nosso refrigerador de ar IC22<\/h2>\n\n\n\n<p>Oferecemos<strong> a possibilidade de alugar\/testar este equipamento por um per\u00edodo m\u00e9dio de um m\u00eas<\/strong>, com entrega r\u00e1pida para um teste quase instant\u00e2neo na tua oficina. Se decidires validar a solu\u00e7\u00e3o, n\u00e3o pagar\u00e1s qualquer diferen\u00e7a! Caso contr\u00e1rio, avaliaremos o desempenho do equipamento e sugeriremos um refrigerador mais adequado \u00e0s tuas necessidades e especifica\u00e7\u00f5es.  <\/p>\n\n\n\n<div class=\"wp-block-buttons is-content-justification-center is-layout-flex wp-container-core-buttons-is-layout-a89b3969 wp-block-buttons-is-layout-flex\">\n<div class=\"wp-block-button\"><a class=\"wp-block-button__link wp-element-button\" href=\"https:\/\/obera.fr\/pt-pt\/contact\/\">CONTACTA-NOS<\/a><\/div>\n<\/div>\n","protected":false},"excerpt":{"rendered":"<p>Ecol\u00f3gico e econ\u00f3mico, o ambientador com filtro evaporativo \u00e9 ideal para gerar um ar mais fresco de cerca de 10 a 20\u00b0C nos teus espa\u00e7os de trabalho. Refrigerador de ar com filtro evaporativo OberA: como funciona? A gama IC22 de refrigeradores de ar evaporativos inclui pain\u00e9is alveolares que s\u00e3o constantemente embebidos em \u00e1gua. O ventilador helicoidal axial na parte de tr\u00e1s da unidade aspira o ar quente e passa-o atrav\u00e9s dos pain\u00e9is de arrefecimento. O ar quente vaporiza e arrefece em contacto com a \u00e1gua. Este fen\u00f3meno \u00e9 conhecido como &#8220;efeito de arrefecimento &#8221; e reduz a temperatura do ar &#8230; <\/p>\n<p class=\"read-more-container\"><a title=\"IC22 refrigerador de ar com filtro evaporativo\" class=\"read-more button\" href=\"https:\/\/obera.fr\/pt-pt\/produits\/rafraichisseurs-air\/rafraichisseurs-par-evaporation-ic\/ic22-filtrant-par-evaporation\/#more-37346\" aria-label=\"Leia mais sobre IC22 refrigerador de ar com filtro evaporativo\">Lire la suite<\/a><\/p>\n","protected":false},"author":4,"featured_media":83747,"parent":37482,"menu_order":0,"comment_status":"closed","ping_status":"closed","template":"","meta":{"_acf_changed":false,"_seopress_robots_primary_cat":"","_seopress_titles_title":"IC22, Arrefecedor evaporativo industrial","_seopress_titles_desc":"Ecol\u00f3gico e econ\u00f3mico, o purificador de ar com filtro evaporativo IC22 \u00e9 ideal para gerar um ar mais fresco de cerca de 10 a 20\u00b0C nos teus espa\u00e7os de trabalho.","_seopress_robots_index":"","footnotes":""},"class_list":{"0":"post-37346","1":"page","2":"type-page","3":"status-publish","4":"has-post-thumbnail","6":"no-featured-image-padding","7":"resize-featured-image"},"acf":[],"_links":{"self":[{"href":"https:\/\/obera.fr\/pt-pt\/wp-json\/wp\/v2\/pages\/37346","targetHints":{"allow":["GET"]}}],"collection":[{"href":"https:\/\/obera.fr\/pt-pt\/wp-json\/wp\/v2\/pages"}],"about":[{"href":"https:\/\/obera.fr\/pt-pt\/wp-json\/wp\/v2\/types\/page"}],"author":[{"embeddable":true,"href":"https:\/\/obera.fr\/pt-pt\/wp-json\/wp\/v2\/users\/4"}],"replies":[{"embeddable":true,"href":"https:\/\/obera.fr\/pt-pt\/wp-json\/wp\/v2\/comments?post=37346"}],"version-history":[{"count":8,"href":"https:\/\/obera.fr\/pt-pt\/wp-json\/wp\/v2\/pages\/37346\/revisions"}],"predecessor-version":[{"id":88707,"href":"https:\/\/obera.fr\/pt-pt\/wp-json\/wp\/v2\/pages\/37346\/revisions\/88707"}],"up":[{"embeddable":true,"href":"https:\/\/obera.fr\/pt-pt\/wp-json\/wp\/v2\/pages\/37482"}],"wp:featuredmedia":[{"embeddable":true,"href":"https:\/\/obera.fr\/pt-pt\/wp-json\/wp\/v2\/media\/83747"}],"wp:attachment":[{"href":"https:\/\/obera.fr\/pt-pt\/wp-json\/wp\/v2\/media?parent=37346"}],"curies":[{"name":"wp","href":"https:\/\/api.w.org\/{rel}","templated":true}]}}