{"id":42470,"date":"2020-08-26T16:20:46","date_gmt":"2020-08-26T14:20:46","guid":{"rendered":"https:\/\/obera.fr\/a-historia-da-obera\/"},"modified":"2025-05-15T10:19:17","modified_gmt":"2025-05-15T08:19:17","slug":"histoire","status":"publish","type":"page","link":"https:\/\/obera.fr\/pt-pt\/decouvrir\/histoire\/","title":{"rendered":"A hist\u00f3ria da OberA"},"content":{"rendered":"\n<h2 class=\"wp-block-heading\">O teu parceiro para um ar saud\u00e1vel no local de trabalho!<\/h2>\n\n<p><\/p>\n\n<figure class=\"wp-block-image alignright size-medium is-resized\"><img decoding=\"async\" width=\"300\" height=\"85\" src=\"https:\/\/obera.fr\/wp-content\/uploads\/2025\/05\/obera-logo-fr-rvb-v2-300x85.png\" alt=\"obera logo en rvb v2\" class=\"wp-image-100991\" srcset=\"https:\/\/obera.fr\/wp-content\/uploads\/2025\/05\/obera-logo-fr-rvb-v2-300x85.png 300w, https:\/\/obera.fr\/wp-content\/uploads\/2025\/05\/obera-logo-fr-rvb-v2-1024x291.png 1024w, https:\/\/obera.fr\/wp-content\/uploads\/2025\/05\/obera-logo-fr-rvb-v2-768x218.png 768w, https:\/\/obera.fr\/wp-content\/uploads\/2025\/05\/obera-logo-fr-rvb-v2-1536x437.png 1536w, https:\/\/obera.fr\/wp-content\/uploads\/2025\/05\/obera-logo-fr-rvb-v2.png 1995w\" sizes=\"(max-width: 300px) 100vw, 300px\" \/><\/figure>\n\n<p>Em Fran\u00e7a, a polui\u00e7\u00e3o atmosf\u00e9rica \u00e9 respons\u00e1vel por quase 50.000 mortes por ano. Embora os desafios da qualidade do ar sejam bem reconhecidos nos ambientes urbanos, continuam a ser largamente subestimados no local de trabalho. No entanto, o ar interior nas empresas pode ser <strong>10 a 50 vezes mais polu\u00eddo<\/strong> do que o ar exterior.  <\/p>\n\n<p><\/p>\n\n<p>H\u00e1 muitas fontes de polui\u00e7\u00e3o:<\/p>\n\n<ul class=\"wp-block-list\">\n<li><strong>Emiss\u00f5es ligadas a processos industriais<\/strong> (vapores, fumos, n\u00e9voas de \u00f3leo),<\/li>\n\n\n\n<li><strong>Manuseamento e transporte<\/strong> de mat\u00e9rias-primas,<\/li>\n\n\n\n<li><strong>Produtos utilizados na produ\u00e7\u00e3o<\/strong> (COV, odores, poeiras, v\u00edrus, etc.).<\/li>\n<\/ul>\n\n<p><\/p>\n\n<p>Estes poluentes, gasosos ou particulados, t\u00eam um impacto direto na sa\u00fade dos trabalhadores, mas tamb\u00e9m no desempenho industrial: aumento da sucata, reclama\u00e7\u00f5es dos clientes, diminui\u00e7\u00e3o da produtividade e aumento dos custos de manuten\u00e7\u00e3o.<\/p>\n\n<p><\/p>\n\n<h3 class=\"wp-block-heading\">Uma resposta inovadora a limites contrastantes<\/h3>\n\n<p>A exposi\u00e7\u00e3o a poluentes conduz a <strong>problemas de sa\u00fade<\/strong> e pode causar doen\u00e7as nos trabalhadores expostos. Al\u00e9m disso, a m\u00e1 qualidade do ar tem repercuss\u00f5es nas <strong>taxas de refugo<\/strong>, nas <strong>queixas dos clientes<\/strong>, na <strong>produtividade<\/strong> e na frequ\u00eancia de <strong>manuten\u00e7\u00e3o<\/strong> do equipamento de produ\u00e7\u00e3o. <\/p>\n\n<p>Para lidar com estes poluentes, recorremos geralmente a solu\u00e7\u00f5es de captura, despoeiramento e filtragem, e com raz\u00e3o. No entanto, estas solu\u00e7\u00f5es raramente s\u00e3o suficientes para resolver completamente os problemas de qualidade do ar, especialmente quando a polui\u00e7\u00e3o \u00e9 difusa. Al\u00e9m disso, os fabricantes de equipamentos de despoeiramento e filtragem raramente se comprometem com os n\u00edveis de polui\u00e7\u00e3o ambiental residual ou com <strong>o cumprimento dos regulamentos VLEP<\/strong>.  <\/p>\n\n<p><a href=\"https:\/\/obera.fr\/pt-pt\/decouvrir\/\" data-type=\"page\" data-id=\"731\">A OberA<\/a> apresenta uma <strong>abordagem inovadora e \u00fanica <\/strong>para te<strong> garantir um ar saud\u00e1vel. <\/strong>Esta abordagem \u00e9 o resultado de mais de 20 anos de experi\u00eancia no dom\u00ednio da remo\u00e7\u00e3o de poeiras, filtragem e tratamento do ar.  <\/p>\n\n<p><\/p>\n\n<div class=\"wp-block-buttons is-content-justification-center is-layout-flex wp-container-core-buttons-is-layout-a89b3969 wp-block-buttons-is-layout-flex\">\n<div class=\"wp-block-button\"><a class=\"wp-block-button__link wp-element-button\" href=\"https:\/\/obera.fr\/pt-pt\/produits\/\">Descobre a nossa gama de solu\u00e7\u00f5es para garantir a qualidade do teu ar<\/a><\/div>\n<\/div>\n\n<p><\/p>\n\n<h3 class=\"wp-block-heading\">OberA, uma nova vis\u00e3o do tratamento do ar<\/h3>\n\n<p>Com mais de 20 anos de experi\u00eancia em despoeiramento, filtragem e purifica\u00e7\u00e3o do ar, <strong>a OberA oferece uma abordagem global, inovadora e orientada para os resultados<\/strong>, baseada em quatro etapas fundamentais:<\/p>\n\n<ol class=\"wp-block-list\">\n<li><strong>Diagn\u00f3stico preciso<\/strong>: identifica\u00e7\u00e3o das fontes de polui\u00e7\u00e3o e medi\u00e7\u00e3o das concentra\u00e7\u00f5es e tamanhos das part\u00edculas.<\/li>\n\n\n\n<li><strong>Fase de teste sem compromisso<\/strong>: instala\u00e7\u00e3o de equipamento de teste ou de aluguer para validar o desempenho t\u00e9cnico e garantir os resultados.<\/li>\n\n\n\n<li><strong>Aplica\u00e7\u00e3o da solu\u00e7\u00e3o adequada<\/strong>: capta\u00e7\u00e3o na fonte, tratamento do ar ambiente (purifica\u00e7\u00e3o), filtragem fina.<\/li>\n\n\n\n<li><strong>Monitoriza\u00e7\u00e3o em tempo real<\/strong>: monitoriza\u00e7\u00e3o cont\u00ednua da qualidade do ar e manuten\u00e7\u00e3o conectada (Ind\u00fastria 4.0).<\/li>\n<\/ol>\n\n<blockquote class=\"wp-block-quote is-layout-flow wp-block-quote-is-layout-flow\">\n<p><strong>Autoriza a utiliza\u00e7\u00e3o de informa\u00e7\u00e3o privilegiada!<\/strong><\/p>\n<\/blockquote>\n\n<p>Desta forma, <a href=\"https:\/\/obera.fr\/pt-pt\/decouvrir\/os-nossos-clientes\/\" data-type=\"page\" data-id=\"743\">os clientes da OberA<\/a> investem em equipamentos que lhes garantem um melhor n\u00edvel de qualidade do ar, ao mesmo tempo que t\u00eam pleno conhecimento dos resultados, dos custos de investimento e dos custos de funcionamento.<\/p>\n\n<p><\/p>\n\n<div class=\"wp-block-buttons is-horizontal is-content-justification-center is-layout-flex wp-container-core-buttons-is-layout-03627597 wp-block-buttons-is-layout-flex\">\n<div class=\"wp-block-button\"><a class=\"wp-block-button__link wp-element-button\" href=\"https:\/\/obera.fr\/pt-pt\/produits\/\">Descobre a nossa gama completa<\/a><\/div>\n<\/div>\n\n<div style=\"height:35px\" aria-hidden=\"true\" class=\"wp-block-spacer\"><\/div>\n\n<div class=\"wp-block-columns is-layout-flex wp-container-core-columns-is-layout-28f84493 wp-block-columns-is-layout-flex\">\n<div class=\"wp-block-column is-layout-flow wp-block-column-is-layout-flow\"><\/div>\n\n\n\n<div class=\"wp-block-column is-layout-flow wp-block-column-is-layout-flow\">\n<figure class=\"wp-block-video\"><video height=\"1080\" style=\"aspect-ratio: 1920 \/ 1080;\" width=\"1920\" autoplay=\"\" controls=\"\" loop=\"\" muted=\"\" poster=\"https:\/\/obera.fr\/wp-content\/uploads\/2025\/05\/capture-decran-2025-05-14-100342.png\" src=\"https:\/\/obera.fr\/wp-content\/uploads\/2025\/05\/made_in_france_obera_fr.mp4\"><\/video><\/figure>\n<\/div>\n\n\n\n<div class=\"wp-block-column is-layout-flow wp-block-column-is-layout-flow\"><\/div>\n<\/div>\n\n<p><\/p>\n\n<h3 class=\"wp-block-heading\">Investir com seguran\u00e7a<\/h3>\n\n<p>Com a OberA, beneficia de solu\u00e7\u00f5es comprovadas que garantem uma melhoria mensur\u00e1vel da qualidade do ar, <strong>com total transpar\u00eancia sobre os resultados, o investimento e os custos de funcionamento<\/strong>.<\/p>\n\n<blockquote class=\"wp-block-quote is-layout-flow wp-block-quote-is-layout-flow\">\n<p>Porque o ar saud\u00e1vel n\u00e3o \u00e9 uma op\u00e7\u00e3o, \u00e9 um requisito.<\/p>\n\n\n\n<p><\/p>\n<\/blockquote>\n","protected":false},"excerpt":{"rendered":"<p>O teu parceiro para um ar saud\u00e1vel no local de trabalho! Em Fran\u00e7a, a polui\u00e7\u00e3o atmosf\u00e9rica \u00e9 respons\u00e1vel por quase 50.000 mortes por ano. Embora os desafios da qualidade do ar sejam bem reconhecidos nos ambientes urbanos, continuam a ser largamente subestimados no local de trabalho. No entanto, o ar interior nas empresas pode ser 10 a 50 vezes mais polu\u00eddo do que o ar exterior. H\u00e1 muitas fontes de polui\u00e7\u00e3o: Estes poluentes, gasosos ou particulados, t\u00eam um impacto direto na sa\u00fade dos trabalhadores, mas tamb\u00e9m no desempenho industrial: aumento da sucata, reclama\u00e7\u00f5es dos clientes, diminui\u00e7\u00e3o da produtividade e aumento &#8230; <\/p>\n<p class=\"read-more-container\"><a title=\"A hist\u00f3ria da OberA\" class=\"read-more button\" href=\"https:\/\/obera.fr\/pt-pt\/decouvrir\/histoire\/#more-42470\" aria-label=\"Leia mais sobre A hist\u00f3ria da OberA\">Lire la suite<\/a><\/p>\n","protected":false},"author":4,"featured_media":84820,"parent":42552,"menu_order":0,"comment_status":"closed","ping_status":"closed","template":"","meta":{"_acf_changed":false,"_seopress_robots_primary_cat":"","_seopress_titles_title":"Descobre a hist\u00f3ria da oberA h\u00e1 mais de 20 anos","_seopress_titles_desc":"Mais de 20 anos de experi\u00eancia na remo\u00e7\u00e3o de poeiras, filtragem e tratamento de ar. OBERA oferece-te uma abordagem inovadora e \u00fanica.","_seopress_robots_index":"","footnotes":""},"class_list":{"0":"post-42470","1":"page","2":"type-page","3":"status-publish","4":"has-post-thumbnail","6":"no-featured-image-padding","7":"resize-featured-image"},"acf":[],"_links":{"self":[{"href":"https:\/\/obera.fr\/pt-pt\/wp-json\/wp\/v2\/pages\/42470","targetHints":{"allow":["GET"]}}],"collection":[{"href":"https:\/\/obera.fr\/pt-pt\/wp-json\/wp\/v2\/pages"}],"about":[{"href":"https:\/\/obera.fr\/pt-pt\/wp-json\/wp\/v2\/types\/page"}],"author":[{"embeddable":true,"href":"https:\/\/obera.fr\/pt-pt\/wp-json\/wp\/v2\/users\/4"}],"replies":[{"embeddable":true,"href":"https:\/\/obera.fr\/pt-pt\/wp-json\/wp\/v2\/comments?post=42470"}],"version-history":[{"count":3,"href":"https:\/\/obera.fr\/pt-pt\/wp-json\/wp\/v2\/pages\/42470\/revisions"}],"predecessor-version":[{"id":101301,"href":"https:\/\/obera.fr\/pt-pt\/wp-json\/wp\/v2\/pages\/42470\/revisions\/101301"}],"up":[{"embeddable":true,"href":"https:\/\/obera.fr\/pt-pt\/wp-json\/wp\/v2\/pages\/42552"}],"wp:featuredmedia":[{"embeddable":true,"href":"https:\/\/obera.fr\/pt-pt\/wp-json\/wp\/v2\/media\/84820"}],"wp:attachment":[{"href":"https:\/\/obera.fr\/pt-pt\/wp-json\/wp\/v2\/media?parent=42470"}],"curies":[{"name":"wp","href":"https:\/\/api.w.org\/{rel}","templated":true}]}}