{"id":42923,"date":"2024-05-07T09:40:58","date_gmt":"2024-05-07T07:40:58","guid":{"rendered":"https:\/\/obera.fr\/os-nossos-produtos\/unidades-moveis-de-aspiracao\/mesa-movel-epurbox-tsp\/"},"modified":"2025-06-30T14:00:09","modified_gmt":"2025-06-30T12:00:09","slug":"epurbox-tsp","status":"publish","type":"page","link":"https:\/\/obera.fr\/pt-pt\/produits\/caissons-mobiles-aspiration\/epurbox-tsp\/","title":{"rendered":"Mesa de aspira\u00e7\u00e3o Atex: o nosso conselho"},"content":{"rendered":"\n<div class=\"wp-block-columns is-layout-flex wp-container-core-columns-is-layout-28f84493 wp-block-columns-is-layout-flex\">\n<div class=\"wp-block-column is-vertically-aligned-top is-layout-flow wp-block-column-is-layout-flow\" style=\"flex-basis:33.33%\">\n<figure class=\"wp-block-image aligncenter size-full is-resized\"><img decoding=\"async\" width=\"1200\" height=\"1200\" src=\"https:\/\/obera.fr\/wp-content\/uploads\/2024\/05\/epurbox-tsp.png\" alt=\"mesa de aspira&#xE7;&#xE3;o epurbox tsp\" class=\"wp-image-30348\" style=\"width:296px;height:346px\" srcset=\"https:\/\/obera.fr\/wp-content\/uploads\/2024\/05\/epurbox-tsp.png 1200w, https:\/\/obera.fr\/wp-content\/uploads\/2024\/05\/epurbox-tsp-300x300.png 300w, https:\/\/obera.fr\/wp-content\/uploads\/2024\/05\/epurbox-tsp-1024x1024.png 1024w, https:\/\/obera.fr\/wp-content\/uploads\/2024\/05\/epurbox-tsp-150x150.png 150w, https:\/\/obera.fr\/wp-content\/uploads\/2024\/05\/epurbox-tsp-768x768.png 768w\" sizes=\"(max-width: 1200px) 100vw, 1200px\" \/><figcaption class=\"wp-element-caption\">ePURbox TSP<\/figcaption><\/figure>\n<\/div>\n\n\n\n<div class=\"wp-block-column is-layout-flow wp-block-column-is-layout-flow\" style=\"flex-basis:66.66%\">\n<p>A <strong>mesa de aspira\u00e7\u00e3o ePURBOX<\/strong> est\u00e1 diretamente integrada no aparelho ePURBOX. Disp\u00f5e do seu pr\u00f3prio sistema de filtragem e do seu pr\u00f3prio ventilador para tratar os odores e os COV. O revestimento da parede traseira assegura uma aspira\u00e7\u00e3o e uma capta\u00e7\u00e3o de poluentes muito eficazes em toda a superf\u00edcie da mesa de aspira\u00e7\u00e3o.  <\/p>\n\n\n\n<p>As part\u00edculas grossas s\u00e3o filtradas a montante por um pr\u00e9-filtro integrado (G4) para prolongar a vida \u00fatil dos cartuchos de carv\u00e3o ativado.<\/p>\n\n\n\n<p>O revestimento das paredes laterais assegura um n\u00edvel muito elevado de capta\u00e7\u00e3o de odores na superf\u00edcie da mesa. Por fim, o ar de processo \u00e9 filtrado por carv\u00e3o ativado (tipo A) e pode ser reintroduzido no espa\u00e7o de trabalho. <\/p>\n\n\n\n<hr class=\"wp-block-separator has-css-opacity is-style-dots\"\/>\n\n\n\n<div class=\"wp-block-columns is-layout-flex wp-container-core-columns-is-layout-28f84493 wp-block-columns-is-layout-flex\">\n<div class=\"wp-block-column is-layout-flow wp-block-column-is-layout-flow\" style=\"flex-basis:33.33%\">\n<div class=\"wp-block-buttons is-layout-flex wp-block-buttons-is-layout-flex\">\n<div class=\"wp-block-button\"><a class=\"wp-block-button__link wp-element-button\" href=\"https:\/\/obera.fr\/wp-content\/uploads\/2025\/04\/brochure-epurbox-tsp-atex-fr.pdf\">DESCARREGA A BROCHURA<\/a><\/div>\n<\/div>\n<\/div>\n\n\n\n<div class=\"wp-block-column is-layout-flow wp-block-column-is-layout-flow\" style=\"flex-basis:33.34%\">\n<div class=\"wp-block-buttons is-horizontal is-content-justification-center is-layout-flex wp-container-core-buttons-is-layout-03627597 wp-block-buttons-is-layout-flex\">\n<div class=\"wp-block-button has-custom-width wp-block-button__width-100\"><a class=\"wp-block-button__link wp-element-button\" href=\"https:\/\/obera.fr\/pt-pt\/contacta-nos\/\">Saber mais<\/a><\/div>\n<\/div>\n<\/div>\n\n\n\n<div class=\"wp-block-column is-layout-flow wp-block-column-is-layout-flow\" style=\"flex-basis:33.34%\">\n<div class=\"wp-block-buttons is-content-justification-center is-layout-flex wp-container-core-buttons-is-layout-a89b3969 wp-block-buttons-is-layout-flex\">\n<div class=\"wp-block-button btn-devis-source\"><a class=\"wp-block-button__link wp-element-button\" href=\"https:\/\/obera.fr\/pt-pt\/devis\/\">Solicita um or\u00e7amento<\/a><\/div>\n<\/div>\n\n\n<script>\r\ndocument.addEventListener('DOMContentLoaded', function() {\r\n    \/\/ 1. On cherche le titre H1 de la page\r\n    var h1 = document.querySelector('h1');\r\n    var productTitle = h1 ? h1.innerText.trim() : \"\";\r\n\r\n    \/\/ 2. On cherche les boutons via la classe CSS .btn-devis-source\r\n    var buttons = document.querySelectorAll('.btn-devis-source a');\r\n\r\n    \/\/ 3. Si on a le titre et les boutons, on ajoute le param\u00e8tre\r\n    if (buttons.length > 0 && productTitle !== \"\") {\r\n        var encodedTitle = encodeURIComponent(productTitle);\r\n\r\n        buttons.forEach(function(btn) {\r\n            var currentHref = btn.getAttribute('href');\r\n            \r\n            \/\/ S\u00e9curit\u00e9 pour ne pas ajouter le param\u00e8tre 2 fois\r\n            if (currentHref.indexOf('sujet=') === -1) {\r\n                var separator = currentHref.indexOf('?') !== -1 ? '&' : '?';\r\n                var newLink = currentHref + separator + 'sujet=' + encodedTitle;\r\n                \r\n                btn.setAttribute('href', newLink);\r\n            }\r\n        });\r\n    }\r\n});\r\n<\/script><\/div>\n<\/div>\n\n\n\n<div style=\"height:45px\" aria-hidden=\"true\" class=\"wp-block-spacer\"><\/div>\n<\/div>\n<\/div>\n\n<div class=\"wp-block-columns is-layout-flex wp-container-core-columns-is-layout-28f84493 wp-block-columns-is-layout-flex\">\n<div class=\"wp-block-column is-layout-flow wp-block-column-is-layout-flow\" style=\"flex-basis:33.34%\">\n<h3 class=\"wp-block-heading\">Benef\u00edcios<\/h3>\n\n\n\n<ul class=\"wp-block-list\">\n<li>Ventilador de efici\u00eancia muito elevada<\/li>\n\n\n\n<li>Silenciador<\/li>\n\n\n\n<li>M\u00f3vel, leve e f\u00e1cil de manusear<\/li>\n\n\n\n<li>Pegada pequena<\/li>\n\n\n\n<li>Manuten\u00e7\u00e3o f\u00e1cil do filtro<\/li>\n\n\n\n<li>Caudal regul\u00e1vel de 0 a 100%.<\/li>\n\n\n\n<li>Sistema Plug &amp; Play<\/li>\n<\/ul>\n<\/div>\n\n\n\n<div class=\"wp-block-column is-layout-flow wp-block-column-is-layout-flow\" style=\"flex-basis:33.34%\">\n<h3 class=\"wp-block-heading\">Carater\u00edsticas especiais<\/h3>\n\n\n\n<ul class=\"wp-block-list\">\n<li>Substitui\u00e7\u00e3o f\u00e1cil do meio filtrante<\/li>\n\n\n\n<li>Atualiz\u00e1vel e configur\u00e1vel<\/li>\n\n\n\n<li>Atex 2 g\u00e1s \/ Atex 22 p\u00f3<\/li>\n\n\n\n<li>Elevada capacidade de adsor\u00e7\u00e3o<\/li>\n\n\n\n<li>Contador de horas<\/li>\n\n\n\n<li>Indicador de filtro sujo<\/li>\n\n\n\n<li>220V<\/li>\n<\/ul>\n<\/div>\n\n\n\n<div class=\"wp-block-column is-layout-flow wp-block-column-is-layout-flow\" style=\"flex-basis:33.33%\">\n<h3 class=\"wp-block-heading\">Carater\u00edsticas<\/h3>\n\n\n\n<ul class=\"wp-block-list\">\n<li>Caudal m\u00e1ximo 1200 m3\/h<\/li>\n\n\n\n<li>di\u00e2metro de entrada 140 mm<\/li>\n\n\n\n<li>V\u00e1cuo m\u00e1ximo 1350 Pa<\/li>\n\n\n\n<li>Pot\u00eancia nominal 0,75 kW<\/li>\n\n\n\n<li>Filtro de carv\u00e3o ativado de 15 kg<\/li>\n\n\n\n<li>Dimens\u00f5es: 700 x 710 x 1060 mm<\/li>\n\n\n\n<li>Peso 90 kg<\/li>\n\n\n\n<li>N\u00edvel de ru\u00eddo 68 db<\/li>\n<\/ul>\n<\/div>\n<\/div>\n\n<h3 class=\"wp-block-heading\">Benef\u00edcios<\/h3>\n\n<p>A mesa de extra\u00e7\u00e3o ePURBOX foi concebida para uma <strong>utiliza\u00e7\u00e3o m\u00f3vel e \u00e9 adequada para um funcionamento cont\u00ednuo<\/strong>. A sua constru\u00e7\u00e3o robusta faz com que a mesa de extra\u00e7\u00e3o seja compacta e f\u00e1cil de manusear. Sob a grelha encontra-se uma gaveta para a elimina\u00e7\u00e3o simples e limpa dos res\u00edduos recolhidos durante o processo. A tecnologia EC garante<strong> um funcionamento silencioso <\/strong>e econ\u00f3mico.   <\/p>\n\n<h3 class=\"wp-block-heading\">Carater\u00edsticas especiais<\/h3>\n\n<p>A mesa de aspira\u00e7\u00e3o ePURBOX tem um bot\u00e3o de regula\u00e7\u00e3o cont\u00ednua do fluxo de ar. <strong>Podes ajustar manualmente o caudal de ar <\/strong>, conforme necess\u00e1rio, utilizando um <strong>bot\u00e3o rotativo <\/strong>. Existe tamb\u00e9m um contador de horas de funcionamento para que saibas quanto tempo os filtros est\u00e3o no interior, por exemplo, para saberes quando os deves mudar.  <\/p>\n\n<h3 class=\"wp-block-heading\">Carater\u00edsticas<\/h3>\n\n<p>Os materiais utilizados na conce\u00e7\u00e3o da<strong> mesa de aspira\u00e7\u00e3o ePURBOX<\/strong> tornam-na robusta e f\u00e1cil de manusear. A sua mobilidade e as suas dimens\u00f5es fazem desta mesa um espa\u00e7o de trabalho eficaz. <\/p>\n\n<h3 class=\"wp-block-heading\">Que poluentes podem ser tratados com a mesa ePURBOX?<\/h3>\n\n<p>A mesa de aspira\u00e7\u00e3o ePURBOX TSP \u00e9 eficaz contra .<\/p>\n\n<ul class=\"wp-block-list\">\n<li>Part\u00edculas geradas por lixagem e retifica\u00e7\u00e3o.<\/li>\n\n\n\n<li>Poeiras finas e ultrafinas ;<\/li>\n\n\n\n<li>Fumos met\u00e1licos ;<\/li>\n\n\n\n<li>Gases e vapores nocivos ;<\/li>\n<\/ul>\n\n<p><\/p>\n\n<div class=\"wp-block-columns is-layout-flex wp-container-core-columns-is-layout-28f84493 wp-block-columns-is-layout-flex\">\n<div class=\"wp-block-column is-layout-flow wp-block-column-is-layout-flow\" style=\"flex-basis:25%\"><\/div>\n\n\n\n<div class=\"wp-block-column is-layout-flow wp-block-column-is-layout-flow\" style=\"flex-basis:50%\">\n<figure class=\"wp-block-embed is-type-video is-provider-youtube wp-block-embed-youtube wp-embed-aspect-16-9 wp-has-aspect-ratio\"><div class=\"wp-block-embed__wrapper\">\n<iframe title=\"Caisson mobile d&#039;aspiration - ePURbox Atex - OberA\" width=\"1200\" height=\"675\" src=\"https:\/\/www.youtube.com\/embed\/vpDttbOwJGQ?start=1&#038;feature=oembed\" frameborder=\"0\" allow=\"accelerometer; autoplay; clipboard-write; encrypted-media; gyroscope; picture-in-picture; web-share\" referrerpolicy=\"strict-origin-when-cross-origin\" allowfullscreen><\/iframe>\n<\/div><\/figure>\n\n\n\n<p><\/p>\n<\/div>\n\n\n\n<div class=\"wp-block-column is-layout-flow wp-block-column-is-layout-flow\" style=\"flex-basis:25%\"><\/div>\n<\/div>\n\n<h2 class=\"wp-block-heading\">Aplica\u00e7\u00f5es industriais das mesas de aspira\u00e7\u00e3o ATEX<\/h2>\n\n<div class=\"wp-block-columns is-layout-flex wp-container-core-columns-is-layout-28f84493 wp-block-columns-is-layout-flex\">\n<div class=\"wp-block-column is-layout-flow wp-block-column-is-layout-flow\">\n<h3 class=\"wp-block-heading has-text-align-center\">Poluentes<\/h3>\n\n\n\n<div class=\"wp-block-columns is-layout-flex wp-container-core-columns-is-layout-28f84493 wp-block-columns-is-layout-flex\">\n<div class=\"wp-block-column is-layout-flow wp-block-column-is-layout-flow\">\n<figure class=\"wp-block-image aligncenter size-large\"><img decoding=\"async\" width=\"70\" height=\"70\" src=\"https:\/\/obera.fr\/wp-content\/uploads\/2021\/03\/industrie-fumees.jpg\" alt=\"fumos industriais\" class=\"wp-image-4971\"\/><figcaption class=\"wp-element-caption\">Fumos<\/figcaption><\/figure>\n\n\n\n<figure class=\"wp-block-image aligncenter size-large\"><img decoding=\"async\" width=\"70\" height=\"70\" src=\"https:\/\/obera.fr\/wp-content\/uploads\/2021\/03\/industrie-odeur-2.jpg\" alt=\"ind&#xFA;stria de odores 2\" class=\"wp-image-4972\"\/><figcaption class=\"wp-element-caption\">Odores<\/figcaption><\/figure>\n<\/div>\n\n\n\n<div class=\"wp-block-column is-layout-flow wp-block-column-is-layout-flow\">\n<figure class=\"wp-block-image aligncenter size-large\"><img decoding=\"async\" width=\"70\" height=\"70\" src=\"https:\/\/obera.fr\/wp-content\/uploads\/2021\/03\/polluants-poussieres-1.jpg\" alt=\"poeiras poluentes 1\" class=\"wp-image-4969\"\/><figcaption class=\"wp-element-caption\">Poeira<\/figcaption><\/figure>\n<\/div>\n<\/div>\n\n\n\n<p><\/p>\n<\/div>\n\n\n\n<div class=\"wp-block-column is-layout-flow wp-block-column-is-layout-flow\">\n<h3 class=\"wp-block-heading has-text-align-center\">ind\u00fastrias<\/h3>\n\n\n\n<div class=\"wp-block-columns is-layout-flex wp-container-core-columns-is-layout-28f84493 wp-block-columns-is-layout-flex\">\n<div class=\"wp-block-column is-layout-flow wp-block-column-is-layout-flow\">\n<figure class=\"wp-block-image aligncenter size-large\"><img decoding=\"async\" width=\"70\" height=\"70\" src=\"https:\/\/obera.fr\/wp-content\/uploads\/2021\/03\/industrie-metallurgie-1.jpg\" alt=\"ind&#xFA;stria metal&#xFA;rgica 1\" class=\"wp-image-4975\"\/><figcaption class=\"wp-element-caption\">Metalurgia<\/figcaption><\/figure>\n\n\n\n<figure class=\"wp-block-image aligncenter size-large\"><img decoding=\"async\" width=\"70\" height=\"70\" src=\"https:\/\/obera.fr\/wp-content\/uploads\/2021\/03\/industrie-textile.jpg\" alt=\"ind&#xFA;stria t&#xEA;xtil\" class=\"wp-image-4980\"\/><figcaption class=\"wp-element-caption\">T\u00eaxteis<\/figcaption><\/figure>\n\n\n\n<figure class=\"wp-block-image aligncenter size-large\"><img decoding=\"async\" width=\"70\" height=\"70\" src=\"https:\/\/obera.fr\/wp-content\/uploads\/2021\/03\/industrie-chimie-1.jpg\" alt=\"ind&#xFA;stria qu&#xED;mica 1\" class=\"wp-image-4981\"\/><figcaption class=\"wp-element-caption\">Qu\u00edmica<\/figcaption><\/figure>\n\n\n\n<figure class=\"wp-block-image aligncenter size-large\"><img decoding=\"async\" width=\"70\" height=\"70\" src=\"https:\/\/obera.fr\/wp-content\/uploads\/2021\/03\/industrie-minerai.jpg\" alt=\"ind&#xFA;stria mineral\" class=\"wp-image-4977\"\/><figcaption class=\"wp-element-caption\">Minerais<\/figcaption><\/figure>\n<\/div>\n\n\n\n<div class=\"wp-block-column is-layout-flow wp-block-column-is-layout-flow\">\n<figure class=\"wp-block-image aligncenter size-large\"><img decoding=\"async\" width=\"70\" height=\"70\" src=\"https:\/\/obera.fr\/wp-content\/uploads\/2020\/08\/industrie-bois.jpg\" alt=\"INSTITUTE OF PARAMEDICAL SCIENCE AND MANAGEMENT - Gest&#xE3;o\" class=\"wp-image-672\"\/><figcaption class=\"wp-element-caption\">Trabalhos em madeira<\/figcaption><\/figure>\n\n\n\n<figure class=\"wp-block-image aligncenter size-large\"><img decoding=\"async\" width=\"70\" height=\"70\" src=\"https:\/\/obera.fr\/wp-content\/uploads\/2021\/03\/industrie-plastique.jpg\" alt=\"ind&#xFA;stria dos pl&#xE1;sticos\" class=\"wp-image-4976\"\/><figcaption class=\"wp-element-caption\">Pl\u00e1sticos<\/figcaption><\/figure>\n\n\n\n<figure class=\"wp-block-image aligncenter size-large\"><img decoding=\"async\" width=\"70\" height=\"70\" src=\"https:\/\/obera.fr\/wp-content\/uploads\/2021\/03\/industrie-papier-carton.jpg\" alt=\"ind&#xFA;stria do papel e do cart&#xE3;o\" class=\"wp-image-4982\"\/><figcaption class=\"wp-element-caption\">Papel\/cart\u00e3o<\/figcaption><\/figure>\n\n\n\n<figure class=\"wp-block-image aligncenter size-large\"><img decoding=\"async\" width=\"70\" height=\"70\" src=\"https:\/\/obera.fr\/wp-content\/uploads\/2020\/08\/industrie-dechets.jpg\" alt=\"Produto - Marca\" class=\"wp-image-726\"\/><figcaption class=\"wp-element-caption\">Recolha e triagem de res\u00edduos<\/figcaption><\/figure>\n<\/div>\n<\/div>\n<\/div>\n<\/div>\n\n<p>Na ind\u00fastria aeroespacial, a <strong>unidade m\u00f3vel de extra\u00e7\u00e3o de poeiras ePURbox TSP<\/strong> \u00e9 utilizada para lixar pe\u00e7as de alum\u00ednio, que geram poeiras finas. Estes p\u00f3s de alum\u00ednio apresentam riscos para a sa\u00fade dos operadores, bem como <strong>riscos ATEX<\/strong>. Ao optar pelo modelo ePURbox ATEX TSP, o fabricante reduziu consideravelmente os riscos associados \u00e0s poeiras combust\u00edveis e satisfez a sua necessidade de flexibilidade atrav\u00e9s da escolha de um equipamento m\u00f3vel.  <\/p>\n\n<div class=\"wp-block-buttons is-horizontal is-content-justification-center is-layout-flex wp-container-core-buttons-is-layout-03627597 wp-block-buttons-is-layout-flex\">\n<div class=\"wp-block-button has-custom-width wp-block-button__width-100\"><a class=\"wp-block-button__link wp-element-button\" href=\"https:\/\/obera.fr\/pt-pt\/contacta-nos\/\">Saber mais<\/a><\/div>\n<\/div>\n\n<figure class=\"wp-block-table\"><table class=\"has-fixed-layout\"><thead><tr><th>Produto<\/th><th><\/th><th>ePURbox<\/th><\/tr><\/thead><tbody><tr><td>Fluxo de ar m\u00e1ximo<\/td><td>m3\/h<\/td><td>1200<\/td><\/tr><tr><td>Tens\u00e3o de alimenta\u00e7\u00e3o<\/td><td>V<\/td><td>220<\/td><\/tr><tr><td>Pot\u00eancia<\/td><td>kW<\/td><td>0.75<\/td><\/tr><tr><td>Superf\u00edcie de suc\u00e7\u00e3o<\/td><td>mm<\/td><td>570 x 460<\/td><\/tr><tr><td>Filtro de carv\u00e3o ativado<\/td><td>kg<\/td><td>15<\/td><\/tr><tr><td>Dimens\u00f5es<\/td><td>mm (C x L x A)<\/td><td>700 x 710 x 1060 mm<\/td><\/tr><tr><td>Peso<\/td><td>kg<\/td><td>90<\/td><\/tr><tr><td>N\u00edvel de ru\u00eddo<\/td><td>dB(A)<\/td><td>68<\/td><\/tr><\/tbody><\/table><\/figure>\n","protected":false},"excerpt":{"rendered":"<p>A mesa de aspira\u00e7\u00e3o ePURBOX est\u00e1 diretamente integrada no aparelho ePURBOX. Disp\u00f5e do seu pr\u00f3prio sistema de filtragem e do seu pr\u00f3prio ventilador para tratar os odores e os COV. O revestimento da parede traseira assegura uma aspira\u00e7\u00e3o e uma capta\u00e7\u00e3o de poluentes muito eficazes em toda a superf\u00edcie da mesa de aspira\u00e7\u00e3o. As part\u00edculas grossas s\u00e3o filtradas a montante por um pr\u00e9-filtro integrado (G4) para prolongar a vida \u00fatil dos cartuchos de carv\u00e3o ativado. O revestimento das paredes laterais assegura um n\u00edvel muito elevado de capta\u00e7\u00e3o de odores na superf\u00edcie da mesa. Por fim, o ar de processo \u00e9 &#8230; <\/p>\n<p class=\"read-more-container\"><a title=\"Mesa de aspira\u00e7\u00e3o Atex: o nosso conselho\" class=\"read-more button\" href=\"https:\/\/obera.fr\/pt-pt\/produits\/caissons-mobiles-aspiration\/epurbox-tsp\/#more-42923\" aria-label=\"Leia mais sobre Mesa de aspira\u00e7\u00e3o Atex: o nosso conselho\">Lire la suite<\/a><\/p>\n","protected":false},"author":4,"featured_media":83747,"parent":39658,"menu_order":0,"comment_status":"closed","ping_status":"closed","template":"","meta":{"_acf_changed":false,"_seopress_robots_primary_cat":"","_seopress_titles_title":"Table mobile ePURBOX TSP - oberA","_seopress_titles_desc":"","_seopress_robots_index":"","footnotes":""},"class_list":{"0":"post-42923","1":"page","2":"type-page","3":"status-publish","4":"has-post-thumbnail","6":"no-featured-image-padding","7":"resize-featured-image"},"acf":[],"_links":{"self":[{"href":"https:\/\/obera.fr\/pt-pt\/wp-json\/wp\/v2\/pages\/42923","targetHints":{"allow":["GET"]}}],"collection":[{"href":"https:\/\/obera.fr\/pt-pt\/wp-json\/wp\/v2\/pages"}],"about":[{"href":"https:\/\/obera.fr\/pt-pt\/wp-json\/wp\/v2\/types\/page"}],"author":[{"embeddable":true,"href":"https:\/\/obera.fr\/pt-pt\/wp-json\/wp\/v2\/users\/4"}],"replies":[{"embeddable":true,"href":"https:\/\/obera.fr\/pt-pt\/wp-json\/wp\/v2\/comments?post=42923"}],"version-history":[{"count":21,"href":"https:\/\/obera.fr\/pt-pt\/wp-json\/wp\/v2\/pages\/42923\/revisions"}],"predecessor-version":[{"id":118175,"href":"https:\/\/obera.fr\/pt-pt\/wp-json\/wp\/v2\/pages\/42923\/revisions\/118175"}],"up":[{"embeddable":true,"href":"https:\/\/obera.fr\/pt-pt\/wp-json\/wp\/v2\/pages\/39658"}],"wp:featuredmedia":[{"embeddable":true,"href":"https:\/\/obera.fr\/pt-pt\/wp-json\/wp\/v2\/media\/83747"}],"wp:attachment":[{"href":"https:\/\/obera.fr\/pt-pt\/wp-json\/wp\/v2\/media?parent=42923"}],"curies":[{"name":"wp","href":"https:\/\/api.w.org\/{rel}","templated":true}]}}