{"id":43950,"date":"2024-10-01T16:55:25","date_gmt":"2024-10-01T14:55:25","guid":{"rendered":"https:\/\/obera.fr\/mesas-de-aspiracao-autonomas\/"},"modified":"2025-06-30T10:15:20","modified_gmt":"2025-06-30T08:15:20","slug":"table-autonome","status":"publish","type":"page","link":"https:\/\/obera.fr\/pt-pt\/produits\/tables-aspirantes\/table-autonome\/","title":{"rendered":"Mesas de aspira\u00e7\u00e3o aut\u00f3nomas"},"content":{"rendered":"\n<h2 class=\"wp-block-heading\">Porqu\u00ea escolher uma mesa de v\u00e1cuo aut\u00f3noma?<\/h2>\n\n<div class=\"wp-block-columns are-vertically-aligned-center is-layout-flex wp-container-core-columns-is-layout-28f84493 wp-block-columns-is-layout-flex\">\n<div class=\"wp-block-column is-vertically-aligned-center is-layout-flow wp-block-column-is-layout-flow\" style=\"flex-basis:33.33%\">\n<figure class=\"wp-block-image aligncenter size-full is-resized\"><img decoding=\"async\" width=\"800\" height=\"800\" src=\"https:\/\/obera.fr\/wp-content\/uploads\/2022\/05\/Sans-titre-61.jpg\" alt=\"Mesas de aspira&#xE7;&#xE3;o aut&#xF3;nomas\" class=\"wp-image-12901\" srcset=\"https:\/\/obera.fr\/wp-content\/uploads\/2022\/05\/Sans-titre-61.jpg 800w, https:\/\/obera.fr\/wp-content\/uploads\/2022\/05\/Sans-titre-61-300x300.jpg 300w, https:\/\/obera.fr\/wp-content\/uploads\/2022\/05\/Sans-titre-61-150x150.jpg 150w, https:\/\/obera.fr\/wp-content\/uploads\/2022\/05\/Sans-titre-61-768x768.jpg 768w\" sizes=\"(max-width: 800px) 100vw, 800px\" \/><\/figure>\n\n\n\n<div class=\"wp-block-columns is-layout-flex wp-container-core-columns-is-layout-28f84493 wp-block-columns-is-layout-flex\">\n<div class=\"wp-block-column is-layout-flow wp-block-column-is-layout-flow\">\n<figure class=\"wp-block-image size-full is-resized\"><img decoding=\"async\" width=\"800\" height=\"800\" src=\"https:\/\/obera.fr\/wp-content\/uploads\/2022\/05\/Sans-titre-59.jpg\" alt=\"Mesas de v&#xE1;cuo aut&#xF3;nomas 1\" class=\"wp-image-12904\" srcset=\"https:\/\/obera.fr\/wp-content\/uploads\/2022\/05\/Sans-titre-59.jpg 800w, https:\/\/obera.fr\/wp-content\/uploads\/2022\/05\/Sans-titre-59-300x300.jpg 300w, https:\/\/obera.fr\/wp-content\/uploads\/2022\/05\/Sans-titre-59-150x150.jpg 150w, https:\/\/obera.fr\/wp-content\/uploads\/2022\/05\/Sans-titre-59-768x768.jpg 768w\" sizes=\"(max-width: 800px) 100vw, 800px\" \/><\/figure>\n<\/div>\n\n\n\n<div class=\"wp-block-column is-layout-flow wp-block-column-is-layout-flow\">\n<figure class=\"wp-block-image size-medium is-resized\"><img decoding=\"async\" width=\"300\" height=\"300\" src=\"https:\/\/obera.fr\/wp-content\/uploads\/2022\/05\/Sans-titre-63-300x300.jpg\" alt=\"Mesas de v&#xE1;cuo aut&#xF3;nomas 2\" class=\"wp-image-12895\" srcset=\"https:\/\/obera.fr\/wp-content\/uploads\/2022\/05\/Sans-titre-63-300x300.jpg 300w, https:\/\/obera.fr\/wp-content\/uploads\/2022\/05\/Sans-titre-63-150x150.jpg 150w, https:\/\/obera.fr\/wp-content\/uploads\/2022\/05\/Sans-titre-63-768x768.jpg 768w, https:\/\/obera.fr\/wp-content\/uploads\/2022\/05\/Sans-titre-63.jpg 800w\" sizes=\"(max-width: 300px) 100vw, 300px\" \/><\/figure>\n<\/div>\n\n\n\n<div class=\"wp-block-column is-layout-flow wp-block-column-is-layout-flow\">\n<figure class=\"wp-block-image size-full is-resized\"><img decoding=\"async\" width=\"800\" height=\"800\" src=\"https:\/\/obera.fr\/wp-content\/uploads\/2022\/05\/Sans-titre-64.jpg\" alt=\"Mesas de v&#xE1;cuo aut&#xF3;nomas 3\" class=\"wp-image-12892\" srcset=\"https:\/\/obera.fr\/wp-content\/uploads\/2022\/05\/Sans-titre-64.jpg 800w, https:\/\/obera.fr\/wp-content\/uploads\/2022\/05\/Sans-titre-64-300x300.jpg 300w, https:\/\/obera.fr\/wp-content\/uploads\/2022\/05\/Sans-titre-64-150x150.jpg 150w, https:\/\/obera.fr\/wp-content\/uploads\/2022\/05\/Sans-titre-64-768x768.jpg 768w\" sizes=\"(max-width: 800px) 100vw, 800px\" \/><\/figure>\n<\/div>\n<\/div>\n<\/div>\n\n\n\n<div class=\"wp-block-column is-vertically-aligned-center is-layout-flow wp-block-column-is-layout-flow\" style=\"flex-basis:66.66%\">\n<h3 class=\"wp-block-heading\">COMO funciona?  <\/h3>\n\n\n\n<p>Para manter um ambiente livre de poluentes, as part\u00edculas poluentes t\u00eam de ser capturadas eficazmente pela unidade de extra\u00e7\u00e3o. Gra\u00e7as a uma filtragem uniforme a partir do fundo e da frente, o operador n\u00e3o inala subst\u00e2ncias t\u00f3xicas. A bancada pode ser personalizada com diferentes tipos de plataformas e grelhas, consoante o trabalho a efetuar, para garantir um tratamento eficaz dos poluentes. Ao contr\u00e1rio das <a href=\"https:\/\/obera.fr\/pt-pt\/produits\/tables-aspirantes\/\" data-type=\"page\" data-id=\"489\">mesas de aspira\u00e7\u00e3o convencionais<\/a>, estas t\u00eam um sistema de aspira\u00e7\u00e3o incorporado e n\u00e3o precisam de ser ligadas a uma unidade de tratamento de ar.   <\/p>\n\n\n\n<p><\/p>\n\n\n\n<h3 class=\"wp-block-heading\">Limpeza autom\u00e1tica do filtro<\/h3>\n\n\n\n<p>A mesa de v\u00e1cuo aut\u00f3noma est\u00e1 equipada com um sistema autom\u00e1tico de limpeza do filtro. Utilizando um tanque de ar comprimido, limpa o cartucho do filtro, facilitando o processo de trabalho para o operador e poupando tempo. A filtragem HEPA \u00e9 opcional.  <\/p>\n\n\n\n<div class=\"wp-block-columns is-layout-flex wp-container-core-columns-is-layout-28f84493 wp-block-columns-is-layout-flex\">\n<div class=\"wp-block-column is-layout-flow wp-block-column-is-layout-flow\">\n<div class=\"wp-block-buttons is-content-justification-center is-layout-flex wp-container-core-buttons-is-layout-a89b3969 wp-block-buttons-is-layout-flex\">\n<div class=\"wp-block-button is-style-fill\"><a class=\"wp-block-button__link wp-element-button\" href=\"https:\/\/obera.fr\/wp-content\/uploads\/2025\/08\/brochure-table-aspirante-autonome-en.pdf\">Descarrega a ficha de produto<\/a><\/div>\n<\/div>\n<\/div>\n\n\n\n<div class=\"wp-block-column is-layout-flow wp-block-column-is-layout-flow\">\n<div class=\"wp-block-buttons is-horizontal is-content-justification-center is-layout-flex wp-container-core-buttons-is-layout-03627597 wp-block-buttons-is-layout-flex\">\n<div class=\"wp-block-button has-custom-width wp-block-button__width-100\"><a class=\"wp-block-button__link wp-element-button\" href=\"https:\/\/obera.fr\/pt-pt\/contacta-nos\/\">Saber mais<\/a><\/div>\n<\/div>\n<\/div>\n\n\n\n<div class=\"wp-block-column is-layout-flow wp-block-column-is-layout-flow\">\n<div class=\"wp-block-buttons is-content-justification-center is-layout-flex wp-container-core-buttons-is-layout-a89b3969 wp-block-buttons-is-layout-flex\">\n<div class=\"wp-block-button btn-devis-source\"><a class=\"wp-block-button__link wp-element-button\" href=\"https:\/\/obera.fr\/pt-pt\/devis\/\">Solicita um or\u00e7amento<\/a><\/div>\n<\/div>\n\n\n<script>\r\ndocument.addEventListener('DOMContentLoaded', function() {\r\n    \/\/ 1. On cherche le titre H1 de la page\r\n    var h1 = document.querySelector('h1');\r\n    var productTitle = h1 ? h1.innerText.trim() : \"\";\r\n\r\n    \/\/ 2. On cherche les boutons via la classe CSS .btn-devis-source\r\n    var buttons = document.querySelectorAll('.btn-devis-source a');\r\n\r\n    \/\/ 3. Si on a le titre et les boutons, on ajoute le param\u00e8tre\r\n    if (buttons.length > 0 && productTitle !== \"\") {\r\n        var encodedTitle = encodeURIComponent(productTitle);\r\n\r\n        buttons.forEach(function(btn) {\r\n            var currentHref = btn.getAttribute('href');\r\n            \r\n            \/\/ S\u00e9curit\u00e9 pour ne pas ajouter le param\u00e8tre 2 fois\r\n            if (currentHref.indexOf('sujet=') === -1) {\r\n                var separator = currentHref.indexOf('?') !== -1 ? '&' : '?';\r\n                var newLink = currentHref + separator + 'sujet=' + encodedTitle;\r\n                \r\n                btn.setAttribute('href', newLink);\r\n            }\r\n        });\r\n    }\r\n});\r\n<\/script><\/div>\n<\/div>\n<\/div>\n<\/div>\n\n<div class=\"wp-block-columns is-layout-flex wp-container-core-columns-is-layout-28f84493 wp-block-columns-is-layout-flex\">\n<div class=\"wp-block-column is-layout-flow wp-block-column-is-layout-flow\" style=\"flex-basis:25%\"><\/div>\n\n\n\n<div class=\"wp-block-column is-layout-flow wp-block-column-is-layout-flow\" style=\"flex-basis:50%\">\n<figure class=\"wp-block-embed is-type-video is-provider-youtube wp-block-embed-youtube wp-embed-aspect-16-9 wp-has-aspect-ratio\"><div class=\"wp-block-embed__wrapper\">\n<iframe title=\"Table Aspirante Autonome - Obera\" width=\"1200\" height=\"675\" src=\"https:\/\/www.youtube.com\/embed\/CvznCWlnJBA?feature=oembed\" frameborder=\"0\" allow=\"accelerometer; autoplay; clipboard-write; encrypted-media; gyroscope; picture-in-picture; web-share\" referrerpolicy=\"strict-origin-when-cross-origin\" allowfullscreen><\/iframe>\n<\/div><\/figure>\n<\/div>\n\n\n\n<div class=\"wp-block-column is-layout-flow wp-block-column-is-layout-flow\" style=\"flex-basis:25%\"><\/div>\n<\/div>\n\n<p><\/p>\n\n<h2 class=\"wp-block-heading\">Para que servem?<\/h2>\n\n<p>As mesas de v\u00e1cuo aut\u00f3nomas s\u00e3o a solu\u00e7\u00e3o ideal para lixar, soldar, pintar, aplicar adesivos e todos os processos que produzem fumos e poeiras que, se inalados, podem ser perigosos para a sa\u00fade do operador.<\/p>\n\n<div class=\"wp-block-columns is-layout-flex wp-container-core-columns-is-layout-28f84493 wp-block-columns-is-layout-flex\">\n<div class=\"wp-block-column is-layout-flow wp-block-column-is-layout-flow\">\n<figure class=\"wp-block-image aligncenter size-full is-resized\"><img decoding=\"async\" width=\"800\" height=\"500\" src=\"https:\/\/obera.fr\/wp-content\/uploads\/2022\/05\/Sffans-titre.png\" alt=\"t&#xED;tulo sffans\" class=\"wp-image-12913\" srcset=\"https:\/\/obera.fr\/wp-content\/uploads\/2022\/05\/Sffans-titre.png 800w, https:\/\/obera.fr\/wp-content\/uploads\/2022\/05\/Sffans-titre-300x188.png 300w, https:\/\/obera.fr\/wp-content\/uploads\/2022\/05\/Sffans-titre-768x480.png 768w\" sizes=\"(max-width: 800px) 100vw, 800px\" \/><\/figure>\n<\/div>\n\n\n\n<div class=\"wp-block-column is-layout-flow wp-block-column-is-layout-flow\">\n<figure class=\"wp-block-image aligncenter size-full is-resized\"><img decoding=\"async\" width=\"800\" height=\"500\" src=\"https:\/\/obera.fr\/wp-content\/uploads\/2022\/05\/dfSans-titre.png\" alt=\"sem t&#xED;tulo dfs\" class=\"wp-image-12919\" srcset=\"https:\/\/obera.fr\/wp-content\/uploads\/2022\/05\/dfSans-titre.png 800w, https:\/\/obera.fr\/wp-content\/uploads\/2022\/05\/dfSans-titre-300x188.png 300w, https:\/\/obera.fr\/wp-content\/uploads\/2022\/05\/dfSans-titre-768x480.png 768w\" sizes=\"(max-width: 800px) 100vw, 800px\" \/><\/figure>\n<\/div>\n\n\n\n<div class=\"wp-block-column is-layout-flow wp-block-column-is-layout-flow\">\n<figure class=\"wp-block-image aligncenter size-full is-resized\"><img decoding=\"async\" width=\"800\" height=\"500\" src=\"https:\/\/obera.fr\/wp-content\/uploads\/2022\/05\/Sans-titre.png\" alt=\"sem t&#xED;tulo\" class=\"wp-image-12916\" srcset=\"https:\/\/obera.fr\/wp-content\/uploads\/2022\/05\/Sans-titre.png 800w, https:\/\/obera.fr\/wp-content\/uploads\/2022\/05\/Sans-titre-300x188.png 300w, https:\/\/obera.fr\/wp-content\/uploads\/2022\/05\/Sans-titre-768x480.png 768w\" sizes=\"(max-width: 800px) 100vw, 800px\" \/><\/figure>\n<\/div>\n<\/div>\n\n<div class=\"wp-block-columns is-layout-flex wp-container-core-columns-is-layout-28f84493 wp-block-columns-is-layout-flex\">\n<div class=\"wp-block-column is-layout-flow wp-block-column-is-layout-flow\">\n<div style=\"height:42px\" aria-hidden=\"true\" class=\"wp-block-spacer\"><\/div>\n\n\n\n<h3 class=\"wp-block-heading has-text-align-center\" id=\"polluants\">Poluentes<\/h3>\n\n\n\n<hr class=\"wp-block-separator has-css-opacity is-style-wide\"\/>\n\n\n\n<div class=\"wp-block-columns is-layout-flex wp-container-core-columns-is-layout-28f84493 wp-block-columns-is-layout-flex\">\n<div class=\"wp-block-column is-layout-flow wp-block-column-is-layout-flow\">\n<figure class=\"wp-block-image aligncenter size-large\"><img decoding=\"async\" width=\"70\" height=\"70\" src=\"https:\/\/obera.fr\/wp-content\/uploads\/2020\/08\/polluants-poussieres.jpg\" alt=\"Poluentes Poeiras\" class=\"wp-image-675\"\/><figcaption class=\"wp-element-caption\">Poeira<\/figcaption><\/figure>\n\n\n\n<figure class=\"wp-block-image aligncenter size-large\"><img decoding=\"async\" width=\"70\" height=\"70\" src=\"https:\/\/obera.fr\/wp-content\/uploads\/2020\/08\/industrie-fumees.jpg\" alt=\"Fumo da ind&#xFA;stria\" class=\"wp-image-722\"\/><figcaption class=\"wp-element-caption\">Fumos<\/figcaption><\/figure>\n\n\n\n<figure class=\"wp-block-image aligncenter size-large\"><img decoding=\"async\" width=\"70\" height=\"70\" src=\"https:\/\/obera.fr\/wp-content\/uploads\/2020\/08\/industrie-brouillard-huile.jpg\" alt=\"&#xD3;leo de nevoeiro da ind&#xFA;stria\" class=\"wp-image-721\"\/><figcaption class=\"wp-element-caption\">N\u00e9voa de \u00f3leo<\/figcaption><\/figure>\n<\/div>\n\n\n\n<div class=\"wp-block-column is-layout-flow wp-block-column-is-layout-flow\">\n<figure class=\"wp-block-image aligncenter size-large\"><img decoding=\"async\" width=\"70\" height=\"70\" src=\"https:\/\/obera.fr\/wp-content\/uploads\/2020\/08\/polluants-copeaux-bois.jpg\" alt=\"Poluentes Aparas de madeira\" class=\"wp-image-674\"\/><figcaption class=\"wp-element-caption\">Batatas fritas<\/figcaption><\/figure>\n\n\n\n<figure class=\"wp-block-image aligncenter size-large\"><img decoding=\"async\" width=\"70\" height=\"70\" src=\"https:\/\/obera.fr\/wp-content\/uploads\/2020\/08\/industrie-odeur.jpg\" alt=\"Odor da ind&#xFA;stria\" class=\"wp-image-723\"\/><figcaption class=\"wp-element-caption\">Odores<\/figcaption><\/figure>\n\n\n\n<figure class=\"wp-block-image aligncenter size-large\"><img decoding=\"async\" width=\"70\" height=\"70\" src=\"https:\/\/obera.fr\/wp-content\/uploads\/2020\/09\/cov.png\" alt=\"Cov\" class=\"wp-image-959\"\/><figcaption class=\"wp-element-caption\">VOCS<\/figcaption><\/figure>\n<\/div>\n<\/div>\n<\/div>\n\n\n\n<div class=\"wp-block-column is-layout-flow wp-block-column-is-layout-flow\">\n<div style=\"height:42px\" aria-hidden=\"true\" class=\"wp-block-spacer\"><\/div>\n\n\n\n<h3 class=\"wp-block-heading has-text-align-center\" id=\"industries\">Ind\u00fastrias<\/h3>\n\n\n\n<hr class=\"wp-block-separator has-css-opacity is-style-wide\"\/>\n\n\n\n<div class=\"wp-block-columns is-layout-flex wp-container-core-columns-is-layout-28f84493 wp-block-columns-is-layout-flex\">\n<div class=\"wp-block-column is-layout-flow wp-block-column-is-layout-flow\">\n<figure class=\"wp-block-image aligncenter size-large\"><img decoding=\"async\" width=\"70\" height=\"70\" src=\"https:\/\/obera.fr\/wp-content\/uploads\/2020\/08\/industrie-metallurgie.jpg\" alt=\"Ind&#xFA;stria metal&#xFA;rgica\" class=\"wp-image-673\"\/><figcaption class=\"wp-element-caption\">Metalurgia<\/figcaption><\/figure>\n\n\n\n<figure class=\"wp-block-image aligncenter size-large\"><img decoding=\"async\" width=\"70\" height=\"70\" src=\"https:\/\/obera.fr\/wp-content\/uploads\/2020\/08\/industrie-plastique.jpg\" alt=\"Ind&#xFA;stria dos pl&#xE1;sticos\" class=\"wp-image-669\"\/><figcaption class=\"wp-element-caption\">Pl\u00e1sticos<\/figcaption><\/figure>\n\n\n\n<figure class=\"wp-block-image aligncenter size-large\"><img decoding=\"async\" width=\"70\" height=\"70\" src=\"https:\/\/obera.fr\/wp-content\/uploads\/2020\/08\/industrie-minerai.jpg\" alt=\"Ind&#xFA;stria do min&#xE9;rio\" class=\"wp-image-724\"\/><figcaption class=\"wp-element-caption\">Minerais<\/figcaption><\/figure>\n\n\n\n<figure class=\"wp-block-image aligncenter size-large\"><img decoding=\"async\" width=\"70\" height=\"70\" src=\"https:\/\/obera.fr\/wp-content\/uploads\/2020\/08\/industrie-papier-carton.jpg\" alt=\"Ind&#xFA;stria do papel e do cart&#xE3;o\" class=\"wp-image-670\"\/><figcaption class=\"wp-element-caption\">Papel\/cart\u00e3o<\/figcaption><\/figure>\n<\/div>\n\n\n\n<div class=\"wp-block-column is-layout-flow wp-block-column-is-layout-flow\">\n<figure class=\"wp-block-image aligncenter size-large\"><img decoding=\"async\" width=\"70\" height=\"70\" src=\"https:\/\/obera.fr\/wp-content\/uploads\/2020\/08\/industrie-bois.jpg\" alt=\"Ind&#xFA;stria da madeira\" class=\"wp-image-672\"\/><figcaption class=\"wp-element-caption\">Trabalhos em madeira<\/figcaption><\/figure>\n\n\n\n<figure class=\"wp-block-image aligncenter size-large\"><img decoding=\"async\" width=\"70\" height=\"70\" src=\"https:\/\/obera.fr\/wp-content\/uploads\/2020\/08\/industrie-textile.jpg\" alt=\"Ind&#xFA;stria t&#xEA;xtil\" class=\"wp-image-671\"\/><figcaption class=\"wp-element-caption\">T\u00eaxteis<\/figcaption><\/figure>\n\n\n\n<figure class=\"wp-block-image aligncenter size-large\"><img decoding=\"async\" width=\"70\" height=\"70\" src=\"https:\/\/obera.fr\/wp-content\/uploads\/2020\/08\/industrie-chimie.jpg\" alt=\"Ind&#xFA;stria qu&#xED;mica\" class=\"wp-image-725\"\/><figcaption class=\"wp-element-caption\">Produtos qu\u00edmicos\/petroqu\u00edmicos<\/figcaption><\/figure>\n\n\n\n<figure class=\"wp-block-image aligncenter size-large\"><img decoding=\"async\" width=\"70\" height=\"70\" src=\"https:\/\/obera.fr\/wp-content\/uploads\/2020\/08\/industrie-dechets.jpg\" alt=\"Res&#xED;duos industriais\" class=\"wp-image-726\"\/><figcaption class=\"wp-element-caption\">Recolha e triagem de res\u00edduos<\/figcaption><\/figure>\n<\/div>\n<\/div>\n<\/div>\n<\/div>\n\n<h2 class=\"wp-block-heading\">Carater\u00edsticas das nossas mesas de suc\u00e7\u00e3o aut\u00f3nomas<\/h2>\n\n<p>As nossas mesas de aspira\u00e7\u00e3o aut\u00f3nomas s\u00e3o fabricadas com excelentes materiais e s\u00e3o extremamente robustas. As suas dimens\u00f5es variam consoante o modelo. Oferece uma superf\u00edcie de trabalho (C x L) que varia entre 1000 x 1500 mm e 1000 x 2500 mm. A parte inferior da mesa possui gavetas para a recolha de res\u00edduos grosseiros. A mesa pode ser personalizada com diferentes tipos de plataformas e grelhas, consoante o trabalho a efetuar.    <\/p>\n\n<h3 class=\"wp-block-heading\">Limpeza autom\u00e1tica do filtro<\/h3>\n\n<p>As mesas de aspira\u00e7\u00e3o aut\u00f3nomas est\u00e3o equipadas com um filtro de cartucho com uma superf\u00edcie filtrante adequada. O sistema de limpeza \u00e9 autom\u00e1tico: um dep\u00f3sito de ar comprimido limpa o cartucho, facilitando o processo de trabalho do operador e poupando tempo. A filtragem final com filtro HEPA \u00e9 opcional. <\/p>\n\n<h3 class=\"wp-block-heading\">O separador de fa\u00edscas<\/h3>\n\n<p>O separador de fa\u00edscas, montado de s\u00e9rie e com o mesmo comprimento que a bancada, desempenha um papel essencial. Protege o cartucho de fa\u00edscas e objectos contundentes. Evita tamb\u00e9m que as part\u00edculas extra\u00eddas obstruam o filtro. O ventilador integrado na BAS-V faz dela uma m\u00e1quina completa e polivalente.   <\/p>\n\n<h3 class=\"wp-block-heading\">OPCIONAL<\/h3>\n\n<ul class=\"wp-block-list\">\n<li>Conformidade com ATEX 20-22<\/li>\n\n\n\n<li>Filtragem HEPA<\/li>\n\n\n\n<li>A\u00e7o inoxid\u00e1vel 304\/316<\/li>\n\n\n\n<li>Tinta resistente a ambientes agressivos<\/li>\n\n\n\n<li>Execu\u00e7\u00e3o com a\u00e7os especiais (Corten)<\/li>\n\n\n\n<li>Sistema de prote\u00e7\u00e3o contra inc\u00eandios<\/li>\n\n\n\n<li>N\u00e3o fa\u00e7as barulho.<\/li>\n<\/ul>\n\n<div class=\"wp-block-buttons is-content-justification-center is-layout-flex wp-container-core-buttons-is-layout-a89b3969 wp-block-buttons-is-layout-flex\">\n<div class=\"wp-block-button is-style-fill\"><a class=\"wp-block-button__link wp-element-button\" href=\"https:\/\/obera.fr\/wp-content\/uploads\/2025\/08\/brochure-table-aspirante-autonome-en.pdf\">Descarrega a ficha de produto<\/a><\/div>\n<\/div>\n\n<h2 class=\"wp-block-heading\">Quais s\u00e3o as vantagens das nossas mesas de aspira\u00e7\u00e3o aut\u00f3nomas?<\/h2>\n\n<p>As mesas de aspira\u00e7\u00e3o aut\u00f3nomas protegem os operadores contra os riscos de doen\u00e7as respirat\u00f3rias e cut\u00e2neas. Existem em v\u00e1rios tamanhos para proporcionar um posto de trabalho saud\u00e1vel e adaptado \u00e0s necessidades do operador.   <\/p>\n\n<p>Respeita os <a href=\"https:\/\/obera.fr\/pt-pt\/nosso-conselho\/reglementation-vlep-evaluation-risque-chimique-lieu-de-travail\/\" data-type=\"post\" data-id=\"6575\">valores-limite de exposi\u00e7\u00e3o profissional<\/a> (VLEO) e protege os teus operadores no seu espa\u00e7o de trabalho.  <\/p>\n\n<div class=\"wp-block-columns is-layout-flex wp-container-core-columns-is-layout-28f84493 wp-block-columns-is-layout-flex\">\n<div class=\"wp-block-column is-layout-flow wp-block-column-is-layout-flow\">\n<h3 class=\"wp-block-heading has-text-align-center\" id=\"avantages\">Benef\u00edcios<\/h3>\n\n\n\n<ul class=\"wp-block-list\">\n<li>N\u00e3o necessita de liga\u00e7\u00e3o a um ventilador ou coletor de p\u00f3<\/li>\n\n\n\n<li>Ideal para rebarbar, esmerilar, lixar ou soldar pe\u00e7as de trabalho<\/li>\n\n\n\n<li>Adequado para colagem, envernizamento, etc.<\/li>\n<\/ul>\n<\/div>\n\n\n\n<div class=\"wp-block-column is-layout-flow wp-block-column-is-layout-flow\">\n<h3 class=\"wp-block-heading has-text-align-center\" id=\"particularites\">Carater\u00edsticas especiais<\/h3>\n\n\n\n<ul class=\"wp-block-list\">\n<li>Limpeza autom\u00e1tica do filtro<\/li>\n\n\n\n<li>O separador de fa\u00edscas<\/li>\n\n\n\n<li>Gaveta de recolha de res\u00edduos grosseiros<\/li>\n<\/ul>\n<\/div>\n\n\n\n<div class=\"wp-block-column is-layout-flow wp-block-column-is-layout-flow\">\n<h3 class=\"wp-block-heading has-text-align-center\" id=\"caracteristiques\">Carater\u00edsticas<\/h3>\n\n\n\n<ul class=\"wp-block-list\">\n<li>Esta\u00e7\u00e3o de trabalho segura<\/li>\n\n\n\n<li>Solu\u00e7\u00e3o compacta<\/li>\n\n\n\n<li>Superf\u00edcie de trabalho espa\u00e7osa<\/li>\n\n\n\n<li>Materiais robustos<\/li>\n\n\n\n<li>Res\u00edduos grosseiros f\u00e1ceis de eliminar<\/li>\n<\/ul>\n<\/div>\n<\/div>\n\n<div class=\"wp-block-buttons is-horizontal is-content-justification-center is-layout-flex wp-container-core-buttons-is-layout-03627597 wp-block-buttons-is-layout-flex\">\n<div class=\"wp-block-button has-custom-width wp-block-button__width-100\"><a class=\"wp-block-button__link wp-element-button\" href=\"https:\/\/obera.fr\/pt-pt\/contacta-nos\/\">Saber mais<\/a><\/div>\n<\/div>\n\n<h2 class=\"wp-block-heading\">Outras mesas de aspira\u00e7\u00e3o oberA<\/h2>\n\n<div class=\"wp-block-columns is-layout-flex wp-container-core-columns-is-layout-28f84493 wp-block-columns-is-layout-flex\">\n<div class=\"wp-block-column is-layout-flow wp-block-column-is-layout-flow\">\n<figure class=\"wp-block-image aligncenter size-thumbnail is-resized\"><a href=\"https:\/\/obera.fr\/produits\/tables-aspirantes\/table-rotative-360\/\"><img decoding=\"async\" width=\"150\" height=\"150\" src=\"https:\/\/obera.fr\/wp-content\/uploads\/2021\/03\/Table_aspirante_360-150x150.png\" alt=\"Mesa de aspira&#xE7;&#xE3;o de 360\" class=\"wp-image-4952\"\/><\/a><figcaption class=\"wp-element-caption\">Mesa de aspira\u00e7\u00e3o de 360<\/figcaption><\/figure>\n<\/div>\n\n\n\n<div class=\"wp-block-column is-layout-flow wp-block-column-is-layout-flow\">\n<figure class=\"wp-block-image aligncenter size-thumbnail is-resized\"><a href=\"https:\/\/obera.fr\/produits\/tables-aspirantes\/table-aspirante-a-at\/\"><img decoding=\"async\" width=\"150\" height=\"150\" src=\"https:\/\/obera.fr\/wp-content\/uploads\/2020\/10\/table-SF-150x150.png\" alt=\"mesas de suc&#xE7;&#xE3;o\" class=\"wp-image-1179\" srcset=\"https:\/\/obera.fr\/wp-content\/uploads\/2020\/10\/table-SF-150x150.png 150w, https:\/\/obera.fr\/wp-content\/uploads\/2020\/10\/table-SF-300x300.png 300w, https:\/\/obera.fr\/wp-content\/uploads\/2020\/10\/table-SF.png 433w\" sizes=\"(max-width: 150px) 100vw, 150px\" \/><\/a><figcaption class=\"wp-element-caption\">Mesa de aspira\u00e7\u00e3o A &amp; AT<\/figcaption><\/figure>\n<\/div>\n\n\n\n<div class=\"wp-block-column is-layout-flow wp-block-column-is-layout-flow\">\n<figure class=\"wp-block-image aligncenter size-thumbnail\"><img decoding=\"async\" width=\"150\" height=\"150\" src=\"https:\/\/obera.fr\/wp-content\/uploads\/2024\/05\/epurbox-tsp-150x150.png\" alt=\"epurbox tsp\" class=\"wp-image-30348\" srcset=\"https:\/\/obera.fr\/wp-content\/uploads\/2024\/05\/epurbox-tsp-150x150.png 150w, https:\/\/obera.fr\/wp-content\/uploads\/2024\/05\/epurbox-tsp-300x300.png 300w, https:\/\/obera.fr\/wp-content\/uploads\/2024\/05\/epurbox-tsp-1024x1024.png 1024w, https:\/\/obera.fr\/wp-content\/uploads\/2024\/05\/epurbox-tsp-768x768.png 768w, https:\/\/obera.fr\/wp-content\/uploads\/2024\/05\/epurbox-tsp.png 1200w\" sizes=\"(max-width: 150px) 100vw, 150px\" \/><figcaption class=\"wp-element-caption\">ePURBOX Atex<\/figcaption><\/figure>\n<\/div>\n<\/div>\n","protected":false},"excerpt":{"rendered":"<p>Porqu\u00ea escolher uma mesa de v\u00e1cuo aut\u00f3noma? COMO funciona? Para manter um ambiente livre de poluentes, as part\u00edculas poluentes t\u00eam de ser capturadas eficazmente pela unidade de extra\u00e7\u00e3o. Gra\u00e7as a uma filtragem uniforme a partir do fundo e da frente, o operador n\u00e3o inala subst\u00e2ncias t\u00f3xicas. A bancada pode ser personalizada com diferentes tipos de plataformas e grelhas, consoante o trabalho a efetuar, para garantir um tratamento eficaz dos poluentes. Ao contr\u00e1rio das mesas de aspira\u00e7\u00e3o convencionais, estas t\u00eam um sistema de aspira\u00e7\u00e3o incorporado e n\u00e3o precisam de ser ligadas a uma unidade de tratamento de ar. Limpeza autom\u00e1tica do &#8230; <\/p>\n<p class=\"read-more-container\"><a title=\"Mesas de aspira\u00e7\u00e3o aut\u00f3nomas\" class=\"read-more button\" href=\"https:\/\/obera.fr\/pt-pt\/produits\/tables-aspirantes\/table-autonome\/#more-43950\" aria-label=\"Leia mais sobre Mesas de aspira\u00e7\u00e3o aut\u00f3nomas\">Lire la suite<\/a><\/p>\n","protected":false},"author":4,"featured_media":83747,"parent":44456,"menu_order":0,"comment_status":"closed","ping_status":"closed","template":"","meta":{"_acf_changed":false,"_seopress_robots_primary_cat":"","_seopress_titles_title":"As mesas de aspira\u00e7\u00e3o aut\u00f3nomas protegem os operadores","_seopress_titles_desc":"Descobre as mesas de v\u00e1cuo aut\u00f3nomas da OberA. Estas mesas de v\u00e1cuo n\u00e3o necessitam de coletor de p\u00f3 e protegem os operadores no seu posto de trabalho. ","_seopress_robots_index":"","footnotes":""},"class_list":{"0":"post-43950","1":"page","2":"type-page","3":"status-publish","4":"has-post-thumbnail","6":"no-featured-image-padding","7":"resize-featured-image"},"acf":[],"_links":{"self":[{"href":"https:\/\/obera.fr\/pt-pt\/wp-json\/wp\/v2\/pages\/43950","targetHints":{"allow":["GET"]}}],"collection":[{"href":"https:\/\/obera.fr\/pt-pt\/wp-json\/wp\/v2\/pages"}],"about":[{"href":"https:\/\/obera.fr\/pt-pt\/wp-json\/wp\/v2\/types\/page"}],"author":[{"embeddable":true,"href":"https:\/\/obera.fr\/pt-pt\/wp-json\/wp\/v2\/users\/4"}],"replies":[{"embeddable":true,"href":"https:\/\/obera.fr\/pt-pt\/wp-json\/wp\/v2\/comments?post=43950"}],"version-history":[{"count":5,"href":"https:\/\/obera.fr\/pt-pt\/wp-json\/wp\/v2\/pages\/43950\/revisions"}],"predecessor-version":[{"id":117825,"href":"https:\/\/obera.fr\/pt-pt\/wp-json\/wp\/v2\/pages\/43950\/revisions\/117825"}],"up":[{"embeddable":true,"href":"https:\/\/obera.fr\/pt-pt\/wp-json\/wp\/v2\/pages\/44456"}],"wp:featuredmedia":[{"embeddable":true,"href":"https:\/\/obera.fr\/pt-pt\/wp-json\/wp\/v2\/media\/83747"}],"wp:attachment":[{"href":"https:\/\/obera.fr\/pt-pt\/wp-json\/wp\/v2\/media?parent=43950"}],"curies":[{"name":"wp","href":"https:\/\/api.w.org\/{rel}","templated":true}]}}