{"id":44422,"date":"2021-03-09T13:26:35","date_gmt":"2021-03-09T11:26:35","guid":{"rendered":"https:\/\/obera.fr\/mesa-de-aspiracao-de-360\/"},"modified":"2025-06-30T10:09:08","modified_gmt":"2025-06-30T08:09:08","slug":"table-rotative-360","status":"publish","type":"page","link":"https:\/\/obera.fr\/pt-pt\/produits\/tables-aspirantes\/table-rotative-360\/","title":{"rendered":"Mesa de aspira\u00e7\u00e3o de 360"},"content":{"rendered":"\n\n<h2 class=\"wp-block-heading\" id=\"table-d-extraction-rotative\">Mesa de extra\u00e7\u00e3o rotativa<\/h2>\n\n<div class=\"wp-block-columns is-layout-flex wp-container-core-columns-is-layout-28f84493 wp-block-columns-is-layout-flex\">\n<div class=\"wp-block-column is-layout-flow wp-block-column-is-layout-flow\" style=\"flex-basis:33.33%\">\n<figure class=\"wp-block-image aligncenter size-large\"><img decoding=\"async\" width=\"1024\" height=\"1024\" src=\"https:\/\/obera.fr\/wp-content\/uploads\/2025\/01\/image-table-aspirante-rotative-1024x1024.jpg\" alt=\"imagem mesa de aspira&#xE7;&#xE3;o rotativa\" class=\"wp-image-57698\" srcset=\"https:\/\/obera.fr\/wp-content\/uploads\/2025\/01\/image-table-aspirante-rotative-1024x1024.jpg 1024w, https:\/\/obera.fr\/wp-content\/uploads\/2025\/01\/image-table-aspirante-rotative-300x300.jpg 300w, https:\/\/obera.fr\/wp-content\/uploads\/2025\/01\/image-table-aspirante-rotative-150x150.jpg 150w, https:\/\/obera.fr\/wp-content\/uploads\/2025\/01\/image-table-aspirante-rotative-768x768.jpg 768w, https:\/\/obera.fr\/wp-content\/uploads\/2025\/01\/image-table-aspirante-rotative-400x400.jpg 400w, https:\/\/obera.fr\/wp-content\/uploads\/2025\/01\/image-table-aspirante-rotative-600x600.jpg 600w, https:\/\/obera.fr\/wp-content\/uploads\/2025\/01\/image-table-aspirante-rotative.jpg 1200w\" sizes=\"(max-width: 1024px) 100vw, 1024px\" \/><figcaption class=\"wp-element-caption\">\nImagem da mesa de aspira\u00e7\u00e3o rotativa<\/figcaption><\/figure>\n<\/div>\n\n\n\n<div class=\"wp-block-column is-layout-flow wp-block-column-is-layout-flow\" style=\"flex-basis:66.66%\">\n<p>A mesa de extra\u00e7\u00e3o de 360\u00b0 \u00e9 particularmente adequada para processos de separa\u00e7\u00e3o mec\u00e2nica e t\u00e9rmica. A fun\u00e7\u00e3o de rota\u00e7\u00e3o da mesa em torno do seu pr\u00f3prio eixo permite aos utilizadores um acesso completo \u00e0 sua pe\u00e7a de trabalho, reduzindo os tediosos processos de fixa\u00e7\u00e3o.  <\/p>\n\n\n\n<p>Gra\u00e7as ao seu fluxo de ar optimizado e \u00e0 camp\u00e2nula flex\u00edvel sobre a \u00e1rea de trabalho, a mesa de aspira\u00e7\u00e3o de 360\u00b0 protege eficazmente os trabalhadores do p\u00f3 e do fumo.  <\/p>\n\n\n\n<p>A constru\u00e7\u00e3o ergon\u00f3mica desta mesa permite regular a sua altura se necess\u00e1rio, garantindo condi\u00e7\u00f5es de trabalho seguras e agrad\u00e1veis.<\/p>\n\n\n\n<div style=\"height:30px\" aria-hidden=\"true\" class=\"wp-block-spacer\"><\/div>\n\n\n\n<div class=\"wp-block-columns is-layout-flex wp-container-core-columns-is-layout-28f84493 wp-block-columns-is-layout-flex\">\n<div class=\"wp-block-column is-layout-flow wp-block-column-is-layout-flow\" style=\"flex-basis:33.33%\">\n<div class=\"wp-block-buttons is-layout-flex wp-block-buttons-is-layout-flex\">\n<div class=\"wp-block-button\"><a class=\"wp-block-button__link wp-element-button\" href=\"https:\/\/obera.fr\/wp-content\/uploads\/2025\/04\/brochure-table-aspirante-rotative-.pdf\">DESCARREGA A BROCHURA<\/a><\/div>\n<\/div>\n<\/div>\n\n\n\n<div class=\"wp-block-column is-layout-flow wp-block-column-is-layout-flow\" style=\"flex-basis:33.34%\">\n<div class=\"wp-block-buttons is-horizontal is-content-justification-center is-layout-flex wp-container-core-buttons-is-layout-03627597 wp-block-buttons-is-layout-flex\">\n<div class=\"wp-block-button has-custom-width wp-block-button__width-100\"><a class=\"wp-block-button__link wp-element-button\" href=\"https:\/\/obera.fr\/pt-pt\/contacta-nos\/\">Saber mais<\/a><\/div>\n<\/div>\n<\/div>\n\n\n\n<div class=\"wp-block-column is-layout-flow wp-block-column-is-layout-flow\" style=\"flex-basis:33.34%\">\n<div class=\"wp-block-buttons is-content-justification-center is-layout-flex wp-container-core-buttons-is-layout-a89b3969 wp-block-buttons-is-layout-flex\">\n<div class=\"wp-block-button btn-devis-source\"><a class=\"wp-block-button__link wp-element-button\" href=\"https:\/\/obera.fr\/pt-pt\/devis\/\">Solicita um or\u00e7amento<\/a><\/div>\n<\/div>\n\n\n<script>\r\ndocument.addEventListener('DOMContentLoaded', function() {\r\n    \/\/ 1. On cherche le titre H1 de la page\r\n    var h1 = document.querySelector('h1');\r\n    var productTitle = h1 ? h1.innerText.trim() : \"\";\r\n\r\n    \/\/ 2. On cherche les boutons via la classe CSS .btn-devis-source\r\n    var buttons = document.querySelectorAll('.btn-devis-source a');\r\n\r\n    \/\/ 3. Si on a le titre et les boutons, on ajoute le param\u00e8tre\r\n    if (buttons.length > 0 && productTitle !== \"\") {\r\n        var encodedTitle = encodeURIComponent(productTitle);\r\n\r\n        buttons.forEach(function(btn) {\r\n            var currentHref = btn.getAttribute('href');\r\n            \r\n            \/\/ S\u00e9curit\u00e9 pour ne pas ajouter le param\u00e8tre 2 fois\r\n            if (currentHref.indexOf('sujet=') === -1) {\r\n                var separator = currentHref.indexOf('?') !== -1 ? '&' : '?';\r\n                var newLink = currentHref + separator + 'sujet=' + encodedTitle;\r\n                \r\n                btn.setAttribute('href', newLink);\r\n            }\r\n        });\r\n    }\r\n});\r\n<\/script><\/div>\n<\/div>\n<\/div>\n<\/div>\n\n<p><\/p>\n\n<div class=\"wp-block-columns is-layout-flex wp-container-core-columns-is-layout-28f84493 wp-block-columns-is-layout-flex\">\n<div class=\"wp-block-column is-layout-flow wp-block-column-is-layout-flow\">\n<h3 class=\"wp-block-heading has-text-align-center\" id=\"avantages\">BENEF\u00cdCIOS<\/h3>\n\n\n\n<ul class=\"wp-block-list\">\n<li>Maior efici\u00eancia na maquina\u00e7\u00e3o de pe\u00e7as<\/li>\n\n\n\n<li>Poupa tempo  <\/li>\n\n\n\n<li>Elevada ergonomia<\/li>\n\n\n\n<li>Reduzir a polui\u00e7\u00e3o no local de trabalho<\/li>\n\n\n\n<li>Otimiza\u00e7\u00e3o da seguran\u00e7a no trabalho<\/li>\n<\/ul>\n<\/div>\n\n\n\n<div class=\"wp-block-column is-layout-flow wp-block-column-is-layout-flow\">\n<h3 class=\"wp-block-heading has-text-align-center\" id=\"particularites\">Carater\u00edsticas especiais<\/h3>\n\n\n\n<ul class=\"wp-block-list\">\n<li>Painel lateral dobr\u00e1vel (sem tampa)<\/li>\n\n\n\n<li>Sala acess\u00edvel de todos os lados (at\u00e9 360 graus)<\/li>\n\n\n\n<li>Largura m\u00e1xima da divis\u00e3o: 900 mm (com paredes fechadas)<\/li>\n\n\n\n<li>Necessita de aproximadamente 2500 m3\/h de volume de ar<\/li>\n\n\n\n<li>Bocal de aspira\u00e7\u00e3o na zona frontal<\/li>\n\n\n\n<li>Batente regul\u00e1vel<\/li>\n<\/ul>\n<\/div>\n\n\n\n<div class=\"wp-block-column is-layout-flow wp-block-column-is-layout-flow\">\n<h3 class=\"wp-block-heading has-text-align-center\" id=\"caracteristiques\">carater\u00edsticas<\/h3>\n\n\n\n<ul class=\"wp-block-list\">\n<li>Regula\u00e7\u00e3o el\u00e9ctrica cont\u00ednua da altura (980 a 1800 mm)<\/li>\n\n\n\n<li>Grelha ou torno de metal<\/li>\n\n\n\n<li>Mordentes de prote\u00e7\u00e3o magn\u00e9tica<\/li>\n\n\n\n<li>Ilumina\u00e7\u00e3o<\/li>\n\n\n\n<li>Plataforma individual<\/li>\n\n\n\n<li>Compat\u00edvel com ATEX  <\/li>\n<\/ul>\n\n\n\n<p><\/p>\n<\/div>\n<\/div>\n\n<div class=\"wp-block-buttons is-content-justification-center is-layout-flex wp-container-core-buttons-is-layout-a89b3969 wp-block-buttons-is-layout-flex\">\n<div class=\"wp-block-button\"><a class=\"wp-block-button__link wp-element-button\" href=\"https:\/\/obera.fr\/wp-content\/uploads\/2024\/02\/brochure-table-aspirante-rotative-.pdf\">Descarrega a documenta\u00e7\u00e3o<\/a><\/div>\n<\/div>\n\n<h3 class=\"wp-block-heading\" id=\"quels-polluants-traiter-sur-notre-table-aspirante\">Que poluentes devem ser tratados na nossa mesa de aspira\u00e7\u00e3o?<\/h3>\n\n<p>A nossa <a href=\"https:\/\/obera.fr\/pt-pt\/produits\/tables-aspirantes\/\">mesa de suc\u00e7\u00e3o<\/a> de 360\u00b0 pode tratar uma vasta gama de poluentes, de prefer\u00eancia poluentes pesados que tendem a depositar-se.  <\/p>\n\n<p>Os exemplos incluem poeiras met\u00e1licas, fumos de soldadura, aparas de pl\u00e1stico, poeiras minerais, poeiras de bet\u00e3o, vapores e materiais comp\u00f3sitos.<\/p>\n\n<h2 class=\"wp-block-heading\" id=\"a-quelles-utilisations-convient-elle\">Para que serve?<\/h2>\n\n<p>Estes poluentes s\u00e3o gerados, em grande parte, durante processos como a soldadura, a brasagem, a serragem, o corte, a tritura\u00e7\u00e3o, o polimento, a maquinagem, a fresagem e a separa\u00e7\u00e3o de materiais. Estes processos t\u00eam lugar em ind\u00fastrias como a metalurgia, os pl\u00e1sticos, o trabalho da madeira, os t\u00eaxteis, os minerais, os produtos qu\u00edmicos\/petroqu\u00edmicos e o papel\/cart\u00e3o.<\/p>\n\n<div class=\"wp-block-columns is-layout-flex wp-container-core-columns-is-layout-28f84493 wp-block-columns-is-layout-flex\">\n<div class=\"wp-block-column is-layout-flow wp-block-column-is-layout-flow\">\n<h3 class=\"wp-block-heading has-text-align-center\" id=\"polluants\">POLUENTES<\/h3>\n\n\n\n<div class=\"wp-block-columns is-layout-flex wp-container-core-columns-is-layout-28f84493 wp-block-columns-is-layout-flex\">\n<div class=\"wp-block-column is-layout-flow wp-block-column-is-layout-flow\">\n<figure class=\"wp-block-image aligncenter size-large\"><img decoding=\"async\" width=\"70\" height=\"70\" src=\"https:\/\/obera.fr\/wp-content\/uploads\/2021\/03\/polluants-poussieres-1.jpg\" alt=\"poeiras poluentes 1\" class=\"wp-image-4969\"\/><figcaption class=\"wp-element-caption\">Poeira<\/figcaption><\/figure>\n\n\n\n<figure class=\"wp-block-image aligncenter size-large\"><img decoding=\"async\" width=\"70\" height=\"70\" src=\"https:\/\/obera.fr\/wp-content\/uploads\/2021\/03\/industrie-fumees.jpg\" alt=\"fumos industriais\" class=\"wp-image-4971\"\/><figcaption class=\"wp-element-caption\">Fumos<\/figcaption><\/figure>\n\n\n\n<figure class=\"wp-block-image aligncenter size-large\"><img decoding=\"async\" width=\"70\" height=\"70\" src=\"https:\/\/obera.fr\/wp-content\/uploads\/2021\/03\/industrie-brouillard-huile.jpg\" alt=\"ind&#xFA;stria de n&#xE9;voa de &#xF3;leo\" class=\"wp-image-4973\"\/><figcaption class=\"wp-element-caption\">N\u00e9voa de \u00f3leo<\/figcaption><\/figure>\n<\/div>\n\n\n\n<div class=\"wp-block-column is-layout-flow wp-block-column-is-layout-flow\">\n<figure class=\"wp-block-image aligncenter size-large\"><img decoding=\"async\" width=\"70\" height=\"70\" src=\"https:\/\/obera.fr\/wp-content\/uploads\/2021\/03\/polluants-copeaux-bois.jpg\" alt=\"poluentes das aparas de madeira\" class=\"wp-image-4970\"\/><figcaption class=\"wp-element-caption\">Batatas fritas<\/figcaption><\/figure>\n\n\n\n<figure class=\"wp-block-image aligncenter size-large\"><img decoding=\"async\" width=\"70\" height=\"70\" src=\"https:\/\/obera.fr\/wp-content\/uploads\/2021\/03\/industrie-odeur-2.jpg\" alt=\"ind&#xFA;stria de odores 2\" class=\"wp-image-4972\"\/><figcaption class=\"wp-element-caption\">Odores<\/figcaption><\/figure>\n\n\n\n<figure class=\"wp-block-image aligncenter size-large\"><img decoding=\"async\" width=\"70\" height=\"70\" src=\"https:\/\/obera.fr\/wp-content\/uploads\/2021\/03\/cov.jpg\" alt=\"cov\" class=\"wp-image-4974\"\/><figcaption class=\"wp-element-caption\">VOCS<\/figcaption><\/figure>\n<\/div>\n<\/div>\n<\/div>\n\n\n\n<div class=\"wp-block-column is-layout-flow wp-block-column-is-layout-flow\">\n<h3 class=\"wp-block-heading has-text-align-center\" id=\"industries\">ind\u00fastrias<\/h3>\n\n\n\n<div class=\"wp-block-columns is-layout-flex wp-container-core-columns-is-layout-28f84493 wp-block-columns-is-layout-flex\">\n<div class=\"wp-block-column is-layout-flow wp-block-column-is-layout-flow\">\n<figure class=\"wp-block-image aligncenter size-large\"><img decoding=\"async\" width=\"70\" height=\"70\" src=\"https:\/\/obera.fr\/wp-content\/uploads\/2021\/03\/industrie-metallurgie-1.jpg\" alt=\"ind&#xFA;stria metal&#xFA;rgica 1\" class=\"wp-image-4975\"\/><figcaption class=\"wp-element-caption\">Metalurgia<\/figcaption><\/figure>\n\n\n\n<figure class=\"wp-block-image aligncenter size-large\"><img decoding=\"async\" width=\"70\" height=\"70\" src=\"https:\/\/obera.fr\/wp-content\/uploads\/2021\/03\/industrie-plastique.jpg\" alt=\"ind&#xFA;stria dos pl&#xE1;sticos\" class=\"wp-image-4976\"\/><figcaption class=\"wp-element-caption\">Pl\u00e1sticos<\/figcaption><\/figure>\n\n\n\n<figure class=\"wp-block-image aligncenter size-large\"><img decoding=\"async\" width=\"70\" height=\"70\" src=\"https:\/\/obera.fr\/wp-content\/uploads\/2021\/03\/industrie-minerai.jpg\" alt=\"ind&#xFA;stria mineral\" class=\"wp-image-4977\"\/><figcaption class=\"wp-element-caption\">Minerais<\/figcaption><\/figure>\n\n\n\n<figure class=\"wp-block-image aligncenter size-large\"><img decoding=\"async\" width=\"70\" height=\"70\" src=\"https:\/\/obera.fr\/wp-content\/uploads\/2021\/03\/industrie-dechets.jpg\" alt=\"ind&#xFA;stria de res&#xED;duos\" class=\"wp-image-4978\"\/><figcaption class=\"wp-element-caption\">Recolha e triagem de res\u00edduos<\/figcaption><\/figure>\n<\/div>\n\n\n\n<div class=\"wp-block-column is-layout-flow wp-block-column-is-layout-flow\">\n<figure class=\"wp-block-image aligncenter size-large\"><img decoding=\"async\" width=\"70\" height=\"70\" src=\"https:\/\/obera.fr\/wp-content\/uploads\/2021\/03\/industrie-bois.jpg\" alt=\"ind&#xFA;stria da madeira\" class=\"wp-image-4979\"\/><figcaption class=\"wp-element-caption\">Trabalhos em madeira<\/figcaption><\/figure>\n\n\n\n<figure class=\"wp-block-image aligncenter size-large\"><img decoding=\"async\" width=\"70\" height=\"70\" src=\"https:\/\/obera.fr\/wp-content\/uploads\/2021\/03\/industrie-textile.jpg\" alt=\"ind&#xFA;stria t&#xEA;xtil\" class=\"wp-image-4980\"\/><figcaption class=\"wp-element-caption\">T\u00eaxteis<\/figcaption><\/figure>\n\n\n\n<figure class=\"wp-block-image aligncenter size-large\"><img decoding=\"async\" width=\"70\" height=\"70\" src=\"https:\/\/obera.fr\/wp-content\/uploads\/2021\/03\/industrie-chimie-1.jpg\" alt=\"ind&#xFA;stria qu&#xED;mica 1\" class=\"wp-image-4981\"\/><figcaption class=\"wp-element-caption\">Produtos qu\u00edmicos\/petroqu\u00edmicos<\/figcaption><\/figure>\n\n\n\n<figure class=\"wp-block-image aligncenter size-large\"><img decoding=\"async\" width=\"70\" height=\"70\" src=\"https:\/\/obera.fr\/wp-content\/uploads\/2021\/03\/industrie-papier-carton.jpg\" alt=\"ind&#xFA;stria do papel e do cart&#xE3;o\" class=\"wp-image-4982\"\/><figcaption class=\"wp-element-caption\">Papel\/cart\u00e3o<\/figcaption><\/figure>\n\n\n\n<p><\/p>\n<\/div>\n<\/div>\n\n\n\n<p><\/p>\n<\/div>\n<\/div>\n\n<h2 class=\"wp-block-heading\" id=\"les-autres-produits-de-captation-et-d-aspiration-obera\">Outras mesas de aspira\u00e7\u00e3o OberA<\/h2>\n\n<div class=\"wp-block-columns is-layout-flex wp-container-core-columns-is-layout-28f84493 wp-block-columns-is-layout-flex\">\n<div class=\"wp-block-column is-layout-flow wp-block-column-is-layout-flow\">\n<figure class=\"wp-block-image aligncenter size-medium is-resized\"><a href=\"https:\/\/obera.fr\/produits\/tables-aspirantes\/table-aspirante-a-at\/\"><img decoding=\"async\" width=\"300\" height=\"300\" src=\"https:\/\/obera.fr\/wp-content\/uploads\/2020\/10\/table-SF-300x300.png\" alt=\"Mesas de aspira&#xE7;&#xE3;o\" class=\"wp-image-1179\" style=\"width:auto;height:150px\" srcset=\"https:\/\/obera.fr\/wp-content\/uploads\/2020\/10\/table-SF-300x300.png 300w, https:\/\/obera.fr\/wp-content\/uploads\/2020\/10\/table-SF-150x150.png 150w, https:\/\/obera.fr\/wp-content\/uploads\/2020\/10\/table-SF.png 433w\" sizes=\"(max-width: 300px) 100vw, 300px\" \/><\/a><figcaption class=\"wp-element-caption\">Mesa de aspira\u00e7\u00e3o A &amp; AT<\/figcaption><\/figure>\n<\/div>\n\n\n\n<div class=\"wp-block-column is-layout-flow wp-block-column-is-layout-flow\">\n<figure class=\"wp-block-image aligncenter size-full\"><a href=\"https:\/\/obera.fr\/produits\/tables-aspirantes\/table-autonome\/\"><img decoding=\"async\" width=\"150\" height=\"150\" src=\"https:\/\/obera.fr\/wp-content\/uploads\/2022\/06\/Sans-titre-2022-06-07T101130.850.png\" alt=\"Mesas de aspira&#xE7;&#xE3;o aut&#xF3;nomas\" class=\"wp-image-13083\"\/><\/a><figcaption class=\"wp-element-caption\">Mesa de aspira\u00e7\u00e3o aut\u00f3noma<\/figcaption><\/figure>\n<\/div>\n\n\n\n<div class=\"wp-block-column is-layout-flow wp-block-column-is-layout-flow\">\n<figure class=\"wp-block-image aligncenter size-medium is-resized\"><img decoding=\"async\" width=\"300\" height=\"300\" src=\"https:\/\/obera.fr\/wp-content\/uploads\/2024\/05\/epurbox-tsp-300x300.png\" alt=\"epurbox tsp\" class=\"wp-image-30348\" style=\"width:auto;height:150px\" srcset=\"https:\/\/obera.fr\/wp-content\/uploads\/2024\/05\/epurbox-tsp-300x300.png 300w, https:\/\/obera.fr\/wp-content\/uploads\/2024\/05\/epurbox-tsp-1024x1024.png 1024w, https:\/\/obera.fr\/wp-content\/uploads\/2024\/05\/epurbox-tsp-150x150.png 150w, https:\/\/obera.fr\/wp-content\/uploads\/2024\/05\/epurbox-tsp-768x768.png 768w, https:\/\/obera.fr\/wp-content\/uploads\/2024\/05\/epurbox-tsp.png 1200w\" sizes=\"(max-width: 300px) 100vw, 300px\" \/><figcaption class=\"wp-element-caption\">ePURBOX Atex<\/figcaption><\/figure>\n<\/div>\n<\/div>\n","protected":false},"excerpt":{"rendered":"<p>Mesa de extra\u00e7\u00e3o rotativa A mesa de extra\u00e7\u00e3o de 360\u00b0 \u00e9 particularmente adequada para processos de separa\u00e7\u00e3o mec\u00e2nica e t\u00e9rmica. A fun\u00e7\u00e3o de rota\u00e7\u00e3o da mesa em torno do seu pr\u00f3prio eixo permite aos utilizadores um acesso completo \u00e0 sua pe\u00e7a de trabalho, reduzindo os tediosos processos de fixa\u00e7\u00e3o. Gra\u00e7as ao seu fluxo de ar optimizado e \u00e0 camp\u00e2nula flex\u00edvel sobre a \u00e1rea de trabalho, a mesa de aspira\u00e7\u00e3o de 360\u00b0 protege eficazmente os trabalhadores do p\u00f3 e do fumo. A constru\u00e7\u00e3o ergon\u00f3mica desta mesa permite regular a sua altura se necess\u00e1rio, garantindo condi\u00e7\u00f5es de trabalho seguras e agrad\u00e1veis. BENEF\u00cdCIOS &#8230; <\/p>\n<p class=\"read-more-container\"><a title=\"Mesa de aspira\u00e7\u00e3o de 360\" class=\"read-more button\" href=\"https:\/\/obera.fr\/pt-pt\/produits\/tables-aspirantes\/table-rotative-360\/#more-44422\" aria-label=\"Leia mais sobre Mesa de aspira\u00e7\u00e3o de 360\">Lire la suite<\/a><\/p>\n","protected":false},"author":4,"featured_media":83747,"parent":44456,"menu_order":0,"comment_status":"closed","ping_status":"closed","template":"","meta":{"_acf_changed":false,"_seopress_robots_primary_cat":"","_seopress_titles_title":"oberUma mesa de aspira\u00e7\u00e3o de 360\u00b0 ou uma mesa de extra\u00e7\u00e3o rotativa","_seopress_titles_desc":"A mesa de extra\u00e7\u00e3o de 360\u00b0 \u00e9 particularmente adequada para processos de separa\u00e7\u00e3o mec\u00e2nica e t\u00e9rmica. Proporciona uma prote\u00e7\u00e3o eficaz aos trabalhadores.","_seopress_robots_index":"","footnotes":""},"class_list":{"0":"post-44422","1":"page","2":"type-page","3":"status-publish","4":"has-post-thumbnail","6":"no-featured-image-padding","7":"resize-featured-image"},"acf":[],"_links":{"self":[{"href":"https:\/\/obera.fr\/pt-pt\/wp-json\/wp\/v2\/pages\/44422","targetHints":{"allow":["GET"]}}],"collection":[{"href":"https:\/\/obera.fr\/pt-pt\/wp-json\/wp\/v2\/pages"}],"about":[{"href":"https:\/\/obera.fr\/pt-pt\/wp-json\/wp\/v2\/types\/page"}],"author":[{"embeddable":true,"href":"https:\/\/obera.fr\/pt-pt\/wp-json\/wp\/v2\/users\/4"}],"replies":[{"embeddable":true,"href":"https:\/\/obera.fr\/pt-pt\/wp-json\/wp\/v2\/comments?post=44422"}],"version-history":[{"count":9,"href":"https:\/\/obera.fr\/pt-pt\/wp-json\/wp\/v2\/pages\/44422\/revisions"}],"predecessor-version":[{"id":117767,"href":"https:\/\/obera.fr\/pt-pt\/wp-json\/wp\/v2\/pages\/44422\/revisions\/117767"}],"up":[{"embeddable":true,"href":"https:\/\/obera.fr\/pt-pt\/wp-json\/wp\/v2\/pages\/44456"}],"wp:featuredmedia":[{"embeddable":true,"href":"https:\/\/obera.fr\/pt-pt\/wp-json\/wp\/v2\/media\/83747"}],"wp:attachment":[{"href":"https:\/\/obera.fr\/pt-pt\/wp-json\/wp\/v2\/media?parent=44422"}],"curies":[{"name":"wp","href":"https:\/\/api.w.org\/{rel}","templated":true}]}}