{"id":45089,"date":"2024-04-05T22:55:29","date_gmt":"2024-04-05T20:55:29","guid":{"rendered":"https:\/\/obera.fr\/aspirador-industrial-w2-xr\/"},"modified":"2025-06-03T10:15:49","modified_gmt":"2025-06-03T08:15:49","slug":"w2-xr-atex-22","status":"publish","type":"page","link":"https:\/\/obera.fr\/pt-pt\/produits\/aspirateurs-industriels\/w2-xr-atex-22\/","title":{"rendered":"Aspirador industrial W2 XR"},"content":{"rendered":"\n<p>Descobre o aspirador industrial W2 XR para a aspira\u00e7\u00e3o de s\u00f3lidos e l\u00edquidos \u00e0 prova de explos\u00e3o. Equipamento compacto, m\u00f3vel e de elevado desempenho para reduzir o risco de igni\u00e7\u00e3o e explos\u00e3o nas suas unidades de produ\u00e7\u00e3o.<\/p>\n\n\n\n<h2 class=\"wp-block-heading\">Aspirador industrial W2 XR com certifica\u00e7\u00e3o ATEX Zona 22: princ\u00edpio e aplica\u00e7\u00e3o<\/h2>\n\n\n\n<div class=\"wp-block-columns is-layout-flex wp-container-core-columns-is-layout-28f84493 wp-block-columns-is-layout-flex\">\n<div class=\"wp-block-column is-layout-flow wp-block-column-is-layout-flow\" style=\"flex-basis:33.33%\">\n<figure class=\"wp-block-image size-full is-resized\"><img decoding=\"async\" width=\"566\" height=\"671\" src=\"https:\/\/obera.fr\/wp-content\/uploads\/2024\/10\/w2-xr-2.png\" alt=\"Aspiradores industriais\" class=\"wp-image-35431\" style=\"object-fit:cover;width:300px;height:300px\" srcset=\"https:\/\/obera.fr\/wp-content\/uploads\/2024\/10\/w2-xr-2.png 566w, https:\/\/obera.fr\/wp-content\/uploads\/2024\/10\/w2-xr-2-253x300.png 253w\" sizes=\"(max-width: 566px) 100vw, 566px\" \/><\/figure>\n<\/div>\n\n\n\n<div class=\"wp-block-column is-layout-flow wp-block-column-is-layout-flow\" style=\"flex-basis:66.66%\">\n<p>O<strong>aspirador industrial a seco e a h\u00famido W2 XR<\/strong> foi concebido para aspirar s\u00f3lidos e l\u00edquidos \u00e0 prova de explos\u00e3o. A sua constru\u00e7\u00e3o foi concebida para evitar a acumula\u00e7\u00e3o de eletricidade est\u00e1tica gra\u00e7as ao seu filtro de saco de poli\u00e9ster anti-est\u00e1tico (prote\u00e7\u00e3o da unidade de filtragem). Para evitar o sobreaquecimento, a unidade est\u00e1 equipada com um motor monof\u00e1sico sem escovas, que gera menos calor e fric\u00e7\u00e3o do que um motor de escovas. Esta conce\u00e7\u00e3o est\u00e1 em total conformidade com a regulamenta\u00e7\u00e3o ATEX para as zonas de classe 22.   <\/p>\n\n\n\n<p>Para que utiliza\u00e7\u00f5es? A s\u00e9rie W2 XR est\u00e1 calibrada para minimizar os riscos em atmosferas explosivas: f\u00e1bricas de produtos qu\u00edmicos, f\u00e1bricas de transforma\u00e7\u00e3o de alimentos, f\u00e1bricas de madeira, f\u00e1bricas de metais, f\u00e1bricas de produ\u00e7\u00e3o de energia, etc. O aspirador industrial W2 XR responde \u00e0s exig\u00eancias de todos os tipos de ind\u00fastrias que geram poeiras combust\u00edveis e prejudiciais \u00e0 sa\u00fade dos operadores. <\/p>\n\n\n\n<div class=\"wp-block-columns is-layout-flex wp-container-core-columns-is-layout-28f84493 wp-block-columns-is-layout-flex\">\n<div class=\"wp-block-column is-layout-flow wp-block-column-is-layout-flow\">\n<div class=\"wp-block-buttons is-layout-flex wp-block-buttons-is-layout-flex\">\n<div class=\"wp-block-button\"><a class=\"wp-block-button__link wp-element-button\" href=\"https:\/\/obera.fr\/wp-content\/uploads\/2025\/06\/brochure-w2-xr-en.pdf\">DESCARREGA A BROCHURA<\/a><\/div>\n<\/div>\n<\/div>\n\n\n\n<div class=\"wp-block-column is-layout-flow wp-block-column-is-layout-flow\">\n<div class=\"wp-block-buttons is-layout-flex wp-block-buttons-is-layout-flex\">\n<div class=\"wp-block-button\"><a class=\"wp-block-button__link wp-element-button\" href=\"https:\/\/obera.fr\/contact\/\">PRECISAS DE ACONSELHAMENTO PERSONALIZADO?<\/a><\/div>\n<\/div>\n<\/div>\n\n\n\n<div class=\"wp-block-column is-layout-flow wp-block-column-is-layout-flow\">\n<div class=\"wp-block-buttons is-content-justification-center is-layout-flex wp-container-core-buttons-is-layout-a89b3969 wp-block-buttons-is-layout-flex\">\n<div class=\"wp-block-button btn-devis-source\"><a class=\"wp-block-button__link wp-element-button\" href=\"https:\/\/obera.fr\/pt-pt\/devis\/\">Solicita um or\u00e7amento<\/a><\/div>\n<\/div>\n\n\n<script>\r\ndocument.addEventListener('DOMContentLoaded', function() {\r\n    \/\/ 1. On cherche le titre H1 de la page\r\n    var h1 = document.querySelector('h1');\r\n    var productTitle = h1 ? h1.innerText.trim() : \"\";\r\n\r\n    \/\/ 2. On cherche les boutons via la classe CSS .btn-devis-source\r\n    var buttons = document.querySelectorAll('.btn-devis-source a');\r\n\r\n    \/\/ 3. Si on a le titre et les boutons, on ajoute le param\u00e8tre\r\n    if (buttons.length > 0 && productTitle !== \"\") {\r\n        var encodedTitle = encodeURIComponent(productTitle);\r\n\r\n        buttons.forEach(function(btn) {\r\n            var currentHref = btn.getAttribute('href');\r\n            \r\n            \/\/ S\u00e9curit\u00e9 pour ne pas ajouter le param\u00e8tre 2 fois\r\n            if (currentHref.indexOf('sujet=') === -1) {\r\n                var separator = currentHref.indexOf('?') !== -1 ? '&' : '?';\r\n                var newLink = currentHref + separator + 'sujet=' + encodedTitle;\r\n                \r\n                btn.setAttribute('href', newLink);\r\n            }\r\n        });\r\n    }\r\n});\r\n<\/script><\/div>\n<\/div>\n<\/div>\n<\/div>\n\n\n\n<h2 class=\"wp-block-heading\">Quais s\u00e3o as especifica\u00e7\u00f5es t\u00e9cnicas do aspirador industrial W2 XR?<\/h2>\n\n\n\n<p>O aspirador industrial W2 XR produz um caudal de ar at\u00e9 215 m3\/h e uma pot\u00eancia de 1,1 kW, o que lhe confere uma elevada capacidade de aspira\u00e7\u00e3o. Est\u00e1 equipado com um sistema de limpeza por deslocamento vertical para facilitar a limpeza e garantir uma vida \u00fatil m\u00e1xima. <a href=\"https:\/\/obera.fr\/pt-pt\/produits\/aspirateurs-industriels\/\" data-type=\"page\" data-id=\"41\">O aspirador<\/a> disp\u00f5e de um dep\u00f3sito de 40 litros e de um sistema de esvaziamento amov\u00edvel para deslocar o contentor at\u00e9 ao local de elimina\u00e7\u00e3o dos res\u00edduos. Para responder \u00e0s exig\u00eancias de todas as ind\u00fastrias, as unidades de aspira\u00e7\u00e3o, de filtragem e de recolha s\u00e3o fabricadas em a\u00e7o inoxid\u00e1vel.  <\/p>\n\n\n\n<p>No interior, a unidade de aspira\u00e7\u00e3o \u00e9 insonorizada e a unidade de filtragem \u00e9 protegida por um filtro de saco de poli\u00e9ster anti-est\u00e1tico. O sistema de aspira\u00e7\u00e3o tem uma entrada de 50 di\u00e2metros posicionada por baixo do filtro, o que lhe permite aspirar simultaneamente poeiras, s\u00f3lidos e l\u00edquidos.<\/p>\n\n\n\n<p>B\u00f3nus para os profissionais de limpeza: o aspirador vem com acess\u00f3rios como uma mangueira de suc\u00e7\u00e3o flex\u00edvel, um tubo telesc\u00f3pico, escovas e uma ferramenta para fendas.<\/p>\n\n\n\n<blockquote class=\"wp-block-quote is-layout-flow wp-block-quote-is-layout-flow\">\n<p>Quais s\u00e3o as tuas op\u00e7\u00f5es? A vers\u00e3o ATEX do aspirador W2 XR disp\u00f5e de v\u00e1rias op\u00e7\u00f5es para responder \u00e0s suas necessidades: filtro nomex (resistente ao calor at\u00e9 250\u00b0), filtro absoluto Hepa H14, cesto de acess\u00f3rios, filtro classe M, M PTFE, M Teflon oleof\u00f3bico, classe L e M antiest\u00e1tico, recipiente e c\u00e2mara de filtragem em a\u00e7o inoxid\u00e1vel, liga\u00e7\u00e3o \u00e0 terra. Pede conselhos \u00e0s nossas equipas sobre as op\u00e7\u00f5es mais adequadas para o teu sector.<\/p>\n<\/blockquote>\n\n\n\n<h3 class=\"wp-block-heading has-text-align-center\">IND\u00daSTRIAS<\/h3>\n\n\n\n<div class=\"wp-block-columns is-layout-flex wp-container-core-columns-is-layout-28f84493 wp-block-columns-is-layout-flex\">\n<div class=\"wp-block-column is-layout-flow wp-block-column-is-layout-flow\">\n<hr class=\"wp-block-separator has-alpha-channel-opacity\"\/>\n\n\n\n<div class=\"wp-block-columns is-layout-flex wp-container-core-columns-is-layout-28f84493 wp-block-columns-is-layout-flex\">\n<div class=\"wp-block-column is-layout-flow wp-block-column-is-layout-flow\">\n<figure class=\"wp-block-image aligncenter size-thumbnail is-resized\"><img decoding=\"async\" width=\"150\" height=\"150\" src=\"https:\/\/obera.fr\/wp-content\/uploads\/2022\/02\/Textile-150x150.png\" alt=\"t\u00eaxtil\" class=\"wp-image-8855\"\/><figcaption class=\"wp-element-caption\">T\u00eaxteis<\/figcaption><\/figure>\n\n\n\n<figure class=\"wp-block-image aligncenter size-thumbnail is-resized\"><img decoding=\"async\" width=\"150\" height=\"150\" src=\"https:\/\/obera.fr\/wp-content\/uploads\/2022\/02\/Plastique-150x150.png\" alt=\"pl\u00e1stico\" class=\"wp-image-8854\"\/><figcaption class=\"wp-element-caption\">Pl\u00e1stico<\/figcaption><\/figure>\n<\/div>\n\n\n\n<div class=\"wp-block-column is-layout-flow wp-block-column-is-layout-flow\">\n<figure class=\"wp-block-image aligncenter size-thumbnail is-resized\"><img decoding=\"async\" width=\"150\" height=\"150\" src=\"https:\/\/obera.fr\/wp-content\/uploads\/2022\/02\/MINERAIS-150x150.png\" alt=\"min\u00e9rios\" class=\"wp-image-8847\"\/><figcaption class=\"wp-element-caption\">Minerais<\/figcaption><\/figure>\n\n\n\n<figure class=\"wp-block-image aligncenter size-thumbnail is-resized\"><img decoding=\"async\" width=\"150\" height=\"150\" src=\"https:\/\/obera.fr\/wp-content\/uploads\/2022\/02\/Metalurgie-150x150.png\" alt=\"metalurgia\" class=\"wp-image-8857\"\/><figcaption class=\"wp-element-caption\">Metalurgia<\/figcaption><\/figure>\n\n\n\n<figure class=\"wp-block-image aligncenter size-thumbnail is-resized\"><img decoding=\"async\" width=\"150\" height=\"150\" src=\"https:\/\/obera.fr\/wp-content\/uploads\/2023\/02\/sans-titre-2023-02-14t102211.641-150x150.png\" alt=\"Agricultura\" class=\"wp-image-18828\"\/><figcaption class=\"wp-element-caption\">Agricultura<\/figcaption><\/figure>\n<\/div>\n<\/div>\n<\/div>\n\n\n\n<div class=\"wp-block-column is-layout-flow wp-block-column-is-layout-flow\">\n<hr class=\"wp-block-separator has-alpha-channel-opacity\"\/>\n\n\n\n<div class=\"wp-block-columns is-layout-flex wp-container-core-columns-is-layout-28f84493 wp-block-columns-is-layout-flex\">\n<div class=\"wp-block-column is-layout-flow wp-block-column-is-layout-flow\">\n<figure class=\"wp-block-image aligncenter size-thumbnail is-resized\"><img decoding=\"async\" width=\"150\" height=\"150\" src=\"https:\/\/obera.fr\/wp-content\/uploads\/2022\/02\/Chimie-150x150.png\" alt=\"qu\u00edmica\" class=\"wp-image-8846\"\/><figcaption class=\"wp-element-caption\">Qu\u00edmica<\/figcaption><\/figure>\n\n\n\n<figure class=\"wp-block-image aligncenter size-thumbnail is-resized\"><img decoding=\"async\" width=\"150\" height=\"150\" src=\"https:\/\/obera.fr\/wp-content\/uploads\/2022\/02\/Travail-du-bois-150x150.png\" alt=\"trabalho da madeira\" class=\"wp-image-8856\"\/><figcaption class=\"wp-element-caption\">Trabalhos em madeira<\/figcaption><\/figure>\n\n\n\n<figure class=\"wp-block-image aligncenter size-thumbnail is-resized\"><img decoding=\"async\" width=\"150\" height=\"150\" src=\"https:\/\/obera.fr\/wp-content\/uploads\/2023\/02\/sans-titre-2023-02-14t101920.185-150x150.png\" alt=\"Avia\u00e7\u00e3o\" class=\"wp-image-18831\"\/><figcaption class=\"wp-element-caption\">Avia\u00e7\u00e3o<\/figcaption><\/figure>\n<\/div>\n\n\n\n<div class=\"wp-block-column is-layout-flow wp-block-column-is-layout-flow\">\n<figure class=\"wp-block-image aligncenter size-thumbnail is-resized\"><img decoding=\"async\" width=\"150\" height=\"150\" src=\"https:\/\/obera.fr\/wp-content\/uploads\/2022\/02\/AGROALIMENTAIRE-150x150.png\" alt=\"agroalimentar\" class=\"wp-image-8844\"\/><figcaption class=\"wp-element-caption\">Ind\u00fastria alimentar<\/figcaption><\/figure>\n\n\n\n<figure class=\"wp-block-image aligncenter size-thumbnail is-resized\"><img decoding=\"async\" width=\"150\" height=\"150\" src=\"https:\/\/obera.fr\/wp-content\/uploads\/2022\/02\/Papier-carton-150x150.png\" alt=\"papel e cart\u00e3o\" class=\"wp-image-8853\"\/><figcaption class=\"wp-element-caption\">Papel\/Cart\u00e3o<\/figcaption><\/figure>\n\n\n\n<figure class=\"wp-block-image aligncenter size-thumbnail is-resized\"><img decoding=\"async\" width=\"150\" height=\"150\" src=\"https:\/\/obera.fr\/wp-content\/uploads\/2023\/02\/sans-titre-2023-02-14t101712.416-150x150.png\" alt=\"Autom\u00f3vel\" class=\"wp-image-18834\"\/><figcaption class=\"wp-element-caption\">Autom\u00f3vel<\/figcaption><\/figure>\n<\/div>\n<\/div>\n<\/div>\n<\/div>\n\n\n\n<table id=\"tablepress-198\" class=\"tablepress tablepress-id-198\">\n<tbody class=\"row-striping row-hover\">\n<tr class=\"row-1\">\n\t<td class=\"column-1\">Zones ATEX<\/td><td class=\"column-2\"><\/td><td class=\"column-3\">22<\/td>\n<\/tr>\n<tr class=\"row-2\">\n\t<td class=\"column-1\">Marquage<\/td><td class=\"column-2\"><\/td><td class=\"column-3\">EX II 3D Ex tc IIIB T135\u00b0C X Dc<\/td>\n<\/tr>\n<tr class=\"row-3\">\n\t<td class=\"column-1\">Tension<\/td><td class=\"column-2\">V-HZ<\/td><td class=\"column-3\">230<\/td>\n<\/tr>\n<tr class=\"row-4\">\n\t<td class=\"column-1\">Puissance<\/td><td class=\"column-2\">kW<\/td><td class=\"column-3\">1.1<\/td>\n<\/tr>\n<tr class=\"row-5\">\n\t<td class=\"column-1\">Protection \u00e9lectrique<\/td><td class=\"column-2\">IP<\/td><td class=\"column-3\">55<\/td>\n<\/tr>\n<tr class=\"row-6\">\n\t<td class=\"column-1\">D\u00e9pression maximum<\/td><td class=\"column-2\">Pa<\/td><td class=\"column-3\">2.250 Pa<\/td>\n<\/tr>\n<tr class=\"row-7\">\n\t<td class=\"column-1\">D\u00e9bit d\u2019air max<\/td><td class=\"column-2\">m3\/h<\/td><td class=\"column-3\">215<\/td>\n<\/tr>\n<tr class=\"row-8\">\n\t<td class=\"column-1\">Diam\u00e8tre embouchure<\/td><td class=\"column-2\">mm<\/td><td class=\"column-3\">50<\/td>\n<\/tr>\n<tr class=\"row-9\">\n\t<td class=\"column-1\">Type de filtre<\/td><td class=\"column-2\"><\/td><td class=\"column-3\">\u00c0 poches en \u00e9toile<\/td>\n<\/tr>\n<tr class=\"row-10\">\n\t<td class=\"column-1\">Surface<\/td><td class=\"column-2\">cm2<\/td><td class=\"column-3\">20.000<\/td>\n<\/tr>\n<tr class=\"row-11\">\n\t<td class=\"column-1\">Syst\u00e8me de nettoyage<\/td><td class=\"column-2\"><\/td><td class=\"column-3\">Manuel<\/td>\n<\/tr>\n<tr class=\"row-12\">\n\t<td class=\"column-1\">Bac de r\u00e9colte<\/td><td class=\"column-2\"><\/td><td class=\"column-3\">Acier<\/td>\n<\/tr>\n<tr class=\"row-13\">\n\t<td class=\"column-1\">Syst\u00e8me de vidange<\/td><td class=\"column-2\"><\/td><td class=\"column-3\">Bac d\u00e9crochable<\/td>\n<\/tr>\n<tr class=\"row-14\">\n\t<td class=\"column-1\">Capacit\u00e9<\/td><td class=\"column-2\">litre<\/td><td class=\"column-3\">40<\/td>\n<\/tr>\n<tr class=\"row-15\">\n\t<td class=\"column-1\">Dimensions<\/td><td class=\"column-2\">cm<\/td><td class=\"column-3\">55x63x124<\/td>\n<\/tr>\n<\/tbody>\n<\/table>\n<!-- #tablepress-198 from cache -->\n\n\n\n<div class=\"wp-block-buttons is-content-justification-center is-layout-flex wp-container-core-buttons-is-layout-a89b3969 wp-block-buttons-is-layout-flex\">\n<div class=\"wp-block-button\"><a class=\"wp-block-button__link wp-element-button\" href=\"https:\/\/obera.fr\/wp-content\/uploads\/2024\/04\/obera_brochure-w2-xr-fr.pdf\">DESCARREGA A FICHA T\u00c9CNICA DO PRODUTO<\/a><\/div>\n<\/div>\n\n\n\n<h2 class=\"wp-block-heading\">As vantagens de um aspirador compacto de alta filtragem W2 XR<\/h2>\n\n\n\n<p>O aspirador industrial W2 XR oferece todas as vantagens da s\u00e9rie W2, nomeadamente uma grande mobilidade para uma utiliza\u00e7\u00e3o f\u00e1cil e confort\u00e1vel por parte dos operadores. Um revestimento insonorizante \u00e0 volta do motor para reduzir ao m\u00e1ximo o ru\u00eddo e evitar incomodar as tripula\u00e7\u00f5es.  <\/p>\n\n\n\n<p>A sua versatilidade \u00e9 obviamente um crit\u00e9rio fundamental para os industriais, uma vez que a sua tecnologia h\u00famido-seco combinada com a sua conformidade com a ATEX significa que pode lidar com poeiras, s\u00f3lidos e l\u00edquidos \u00e0 prova de explos\u00e3o. Tamb\u00e9m \u00e9 f\u00e1cil de manter, gra\u00e7as ao seu filtro agitador incorporado que facilita a limpeza. Tudo o que o operador tem de fazer \u00e9 ativar a alavanca do agitador para uma limpeza manual instant\u00e2nea.<\/p>\n\n\n\n<p>Finalmente, a principal vantagem da s\u00e9rie W2 XR \u00e9 a sua certifica\u00e7\u00e3o ATEX Zona 22. Com este aspirador industrial, cumpre as suas obriga\u00e7\u00f5es de conformidade. A utiliza\u00e7\u00e3o de um aspirador com certifica\u00e7\u00e3o ATEX Zona 22 \u00e9 essencial para garantir a seguran\u00e7a das suas equipas e dos seus bens.  <\/p>\n\n\n\n<div class=\"wp-block-columns is-layout-flex wp-container-core-columns-is-layout-28f84493 wp-block-columns-is-layout-flex\">\n<div class=\"wp-block-column is-layout-flow wp-block-column-is-layout-flow\" style=\"flex-basis:33.34%\">\n<h3 class=\"wp-block-heading\">Vantagens :<\/h3>\n\n\n\n<ul class=\"wp-block-list\">\n<li>Aspirador compacto e m\u00f3vel;<\/li>\n\n\n\n<li>Reduz o risco de alergias e doen\u00e7as respirat\u00f3rias;<\/li>\n\n\n\n<li>Cumpre os requisitos dos regulamentos ATEX.<\/li>\n<\/ul>\n<\/div>\n\n\n\n<div class=\"wp-block-column is-layout-flow wp-block-column-is-layout-flow\" style=\"flex-basis:33.34%\">\n<h3 class=\"wp-block-heading\">Carater\u00edsticas especiais:<\/h3>\n\n\n\n<ul class=\"wp-block-list\">\n<li>Conforme a ATEX Zona 22, aspira\u00e7\u00e3o de part\u00edculas, s\u00f3lidos e l\u00edquidos \u00e0 prova de explos\u00e3o.<\/li>\n<\/ul>\n<\/div>\n\n\n\n<div class=\"wp-block-column is-layout-flow wp-block-column-is-layout-flow\" style=\"flex-basis:33.33%\">\n<h3 class=\"wp-block-heading\">Carater\u00edsticas :<\/h3>\n\n\n\n<ul class=\"wp-block-list\">\n<li>Filtro de saco de poli\u00e9ster anti-est\u00e1tico;<\/li>\n\n\n\n<li>Motor monof\u00e1sico sem escovas ;<\/li>\n\n\n\n<li>Sistema de desentupimento com indicador luminoso.<\/li>\n<\/ul>\n<\/div>\n<\/div>\n\n\n\n<h2 class=\"wp-block-heading\">Ainda tens d\u00favidas sobre a efic\u00e1cia do aspirador W2 XR para a tua ind\u00fastria?<\/h2>\n\n\n\n<p>Na OberA, sabemos que o n\u00edvel de risco de explos\u00e3o na zona 22 varia em fun\u00e7\u00e3o de v\u00e1rios factores: tipo de poeira, quantidade, fontes de igni\u00e7\u00e3o, etc. Para adotar a solu\u00e7\u00e3o de extra\u00e7\u00e3o adequada, efectuamos um diagn\u00f3stico nas suas oficinas e propomos-lhe um teste do equipamento com op\u00e7\u00e3o de compra.<\/p>\n\n\n\n<div class=\"wp-block-buttons is-content-justification-center is-layout-flex wp-container-core-buttons-is-layout-a89b3969 wp-block-buttons-is-layout-flex\">\n<div class=\"wp-block-button\"><a class=\"wp-block-button__link wp-element-button\" href=\"https:\/\/obera.fr\/pt-pt\/contact\/\">TESTA O ASPIRADOR W2 XR<\/a><\/div>\n<\/div>\n\n\n\n<h2 class=\"wp-block-heading\">Outros aspiradores industriais da gama<\/h2>\n\n\n\n<div class=\"wp-block-columns is-layout-flex wp-container-core-columns-is-layout-28f84493 wp-block-columns-is-layout-flex\">\n<div class=\"wp-block-column is-layout-flow wp-block-column-is-layout-flow\">\n<figure class=\"wp-block-image aligncenter size-full is-resized\"><a href=\"https:\/\/obera.fr\/produits\/aspirateurs-industriels\/ventilateurs-aspiration-gamme-eurosog-rg-100-800\/\"><img decoding=\"async\" width=\"600\" height=\"600\" src=\"https:\/\/obera.fr\/wp-content\/uploads\/2024\/04\/obera-ventilateur-aspiration-rg-300-400.jpg\" alt=\"ventilador de aspira\u00e7\u00e3o obera rg 300 400\" class=\"wp-image-29437\" style=\"width:349px;height:auto\" srcset=\"https:\/\/obera.fr\/wp-content\/uploads\/2024\/04\/obera-ventilateur-aspiration-rg-300-400.jpg 600w, https:\/\/obera.fr\/wp-content\/uploads\/2024\/04\/obera-ventilateur-aspiration-rg-300-400-300x300.jpg 300w, https:\/\/obera.fr\/wp-content\/uploads\/2024\/04\/obera-ventilateur-aspiration-rg-300-400-150x150.jpg 150w\" sizes=\"(max-width: 600px) 100vw, 600px\" \/><\/a><figcaption class=\"wp-element-caption\">RG 300\/400<\/figcaption><\/figure>\n<\/div>\n\n\n\n<div class=\"wp-block-column is-layout-flow wp-block-column-is-layout-flow\">\n<figure class=\"wp-block-image aligncenter size-full is-resized\"><a href=\"https:\/\/obera.fr\/produits\/aspirateurs-industriels\/w2-haute-filtration-polyvalence\/\"><img decoding=\"async\" width=\"711\" height=\"622\" src=\"https:\/\/obera.fr\/wp-content\/uploads\/2024\/10\/w2.png\" alt=\"Aspiradores industriais\" class=\"wp-image-35424\" style=\"object-fit:cover;width:300px;height:300px\" srcset=\"https:\/\/obera.fr\/wp-content\/uploads\/2024\/10\/w2.png 711w, https:\/\/obera.fr\/wp-content\/uploads\/2024\/10\/w2-300x262.png 300w\" sizes=\"(max-width: 711px) 100vw, 711px\" \/><\/a><figcaption class=\"wp-element-caption\">W2<\/figcaption><\/figure>\n<\/div>\n\n\n\n<div class=\"wp-block-column is-layout-flow wp-block-column-is-layout-flow\">\n<figure class=\"wp-block-image aligncenter size-full is-resized\"><a href=\"https:\/\/obera.fr\/produits\/aspirateurs-industriels\/w3-pour-nettoyage-general\/\"><img decoding=\"async\" width=\"658\" height=\"652\" src=\"https:\/\/obera.fr\/wp-content\/uploads\/2024\/10\/w3.png\" alt=\"w3\" class=\"wp-image-35427\" style=\"object-fit:cover;width:300px;height:300px\" srcset=\"https:\/\/obera.fr\/wp-content\/uploads\/2024\/10\/w3.png 658w, https:\/\/obera.fr\/wp-content\/uploads\/2024\/10\/w3-300x297.png 300w, https:\/\/obera.fr\/wp-content\/uploads\/2024\/10\/w3-150x150.png 150w, https:\/\/obera.fr\/wp-content\/uploads\/2024\/10\/w3-24x24.png 24w, https:\/\/obera.fr\/wp-content\/uploads\/2024\/10\/w3-48x48.png 48w, https:\/\/obera.fr\/wp-content\/uploads\/2024\/10\/w3-96x96.png 96w\" sizes=\"(max-width: 658px) 100vw, 658px\" \/><\/a><figcaption class=\"wp-element-caption\">W3<\/figcaption><\/figure>\n<\/div>\n<\/div>\n","protected":false},"excerpt":{"rendered":"<p>Descobre o aspirador industrial W2 XR para a aspira\u00e7\u00e3o de s\u00f3lidos e l\u00edquidos \u00e0 prova de explos\u00e3o. Equipamento compacto, m\u00f3vel e de elevado desempenho para reduzir o risco de igni\u00e7\u00e3o e explos\u00e3o nas suas unidades de produ\u00e7\u00e3o. Aspirador industrial W2 XR com certifica\u00e7\u00e3o ATEX Zona 22: princ\u00edpio e aplica\u00e7\u00e3o Oaspirador industrial a seco e a h\u00famido W2 XR foi concebido para aspirar s\u00f3lidos e l\u00edquidos \u00e0 prova de explos\u00e3o. A sua constru\u00e7\u00e3o foi concebida para evitar a acumula\u00e7\u00e3o de eletricidade est\u00e1tica gra\u00e7as ao seu filtro de saco de poli\u00e9ster anti-est\u00e1tico (prote\u00e7\u00e3o da unidade de filtragem). Para evitar o sobreaquecimento, a &#8230; <\/p>\n<p class=\"read-more-container\"><a title=\"Aspirador industrial W2 XR\" class=\"read-more button\" href=\"https:\/\/obera.fr\/pt-pt\/produits\/aspirateurs-industriels\/w2-xr-atex-22\/#more-45089\" aria-label=\"Leia mais sobre Aspirador industrial W2 XR\">Lire la suite<\/a><\/p>\n","protected":false},"author":4,"featured_media":83747,"parent":48486,"menu_order":0,"comment_status":"closed","ping_status":"closed","template":"","meta":{"_acf_changed":false,"_seopress_robots_primary_cat":"","_seopress_titles_title":"Aspirador industrial W2 XR ATEX 22 oberA","_seopress_titles_desc":"Compacta e de alto desempenho, descobre a s\u00e9rie W2 XR para aspirar s\u00f3lidos e l\u00edquidos \u00e0 prova de explos\u00e3o. Equipamentos que podes testar com op\u00e7\u00e3o de compra gra\u00e7as \u00e0 OberA.","_seopress_robots_index":"","footnotes":""},"class_list":{"0":"post-45089","1":"page","2":"type-page","3":"status-publish","4":"has-post-thumbnail","6":"no-featured-image-padding","7":"resize-featured-image"},"acf":[],"_links":{"self":[{"href":"https:\/\/obera.fr\/pt-pt\/wp-json\/wp\/v2\/pages\/45089","targetHints":{"allow":["GET"]}}],"collection":[{"href":"https:\/\/obera.fr\/pt-pt\/wp-json\/wp\/v2\/pages"}],"about":[{"href":"https:\/\/obera.fr\/pt-pt\/wp-json\/wp\/v2\/types\/page"}],"author":[{"embeddable":true,"href":"https:\/\/obera.fr\/pt-pt\/wp-json\/wp\/v2\/users\/4"}],"replies":[{"embeddable":true,"href":"https:\/\/obera.fr\/pt-pt\/wp-json\/wp\/v2\/comments?post=45089"}],"version-history":[{"count":8,"href":"https:\/\/obera.fr\/pt-pt\/wp-json\/wp\/v2\/pages\/45089\/revisions"}],"predecessor-version":[{"id":107187,"href":"https:\/\/obera.fr\/pt-pt\/wp-json\/wp\/v2\/pages\/45089\/revisions\/107187"}],"up":[{"embeddable":true,"href":"https:\/\/obera.fr\/pt-pt\/wp-json\/wp\/v2\/pages\/48486"}],"wp:featuredmedia":[{"embeddable":true,"href":"https:\/\/obera.fr\/pt-pt\/wp-json\/wp\/v2\/media\/83747"}],"wp:attachment":[{"href":"https:\/\/obera.fr\/pt-pt\/wp-json\/wp\/v2\/media?parent=45089"}],"curies":[{"name":"wp","href":"https:\/\/api.w.org\/{rel}","templated":true}]}}