{"id":45386,"date":"2024-04-05T23:01:46","date_gmt":"2024-04-05T21:01:46","guid":{"rendered":"https:\/\/obera.fr\/aspirador-industrial-w3\/"},"modified":"2025-06-03T11:13:09","modified_gmt":"2025-06-03T09:13:09","slug":"w3-pour-nettoyage-general","status":"publish","type":"page","link":"https:\/\/obera.fr\/pt-pt\/produits\/aspirateurs-industriels\/w3-pour-nettoyage-general\/","title":{"rendered":"Aspirador industrial W3"},"content":{"rendered":"\n<p>Uma <a href=\"https:\/\/obera.fr\/pt-pt\/produits\/aspirateurs-industriels\/\" data-type=\"page\" data-id=\"41\">solu\u00e7\u00e3o de aspira\u00e7\u00e3o<\/a> de alto desempenho e f\u00e1cil de utilizar, o aspirador industrial W3 \u00e9 um essencial para a limpeza geral que pode ser adaptado a todas as necessidades.<\/p>\n\n\n\n<h2 class=\"wp-block-heading\">Princ\u00edpio e aplica\u00e7\u00e3o do aspirador industrial W3<\/h2>\n\n\n\n<div class=\"wp-block-columns is-layout-flex wp-container-core-columns-is-layout-28f84493 wp-block-columns-is-layout-flex\">\n<div class=\"wp-block-column is-layout-flow wp-block-column-is-layout-flow\" style=\"flex-basis:33.33%\">\n<figure class=\"wp-block-image aligncenter size-full is-resized\"><img decoding=\"async\" width=\"658\" height=\"652\" src=\"https:\/\/obera.fr\/wp-content\/uploads\/2024\/10\/w3.png\" alt=\"Aspiradores industriais\" class=\"wp-image-35427\" style=\"object-fit:cover;width:300px;height:300px\" srcset=\"https:\/\/obera.fr\/wp-content\/uploads\/2024\/10\/w3.png 658w, https:\/\/obera.fr\/wp-content\/uploads\/2024\/10\/w3-300x297.png 300w, https:\/\/obera.fr\/wp-content\/uploads\/2024\/10\/w3-150x150.png 150w, https:\/\/obera.fr\/wp-content\/uploads\/2024\/10\/w3-24x24.png 24w, https:\/\/obera.fr\/wp-content\/uploads\/2024\/10\/w3-48x48.png 48w, https:\/\/obera.fr\/wp-content\/uploads\/2024\/10\/w3-96x96.png 96w\" sizes=\"(max-width: 658px) 100vw, 658px\" \/><\/figure>\n<\/div>\n\n\n\n<div class=\"wp-block-column is-layout-flow wp-block-column-is-layout-flow\" style=\"flex-basis:66.66%\">\n<p>O<strong>aspirador industrial W3<\/strong> \u00e9 conhecido pela sua versatilidade e pelo seu funcionamento silencioso. Disp\u00f5e de tr\u00eas potentes motores by-pass que aspiram o ar e o dividem em dois fluxos: um fluxo \u00e9 utilizado para arrefecer o motor, o segundo para extrair o p\u00f3 e os s\u00f3lidos. Este sistema de aspira\u00e7\u00e3o n\u00e3o s\u00f3 evita o entupimento do motor, como tamb\u00e9m ret\u00e9m as part\u00edculas finas, passando o fluxo de ar pelo filtro de p\u00f3. Os motores by-pass da S\u00e9rie W3 oferecem um elevado poder de suc\u00e7\u00e3o, menos manuten\u00e7\u00e3o e uma vida \u00fatil mais longa do equipamento (menos risco de sobreaquecimento e entupimento).   <\/p>\n\n\n\n<p>Para que serve? Vers\u00e1til, \u00e1gil e pr\u00e1tico, o aspirador monof\u00e1sico W3 \u00e9 ideal para a limpeza geral: limpeza de pavimentos, paredes, estaleiros, oficinas, m\u00e1quinas de produ\u00e7\u00e3o, etc. \u00c9 tamb\u00e9m uma excelente escolha para aspirar poeiras finas e part\u00edculas alerg\u00e9nicas. A sua constru\u00e7\u00e3o e a sua vasta gama de op\u00e7\u00f5es de personaliza\u00e7\u00e3o permitem-lhe adaptar-se facilmente a todos os sectores da ind\u00fastria. \u00c9 particularmente eficaz na extra\u00e7\u00e3o de poeiras e s\u00f3lidos em oficinas mec\u00e2nicas, empresas de transforma\u00e7\u00e3o alimentar, marcenarias, oficinas de artesanato, jato de areia, cimenteiras e tratamento de superf\u00edcies.   <\/p>\n\n\n\n<div class=\"wp-block-columns is-layout-flex wp-container-core-columns-is-layout-28f84493 wp-block-columns-is-layout-flex\">\n<div class=\"wp-block-column is-layout-flow wp-block-column-is-layout-flow\">\n<div class=\"wp-block-buttons is-layout-flex wp-block-buttons-is-layout-flex\">\n<div class=\"wp-block-button\"><a class=\"wp-block-button__link wp-element-button\" href=\"https:\/\/obera.fr\/wp-content\/uploads\/2025\/06\/brochure-w3-en.pdf\">DESCARREGA A BROCHURA<\/a><\/div>\n<\/div>\n<\/div>\n\n\n\n<div class=\"wp-block-column is-layout-flow wp-block-column-is-layout-flow\">\n<div class=\"wp-block-buttons is-layout-flex wp-block-buttons-is-layout-flex\">\n<div class=\"wp-block-button\"><a class=\"wp-block-button__link wp-element-button\" href=\"https:\/\/obera.fr\/contact\/\">PRECISAS DE ACONSELHAMENTO PERSONALIZADO?<\/a><\/div>\n<\/div>\n<\/div>\n\n\n\n<div class=\"wp-block-column is-layout-flow wp-block-column-is-layout-flow\">\n<div class=\"wp-block-buttons is-content-justification-center is-layout-flex wp-container-core-buttons-is-layout-a89b3969 wp-block-buttons-is-layout-flex\">\n<div class=\"wp-block-button btn-devis-source\"><a class=\"wp-block-button__link wp-element-button\" href=\"https:\/\/obera.fr\/pt-pt\/devis\/\">Solicita um or\u00e7amento<\/a><\/div>\n<\/div>\n\n\n<script>\r\ndocument.addEventListener('DOMContentLoaded', function() {\r\n    \/\/ 1. On cherche le titre H1 de la page\r\n    var h1 = document.querySelector('h1');\r\n    var productTitle = h1 ? h1.innerText.trim() : \"\";\r\n\r\n    \/\/ 2. On cherche les boutons via la classe CSS .btn-devis-source\r\n    var buttons = document.querySelectorAll('.btn-devis-source a');\r\n\r\n    \/\/ 3. Si on a le titre et les boutons, on ajoute le param\u00e8tre\r\n    if (buttons.length > 0 && productTitle !== \"\") {\r\n        var encodedTitle = encodeURIComponent(productTitle);\r\n\r\n        buttons.forEach(function(btn) {\r\n            var currentHref = btn.getAttribute('href');\r\n            \r\n            \/\/ S\u00e9curit\u00e9 pour ne pas ajouter le param\u00e8tre 2 fois\r\n            if (currentHref.indexOf('sujet=') === -1) {\r\n                var separator = currentHref.indexOf('?') !== -1 ? '&' : '?';\r\n                var newLink = currentHref + separator + 'sujet=' + encodedTitle;\r\n                \r\n                btn.setAttribute('href', newLink);\r\n            }\r\n        });\r\n    }\r\n});\r\n<\/script><\/div>\n<\/div>\n<\/div>\n<\/div>\n\n\n\n<h2 class=\"wp-block-heading\">Limpeza geral: as carater\u00edsticas do aspirador W3<\/h2>\n\n\n\n<p>O aspirador industrial W3 est\u00e1 dispon\u00edvel em duas vers\u00f5es. Est\u00e1 equipado com 3 motores monof\u00e1sicos de 1,1 kW na vers\u00e3o de 65 litros e de 1,3 kW na vers\u00e3o de 100 litros. Esta carater\u00edstica t\u00e9cnica espec\u00edfica torna a m\u00e1quina particularmente eficaz para aspirar materiais com um peso espec\u00edfico elevado (gravilha, areia, pregos, parafusos, restos de vidro). O aspirador oferece um v\u00e1cuo m\u00e1ximo entre 2.400 e 3.600 Pa e um caudal m\u00e1ximo entre 540 m3\/h e 450 m3\/h, consoante a vers\u00e3o escolhida.<\/p>\n\n\n\n<p>Apesar dos seus 3 motores de by-pass, o aspirador industrial W3 \u00e9 silencioso. A unidade de aspira\u00e7\u00e3o \u00e9 insonorizada para reduzir o ru\u00eddo ao m\u00ednimo.<\/p>\n\n\n\n<p>O dispositivo de suc\u00e7\u00e3o robusto possui uma cabe\u00e7a de a\u00e7o s\u00f3lida. A unidade de filtragem tamb\u00e9m \u00e9 feita de a\u00e7o inoxid\u00e1vel (c\u00e2mara de filtragem), assim como o seu tabuleiro com rodas e o seu chassis.  <\/p>\n\n\n\n<p>Finalmente, a unidade de filtragem est\u00e1 equipada com um filtro de saco de poli\u00e9ster para prote\u00e7\u00e3o e elevada reten\u00e7\u00e3o de poeiras. A grande superf\u00edcie de 2m2 e a elevada efici\u00eancia de filtragem (3 microns) tamb\u00e9m garantem a pureza do ar de sa\u00edda.<\/p>\n\n\n\n<p>O aspirador W3 inclui acess\u00f3rios dedicados aos profissionais da limpeza: tubo de aspira\u00e7\u00e3o flex\u00edvel, escovas, ferramenta para fendas, etc.<\/p>\n\n\n\n<blockquote class=\"wp-block-quote is-layout-flow wp-block-quote-is-layout-flow\">\n<p>Vers\u00f5es dispon\u00edveis: o aspirador industrial W3 est\u00e1 dispon\u00edvel em duas vers\u00f5es! Um com uma capacidade de 65 litros e o segundo com uma capacidade de 100 litros. Tamb\u00e9m est\u00e1 dispon\u00edvel com 3 motores monof\u00e1sicos de 3 est\u00e1gios para lidar com a aspira\u00e7\u00e3o de materiais com um peso espec\u00edfico elevado.<\/p>\n<\/blockquote>\n\n\n\n<h3 class=\"wp-block-heading has-text-align-center\">Opcional<\/h3>\n\n\n\n<div class=\"wp-block-columns is-layout-flex wp-container-core-columns-is-layout-28f84493 wp-block-columns-is-layout-flex\">\n<div class=\"wp-block-column is-layout-flow wp-block-column-is-layout-flow\" style=\"flex-basis:50%\">\n<ul class=\"wp-block-list\">\n<li>Filtro Nomex &#8211; resistente ao calor at\u00e9 250\u00b0;<\/li>\n\n\n\n<li>Filtro absoluto Hepa H14 ;<\/li>\n\n\n\n<li>Filtro PTFE classe M ;<\/li>\n\n\n\n<li>Filtro de teflon oleof\u00f3bico classe M ;  <\/li>\n\n\n\n<li>Filtro anti-est\u00e1tico de classe M ;<\/li>\n<\/ul>\n<\/div>\n\n\n\n<div class=\"wp-block-column is-layout-flow wp-block-column-is-layout-flow\" style=\"flex-basis:50%\">\n<ul class=\"wp-block-list\">\n<li>Recipiente e c\u00e2mara de filtragem em a\u00e7o inoxid\u00e1vel;<\/li>\n\n\n\n<li>Liga\u00e7\u00e3o \u00e0 terra ;<\/li>\n\n\n\n<li>Cesto grelhado com v\u00e1lvula de descarga e indicador de n\u00edvel ;<\/li>\n\n\n\n<li>Contentor para ensacamento de tapete longo 20mt ;<\/li>\n\n\n\n<li>Ciclone para prote\u00e7\u00e3o do filtro.<\/li>\n<\/ul>\n<\/div>\n<\/div>\n\n\n\n<h3 class=\"wp-block-heading has-text-align-center\">IND\u00daSTRIAS<\/h3>\n\n\n\n<div class=\"wp-block-columns is-layout-flex wp-container-core-columns-is-layout-28f84493 wp-block-columns-is-layout-flex\">\n<div class=\"wp-block-column is-layout-flow wp-block-column-is-layout-flow\">\n<hr class=\"wp-block-separator has-alpha-channel-opacity\"\/>\n\n\n\n<div class=\"wp-block-columns is-layout-flex wp-container-core-columns-is-layout-28f84493 wp-block-columns-is-layout-flex\">\n<div class=\"wp-block-column is-layout-flow wp-block-column-is-layout-flow\">\n<figure class=\"wp-block-image aligncenter size-thumbnail is-resized\"><img decoding=\"async\" width=\"150\" height=\"150\" src=\"https:\/\/obera.fr\/wp-content\/uploads\/2022\/02\/Textile-150x150.png\" alt=\"t\u00eaxtil\" class=\"wp-image-8855\"\/><figcaption class=\"wp-element-caption\">T\u00eaxteis<\/figcaption><\/figure>\n\n\n\n<figure class=\"wp-block-image aligncenter size-thumbnail is-resized\"><img decoding=\"async\" width=\"150\" height=\"150\" src=\"https:\/\/obera.fr\/wp-content\/uploads\/2022\/02\/Plastique-150x150.png\" alt=\"pl\u00e1stico\" class=\"wp-image-8854\"\/><figcaption class=\"wp-element-caption\">Pl\u00e1stico<\/figcaption><\/figure>\n<\/div>\n\n\n\n<div class=\"wp-block-column is-layout-flow wp-block-column-is-layout-flow\">\n<figure class=\"wp-block-image aligncenter size-thumbnail is-resized\"><img decoding=\"async\" width=\"150\" height=\"150\" src=\"https:\/\/obera.fr\/wp-content\/uploads\/2022\/02\/MINERAIS-150x150.png\" alt=\"min\u00e9rios\" class=\"wp-image-8847\"\/><figcaption class=\"wp-element-caption\">Minerais<\/figcaption><\/figure>\n\n\n\n<figure class=\"wp-block-image aligncenter size-thumbnail is-resized\"><img decoding=\"async\" width=\"150\" height=\"150\" src=\"https:\/\/obera.fr\/wp-content\/uploads\/2022\/02\/Metalurgie-150x150.png\" alt=\"metalurgia\" class=\"wp-image-8857\"\/><figcaption class=\"wp-element-caption\">Metalurgia<\/figcaption><\/figure>\n\n\n\n<figure class=\"wp-block-image aligncenter size-thumbnail is-resized\"><img decoding=\"async\" width=\"150\" height=\"150\" src=\"https:\/\/obera.fr\/wp-content\/uploads\/2023\/02\/sans-titre-2023-02-14t102211.641-150x150.png\" alt=\"Agricultura\" class=\"wp-image-18828\"\/><figcaption class=\"wp-element-caption\">Agricultura<\/figcaption><\/figure>\n<\/div>\n<\/div>\n<\/div>\n\n\n\n<div class=\"wp-block-column is-layout-flow wp-block-column-is-layout-flow\">\n<hr class=\"wp-block-separator has-alpha-channel-opacity\"\/>\n\n\n\n<div class=\"wp-block-columns is-layout-flex wp-container-core-columns-is-layout-28f84493 wp-block-columns-is-layout-flex\">\n<div class=\"wp-block-column is-layout-flow wp-block-column-is-layout-flow\">\n<figure class=\"wp-block-image aligncenter size-thumbnail is-resized\"><img decoding=\"async\" width=\"150\" height=\"150\" src=\"https:\/\/obera.fr\/wp-content\/uploads\/2022\/02\/Chimie-150x150.png\" alt=\"qu\u00edmica\" class=\"wp-image-8846\"\/><figcaption class=\"wp-element-caption\">Qu\u00edmica<\/figcaption><\/figure>\n\n\n\n<figure class=\"wp-block-image aligncenter size-thumbnail is-resized\"><img decoding=\"async\" width=\"150\" height=\"150\" src=\"https:\/\/obera.fr\/wp-content\/uploads\/2022\/02\/Travail-du-bois-150x150.png\" alt=\"trabalho da madeira\" class=\"wp-image-8856\"\/><figcaption class=\"wp-element-caption\">Trabalhos em madeira<\/figcaption><\/figure>\n\n\n\n<figure class=\"wp-block-image aligncenter size-thumbnail is-resized\"><img decoding=\"async\" width=\"150\" height=\"150\" src=\"https:\/\/obera.fr\/wp-content\/uploads\/2023\/02\/sans-titre-2023-02-14t101920.185-150x150.png\" alt=\"Avia\u00e7\u00e3o\" class=\"wp-image-18831\"\/><figcaption class=\"wp-element-caption\">Avia\u00e7\u00e3o<\/figcaption><\/figure>\n<\/div>\n\n\n\n<div class=\"wp-block-column is-layout-flow wp-block-column-is-layout-flow\">\n<figure class=\"wp-block-image aligncenter size-thumbnail is-resized\"><img decoding=\"async\" width=\"150\" height=\"150\" src=\"https:\/\/obera.fr\/wp-content\/uploads\/2022\/02\/AGROALIMENTAIRE-150x150.png\" alt=\"agroalimentar\" class=\"wp-image-8844\"\/><figcaption class=\"wp-element-caption\">Ind\u00fastria alimentar<\/figcaption><\/figure>\n\n\n\n<figure class=\"wp-block-image aligncenter size-thumbnail is-resized\"><img decoding=\"async\" width=\"150\" height=\"150\" src=\"https:\/\/obera.fr\/wp-content\/uploads\/2022\/02\/Papier-carton-150x150.png\" alt=\"papel e cart\u00e3o\" class=\"wp-image-8853\"\/><figcaption class=\"wp-element-caption\">Papel\/Cart\u00e3o<\/figcaption><\/figure>\n\n\n\n<figure class=\"wp-block-image aligncenter size-thumbnail is-resized\"><img decoding=\"async\" width=\"150\" height=\"150\" src=\"https:\/\/obera.fr\/wp-content\/uploads\/2023\/02\/sans-titre-2023-02-14t101712.416-150x150.png\" alt=\"Autom\u00f3vel\" class=\"wp-image-18834\"\/><figcaption class=\"wp-element-caption\">Autom\u00f3vel<\/figcaption><\/figure>\n<\/div>\n<\/div>\n<\/div>\n<\/div>\n\n\n\n<figure class=\"wp-block-table\"><table class=\"has-fixed-layout\"><tbody><tr><td>Tens\u00e3o<\/td><td>V-HZ<\/td><td>230<\/td><td>230-50<\/td><\/tr><tr><td>Pot\u00eancia<\/td><td>kW<\/td><td>3&#215;1.1<\/td><td>3&#215;1.3<\/td><\/tr><tr><td>Depress\u00e3o m\u00e1xima<\/td><td>Pa<\/td><td>2.400 Pa<\/td><td>3.600 Pa<\/td><\/tr><tr><td>Fluxo de ar m\u00e1ximo<\/td><td>m3\/h<\/td><td>540<\/td><td>450<\/td><\/tr><tr><td>Di\u00e2metro do bocal<\/td><td>mm<\/td><td>80<\/td><td>80<\/td><\/tr><tr><td>Tipo de filtro<\/td><td><\/td><td>Com bolsos em forma de estrela<\/td><td>Com bolsos em forma de estrela<\/td><\/tr><tr><td>Superf\u00edcie<\/td><td>cm2<\/td><td>20.000<\/td><td>20.000<\/td><\/tr><tr><td>Sistema de limpeza<\/td><td><\/td><td>Manuel<\/td><td>Manuel<\/td><\/tr><tr><td>Caixa de colheita<\/td><td><\/td><td>A\u00e7o<\/td><td>A\u00e7o<\/td><\/tr><tr><td>Sistema de drenagem<\/td><td><\/td><td>Contentor amov\u00edvel<\/td><td>Contentor amov\u00edvel<\/td><\/tr><tr><td>Capacidade<\/td><td>litro<\/td><td>65\/100<\/td><td>65\/100<\/td><\/tr><tr><td>Dimens\u00f5es<\/td><td>cm<\/td><td>58x60x135cm<\/td><td>58x60x145cm<\/td><\/tr><tr><td>Equipamento de filtragem &#8211; classe<\/td><td><\/td><td><\/td><td>Poli\u00e9ster-L<\/td><\/tr><\/tbody><\/table><\/figure>\n\n\n\n<div class=\"wp-block-buttons is-content-justification-center is-layout-flex wp-container-core-buttons-is-layout-a89b3969 wp-block-buttons-is-layout-flex\">\n<div class=\"wp-block-button\"><a class=\"wp-block-button__link wp-element-button\" href=\"https:\/\/obera.fr\/wp-content\/uploads\/2024\/04\/obera_brochure-w3-fr.pdf\">DESCARREGA A FICHA T\u00c9CNICA DO PRODUTO<\/a><\/div>\n<\/div>\n\n\n\n<h2 class=\"wp-block-heading\">As vantagens do aspirador W3<\/h2>\n\n\n\n<p>A s\u00e9rie W3 \u00e9 particularmente popular pela sua facilidade de utiliza\u00e7\u00e3o. Tudo foi concebido para simplificar ao m\u00e1ximo o servi\u00e7o de limpeza geral do operador. Possui um medidor de v\u00e1cuo com luz indicadora para detetar qualquer satura\u00e7\u00e3o do filtro. Existem duas pegas na cabe\u00e7a do motor para facilitar a eleva\u00e7\u00e3o quando mudas o filtro. O aspirador monof\u00e1sico tamb\u00e9m possui um sistema de desentupimento manual que pode ser ativado com um simples toque num interrutor, para que os t\u00e9cnicos de superf\u00edcie possam desfrutar do m\u00e1ximo desempenho de aspira\u00e7\u00e3o.<\/p>\n\n\n\n<div class=\"wp-block-columns is-layout-flex wp-container-core-columns-is-layout-28f84493 wp-block-columns-is-layout-flex\">\n<div class=\"wp-block-column is-layout-flow wp-block-column-is-layout-flow\" style=\"flex-basis:33.34%\">\n<h3 class=\"wp-block-heading\">Vantagens :<\/h3>\n\n\n\n<ul class=\"wp-block-list\">\n<li>Medidor de v\u00e1cuo com indicador luminoso para antecipar a satura\u00e7\u00e3o do filtro;<\/li>\n\n\n\n<li>Descarga de ar para baixo ;<\/li>\n\n\n\n<li>Compacto, m\u00f3vel e f\u00e1cil de manusear;<\/li>\n\n\n\n<li>Vers\u00e1til e silencioso.<\/li>\n<\/ul>\n<\/div>\n\n\n\n<div class=\"wp-block-column is-layout-flow wp-block-column-is-layout-flow\" style=\"flex-basis:33.34%\">\n<h3 class=\"wp-block-heading\">Carater\u00edsticas especiais:<\/h3>\n\n\n\n<ul class=\"wp-block-list\">\n<li>Tr\u00eas motores de deriva\u00e7\u00e3o monof\u00e1sicos com interruptores independentes;<\/li>\n\n\n\n<li>Filtro estrela de poli\u00e9ster ;<\/li>\n\n\n\n<li>Disp\u00f5e de uma vasta gama de filtros.<\/li>\n<\/ul>\n<\/div>\n\n\n\n<div class=\"wp-block-column is-layout-flow wp-block-column-is-layout-flow\" style=\"flex-basis:33.33%\">\n<h3 class=\"wp-block-heading\">Carater\u00edsticas :<\/h3>\n\n\n\n<ul class=\"wp-block-list\">\n<li>Dispon\u00edvel nas vers\u00f5es de 65 litros ou 100 litros;<\/li>\n\n\n\n<li>Dispon\u00edvel na vers\u00e3o de 3 fases;<\/li>\n\n\n\n<li>Prote\u00e7\u00e3o da unidade de aspira\u00e7\u00e3o com o seu filtro estrela (poli\u00e9ster).<\/li>\n<\/ul>\n<\/div>\n<\/div>\n\n\n\n<h2 class=\"wp-block-heading\">Testa o aspirador industrial monof\u00e1sico para limpeza geral<\/h2>\n\n\n\n<p>Oferecemos um teste \u00e0 escala real nas tuas oficinas com a op\u00e7\u00e3o de compra por um per\u00edodo m\u00e9dio de 1 m\u00eas.<\/p>\n\n\n\n<div class=\"wp-block-buttons is-content-justification-center is-layout-flex wp-container-core-buttons-is-layout-a89b3969 wp-block-buttons-is-layout-flex\">\n<div class=\"wp-block-button\"><a class=\"wp-block-button__link wp-element-button\" href=\"https:\/\/obera.fr\/pt-pt\/contact\/\">TESTA O ASPIRADOR W2<\/a><\/div>\n<\/div>\n\n\n\n<h2 class=\"wp-block-heading\">Outros aspiradores industriais da gama<\/h2>\n\n\n\n<div class=\"wp-block-columns is-layout-flex wp-container-core-columns-is-layout-28f84493 wp-block-columns-is-layout-flex\">\n<div class=\"wp-block-column is-layout-flow wp-block-column-is-layout-flow\">\n<figure class=\"wp-block-image aligncenter size-full is-resized\"><a href=\"https:\/\/obera.fr\/produits\/aspirateurs-industriels\/w2-xr-atex-22\/\"><img decoding=\"async\" width=\"566\" height=\"671\" src=\"https:\/\/obera.fr\/wp-content\/uploads\/2024\/10\/w2-xr-2.png\" alt=\"Aspiradores industriais\" class=\"wp-image-35431\" style=\"object-fit:cover;width:300px;height:300px\" srcset=\"https:\/\/obera.fr\/wp-content\/uploads\/2024\/10\/w2-xr-2.png 566w, https:\/\/obera.fr\/wp-content\/uploads\/2024\/10\/w2-xr-2-253x300.png 253w\" sizes=\"(max-width: 566px) 100vw, 566px\" \/><\/a><figcaption class=\"wp-element-caption\">W2 XR<\/figcaption><\/figure>\n<\/div>\n\n\n\n<div class=\"wp-block-column is-layout-flow wp-block-column-is-layout-flow\">\n<figure class=\"wp-block-image aligncenter size-full is-resized\"><a href=\"https:\/\/obera.fr\/produits\/aspirateurs-industriels\/w2-haute-filtration-polyvalence\/\"><img decoding=\"async\" width=\"711\" height=\"622\" src=\"https:\/\/obera.fr\/wp-content\/uploads\/2024\/10\/w2.png\" alt=\"Aspiradores industriais\" class=\"wp-image-35424\" style=\"width:343px;height:auto\" srcset=\"https:\/\/obera.fr\/wp-content\/uploads\/2024\/10\/w2.png 711w, https:\/\/obera.fr\/wp-content\/uploads\/2024\/10\/w2-300x262.png 300w\" sizes=\"(max-width: 711px) 100vw, 711px\" \/><\/a><figcaption class=\"wp-element-caption\">W2<\/figcaption><\/figure>\n<\/div>\n\n\n\n<div class=\"wp-block-column is-layout-flow wp-block-column-is-layout-flow\">\n<figure class=\"wp-block-image aligncenter size-full is-resized\"><a href=\"https:\/\/obera.fr\/produits\/aspirateurs-industriels\/ventilateurs-aspiration-gamme-eurosog-rg-100-800\/\"><img decoding=\"async\" width=\"600\" height=\"600\" src=\"https:\/\/obera.fr\/wp-content\/uploads\/2024\/04\/obera-ventilateur-aspiration-rg-300-400.jpg\" alt=\"ventilador de aspira\u00e7\u00e3o obera rg 300 400\" class=\"wp-image-29437\" style=\"object-fit:cover;width:300px;height:300px\" srcset=\"https:\/\/obera.fr\/wp-content\/uploads\/2024\/04\/obera-ventilateur-aspiration-rg-300-400.jpg 600w, https:\/\/obera.fr\/wp-content\/uploads\/2024\/04\/obera-ventilateur-aspiration-rg-300-400-300x300.jpg 300w, https:\/\/obera.fr\/wp-content\/uploads\/2024\/04\/obera-ventilateur-aspiration-rg-300-400-150x150.jpg 150w\" sizes=\"(max-width: 600px) 100vw, 600px\" \/><\/a><figcaption class=\"wp-element-caption\">RG 300\/400<\/figcaption><\/figure>\n<\/div>\n<\/div>\n","protected":false},"excerpt":{"rendered":"<p>Uma solu\u00e7\u00e3o de aspira\u00e7\u00e3o de alto desempenho e f\u00e1cil de utilizar, o aspirador industrial W3 \u00e9 um essencial para a limpeza geral que pode ser adaptado a todas as necessidades. Princ\u00edpio e aplica\u00e7\u00e3o do aspirador industrial W3 Oaspirador industrial W3 \u00e9 conhecido pela sua versatilidade e pelo seu funcionamento silencioso. Disp\u00f5e de tr\u00eas potentes motores by-pass que aspiram o ar e o dividem em dois fluxos: um fluxo \u00e9 utilizado para arrefecer o motor, o segundo para extrair o p\u00f3 e os s\u00f3lidos. Este sistema de aspira\u00e7\u00e3o n\u00e3o s\u00f3 evita o entupimento do motor, como tamb\u00e9m ret\u00e9m as part\u00edculas finas, &#8230; <\/p>\n<p class=\"read-more-container\"><a title=\"Aspirador industrial W3\" class=\"read-more button\" href=\"https:\/\/obera.fr\/pt-pt\/produits\/aspirateurs-industriels\/w3-pour-nettoyage-general\/#more-45386\" aria-label=\"Leia mais sobre Aspirador industrial W3\">Lire la suite<\/a><\/p>\n","protected":false},"author":4,"featured_media":83747,"parent":48486,"menu_order":0,"comment_status":"closed","ping_status":"closed","template":"","meta":{"_acf_changed":false,"_seopress_robots_primary_cat":"","_seopress_titles_title":"W3 aspirador industrial para limpeza geral OberA","_seopress_titles_desc":"Indispens\u00e1vel para a limpeza geral, a s\u00e9rie W3 tem 3 motores monof\u00e1sicos para combinar desempenho e facilidade de utiliza\u00e7\u00e3o.","_seopress_robots_index":"","footnotes":""},"class_list":{"0":"post-45386","1":"page","2":"type-page","3":"status-publish","4":"has-post-thumbnail","6":"no-featured-image-padding","7":"resize-featured-image"},"acf":[],"_links":{"self":[{"href":"https:\/\/obera.fr\/pt-pt\/wp-json\/wp\/v2\/pages\/45386","targetHints":{"allow":["GET"]}}],"collection":[{"href":"https:\/\/obera.fr\/pt-pt\/wp-json\/wp\/v2\/pages"}],"about":[{"href":"https:\/\/obera.fr\/pt-pt\/wp-json\/wp\/v2\/types\/page"}],"author":[{"embeddable":true,"href":"https:\/\/obera.fr\/pt-pt\/wp-json\/wp\/v2\/users\/4"}],"replies":[{"embeddable":true,"href":"https:\/\/obera.fr\/pt-pt\/wp-json\/wp\/v2\/comments?post=45386"}],"version-history":[{"count":9,"href":"https:\/\/obera.fr\/pt-pt\/wp-json\/wp\/v2\/pages\/45386\/revisions"}],"predecessor-version":[{"id":107532,"href":"https:\/\/obera.fr\/pt-pt\/wp-json\/wp\/v2\/pages\/45386\/revisions\/107532"}],"up":[{"embeddable":true,"href":"https:\/\/obera.fr\/pt-pt\/wp-json\/wp\/v2\/pages\/48486"}],"wp:featuredmedia":[{"embeddable":true,"href":"https:\/\/obera.fr\/pt-pt\/wp-json\/wp\/v2\/media\/83747"}],"wp:attachment":[{"href":"https:\/\/obera.fr\/pt-pt\/wp-json\/wp\/v2\/media?parent=45386"}],"curies":[{"name":"wp","href":"https:\/\/api.w.org\/{rel}","templated":true}]}}