{"id":46875,"date":"2020-08-26T12:34:20","date_gmt":"2020-08-26T10:34:20","guid":{"rendered":"https:\/\/obera.fr\/os-nossos-produtos\/colectores-de-po-industriais\/colectores-de-po-moveis\/"},"modified":"2024-11-18T14:48:31","modified_gmt":"2024-11-18T12:48:31","slug":"colectores-de-po-moveis-2","status":"publish","type":"page","link":"https:\/\/obera.fr\/pt-pt\/produits\/depoussiereurs-industriels\/colectores-de-po-moveis-2\/","title":{"rendered":"Colectores de p\u00f3 m\u00f3veis"},"content":{"rendered":"\n<p>Os nossos <strong>colectores de p\u00f3 m\u00f3veis<\/strong> s\u00e3o uma gama de <a href=\"https:\/\/obera.fr\/pt-pt\/os-nossos-produtos\/colectores-de-po-industriais\/\" data-type=\"page\" data-id=\"31\">colectores de p\u00f3 industriais<\/a> potentes e f\u00e1ceis de deslocar. Adaptam-se perfeitamente ao seu ambiente para um conforto de trabalho \u00f3timo e uma efici\u00eancia garantida.   <\/p>\n\n<p>Estes sistemas <strong>de tratamento de ar<\/strong> s\u00e3o concebidos para serem ligados diretamente \u00e0s m\u00e1quinas de produ\u00e7\u00e3o atrav\u00e9s de uma rede de condutas, ou para extrair o ar de um posto de trabalho m\u00f3vel atrav\u00e9s de um <a href=\"https:\/\/obera.fr\/pt-pt\/os-nossos-produtos\/bracos-e-dispositivos-de-recolha\/tampa-de-aspiracao-e-recolha-industrial\/\">bra\u00e7o de aspira\u00e7\u00e3o<\/a> ou de uma camp\u00e2nula de extra\u00e7\u00e3o, de modo a recolher todos os tipos de poeiras e grandes quantidades de poluentes diretamente na fonte.<\/p>\n\n\n<h2 class=\"wp-block-heading\">A nossa gama de colectores de p\u00f3 m\u00f3veis :<\/h2>\n\n<div class=\"wp-block-columns is-layout-flex wp-container-core-columns-is-layout-28f84493 wp-block-columns-is-layout-flex\">\n<div class=\"wp-block-column is-vertically-aligned-top is-layout-flow wp-block-column-is-layout-flow\">\n<h3 class=\"wp-block-heading has-text-align-center\"><strong><a href=\"https:\/\/obera.fr\/pt-pt\/produits\/depoussiereurs-industriels\/mobiles\/extracteur-poussiere-dustomat-4\/\">DUSTOMAT 4<\/a><\/strong><\/h3>\n\n\n\n<figure class=\"wp-block-image aligncenter size-medium\"><a href=\"https:\/\/obera.fr\/pt-pt\/extrator-de-po-dustomat-4\/\"><img decoding=\"async\" width=\"300\" height=\"300\" src=\"https:\/\/obera.fr\/wp-content\/uploads\/2020\/08\/extracteur-poussiere-Dustomat-4-ATEX-300x300.png\" alt=\"Aspirador de p&#xF3; Dustomat 4 Atex\" class=\"wp-image-677\" srcset=\"https:\/\/obera.fr\/wp-content\/uploads\/2020\/08\/extracteur-poussiere-Dustomat-4-ATEX-300x300.png 300w, https:\/\/obera.fr\/wp-content\/uploads\/2020\/08\/extracteur-poussiere-Dustomat-4-ATEX-150x150.png 150w, https:\/\/obera.fr\/wp-content\/uploads\/2020\/08\/extracteur-poussiere-Dustomat-4-ATEX.png 600w\" sizes=\"(max-width: 300px) 100vw, 300px\" \/><\/a><figcaption class=\"wp-element-caption\">Dustomat 4<\/figcaption><\/figure>\n\n\n\n<p>O DUSTOMAT 4 \u00e9 um <a href=\"https:\/\/obera.fr\/pt-pt\/produits\/depoussiereurs-industriels\/mobiles\/extracteur-poussiere-dustomat-4\/\" data-type=\"page\" data-id=\"440\">coletor de p\u00f3 adequado a quase todos os sectores industriais<\/a>. Pode aspirar o p\u00f3 e as aparas diretamente da m\u00e1quina de produ\u00e7\u00e3o, mas tamb\u00e9m pode ser ligado a uma camp\u00e2nula de extra\u00e7\u00e3o, a um bra\u00e7o de aspira\u00e7\u00e3o ou a uma rede de condutas. Dotado de duas pot\u00eancias de aspira\u00e7\u00e3o, foi concebido para garantir uma circula\u00e7\u00e3o de ar eficaz e de alto rendimento.   <\/p>\n\n\n\n<p>\u00c9 <strong>silencioso<\/strong> e consome muito pouca energia, apesar do seu elevado poder de aspira\u00e7\u00e3o. Est\u00e1 equipado com um pr\u00e9-separador para part\u00edculas pesadas e grossas. A limpeza (desobstru\u00e7\u00e3o) dos filtros \u00e9 efectuada por ar comprimido, o que facilita a sua manuten\u00e7\u00e3o e garante a longevidade dos cartuchos filtrantes.  <\/p>\n\n\n\n<p>(Dispon\u00edvel na vers\u00e3o <a href=\"https:\/\/obera.fr\/pt-pt\/produits\/atex\/\" data-type=\"page\" data-id=\"372\">ATEX<\/a>)<\/p>\n<\/div>\n\n\n\n<div class=\"wp-block-column is-vertically-aligned-top is-layout-flow wp-block-column-is-layout-flow\">\n<h3 class=\"wp-block-heading has-text-align-center\"><strong><a href=\"https:\/\/obera.fr\/produits\/depoussiereurs-industriels\/mobiles\/aspiration-poussiere-dustomat-10\/\">DUSTOMAT 10<\/a><\/strong><\/h3>\n\n\n\n<figure class=\"wp-block-image aligncenter size-medium is-resized\"><a href=\"https:\/\/obera.fr\/produits\/depoussiereurs-industriels\/mobiles\/aspiration-poussiere-dustomat-10\/\"><img decoding=\"async\" width=\"300\" height=\"300\" src=\"https:\/\/obera.fr\/wp-content\/uploads\/2020\/10\/extracteur-poussiere-mobile-DUSTOMAT-10-300x300.png\" alt=\"Aspirador de p&#xF3; m&#xF3;vel Dustomat 10\" class=\"wp-image-1306\" srcset=\"https:\/\/obera.fr\/wp-content\/uploads\/2020\/10\/extracteur-poussiere-mobile-DUSTOMAT-10-300x300.png 300w, https:\/\/obera.fr\/wp-content\/uploads\/2020\/10\/extracteur-poussiere-mobile-DUSTOMAT-10-150x150.png 150w, https:\/\/obera.fr\/wp-content\/uploads\/2020\/10\/extracteur-poussiere-mobile-DUSTOMAT-10.png 600w\" sizes=\"(max-width: 300px) 100vw, 300px\" \/><\/a><figcaption class=\"wp-element-caption\">DUSTOMAT 10<\/figcaption><\/figure>\n\n\n\n<p>O <a href=\"https:\/\/obera.fr\/produits\/depoussiereurs-industriels\/mobiles\/aspiration-poussiere-dustomat-10\/\" data-type=\"page\" data-id=\"445\">coletor de p\u00f3 DUSTOMAT 10<\/a> tem um elevado poder de suc\u00e7\u00e3o. Consegue lidar com poeiras, bem como com aparas de madeira, pl\u00e1stico e metal. Pode ser ligado diretamente \u00e0 m\u00e1quina de produ\u00e7\u00e3o atrav\u00e9s de uma rede de condutas, ou adicionando um bra\u00e7o de suc\u00e7\u00e3o ou uma camp\u00e2nula de extra\u00e7\u00e3o de ar.    <\/p>\n\n\n\n<p>Os filtros de cartucho podem ser limpos manualmente atrav\u00e9s de um sistema de escovas rotativas ou automaticamente atrav\u00e9s de um jato de ar comprimido. Esta <strong>unidade de filtragem<\/strong> \u00e9 ideal para utiliza\u00e7\u00e3o em postos de trabalho individuais, numa m\u00e1quina de produ\u00e7\u00e3o ou perto de uma \u00e1rea de trabalho manual. A caixa basculante e o saco de recolha permitem uma elimina\u00e7\u00e3o r\u00e1pida e f\u00e1cil dos res\u00edduos recolhidos.  <\/p>\n<\/div>\n\n\n\n<div class=\"wp-block-column is-layout-flow wp-block-column-is-layout-flow\">\n<h3 class=\"wp-block-heading has-text-align-center\"><strong><a href=\"https:\/\/obera.fr\/pt-pt\/produits\/depoussiereurs-industriels\/mobiles\/extracteur-poussiere-pulverulente-dustomat-16m\/\">DUSTOMAT 16<\/a><\/strong><\/h3>\n\n\n\n<figure class=\"wp-block-image aligncenter size-medium\"><a href=\"https:\/\/obera.fr\/pt-pt\/aspirador-de-po-industrial-dustomat-16m-o-equipamento-dedicado-ao-tratamento-de-poeiras-em-po\/\"><img decoding=\"async\" width=\"300\" height=\"300\" src=\"https:\/\/obera.fr\/wp-content\/uploads\/2020\/10\/extracteur-poussiere-pulverulente-DUSTOMAT-16-300x300.png\" alt=\"Aspirador de p&#xF3; pulverulento Dustomat 16\" class=\"wp-image-1307\" srcset=\"https:\/\/obera.fr\/wp-content\/uploads\/2020\/10\/extracteur-poussiere-pulverulente-DUSTOMAT-16-300x300.png 300w, https:\/\/obera.fr\/wp-content\/uploads\/2020\/10\/extracteur-poussiere-pulverulente-DUSTOMAT-16-150x150.png 150w, https:\/\/obera.fr\/wp-content\/uploads\/2020\/10\/extracteur-poussiere-pulverulente-DUSTOMAT-16.png 600w\" sizes=\"(max-width: 300px) 100vw, 300px\" \/><\/a><figcaption class=\"wp-element-caption\">DUSTOMAT 16<\/figcaption><\/figure>\n\n\n\n<p>O <strong>DUSTOMAT 16<\/strong> foi desenvolvido para uso m\u00f3vel, especificamente para a<a href=\"https:\/\/obera.fr\/pt-pt\/produits\/depoussiereurs-industriels\/mobiles\/extracteur-poussiere-pulverulente-dustomat-16m\/\" data-type=\"page\" data-id=\"449\">extra\u00e7\u00e3o de p\u00f3 em forma de p\u00f3<\/a>. Por outras palavras, p\u00f3 mineral (pedra, grafite ou bet\u00e3o), p\u00f3 de pl\u00e1stico ou de metal, aparas de madeira e de metal.   <\/p>\n\n\n\n<p>O<strong>p\u00f3 \u00e9 extra\u00eddo<\/strong> atrav\u00e9s de um bra\u00e7o de aspira\u00e7\u00e3o. Os filtros de cartucho podem ser limpos manual ou automaticamente, para garantir uma longa vida \u00fatil do cartucho do filtro. O saco de recolha de p\u00f3 \u00e9 robusto e reutiliz\u00e1vel, para reduzir os custos de consumo.  <\/p>\n<\/div>\n<\/div>\n\n<div class=\"wp-block-columns is-layout-flex wp-container-core-columns-is-layout-28f84493 wp-block-columns-is-layout-flex\">\n<div class=\"wp-block-column is-layout-flow wp-block-column-is-layout-flow\">\n<h3 class=\"wp-block-heading has-text-align-center\"><strong><strong><a href=\"https:\/\/obera.fr\/pt-pt\/produits\/depoussiereurs-industriels\/mobiles\/srf-k\/\">SRF K<\/a><\/strong><\/strong><\/h3>\n\n\n\n<figure class=\"wp-block-image aligncenter size-medium\"><a href=\"https:\/\/obera.fr\/pt-pt\/srf-k\/\"><img decoding=\"async\" width=\"300\" height=\"300\" src=\"https:\/\/obera.fr\/wp-content\/uploads\/2020\/10\/SRF-K-SF-300x300.png\" alt=\"Srf K Sf\" class=\"wp-image-1309\" srcset=\"https:\/\/obera.fr\/wp-content\/uploads\/2020\/10\/SRF-K-SF-300x300.png 300w, https:\/\/obera.fr\/wp-content\/uploads\/2020\/10\/SRF-K-SF-150x150.png 150w, https:\/\/obera.fr\/wp-content\/uploads\/2020\/10\/SRF-K-SF.png 600w\" sizes=\"(max-width: 300px) 100vw, 300px\" \/><\/a><figcaption class=\"wp-element-caption\">SRF-K<\/figcaption><\/figure>\n\n\n\n<p>O SRF K \u00e9 tamb\u00e9m um <a href=\"https:\/\/obera.fr\/pt-pt\/produits\/depoussiereurs-industriels\/mobiles\/srf-k\/\" data-type=\"page\" data-id=\"436\">extrator de fumos de soldadura<\/a> mais potente, para uma extra\u00e7\u00e3o pontual ou cont\u00ednua. Os fumos s\u00e3o filtrados a 99,9%, permitindo que o ar filtrado seja reintroduzido no espa\u00e7o de trabalho.   <\/p>\n\n\n\n<p>Dispon\u00edvel em duas vers\u00f5es, a <strong>SRF K-10<\/strong> permite ligar um bra\u00e7o de aspira\u00e7\u00e3o ou uma camp\u00e2nula de extra\u00e7\u00e3o, ideal para uma esta\u00e7\u00e3o de soldadura, e a <strong>SRF K-15<\/strong> permite equipar at\u00e9 dois bra\u00e7os de aspira\u00e7\u00e3o, para poder gerir duas esta\u00e7\u00f5es de soldadura ao mesmo tempo.  <\/p>\n\n\n\n<p>Dependendo da aplica\u00e7\u00e3o, pode ser equipado (como op\u00e7\u00e3o) com filtros de carv\u00e3o ativado concebidos para extrair fumos de soldadura ou outros poluentes geradores de odores. Para a limpeza do meio filtrante, estas unidades podem ser equipadas com um sistema de desentupimento manual rotativo ou com um sistema de desentupimento autom\u00e1tico. <\/p>\n<\/div>\n\n\n\n<div class=\"wp-block-column is-layout-flow wp-block-column-is-layout-flow\">\n<h3 class=\"wp-block-heading has-text-align-center\"><strong><a href=\"https:\/\/obera.fr\/pt-pt\/produits\/caissons-mobiles-aspiration\/epurbox-brs\/\" data-type=\"page\" data-id=\"30322\">ePURBOX BRS<\/a><\/strong><\/h3>\n\n\n\n<figure class=\"wp-block-image aligncenter size-medium is-resized\"><a href=\"https:\/\/obera.fr\/pt-pt\/produits\/caissons-mobiles-aspiration\/epurbox-brs\/\"><img decoding=\"async\" width=\"300\" height=\"300\" src=\"https:\/\/obera.fr\/wp-content\/uploads\/2024\/05\/epurbox-brs-300x300.png\" alt=\"epurbox brs\" class=\"wp-image-30328\" srcset=\"https:\/\/obera.fr\/wp-content\/uploads\/2024\/05\/epurbox-brs-300x300.png 300w, https:\/\/obera.fr\/wp-content\/uploads\/2024\/05\/epurbox-brs-1024x1024.png 1024w, https:\/\/obera.fr\/wp-content\/uploads\/2024\/05\/epurbox-brs-150x150.png 150w, https:\/\/obera.fr\/wp-content\/uploads\/2024\/05\/epurbox-brs-768x768.png 768w, https:\/\/obera.fr\/wp-content\/uploads\/2024\/05\/epurbox-brs.png 1200w\" sizes=\"(max-width: 300px) 100vw, 300px\" \/><\/a><figcaption class=\"wp-element-caption\">ePURBOX BRS<\/figcaption><\/figure>\n\n\n\n<p>A AIRBOX \u00e9 uma <a href=\"https:\/\/obera.fr\/pt-pt\/produits\/caissons-mobiles-aspiration\/epurbox-brs\/\" data-type=\"page\" data-id=\"30322\">unidade m\u00f3vel de extra\u00e7\u00e3o<\/a> de fumos de soldadura, ideal para trabalhos de soldadura ocasionais.<\/p>\n\n\n\n<p>Est\u00e1 equipado com um ventilador EC de muito alto rendimento e um bra\u00e7o de recolha. A filtragem \u00e9 efectuada por uma cassete de filtro de tipo satura\u00e7\u00e3o.   <\/p>\n\n\n\n<p>Opcionalmente, tamb\u00e9m pode ser equipado com filtros de carv\u00e3o ativado para tratar os fumos de soldadura e outros tratamentos adicionais que geram odores.  <\/p>\n\n\n\n<p>Silencioso e leve para uma \u00f3ptima facilidade de utiliza\u00e7\u00e3o, proporciona <strong>uma capta\u00e7\u00e3o eficiente<\/strong> e precisa diretamente na fonte. Possui um pr\u00e9-separador para separar as part\u00edculas mais pesadas. <\/p>\n<\/div>\n\n\n\n<div class=\"wp-block-column is-vertically-aligned-top is-layout-flow wp-block-column-is-layout-flow\">\n<h3 class=\"wp-block-heading has-text-align-center\"><a href=\"https:\/\/obera.fr\/pt-pt\/produits\/depoussiereurs-industriels\/mobiles\/extracteur-de-poussiere-dustomat-dry\/\">DUSTOMAT DRY<\/a><\/h3>\n\n\n\n<figure class=\"wp-block-image aligncenter size-medium is-resized\"><a href=\"https:\/\/obera.fr\/pt-pt\/dustomat-aspirador-de-po-seco\/\"><img decoding=\"async\" width=\"300\" height=\"300\" src=\"https:\/\/obera.fr\/wp-content\/uploads\/2023\/09\/dustomat-dry-300x300.png\" alt=\"dustomat seco\" class=\"wp-image-24355\" srcset=\"https:\/\/obera.fr\/wp-content\/uploads\/2023\/09\/dustomat-dry-300x300.png 300w, https:\/\/obera.fr\/wp-content\/uploads\/2023\/09\/dustomat-dry-150x150.png 150w, https:\/\/obera.fr\/wp-content\/uploads\/2023\/09\/dustomat-dry.png 320w\" sizes=\"(max-width: 300px) 100vw, 300px\" \/><\/a><figcaption class=\"wp-element-caption\">DUSTOMAT DRY<\/figcaption><\/figure>\n\n\n\n<p>O DUSTOMAT DRY \u00e9 um sistema <a href=\"https:\/\/obera.fr\/pt-pt\/produits\/depoussiereurs-industriels\/mobiles\/extracteur-de-poussiere-dustomat-dry\/#more-24274\">de remo\u00e7\u00e3o de poeiras<\/a> ideal para uma vasta gama de sectores industriais. Oferece a capacidade de remover eficazmente part\u00edculas de p\u00f3 e limalhas, quer diretamente da maquinaria de produ\u00e7\u00e3o, quer atrav\u00e9s da liga\u00e7\u00e3o a um exaustor, bra\u00e7o de extra\u00e7\u00e3o ou rede de tubagens. Dispon\u00edvel em quatro n\u00edveis de pot\u00eancia, \u00e9 adequado para gamas de caudal m\u00e9dio de 2000 a 3500 metros c\u00fabicos por hora.  <\/p>\n\n\n\n<p>Apesar do seu consider\u00e1vel poder de suc\u00e7\u00e3o, o DUSTOMAT DRY \u00e9 notavelmente silencioso e eficiente em termos energ\u00e9ticos. Al\u00e9m disso, disp\u00f5e de um pr\u00e9-separador capaz de captar as part\u00edculas pesadas e grossas. A manuten\u00e7\u00e3o deste sistema \u00e9 simplificada pela utiliza\u00e7\u00e3o de ar comprimido para limpar os filtros, o que n\u00e3o s\u00f3 facilita a manuten\u00e7\u00e3o, como tamb\u00e9m ajuda a prolongar a vida \u00fatil dos filtros.  <\/p>\n\n\n\n<p class=\"has-text-align-center\">Dispon\u00edvel na vers\u00e3o <a href=\"https:\/\/obera.fr\/pt-pt\/produits\/atex\/\">ATEX<\/a>.<\/p>\n<\/div>\n<\/div>\n\n<div class=\"wp-block-columns is-layout-flex wp-container-core-columns-is-layout-28f84493 wp-block-columns-is-layout-flex\">\n<div class=\"wp-block-column is-layout-flow wp-block-column-is-layout-flow\">\n<h3 class=\"wp-block-heading has-text-align-center\"><a href=\"https:\/\/obera.fr\/pt-pt\/produits\/depoussiereurs-industriels\/mobiles\/na-2-2-depoussiereur-a-voie-humide\/\" data-type=\"page\" data-id=\"29480\">NA 2.2<\/a><\/h3>\n\n\n\n<figure class=\"wp-block-image aligncenter size-medium\"><a href=\"https:\/\/obera.fr\/pt-pt\/na-2-2-coletor-movel-de-poeiras-humidas\/\"><img decoding=\"async\" width=\"300\" height=\"300\" src=\"https:\/\/obera.fr\/wp-content\/uploads\/2024\/04\/obera-na-2-2-depoussiereur-a-voie-humide-mobile-300x300.jpg\" alt=\"obera na 2 2 mobile wet dust collector\" class=\"wp-image-29475\" srcset=\"https:\/\/obera.fr\/wp-content\/uploads\/2024\/04\/obera-na-2-2-depoussiereur-a-voie-humide-mobile-300x300.jpg 300w, https:\/\/obera.fr\/wp-content\/uploads\/2024\/04\/obera-na-2-2-depoussiereur-a-voie-humide-mobile-150x150.jpg 150w, https:\/\/obera.fr\/wp-content\/uploads\/2024\/04\/obera-na-2-2-depoussiereur-a-voie-humide-mobile.jpg 600w\" sizes=\"(max-width: 300px) 100vw, 300px\" \/><\/a><figcaption class=\"wp-element-caption\">NA 2.2<\/figcaption><\/figure>\n<\/div>\n\n\n\n<div class=\"wp-block-column is-layout-flow wp-block-column-is-layout-flow\"><\/div>\n\n\n\n<div class=\"wp-block-column is-vertically-aligned-top is-layout-flow wp-block-column-is-layout-flow\"><\/div>\n<\/div>\n\n<div class=\"wp-block-buttons is-horizontal is-content-justification-center is-layout-flex wp-container-core-buttons-is-layout-03627597 wp-block-buttons-is-layout-flex\">\n<div class=\"wp-block-button has-custom-width wp-block-button__width-100\"><a class=\"wp-block-button__link wp-element-button\" href=\"https:\/\/obera.fr\/pt-pt\/contacta-nos\/\">Saber mais<\/a><\/div>\n<\/div>\n\n<h2 class=\"wp-block-heading\">Que poluentes podem ser tratados pelos nossos sistemas m\u00f3veis de despoeiramento?<\/h2>\n\n<p>Os nossos <a href=\"https:\/\/obera.fr\/produits\/depoussiereurs-industriels\/petits\/\">pequenos colectores de poeiras m\u00f3veis<\/a> podem <strong>tratar poeiras finas e aparas<\/strong>, bem como n\u00e9voas de \u00f3leo, fumos e odores, em v\u00e1rios sectores industriais, tais como metal, pl\u00e1sticos, madeira, minerais, t\u00eaxteis e papel\/cart\u00e3o.<\/p>\n\n<p>As poeiras e outros poluentes devem ser tratados porque representam um risco para o corpo humano. Respirar ar polu\u00eddo pode provocar doen\u00e7as cancer\u00edgenas, mutag\u00e9nicas e t\u00f3xicas para a reprodu\u00e7\u00e3o. O tratamento do ar polu\u00eddo \u00e9 essencial n\u00e3o s\u00f3 para os trabalhadores e para a qualidade da produ\u00e7\u00e3o, mas tamb\u00e9m para o cumprimento da lei.  <\/p>\n\n<h2 class=\"wp-block-heading\">Como \u00e9 que escolho o sistema de recolha de p\u00f3 adequado?<\/h2>\n\n<p>\u00c9 importante escolher o <a href=\"https:\/\/obera.fr\/produits\/depoussiereurs-industriels\/fixes\/\" data-type=\"link\" data-id=\"https:\/\/obera.fr\/produits\/depoussiereurs-industriels\/fixes\/\">coletor de p\u00f3 estacion\u00e1rio<\/a> adequado, porque a unidade pode desgastar-se e deixar de funcionar. Para escolheres o tipo de filtro que o coletor de poeiras industriais h\u00famidas deve ter, tens de escolher o tipo de filtro que o coletor de poeiras industriais h\u00famidas deve ter. Isto permitir-te-\u00e1 selecionar o tipo de filtro que o <a href=\"https:\/\/obera.fr\/produits\/depoussiereurs-industriels\/fixes\/depoussiereur-a-voie-humide-dustomat-hydro\/\" data-type=\"page\" data-id=\"15983\">coletor de poeiras industriais h\u00famidas<\/a> deve ter. Em segundo lugar, deves informar-se sobre a pot\u00eancia do aparelho, ou seja, o seu caudal. Mais uma vez, o caudal do aparelho depender\u00e1 da quantidade do teu poluente, mas tamb\u00e9m da superf\u00edcie do local a tratar. Quanto maior for o espa\u00e7o, maior ser\u00e1 o caudal necess\u00e1rio.     <\/p>\n\n<p>Em seguida, tens de decidir com que acess\u00f3rio equipar a tua m\u00e1quina: uma conduta para ligar \u00e0 m\u00e1quina de produ\u00e7\u00e3o ou um bra\u00e7o de aspira\u00e7\u00e3o para um posto de trabalho.<\/p>\n\n<div class=\"wp-block-buttons is-horizontal is-content-justification-center is-layout-flex wp-container-core-buttons-is-layout-03627597 wp-block-buttons-is-layout-flex\">\n<div class=\"wp-block-button has-custom-width wp-block-button__width-100\"><a class=\"wp-block-button__link wp-element-button\" href=\"https:\/\/obera.fr\/pt-pt\/contacta-nos\/\">Saber mais<\/a><\/div>\n<\/div>\n\n<hr class=\"wp-block-separator has-css-opacity\"\/>\n\n<div class=\"wp-block-group is-layout-flow wp-block-group-is-layout-flow\">\n<h2 class=\"wp-block-heading\">Outros produtos da gama de colectores de p\u00f3 industriais oberA<\/h2>\n\n\n\n<div class=\"wp-block-buttons is-content-justification-center is-layout-flex wp-container-core-buttons-is-layout-a89b3969 wp-block-buttons-is-layout-flex\">\n<div class=\"wp-block-button\"><a class=\"wp-block-button__link wp-element-button\" href=\"https:\/\/obera.fr\/produits\/depoussiereurs-industriels\/fixes\/\">Colectores de p\u00f3 FIXOS  <\/a><\/div>\n\n\n\n<div class=\"wp-block-button\"><a class=\"wp-block-button__link wp-element-button\" href=\"https:\/\/obera.fr\/produits\/depoussiereurs-industriels\/petits\/\"> <strong>Pequenos colectores de p\u00f3<\/strong><\/a><\/div>\n<\/div>\n<\/div>\n","protected":false},"excerpt":{"rendered":"<p>Os nossos colectores de p\u00f3 m\u00f3veis s\u00e3o uma gama de colectores de p\u00f3 industriais potentes e f\u00e1ceis de deslocar. Adaptam-se perfeitamente ao seu ambiente para um conforto de trabalho \u00f3timo e uma efici\u00eancia garantida. Estes sistemas de tratamento de ar s\u00e3o concebidos para serem ligados diretamente \u00e0s m\u00e1quinas de produ\u00e7\u00e3o atrav\u00e9s de uma rede de condutas, ou para extrair o ar de um posto de trabalho m\u00f3vel atrav\u00e9s de um bra\u00e7o de aspira\u00e7\u00e3o ou de uma camp\u00e2nula de extra\u00e7\u00e3o, de modo a recolher todos os tipos de poeiras e grandes quantidades de poluentes diretamente na fonte. A nossa gama de &#8230; <\/p>\n<p class=\"read-more-container\"><a title=\"Colectores de p\u00f3 m\u00f3veis\" class=\"read-more button\" href=\"https:\/\/obera.fr\/pt-pt\/produits\/depoussiereurs-industriels\/colectores-de-po-moveis-2\/#more-46875\" aria-label=\"Leia mais sobre Colectores de p\u00f3 m\u00f3veis\">Lire la suite<\/a><\/p>\n","protected":false},"author":4,"featured_media":0,"parent":45632,"menu_order":0,"comment_status":"closed","ping_status":"closed","template":"","meta":{"_acf_changed":false,"_seopress_robots_primary_cat":"","_seopress_titles_title":"Colectores de p\u00f3 m\u00f3veis DUSTOMAT, SRF-K e ePURBOX - oberA","_seopress_titles_desc":"Os nossos colectores de p\u00f3 industriais m\u00f3veis adaptam-se perfeitamente ao seu ambiente para um conforto de trabalho ideal e uma efici\u00eancia garantida.","_seopress_robots_index":"","footnotes":""},"class_list":{"0":"post-46875","1":"page","2":"type-page","3":"status-publish","5":"no-featured-image-padding"},"acf":[],"_links":{"self":[{"href":"https:\/\/obera.fr\/pt-pt\/wp-json\/wp\/v2\/pages\/46875","targetHints":{"allow":["GET"]}}],"collection":[{"href":"https:\/\/obera.fr\/pt-pt\/wp-json\/wp\/v2\/pages"}],"about":[{"href":"https:\/\/obera.fr\/pt-pt\/wp-json\/wp\/v2\/types\/page"}],"author":[{"embeddable":true,"href":"https:\/\/obera.fr\/pt-pt\/wp-json\/wp\/v2\/users\/4"}],"replies":[{"embeddable":true,"href":"https:\/\/obera.fr\/pt-pt\/wp-json\/wp\/v2\/comments?post=46875"}],"version-history":[{"count":2,"href":"https:\/\/obera.fr\/pt-pt\/wp-json\/wp\/v2\/pages\/46875\/revisions"}],"predecessor-version":[{"id":54267,"href":"https:\/\/obera.fr\/pt-pt\/wp-json\/wp\/v2\/pages\/46875\/revisions\/54267"}],"up":[{"embeddable":true,"href":"https:\/\/obera.fr\/pt-pt\/wp-json\/wp\/v2\/pages\/45632"}],"wp:attachment":[{"href":"https:\/\/obera.fr\/pt-pt\/wp-json\/wp\/v2\/media?parent=46875"}],"curies":[{"name":"wp","href":"https:\/\/api.w.org\/{rel}","templated":true}]}}