{"id":47191,"date":"2021-09-17T09:11:07","date_gmt":"2021-09-17T07:11:07","guid":{"rendered":"https:\/\/obera.fr\/sensor-de-co2-obcare\/"},"modified":"2025-06-03T15:02:39","modified_gmt":"2025-06-03T13:02:39","slug":"capteur-co2-obcare","status":"publish","type":"page","link":"https:\/\/obera.fr\/pt-pt\/produits\/analyseurs-air\/capteur-co2-obcare\/","title":{"rendered":"Sensor de CO2 OBCARE"},"content":{"rendered":"\n<h2 class=\"wp-block-heading\">Medir a qualidade do ar com sem\u00e1foros<\/h2>\n\n\n\n<div class=\"wp-block-columns is-layout-flex wp-container-core-columns-is-layout-28f84493 wp-block-columns-is-layout-flex\">\n<div class=\"wp-block-column is-layout-flow wp-block-column-is-layout-flow\" style=\"flex-basis:33.33%\">\n<figure class=\"wp-block-image aligncenter size-full is-resized\"><img decoding=\"async\" width=\"300\" height=\"212\" src=\"https:\/\/obera.fr\/wp-content\/uploads\/2021\/11\/Capteur_CO2_OBCARE.png\" alt=\"sensor de co2 obcare\" class=\"wp-image-7611\" style=\"width:300px;height:212px\"\/><figcaption class=\"wp-element-caption\">OBCARE<\/figcaption><\/figure>\n<\/div>\n\n\n\n<div class=\"wp-block-column is-vertically-aligned-center is-layout-flow wp-block-column-is-layout-flow\" style=\"flex-basis:66.66%\">\n<p>O sensor de CO2 <strong>OBCARE <\/strong>monitoriza a qualidade do ar em espa\u00e7os fechados em tempo real. O seu visor multicolorido com luzes de aviso d\u00e1 uma vis\u00e3o imediata da qualidade do ar e apresenta a <strong>concentra\u00e7\u00e3o de CO2 em ppm<\/strong>. Estas luzes fornecem indica\u00e7\u00f5es visuais claras e alertam os utilizadores para a a\u00e7\u00e3o que devem tomar: <strong>purificar o ar <\/strong>instalando unidades m\u00f3veis de purifica\u00e7\u00e3o do ar e\/ou <strong>ventilar naturalmente<\/strong>.  <\/p>\n\n\n\n<div class=\"wp-block-columns is-layout-flex wp-container-core-columns-is-layout-28f84493 wp-block-columns-is-layout-flex\">\n<div class=\"wp-block-column is-layout-flow wp-block-column-is-layout-flow\" style=\"flex-basis:33.34%\">\n<div class=\"wp-block-buttons is-content-justification-center is-layout-flex wp-container-core-buttons-is-layout-a89b3969 wp-block-buttons-is-layout-flex\">\n<div class=\"wp-block-button\"><a class=\"wp-block-button__link wp-element-button\" href=\"https:\/\/obera.fr\/wp-content\/uploads\/2025\/06\/en-brochure-obcare.pdf\">Descarrega a brochura<\/a><\/div>\n<\/div>\n<\/div>\n\n\n\n<div class=\"wp-block-column is-layout-flow wp-block-column-is-layout-flow\" style=\"flex-basis:33.34%\">\n<div class=\"wp-block-buttons is-horizontal is-content-justification-center is-layout-flex wp-container-core-buttons-is-layout-03627597 wp-block-buttons-is-layout-flex\">\n<div class=\"wp-block-button\"><a class=\"wp-block-button__link wp-element-button\" href=\"https:\/\/boutique.obera.fr\/52-acheter-capteur-co2-obcare.html\" target=\"_blank\" rel=\"noreferrer noopener\">Compra o sensor de CO2 OBCARE  <\/a><\/div>\n<\/div>\n<\/div>\n\n\n\n<div class=\"wp-block-column is-layout-flow wp-block-column-is-layout-flow\" style=\"flex-basis:33.33%\">\n<div class=\"wp-block-buttons is-content-justification-center is-layout-flex wp-container-core-buttons-is-layout-a89b3969 wp-block-buttons-is-layout-flex\">\n<div class=\"wp-block-button btn-devis-source\"><a class=\"wp-block-button__link wp-element-button\" href=\"https:\/\/obera.fr\/pt-pt\/devis\/\">Solicita um or\u00e7amento<\/a><\/div>\n<\/div>\n\n\n<script>\r\ndocument.addEventListener('DOMContentLoaded', function() {\r\n    \/\/ 1. On cherche le titre H1 de la page\r\n    var h1 = document.querySelector('h1');\r\n    var productTitle = h1 ? h1.innerText.trim() : \"\";\r\n\r\n    \/\/ 2. On cherche les boutons via la classe CSS .btn-devis-source\r\n    var buttons = document.querySelectorAll('.btn-devis-source a');\r\n\r\n    \/\/ 3. Si on a le titre et les boutons, on ajoute le param\u00e8tre\r\n    if (buttons.length > 0 && productTitle !== \"\") {\r\n        var encodedTitle = encodeURIComponent(productTitle);\r\n\r\n        buttons.forEach(function(btn) {\r\n            var currentHref = btn.getAttribute('href');\r\n            \r\n            \/\/ S\u00e9curit\u00e9 pour ne pas ajouter le param\u00e8tre 2 fois\r\n            if (currentHref.indexOf('sujet=') === -1) {\r\n                var separator = currentHref.indexOf('?') !== -1 ? '&' : '?';\r\n                var newLink = currentHref + separator + 'sujet=' + encodedTitle;\r\n                \r\n                btn.setAttribute('href', newLink);\r\n            }\r\n        });\r\n    }\r\n});\r\n<\/script><\/div>\n<\/div>\n<\/div>\n<\/div>\n\n\n\n<h2 class=\"wp-block-heading\">As vantagens do OBCARE<\/h2>\n\n\n\n<div class=\"wp-block-columns is-layout-flex wp-container-core-columns-is-layout-28f84493 wp-block-columns-is-layout-flex\">\n<div class=\"wp-block-column is-layout-flow wp-block-column-is-layout-flow\">\n<h3 class=\"wp-block-heading has-text-align-left\">CaPter CO2<\/h3>\n\n\n\n<p>O sensor de CO2 <strong>OBCARE <\/strong>mede continuamente a qualidade do ar. A informa\u00e7\u00e3o apresentada em ppm \u00e9 fornecida em tempo real. O dispositivo \u00e9 f\u00e1cil de instalar e de deslocar.    <\/p>\n<\/div>\n\n\n\n<div class=\"wp-block-column is-layout-flow wp-block-column-is-layout-flow\">\n<h3 class=\"wp-block-heading has-text-align-left\">EXEMPLOS DE SECTORES<\/h3>\n\n\n\n<ul class=\"wp-block-list\">\n<li>ERP<\/li>\n\n\n\n<li>Escrit\u00f3rios<\/li>\n\n\n\n<li>Pavilh\u00f5es desportivos  <\/li>\n\n\n\n<li>Salas de espera<\/li>\n\n\n\n<li>Escolas<\/li>\n\n\n\n<li>Espa\u00e7os abertos<\/li>\n\n\n\n<li>Ac\u00e7\u00f5es<\/li>\n<\/ul>\n<\/div>\n<\/div>\n\n\n\n<h2 class=\"wp-block-heading\">Tipos de montagem<\/h2>\n\n\n\n<p>O medidor de qualidade do ar pode ser montado numa mesa ou numa parede. O seu suporte em a\u00e7o inoxid\u00e1vel<strong>(dispon\u00edvel como op\u00e7\u00e3o<\/strong>) permite-lhe ser posicionado de forma \u00f3ptima dentro da sala. Um bom posicionamento \u00e9 essencial e ter\u00e1 um impacto na representatividade das medi\u00e7\u00f5es. Em particular, evita colocar os sensores em janelas ou muito pr\u00f3ximos.   <\/p>\n\n\n\n<blockquote class=\"wp-block-quote is-layout-flow wp-block-quote-is-layout-flow\">\n<p>Recomendamos que instales <strong>um sensor de CO2 por cada 40 m\u00b2 de espa\u00e7o<\/strong>.<\/p>\n<\/blockquote>\n\n\n\n<div class=\"wp-block-buttons is-horizontal is-content-justification-center is-layout-flex wp-container-core-buttons-is-layout-03627597 wp-block-buttons-is-layout-flex\">\n<div class=\"wp-block-button has-custom-width wp-block-button__width-100\"><a class=\"wp-block-button__link wp-element-button\" href=\"https:\/\/obera.fr\/pt-pt\/contacta-nos\/\">Saber mais<\/a><\/div>\n<\/div>\n\n\n\n<h2 class=\"wp-block-heading\">Especifica\u00e7\u00f5es t\u00e9cnicas<\/h2>\n\n\n\n<figure class=\"wp-block-table\"><table class=\"has-fixed-layout\"><tbody><tr><td>Sensor de CO2<\/td><td>Tecnologia NDIR (sensor de infravermelhos n\u00e3o dispersivo) com auto-calibra\u00e7\u00e3o<br>Gama de medi\u00e7\u00e3o: 0 a 5000 ppm (+- 60ppm)<\/td><\/tr><tr><td>Sensor de humidade e temperatura<\/td><td>Opcional<\/td><\/tr><tr><td>Indica\u00e7\u00e3o de sem\u00e1foro verde\/amarelo\/vermelho<\/td><td>Verde: &lt; 800 ppm<br>Amarelo: 800 &#8211; 2000 ppm<br>Vermelho &gt; 2000 ppm<\/td><\/tr><tr><td>Alarme sonoro<\/td><td>Op\u00e7\u00e3o<br>O alarme soa a cada minuto quando o limiar \u00e9 ultrapassado.<\/td><\/tr><tr><td>Cabo de alimenta\u00e7\u00e3o<\/td><td>Fonte de alimenta\u00e7\u00e3o de 12V com conetor UE inclu\u00eddo (comprimento: 1,5 metros)<\/td><\/tr><tr><td>Alimenta\u00e7\u00e3o el\u00e9ctrica<\/td><td>12V &#8211; 34V AC\/DC<\/td><\/tr><tr><td>Consumo de energia<\/td><td>40 &#8211; 80 mA<\/td><\/tr><tr><td>Quantidades f\u00edsicas medidas<\/td><td>CO2 em ppm<\/td><\/tr><tr><td>Caixa<\/td><td>Concha em ABS, branco RAL 9010<br>Furos para montagem na parede<br>Dimens\u00f5es 87,5 x 87,5 x 30 mm<\/td><\/tr><tr><td>Suporte para montagem na secret\u00e1ria<\/td><td>Suporte de exposi\u00e7\u00e3o opcional<br>Base em a\u00e7o inoxid\u00e1vel<\/td><\/tr><tr><td>Classe de prote\u00e7\u00e3o<\/td><td>IP30<\/td><\/tr><\/tbody><\/table><\/figure>\n\n\n\n<div style=\"height:25px\" aria-hidden=\"true\" class=\"wp-block-spacer\"><\/div>\n\n\n\n<h2 class=\"wp-block-heading\">Outros analisadores de ar OberA<\/h2>\n\n\n\n<div class=\"wp-block-columns is-layout-flex wp-container-core-columns-is-layout-28f84493 wp-block-columns-is-layout-flex\">\n<div class=\"wp-block-column is-layout-flow wp-block-column-is-layout-flow\">\n<figure class=\"wp-block-image aligncenter size-thumbnail is-resized\"><a href=\"https:\/\/obera.fr\/produits\/analyseurs-air\/compteur-particules\/\"><img decoding=\"async\" width=\"150\" height=\"150\" src=\"https:\/\/obera.fr\/wp-content\/uploads\/2020\/08\/compteur-de-particules-150x150.png\" alt=\"Contador de part\u00edculas Trotec PC220 - Contador de part\u00edculas\" class=\"wp-image-714\" style=\"width:150px;height:150px\" srcset=\"https:\/\/obera.fr\/wp-content\/uploads\/2020\/08\/compteur-de-particules-150x150.png 150w, https:\/\/obera.fr\/wp-content\/uploads\/2020\/08\/compteur-de-particules-300x300.png 300w, https:\/\/obera.fr\/wp-content\/uploads\/2020\/08\/compteur-de-particules.png 433w\" sizes=\"(max-width: 150px) 100vw, 150px\" \/><\/a><figcaption class=\"wp-element-caption\">Medidor de part\u00edculas<\/figcaption><\/figure>\n<\/div>\n<\/div>\n","protected":false},"excerpt":{"rendered":"<p>Medir a qualidade do ar com sem\u00e1foros O sensor de CO2 OBCARE monitoriza a qualidade do ar em espa\u00e7os fechados em tempo real. O seu visor multicolorido com luzes de aviso d\u00e1 uma vis\u00e3o imediata da qualidade do ar e apresenta a concentra\u00e7\u00e3o de CO2 em ppm. Estas luzes fornecem indica\u00e7\u00f5es visuais claras e alertam os utilizadores para a a\u00e7\u00e3o que devem tomar: purificar o ar instalando unidades m\u00f3veis de purifica\u00e7\u00e3o do ar e\/ou ventilar naturalmente. As vantagens do OBCARE CaPter CO2 O sensor de CO2 OBCARE mede continuamente a qualidade do ar. A informa\u00e7\u00e3o apresentada em ppm \u00e9 fornecida &#8230; <\/p>\n<p class=\"read-more-container\"><a title=\"Sensor de CO2 OBCARE\" class=\"read-more button\" href=\"https:\/\/obera.fr\/pt-pt\/produits\/analyseurs-air\/capteur-co2-obcare\/#more-47191\" aria-label=\"Leia mais sobre Sensor de CO2 OBCARE\">Lire la suite<\/a><\/p>\n","protected":false},"author":4,"featured_media":83747,"parent":48421,"menu_order":0,"comment_status":"closed","ping_status":"closed","template":"","meta":{"_acf_changed":false,"_seopress_robots_primary_cat":"","_seopress_titles_title":"Sensor de CO2 OBCARE para medir a qualidade do ar","_seopress_titles_desc":"Descobre o nosso sensor de CO2, ideal para complementar um tratamento covid-19. Indica os n\u00edveis de CO2 em ppm e fornece informa\u00e7\u00f5es em tempo real sobre a qualidade do ar.","_seopress_robots_index":"","footnotes":""},"class_list":{"0":"post-47191","1":"page","2":"type-page","3":"status-publish","4":"has-post-thumbnail","6":"no-featured-image-padding","7":"resize-featured-image"},"acf":[],"_links":{"self":[{"href":"https:\/\/obera.fr\/pt-pt\/wp-json\/wp\/v2\/pages\/47191","targetHints":{"allow":["GET"]}}],"collection":[{"href":"https:\/\/obera.fr\/pt-pt\/wp-json\/wp\/v2\/pages"}],"about":[{"href":"https:\/\/obera.fr\/pt-pt\/wp-json\/wp\/v2\/types\/page"}],"author":[{"embeddable":true,"href":"https:\/\/obera.fr\/pt-pt\/wp-json\/wp\/v2\/users\/4"}],"replies":[{"embeddable":true,"href":"https:\/\/obera.fr\/pt-pt\/wp-json\/wp\/v2\/comments?post=47191"}],"version-history":[{"count":5,"href":"https:\/\/obera.fr\/pt-pt\/wp-json\/wp\/v2\/pages\/47191\/revisions"}],"predecessor-version":[{"id":108425,"href":"https:\/\/obera.fr\/pt-pt\/wp-json\/wp\/v2\/pages\/47191\/revisions\/108425"}],"up":[{"embeddable":true,"href":"https:\/\/obera.fr\/pt-pt\/wp-json\/wp\/v2\/pages\/48421"}],"wp:featuredmedia":[{"embeddable":true,"href":"https:\/\/obera.fr\/pt-pt\/wp-json\/wp\/v2\/media\/83747"}],"wp:attachment":[{"href":"https:\/\/obera.fr\/pt-pt\/wp-json\/wp\/v2\/media?parent=47191"}],"curies":[{"name":"wp","href":"https:\/\/api.w.org\/{rel}","templated":true}]}}