{"id":48284,"date":"2020-08-26T12:44:36","date_gmt":"2020-08-26T10:44:36","guid":{"rendered":"https:\/\/obera.fr\/os-nossos-produtos\/colectores-de-po-industriais\/pequenos-colectores-de-po-industriais\/srf-t\/"},"modified":"2025-06-27T15:47:52","modified_gmt":"2025-06-27T13:47:52","slug":"srf-t","status":"publish","type":"page","link":"https:\/\/obera.fr\/pt-pt\/produits\/depoussiereurs-industriels\/petits\/srf-t\/","title":{"rendered":"SRF-T"},"content":{"rendered":"\n<h2 class=\"wp-block-heading\">Extrator de fumos de soldadura port\u00e1til<\/h2>\n\n<div class=\"wp-block-columns is-layout-flex wp-container-core-columns-is-layout-28f84493 wp-block-columns-is-layout-flex\">\n<div class=\"wp-block-column is-layout-flow wp-block-column-is-layout-flow\" style=\"flex-basis:33.33%\">\n<figure class=\"wp-block-image aligncenter size-medium\"><img decoding=\"async\" width=\"300\" height=\"300\" src=\"https:\/\/obera.fr\/wp-content\/uploads\/2020\/10\/SRF-T-SF-300x300.png\" alt=\"Srf T Sf\" class=\"wp-image-1310\" srcset=\"https:\/\/obera.fr\/wp-content\/uploads\/2020\/10\/SRF-T-SF-300x300.png 300w, https:\/\/obera.fr\/wp-content\/uploads\/2020\/10\/SRF-T-SF-150x150.png 150w, https:\/\/obera.fr\/wp-content\/uploads\/2020\/10\/SRF-T-SF.png 600w\" sizes=\"(max-width: 300px) 100vw, 300px\" \/><figcaption class=\"wp-element-caption\">SRF-T<\/figcaption><\/figure>\n<\/div>\n\n\n\n<div class=\"wp-block-column is-layout-flow wp-block-column-is-layout-flow\" style=\"flex-basis:66.66%\">\n<p>O<strong>extrator<\/strong> port\u00e1til<strong>de fumos de soldadura<\/strong> SRF T \u00e9 um <a href=\"https:\/\/obera.fr\/pt-pt\/produits\/depoussiereurs-industriels\/petits\/\" data-type=\"page\" data-id=\"393\">coletor de poeiras compacto<\/a>.<\/p>\n\n\n\n<p>Tem um v\u00e1cuo elevado, o que significa que pode ser ligado diretamente a tochas de soldadura e permite a aspira\u00e7\u00e3o diretamente da fonte. Os cartuchos de filtro s\u00e3o f\u00e1ceis de limpar, reduzindo significativamente os custos de manuten\u00e7\u00e3o. Tamb\u00e9m pode ser ligado a bra\u00e7os de aspira\u00e7\u00e3o.  <\/p>\n\n\n\n<p>O modelo SRF T2 pode sugar um bra\u00e7o, enquanto o modelo SRF T4 pode ter at\u00e9 dois bra\u00e7os.<\/p>\n\n\n\n<p>\u00c9 particularmente adequado para estaleiros navais, esta\u00e7\u00f5es de soldadura de pequenas pe\u00e7as e f\u00e1bricas de produ\u00e7\u00e3o autom\u00f3vel. Tamb\u00e9m podes optar por um <a href=\"https:\/\/obera.fr\/pt-pt\/produits\/depoussiereurs-industriels\/mobiles\/srf-k\/\">extrator de fumos de soldadura<\/a> para os teus postos de trabalho. <\/p>\n\n\n\n<div class=\"wp-block-columns is-layout-flex wp-container-core-columns-is-layout-28f84493 wp-block-columns-is-layout-flex\">\n<div class=\"wp-block-column is-layout-flow wp-block-column-is-layout-flow\" style=\"flex-basis:33.34%\">\n<div class=\"wp-block-buttons is-content-justification-center is-layout-flex wp-container-core-buttons-is-layout-a89b3969 wp-block-buttons-is-layout-flex\">\n<div class=\"wp-block-button\"><a class=\"wp-block-button__link wp-element-button\" href=\"https:\/\/obera.fr\/wp-content\/uploads\/2024\/03\/srf-t-.pdf\">Descarrega a brochura<\/a><\/div>\n<\/div>\n<\/div>\n\n\n\n<div class=\"wp-block-column is-layout-flow wp-block-column-is-layout-flow\" style=\"flex-basis:33.34%\">\n<div class=\"wp-block-buttons is-horizontal is-content-justification-center is-layout-flex wp-container-core-buttons-is-layout-03627597 wp-block-buttons-is-layout-flex\">\n<div class=\"wp-block-button has-custom-width wp-block-button__width-100\"><a class=\"wp-block-button__link wp-element-button\" href=\"https:\/\/obera.fr\/pt-pt\/contacta-nos\/\">Saber mais<\/a><\/div>\n<\/div>\n<\/div>\n\n\n\n<div class=\"wp-block-column is-layout-flow wp-block-column-is-layout-flow\" style=\"flex-basis:33.33%\">\n<div class=\"wp-block-buttons is-content-justification-center is-layout-flex wp-container-core-buttons-is-layout-a89b3969 wp-block-buttons-is-layout-flex\">\n<div class=\"wp-block-button btn-devis-source\"><a class=\"wp-block-button__link wp-element-button\" href=\"https:\/\/obera.fr\/pt-pt\/devis\/\">Solicita um or\u00e7amento<\/a><\/div>\n<\/div>\n\n\n<script>\r\ndocument.addEventListener('DOMContentLoaded', function() {\r\n    \/\/ 1. On cherche le titre H1 de la page\r\n    var h1 = document.querySelector('h1');\r\n    var productTitle = h1 ? h1.innerText.trim() : \"\";\r\n\r\n    \/\/ 2. On cherche les boutons via la classe CSS .btn-devis-source\r\n    var buttons = document.querySelectorAll('.btn-devis-source a');\r\n\r\n    \/\/ 3. Si on a le titre et les boutons, on ajoute le param\u00e8tre\r\n    if (buttons.length > 0 && productTitle !== \"\") {\r\n        var encodedTitle = encodeURIComponent(productTitle);\r\n\r\n        buttons.forEach(function(btn) {\r\n            var currentHref = btn.getAttribute('href');\r\n            \r\n            \/\/ S\u00e9curit\u00e9 pour ne pas ajouter le param\u00e8tre 2 fois\r\n            if (currentHref.indexOf('sujet=') === -1) {\r\n                var separator = currentHref.indexOf('?') !== -1 ? '&' : '?';\r\n                var newLink = currentHref + separator + 'sujet=' + encodedTitle;\r\n                \r\n                btn.setAttribute('href', newLink);\r\n            }\r\n        });\r\n    }\r\n});\r\n<\/script><\/div>\n<\/div>\n<\/div>\n<\/div>\n\n<figure class=\"wp-block-gallery has-nested-images columns-default is-cropped wp-block-gallery-1 is-layout-flex wp-block-gallery-is-layout-flex\">\n<figure class=\"wp-block-image size-large\"><img decoding=\"async\" width=\"768\" height=\"432\" data-id=\"1680\" src=\"https:\/\/obera.fr\/wp-content\/uploads\/2020\/11\/45-srf-t.jpg\" alt=\"45 Srf T\" class=\"wp-image-1680\" srcset=\"https:\/\/obera.fr\/wp-content\/uploads\/2020\/11\/45-srf-t.jpg 768w, https:\/\/obera.fr\/wp-content\/uploads\/2020\/11\/45-srf-t-300x169.jpg 300w\" sizes=\"(max-width: 768px) 100vw, 768px\" \/><\/figure>\n\n\n\n<figure class=\"wp-block-image size-large\"><img decoding=\"async\" width=\"1024\" height=\"576\" data-id=\"1682\" src=\"https:\/\/obera.fr\/wp-content\/uploads\/2020\/11\/47-srf-t-1024x576.jpg\" alt=\"47 Srf T\" class=\"wp-image-1682\" srcset=\"https:\/\/obera.fr\/wp-content\/uploads\/2020\/11\/47-srf-t-1024x576.jpg 1024w, https:\/\/obera.fr\/wp-content\/uploads\/2020\/11\/47-srf-t-300x169.jpg 300w, https:\/\/obera.fr\/wp-content\/uploads\/2020\/11\/47-srf-t-768x432.jpg 768w, https:\/\/obera.fr\/wp-content\/uploads\/2020\/11\/47-srf-t.jpg 1200w\" sizes=\"(max-width: 1024px) 100vw, 1024px\" \/><\/figure>\n\n\n\n<figure class=\"wp-block-image size-large\"><img decoding=\"async\" width=\"1024\" height=\"512\" data-id=\"1681\" src=\"https:\/\/obera.fr\/wp-content\/uploads\/2020\/11\/46-srf-t-1024x512.jpg\" alt=\"46 Srf T\" class=\"wp-image-1681\" srcset=\"https:\/\/obera.fr\/wp-content\/uploads\/2020\/11\/46-srf-t-1024x512.jpg 1024w, https:\/\/obera.fr\/wp-content\/uploads\/2020\/11\/46-srf-t-300x150.jpg 300w, https:\/\/obera.fr\/wp-content\/uploads\/2020\/11\/46-srf-t-768x384.jpg 768w, https:\/\/obera.fr\/wp-content\/uploads\/2020\/11\/46-srf-t.jpg 1280w\" sizes=\"(max-width: 1024px) 100vw, 1024px\" \/><\/figure>\n<\/figure>\n\n<h3 class=\"wp-block-heading\">Benef\u00edcios<\/h3>\n\n<div class=\"wp-block-columns is-layout-flex wp-container-core-columns-is-layout-28f84493 wp-block-columns-is-layout-flex\">\n<div class=\"wp-block-column is-layout-flow wp-block-column-is-layout-flow\">\n<h4 class=\"wp-block-heading has-text-align-center\"><strong>Benef\u00edcios<\/strong><\/h4>\n\n\n\n<ul class=\"wp-block-list\">\n<li>Elevado desempenho de suc\u00e7\u00e3o em tochas de soldadura e bra\u00e7os de suc\u00e7\u00e3o<\/li>\n\n\n\n<li>Port\u00e1teis, podem ser utilizados em qualquer lugar<\/li>\n\n\n\n<li>Compactos, foram concebidos para serem muito funcionais<\/li>\n\n\n\n<li>Baixos custos de funcionamento gra\u00e7as ao cartucho de filtro lav\u00e1vel<\/li>\n<\/ul>\n<\/div>\n\n\n\n<div class=\"wp-block-column is-layout-flow wp-block-column-is-layout-flow\">\n<h4 class=\"wp-block-heading has-text-align-center\"><strong>Carater\u00edsticas especiais<\/strong><\/h4>\n\n\n\n<ul class=\"wp-block-list\">\n<li>Forte poder de suc\u00e7\u00e3o e alto v\u00e1cuo<\/li>\n\n\n\n<li>Inclui um bocal de alta press\u00e3o para limpar o filtro<\/li>\n\n\n\n<li>Cartucho de filtro lav\u00e1vel e reutiliz\u00e1vel<\/li>\n<\/ul>\n<\/div>\n\n\n\n<div class=\"wp-block-column is-layout-flow wp-block-column-is-layout-flow\">\n<h4 class=\"wp-block-heading has-text-align-center\"><strong>Carater\u00edsticas<\/strong><\/h4>\n\n\n\n<ul class=\"wp-block-list\">\n<li>Extra\u00e7\u00e3o direta em tochas de soldadura<\/li>\n\n\n\n<li>Aplic\u00e1vel a trabalhos no exterior e em estaleiros de constru\u00e7\u00e3o<\/li>\n\n\n\n<li>Trabalha com todos os tipos de fumos de soldadura<\/li>\n<\/ul>\n<\/div>\n<\/div>\n\n<h2 class=\"wp-block-heading\">Em que sectores industriais \u00e9 utilizado?<\/h2>\n\n<div class=\"wp-block-columns is-layout-flex wp-container-core-columns-is-layout-28f84493 wp-block-columns-is-layout-flex\">\n<div class=\"wp-block-column is-layout-flow wp-block-column-is-layout-flow\">\n<h3 class=\"wp-block-heading has-text-align-center\">Poluentes<\/h3>\n\n\n\n<hr class=\"wp-block-separator has-css-opacity is-style-wide\"\/>\n\n\n\n<div class=\"wp-block-columns is-layout-flex wp-container-core-columns-is-layout-28f84493 wp-block-columns-is-layout-flex\">\n<div class=\"wp-block-column is-layout-flow wp-block-column-is-layout-flow\">\n<figure class=\"wp-block-image aligncenter size-large\"><img decoding=\"async\" width=\"70\" height=\"70\" src=\"https:\/\/obera.fr\/wp-content\/uploads\/2020\/08\/industrie-fumees.jpg\" alt=\"Fumo da ind&#xFA;stria\" class=\"wp-image-722\"\/><figcaption class=\"wp-element-caption\">Fumos<\/figcaption><\/figure>\n<\/div>\n\n\n\n<div class=\"wp-block-column is-layout-flow wp-block-column-is-layout-flow\"><\/div>\n<\/div>\n\n\n\n<p><\/p>\n<\/div>\n\n\n\n<div class=\"wp-block-column is-layout-flow wp-block-column-is-layout-flow\">\n<h3 class=\"wp-block-heading has-text-align-center\">Ind\u00fastrias<\/h3>\n\n\n\n<hr class=\"wp-block-separator has-css-opacity is-style-wide\"\/>\n\n\n\n<div class=\"wp-block-columns is-layout-flex wp-container-core-columns-is-layout-28f84493 wp-block-columns-is-layout-flex\">\n<div class=\"wp-block-column is-layout-flow wp-block-column-is-layout-flow\">\n<figure class=\"wp-block-image aligncenter size-large\"><img decoding=\"async\" width=\"70\" height=\"70\" src=\"https:\/\/obera.fr\/wp-content\/uploads\/2020\/08\/industrie-metallurgie.jpg\" alt=\"Ind&#xFA;stria metal&#xFA;rgica\" class=\"wp-image-673\"\/><figcaption class=\"wp-element-caption\">Metalurgia<\/figcaption><\/figure>\n<\/div>\n\n\n\n<div class=\"wp-block-column is-layout-flow wp-block-column-is-layout-flow\"><\/div>\n<\/div>\n<\/div>\n<\/div>\n\n<h2 class=\"wp-block-heading\">Especifica\u00e7\u00f5es t\u00e9cnicas<\/h2>\n\n<figure class=\"wp-block-table\"><table class=\"has-fixed-layout\"><thead><tr><th>Dispositivo<\/th><th><\/th><th>SRF T-2<\/th><th>SRF T-4<\/th><\/tr><\/thead><tbody><tr><td>Fluxo<\/td><td>m3\/h<\/td><td>200<\/td><td>400<\/td><\/tr><tr><td>Di\u00e2metro de entrada<\/td><td>mm<\/td><td>50<\/td><td>2&#215;50<\/td><\/tr><tr><td>press\u00e3o negativa m\u00e1xima<\/td><td>Pa<\/td><td>19 000<\/td><td>19 000<\/td><\/tr><tr><td>Tens\u00e3o de alimenta\u00e7\u00e3o<\/td><td>V<\/td><td>230<\/td><td>230<\/td><\/tr><tr><td>Pot\u00eancia<\/td><td>kW<\/td><td>1.1<\/td><td>1.1<\/td><\/tr><tr><td>Superf\u00edcie do filtro<\/td><td>m\u00b2<\/td><td>0.8<\/td><td>1.6<\/td><\/tr><tr><td>Dimens\u00f5es<\/td><td>l\/L\/h (mm)<\/td><td>390x210x500<\/td><td>490x400x560<\/td><\/tr><tr><td>Peso<\/td><td>kg<\/td><td>15<\/td><td>27<\/td><\/tr><tr><td>N\u00edvel de ru\u00eddo<\/td><td>dB(A)<\/td><td>66<\/td><td>78<\/td><\/tr><\/tbody><\/table><\/figure>\n\n<h3 class=\"wp-block-heading\">Opcional<\/h3>\n\n<div class=\"wp-block-columns is-layout-flex wp-container-core-columns-is-layout-28f84493 wp-block-columns-is-layout-flex\">\n<div class=\"wp-block-column is-layout-flow wp-block-column-is-layout-flow\"><\/div>\n\n\n\n<div class=\"wp-block-column is-layout-flow wp-block-column-is-layout-flow\"><\/div>\n\n\n\n<div class=\"wp-block-column is-layout-flow wp-block-column-is-layout-flow\"><\/div>\n<\/div>\n\n<div class=\"wp-block-columns is-layout-flex wp-container-core-columns-is-layout-28f84493 wp-block-columns-is-layout-flex\">\n<div class=\"wp-block-column is-layout-flow wp-block-column-is-layout-flow\"><\/div>\n\n\n\n<div class=\"wp-block-column is-layout-flow wp-block-column-is-layout-flow\"><\/div>\n\n\n\n<div class=\"wp-block-column is-layout-flow wp-block-column-is-layout-flow\"><\/div>\n<\/div>\n\n<h3 class=\"wp-block-heading\">Acess\u00f3rios<\/h3>\n\n<figure class=\"wp-block-gallery aligncenter has-nested-images columns-3 wp-block-gallery-2 is-layout-flex wp-block-gallery-is-layout-flex\">\n<figure class=\"wp-block-image size-large\"><img decoding=\"async\" width=\"1024\" height=\"1024\" data-id=\"31508\" src=\"https:\/\/obera.fr\/wp-content\/uploads\/2024\/06\/accessoires-gaines-1024x1024.png\" alt=\"acess&#xF3;rios para condutas\" class=\"wp-image-31508\" srcset=\"https:\/\/obera.fr\/wp-content\/uploads\/2024\/06\/accessoires-gaines-1024x1024.png 1024w, https:\/\/obera.fr\/wp-content\/uploads\/2024\/06\/accessoires-gaines-300x300.png 300w, https:\/\/obera.fr\/wp-content\/uploads\/2024\/06\/accessoires-gaines-150x150.png 150w, https:\/\/obera.fr\/wp-content\/uploads\/2024\/06\/accessoires-gaines-768x767.png 768w, https:\/\/obera.fr\/wp-content\/uploads\/2024\/06\/accessoires-gaines.png 1280w\" sizes=\"(max-width: 1024px) 100vw, 1024px\" \/><figcaption class=\"wp-element-caption\">Condutas<\/figcaption><\/figure>\n\n\n\n<figure class=\"wp-block-image size-large\"><img decoding=\"async\" width=\"1024\" height=\"1024\" data-id=\"31511\" src=\"https:\/\/obera.fr\/wp-content\/uploads\/2024\/06\/accessoires-adaptateur-de-gaines-1024x1024.png\" alt=\"acess&#xF3;rios para adaptadores de condutas\" class=\"wp-image-31511\" srcset=\"https:\/\/obera.fr\/wp-content\/uploads\/2024\/06\/accessoires-adaptateur-de-gaines-1024x1024.png 1024w, https:\/\/obera.fr\/wp-content\/uploads\/2024\/06\/accessoires-adaptateur-de-gaines-300x300.png 300w, https:\/\/obera.fr\/wp-content\/uploads\/2024\/06\/accessoires-adaptateur-de-gaines-150x150.png 150w, https:\/\/obera.fr\/wp-content\/uploads\/2024\/06\/accessoires-adaptateur-de-gaines-768x767.png 768w, https:\/\/obera.fr\/wp-content\/uploads\/2024\/06\/accessoires-adaptateur-de-gaines.png 1280w\" sizes=\"(max-width: 1024px) 100vw, 1024px\" \/><figcaption class=\"wp-element-caption\">Adaptador de bainha<\/figcaption><\/figure>\n\n\n\n<figure class=\"wp-block-image size-large\"><img decoding=\"async\" width=\"1024\" height=\"1024\" data-id=\"31515\" src=\"https:\/\/obera.fr\/wp-content\/uploads\/2024\/06\/accessoires-bras-1024x1024.png\" alt=\"acess&#xF3;rios para o bra&#xE7;o\" class=\"wp-image-31515\" srcset=\"https:\/\/obera.fr\/wp-content\/uploads\/2024\/06\/accessoires-bras-1024x1024.png 1024w, https:\/\/obera.fr\/wp-content\/uploads\/2024\/06\/accessoires-bras-300x300.png 300w, https:\/\/obera.fr\/wp-content\/uploads\/2024\/06\/accessoires-bras-150x150.png 150w, https:\/\/obera.fr\/wp-content\/uploads\/2024\/06\/accessoires-bras-768x767.png 768w, https:\/\/obera.fr\/wp-content\/uploads\/2024\/06\/accessoires-bras.png 1280w\" sizes=\"(max-width: 1024px) 100vw, 1024px\" \/><figcaption class=\"wp-element-caption\">Bra\u00e7o<\/figcaption><\/figure>\n<\/figure>\n\n<hr class=\"wp-block-separator has-css-opacity is-style-dots\"\/>\n\n<div class=\"wp-block-buttons is-horizontal is-content-justification-center is-layout-flex wp-container-core-buttons-is-layout-03627597 wp-block-buttons-is-layout-flex\">\n<div class=\"wp-block-button has-custom-width wp-block-button__width-100\"><a class=\"wp-block-button__link wp-element-button\" href=\"https:\/\/obera.fr\/pt-pt\/contacta-nos\/\">Saber mais<\/a><\/div>\n<\/div>\n\n<h2 class=\"wp-block-heading\">Outros espanadores pequenos da marca oberA<\/h2>\n\n<div class=\"wp-block-columns is-layout-flex wp-container-core-columns-is-layout-28f84493 wp-block-columns-is-layout-flex\">\n<div class=\"wp-block-column is-layout-flow wp-block-column-is-layout-flow\">\n<figure class=\"wp-block-image aligncenter size-medium\"><a href=\"https:\/\/obera.fr\/produits\/depoussiereurs-industriels\/petits\/jumbo\/\"><img decoding=\"async\" width=\"300\" height=\"300\" src=\"https:\/\/obera.fr\/wp-content\/uploads\/2020\/10\/jumbo-300x300.png\" alt=\"Jumbo\" class=\"wp-image-1171\" srcset=\"https:\/\/obera.fr\/wp-content\/uploads\/2020\/10\/jumbo-300x300.png 300w, https:\/\/obera.fr\/wp-content\/uploads\/2020\/10\/jumbo-150x150.png 150w, https:\/\/obera.fr\/wp-content\/uploads\/2020\/10\/jumbo.png 500w\" sizes=\"(max-width: 300px) 100vw, 300px\" \/><\/a><figcaption class=\"wp-element-caption\">Jumbo<\/figcaption><\/figure>\n<\/div>\n\n\n\n<div class=\"wp-block-column is-layout-flow wp-block-column-is-layout-flow\">\n<figure class=\"wp-block-image aligncenter size-medium\"><a href=\"https:\/\/obera.fr\/produits\/depoussiereurs-industriels\/petits\/tk-serie\/\"><img decoding=\"async\" width=\"300\" height=\"300\" src=\"https:\/\/obera.fr\/wp-content\/uploads\/2020\/11\/tk-series-300x300.jpg\" alt=\"S&#xE9;rie TK\" class=\"wp-image-1607\" srcset=\"https:\/\/obera.fr\/wp-content\/uploads\/2020\/11\/tk-series-300x300.jpg 300w, https:\/\/obera.fr\/wp-content\/uploads\/2020\/11\/tk-series-150x150.jpg 150w, https:\/\/obera.fr\/wp-content\/uploads\/2020\/11\/tk-series.jpg 600w\" sizes=\"(max-width: 300px) 100vw, 300px\" \/><\/a><figcaption class=\"wp-element-caption\">S\u00e9rie TK<\/figcaption><\/figure>\n<\/div>\n\n\n\n<div class=\"wp-block-column is-layout-flow wp-block-column-is-layout-flow\">\n<figure class=\"wp-block-image aligncenter size-medium\"><a href=\"https:\/\/obera.fr\/produits\/depoussiereurs-industriels\/petits\/aspiration-fumees-soudage-laser-epur-b-ex\/\"><img decoding=\"async\" width=\"300\" height=\"300\" src=\"https:\/\/obera.fr\/wp-content\/uploads\/2023\/10\/epurb-ex-1000-3000-5000-300x300.png\" alt=\"oberA epur b ex 1000 3000 5000\" class=\"wp-image-25016\" srcset=\"https:\/\/obera.fr\/wp-content\/uploads\/2023\/10\/epurb-ex-1000-3000-5000-300x300.png 300w, https:\/\/obera.fr\/wp-content\/uploads\/2023\/10\/epurb-ex-1000-3000-5000-150x150.png 150w, https:\/\/obera.fr\/wp-content\/uploads\/2023\/10\/epurb-ex-1000-3000-5000.png 600w\" sizes=\"(max-width: 300px) 100vw, 300px\" \/><\/a><figcaption class=\"wp-element-caption\">EPUR B EX<\/figcaption><\/figure>\n<\/div>\n<\/div>\n","protected":false},"excerpt":{"rendered":"<p>Extrator de fumos de soldadura port\u00e1til Oextrator port\u00e1tilde fumos de soldadura SRF T \u00e9 um coletor de poeiras compacto. Tem um v\u00e1cuo elevado, o que significa que pode ser ligado diretamente a tochas de soldadura e permite a aspira\u00e7\u00e3o diretamente da fonte. Os cartuchos de filtro s\u00e3o f\u00e1ceis de limpar, reduzindo significativamente os custos de manuten\u00e7\u00e3o. Tamb\u00e9m pode ser ligado a bra\u00e7os de aspira\u00e7\u00e3o. O modelo SRF T2 pode sugar um bra\u00e7o, enquanto o modelo SRF T4 pode ter at\u00e9 dois bra\u00e7os. \u00c9 particularmente adequado para estaleiros navais, esta\u00e7\u00f5es de soldadura de pequenas pe\u00e7as e f\u00e1bricas de produ\u00e7\u00e3o autom\u00f3vel. Tamb\u00e9m &#8230; <\/p>\n<p class=\"read-more-container\"><a title=\"SRF-T\" class=\"read-more button\" href=\"https:\/\/obera.fr\/pt-pt\/produits\/depoussiereurs-industriels\/petits\/srf-t\/#more-48284\" aria-label=\"Leia mais sobre SRF-T\">Lire la suite<\/a><\/p>\n","protected":false},"author":4,"featured_media":37350,"parent":48177,"menu_order":0,"comment_status":"closed","ping_status":"closed","template":"","meta":{"_acf_changed":false,"_seopress_robots_primary_cat":"","_seopress_titles_title":"SRF-T: Extrator port\u00e1til de fumos de soldadura","_seopress_titles_desc":"O extrator port\u00e1til de fumos de soldadura SRF T \u00e9 compacto. Tem um v\u00e1cuo elevado e pode, por isso, ser ligado diretamente \u00e0s tochas de soldadura. ","_seopress_robots_index":"","footnotes":""},"class_list":{"0":"post-48284","1":"page","2":"type-page","3":"status-publish","4":"has-post-thumbnail","6":"no-featured-image-padding","7":"resize-featured-image"},"acf":[],"_links":{"self":[{"href":"https:\/\/obera.fr\/pt-pt\/wp-json\/wp\/v2\/pages\/48284","targetHints":{"allow":["GET"]}}],"collection":[{"href":"https:\/\/obera.fr\/pt-pt\/wp-json\/wp\/v2\/pages"}],"about":[{"href":"https:\/\/obera.fr\/pt-pt\/wp-json\/wp\/v2\/types\/page"}],"author":[{"embeddable":true,"href":"https:\/\/obera.fr\/pt-pt\/wp-json\/wp\/v2\/users\/4"}],"replies":[{"embeddable":true,"href":"https:\/\/obera.fr\/pt-pt\/wp-json\/wp\/v2\/comments?post=48284"}],"version-history":[{"count":5,"href":"https:\/\/obera.fr\/pt-pt\/wp-json\/wp\/v2\/pages\/48284\/revisions"}],"predecessor-version":[{"id":117358,"href":"https:\/\/obera.fr\/pt-pt\/wp-json\/wp\/v2\/pages\/48284\/revisions\/117358"}],"up":[{"embeddable":true,"href":"https:\/\/obera.fr\/pt-pt\/wp-json\/wp\/v2\/pages\/48177"}],"wp:featuredmedia":[{"embeddable":true,"href":"https:\/\/obera.fr\/pt-pt\/wp-json\/wp\/v2\/media\/37350"}],"wp:attachment":[{"href":"https:\/\/obera.fr\/pt-pt\/wp-json\/wp\/v2\/media?parent=48284"}],"curies":[{"name":"wp","href":"https:\/\/api.w.org\/{rel}","templated":true}]}}