{"id":48606,"date":"2020-08-26T13:06:25","date_gmt":"2020-08-26T11:06:25","guid":{"rendered":"https:\/\/obera.fr\/filtro-de-nevoa-de-oleo-afs\/"},"modified":"2025-06-03T13:13:47","modified_gmt":"2025-06-03T11:13:47","slug":"afs","status":"publish","type":"page","link":"https:\/\/obera.fr\/pt-pt\/produits\/filtres-brouillard-huile\/afs\/","title":{"rendered":"Filtro de n\u00e9voa de \u00f3leo AFS"},"content":{"rendered":"\n<p><a href=\"https:\/\/obera.fr\/pt-pt\/produits\/filtres-brouillard-huile\/\" data-type=\"page\" data-id=\"376\">Os filtros de n\u00e9voa de \u00f3leo<\/a> AFS s\u00e3o a solu\u00e7\u00e3o \u00e0 medida para equipar diretamente as suas m\u00e1quinas de usinagem ou para as aspirar centralmente.<\/p>\n\n\n\n<p>A gama AFS abrange <strong>caudais de aspira\u00e7\u00e3o de 400 a 16.000 m\u00b3\/h<\/strong>.<\/p>\n\n\n\n<h2 class=\"wp-block-heading\">Instala\u00e7\u00f5es centralizadas para n\u00e9voas, fumos e aeross\u00f3is de \u00f3leos e emuls\u00f5es<\/h2>\n\n\n\n<div class=\"wp-block-columns is-layout-flex wp-container-core-columns-is-layout-28f84493 wp-block-columns-is-layout-flex\">\n<div class=\"wp-block-column is-layout-flow wp-block-column-is-layout-flow\" style=\"flex-basis:33.33%\">\n<figure class=\"wp-block-image aligncenter size-medium\"><img decoding=\"async\" width=\"300\" height=\"300\" src=\"https:\/\/obera.fr\/wp-content\/uploads\/2020\/08\/AFS-installation-centralisee-brouillards-huiles-300x300.png\" alt=\"Afs Instala\u00e7\u00e3o Centralizada Brouillards Huiles\" class=\"wp-image-643\" srcset=\"https:\/\/obera.fr\/wp-content\/uploads\/2020\/08\/AFS-installation-centralisee-brouillards-huiles-300x300.png 300w, https:\/\/obera.fr\/wp-content\/uploads\/2020\/08\/AFS-installation-centralisee-brouillards-huiles-150x150.png 150w, https:\/\/obera.fr\/wp-content\/uploads\/2020\/08\/AFS-installation-centralisee-brouillards-huiles.png 433w\" sizes=\"(max-width: 300px) 100vw, 300px\" \/><\/figure>\n<\/div>\n\n\n\n<div class=\"wp-block-column is-layout-flow wp-block-column-is-layout-flow\" style=\"flex-basis:66.66%\">\n<p><strong>A tecnologia AFS<\/strong> \u00e9 composta por 5 fases de tratamento: filtros de malha met\u00e1lica, feltros de poli\u00e9ster e o separador AFS-Longlife, que constitui o cora\u00e7\u00e3o do tratamento.<\/p>\n\n\n\n<p>&gt;Os aparelhos est\u00e3o equipados com uma <strong>filtragem terminal absoluta do tipo HEPA H13<\/strong> (efici\u00eancia normalizada garantida de 99,95% sobre as part\u00edculas de 0,3\u00b5m). Dada a efici\u00eancia muito elevada da filtragem principal, os filtros absolutos t\u00eam uma vida \u00fatil muito longa, mesmo para um funcionamento cont\u00ednuo de 3 esta\u00e7\u00f5es. <\/p>\n\n\n\n<p>S\u00e3o poss\u00edveis diferentes configura\u00e7\u00f5es: reciclagem e reintrodu\u00e7\u00e3o do ar filtrado no edif\u00edcio ou evacua\u00e7\u00e3o do ar filtrado e introdu\u00e7\u00e3o de ar fresco com recupera\u00e7\u00e3o das calorias atrav\u00e9s de um permutador de calor. <strong>As solu\u00e7\u00f5es de extra\u00e7\u00e3o AFS<\/strong> (reciclagem ou permutadores de calor) permitem a reutiliza\u00e7\u00e3o m\u00e1xima do calor contido nos fluxos de ar extra\u00eddo. <\/p>\n\n\n\n<hr class=\"wp-block-separator has-text-color has-black-color has-css-opacity has-black-background-color has-background is-style-dots\"\/>\n\n\n\n<div class=\"wp-block-columns is-layout-flex wp-container-core-columns-is-layout-28f84493 wp-block-columns-is-layout-flex\">\n<div class=\"wp-block-column is-layout-flow wp-block-column-is-layout-flow\" style=\"flex-basis:33.33%\">\n<div class=\"wp-block-buttons is-layout-flex wp-block-buttons-is-layout-flex\">\n<div class=\"wp-block-button\"><a class=\"wp-block-button__link wp-element-button\" href=\"https:\/\/obera.fr\/wp-content\/uploads\/2025\/06\/brochure-afs-en.pdf\">DESCARREGA A BROCHURA<\/a><\/div>\n<\/div>\n<\/div>\n\n\n\n<div class=\"wp-block-column is-layout-flow wp-block-column-is-layout-flow\" style=\"flex-basis:33.34%\">\n<div class=\"wp-block-buttons is-horizontal is-content-justification-center is-layout-flex wp-container-core-buttons-is-layout-03627597 wp-block-buttons-is-layout-flex\">\n<div class=\"wp-block-button has-custom-width wp-block-button__width-100\"><a class=\"wp-block-button__link wp-element-button\" href=\"https:\/\/obera.fr\/pt-pt\/contacta-nos\/\">Saber mais<\/a><\/div>\n<\/div>\n<\/div>\n\n\n\n<div class=\"wp-block-column is-layout-flow wp-block-column-is-layout-flow\" style=\"flex-basis:33.34%\">\n<div class=\"wp-block-buttons is-content-justification-center is-layout-flex wp-container-core-buttons-is-layout-a89b3969 wp-block-buttons-is-layout-flex\">\n<div class=\"wp-block-button btn-devis-source\"><a class=\"wp-block-button__link wp-element-button\" href=\"https:\/\/obera.fr\/pt-pt\/devis\/\">Solicita um or\u00e7amento<\/a><\/div>\n<\/div>\n\n\n<script>\r\ndocument.addEventListener('DOMContentLoaded', function() {\r\n    \/\/ 1. On cherche le titre H1 de la page\r\n    var h1 = document.querySelector('h1');\r\n    var productTitle = h1 ? h1.innerText.trim() : \"\";\r\n\r\n    \/\/ 2. On cherche les boutons via la classe CSS .btn-devis-source\r\n    var buttons = document.querySelectorAll('.btn-devis-source a');\r\n\r\n    \/\/ 3. Si on a le titre et les boutons, on ajoute le param\u00e8tre\r\n    if (buttons.length > 0 && productTitle !== \"\") {\r\n        var encodedTitle = encodeURIComponent(productTitle);\r\n\r\n        buttons.forEach(function(btn) {\r\n            var currentHref = btn.getAttribute('href');\r\n            \r\n            \/\/ S\u00e9curit\u00e9 pour ne pas ajouter le param\u00e8tre 2 fois\r\n            if (currentHref.indexOf('sujet=') === -1) {\r\n                var separator = currentHref.indexOf('?') !== -1 ? '&' : '?';\r\n                var newLink = currentHref + separator + 'sujet=' + encodedTitle;\r\n                \r\n                btn.setAttribute('href', newLink);\r\n            }\r\n        });\r\n    }\r\n});\r\n<\/script><\/div>\n<\/div>\n\n\n\n<p><\/p>\n<\/div>\n<\/div>\n\n\n\n<h2 class=\"wp-block-heading\">As vantagens do AFS<\/h2>\n\n\n\n<div class=\"wp-block-columns is-layout-flex wp-container-core-columns-is-layout-28f84493 wp-block-columns-is-layout-flex\">\n<div class=\"wp-block-column is-layout-flow wp-block-column-is-layout-flow\">\n<h3 class=\"wp-block-heading has-text-align-center\"><strong>Benef\u00edcios<\/strong><\/h3>\n\n\n\n<ul class=\"wp-block-list\">\n<li>F\u00e1cil de ligar \u00e0 m\u00e1quina de produ\u00e7\u00e3o<\/li>\n\n\n\n<li>Na m\u00e1quina ou centralizado<\/li>\n\n\n\n<li>Sistema compacto<\/li>\n\n\n\n<li>5 fases de filtragem para um tratamento de ar eficaz<\/li>\n\n\n\n<li>Substitui\u00e7\u00e3o e manuten\u00e7\u00e3o do filtro sem ferramentas<\/li>\n<\/ul>\n<\/div>\n\n\n\n<div class=\"wp-block-column is-layout-flow wp-block-column-is-layout-flow\">\n<h3 class=\"wp-block-heading has-text-align-center\"><strong>Carater\u00edsticas especiais<\/strong><\/h3>\n\n\n\n<ul class=\"wp-block-list\">\n<li>Sistema patenteado de substitui\u00e7\u00e3o do filtro sem ferramentas<\/li>\n\n\n\n<li>Limpa o aparelho manualmente<\/li>\n\n\n\n<li>Filtragem mec\u00e2nica<\/li>\n<\/ul>\n<\/div>\n\n\n\n<div class=\"wp-block-column is-layout-flow wp-block-column-is-layout-flow\">\n<h3 class=\"wp-block-heading has-text-align-center\"><strong>Carater\u00edsticas<\/strong><\/h3>\n\n\n\n<ul class=\"wp-block-list\">\n<li>Extra\u00e7\u00e3o de n\u00e9voas e emuls\u00f5es de \u00f3leo, fumos e aeross\u00f3is<\/li>\n\n\n\n<li>Pode ser instalado diretamente num centro de maquina\u00e7\u00e3o NC ou de forma centralizada<\/li>\n<\/ul>\n<\/div>\n<\/div>\n\n\n\n<h2 class=\"wp-block-heading\">Aplica\u00e7\u00f5es<\/h2>\n\n\n\n<div class=\"wp-block-columns is-layout-flex wp-container-core-columns-is-layout-28f84493 wp-block-columns-is-layout-flex\">\n<div class=\"wp-block-column is-layout-flow wp-block-column-is-layout-flow\">\n<h3 class=\"wp-block-heading has-text-align-center\">Poluentes<\/h3>\n\n\n\n<hr class=\"wp-block-separator has-css-opacity is-style-wide\"\/>\n\n\n\n<div class=\"wp-block-columns is-layout-flex wp-container-core-columns-is-layout-28f84493 wp-block-columns-is-layout-flex\">\n<div class=\"wp-block-column is-layout-flow wp-block-column-is-layout-flow\">\n<figure class=\"wp-block-image aligncenter size-large\"><img decoding=\"async\" width=\"70\" height=\"70\" src=\"https:\/\/obera.fr\/wp-content\/uploads\/2020\/08\/industrie-brouillard-huile.jpg\" alt=\"\u00d3leo de nevoeiro da ind\u00fastria\" class=\"wp-image-721\"\/><figcaption class=\"wp-element-caption\">N\u00e9voa de \u00f3leo<\/figcaption><\/figure>\n<\/div>\n\n\n\n<div class=\"wp-block-column is-layout-flow wp-block-column-is-layout-flow\">\n<figure class=\"wp-block-image aligncenter size-large\"><img decoding=\"async\" width=\"70\" height=\"70\" src=\"https:\/\/obera.fr\/wp-content\/uploads\/2020\/08\/industrie-fumees.jpg\" alt=\"Fumo da ind\u00fastria\" class=\"wp-image-722\"\/><figcaption class=\"wp-element-caption\">Fumos<\/figcaption><\/figure>\n\n\n\n<figure class=\"wp-block-image aligncenter size-large\"><img decoding=\"async\" width=\"70\" height=\"70\" src=\"https:\/\/obera.fr\/wp-content\/uploads\/2020\/09\/cov.png\" alt=\"Cov\" class=\"wp-image-959\"\/><figcaption class=\"wp-element-caption\">VOCS<\/figcaption><\/figure>\n<\/div>\n<\/div>\n<\/div>\n\n\n\n<div class=\"wp-block-column is-layout-flow wp-block-column-is-layout-flow\">\n<h3 class=\"wp-block-heading has-text-align-center\">Ind\u00fastrias<\/h3>\n\n\n\n<hr class=\"wp-block-separator has-css-opacity is-style-wide\"\/>\n\n\n\n<div class=\"wp-block-columns is-layout-flex wp-container-core-columns-is-layout-28f84493 wp-block-columns-is-layout-flex\">\n<div class=\"wp-block-column is-layout-flow wp-block-column-is-layout-flow\">\n<figure class=\"wp-block-image aligncenter size-large\"><img decoding=\"async\" width=\"70\" height=\"70\" src=\"https:\/\/obera.fr\/wp-content\/uploads\/2020\/08\/industrie-metallurgie.jpg\" alt=\"Ind\u00fastria metal\u00fargica\" class=\"wp-image-673\"\/><figcaption class=\"wp-element-caption\">Metalurgia<\/figcaption><\/figure>\n<\/div>\n\n\n\n<div class=\"wp-block-column is-layout-flow wp-block-column-is-layout-flow\"><\/div>\n<\/div>\n<\/div>\n<\/div>\n\n\n\n<div class=\"wp-block-buttons is-content-justification-center is-layout-flex wp-container-core-buttons-is-layout-a89b3969 wp-block-buttons-is-layout-flex\">\n<div class=\"wp-block-button is-style-outline is-style-outline--1\"><a class=\"wp-block-button__link wp-element-button\" href=\"https:\/\/obera.fr\/wp-content\/uploads\/2024\/02\/brochure-afs.pdf\">Descarrega a ficha de produto<\/a><\/div>\n<\/div>\n\n\n\n<hr class=\"wp-block-separator has-css-opacity is-style-dots\"\/>\n\n\n\n<h2 class=\"wp-block-heading\">Outros filtros de n\u00e9voa de \u00f3leo da marca OberA<\/h2>\n\n\n\n<div class=\"wp-block-columns is-layout-flex wp-container-core-columns-is-layout-28f84493 wp-block-columns-is-layout-flex\">\n<div class=\"wp-block-column is-layout-flow wp-block-column-is-layout-flow\">\n<figure class=\"wp-block-image aligncenter size-medium\"><a href=\"https:\/\/obera.fr\/produits\/filtres-brouillard-huile\/oilmac\/\"><img decoding=\"async\" width=\"300\" height=\"300\" src=\"https:\/\/obera.fr\/wp-content\/uploads\/2020\/08\/filtre-compact-OILMAC-300x300.png\" alt=\"Filtro compacto OILMAC\" class=\"wp-image-641\" srcset=\"https:\/\/obera.fr\/wp-content\/uploads\/2020\/08\/filtre-compact-OILMAC-300x300.png 300w, https:\/\/obera.fr\/wp-content\/uploads\/2020\/08\/filtre-compact-OILMAC-150x150.png 150w, https:\/\/obera.fr\/wp-content\/uploads\/2020\/08\/filtre-compact-OILMAC.png 600w\" sizes=\"(max-width: 300px) 100vw, 300px\" \/><\/a><figcaption class=\"wp-element-caption\">OILMAC<\/figcaption><\/figure>\n<\/div>\n\n\n\n<div class=\"wp-block-column is-layout-flow wp-block-column-is-layout-flow\"><\/div>\n<\/div>\n\n\n\n<p><\/p>\n","protected":false},"excerpt":{"rendered":"<p>Os filtros de n\u00e9voa de \u00f3leo AFS s\u00e3o a solu\u00e7\u00e3o \u00e0 medida para equipar diretamente as suas m\u00e1quinas de usinagem ou para as aspirar centralmente. A gama AFS abrange caudais de aspira\u00e7\u00e3o de 400 a 16.000 m\u00b3\/h. Instala\u00e7\u00f5es centralizadas para n\u00e9voas, fumos e aeross\u00f3is de \u00f3leos e emuls\u00f5es A tecnologia AFS \u00e9 composta por 5 fases de tratamento: filtros de malha met\u00e1lica, feltros de poli\u00e9ster e o separador AFS-Longlife, que constitui o cora\u00e7\u00e3o do tratamento. &gt;Os aparelhos est\u00e3o equipados com uma filtragem terminal absoluta do tipo HEPA H13 (efici\u00eancia normalizada garantida de 99,95% sobre as part\u00edculas de 0,3\u00b5m). Dada a &#8230; <\/p>\n<p class=\"read-more-container\"><a title=\"Filtro de n\u00e9voa de \u00f3leo AFS\" class=\"read-more button\" href=\"https:\/\/obera.fr\/pt-pt\/produits\/filtres-brouillard-huile\/afs\/#more-48606\" aria-label=\"Leia mais sobre Filtro de n\u00e9voa de \u00f3leo AFS\">Lire la suite<\/a><\/p>\n","protected":false},"author":4,"featured_media":83747,"parent":48647,"menu_order":0,"comment_status":"closed","ping_status":"closed","template":"","meta":{"_acf_changed":false,"_seopress_robots_primary_cat":"","_seopress_titles_title":"Sistemas de n\u00e9voa de \u00f3leo centralizados AFS","_seopress_titles_desc":"Os filtros de n\u00e9voa de \u00f3leo AFS s\u00e3o a solu\u00e7\u00e3o \u00e0 medida para equipar diretamente as suas m\u00e1quinas de usinagem ou para as aspirar centralmente.","_seopress_robots_index":"","_seopress_analysis_target_kw":"","footnotes":""},"class_list":{"0":"post-48606","1":"page","2":"type-page","3":"status-publish","4":"has-post-thumbnail","6":"no-featured-image-padding","7":"resize-featured-image"},"acf":[],"_links":{"self":[{"href":"https:\/\/obera.fr\/pt-pt\/wp-json\/wp\/v2\/pages\/48606","targetHints":{"allow":["GET"]}}],"collection":[{"href":"https:\/\/obera.fr\/pt-pt\/wp-json\/wp\/v2\/pages"}],"about":[{"href":"https:\/\/obera.fr\/pt-pt\/wp-json\/wp\/v2\/types\/page"}],"author":[{"embeddable":true,"href":"https:\/\/obera.fr\/pt-pt\/wp-json\/wp\/v2\/users\/4"}],"replies":[{"embeddable":true,"href":"https:\/\/obera.fr\/pt-pt\/wp-json\/wp\/v2\/comments?post=48606"}],"version-history":[{"count":9,"href":"https:\/\/obera.fr\/pt-pt\/wp-json\/wp\/v2\/pages\/48606\/revisions"}],"predecessor-version":[{"id":107906,"href":"https:\/\/obera.fr\/pt-pt\/wp-json\/wp\/v2\/pages\/48606\/revisions\/107906"}],"up":[{"embeddable":true,"href":"https:\/\/obera.fr\/pt-pt\/wp-json\/wp\/v2\/pages\/48647"}],"wp:featuredmedia":[{"embeddable":true,"href":"https:\/\/obera.fr\/pt-pt\/wp-json\/wp\/v2\/media\/83747"}],"wp:attachment":[{"href":"https:\/\/obera.fr\/pt-pt\/wp-json\/wp\/v2\/media?parent=48606"}],"curies":[{"name":"wp","href":"https:\/\/api.w.org\/{rel}","templated":true}]}}