{"id":48689,"date":"2020-08-26T13:05:50","date_gmt":"2020-08-26T11:05:50","guid":{"rendered":"https:\/\/obera.fr\/os-nossos-produtos\/filtros-de-nevoa-de-oleo\/filtro-de-nevoa-de-oleo-oilmac\/"},"modified":"2025-06-03T12:56:25","modified_gmt":"2025-06-03T10:56:25","slug":"oilmac","status":"publish","type":"page","link":"https:\/\/obera.fr\/pt-pt\/produits\/filtres-brouillard-huile\/oilmac\/","title":{"rendered":"Filtro de n\u00e9voa de \u00f3leo OILMAC"},"content":{"rendered":"\n<div class=\"wp-block-columns is-layout-flex wp-container-core-columns-is-layout-28f84493 wp-block-columns-is-layout-flex\">\n<div class=\"wp-block-column is-layout-flow wp-block-column-is-layout-flow\" style=\"flex-basis:33.33%\">\n<figure class=\"wp-block-image aligncenter size-large\"><img decoding=\"async\" width=\"1024\" height=\"768\" src=\"https:\/\/obera.fr\/wp-content\/uploads\/2020\/11\/OILMAC-series-1024x768.jpg\" alt=\"S\u00e9rie Oilmac\" class=\"wp-image-2031\" srcset=\"https:\/\/obera.fr\/wp-content\/uploads\/2020\/11\/OILMAC-series-1024x768.jpg 1024w, https:\/\/obera.fr\/wp-content\/uploads\/2020\/11\/OILMAC-series-300x225.jpg 300w, https:\/\/obera.fr\/wp-content\/uploads\/2020\/11\/OILMAC-series-768x576.jpg 768w, https:\/\/obera.fr\/wp-content\/uploads\/2020\/11\/OILMAC-series.jpg 1280w\" sizes=\"(max-width: 1024px) 100vw, 1024px\" \/><figcaption class=\"wp-element-caption\">S\u00e9rie OILMAC<\/figcaption><\/figure>\n<\/div>\n\n\n\n<div class=\"wp-block-column is-layout-flow wp-block-column-is-layout-flow\" style=\"flex-basis:66.66%\">\n<p>O <strong>OILMAC<\/strong> \u00e9 normalmente instalado diretamente na m\u00e1quina de produ\u00e7\u00e3o e ligado atrav\u00e9s de uma bainha flex\u00edvel.<\/p>\n\n\n\n<p>Este dispositivo disp\u00f5e de <strong>4 est\u00e1gios de filtragem<\/strong> para purificar o ar carregado de n\u00e9voa de \u00f3leo e fumos produzidos durante o processo de maquina\u00e7\u00e3o. As part\u00edculas filtradas podem ser reintroduzidas diretamente na m\u00e1quina de produ\u00e7\u00e3o. <\/p>\n\n\n\n<p>Gra\u00e7as \u00e0 filtragem ultra-eficiente de mais de 99,95% com um filtro terminal HEPA 13, o ar tratado pode ser reintroduzido diretamente no espa\u00e7o de trabalho.<\/p>\n\n\n\n<hr class=\"wp-block-separator has-text-color has-black-color has-css-opacity has-black-background-color has-background is-style-dots\"\/>\n\n\n\n<div class=\"wp-block-columns is-layout-flex wp-container-core-columns-is-layout-28f84493 wp-block-columns-is-layout-flex\">\n<div class=\"wp-block-column is-layout-flow wp-block-column-is-layout-flow\" style=\"flex-basis:33.33%\">\n<div class=\"wp-block-buttons is-layout-flex wp-block-buttons-is-layout-flex\">\n<div class=\"wp-block-button\"><a class=\"wp-block-button__link wp-element-button\" href=\"https:\/\/obera.fr\/wp-content\/uploads\/2025\/06\/brochure-oilmac-en.pdf\">DESCARREGA A BROCHURA<\/a><\/div>\n<\/div>\n<\/div>\n\n\n\n<div class=\"wp-block-column is-layout-flow wp-block-column-is-layout-flow\" style=\"flex-basis:33.34%\">\n<div class=\"wp-block-buttons is-horizontal is-content-justification-center is-layout-flex wp-container-core-buttons-is-layout-03627597 wp-block-buttons-is-layout-flex\">\n<div class=\"wp-block-button has-custom-width wp-block-button__width-100\"><a class=\"wp-block-button__link wp-element-button\" href=\"https:\/\/obera.fr\/pt-pt\/contacta-nos\/\">Saber mais<\/a><\/div>\n<\/div>\n<\/div>\n\n\n\n<div class=\"wp-block-column is-layout-flow wp-block-column-is-layout-flow\" style=\"flex-basis:33.34%\">\n<div class=\"wp-block-buttons is-content-justification-center is-layout-flex wp-container-core-buttons-is-layout-a89b3969 wp-block-buttons-is-layout-flex\">\n<div class=\"wp-block-button btn-devis-source\"><a class=\"wp-block-button__link wp-element-button\" href=\"https:\/\/obera.fr\/pt-pt\/devis\/\">Solicita um or\u00e7amento<\/a><\/div>\n<\/div>\n\n\n<script>\r\ndocument.addEventListener('DOMContentLoaded', function() {\r\n    \/\/ 1. On cherche le titre H1 de la page\r\n    var h1 = document.querySelector('h1');\r\n    var productTitle = h1 ? h1.innerText.trim() : \"\";\r\n\r\n    \/\/ 2. On cherche les boutons via la classe CSS .btn-devis-source\r\n    var buttons = document.querySelectorAll('.btn-devis-source a');\r\n\r\n    \/\/ 3. Si on a le titre et les boutons, on ajoute le param\u00e8tre\r\n    if (buttons.length > 0 && productTitle !== \"\") {\r\n        var encodedTitle = encodeURIComponent(productTitle);\r\n\r\n        buttons.forEach(function(btn) {\r\n            var currentHref = btn.getAttribute('href');\r\n            \r\n            \/\/ S\u00e9curit\u00e9 pour ne pas ajouter le param\u00e8tre 2 fois\r\n            if (currentHref.indexOf('sujet=') === -1) {\r\n                var separator = currentHref.indexOf('?') !== -1 ? '&' : '?';\r\n                var newLink = currentHref + separator + 'sujet=' + encodedTitle;\r\n                \r\n                btn.setAttribute('href', newLink);\r\n            }\r\n        });\r\n    }\r\n});\r\n<\/script><\/div>\n<\/div>\n\n\n\n<p><\/p>\n<\/div>\n<\/div>\n\n\n\n<figure class=\"wp-block-gallery has-nested-images columns-default is-cropped wp-block-gallery-1 is-layout-flex wp-block-gallery-is-layout-flex\">\n<figure class=\"wp-block-image size-large\"><img decoding=\"async\" width=\"1024\" height=\"768\" data-id=\"2030\" src=\"https:\/\/obera.fr\/wp-content\/uploads\/2020\/11\/OILMAC-ouvert-4-1024x768.jpg\" alt=\"Oilmac Open 4\" class=\"wp-image-2030\" srcset=\"https:\/\/obera.fr\/wp-content\/uploads\/2020\/11\/OILMAC-ouvert-4-1024x768.jpg 1024w, https:\/\/obera.fr\/wp-content\/uploads\/2020\/11\/OILMAC-ouvert-4-300x225.jpg 300w, https:\/\/obera.fr\/wp-content\/uploads\/2020\/11\/OILMAC-ouvert-4-768x576.jpg 768w, https:\/\/obera.fr\/wp-content\/uploads\/2020\/11\/OILMAC-ouvert-4.jpg 1280w\" sizes=\"(max-width: 1024px) 100vw, 1024px\" \/><figcaption class=\"wp-element-caption\">OILMAC aberto<\/figcaption><\/figure>\n\n\n\n<figure class=\"wp-block-image size-large\"><img decoding=\"async\" width=\"1024\" height=\"768\" data-id=\"2029\" src=\"https:\/\/obera.fr\/wp-content\/uploads\/2020\/11\/OILMAC-ouvert-3-1024x768.jpg\" alt=\"Oilmac Open 3\" class=\"wp-image-2029\" srcset=\"https:\/\/obera.fr\/wp-content\/uploads\/2020\/11\/OILMAC-ouvert-3-1024x768.jpg 1024w, https:\/\/obera.fr\/wp-content\/uploads\/2020\/11\/OILMAC-ouvert-3-300x225.jpg 300w, https:\/\/obera.fr\/wp-content\/uploads\/2020\/11\/OILMAC-ouvert-3-768x576.jpg 768w, https:\/\/obera.fr\/wp-content\/uploads\/2020\/11\/OILMAC-ouvert-3.jpg 1280w\" sizes=\"(max-width: 1024px) 100vw, 1024px\" \/><figcaption class=\"wp-element-caption\">OILMAC aberto<\/figcaption><\/figure>\n\n\n\n<figure class=\"wp-block-image size-large\"><img decoding=\"async\" width=\"1024\" height=\"768\" data-id=\"2028\" src=\"https:\/\/obera.fr\/wp-content\/uploads\/2020\/11\/OILMAC-ouvert-2-1024x768.jpg\" alt=\"Oilmac Ouvert 2\" class=\"wp-image-2028\" srcset=\"https:\/\/obera.fr\/wp-content\/uploads\/2020\/11\/OILMAC-ouvert-2-1024x768.jpg 1024w, https:\/\/obera.fr\/wp-content\/uploads\/2020\/11\/OILMAC-ouvert-2-300x225.jpg 300w, https:\/\/obera.fr\/wp-content\/uploads\/2020\/11\/OILMAC-ouvert-2-768x576.jpg 768w, https:\/\/obera.fr\/wp-content\/uploads\/2020\/11\/OILMAC-ouvert-2.jpg 1280w\" sizes=\"(max-width: 1024px) 100vw, 1024px\" \/><figcaption class=\"wp-element-caption\">OILMAC aberto<\/figcaption><\/figure>\n<\/figure>\n\n\n\n<h2 class=\"wp-block-heading\">As vantagens do filtro para n\u00e9voas de \u00f3leo, emuls\u00f5es, fumos e aeross\u00f3is<\/h2>\n\n\n\n<div class=\"wp-block-columns is-layout-flex wp-container-core-columns-is-layout-28f84493 wp-block-columns-is-layout-flex\">\n<div class=\"wp-block-column is-layout-flow wp-block-column-is-layout-flow\">\n<h3 class=\"wp-block-heading has-text-align-center\"><strong>Benef\u00edcios<\/strong><\/h3>\n\n\n\n<ul class=\"wp-block-list\">\n<li>F\u00e1cil de ligar \u00e0 m\u00e1quina de produ\u00e7\u00e3o<\/li>\n\n\n\n<li>Dispon\u00edvel em 4 n\u00edveis de pot\u00eancia de 420 a 3300 m3\/h<\/li>\n\n\n\n<li>Sistema compacto<\/li>\n\n\n\n<li>4 fases de filtragem para um tratamento de ar eficiente<\/li>\n\n\n\n<li>Substitui\u00e7\u00e3o e manuten\u00e7\u00e3o do filtro sem ferramentas<\/li>\n<\/ul>\n<\/div>\n\n\n\n<div class=\"wp-block-column is-layout-flow wp-block-column-is-layout-flow\">\n<h3 class=\"wp-block-heading has-text-align-center\"><strong>Carater\u00edsticas especiais<\/strong><\/h3>\n\n\n\n<ul class=\"wp-block-list\">\n<li>Sistema patenteado de substitui\u00e7\u00e3o do filtro sem ferramentas<\/li>\n\n\n\n<li>Limpa o aparelho manualmente<\/li>\n\n\n\n<li>Filtragem mec\u00e2nica<\/li>\n\n\n\n<li>Tamb\u00e9m pode ser utilizado como unidade de filtragem estacion\u00e1ria<\/li>\n<\/ul>\n<\/div>\n\n\n\n<div class=\"wp-block-column is-layout-flow wp-block-column-is-layout-flow\">\n<h3 class=\"wp-block-heading has-text-align-center\"><strong>Carater\u00edsticas<\/strong><\/h3>\n\n\n\n<ul class=\"wp-block-list\">\n<li>Extra\u00e7\u00e3o de n\u00e9voas e emuls\u00f5es de \u00f3leo, fumos e aeross\u00f3is<\/li>\n\n\n\n<li>Instala\u00e7\u00e3o diretamente num centro de maquina\u00e7\u00e3o NC<\/li>\n<\/ul>\n<\/div>\n<\/div>\n\n\n\n<h2 class=\"wp-block-heading\">Aplica\u00e7\u00f5es<\/h2>\n\n\n\n<div class=\"wp-block-columns is-layout-flex wp-container-core-columns-is-layout-28f84493 wp-block-columns-is-layout-flex\">\n<div class=\"wp-block-column is-layout-flow wp-block-column-is-layout-flow\">\n<h3 class=\"wp-block-heading has-text-align-center\">Poluentes<\/h3>\n\n\n\n<hr class=\"wp-block-separator has-css-opacity is-style-wide\"\/>\n\n\n\n<div class=\"wp-block-columns is-layout-flex wp-container-core-columns-is-layout-28f84493 wp-block-columns-is-layout-flex\">\n<div class=\"wp-block-column is-layout-flow wp-block-column-is-layout-flow\">\n<figure class=\"wp-block-image aligncenter size-large\"><img decoding=\"async\" width=\"70\" height=\"70\" src=\"https:\/\/obera.fr\/wp-content\/uploads\/2020\/08\/industrie-brouillard-huile.jpg\" alt=\"\u00d3leo de nevoeiro da ind\u00fastria\" class=\"wp-image-721\"\/><figcaption class=\"wp-element-caption\">N\u00e9voa de \u00f3leo<\/figcaption><\/figure>\n<\/div>\n\n\n\n<div class=\"wp-block-column is-layout-flow wp-block-column-is-layout-flow\">\n<figure class=\"wp-block-image aligncenter size-large\"><img decoding=\"async\" width=\"70\" height=\"70\" src=\"https:\/\/obera.fr\/wp-content\/uploads\/2020\/08\/industrie-fumees.jpg\" alt=\"Fumo da ind\u00fastria\" class=\"wp-image-722\"\/><figcaption class=\"wp-element-caption\">Fumos<\/figcaption><\/figure>\n\n\n\n<figure class=\"wp-block-image aligncenter size-large\"><img decoding=\"async\" width=\"70\" height=\"70\" src=\"https:\/\/obera.fr\/wp-content\/uploads\/2020\/09\/cov.png\" alt=\"Cov\" class=\"wp-image-959\"\/><figcaption class=\"wp-element-caption\">VOCS<\/figcaption><\/figure>\n<\/div>\n<\/div>\n<\/div>\n\n\n\n<div class=\"wp-block-column is-layout-flow wp-block-column-is-layout-flow\">\n<h3 class=\"wp-block-heading has-text-align-center\">Ind\u00fastrias<\/h3>\n\n\n\n<hr class=\"wp-block-separator has-css-opacity is-style-wide\"\/>\n\n\n\n<div class=\"wp-block-columns is-layout-flex wp-container-core-columns-is-layout-28f84493 wp-block-columns-is-layout-flex\">\n<div class=\"wp-block-column is-layout-flow wp-block-column-is-layout-flow\">\n<figure class=\"wp-block-image aligncenter size-large\"><img decoding=\"async\" width=\"70\" height=\"70\" src=\"https:\/\/obera.fr\/wp-content\/uploads\/2020\/08\/industrie-metallurgie.jpg\" alt=\"Ind\u00fastria metal\u00fargica\" class=\"wp-image-673\"\/><figcaption class=\"wp-element-caption\">Metalurgia<\/figcaption><\/figure>\n<\/div>\n\n\n\n<div class=\"wp-block-column is-layout-flow wp-block-column-is-layout-flow\"><\/div>\n<\/div>\n<\/div>\n<\/div>\n\n\n\n<div class=\"wp-block-buttons is-horizontal is-content-justification-center is-layout-flex wp-container-core-buttons-is-layout-03627597 wp-block-buttons-is-layout-flex\">\n<div class=\"wp-block-button has-custom-width wp-block-button__width-100\"><a class=\"wp-block-button__link wp-element-button\" href=\"https:\/\/obera.fr\/pt-pt\/contacta-nos\/\">Saber mais<\/a><\/div>\n<\/div>\n\n\n\n<h2 class=\"wp-block-heading\">Especifica\u00e7\u00f5es t\u00e9cnicas<\/h2>\n\n\n\n<figure class=\"wp-block-table\"><table class=\"has-fixed-layout\"><thead><tr><th>Dispositivo<\/th><th><\/th><th>OILMAC 400<\/th><th>OILMAC 800<\/th><th>OILMAC 1600<\/th><th>OILMAC 3000<\/th><\/tr><\/thead><tbody><tr><td>Fluxo<\/td><td>m3\/h<\/td><td>420<\/td><td>840<\/td><td>1 800<\/td><td>3 300<\/td><\/tr><tr><td>Di\u00e2metro de entrada<\/td><td>mm<\/td><td>150<\/td><td>200<\/td><td>250<\/td><td>300<\/td><\/tr><tr><td>Tens\u00e3o de alimenta\u00e7\u00e3o<\/td><td>V<\/td><td>230<\/td><td>400<\/td><td>400<\/td><td>400<\/td><\/tr><tr><td>Pot\u00eancia<\/td><td>kW<\/td><td>0.24<\/td><td>0.55<\/td><td>1.1<\/td><td>2.2<\/td><\/tr><tr><td>Dimens\u00f5es<\/td><td>l\/L\/h (mm)<\/td><td>640x650x510<\/td><td>1140x685x475<\/td><td>1270x685x805<\/td><td>1790x650x1265<\/td><\/tr><tr><td>Peso<\/td><td>kg<\/td><td>50<\/td><td>80<\/td><td>130<\/td><td>220<\/td><\/tr><tr><td>N\u00edvel de ru\u00eddo<\/td><td>dB(A)<\/td><td>66<\/td><td>69<\/td><td>71<\/td><td>74<\/td><\/tr><\/tbody><\/table><\/figure>\n\n\n\n<div class=\"wp-block-buttons is-content-justification-center is-layout-flex wp-container-core-buttons-is-layout-a89b3969 wp-block-buttons-is-layout-flex\">\n<div class=\"wp-block-button is-style-outline is-style-outline--2\"><a class=\"wp-block-button__link wp-element-button\" href=\"https:\/\/obera.fr\/wp-content\/uploads\/2024\/02\/brochure-oilmac.pdf\">Descarrega a ficha de produto<\/a><\/div>\n<\/div>\n\n\n\n<hr class=\"wp-block-separator has-css-opacity is-style-dots\"\/>\n\n\n\n<h2 class=\"wp-block-heading\">Outros filtros de n\u00e9voa de \u00f3leo da marca OberA<\/h2>\n\n\n\n<div class=\"wp-block-columns is-layout-flex wp-container-core-columns-is-layout-28f84493 wp-block-columns-is-layout-flex\">\n<div class=\"wp-block-column is-layout-flow wp-block-column-is-layout-flow\">\n<figure class=\"wp-block-image aligncenter size-medium\"><a href=\"https:\/\/obera.fr\/produits\/filtres-brouillard-huile\/afs\/\"><img decoding=\"async\" width=\"300\" height=\"300\" src=\"https:\/\/obera.fr\/wp-content\/uploads\/2020\/08\/AFS-installation-centralisee-brouillards-huiles-300x300.png\" alt=\"Afs Instala\u00e7\u00e3o Centralizada Brouillards Huiles\" class=\"wp-image-643\" srcset=\"https:\/\/obera.fr\/wp-content\/uploads\/2020\/08\/AFS-installation-centralisee-brouillards-huiles-300x300.png 300w, https:\/\/obera.fr\/wp-content\/uploads\/2020\/08\/AFS-installation-centralisee-brouillards-huiles-150x150.png 150w, https:\/\/obera.fr\/wp-content\/uploads\/2020\/08\/AFS-installation-centralisee-brouillards-huiles.png 433w\" sizes=\"(max-width: 300px) 100vw, 300px\" \/><\/a><figcaption class=\"wp-element-caption\">AFS<\/figcaption><\/figure>\n<\/div>\n\n\n\n<div class=\"wp-block-column is-layout-flow wp-block-column-is-layout-flow\"><\/div>\n<\/div>\n\n\n\n<p><\/p>\n","protected":false},"excerpt":{"rendered":"<p>O OILMAC \u00e9 normalmente instalado diretamente na m\u00e1quina de produ\u00e7\u00e3o e ligado atrav\u00e9s de uma bainha flex\u00edvel. Este dispositivo disp\u00f5e de 4 est\u00e1gios de filtragem para purificar o ar carregado de n\u00e9voa de \u00f3leo e fumos produzidos durante o processo de maquina\u00e7\u00e3o. As part\u00edculas filtradas podem ser reintroduzidas diretamente na m\u00e1quina de produ\u00e7\u00e3o. Gra\u00e7as \u00e0 filtragem ultra-eficiente de mais de 99,95% com um filtro terminal HEPA 13, o ar tratado pode ser reintroduzido diretamente no espa\u00e7o de trabalho. As vantagens do filtro para n\u00e9voas de \u00f3leo, emuls\u00f5es, fumos e aeross\u00f3is Benef\u00edcios Carater\u00edsticas especiais Carater\u00edsticas Aplica\u00e7\u00f5es Poluentes Ind\u00fastrias Especifica\u00e7\u00f5es t\u00e9cnicas Dispositivo &#8230; <\/p>\n<p class=\"read-more-container\"><a title=\"Filtro de n\u00e9voa de \u00f3leo OILMAC\" class=\"read-more button\" href=\"https:\/\/obera.fr\/pt-pt\/produits\/filtres-brouillard-huile\/oilmac\/#more-48689\" aria-label=\"Leia mais sobre Filtro de n\u00e9voa de \u00f3leo OILMAC\">Lire la suite<\/a><\/p>\n","protected":false},"author":4,"featured_media":83747,"parent":48647,"menu_order":0,"comment_status":"closed","ping_status":"closed","template":"","meta":{"_acf_changed":false,"_seopress_robots_primary_cat":"","_seopress_titles_title":"Filtro de n\u00e9voa de \u00f3leo OILMAC para fumos e aeross\u00f3is","_seopress_titles_desc":"OILMAC possui 4 est\u00e1gios de filtragem para purificar o ar carregado de n\u00e9voa de \u00f3leo e fumos produzidos durante o processo de maquina\u00e7\u00e3o.","_seopress_robots_index":"","footnotes":""},"class_list":{"0":"post-48689","1":"page","2":"type-page","3":"status-publish","4":"has-post-thumbnail","6":"no-featured-image-padding","7":"resize-featured-image"},"acf":[],"_links":{"self":[{"href":"https:\/\/obera.fr\/pt-pt\/wp-json\/wp\/v2\/pages\/48689","targetHints":{"allow":["GET"]}}],"collection":[{"href":"https:\/\/obera.fr\/pt-pt\/wp-json\/wp\/v2\/pages"}],"about":[{"href":"https:\/\/obera.fr\/pt-pt\/wp-json\/wp\/v2\/types\/page"}],"author":[{"embeddable":true,"href":"https:\/\/obera.fr\/pt-pt\/wp-json\/wp\/v2\/users\/4"}],"replies":[{"embeddable":true,"href":"https:\/\/obera.fr\/pt-pt\/wp-json\/wp\/v2\/comments?post=48689"}],"version-history":[{"count":6,"href":"https:\/\/obera.fr\/pt-pt\/wp-json\/wp\/v2\/pages\/48689\/revisions"}],"predecessor-version":[{"id":107779,"href":"https:\/\/obera.fr\/pt-pt\/wp-json\/wp\/v2\/pages\/48689\/revisions\/107779"}],"up":[{"embeddable":true,"href":"https:\/\/obera.fr\/pt-pt\/wp-json\/wp\/v2\/pages\/48647"}],"wp:featuredmedia":[{"embeddable":true,"href":"https:\/\/obera.fr\/pt-pt\/wp-json\/wp\/v2\/media\/83747"}],"wp:attachment":[{"href":"https:\/\/obera.fr\/pt-pt\/wp-json\/wp\/v2\/media?parent=48689"}],"curies":[{"name":"wp","href":"https:\/\/api.w.org\/{rel}","templated":true}]}}