{"id":48738,"date":"2020-08-26T12:33:34","date_gmt":"2020-08-26T10:33:34","guid":{"rendered":"https:\/\/obera.fr\/os-nossos-produtos\/tubagem-de-aspiracao-industrial\/"},"modified":"2025-04-22T09:39:00","modified_gmt":"2025-04-22T07:39:00","slug":"tuyauteries-industrielles","status":"publish","type":"page","link":"https:\/\/obera.fr\/pt-pt\/produits\/tuyauteries-industrielles\/","title":{"rendered":"Tubagem de aspira\u00e7\u00e3o industrial"},"content":{"rendered":"\n<p>A tubagem de extra\u00e7\u00e3o industrial \u00e9 um elemento crucial no tratamento do ar industrial, uma vez que \u00e9 utilizada para transportar v\u00e1rios poluentes, tais como fumos, poeiras, gases de escape, etc. No entanto, a escolha da tubagem correta \u00e9 essencial para garantir o melhor desempenho do sistema de extra\u00e7\u00e3o. <\/p>\n\n<p>Uma vasta gama de tubagens para transportar poeiras e poluentes.<\/p>\n\n<h2 class=\"wp-block-heading\">A nossa gama de tubos de aspira\u00e7\u00e3o<\/h2>\n\n<div class=\"wp-block-columns is-layout-flex wp-container-core-columns-is-layout-28f84493 wp-block-columns-is-layout-flex\">\n<div class=\"wp-block-column is-layout-flow wp-block-column-is-layout-flow\">\n<h3 class=\"wp-block-heading has-text-align-center\"><a href=\"https:\/\/obera.fr\/pt-pt\/produits\/tuyauteries-industrielles\/gaines-lisses-acier\/\"><br\/>Condutas de a\u00e7o lisas Rede de alta press\u00e3o<\/a><\/h3>\n\n\n\n<figure class=\"wp-block-image aligncenter size-medium is-resized\"><a href=\"https:\/\/obera.fr\/produits\/tuyauteries-industrielles\/gaines-lisses-acier\/\"><img decoding=\"async\" width=\"300\" height=\"300\" src=\"https:\/\/obera.fr\/wp-content\/uploads\/2020\/11\/Gaines-lisses-300x300.jpg\" alt=\"Bainhas lisas\" class=\"wp-image-1735\" style=\"width:225px;height:225px\" srcset=\"https:\/\/obera.fr\/wp-content\/uploads\/2020\/11\/Gaines-lisses-300x300.jpg 300w, https:\/\/obera.fr\/wp-content\/uploads\/2020\/11\/Gaines-lisses-150x150.jpg 150w, https:\/\/obera.fr\/wp-content\/uploads\/2020\/11\/Gaines-lisses.jpg 433w\" sizes=\"(max-width: 300px) 100vw, 300px\" \/><\/a><\/figure>\n<\/div>\n\n\n\n<div class=\"wp-block-column is-layout-flow wp-block-column-is-layout-flow\">\n<h3 class=\"wp-block-heading has-text-align-center\"><a href=\"https:\/\/obera.fr\/pt-pt\/produits\/tuyauteries-industrielles\/gaines-spiralees\/\">Condutas em espiral para fumos e vapores<\/a><\/h3>\n\n\n\n<figure class=\"wp-block-image aligncenter size-large is-resized\"><a href=\"https:\/\/obera.fr\/produits\/tuyauteries-industrielles\/gaines-spiralees\/\"><img decoding=\"async\" src=\"https:\/\/obera.fr\/wp-content\/uploads\/2024\/02\/sr.webp\" alt=\"Bainhas em espiral\" style=\"aspect-ratio:1;width:223px;height:auto\"\/><\/a><\/figure>\n<\/div>\n\n\n\n<div class=\"wp-block-column is-layout-flow wp-block-column-is-layout-flow\">\n<h3 class=\"wp-block-heading has-text-align-center\"><a href=\"https:\/\/obera.fr\/pt-pt\/produits\/tuyauteries-industrielles\/basse-moyenne-haute-pression\/\">Tubagem de recolha de poeiras de baixa, m\u00e9dia e alta press\u00e3o<\/a><\/h3>\n\n\n\n<figure class=\"wp-block-image aligncenter size-medium is-resized\"><a href=\"https:\/\/obera.fr\/produits\/tuyauteries-industrielles\/basse-moyenne-haute-pression\/\"><img decoding=\"async\" width=\"220\" height=\"300\" src=\"https:\/\/obera.fr\/wp-content\/uploads\/2020\/11\/Tuyauterie-basse-moyenne-haute-pression-220x300.jpg\" alt=\"Tubagem de baixa m&#xE9;dia alta press&#xE3;o\" class=\"wp-image-1734\" style=\"width:165px;height:225px\" srcset=\"https:\/\/obera.fr\/wp-content\/uploads\/2020\/11\/Tuyauterie-basse-moyenne-haute-pression-220x300.jpg 220w, https:\/\/obera.fr\/wp-content\/uploads\/2020\/11\/Tuyauterie-basse-moyenne-haute-pression.jpg 428w\" sizes=\"(max-width: 220px) 100vw, 220px\" \/><\/a><\/figure>\n<\/div>\n<\/div>\n\n<p>Existem v\u00e1rios tipos de tubagens industriais, incluindo condutas em espiral, condutas lisas e tubagens de baixa, m\u00e9dia e alta press\u00e3o. Cada um destes tipos de tubagem oferece vantagens e desvantagens espec\u00edficas, consoante as necessidades da aplica\u00e7\u00e3o. <\/p>\n\n<h3 class=\"wp-block-heading\">Bainhas lisas<\/h3>\n\n<p>As condutas lisas oferecem uma baixa resist\u00eancia ao fluxo para um desempenho de suc\u00e7\u00e3o m\u00e1ximo. Tamb\u00e9m s\u00e3o f\u00e1ceis de limpar, o que os torna ideais para aplica\u00e7\u00f5es em que a higiene \u00e9 fundamental. No entanto, s\u00e3o menos flex\u00edveis do que as condutas em espiral, o que pode dificultar a instala\u00e7\u00e3o.  <\/p>\n\n<h3 class=\"wp-block-heading\">Bainhas em espiral<\/h3>\n\n<p>As condutas em espiral s\u00e3o ideais para aplica\u00e7\u00f5es que requerem uma elevada flexibilidade, uma vez que podem ser dobradas e torcidas sem rachar ou deformar. Tamb\u00e9m s\u00e3o resistentes a vibra\u00e7\u00f5es e choques, o que os torna adequados para utiliza\u00e7\u00e3o em ambientes agitados. No entanto, as condutas em espiral t\u00eam uma maior resist\u00eancia ao fluxo do que as condutas lisas, o que pode levar a perdas de press\u00e3o e a um desempenho de aspira\u00e7\u00e3o reduzido.  <\/p>\n\n<h3 class=\"wp-block-heading\">Tubagem de baixa, m\u00e9dia e alta press\u00e3o<\/h3>\n\n<p>Por \u00faltimo, as tubagens de baixa, m\u00e9dia e alta press\u00e3o oferecem vantagens espec\u00edficas em fun\u00e7\u00e3o das necessidades da aplica\u00e7\u00e3o. As tubagens de baixa press\u00e3o s\u00e3o adequadas para aplica\u00e7\u00f5es em que a press\u00e3o de aspira\u00e7\u00e3o \u00e9 baixa, enquanto as tubagens de m\u00e9dia e alta press\u00e3o s\u00e3o necess\u00e1rias para aplica\u00e7\u00f5es em que a press\u00e3o de aspira\u00e7\u00e3o \u00e9 mais elevada. A escolha da tubagem correta \u00e9, portanto, essencial para garantir um desempenho \u00f3timo do sistema de aspira\u00e7\u00e3o.  <\/p>\n\n<h2 class=\"wp-block-heading\">Conclus\u00e3o<\/h2>\n\n<p>Em conclus\u00e3o, a escolha da tubagem industrial adequada \u00e9 essencial para garantir um desempenho \u00f3timo do sistema de aspira\u00e7\u00e3o no tratamento do ar industrial. As condutas em espiral, as condutas lisas e as condutas de baixa, m\u00e9dia e alta press\u00e3o oferecem vantagens espec\u00edficas, dependendo das necessidades da aplica\u00e7\u00e3o, e \u00e9 importante considerar cuidadosamente cada op\u00e7\u00e3o antes de fazer a escolha final. <\/p>\n\n<div class=\"wp-block-buttons is-horizontal is-content-justification-center is-layout-flex wp-container-core-buttons-is-layout-03627597 wp-block-buttons-is-layout-flex\">\n<div class=\"wp-block-button has-custom-width wp-block-button__width-100\"><a class=\"wp-block-button__link wp-element-button\" href=\"https:\/\/obera.fr\/pt-pt\/contacta-nos\/\">Saber mais<\/a><\/div>\n<\/div>\n","protected":false},"excerpt":{"rendered":"<p>A tubagem de extra\u00e7\u00e3o industrial \u00e9 um elemento crucial no tratamento do ar industrial, uma vez que \u00e9 utilizada para transportar v\u00e1rios poluentes, tais como fumos, poeiras, gases de escape, etc. No entanto, a escolha da tubagem correta \u00e9 essencial para garantir o melhor desempenho do sistema de extra\u00e7\u00e3o. Uma vasta gama de tubagens para transportar poeiras e poluentes. A nossa gama de tubos de aspira\u00e7\u00e3o Condutas de a\u00e7o lisas Rede de alta press\u00e3o Condutas em espiral para fumos e vapores Tubagem de recolha de poeiras de baixa, m\u00e9dia e alta press\u00e3o Existem v\u00e1rios tipos de tubagens industriais, incluindo condutas &#8230; <\/p>\n<p class=\"read-more-container\"><a title=\"Tubagem de aspira\u00e7\u00e3o industrial\" class=\"read-more button\" href=\"https:\/\/obera.fr\/pt-pt\/produits\/tuyauteries-industrielles\/#more-48738\" aria-label=\"Leia mais sobre Tubagem de aspira\u00e7\u00e3o industrial\">Lire la suite<\/a><\/p>\n","protected":false},"author":4,"featured_media":83747,"parent":37912,"menu_order":11,"comment_status":"closed","ping_status":"closed","template":"","meta":{"_acf_changed":false,"_seopress_robots_primary_cat":"","_seopress_titles_title":"Tuyauteries industrielles: acheminer poussi\u00e8res \/ polluants","_seopress_titles_desc":"Une large gamme de tuyauterie afin d\u2019acheminer les poussi\u00e8res et polluants : Gaines lisses en acier, spiral\u00e9es et tuyauterie basse, moyenne et haute pression.","_seopress_robots_index":"","footnotes":""},"class_list":{"0":"post-48738","1":"page","2":"type-page","3":"status-publish","4":"has-post-thumbnail","6":"no-featured-image-padding","7":"resize-featured-image"},"acf":[],"_links":{"self":[{"href":"https:\/\/obera.fr\/pt-pt\/wp-json\/wp\/v2\/pages\/48738","targetHints":{"allow":["GET"]}}],"collection":[{"href":"https:\/\/obera.fr\/pt-pt\/wp-json\/wp\/v2\/pages"}],"about":[{"href":"https:\/\/obera.fr\/pt-pt\/wp-json\/wp\/v2\/types\/page"}],"author":[{"embeddable":true,"href":"https:\/\/obera.fr\/pt-pt\/wp-json\/wp\/v2\/users\/4"}],"replies":[{"embeddable":true,"href":"https:\/\/obera.fr\/pt-pt\/wp-json\/wp\/v2\/comments?post=48738"}],"version-history":[{"count":4,"href":"https:\/\/obera.fr\/pt-pt\/wp-json\/wp\/v2\/pages\/48738\/revisions"}],"predecessor-version":[{"id":65704,"href":"https:\/\/obera.fr\/pt-pt\/wp-json\/wp\/v2\/pages\/48738\/revisions\/65704"}],"up":[{"embeddable":true,"href":"https:\/\/obera.fr\/pt-pt\/wp-json\/wp\/v2\/pages\/37912"}],"wp:featuredmedia":[{"embeddable":true,"href":"https:\/\/obera.fr\/pt-pt\/wp-json\/wp\/v2\/media\/83747"}],"wp:attachment":[{"href":"https:\/\/obera.fr\/pt-pt\/wp-json\/wp\/v2\/media?parent=48738"}],"curies":[{"name":"wp","href":"https:\/\/api.w.org\/{rel}","templated":true}]}}