{"id":62062,"date":"2021-07-23T14:22:11","date_gmt":"2021-07-23T12:22:11","guid":{"rendered":"https:\/\/obera.fr\/achat-merci\/"},"modified":"2025-02-17T11:38:13","modified_gmt":"2025-02-17T09:38:13","slug":"achat-merci","status":"publish","type":"page","link":"https:\/\/obera.fr\/pt-pt\/achat-merci\/","title":{"rendered":"Obrigado por fazeres a tua encomenda em obera.fr"},"content":{"rendered":"\n<p>Enquanto esperas para receber a tua encomenda, podes ler as \u00faltimas publica\u00e7\u00f5es do blogue<\/p>\n<ul class=\"wp-block-latest-posts__list is-grid columns-2 wp-block-latest-posts\"><li><a class=\"wp-block-latest-posts__post-title\" href=\"https:\/\/obera.fr\/pt-pt\/imprensa\/os-franceses-respiram-de-forma-saudavel-no-seu-local-de-trabalho-durante-o-inverno\/\">Os franceses respiram de forma saud\u00e1vel no seu local de trabalho durante o inverno?<\/a><div class=\"wp-block-latest-posts__post-excerpt\">A OberA revela os resultados de um novo inqu\u00e9rito* realizado a 4.102 pessoas que destaca um desfasamento persistente entre o conforto t\u00e9rmico e a qualidade do ar no trabalho: temperaturas ideais muito disputadas, arejamento invernal raro, aus\u00eancia de dispositivos de purifica\u00e7\u00e3o de ar, humidade pouco controlada e hesita\u00e7\u00f5es sobre os gestos &#8230; <p class=\"read-more-container\"><a title=\"Os franceses respiram de forma saud\u00e1vel no seu local de trabalho durante o inverno?\" class=\"read-more button\" href=\"https:\/\/obera.fr\/pt-pt\/imprensa\/os-franceses-respiram-de-forma-saudavel-no-seu-local-de-trabalho-durante-o-inverno\/#more-145745\" aria-label=\"Leia mais sobre Os franceses respiram de forma saud\u00e1vel no seu local de trabalho durante o inverno?\">Lire la suite<\/a><\/p><\/div><\/li>\n<li><a class=\"wp-block-latest-posts__post-title\" href=\"https:\/\/obera.fr\/pt-pt\/presse\/89-dos-franceses-subestimam-a-poluicao-do-ar-no-seu-local-de-trabalho\/\">89 % dos franceses subestimam a polui\u00e7\u00e3o do ar no seu local de trabalho<\/a><div class=\"wp-block-latest-posts__post-excerpt\">Uma polui\u00e7\u00e3o que pode ser 5 a 10 vezes mais elevada do que no exterior Apenas 22 % dos trabalhadores sabem que a manuten\u00e7\u00e3o de um ar interior saud\u00e1vel \u00e9 uma obriga\u00e7\u00e3o regulamentar para o empregador O que pensa da qualidade do ar no seu local de trabalho? Foi esta a &#8230; <p class=\"read-more-container\"><a title=\"89 % dos franceses subestimam a polui\u00e7\u00e3o do ar no seu local de trabalho\" class=\"read-more button\" href=\"https:\/\/obera.fr\/pt-pt\/presse\/89-dos-franceses-subestimam-a-poluicao-do-ar-no-seu-local-de-trabalho\/#more-145721\" aria-label=\"Leia mais sobre 89 % dos franceses subestimam a polui\u00e7\u00e3o do ar no seu local de trabalho\">Lire la suite<\/a><\/p><\/div><\/li>\n<li><div class=\"wp-block-latest-posts__featured-image aligncenter\"><a href=\"https:\/\/obera.fr\/pt-pt\/nosso-conselho\/medicao-da-qualidade-do-ar-interior-importancia-e-principio\/\" aria-label=\"Medi\u00e7\u00e3o da qualidade do ar interior: import\u00e2ncia e princ\u00edpio\"><img decoding=\"async\" width=\"1024\" height=\"181\" src=\"https:\/\/obera.fr\/wp-content\/uploads\/2022\/10\/banniere-obera-1024x181.png\" class=\"attachment-large size-large wp-post-image\" alt=\"banni\u00e8re obera protection pr\u00e9-s\u00e9parateur\" style=\"max-width:500px;\" srcset=\"https:\/\/obera.fr\/wp-content\/uploads\/2022\/10\/banniere-obera-1024x181.png 1024w, https:\/\/obera.fr\/wp-content\/uploads\/2022\/10\/banniere-obera-300x53.png 300w, https:\/\/obera.fr\/wp-content\/uploads\/2022\/10\/banniere-obera-768x136.png 768w, https:\/\/obera.fr\/wp-content\/uploads\/2022\/10\/banniere-obera-1536x272.png 1536w, https:\/\/obera.fr\/wp-content\/uploads\/2022\/10\/banniere-obera.png 1980w\" sizes=\"(max-width: 1024px) 100vw, 1024px\" \/><\/a><\/div><a class=\"wp-block-latest-posts__post-title\" href=\"https:\/\/obera.fr\/pt-pt\/nosso-conselho\/medicao-da-qualidade-do-ar-interior-importancia-e-principio\/\">Medi\u00e7\u00e3o da qualidade do ar interior: import\u00e2ncia e princ\u00edpio<\/a><div class=\"wp-block-latest-posts__post-excerpt\">De acordo com dados da OMS, a Fran\u00e7a regista cerca de 50 000 mortes por ano relacionadas com a polui\u00e7\u00e3o do ar, ou seja, 10 vezes mais do que os acidentes rodovi\u00e1rios! Al\u00e9m disso, estima-se que o ar interior de uma habita\u00e7\u00e3o ou de um espa\u00e7o profissional seja 5 a 10 vezes mais polu\u00eddo do que o do ambiente exterior.<\/div><\/li>\n<li><div class=\"wp-block-latest-posts__featured-image aligncenter\"><a href=\"https:\/\/obera.fr\/pt-pt\/industria-farmaceutica\/industria-farmaceutica-controlar-a-poeira-e-a-exposicao-durante-a-pesagem-e-a-transferencia-de-hpapi\/\" aria-label=\"Ind\u00fastria farmac\u00eautica: Controlar a poeira e a exposi\u00e7\u00e3o durante a pesagem e a transfer\u00eancia de HPAPI\"><img decoding=\"async\" width=\"1024\" height=\"181\" src=\"https:\/\/obera.fr\/wp-content\/uploads\/2025\/04\/banniere-obera-6-1-1024x181.png\" class=\"attachment-large size-large wp-post-image\" alt=\"banner obera (6)\" style=\"max-width:500px;\" srcset=\"https:\/\/obera.fr\/wp-content\/uploads\/2025\/04\/banniere-obera-6-1-1024x181.png 1024w, https:\/\/obera.fr\/wp-content\/uploads\/2025\/04\/banniere-obera-6-1-300x53.png 300w, https:\/\/obera.fr\/wp-content\/uploads\/2025\/04\/banniere-obera-6-1-768x136.png 768w, https:\/\/obera.fr\/wp-content\/uploads\/2025\/04\/banniere-obera-6-1-1536x272.png 1536w, https:\/\/obera.fr\/wp-content\/uploads\/2025\/04\/banniere-obera-6-1.png 1980w\" sizes=\"(max-width: 1024px) 100vw, 1024px\" \/><\/a><\/div><a class=\"wp-block-latest-posts__post-title\" href=\"https:\/\/obera.fr\/pt-pt\/industria-farmaceutica\/industria-farmaceutica-controlar-a-poeira-e-a-exposicao-durante-a-pesagem-e-a-transferencia-de-hpapi\/\">Ind\u00fastria farmac\u00eautica: Controlar a poeira e a exposi\u00e7\u00e3o durante a pesagem e a transfer\u00eancia de HPAPI<\/a><div class=\"wp-block-latest-posts__post-excerpt\">A crescente utiliza\u00e7\u00e3o de HPAPI (Highly Potent Active Pharmaceutical Ingredients \u2013 ingredientes farmac\u00eauticos ativos altamente potentes) transforma profundamente as pr\u00e1ticas de produ\u00e7\u00e3o farmac\u00eautica.<\/div><\/li>\n<li><div class=\"wp-block-latest-posts__featured-image aligncenter\"><a href=\"https:\/\/obera.fr\/pt-pt\/desporto\/arrefecimento-movel-para-eventos-desportivos-a-solucao-ic-da-obera-eficiente-e-imediata\/\" aria-label=\"Arrefecimento m\u00f3vel para eventos desportivos: a solu\u00e7\u00e3o IC da OberA, eficiente e imediata\"><img decoding=\"async\" width=\"1024\" height=\"181\" src=\"https:\/\/obera.fr\/wp-content\/uploads\/2025\/04\/banniere-obera-6-1-1024x181.png\" class=\"attachment-large size-large wp-post-image\" alt=\"banner obera (6)\" style=\"max-width:500px;\" srcset=\"https:\/\/obera.fr\/wp-content\/uploads\/2025\/04\/banniere-obera-6-1-1024x181.png 1024w, https:\/\/obera.fr\/wp-content\/uploads\/2025\/04\/banniere-obera-6-1-300x53.png 300w, https:\/\/obera.fr\/wp-content\/uploads\/2025\/04\/banniere-obera-6-1-768x136.png 768w, https:\/\/obera.fr\/wp-content\/uploads\/2025\/04\/banniere-obera-6-1-1536x272.png 1536w, https:\/\/obera.fr\/wp-content\/uploads\/2025\/04\/banniere-obera-6-1.png 1980w\" sizes=\"(max-width: 1024px) 100vw, 1024px\" \/><\/a><\/div><a class=\"wp-block-latest-posts__post-title\" href=\"https:\/\/obera.fr\/pt-pt\/desporto\/arrefecimento-movel-para-eventos-desportivos-a-solucao-ic-da-obera-eficiente-e-imediata\/\">Arrefecimento m\u00f3vel para eventos desportivos: a solu\u00e7\u00e3o IC da OberA, eficiente e imediata<\/a><div class=\"wp-block-latest-posts__post-excerpt\">Quer se trate de competi\u00e7\u00f5es ao ar livre, torneios indoor, estruturas tempor\u00e1rias ou eventos de grande dimens\u00e3o, os eventos desportivos est\u00e3o fortemente expostos \u00e0s varia\u00e7\u00f5es clim\u00e1ticas.<\/div><\/li>\n<li><div class=\"wp-block-latest-posts__featured-image aligncenter\"><a href=\"https:\/\/obera.fr\/pt-pt\/nosso-conselho\/silicose-menace-invisible\/\" aria-label=\"Silicose: uma amea\u00e7a invis\u00edvel para os pedreiros e para a sua esperan\u00e7a de vida\"><img decoding=\"async\" width=\"1024\" height=\"181\" src=\"https:\/\/obera.fr\/wp-content\/uploads\/2025\/07\/taille-de-pierre-1-1-1024x181.png\" class=\"attachment-large size-large wp-post-image\" alt=\"\" style=\"max-width:500px;\" srcset=\"https:\/\/obera.fr\/wp-content\/uploads\/2025\/07\/taille-de-pierre-1-1-1024x181.png 1024w, https:\/\/obera.fr\/wp-content\/uploads\/2025\/07\/taille-de-pierre-1-1-300x53.png 300w, https:\/\/obera.fr\/wp-content\/uploads\/2025\/07\/taille-de-pierre-1-1-768x136.png 768w, https:\/\/obera.fr\/wp-content\/uploads\/2025\/07\/taille-de-pierre-1-1-1536x272.png 1536w, https:\/\/obera.fr\/wp-content\/uploads\/2025\/07\/taille-de-pierre-1-1.png 1980w\" sizes=\"(max-width: 1024px) 100vw, 1024px\" \/><\/a><\/div><a class=\"wp-block-latest-posts__post-title\" href=\"https:\/\/obera.fr\/pt-pt\/nosso-conselho\/silicose-menace-invisible\/\">Silicose: uma amea\u00e7a invis\u00edvel para os pedreiros e para a sua esperan\u00e7a de vida<\/a><div class=\"wp-block-latest-posts__post-excerpt\">A pedreiro \u00e9 uma profiss\u00e3o nobre, rica em hist\u00f3ria e conhecimentos. Mas, por detr\u00e1s da beleza do of\u00edcio, esconde-se um risco para a sa\u00fade frequentemente subestimado: a silicose, uma doen\u00e7a pulmonar irrevers\u00edvel causada pela inala\u00e7\u00e3o de p\u00f3 de s\u00edlica. <\/div><\/li>\n<li><div class=\"wp-block-latest-posts__featured-image aligncenter\"><a href=\"https:\/\/obera.fr\/pt-pt\/nosso-conselho\/vie-artisan-tailleur\/\" aria-label=\"Viver a minha vida de alfaiate em 2025: entre a paix\u00e3o e a prud\u00eancia\"><img decoding=\"async\" width=\"1024\" height=\"181\" src=\"https:\/\/obera.fr\/wp-content\/uploads\/2025\/07\/taille-de-pierre-1-1024x181.png\" class=\"attachment-large size-large wp-post-image\" alt=\"\" style=\"max-width:500px;\" srcset=\"https:\/\/obera.fr\/wp-content\/uploads\/2025\/07\/taille-de-pierre-1-1024x181.png 1024w, https:\/\/obera.fr\/wp-content\/uploads\/2025\/07\/taille-de-pierre-1-300x53.png 300w, https:\/\/obera.fr\/wp-content\/uploads\/2025\/07\/taille-de-pierre-1-768x136.png 768w, https:\/\/obera.fr\/wp-content\/uploads\/2025\/07\/taille-de-pierre-1-1536x272.png 1536w, https:\/\/obera.fr\/wp-content\/uploads\/2025\/07\/taille-de-pierre-1.png 1980w\" sizes=\"(max-width: 1024px) 100vw, 1024px\" \/><\/a><\/div><a class=\"wp-block-latest-posts__post-title\" href=\"https:\/\/obera.fr\/pt-pt\/nosso-conselho\/vie-artisan-tailleur\/\">Viver a minha vida de alfaiate em 2025: entre a paix\u00e3o e a prud\u00eancia<\/a><div class=\"wp-block-latest-posts__post-excerpt\">Foi o que o meu treinador me disse no primeiro dia. Dez anos mais tarde, tornou-se o meu mantra. Ser pedreiro em 2025 continua a ser uma quest\u00e3o de paix\u00e3o. Mas hoje em dia, \u00e9 tamb\u00e9m uma quest\u00e3o de precau\u00e7\u00e3o.     <\/div><\/li>\n<li><div class=\"wp-block-latest-posts__featured-image aligncenter\"><a href=\"https:\/\/obera.fr\/pt-pt\/nosso-conselho\/silice-cristalline-loi-obligations\/\" aria-label=\"S\u00edlica cristalina: o que diz a lei? Obriga\u00e7\u00f5es legais das oficinas de lapida\u00e7\u00e3o\"><img decoding=\"async\" width=\"1024\" height=\"181\" src=\"https:\/\/obera.fr\/wp-content\/uploads\/2025\/07\/taille-de-pierre-1024x181.png\" class=\"attachment-large size-large wp-post-image\" alt=\"\" style=\"max-width:500px;\" srcset=\"https:\/\/obera.fr\/wp-content\/uploads\/2025\/07\/taille-de-pierre-1024x181.png 1024w, https:\/\/obera.fr\/wp-content\/uploads\/2025\/07\/taille-de-pierre-300x53.png 300w, https:\/\/obera.fr\/wp-content\/uploads\/2025\/07\/taille-de-pierre-768x136.png 768w, https:\/\/obera.fr\/wp-content\/uploads\/2025\/07\/taille-de-pierre-1536x272.png 1536w, https:\/\/obera.fr\/wp-content\/uploads\/2025\/07\/taille-de-pierre.png 1980w\" sizes=\"(max-width: 1024px) 100vw, 1024px\" \/><\/a><\/div><a class=\"wp-block-latest-posts__post-title\" href=\"https:\/\/obera.fr\/pt-pt\/nosso-conselho\/silice-cristalline-loi-obligations\/\">S\u00edlica cristalina: o que diz a lei? Obriga\u00e7\u00f5es legais das oficinas de lapida\u00e7\u00e3o<\/a><div class=\"wp-block-latest-posts__post-excerpt\">Desde h\u00e1 v\u00e1rios anos, as autoridades p\u00fablicas t\u00eam vindo a refor\u00e7ar as regras que regem a exposi\u00e7\u00e3o ao p\u00f3 de s\u00edlica cristalina, em especial no sector da constru\u00e7\u00e3o e da cantaria.<\/div><\/li>\n<\/ul>","protected":false},"excerpt":{"rendered":"<p>Enquanto esperas para receber a tua encomenda, podes ler as \u00faltimas publica\u00e7\u00f5es do blogue<\/p>\n","protected":false},"author":4,"featured_media":0,"parent":0,"menu_order":0,"comment_status":"closed","ping_status":"closed","template":"","meta":{"_acf_changed":false,"_seopress_robots_primary_cat":"","_seopress_titles_title":"","_seopress_titles_desc":"","_seopress_robots_index":"sim","footnotes":""},"class_list":{"0":"post-62062","1":"page","2":"type-page","3":"status-publish","5":"no-featured-image-padding"},"acf":[],"_links":{"self":[{"href":"https:\/\/obera.fr\/pt-pt\/wp-json\/wp\/v2\/pages\/62062","targetHints":{"allow":["GET"]}}],"collection":[{"href":"https:\/\/obera.fr\/pt-pt\/wp-json\/wp\/v2\/pages"}],"about":[{"href":"https:\/\/obera.fr\/pt-pt\/wp-json\/wp\/v2\/types\/page"}],"author":[{"embeddable":true,"href":"https:\/\/obera.fr\/pt-pt\/wp-json\/wp\/v2\/users\/4"}],"replies":[{"embeddable":true,"href":"https:\/\/obera.fr\/pt-pt\/wp-json\/wp\/v2\/comments?post=62062"}],"version-history":[{"count":1,"href":"https:\/\/obera.fr\/pt-pt\/wp-json\/wp\/v2\/pages\/62062\/revisions"}],"predecessor-version":[{"id":62064,"href":"https:\/\/obera.fr\/pt-pt\/wp-json\/wp\/v2\/pages\/62062\/revisions\/62064"}],"wp:attachment":[{"href":"https:\/\/obera.fr\/pt-pt\/wp-json\/wp\/v2\/media?parent=62062"}],"curies":[{"name":"wp","href":"https:\/\/api.w.org\/{rel}","templated":true}]}}