{"id":65151,"date":"2022-11-23T11:48:48","date_gmt":"2022-11-23T09:48:48","guid":{"rendered":"https:\/\/obera.fr\/produits\/depoussiereurs-industriels\/fixes\/depoussiereur-a-voie-humide-dustomat-hydro\/"},"modified":"2025-04-25T14:45:03","modified_gmt":"2025-04-25T12:45:03","slug":"depoussiereur-a-voie-humide-dustomat-hydro","status":"publish","type":"page","link":"https:\/\/obera.fr\/pt-pt\/produits\/depoussiereurs-industriels\/fixes\/depoussiereur-a-voie-humide-dustomat-hydro\/","title":{"rendered":"DUSTOMAT HYDRO : coletor fixo de poeiras h\u00famidas"},"content":{"rendered":"\n<p>Descobre a nossa gama de <strong>depuradores h\u00famidos DUSTOMAT HYDRO<\/strong>, que combina desempenho e efici\u00eancia para a extra\u00e7\u00e3o de subst\u00e2ncias altamente inflam\u00e1veis.<\/p>\n\n\n\n<h2 class=\"wp-block-heading\">Coletor de p\u00f3 industrial DUSTOMAT HYDRO: como funciona e como o utilizar?<\/h2>\n\n\n\n<div class=\"wp-block-columns is-layout-flex wp-container-core-columns-is-layout-28f84493 wp-block-columns-is-layout-flex\">\n<div class=\"wp-block-column is-layout-flow wp-block-column-is-layout-flow\" style=\"flex-basis:33.33%\">\n<figure class=\"wp-block-image aligncenter size-full is-resized\"><img decoding=\"async\" width=\"600\" height=\"600\" src=\"https:\/\/obera.fr\/wp-content\/uploads\/2022\/11\/dustomat-hydro-1.png\" alt=\"dustomat hydro 1\" class=\"wp-image-15989\" style=\"width:300px;height:300px\" srcset=\"https:\/\/obera.fr\/wp-content\/uploads\/2022\/11\/dustomat-hydro-1.png 600w, https:\/\/obera.fr\/wp-content\/uploads\/2022\/11\/dustomat-hydro-1-300x300.png 300w, https:\/\/obera.fr\/wp-content\/uploads\/2022\/11\/dustomat-hydro-1-150x150.png 150w\" sizes=\"(max-width: 600px) 100vw, 600px\" \/><\/figure>\n<\/div>\n\n\n\n<div class=\"wp-block-column is-vertically-aligned-center is-layout-flow wp-block-column-is-layout-flow\" style=\"flex-basis:66.66%\">\n<p>A principal for\u00e7a da s\u00e9rie DUSTOMAT HYDRO \u00e9 a sua <strong>inovadora tecnologia de separa\u00e7\u00e3o em v\u00e1rias fases para captar poeiras e fa\u00edscas<\/strong>. O ar polu\u00eddo \u00e9 aspirado por uma ventoinha incorporada no coletor de p\u00f3. A velocidade do ar \u00e9 reduzida, permitindo que as part\u00edculas pesadas caiam num tanque de recupera\u00e7\u00e3o: esta \u00e9 a primeira fase da pr\u00e9-separa\u00e7\u00e3o das part\u00edculas. O ar passa ent\u00e3o por um <strong>hidrociclone<\/strong>, que utiliza a for\u00e7a centr\u00edfuga para separar as part\u00edculas finas da \u00e1gua. Estas part\u00edculas s\u00e3o retidas na \u00e1gua e as fa\u00edscas s\u00e3o arrefecidas para se tornarem inofensivas. Uma \u00faltima fase de filtragem capta as \u00faltimas part\u00edculas finas, deixando o ar limpo. Esta tecnologia de filtragem garante uma elevada efici\u00eancia de separa\u00e7\u00e3o de at\u00e9 99,995%.      <\/p>\n\n\n\n<p>Para que s\u00e3o utilizados? <strong>Os separadores h\u00famidos<\/strong> da s\u00e9rie DUSTOMAT HYDRO foram concebidos para a extra\u00e7\u00e3o de subst\u00e2ncias altamente inflam\u00e1veis ou em processos de trabalho com fa\u00edscas. S\u00e3o adequados para sistemas de extra\u00e7\u00e3o de uma ou v\u00e1rias esta\u00e7\u00f5es para poeiras met\u00e1licas, por exemplo, durante a <strong>retifica\u00e7\u00e3o<\/strong>, <strong>escovagem<\/strong> e <strong>polimento<\/strong>. O DUSTOMAT HYDRO tamb\u00e9m est\u00e1 em conformidade com a norma ATEX para uma utiliza\u00e7\u00e3o segura e eficaz em ambientes explosivos. De facto, estes <a href=\"https:\/\/obera.fr\/pt-pt\/produits\/depoussiereurs-industriels\/fixes\/\" data-type=\"page\" data-id=\"389\">colectores fixos de poeiras<\/a> h\u00famidas s\u00e3o muito populares nas<strong>ind\u00fastrias<\/strong> <strong>metal\u00fargica, qu\u00edmica<\/strong> e <strong>alimentar<\/strong>, bem como nas <strong>ind\u00fastrias da madeira e do artesanato<\/strong>.    <\/p>\n\n\n\n<div class=\"wp-block-columns is-layout-flex wp-container-core-columns-is-layout-28f84493 wp-block-columns-is-layout-flex\">\n<div class=\"wp-block-column is-layout-flow wp-block-column-is-layout-flow\" style=\"flex-basis:33.33%\">\n<div class=\"wp-block-buttons is-layout-flex wp-block-buttons-is-layout-flex\">\n<div class=\"wp-block-button\"><a class=\"wp-block-button__link wp-element-button\" href=\"https:\/\/obera.fr\/wp-content\/uploads\/2025\/04\/brochure-dustomat-hydro-en.pdf\">DESCARREGA A BROCHURA<\/a><\/div>\n<\/div>\n<\/div>\n\n\n\n<div class=\"wp-block-column is-layout-flow wp-block-column-is-layout-flow\" style=\"flex-basis:33.34%\">\n<div class=\"wp-block-buttons is-horizontal is-content-justification-center is-layout-flex wp-container-core-buttons-is-layout-03627597 wp-block-buttons-is-layout-flex\">\n<div class=\"wp-block-button has-custom-width wp-block-button__width-100\"><a class=\"wp-block-button__link wp-element-button\" href=\"https:\/\/obera.fr\/pt-pt\/contacta-nos\/\">Saber mais<\/a><\/div>\n<\/div>\n<\/div>\n\n\n\n<div class=\"wp-block-column is-layout-flow wp-block-column-is-layout-flow\" style=\"flex-basis:33.34%\">\n<div class=\"wp-block-buttons is-content-justification-center is-layout-flex wp-container-core-buttons-is-layout-a89b3969 wp-block-buttons-is-layout-flex\">\n<div class=\"wp-block-button btn-devis-source\"><a class=\"wp-block-button__link wp-element-button\" href=\"https:\/\/obera.fr\/pt-pt\/devis\/\">Solicita um or\u00e7amento<\/a><\/div>\n<\/div>\n\n\n<script>\r\ndocument.addEventListener('DOMContentLoaded', function() {\r\n    \/\/ 1. On cherche le titre H1 de la page\r\n    var h1 = document.querySelector('h1');\r\n    var productTitle = h1 ? h1.innerText.trim() : \"\";\r\n\r\n    \/\/ 2. On cherche les boutons via la classe CSS .btn-devis-source\r\n    var buttons = document.querySelectorAll('.btn-devis-source a');\r\n\r\n    \/\/ 3. Si on a le titre et les boutons, on ajoute le param\u00e8tre\r\n    if (buttons.length > 0 && productTitle !== \"\") {\r\n        var encodedTitle = encodeURIComponent(productTitle);\r\n\r\n        buttons.forEach(function(btn) {\r\n            var currentHref = btn.getAttribute('href');\r\n            \r\n            \/\/ S\u00e9curit\u00e9 pour ne pas ajouter le param\u00e8tre 2 fois\r\n            if (currentHref.indexOf('sujet=') === -1) {\r\n                var separator = currentHref.indexOf('?') !== -1 ? '&' : '?';\r\n                var newLink = currentHref + separator + 'sujet=' + encodedTitle;\r\n                \r\n                btn.setAttribute('href', newLink);\r\n            }\r\n        });\r\n    }\r\n});\r\n<\/script><\/div>\n<\/div>\n<\/div>\n<\/div>\n\n\n\n<div style=\"height:30px\" aria-hidden=\"true\" class=\"wp-block-spacer\"><\/div>\n\n\n\n<h2 class=\"wp-block-heading\">Carater\u00edsticas dos colectores de poeiras h\u00famidas DUSTOMAT HYDRO<\/h2>\n\n\n\n<p>A s\u00e9rie DUSTOMAT HYDRO inclui <strong>4 modelos de colectores de poeiras<\/strong> h\u00famidas com capacidades que variam <strong>entre 2.300 e 10.000 m3\/h<\/strong>. Todos eles oferecem uma vasta gama de aplica\u00e7\u00f5es para a extra\u00e7\u00e3o de aparas met\u00e1licas, fumos de soldadura, poeiras de alum\u00ednio, a\u00e7o e tit\u00e2nio, bem como para a extra\u00e7\u00e3o de materiais explosivos <a href=\"https:\/\/obera.fr\/conseils\/zone-atex-norme-atex-bases-protection-contre-risque-explosion\/\" data-type=\"post\" data-id=\"17925\">(em conformidade com a ATEX<\/a>, como op\u00e7\u00e3o) e poeiras met\u00e1licas geradoras de fa\u00edscas. A versatilidade desta gama torna-a particularmente eficaz na extra\u00e7\u00e3o de part\u00edculas geradas pelos processos de lixagem, polimento, serragem, fresagem e soldadura.  <\/p>\n\n\n\n<p>Al\u00e9m disso, o DUSTOMAT HYDRO \u00e9 um coletor de p\u00f3 que pode ser verdadeiramente adaptado \u00e0s necessidades da ind\u00fastria. Para al\u00e9m de estar em conformidade com a ATEX, tem a op\u00e7\u00e3o de pintura especial e de uma posi\u00e7\u00e3o vari\u00e1vel <strong>do bocal de aspira\u00e7\u00e3o<\/strong>. Tamb\u00e9m podes escolher os meios filtrantes (filtro HEPA H 14 para part\u00edculas cancer\u00edgenas, por exemplo). Al\u00e9m disso, os <strong><a href=\"https:\/\/obera.fr\/pt-pt\/produits\/depoussiereurs-industriels\/\" data-type=\"page\" data-id=\"31\">os colectores de p\u00f3 industriais<\/a><\/strong> desta s\u00e9rie t\u00eam dois n\u00edveis de pot\u00eancia, um sistema de filtragem configur\u00e1vel (at\u00e9 4 n\u00edveis de filtragem) e sensores que regulam automaticamente o enchimento de \u00e1gua.   <\/p>\n\n\n\n<p>Outra carater\u00edstica da s\u00e9rie DUSTOMAT HYDRO s\u00e3o os <strong>baixos custos de manuten\u00e7\u00e3o<\/strong>, uma vez que o sistema de filtragem de part\u00edculas finas est\u00e1 localizado a jusante.<\/p>\n\n\n\n<blockquote class=\"wp-block-quote is-layout-flow wp-block-quote-is-layout-flow\">\n<p>Tecnologia inovadora DUSTOMAT HYDRO: o sistema de separa\u00e7\u00e3o baseado num hidrociclone torna as fa\u00edscas e as poeiras combust\u00edveis quase totalmente inofensivas, logo no primeiro n\u00edvel de filtra\u00e7\u00e3o (98,7% de taxa de separa\u00e7\u00e3o). Mesmo as mais pequenas frac\u00e7\u00f5es de part\u00edculas de \u2265 15 \u00b5m s\u00e3o seguramente aglutinadas na c\u00e2mara de turbul\u00eancia da \u00e1gua, permitindo \u00e0 OberA elevar a qualidade da pr\u00e9-separa\u00e7\u00e3o a um novo n\u00edvel. Os utilizadores beneficiam de um efeito significativo: os meios filtrantes no sistema de separa\u00e7\u00e3o a seco subsequente s\u00e3o poupados, resultando numa vida \u00fatil mais longa e em custos subsequentes mais baixos.  <\/p>\n<\/blockquote>\n\n\n\n<div class=\"wp-block-columns is-layout-flex wp-container-core-columns-is-layout-28f84493 wp-block-columns-is-layout-flex\">\n<div class=\"wp-block-column is-layout-flow wp-block-column-is-layout-flow\">\n<h3 class=\"wp-block-heading has-text-align-center\" id=\"industries\">Ind\u00fastrias<\/h3>\n\n\n\n<hr class=\"wp-block-separator has-css-opacity is-style-wide\"\/>\n\n\n\n<div class=\"wp-block-columns is-layout-flex wp-container-core-columns-is-layout-28f84493 wp-block-columns-is-layout-flex\">\n<div class=\"wp-block-column is-layout-flow wp-block-column-is-layout-flow\">\n<figure class=\"wp-block-image aligncenter size-full\"><img decoding=\"async\" width=\"150\" height=\"150\" src=\"https:\/\/obera.fr\/wp-content\/uploads\/2022\/02\/Metalurgie.png\" alt=\"metalurgia\" class=\"wp-image-8857\"\/><figcaption class=\"wp-element-caption\">Metalurgia<\/figcaption><\/figure>\n\n\n\n<figure class=\"wp-block-image aligncenter size-full\"><img decoding=\"async\" width=\"150\" height=\"150\" src=\"https:\/\/obera.fr\/wp-content\/uploads\/2022\/02\/Textile.png\" alt=\"t\u00eaxtil\" class=\"wp-image-8855\"\/><figcaption class=\"wp-element-caption\">T\u00eaxteis<\/figcaption><\/figure>\n<\/div>\n\n\n\n<div class=\"wp-block-column is-layout-flow wp-block-column-is-layout-flow\">\n<figure class=\"wp-block-image aligncenter size-full\"><img decoding=\"async\" width=\"150\" height=\"150\" src=\"https:\/\/obera.fr\/wp-content\/uploads\/2022\/02\/Chimie.png\" alt=\"qu\u00edmica\" class=\"wp-image-8846\"\/><figcaption class=\"wp-element-caption\">Qu\u00edmica<\/figcaption><\/figure>\n\n\n\n<figure class=\"wp-block-image aligncenter size-full\"><img decoding=\"async\" width=\"150\" height=\"150\" src=\"https:\/\/obera.fr\/wp-content\/uploads\/2022\/02\/Plastique.png\" alt=\"pl\u00e1stico\" class=\"wp-image-8854\"\/><figcaption class=\"wp-element-caption\">Pl\u00e1stico<\/figcaption><\/figure>\n<\/div>\n\n\n\n<div class=\"wp-block-column is-layout-flow wp-block-column-is-layout-flow\">\n<figure class=\"wp-block-image aligncenter size-full\"><img decoding=\"async\" width=\"150\" height=\"150\" src=\"https:\/\/obera.fr\/wp-content\/uploads\/2022\/02\/MINERAIS.png\" alt=\"min\u00e9rios\" class=\"wp-image-8847\"\/><figcaption class=\"wp-element-caption\">Minerais<\/figcaption><\/figure>\n\n\n\n<figure class=\"wp-block-image aligncenter size-full\"><img decoding=\"async\" width=\"150\" height=\"150\" src=\"https:\/\/obera.fr\/wp-content\/uploads\/2022\/02\/Papier-carton.png\" alt=\"papel e cart\u00e3o\" class=\"wp-image-8853\"\/><figcaption class=\"wp-element-caption\">Papel\/cart\u00e3o<\/figcaption><\/figure>\n<\/div>\n\n\n\n<div class=\"wp-block-column is-layout-flow wp-block-column-is-layout-flow\">\n<figure class=\"wp-block-image aligncenter size-full\"><img decoding=\"async\" width=\"150\" height=\"150\" src=\"https:\/\/obera.fr\/wp-content\/uploads\/2022\/02\/AGROALIMENTAIRE.png\" alt=\"agroalimentar\" class=\"wp-image-8844\"\/><figcaption class=\"wp-element-caption\">Ind\u00fastria alimentar<\/figcaption><\/figure>\n<\/div>\n<\/div>\n<\/div>\n<\/div>\n\n\n\n<figure class=\"wp-block-table\"><table class=\"has-fixed-layout\"><tbody><tr><td><\/td><td><\/td><td><strong>DUSTOMAT HYDRO 2300<\/strong><\/td><td><strong>DUSTOMAT HYDRO 3500<\/strong><\/td><td><strong>DUSTOMAT HYDRO 6000<\/strong><\/td><td><strong>DUSTOMAT HYDRO 10000<\/strong><\/td><\/tr><tr><td>Fluxo<\/td><td>m3\/h<\/td><td>2 300<\/td><td>3 500<\/td><td>6 000<\/td><td>10 000<\/td><\/tr><tr><td>V\u00e1cuo m\u00e1ximo<\/td><td>Pa<\/td><td>2 500<\/td><td>3 400<\/td><td>3 950<\/td><td>4 800<\/td><\/tr><tr><td>Pot\u00eancia<\/td><td>kW<\/td><td>3<\/td><td>5,5<\/td><td>7.5<\/td><td>15<\/td><\/tr><tr><td>Di\u00e2metro de entrada<\/td><td>mm<\/td><td>180<\/td><td>224<\/td><td>280<\/td><td>400<\/td><\/tr><tr><td>Liga\u00e7\u00e3o de \u00e1gua<\/td><td>Polegadas<\/td><td>3\/4<\/td><td>3\/4<\/td><td>3\/4<\/td><td>3\/4<\/td><\/tr><tr><td>Dimens\u00f5es<\/td><td>l\/L\/h (mm)<\/td><td>850x850x2600<\/td><td>850x850x2600<\/td><td>1350 x 1550 x 3400<\/td><td>1350 x 1550 x 3400<\/td><\/tr><tr><td>N\u00edvel de ru\u00eddo<\/td><td>dB(A)<\/td><td>70*<\/td><td>72*<\/td><td>73.4<\/td><td>76.1<\/td><\/tr><tr><td>Peso<\/td><td>kg<\/td><td>340<\/td><td>380<\/td><td>750<\/td><td>870<\/td><\/tr><\/tbody><\/table><\/figure>\n\n\n\n<p>* Sem pacote de isolamento ac\u00fastico: 75 db(A)<\/p>\n\n\n\n<div class=\"wp-block-columns is-layout-flex wp-container-core-columns-is-layout-28f84493 wp-block-columns-is-layout-flex\">\n<div class=\"wp-block-column is-layout-flow wp-block-column-is-layout-flow\"><\/div>\n\n\n\n<div class=\"wp-block-column is-layout-flow wp-block-column-is-layout-flow\">\n<div class=\"wp-block-buttons is-content-justification-center is-layout-flex wp-container-core-buttons-is-layout-a89b3969 wp-block-buttons-is-layout-flex\">\n<div class=\"wp-block-button btn-devis-source\"><a class=\"wp-block-button__link wp-element-button\" href=\"https:\/\/obera.fr\/pt-pt\/devis\/\">Solicita um or\u00e7amento<\/a><\/div>\n<\/div>\n\n\n<script>\r\ndocument.addEventListener('DOMContentLoaded', function() {\r\n    \/\/ 1. On cherche le titre H1 de la page\r\n    var h1 = document.querySelector('h1');\r\n    var productTitle = h1 ? h1.innerText.trim() : \"\";\r\n\r\n    \/\/ 2. On cherche les boutons via la classe CSS .btn-devis-source\r\n    var buttons = document.querySelectorAll('.btn-devis-source a');\r\n\r\n    \/\/ 3. Si on a le titre et les boutons, on ajoute le param\u00e8tre\r\n    if (buttons.length > 0 && productTitle !== \"\") {\r\n        var encodedTitle = encodeURIComponent(productTitle);\r\n\r\n        buttons.forEach(function(btn) {\r\n            var currentHref = btn.getAttribute('href');\r\n            \r\n            \/\/ S\u00e9curit\u00e9 pour ne pas ajouter le param\u00e8tre 2 fois\r\n            if (currentHref.indexOf('sujet=') === -1) {\r\n                var separator = currentHref.indexOf('?') !== -1 ? '&' : '?';\r\n                var newLink = currentHref + separator + 'sujet=' + encodedTitle;\r\n                \r\n                btn.setAttribute('href', newLink);\r\n            }\r\n        });\r\n    }\r\n});\r\n<\/script><\/div>\n\n\n\n<div class=\"wp-block-column is-layout-flow wp-block-column-is-layout-flow\">\n<div class=\"wp-block-buttons is-content-justification-center is-layout-flex wp-container-core-buttons-is-layout-a89b3969 wp-block-buttons-is-layout-flex\">\n<div class=\"wp-block-button\"><a class=\"wp-block-button__link wp-element-button\" href=\"https:\/\/obera.fr\/wp-content\/uploads\/2025\/04\/brochure-dustomat-hydro-en.pdf\">Descarrega a brochura<\/a><\/div>\n<\/div>\n<\/div>\n\n\n\n<div class=\"wp-block-column is-layout-flow wp-block-column-is-layout-flow\"><\/div>\n<\/div>\n\n\n\n<h2 class=\"wp-block-heading\">DUSTOMAT HYDRO: quais s\u00e3o as suas vantagens?  <\/h2>\n\n\n\n<p>A s\u00e9rie de colectores de p\u00f3 DUSTOMAT HYDRO responde ao <strong>problema prim\u00e1rio da qualidade do ar na ind\u00fastria<\/strong>, melhorando a sa\u00fade e a seguran\u00e7a das equipas de produ\u00e7\u00e3o. <strong>Reduzir a exposi\u00e7\u00e3o a poeiras finas<\/strong> e poluentes, melhorar a qualidade do ar na oficina&#8230; Optar por um coletor de poeiras h\u00famidas significa criar um ambiente de trabalho mais saud\u00e1vel e agrad\u00e1vel, bem como cumprir as normas ambientais em vigor. Para aumentar o conforto do utilizador, os modelos desta s\u00e9rie s\u00e3o compactos e silenciosos. Se o espa\u00e7o for um problema, a unidade pode ser instalada no interior ou no exterior.  <\/p>\n\n\n\n<p>Em termos de seguran\u00e7a, a sua tecnologia inovadora de hidrociclones <strong>torna os postos de trabalho t\u00e3o seguros quanto poss\u00edvel de<\/strong> duas formas: reduzindo o risco de inc\u00eandio causado pelo p\u00f3 e evitando tamb\u00e9m que o p\u00f3 se acumule no equipamento e danifique as m\u00e1quinas.<\/p>\n\n\n\n<p>No que diz respeito ao investimento exigido pelos fabricantes, <strong>o sistema foi concebido para consumir pouca energia h\u00eddrica<\/strong>, o que significa poupan\u00e7as na tua fatura energ\u00e9tica.<\/p>\n\n\n\n<div class=\"wp-block-columns is-layout-flex wp-container-core-columns-is-layout-28f84493 wp-block-columns-is-layout-flex\">\n<div class=\"wp-block-column is-layout-flow wp-block-column-is-layout-flow\">\n<h3 class=\"wp-block-heading\">Vantagens :<\/h3>\n\n\n\n<ul class=\"wp-block-list\">\n<li>Maior seguran\u00e7a, mesmo em ambientes explosivos;<\/li>\n\n\n\n<li>Baixo consumo de energia e de \u00e1gua gra\u00e7as \u00e0 regula\u00e7\u00e3o da \u00e1gua;<\/li>\n\n\n\n<li>F\u00e1cil de utilizar gra\u00e7as ao seu ecr\u00e3 t\u00e1til;<\/li>\n\n\n\n<li>F\u00e1cil de utilizar e manter,<strong> <\/strong>baixos custos de funcionamento.<\/li>\n<\/ul>\n<\/div>\n\n\n\n<div class=\"wp-block-column is-layout-flow wp-block-column-is-layout-flow\">\n<h3 class=\"wp-block-heading\">Carater\u00edsticas especiais:<\/h3>\n\n\n\n<ul class=\"wp-block-list\">\n<li>Um sistema de separa\u00e7\u00e3o multi-fase de alto desempenho para poeiras finas, poeiras combust\u00edveis e fa\u00edscas;<\/li>\n\n\n\n<li>Efici\u00eancia de separa\u00e7\u00e3o de at\u00e9 99,995% ;<\/li>\n\n\n\n<li>Extra\u00e7\u00e3o de uma ou v\u00e1rias esta\u00e7\u00f5es.<\/li>\n<\/ul>\n<\/div>\n\n\n\n<div class=\"wp-block-column is-layout-flow wp-block-column-is-layout-flow\">\n<h3 class=\"wp-block-heading\">Carater\u00edsticas :<\/h3>\n\n\n\n<ul class=\"wp-block-list\">\n<li>Cumpre a norma ATEX ;<\/li>\n\n\n\n<li>Funcionamento silencioso ;<\/li>\n\n\n\n<li>Opcional: funcionamento por recircula\u00e7\u00e3o (reduz os custos de aquecimento).<\/li>\n<\/ul>\n<\/div>\n<\/div>\n\n\n\n<div class=\"wp-block-columns is-layout-flex wp-container-core-columns-is-layout-28f84493 wp-block-columns-is-layout-flex\">\n<div class=\"wp-block-column is-layout-flow wp-block-column-is-layout-flow\">\n<figure class=\"wp-block-image size-full is-resized\"><img decoding=\"async\" width=\"600\" height=\"600\" src=\"https:\/\/obera.fr\/wp-content\/uploads\/2022\/11\/norme-atex.jpg\" alt=\"padr\u00e3o atex\" class=\"wp-image-15992\" style=\"width:300px;height:300px\" srcset=\"https:\/\/obera.fr\/wp-content\/uploads\/2022\/11\/norme-atex.jpg 600w, https:\/\/obera.fr\/wp-content\/uploads\/2022\/11\/norme-atex-300x300.jpg 300w, https:\/\/obera.fr\/wp-content\/uploads\/2022\/11\/norme-atex-150x150.jpg 150w\" sizes=\"(max-width: 600px) 100vw, 600px\" \/><\/figure>\n<\/div>\n\n\n\n<div class=\"wp-block-column is-layout-flow wp-block-column-is-layout-flow\">\n<figure class=\"wp-block-image size-full is-resized\"><img decoding=\"async\" width=\"600\" height=\"600\" src=\"https:\/\/obera.fr\/wp-content\/uploads\/2022\/11\/dustomat-hydro-2.jpg\" alt=\"dustomat hydro 2\" class=\"wp-image-15995\" style=\"width:300px;height:300px\" srcset=\"https:\/\/obera.fr\/wp-content\/uploads\/2022\/11\/dustomat-hydro-2.jpg 600w, https:\/\/obera.fr\/wp-content\/uploads\/2022\/11\/dustomat-hydro-2-300x300.jpg 300w, https:\/\/obera.fr\/wp-content\/uploads\/2022\/11\/dustomat-hydro-2-150x150.jpg 150w\" sizes=\"(max-width: 600px) 100vw, 600px\" \/><\/figure>\n<\/div>\n\n\n\n<div class=\"wp-block-column is-layout-flow wp-block-column-is-layout-flow\">\n<figure class=\"wp-block-image size-full is-resized\"><img decoding=\"async\" width=\"600\" height=\"600\" src=\"https:\/\/obera.fr\/wp-content\/uploads\/2022\/11\/vanne-de-vidange.jpg\" alt=\"v\u00e1lvula de drenagem\" class=\"wp-image-15998\" style=\"width:300px;height:300px\" srcset=\"https:\/\/obera.fr\/wp-content\/uploads\/2022\/11\/vanne-de-vidange.jpg 600w, https:\/\/obera.fr\/wp-content\/uploads\/2022\/11\/vanne-de-vidange-300x300.jpg 300w, https:\/\/obera.fr\/wp-content\/uploads\/2022\/11\/vanne-de-vidange-150x150.jpg 150w\" sizes=\"(max-width: 600px) 100vw, 600px\" \/><\/figure>\n<\/div>\n<\/div>\n\n\n\n<div class=\"wp-block-buttons is-content-justification-center is-layout-flex wp-container-core-buttons-is-layout-a89b3969 wp-block-buttons-is-layout-flex\">\n<div class=\"wp-block-button\"><a class=\"wp-block-button__link wp-element-button\" href=\"https:\/\/obera.fr\/pt-pt\/contact\/\">Testar o DUSTOMAT HYDRO<\/a><\/div>\n<\/div>\n","protected":false},"excerpt":{"rendered":"<p>Descobre a nossa gama de depuradores h\u00famidos DUSTOMAT HYDRO, que combina desempenho e efici\u00eancia para a extra\u00e7\u00e3o de subst\u00e2ncias altamente inflam\u00e1veis. Coletor de p\u00f3 industrial DUSTOMAT HYDRO: como funciona e como o utilizar? A principal for\u00e7a da s\u00e9rie DUSTOMAT HYDRO \u00e9 a sua inovadora tecnologia de separa\u00e7\u00e3o em v\u00e1rias fases para captar poeiras e fa\u00edscas. O ar polu\u00eddo \u00e9 aspirado por uma ventoinha incorporada no coletor de p\u00f3. A velocidade do ar \u00e9 reduzida, permitindo que as part\u00edculas pesadas caiam num tanque de recupera\u00e7\u00e3o: esta \u00e9 a primeira fase da pr\u00e9-separa\u00e7\u00e3o das part\u00edculas. O ar passa ent\u00e3o por um hidrociclone, &#8230; <\/p>\n<p class=\"read-more-container\"><a title=\"DUSTOMAT HYDRO : coletor fixo de poeiras h\u00famidas\" class=\"read-more button\" href=\"https:\/\/obera.fr\/pt-pt\/produits\/depoussiereurs-industriels\/fixes\/depoussiereur-a-voie-humide-dustomat-hydro\/#more-65151\" aria-label=\"Leia mais sobre DUSTOMAT HYDRO : coletor fixo de poeiras h\u00famidas\">Lire la suite<\/a><\/p>\n","protected":false},"author":4,"featured_media":83747,"parent":62799,"menu_order":0,"comment_status":"closed","ping_status":"closed","template":"","meta":{"_acf_changed":false,"_seopress_robots_primary_cat":"","_seopress_titles_title":"DUSTOMAT HYDRO purificador h\u00famido da oberA","_seopress_titles_desc":"Descobre a nossa gama de depuradores h\u00famidos DUSTOMAT HYDRO, que combina desempenho e efici\u00eancia para a extra\u00e7\u00e3o de subst\u00e2ncias altamente inflam\u00e1veis.","_seopress_robots_index":"","footnotes":""},"class_list":{"0":"post-65151","1":"page","2":"type-page","3":"status-publish","4":"has-post-thumbnail","6":"no-featured-image-padding","7":"resize-featured-image"},"acf":[],"_links":{"self":[{"href":"https:\/\/obera.fr\/pt-pt\/wp-json\/wp\/v2\/pages\/65151","targetHints":{"allow":["GET"]}}],"collection":[{"href":"https:\/\/obera.fr\/pt-pt\/wp-json\/wp\/v2\/pages"}],"about":[{"href":"https:\/\/obera.fr\/pt-pt\/wp-json\/wp\/v2\/types\/page"}],"author":[{"embeddable":true,"href":"https:\/\/obera.fr\/pt-pt\/wp-json\/wp\/v2\/users\/4"}],"replies":[{"embeddable":true,"href":"https:\/\/obera.fr\/pt-pt\/wp-json\/wp\/v2\/comments?post=65151"}],"version-history":[{"count":9,"href":"https:\/\/obera.fr\/pt-pt\/wp-json\/wp\/v2\/pages\/65151\/revisions"}],"predecessor-version":[{"id":91984,"href":"https:\/\/obera.fr\/pt-pt\/wp-json\/wp\/v2\/pages\/65151\/revisions\/91984"}],"up":[{"embeddable":true,"href":"https:\/\/obera.fr\/pt-pt\/wp-json\/wp\/v2\/pages\/62799"}],"wp:featuredmedia":[{"embeddable":true,"href":"https:\/\/obera.fr\/pt-pt\/wp-json\/wp\/v2\/media\/83747"}],"wp:attachment":[{"href":"https:\/\/obera.fr\/pt-pt\/wp-json\/wp\/v2\/media?parent=65151"}],"curies":[{"name":"wp","href":"https:\/\/api.w.org\/{rel}","templated":true}]}}