{"id":115355,"date":"2025-06-26T12:05:10","date_gmt":"2025-06-26T10:05:10","guid":{"rendered":"https:\/\/obera.fr\/cutie-transparenta\/"},"modified":"2025-06-26T12:09:04","modified_gmt":"2025-06-26T10:09:04","slug":"cutie-transparenta","status":"publish","type":"page","link":"https:\/\/obera.fr\/ro\/cutie-transparenta\/","title":{"rendered":"Clearbox"},"content":{"rendered":"\n<div class=\"wp-block-columns is-layout-flex wp-container-core-columns-is-layout-28f84493 wp-block-columns-is-layout-flex\">\n<div class=\"wp-block-column is-layout-flow wp-block-column-is-layout-flow\" style=\"flex-basis:33.33%\">\n<figure class=\"wp-block-image aligncenter size-medium\"><img decoding=\"async\" width=\"300\" height=\"267\" src=\"https:\/\/obera.fr\/wp-content\/uploads\/2025\/06\/clearbox-300x267.png\" alt=\"cutie transparent&#x103;\" class=\"wp-image-109012\" srcset=\"https:\/\/obera.fr\/wp-content\/uploads\/2025\/06\/clearbox-300x267.png 300w, https:\/\/obera.fr\/wp-content\/uploads\/2025\/06\/clearbox.png 534w\" sizes=\"(max-width: 300px) 100vw, 300px\" \/><figcaption class=\"wp-element-caption\">Clearbox<\/figcaption><\/figure>\n<\/div>\n\n\n\n<div class=\"wp-block-column is-layout-flow wp-block-column-is-layout-flow\" style=\"flex-basis:66.66%\">\n<p class=\"has-drop-cap\"><\/p>\n\n\n\n<hr class=\"wp-block-separator has-text-color has-black-color has-css-opacity has-black-background-color has-background is-style-dots\"\/>\n\n\n\n<div class=\"wp-block-columns is-layout-flex wp-container-core-columns-is-layout-28f84493 wp-block-columns-is-layout-flex\">\n<div class=\"wp-block-column is-layout-flow wp-block-column-is-layout-flow\" style=\"flex-basis:33.33%\">\n<div class=\"wp-block-buttons is-layout-flex wp-block-buttons-is-layout-flex\">\n<div class=\"wp-block-button\"><a class=\"wp-block-button__link wp-element-button\" href=\"https:\/\/obera.fr\/wp-content\/uploads\/2025\/06\/fr-caisson-mobile-daspiration-clearbox-1.pdf\">DESC\u0102RCA\u021aI BRO\u0218URA<\/a><\/div>\n<\/div>\n<\/div>\n\n\n\n<div class=\"wp-block-column is-layout-flow wp-block-column-is-layout-flow\" style=\"flex-basis:33.34%\">\n<div class=\"wp-block-buttons is-horizontal is-content-justification-center is-layout-flex wp-container-core-buttons-is-layout-03627597 wp-block-buttons-is-layout-flex\">\n<div class=\"wp-block-button has-custom-width wp-block-button__width-100\"><a class=\"wp-block-button__link wp-element-button\" href=\"https:\/\/obera.fr\/ro\/contactati-ne\/\">Afl\u0103 mai multe<\/a><\/div>\n<\/div>\n<\/div>\n\n\n\n<div class=\"wp-block-column is-layout-flow wp-block-column-is-layout-flow\" style=\"flex-basis:33.34%\">\n<div class=\"wp-block-buttons is-content-justification-center is-layout-flex wp-container-core-buttons-is-layout-a89b3969 wp-block-buttons-is-layout-flex\">\n<div class=\"wp-block-button btn-devis-source\"><a class=\"wp-block-button__link wp-element-button\" href=\"https:\/\/obera.fr\/ro\/devis\/\">Solicita\u021bi o ofert\u0103<\/a><\/div>\n<\/div>\n\n\n<script>\r\ndocument.addEventListener('DOMContentLoaded', function() {\r\n    \/\/ 1. On cherche le titre H1 de la page\r\n    var h1 = document.querySelector('h1');\r\n    var productTitle = h1 ? h1.innerText.trim() : \"\";\r\n\r\n    \/\/ 2. On cherche les boutons via la classe CSS .btn-devis-source\r\n    var buttons = document.querySelectorAll('.btn-devis-source a');\r\n\r\n    \/\/ 3. Si on a le titre et les boutons, on ajoute le param\u00e8tre\r\n    if (buttons.length > 0 && productTitle !== \"\") {\r\n        var encodedTitle = encodeURIComponent(productTitle);\r\n\r\n        buttons.forEach(function(btn) {\r\n            var currentHref = btn.getAttribute('href');\r\n            \r\n            \/\/ S\u00e9curit\u00e9 pour ne pas ajouter le param\u00e8tre 2 fois\r\n            if (currentHref.indexOf('sujet=') === -1) {\r\n                var separator = currentHref.indexOf('?') !== -1 ? '&' : '?';\r\n                var newLink = currentHref + separator + 'sujet=' + encodedTitle;\r\n                \r\n                btn.setAttribute('href', newLink);\r\n            }\r\n        });\r\n    }\r\n});\r\n<\/script><\/div>\n<\/div>\n\n\n\n<p><\/p>\n<\/div>\n<\/div>\n\n<p>Clearbox este o <strong>unitate mobil\u0103 de extrac\u021bie<\/strong> fabricat\u0103 \u00een Fran\u021ba, cu o garan\u021bie de 5 ani \u0219i un debit de \u00eenalt\u0103 performan\u021b\u0103. Este special conceput pentru tratarea compu\u0219ilor organici volatili (COV), gazelor, mirosurilor, solven\u021bilor, prafului \u0219i fumului.   <\/p>\n\n<p><\/p>\n\n<p>Aceast\u0103 unitate ofer\u0103 diferite niveluri de filtrare, de la 2 la 3 trepte, \u0219i poate fi configurat\u0103 \u00een func\u021bie de nevoile dumneavoastr\u0103 specifice, garant\u00e2nd o eficien\u021b\u0103 optim\u0103 \u00een<strong>eliminarea poluan\u021bilor<\/strong>. Este echipat cu un prefiltru G4, filtre de satura\u021bie F9 p\u00e2n\u0103 la H14 pentru praf \u0219i fum \u0219i poate \u00eencorpora c\u0103rbune activ pentru <strong>tratarea gazelor \u0219i a COV-urilor<\/strong>.   <\/p>\n\n<p><\/p>\n\n<p>\u00cen plus, este disponibil \u00een trei versiuni: cu un bra\u021b de aspira\u021bie, cu o intrare tubular\u0103 sau <strong>sub forma unei mese de aspira\u021bie<\/strong>. De asemenea, este disponibil\u0103 o versiune ATEX pentru praf. <\/p>\n\n<div class=\"wp-block-columns is-layout-flex wp-container-core-columns-is-layout-28f84493 wp-block-columns-is-layout-flex\">\n<div class=\"wp-block-column is-layout-flow wp-block-column-is-layout-flow\">\n<h2 class=\"wp-block-heading has-text-align-center\"><strong>Beneficii<\/strong><\/h2>\n\n\n\n<ul class=\"wp-block-list\">\n<li>Ventilator foarte mare<\/li>\n\n\n\n<li>performan\u021b\u0103<\/li>\n\n\n\n<li>Silen\u021bios<\/li>\n\n\n\n<li>Mobil, u\u0219or \u0219i u\u0219or de manevrat<br\/><\/li>\n\n\n\n<li>Amprent\u0103 mic\u0103<br\/><\/li>\n\n\n\n<li>\u00centre\u021binere u\u0219oar\u0103<br\/>de filtre<\/li>\n\n\n\n<li>Debit reglabil de la 0 la<br\/>100%.<\/li>\n\n\n\n<li>Alimentare cu<br\/>priz\u0103 standard 230V<\/li>\n<\/ul>\n<\/div>\n\n\n\n<div class=\"wp-block-column is-layout-flow wp-block-column-is-layout-flow\">\n<h2 class=\"wp-block-heading has-text-align-center\"><strong>Caracteristici speciale<\/strong><\/h2>\n\n\n\n<ul class=\"wp-block-list\">\n<li>\u00cenlocuirea de<\/li>\n\n\n\n<li>medii de filtrare de \u00eenalt\u0103 performan\u021b\u0103<\/li>\n\n\n\n<li>u\u0219or<\/li>\n\n\n\n<li>Upgradabil \u0219i configurabil<br\/><\/li>\n\n\n\n<li>Capacitate mare de adsorb\u021bie<br\/><\/li>\n\n\n\n<li>Contor de ore<\/li>\n\n\n\n<li>M\u0103surare<br\/>a murd\u0103riei pe filtrele<br\/><\/li>\n\n\n\n<li>Setarea debitului de la<br\/>0 la 100%.<\/li>\n\n\n\n<li>Sistem Plug &amp; Play<\/li>\n\n\n\n<li>Op\u021biune ATEX<br\/>praf<\/li>\n<\/ul>\n<\/div>\n\n\n\n<div class=\"wp-block-column is-layout-flow wp-block-column-is-layout-flow\">\n<h2 class=\"wp-block-heading has-text-align-center\"><strong>Caracteristici<\/strong><\/h2>\n\n\n\n<ul class=\"wp-block-list\">\n<li>Debit max. :<\/li>\n\n\n\n<li>2000m3\/h<\/li>\n\n\n\n<li>Putere instalat\u0103:<br\/>750W<\/li>\n\n\n\n<li>Alimentare: 230V<\/li>\n\n\n\n<li>Dimensiuni: 710 x<br\/>710 x 2050<\/li>\n\n\n\n<li>Greutate: 70 kg<\/li>\n\n\n\n<li>Nivel de zgomot:<br\/>72Db<\/li>\n<\/ul>\n<\/div>\n<\/div>\n\n<h2 class=\"wp-block-heading\">Pentru ce utiliz\u0103ri?<\/h2>\n\n<p><strong>Clearbox este un dispozitiv la \u00eendem\u00e2n\u0103 <\/strong>, compact, conceput pentru captarea \u0219i tratarea eficient\u0103 a poluan\u021bilor gazo\u0219i, mirosurilor, prafului \u0219i fumului. Echipat cu ro\u021bi, este <strong>u\u0219or de montat \u00een orice spa\u021biu de lucru<\/strong> \u0219i poate trata at\u00e2t sta\u021biile de lucru fixe, c\u00e2t \u0219i cele mobile. <\/p>\n\n<p><br\/>Clearbox este echipat cu un <strong>prefiltru G4, filtre de satura\u021bie F9 p\u00e2n\u0103 la H14 <\/strong>\u0219i, dac\u0103 este necesar, carbon activ. Este disponibil \u0219i \u00een versiunea ATEX pentru praf. \u00centre\u021binerea regulat\u0103 a filtrelor este esen\u021bial\u0103 pentru buna func\u021bionare a unit\u0103\u021bii.  <\/p>\n\n<div class=\"wp-block-columns is-layout-flex wp-container-core-columns-is-layout-28f84493 wp-block-columns-is-layout-flex\">\n<div class=\"wp-block-column is-layout-flow wp-block-column-is-layout-flow\">\n<h3 class=\"wp-block-heading has-text-align-center\">Poluan\u021bi<\/h3>\n\n\n\n<hr class=\"wp-block-separator has-css-opacity is-style-wide\"\/>\n\n\n\n<div class=\"wp-block-columns is-layout-flex wp-container-core-columns-is-layout-28f84493 wp-block-columns-is-layout-flex\">\n<div class=\"wp-block-column is-layout-flow wp-block-column-is-layout-flow\">\n<figure class=\"wp-block-image aligncenter size-large\"><img decoding=\"async\" width=\"70\" height=\"70\" src=\"https:\/\/obera.fr\/wp-content\/uploads\/2020\/08\/industrie-fumees.jpg\" alt=\"Fumul din industrie\" class=\"wp-image-722\"\/><figcaption class=\"wp-element-caption\">Fumuri<\/figcaption><\/figure>\n<\/div>\n\n\n\n<div class=\"wp-block-column is-layout-flow wp-block-column-is-layout-flow\">\n<figure class=\"wp-block-image aligncenter size-large\"><img decoding=\"async\" width=\"70\" height=\"70\" src=\"https:\/\/obera.fr\/wp-content\/uploads\/2020\/08\/polluants-poussieres.jpg\" alt=\"Poluan&#x21B;i Praf\" class=\"wp-image-675\"\/><figcaption class=\"wp-element-caption\">Praf<\/figcaption><\/figure>\n<\/div>\n<\/div>\n\n\n\n<div class=\"wp-block-columns is-layout-flex wp-container-core-columns-is-layout-28f84493 wp-block-columns-is-layout-flex\">\n<div class=\"wp-block-column is-layout-flow wp-block-column-is-layout-flow\">\n<figure class=\"wp-block-image aligncenter size-large\"><img decoding=\"async\" width=\"70\" height=\"70\" src=\"https:\/\/obera.fr\/wp-content\/uploads\/2020\/08\/industrie-odeur.jpg\" alt=\"Odoare industrial&#x103;\" class=\"wp-image-723\"\/><figcaption class=\"wp-element-caption\">Mirosuri<\/figcaption><\/figure>\n<\/div>\n\n\n\n<div class=\"wp-block-column is-layout-flow wp-block-column-is-layout-flow\">\n<figure class=\"wp-block-image aligncenter size-large is-resized\"><img decoding=\"async\" width=\"70\" height=\"70\" src=\"https:\/\/obera.fr\/wp-content\/uploads\/2020\/10\/industrie-aerosols.jpg\" alt=\"Industria aerosolilor\" class=\"wp-image-1201\" style=\"width:70px;height:auto\"\/><figcaption class=\"wp-element-caption\">VOCS<\/figcaption><\/figure>\n<\/div>\n<\/div>\n<\/div>\n\n\n\n<div class=\"wp-block-column is-layout-flow wp-block-column-is-layout-flow\">\n<h3 class=\"wp-block-heading has-text-align-center\">Industrii<\/h3>\n\n\n\n<hr class=\"wp-block-separator has-css-opacity is-style-wide\"\/>\n\n\n\n<div class=\"wp-block-columns is-layout-flex wp-container-core-columns-is-layout-28f84493 wp-block-columns-is-layout-flex\">\n<div class=\"wp-block-column is-layout-flow wp-block-column-is-layout-flow\" style=\"flex-basis:100%\">\n<div style=\"height:47px\" aria-hidden=\"true\" class=\"wp-block-spacer\"><\/div>\n\n\n\n<p class=\"has-text-align-center\">Potrivit pentru toate tipurile de industrie<\/p>\n<\/div>\n\n\n\n<div class=\"wp-block-column is-layout-flow wp-block-column-is-layout-flow\"><\/div>\n<\/div>\n<\/div>\n<\/div>\n\n<div class=\"wp-block-buttons is-horizontal is-content-justification-center is-layout-flex wp-container-core-buttons-is-layout-03627597 wp-block-buttons-is-layout-flex\">\n<div class=\"wp-block-button has-custom-width wp-block-button__width-100\"><a class=\"wp-block-button__link wp-element-button\" href=\"https:\/\/obera.fr\/ro\/contactati-ne\/\">Afl\u0103 mai multe<\/a><\/div>\n<\/div>\n\n<h2 class=\"wp-block-heading\">Care sunt caracteristicile Clearbox-ului?<\/h2>\n\n<p>Clearbox este o <strong>unitate mobil\u0103 de aspirare<\/strong> fabricat\u0103 \u00een Fran\u021ba, cu o garan\u021bie de 5 ani \u0219i un debit de \u00eenalt\u0103 performan\u021b\u0103 de 2000 m\u00b3\/h. Dispune de 3 niveluri de filtrare de \u00eenalt\u0103 performan\u021b\u0103, care pot fi configurate \u00een func\u021bie de nevoile dumneavoastr\u0103. Este disponibil \u00een 2 niveluri de <strong>filtrare cu un pre-filtru G4 <\/strong>\u0219i un filtru de satura\u021bie F9 p\u00e2n\u0103 la H14, sau \u00een 3 niveluri cu c\u0103rbune activ.    <\/p>\n\n<p><\/p>\n\n<p>\u00cen plus, este disponibil \u00een trei versiuni: cu un bra\u021b de aspira\u021bie, cu o intrare tubular\u0103 sau <strong>sub forma unei mese de aspira\u021bie<\/strong> \u0219i poate fi adaptat \u0219i la o versiune ATEX pentru praf. Datorit\u0103 capacit\u0103\u021bii sale ridicate de adsorb\u021bie, acesta elimin\u0103 un num\u0103r maxim de poluan\u021bi.   <\/p>\n\n<p><\/p>\n\n<p>\u00cenlocuirea regulat\u0103 a filtrelor este esen\u021bial\u0103 pentru a men\u021bine func\u021bionarea f\u0103r\u0103 probleme a aparatului. Un <strong>sistem<\/strong> \u00eencorporat <strong>de m\u0103surare a \u00eenfund\u0103rii filtrelor<\/strong> indic\u0103 momentul \u00een care este timpul s\u0103 schimba\u021bi filtrele, iar \u00eenlocuirea mediilor filtrante este simpl\u0103. <\/p>\n\n<p><\/p>\n\n<p>Este Plug and Play, deci este u\u0219or de instalat. Echipat cu roti\u021be \u0219i cu un <strong>design deosebit de compact<\/strong>, este u\u0219or de manevrat \u0219i se adapteaz\u0103 oric\u0103rui mediu de lucru. <\/p>\n\n<p><\/p>\n\n<figure class=\"wp-block-table\"><table class=\"has-fixed-layout\"><tbody><tr><td><strong>Dispozitiv  <\/strong><\/td><td><\/td><td><strong>Cu bra\u021b  <\/strong><\/td><td><strong>Intrare tubular\u0103  <\/strong><\/td><td><strong>Tabel<\/strong><\/td><\/tr><tr><td>Debit maxim  <\/td><td>m3\/h  <\/td><td>2000  <\/td><td>2500  <\/td><td>5000<\/td><\/tr><tr><td>Reglarea debitului<\/td><td>%\u00a0<\/td><td>0-100  <\/td><td>0-100  <\/td><td>0-100<\/td><\/tr><tr><td>Capacitatea instalat\u0103<\/td><td>W  <\/td><td>750  <\/td><td>750  <\/td><td>750<\/td><\/tr><tr><td>Surs\u0103 de alimentare  <\/td><td>V  <\/td><td>230  <\/td><td>230  <\/td><td>230<\/td><\/tr><tr><td>Dimensiuni generale (WxLxH)<\/td><td>mm  <\/td><td>710x710x2050  <\/td><td>710x710x2050  <\/td><td>710x710x2050<\/td><\/tr><tr><td>Greutate  <\/td><td>kg  <\/td><td>70  <\/td><td>75  <\/td><td>75<\/td><\/tr><tr><td>Nivelul de zgomot  <\/td><td>dB  <\/td><td>72  <\/td><td>72  <\/td><td>72<\/td><\/tr><\/tbody><\/table><\/figure>\n","protected":false},"excerpt":{"rendered":"<p>Clearbox este o unitate mobil\u0103 de extrac\u021bie fabricat\u0103 \u00een Fran\u021ba, cu o garan\u021bie de 5 ani \u0219i un debit de \u00eenalt\u0103 performan\u021b\u0103. Este special conceput pentru tratarea compu\u0219ilor organici volatili (COV), gazelor, mirosurilor, solven\u021bilor, prafului \u0219i fumului. Aceast\u0103 unitate ofer\u0103 diferite niveluri de filtrare, de la 2 la 3 trepte, \u0219i poate fi configurat\u0103 \u00een func\u021bie de nevoile dumneavoastr\u0103 specifice, garant\u00e2nd o eficien\u021b\u0103 optim\u0103 \u00eeneliminarea poluan\u021bilor. Este echipat cu un prefiltru G4, filtre de satura\u021bie F9 p\u00e2n\u0103 la H14 pentru praf \u0219i fum \u0219i poate \u00eencorpora c\u0103rbune activ pentru tratarea gazelor \u0219i a COV-urilor. \u00cen plus, este disponibil \u00een trei &#8230; <\/p>\n<p class=\"read-more-container\"><a title=\"Clearbox\" class=\"read-more button\" href=\"https:\/\/obera.fr\/ro\/cutie-transparenta\/#more-115355\" aria-label=\"Cite\u0219te mai multe despre Clearbox\">Lire la suite<\/a><\/p>\n","protected":false},"author":4,"featured_media":0,"parent":0,"menu_order":0,"comment_status":"closed","ping_status":"closed","template":"","meta":{"_acf_changed":false,"_seopress_robots_primary_cat":"","_seopress_titles_title":"Clearbox: unitate mobil\u0103 de aspirare de \u00eenalt\u0103 performan\u021b\u0103","_seopress_titles_desc":"Descoperi\u021bi Clearbox, unitatea mobil\u0103 de extrac\u021bie de \u00eenalt\u0103 performan\u021b\u0103 pentru COV, gaze, fum \u0219i praf. Fabricat \u00een Fran\u021ba, garantat timp de 5 ani, configurabil \u0219i compact. ","_seopress_robots_index":"","footnotes":""},"class_list":{"0":"post-115355","1":"page","2":"type-page","3":"status-publish","5":"no-featured-image-padding"},"acf":[],"_links":{"self":[{"href":"https:\/\/obera.fr\/ro\/wp-json\/wp\/v2\/pages\/115355","targetHints":{"allow":["GET"]}}],"collection":[{"href":"https:\/\/obera.fr\/ro\/wp-json\/wp\/v2\/pages"}],"about":[{"href":"https:\/\/obera.fr\/ro\/wp-json\/wp\/v2\/types\/page"}],"author":[{"embeddable":true,"href":"https:\/\/obera.fr\/ro\/wp-json\/wp\/v2\/users\/4"}],"replies":[{"embeddable":true,"href":"https:\/\/obera.fr\/ro\/wp-json\/wp\/v2\/comments?post=115355"}],"version-history":[{"count":1,"href":"https:\/\/obera.fr\/ro\/wp-json\/wp\/v2\/pages\/115355\/revisions"}],"predecessor-version":[{"id":115357,"href":"https:\/\/obera.fr\/ro\/wp-json\/wp\/v2\/pages\/115355\/revisions\/115357"}],"wp:attachment":[{"href":"https:\/\/obera.fr\/ro\/wp-json\/wp\/v2\/media?parent=115355"}],"curies":[{"name":"wp","href":"https:\/\/api.w.org\/{rel}","templated":true}]}}