{"id":115406,"date":"2025-06-26T12:11:21","date_gmt":"2025-06-26T10:11:21","guid":{"rendered":"https:\/\/obera.fr\/produits\/caissons-mobiles-aspiration\/cutie-transparenta\/"},"modified":"2025-07-08T12:06:10","modified_gmt":"2025-07-08T10:06:10","slug":"cutie-transparenta","status":"publish","type":"page","link":"https:\/\/obera.fr\/ro\/produits\/caissons-mobiles-aspiration\/cutie-transparenta\/","title":{"rendered":"Clearbox"},"content":{"rendered":"\n<p>Clearbox este o <strong>unitate mobil\u0103 de extrac\u021bie fabricat\u0103 \u00een Fran\u021ba<\/strong>, cu o garan\u021bie de 5 ani \u0219i un debit de \u00eenalt\u0103 performan\u021b\u0103. Este special conceput pentru tratarea compu\u0219ilor organici volatili (COV), gazelor, mirosurilor, solven\u021bilor, prafului \u0219i fumului. <\/p>\n\n\n<div class=\"wp-block-columns is-layout-flex wp-container-core-columns-is-layout-28f84493 wp-block-columns-is-layout-flex\">\n<div class=\"wp-block-column is-layout-flow wp-block-column-is-layout-flow\">\n<p>Aceast\u0103 unitate <strong>ofer\u0103 diferite niveluri de filtrare<\/strong>, de la 2 la 3 trepte, \u0219i poate fi configurat\u0103 \u00een func\u021bie de nevoile dumneavoastr\u0103 specifice, garant\u00e2nd o eficien\u021b\u0103 optim\u0103 \u00een eliminarea poluan\u021bilor. Este echipat cu un prefiltru G4, filtre de satura\u021bie F9 p\u00e2n\u0103 la H14 pentru praf \u0219i fum \u0219i poate \u00eencorpora c\u0103rbune activ pentru <strong>tratarea gazelor \u0219i a COV-urilor<\/strong>. <\/p>\n\n\n\n<p><br\/>\u00cen plus, este disponibil \u00een trei versiuni: cu un bra\u021b de aspira\u021bie, cu o intrare tubular\u0103 sau sub forma unei mese de aspira\u021bie. De asemenea, este disponibil\u0103 o <strong>versiune ATEX pentru praf<\/strong>. <\/p>\n\n\n\n<div class=\"wp-block-columns is-layout-flex wp-container-core-columns-is-layout-28f84493 wp-block-columns-is-layout-flex\">\n<div class=\"wp-block-column is-layout-flow wp-block-column-is-layout-flow\">\n<figure class=\"wp-block-image aligncenter size-large\"><img decoding=\"async\" width=\"1024\" height=\"1024\" src=\"https:\/\/obera.fr\/wp-content\/uploads\/2025\/07\/clearbox-bras-1024x1024.png\" alt=\"bra&#x21B; clearbox\" class=\"wp-image-120328\" srcset=\"https:\/\/obera.fr\/wp-content\/uploads\/2025\/07\/clearbox-bras-1024x1024.png 1024w, https:\/\/obera.fr\/wp-content\/uploads\/2025\/07\/clearbox-bras-300x300.png 300w, https:\/\/obera.fr\/wp-content\/uploads\/2025\/07\/clearbox-bras-150x150.png 150w, https:\/\/obera.fr\/wp-content\/uploads\/2025\/07\/clearbox-bras-768x768.png 768w, https:\/\/obera.fr\/wp-content\/uploads\/2025\/07\/clearbox-bras.png 1200w\" sizes=\"(max-width: 1024px) 100vw, 1024px\" \/><figcaption class=\"wp-element-caption\">CLEARBOX BRS<\/figcaption><\/figure>\n<\/div>\n\n\n\n<div class=\"wp-block-column is-layout-flow wp-block-column-is-layout-flow\">\n<figure class=\"wp-block-image aligncenter size-large\"><img decoding=\"async\" width=\"1024\" height=\"1024\" src=\"https:\/\/obera.fr\/wp-content\/uploads\/2025\/07\/clearbox-entree-tubee-82-1-1024x1024.png\" alt=\"Intrare tub clearbox 82\" class=\"wp-image-120351\" srcset=\"https:\/\/obera.fr\/wp-content\/uploads\/2025\/07\/clearbox-entree-tubee-82-1-1024x1024.png 1024w, https:\/\/obera.fr\/wp-content\/uploads\/2025\/07\/clearbox-entree-tubee-82-1-300x300.png 300w, https:\/\/obera.fr\/wp-content\/uploads\/2025\/07\/clearbox-entree-tubee-82-1-150x150.png 150w, https:\/\/obera.fr\/wp-content\/uploads\/2025\/07\/clearbox-entree-tubee-82-1-768x768.png 768w, https:\/\/obera.fr\/wp-content\/uploads\/2025\/07\/clearbox-entree-tubee-82-1.png 1200w\" sizes=\"(max-width: 1024px) 100vw, 1024px\" \/><figcaption class=\"wp-element-caption\">CLEARBOX TB<\/figcaption><\/figure>\n<\/div>\n\n\n\n<div class=\"wp-block-column is-layout-flow wp-block-column-is-layout-flow\">\n<figure class=\"wp-block-image aligncenter size-large\"><img decoding=\"async\" width=\"1024\" height=\"1024\" src=\"https:\/\/obera.fr\/wp-content\/uploads\/2025\/07\/clearbox-table-1024x1024.png\" alt=\"mas&#x103; clearbox\" class=\"wp-image-120374\" srcset=\"https:\/\/obera.fr\/wp-content\/uploads\/2025\/07\/clearbox-table-1024x1024.png 1024w, https:\/\/obera.fr\/wp-content\/uploads\/2025\/07\/clearbox-table-300x300.png 300w, https:\/\/obera.fr\/wp-content\/uploads\/2025\/07\/clearbox-table-150x150.png 150w, https:\/\/obera.fr\/wp-content\/uploads\/2025\/07\/clearbox-table-768x768.png 768w, https:\/\/obera.fr\/wp-content\/uploads\/2025\/07\/clearbox-table.png 1200w\" sizes=\"(max-width: 1024px) 100vw, 1024px\" \/><figcaption class=\"wp-element-caption\">CLEARBOX TSP<\/figcaption><\/figure>\n<\/div>\n<\/div>\n\n\n\n<p><\/p>\n\n\n\n<hr class=\"wp-block-separator has-css-opacity is-style-dots\"\/>\n\n\n\n<div class=\"wp-block-columns is-layout-flex wp-container-core-columns-is-layout-28f84493 wp-block-columns-is-layout-flex\">\n<div class=\"wp-block-column is-layout-flow wp-block-column-is-layout-flow\" style=\"flex-basis:33.33%\">\n<div class=\"wp-block-buttons is-layout-flex wp-block-buttons-is-layout-flex\">\n<div class=\"wp-block-button\"><a class=\"wp-block-button__link wp-element-button\" href=\"https:\/\/obera.fr\/wp-content\/uploads\/2025\/06\/fr-caisson-mobile-daspiration-clearbox.pdf\">DESC\u0102RCA\u021aI BRO\u0218URA<\/a><\/div>\n<\/div>\n<\/div>\n\n\n\n<div class=\"wp-block-column is-layout-flow wp-block-column-is-layout-flow\" style=\"flex-basis:33.34%\">\n<div class=\"wp-block-buttons is-horizontal is-content-justification-center is-layout-flex wp-container-core-buttons-is-layout-03627597 wp-block-buttons-is-layout-flex\">\n<div class=\"wp-block-button has-custom-width wp-block-button__width-100\"><a class=\"wp-block-button__link wp-element-button\" href=\"https:\/\/obera.fr\/ro\/contactati-ne\/\">Afl\u0103 mai multe<\/a><\/div>\n<\/div>\n<\/div>\n\n\n\n<div class=\"wp-block-column is-layout-flow wp-block-column-is-layout-flow\" style=\"flex-basis:33.34%\">\n<div class=\"wp-block-buttons is-content-justification-center is-layout-flex wp-container-core-buttons-is-layout-a89b3969 wp-block-buttons-is-layout-flex\">\n<div class=\"wp-block-button btn-devis-source\"><a class=\"wp-block-button__link wp-element-button\" href=\"https:\/\/obera.fr\/ro\/devis\/\">Solicita\u021bi o ofert\u0103<\/a><\/div>\n<\/div>\n\n\n<script>\r\ndocument.addEventListener('DOMContentLoaded', function() {\r\n    \/\/ 1. On cherche le titre H1 de la page\r\n    var h1 = document.querySelector('h1');\r\n    var productTitle = h1 ? h1.innerText.trim() : \"\";\r\n\r\n    \/\/ 2. On cherche les boutons via la classe CSS .btn-devis-source\r\n    var buttons = document.querySelectorAll('.btn-devis-source a');\r\n\r\n    \/\/ 3. Si on a le titre et les boutons, on ajoute le param\u00e8tre\r\n    if (buttons.length > 0 && productTitle !== \"\") {\r\n        var encodedTitle = encodeURIComponent(productTitle);\r\n\r\n        buttons.forEach(function(btn) {\r\n            var currentHref = btn.getAttribute('href');\r\n            \r\n            \/\/ S\u00e9curit\u00e9 pour ne pas ajouter le param\u00e8tre 2 fois\r\n            if (currentHref.indexOf('sujet=') === -1) {\r\n                var separator = currentHref.indexOf('?') !== -1 ? '&' : '?';\r\n                var newLink = currentHref + separator + 'sujet=' + encodedTitle;\r\n                \r\n                btn.setAttribute('href', newLink);\r\n            }\r\n        });\r\n    }\r\n});\r\n<\/script><\/div>\n<\/div>\n<\/div>\n<\/div>\n\n<div class=\"wp-block-columns is-layout-flex wp-container-core-columns-is-layout-28f84493 wp-block-columns-is-layout-flex\">\n<div class=\"wp-block-column is-layout-flow wp-block-column-is-layout-flow\" style=\"flex-basis:33.34%\">\n<p><\/p>\n\n\n\n<h3 class=\"wp-block-heading\">Beneficii<\/h3>\n\n\n\n<ul class=\"wp-block-list\">\n<li>Ventilator cu randament foarte ridicat<\/li>\n\n\n\n<li>Silen\u021bios<\/li>\n\n\n\n<li>Mobil, u\u0219or \u0219i u\u0219or de manevrat<\/li>\n\n\n\n<li>Amprent\u0103 mic\u0103<\/li>\n\n\n\n<li>\u00centre\u021binere u\u0219oar\u0103 a filtrului<\/li>\n\n\n\n<li>Debit reglabil de la 0 la 100%.<\/li>\n\n\n\n<li>Alimentare cu priz\u0103 standard de 230V<\/li>\n<\/ul>\n<\/div>\n\n\n\n<div class=\"wp-block-column is-layout-flow wp-block-column-is-layout-flow\" style=\"flex-basis:33.34%\">\n<p><\/p>\n\n\n\n<h3 class=\"wp-block-heading\">Caracteristici speciale<\/h3>\n\n\n\n<ul class=\"wp-block-list\">\n<li>\u00cenlocuirea u\u0219oar\u0103 a mediului filtrant<\/li>\n\n\n\n<li>Actualizabil \u0219i configurabil<\/li>\n\n\n\n<li>Capacitate mare de adsorb\u021bie<\/li>\n\n\n\n<li>Contor de ore<\/li>\n\n\n\n<li>M\u0103surarea \u00eenfund\u0103rii filtrului<\/li>\n\n\n\n<li>Reglarea debitului de la 0 la 100%.<\/li>\n\n\n\n<li>Sistem Plug &amp; Play<\/li>\n\n\n\n<li>Op\u021biune ATEX pentru praf<\/li>\n<\/ul>\n<\/div>\n\n\n\n<div class=\"wp-block-column is-layout-flow wp-block-column-is-layout-flow\" style=\"flex-basis:33.33%\">\n<p><\/p>\n\n\n\n<h3 class=\"wp-block-heading\">Caracteristici<\/h3>\n\n\n\n<ul class=\"wp-block-list\">\n<li>Debit max. : 2000m3\/h<\/li>\n\n\n\n<li>Putere instalat\u0103: 750W<\/li>\n\n\n\n<li>Alimentare: 230V<\/li>\n\n\n\n<li>Dimensiuni: 710 x710 x 2050<\/li>\n\n\n\n<li>Greutate: 70 kg<\/li>\n\n\n\n<li>Nivel de zgomot: 72Db<\/li>\n<\/ul>\n<\/div>\n<\/div>\n\n<h2 class=\"wp-block-heading\">Pentru ce utiliz\u0103ri?<\/h2>\n\n<p><strong>Clearbox este un dispozitiv la \u00eendem\u00e2n\u0103, compact,<\/strong> conceput pentru captarea \u0219i tratarea eficient\u0103 a poluan\u021bilor gazo\u0219i, mirosurilor, prafului \u0219i fumului. Echipat cu ro\u021bi, este u\u0219or de montat \u00een orice spa\u021biu de lucru \u0219i poate <strong>trata at\u00e2t sta\u021biile de lucru fixe, c\u00e2t \u0219i cele mobile<\/strong>. <\/p>\n\n<p><br\/><strong>Clearbox este echipat cu un pre-filtru G4<\/strong>, filtre de satura\u021bie F9 p\u00e2n\u0103 la H14 \u0219i, dac\u0103 este necesar, carbon activ. Este disponibil \u0219i \u00een versiunea ATEX pentru praf. \u00centre\u021binerea regulat\u0103 a filtrelor este esen\u021bial\u0103 pentru ca unitatea s\u0103 func\u021bioneze corect.  <\/p>\n\n<div class=\"wp-block-columns is-layout-flex wp-container-core-columns-is-layout-28f84493 wp-block-columns-is-layout-flex\">\n<div class=\"wp-block-column is-layout-flow wp-block-column-is-layout-flow\">\n<h3 class=\"wp-block-heading has-text-align-center\">Poluan\u021bi<\/h3>\n\n\n\n<div class=\"wp-block-columns is-layout-flex wp-container-core-columns-is-layout-28f84493 wp-block-columns-is-layout-flex\">\n<div class=\"wp-block-column is-layout-flow wp-block-column-is-layout-flow\">\n<figure class=\"wp-block-image aligncenter size-large\"><img decoding=\"async\" width=\"70\" height=\"70\" src=\"https:\/\/obera.fr\/wp-content\/uploads\/2021\/03\/industrie-fumees.jpg\" alt=\"vapori din industrie\" class=\"wp-image-4971\"\/><figcaption class=\"wp-element-caption\">Fumuri<\/figcaption><\/figure>\n\n\n\n<figure class=\"wp-block-image aligncenter size-large\"><img decoding=\"async\" width=\"70\" height=\"70\" src=\"https:\/\/obera.fr\/wp-content\/uploads\/2020\/09\/cov.png\" alt=\"Cov\" class=\"wp-image-959\"\/><figcaption class=\"wp-element-caption\">VOCS<\/figcaption><\/figure>\n<\/div>\n\n\n\n<div class=\"wp-block-column is-layout-flow wp-block-column-is-layout-flow\">\n<figure class=\"wp-block-image aligncenter size-large\"><img decoding=\"async\" width=\"70\" height=\"70\" src=\"https:\/\/obera.fr\/wp-content\/uploads\/2021\/03\/polluants-poussieres-1.jpg\" alt=\"poluan&#x21B;ii de praf 1\" class=\"wp-image-4969\"\/><figcaption class=\"wp-element-caption\">Praf<\/figcaption><\/figure>\n\n\n\n<figure class=\"wp-block-image aligncenter size-full is-resized\"><img decoding=\"async\" width=\"512\" height=\"512\" src=\"https:\/\/obera.fr\/wp-content\/uploads\/2025\/06\/gaz-naturel.png\" alt=\"gaze naturale\" class=\"wp-image-108886\" style=\"width:75px;height:auto\" srcset=\"https:\/\/obera.fr\/wp-content\/uploads\/2025\/06\/gaz-naturel.png 512w, https:\/\/obera.fr\/wp-content\/uploads\/2025\/06\/gaz-naturel-300x300.png 300w, https:\/\/obera.fr\/wp-content\/uploads\/2025\/06\/gaz-naturel-150x150.png 150w\" sizes=\"(max-width: 512px) 100vw, 512px\" \/><figcaption class=\"wp-element-caption\">Gaz<\/figcaption><\/figure>\n<\/div>\n<\/div>\n<\/div>\n\n\n\n<div class=\"wp-block-column is-layout-flow wp-block-column-is-layout-flow\">\n<h3 class=\"wp-block-heading has-text-align-center\">industrii<\/h3>\n\n\n\n<div class=\"wp-block-columns is-layout-flex wp-container-core-columns-is-layout-28f84493 wp-block-columns-is-layout-flex\">\n<div class=\"wp-block-column is-layout-flow wp-block-column-is-layout-flow\">\n<figure class=\"wp-block-image aligncenter size-large\"><img decoding=\"async\" width=\"70\" height=\"70\" src=\"https:\/\/obera.fr\/wp-content\/uploads\/2020\/08\/industrie-metallurgie.jpg\" alt=\"Industria metalurgic&#x103;\" class=\"wp-image-673\"\/><figcaption class=\"wp-element-caption\">Metalurgie<\/figcaption><\/figure>\n\n\n\n<figure class=\"wp-block-image aligncenter size-large\"><img decoding=\"async\" width=\"70\" height=\"70\" src=\"https:\/\/obera.fr\/wp-content\/uploads\/2020\/08\/industrie-plastique.jpg\" alt=\"Industria maselor plastice\" class=\"wp-image-669\"\/><figcaption class=\"wp-element-caption\">Materiale plastice<\/figcaption><\/figure>\n\n\n\n<figure class=\"wp-block-image aligncenter size-large\"><img decoding=\"async\" width=\"70\" height=\"70\" src=\"https:\/\/obera.fr\/wp-content\/uploads\/2020\/08\/industrie-minerai.jpg\" alt=\"Industria minereurilor\" class=\"wp-image-724\"\/><figcaption class=\"wp-element-caption\">Minerale<\/figcaption><\/figure>\n\n\n\n<figure class=\"wp-block-image aligncenter size-large\"><img decoding=\"async\" width=\"70\" height=\"70\" src=\"https:\/\/obera.fr\/wp-content\/uploads\/2020\/08\/industrie-papier-carton.jpg\" alt=\"Industria h&#xE2;rtiei &#x219;i cartonului\" class=\"wp-image-670\"\/><figcaption class=\"wp-element-caption\">H\u00e2rtie\/carton<\/figcaption><\/figure>\n<\/div>\n\n\n\n<div class=\"wp-block-column is-layout-flow wp-block-column-is-layout-flow\">\n<figure class=\"wp-block-image aligncenter size-large\"><img decoding=\"async\" width=\"70\" height=\"70\" src=\"https:\/\/obera.fr\/wp-content\/uploads\/2020\/08\/industrie-bois.jpg\" alt=\"Industria lemnului\" class=\"wp-image-672\"\/><figcaption class=\"wp-element-caption\">Prelucrarea lemnului<\/figcaption><\/figure>\n\n\n\n<figure class=\"wp-block-image aligncenter size-large\"><img decoding=\"async\" width=\"70\" height=\"70\" src=\"https:\/\/obera.fr\/wp-content\/uploads\/2020\/08\/industrie-textile.jpg\" alt=\"Industria textil&#x103;\" class=\"wp-image-671\"\/><figcaption class=\"wp-element-caption\">Textile<\/figcaption><\/figure>\n\n\n\n<figure class=\"wp-block-image aligncenter size-large\"><img decoding=\"async\" width=\"70\" height=\"70\" src=\"https:\/\/obera.fr\/wp-content\/uploads\/2020\/08\/industrie-chimie.jpg\" alt=\"Industria chimic&#x103;\" class=\"wp-image-725\"\/><figcaption class=\"wp-element-caption\">Produse chimice\/petrochimice<\/figcaption><\/figure>\n\n\n\n<figure class=\"wp-block-image aligncenter size-large\"><img decoding=\"async\" width=\"70\" height=\"70\" src=\"https:\/\/obera.fr\/wp-content\/uploads\/2020\/08\/industrie-dechets.jpg\" alt=\"De&#x219;euri industriale\" class=\"wp-image-726\"\/><figcaption class=\"wp-element-caption\">Colectarea \u0219i sortarea de\u0219eurilor<\/figcaption><\/figure>\n<\/div>\n<\/div>\n<\/div>\n<\/div>\n\n<h2 class=\"wp-block-heading\">Care sunt caracteristicile Clearbox-ului?<\/h2>\n\n<p><br\/><strong>Clearbox este o unitate mobil\u0103 de aspirare<\/strong> fabricat\u0103 \u00een Fran\u021ba, cu o garan\u021bie de 5 ani \u0219i un debit de \u00eenalt\u0103 performan\u021b\u0103 de 2000 m3\/h. Dispune de 3 niveluri de filtrare de \u00eenalt\u0103 performan\u021b\u0103, care pot fi configurate \u00een func\u021bie de nevoile dumneavoastr\u0103. Este disponibil \u00een <strong>2 niveluri de filtrare cu un pre-filtru G4<\/strong> \u0219i un filtru de satura\u021bie F9 p\u00e2n\u0103 la H14, sau \u00een 3 niveluri cu c\u0103rbune activ.  <\/p>\n\n<p><br\/>\u00cen plus, este disponibil \u00een trei versiuni: cu un<strong> bra\u021b de aspira\u021bie<\/strong>, cu o intrare tubular\u0103 sau sub forma unei <strong>mese de aspira\u021bie<\/strong> \u0219i poate fi adaptat \u0219i la o versiune ATEX pentru praf. Datorit\u0103 capacit\u0103\u021bii sale ridicate de adsorb\u021bie, acesta elimin\u0103 un num\u0103r maxim de poluan\u021bi. <\/p>\n\n<p><br\/><strong> \u00cenlocuirea regulat\u0103 a filtrelor<\/strong> este esen\u021bial\u0103 pentru a men\u021bine func\u021bionarea f\u0103r\u0103 probleme a aparatului. Un sistem \u00eencorporat de m\u0103surare a \u00eenfund\u0103rii filtrelor indic\u0103 momentul \u00een care este timpul s\u0103 schimba\u021bi filtrele, iar \u00eenlocuirea mediilor filtrante este simpl\u0103. <\/p>\n\n<p><\/p>\n\n<p>Este <strong>Plug and Play<\/strong>, deci este u\u0219or de instalat. Echipat cu roti\u021be \u0219i cu un design deosebit de compact, este u\u0219or de manevrat \u0219i se adapteaz\u0103 oric\u0103rui mediu de lucru. <\/p>\n\n<figure class=\"wp-block-table\"><table class=\"has-fixed-layout\"><thead><tr><th class=\"has-text-align-center\" data-align=\"center\">Dispozitiv<\/th><th class=\"has-text-align-center\" data-align=\"center\"><\/th><th class=\"has-text-align-center\" data-align=\"center\">Cu bra\u021b<\/th><th class=\"has-text-align-center\" data-align=\"center\">Intrare tubular\u0103<\/th><th class=\"has-text-align-center\" data-align=\"center\">Tabel<\/th><\/tr><\/thead><tbody><tr><td class=\"has-text-align-center\" data-align=\"center\">Debit maxim<\/td><td class=\"has-text-align-center\" data-align=\"center\">m3\/h<\/td><td class=\"has-text-align-center\" data-align=\"center\">2000<\/td><td class=\"has-text-align-center\" data-align=\"center\">2500<\/td><td class=\"has-text-align-center\" data-align=\"center\">5000<\/td><\/tr><tr><td class=\"has-text-align-center\" data-align=\"center\">Reglarea debitului<\/td><td class=\"has-text-align-center\" data-align=\"center\">%<\/td><td class=\"has-text-align-center\" data-align=\"center\">0-100<\/td><td class=\"has-text-align-center\" data-align=\"center\">0-100<\/td><td class=\"has-text-align-center\" data-align=\"center\">0-100<\/td><\/tr><tr><td class=\"has-text-align-center\" data-align=\"center\">Capacitatea instalat\u0103<\/td><td class=\"has-text-align-center\" data-align=\"center\">W<\/td><td class=\"has-text-align-center\" data-align=\"center\">750<\/td><td class=\"has-text-align-center\" data-align=\"center\">750<\/td><td class=\"has-text-align-center\" data-align=\"center\">750<\/td><\/tr><tr><td class=\"has-text-align-center\" data-align=\"center\">Surs\u0103 de alimentare<\/td><td class=\"has-text-align-center\" data-align=\"center\">V<\/td><td class=\"has-text-align-center\" data-align=\"center\">230<\/td><td class=\"has-text-align-center\" data-align=\"center\">230<\/td><td class=\"has-text-align-center\" data-align=\"center\">230<\/td><\/tr><tr><td class=\"has-text-align-center\" data-align=\"center\">Dimensiuni generale (WxLxH)<\/td><td class=\"has-text-align-center\" data-align=\"center\">Mm<\/td><td class=\"has-text-align-center\" data-align=\"center\">710x710x2050<\/td><td class=\"has-text-align-center\" data-align=\"center\">710x710x2050<\/td><td class=\"has-text-align-center\" data-align=\"center\">710x710x2050<\/td><\/tr><tr><td class=\"has-text-align-center\" data-align=\"center\">Greutate<\/td><td class=\"has-text-align-center\" data-align=\"center\">kg<\/td><td class=\"has-text-align-center\" data-align=\"center\">70<\/td><td class=\"has-text-align-center\" data-align=\"center\">75<\/td><td class=\"has-text-align-center\" data-align=\"center\">75<\/td><\/tr><tr><td class=\"has-text-align-center\" data-align=\"center\">Nivelul de zgomot<\/td><td class=\"has-text-align-center\" data-align=\"center\">dB<\/td><td class=\"has-text-align-center\" data-align=\"center\">72<\/td><td class=\"has-text-align-center\" data-align=\"center\">72<\/td><td class=\"has-text-align-center\" data-align=\"center\">72<\/td><\/tr><\/tbody><\/table><\/figure>\n\n<p><\/p>\n","protected":false},"excerpt":{"rendered":"<p>Clearbox este o unitate mobil\u0103 de extrac\u021bie fabricat\u0103 \u00een Fran\u021ba, cu o garan\u021bie de 5 ani \u0219i un debit de \u00eenalt\u0103 performan\u021b\u0103. Este special conceput pentru tratarea compu\u0219ilor organici volatili (COV), gazelor, mirosurilor, solven\u021bilor, prafului \u0219i fumului. Aceast\u0103 unitate ofer\u0103 diferite niveluri de filtrare, de la 2 la 3 trepte, \u0219i poate fi configurat\u0103 \u00een func\u021bie de nevoile dumneavoastr\u0103 specifice, garant\u00e2nd o eficien\u021b\u0103 optim\u0103 \u00een eliminarea poluan\u021bilor. Este echipat cu un prefiltru G4, filtre de satura\u021bie F9 p\u00e2n\u0103 la H14 pentru praf \u0219i fum \u0219i poate \u00eencorpora c\u0103rbune activ pentru tratarea gazelor \u0219i a COV-urilor. \u00cen plus, este disponibil \u00een &#8230; <\/p>\n<p class=\"read-more-container\"><a title=\"Clearbox\" class=\"read-more button\" href=\"https:\/\/obera.fr\/ro\/produits\/caissons-mobiles-aspiration\/cutie-transparenta\/#more-115406\" aria-label=\"Cite\u0219te mai multe despre Clearbox\">Lire la suite<\/a><\/p>\n","protected":false},"author":4,"featured_media":103627,"parent":39652,"menu_order":0,"comment_status":"closed","ping_status":"closed","template":"","meta":{"_acf_changed":false,"_seopress_robots_primary_cat":"","_seopress_titles_title":"Clearbox: unitate mobil\u0103 de extrac\u021bie a COV","_seopress_titles_desc":"Unitate mobil\u0103 de aspirare Clearbox: filtrare de \u00eenalt\u0103 eficien\u021b\u0103 a COV-urilor, fumurilor \u0219i mirosurilor. Compact, silen\u021bios, configurabil \u0219i garantat timp de 5 ani. ","_seopress_robots_index":"","footnotes":""},"class_list":{"0":"post-115406","1":"page","2":"type-page","3":"status-publish","4":"has-post-thumbnail","6":"no-featured-image-padding","7":"resize-featured-image"},"acf":[],"_links":{"self":[{"href":"https:\/\/obera.fr\/ro\/wp-json\/wp\/v2\/pages\/115406","targetHints":{"allow":["GET"]}}],"collection":[{"href":"https:\/\/obera.fr\/ro\/wp-json\/wp\/v2\/pages"}],"about":[{"href":"https:\/\/obera.fr\/ro\/wp-json\/wp\/v2\/types\/page"}],"author":[{"embeddable":true,"href":"https:\/\/obera.fr\/ro\/wp-json\/wp\/v2\/users\/4"}],"replies":[{"embeddable":true,"href":"https:\/\/obera.fr\/ro\/wp-json\/wp\/v2\/comments?post=115406"}],"version-history":[{"count":2,"href":"https:\/\/obera.fr\/ro\/wp-json\/wp\/v2\/pages\/115406\/revisions"}],"predecessor-version":[{"id":120432,"href":"https:\/\/obera.fr\/ro\/wp-json\/wp\/v2\/pages\/115406\/revisions\/120432"}],"up":[{"embeddable":true,"href":"https:\/\/obera.fr\/ro\/wp-json\/wp\/v2\/pages\/39652"}],"wp:featuredmedia":[{"embeddable":true,"href":"https:\/\/obera.fr\/ro\/wp-json\/wp\/v2\/media\/103627"}],"wp:attachment":[{"href":"https:\/\/obera.fr\/ro\/wp-json\/wp\/v2\/media?parent=115406"}],"curies":[{"name":"wp","href":"https:\/\/api.w.org\/{rel}","templated":true}]}}