{"id":38253,"date":"2022-10-15T01:42:46","date_gmt":"2022-10-14T23:42:46","guid":{"rendered":"https:\/\/obera.fr\/produsele-noastre\/brate-si-dispozitive-de-preluare\/"},"modified":"2025-04-22T09:37:32","modified_gmt":"2025-04-22T07:37:32","slug":"bras-dispositifs-captation","status":"publish","type":"page","link":"https:\/\/obera.fr\/ro\/produits\/bras-dispositifs-captation\/","title":{"rendered":"Bra\u021be \u0219i dispozitive de preluare"},"content":{"rendered":"\n<p><strong>Echipamentele<\/strong> noastre <strong>industriale de aspira\u021bie \u0219i colectare<\/strong> includ bra\u021be de aspira\u021bie \u0219i colectare, mese de aspira\u021bie, sp\u0103tare de aspira\u021bie \u0219i diferite hote de colectare \u0219i extragere a aerului. Aceste sisteme industriale de captare a aerului permit ca poluan\u021bii s\u0103 fie extra\u0219i \u0219i capta\u021bi eficient \u0219i precis, direct la surs\u0103. <\/p>\n\n\n<h2 class=\"wp-block-heading\">\u00cen gama noastr\u0103 de echipamente industriale de aspirare \u0219i colectare<\/h2>\n\n<div class=\"wp-block-columns is-layout-flex wp-container-core-columns-is-layout-28f84493 wp-block-columns-is-layout-flex\">\n<div class=\"wp-block-column is-layout-flow wp-block-column-is-layout-flow\">\n<h3 class=\"wp-block-heading has-text-align-center\"><br\/>Bra\u021b de laborator industrial<\/h3>\n\n\n\n<figure class=\"wp-block-image aligncenter size-medium is-resized\"><a href=\"https:\/\/obera.fr\/produits\/bras-dispositifs-captation\/bras-de-laboratoire\/\"><img decoding=\"async\" width=\"300\" height=\"300\" src=\"https:\/\/obera.fr\/wp-content\/uploads\/2022\/12\/bras-laboratoire-fumees-gar-odeur-600x600-1-300x300.png\" alt=\"bra&#x21B; de laborator pentru fum &#x219;i mirosuri 600x600 1\" class=\"wp-image-16559\" srcset=\"https:\/\/obera.fr\/wp-content\/uploads\/2022\/12\/bras-laboratoire-fumees-gar-odeur-600x600-1-300x300.png 300w, https:\/\/obera.fr\/wp-content\/uploads\/2022\/12\/bras-laboratoire-fumees-gar-odeur-600x600-1-150x150.png 150w, https:\/\/obera.fr\/wp-content\/uploads\/2022\/12\/bras-laboratoire-fumees-gar-odeur-600x600-1.png 600w\" sizes=\"(max-width: 300px) 100vw, 300px\" \/><\/a><figcaption class=\"wp-element-caption\">Bra\u021be de laborator<\/figcaption><\/figure>\n\n\n\n<p>Gama noastr\u0103 de <a href=\"https:\/\/obera.fr\/ro\/produits\/bras-dispositifs-captation\/bras-de-laboratoire\/\" data-type=\"page\" data-id=\"497\">bra\u021be de laborator<\/a> este solu\u021bia ideal\u0103 pentru extragerea \u0219i captarea fumurilor \u0219i vaporilor de la posturi de lucru fixe (bancuri de lucru, laboratoare). Acestea sunt u\u0219or de manevrat \u0219i pot fi pozi\u021bionate c\u00e2t mai aproape posibil de sursa de poluare. Gama noastr\u0103 de bra\u021be de laborator poate fi furnizat\u0103 cu o serie de accesorii, inclusiv un suport de perete \u0219i o hot\u0103 rotund\u0103 sau dreptunghiular\u0103.  <\/p>\n\n\n\n<p>Bra\u021bele noastre de laborator sunt disponibile \u00een :<\/p>\n\n\n\n<ul class=\"wp-block-list\">\n<li>Aluminiu, pentru majoritatea aplica\u021biilor.<\/li>\n\n\n\n<li>Antistatic (ATEX), pentru medii sensibile \u0219i explozive.<\/li>\n\n\n\n<li>Anti-coroziune, pentru medii corozive.<\/li>\n<\/ul>\n\n\n\n<p>Bra\u021bele industriale de aspirare \u0219i colectare pot fi, de asemenea, adaptate la <a href=\"https:\/\/obera.fr\/ro\/produits\/atex\/\">standardele ATEX<\/a> (op\u021bional) pentru utilizarea \u00een atmosfere poten\u021bial explozive sau pentru aspirarea amestecurilor explozive.<\/p>\n<\/div>\n\n\n\n<div class=\"wp-block-column is-layout-flow wp-block-column-is-layout-flow\">\n<h3 class=\"wp-block-heading has-text-align-center\"><br\/>Bra\u021be de extragere pentru hote ovale \u0219i hote dreptunghiulare<\/h3>\n\n\n\n<figure class=\"wp-block-image aligncenter size-medium is-resized\"><a href=\"https:\/\/obera.fr\/produits\/bras-dispositifs-captation\/bras-hotte-ovale-rectangulaire\/\"><img decoding=\"async\" width=\"300\" height=\"300\" src=\"https:\/\/obera.fr\/wp-content\/uploads\/2022\/12\/bras-laboratoire-industriel-fumees-poussieres-600x600-2-300x300.png\" alt=\"bra&#x21B; de laborator pentru fum &#x219;i praf industrial 600x600 2\" class=\"wp-image-16562\" srcset=\"https:\/\/obera.fr\/wp-content\/uploads\/2022\/12\/bras-laboratoire-industriel-fumees-poussieres-600x600-2-300x300.png 300w, https:\/\/obera.fr\/wp-content\/uploads\/2022\/12\/bras-laboratoire-industriel-fumees-poussieres-600x600-2-150x150.png 150w, https:\/\/obera.fr\/wp-content\/uploads\/2022\/12\/bras-laboratoire-industriel-fumees-poussieres-600x600-2.png 600w\" sizes=\"(max-width: 300px) 100vw, 300px\" \/><\/a><figcaption class=\"wp-element-caption\">Bra\u021b pick-up<\/figcaption><\/figure>\n\n\n\n<p><strong>Bra\u021bele<\/strong> noastre <strong>industriale de aspirare \u0219i colectare<\/strong>, disponibile cu o <a href=\"https:\/\/obera.fr\/ro\/produits\/bras-dispositifs-captation\/bras-hotte-ovale-rectangulaire\/\" data-type=\"URL\" data-id=\"https:\/\/obera.fr\/produits\/bras-dispositifs-captation\/bras-hotte-ovale-rectangulaire\/\">capot\u0103 oval\u0103 sau dreptunghiular\u0103<\/a>. Aceste bra\u021be industriale de aspirare \u0219i colectare sunt ideale pentru colectarea prafului \u0219i a\u0219chiilor, fumului de sudur\u0103, vaporilor, gazelor, mirosurilor \u0219i brumelor de ulei. <\/p>\n\n\n\n<p>Acestea se conecteaz\u0103 u\u0219or la o re\u021bea de colectare, la un <a href=\"https:\/\/obera.fr\/ro\/produits\/depoussiereurs-industriels\/mobiles\/aspiration-poussiere-dustomat-10\/\">colector de praf mobil<\/a>, la un <a href=\"https:\/\/obera.fr\/ro\/produits\/depoussiereurs-industriels\/\">colector de praf industrial<\/a> sau la un sistem de extrac\u021bie centralizat.<\/p>\n\n\n\n<p>Echipate cu arcuri pneumatice, acestea sunt u\u0219or de manevrat \u0219i pozi\u021bionate c\u00e2t mai aproape posibil de emisiile poluante. Pentru confort \u0219i eficien\u021b\u0103 optime, bra\u021bele industriale de aspirare \u0219i colectare sunt disponibile \u00eentr-o gam\u0103 larg\u0103 de lungimi \u0219i diametre. <\/p>\n\n\n\n<p>Structura pantografului extern nu restric\u021bioneaz\u0103 debitul \u00een conduct\u0103 \u0219i este extrem de robust\u0103 \u0219i u\u0219or de manevrat. Versiunea industrial\u0103 a bra\u021belor de colectare \u0219i aspirare este disponibil\u0103 \u00een diametre de la 50 la 200, cu raze de lucru cuprinse \u00eentre 1,50 \u0219i 8 metri. <\/p>\n\n\n\n<div style=\"height:45px\" aria-hidden=\"true\" class=\"wp-block-spacer\"><\/div>\n<\/div>\n<\/div>\n\n<div class=\"wp-block-columns is-layout-flex wp-container-core-columns-is-layout-28f84493 wp-block-columns-is-layout-flex\">\n<div class=\"wp-block-column is-layout-flow wp-block-column-is-layout-flow\">\n<h3 class=\"wp-block-heading has-text-align-center\">Splashback-uri cu aspira\u021bie industrial\u0103<\/h3>\n\n\n\n<figure class=\"wp-block-image aligncenter size-medium is-resized\"><a href=\"https:\/\/obera.fr\/produits\/bras-dispositifs-captation\/dosserets-aspirants\/\"><img decoding=\"async\" width=\"300\" height=\"300\" src=\"https:\/\/obera.fr\/wp-content\/uploads\/2022\/12\/dosserets-apirants-600x600-1-300x300.png\" alt=\"splashback-uri respirabile 600x600 1\" class=\"wp-image-16565\" style=\"object-fit:cover;width:150px;height:150px\" srcset=\"https:\/\/obera.fr\/wp-content\/uploads\/2022\/12\/dosserets-apirants-600x600-1-300x300.png 300w, https:\/\/obera.fr\/wp-content\/uploads\/2022\/12\/dosserets-apirants-600x600-1-150x150.png 150w, https:\/\/obera.fr\/wp-content\/uploads\/2022\/12\/dosserets-apirants-600x600-1.png 600w\" sizes=\"(max-width: 300px) 100vw, 300px\" \/><\/a><figcaption class=\"wp-element-caption\">Backsplashes  <\/figcaption><\/figure>\n\n\n\n<p>Gama noastr\u0103 de <a href=\"https:\/\/obera.fr\/ro\/produits\/bras-dispositifs-captation\/dosserets-aspirants\/\" data-type=\"URL\" data-id=\"https:\/\/obera.fr\/produits\/bras-dispositifs-captation\/dosserets-aspirants\/\">splashback-uri cu aspira\u021bie industrial\u0103<\/a>,<strong> <\/strong>Aceste backsplashes sunt foarte eficiente pentru tratarea vaporilor, gazelor, prafului \u0219i fumului. <\/p>\n\n\n\n<p>La aceast\u0103 instala\u021bie se pot ad\u0103uga, de asemenea, dou\u0103 ecrane laterale, precum \u0219i o vizier\u0103 orizontal\u0103 pentru a limita operatorul la spa\u021biul s\u0103u de lucru \u0219i pentru a face aspira\u021bia \u0219i captarea mai eficiente.<\/p>\n\n\n\n<p>Scopul este ca <strong>aerul s\u0103 fie aspirat \u00een spatele operatorului \u0219i \u00een fa\u021ba acestuia<\/strong>, astfel \u00eenc\u00e2t tractul s\u0103u respirator s\u0103 nu fie \u00een contact cu praful sau poluantul pe care \u00eencerc\u0103m s\u0103 \u00eel capt\u0103m.<\/p>\n\n\n\n<p>Splashback-urile noastre de aspira\u021bie sunt \u00een general conectate la un sistem de aspira\u021bie existent, la un colector de praf industrial fix sau mobil, la un ventilator de aspira\u021bie industrial sau la un aspirator industrial. Cur\u0103\u021barea splashback-urilor industriale cu aspira\u021bie este rapid\u0103 \u0219i u\u0219oar\u0103. Acestea sunt disponibile \u00een o\u021bel vopsit sau \u00een diverse o\u021beluri inoxidabile industriale sau alimentare.  <\/p>\n\n\n\n<div style=\"height:69px\" aria-hidden=\"true\" class=\"wp-block-spacer\"><\/div>\n<\/div>\n\n\n\n<div class=\"wp-block-column is-layout-flow wp-block-column-is-layout-flow\">\n<h3 class=\"wp-block-heading has-text-align-center\">Mese de vid industriale<\/h3>\n\n\n\n<figure class=\"wp-block-image aligncenter size-medium is-resized\"><a href=\"https:\/\/obera.fr\/produits\/tables-aspirantes\/table-aspirante-a-at\/\"><img decoding=\"async\" width=\"300\" height=\"300\" src=\"https:\/\/obera.fr\/wp-content\/uploads\/2022\/12\/tables-aspirantes-aat-300x300.jpg\" alt=\"mese de aspira&#x21B;ie a&amp;amp;at\" class=\"wp-image-16617\" style=\"object-fit:cover;width:150px;height:150px\" srcset=\"https:\/\/obera.fr\/wp-content\/uploads\/2022\/12\/tables-aspirantes-aat-300x300.jpg 300w, https:\/\/obera.fr\/wp-content\/uploads\/2022\/12\/tables-aspirantes-aat-150x150.jpg 150w, https:\/\/obera.fr\/wp-content\/uploads\/2022\/12\/tables-aspirantes-aat.jpg 600w\" sizes=\"(max-width: 300px) 100vw, 300px\" \/><\/a><figcaption class=\"wp-element-caption\">Mese de aspira\u021bie<\/figcaption><\/figure>\n\n\n\n<p>Gama noastr\u0103 de <a href=\"https:\/\/obera.fr\/ro\/produits\/mese-de-aspiratie\/\" data-type=\"URL\" data-id=\"https:\/\/obera.fr\/produits\/bras-dispositifs-captation\/tables-aspirantes\/\">mese cu vid industrial<\/a> este special conceput\u0103 pentru a extrage eficient praful de \u0219lefuire, praful de \u0219lefuire, vaporii de sudur\u0103, precum \u0219i vaporii, solven\u021bii \u0219i compu\u0219ii organici volatili din opera\u021biunile de lipire sau l\u0103cuire. Este solu\u021bia ideal\u0103 pentru asigurarea unui loc de munc\u0103 sigur \u0219i s\u0103n\u0103tos pentru operator.   <\/p>\n\n\n\n<p><strong>Mesele<\/strong> noastre <strong>de aspirare industrial\u0103<\/strong> pot fi conectate la un ventilator, un colector de praf sau un aspirator mobil, sau la un sistem centralizat de aspirare industrial\u0103. Mesele noastre industriale pot fi alese cu sp\u0103tar cu aspira\u021bie \u0219i panouri laterale retractabile. Construc\u021bia lor industrial\u0103 robust\u0103 le face foarte rezistente la impact \u0219i \u00eenseamn\u0103 c\u0103 pot fi echipate \u0219i cu o menghin\u0103 industrial\u0103 sau o plac\u0103 turnant\u0103. Suprafa\u021ba mesei poate fi selectat\u0103 din grilaje industriale, lamele de lemn sau fibre sintetice. Mesele sunt prev\u0103zute cu un sertar pentru colectarea prafului industrial grosier, pentru a preveni aspirarea acestuia de c\u0103tre sistemul de aspirare.    <\/p>\n\n\n\n<div style=\"height:45px\" aria-hidden=\"true\" class=\"wp-block-spacer\"><\/div>\n<\/div>\n<\/div>\n\n<div class=\"wp-block-columns is-layout-flex wp-container-core-columns-is-layout-28f84493 wp-block-columns-is-layout-flex\">\n<div class=\"wp-block-column is-layout-flow wp-block-column-is-layout-flow\">\n<h3 class=\"wp-block-heading has-text-align-center\">Hote industriale dreptunghiulare<\/h3>\n\n\n\n<figure class=\"wp-block-image aligncenter size-full is-resized\"><a href=\"https:\/\/obera.fr\/produits\/bras-dispositifs-captation\/hotte-rectangulaire\/\"><img decoding=\"async\" width=\"1280\" height=\"1280\" src=\"https:\/\/obera.fr\/wp-content\/uploads\/2024\/06\/hotte-de-captation-rectangulaire-industrielle-600x600-1.png\" alt=\"hot&#x103; industrial&#x103; dreptunghiular&#x103; 600x600 1\" class=\"wp-image-31483\" style=\"object-fit:cover;width:182px;height:auto\" srcset=\"https:\/\/obera.fr\/wp-content\/uploads\/2024\/06\/hotte-de-captation-rectangulaire-industrielle-600x600-1.png 1280w, https:\/\/obera.fr\/wp-content\/uploads\/2024\/06\/hotte-de-captation-rectangulaire-industrielle-600x600-1-300x300.png 300w, https:\/\/obera.fr\/wp-content\/uploads\/2024\/06\/hotte-de-captation-rectangulaire-industrielle-600x600-1-1024x1024.png 1024w, https:\/\/obera.fr\/wp-content\/uploads\/2024\/06\/hotte-de-captation-rectangulaire-industrielle-600x600-1-150x150.png 150w, https:\/\/obera.fr\/wp-content\/uploads\/2024\/06\/hotte-de-captation-rectangulaire-industrielle-600x600-1-768x768.png 768w\" sizes=\"(max-width: 1280px) 100vw, 1280px\" \/><\/a><figcaption class=\"wp-element-caption\">Hota de extrac\u021bie dreptunghiular\u0103  <\/figcaption><\/figure>\n\n\n\n<p>Gama noastr\u0103 de <a href=\"https:\/\/obera.fr\/ro\/produits\/bras-dispositifs-captation\/hotte-rectangulaire\/\" data-type=\"URL\" data-id=\"https:\/\/obera.fr\/produits\/bras-dispositifs-captation\/hotte-rectangulaire\/\">hote industriale dreptunghiulare<\/a> este ideal\u0103 pentru captarea fumului, prafului \u0219i a altor poluan\u021bi gazo\u0219i direct la surs\u0103.  <\/p>\n\n\n\n<p>Aceste <strong>hote industriale<\/strong> sunt disponibile \u00een dou\u0103 dimensiuni (500&#215;500 \u0219i 600&#215;600).  <\/p>\n\n\n\n<p>Acestea se potrivesc perfect cu bra\u021bele noastre industriale de aspirare \u0219i colectare sau pot fi montate independent la un post de lucru.<\/p>\n<\/div>\n\n\n\n<div class=\"wp-block-column is-layout-flow wp-block-column-is-layout-flow\">\n<h3 class=\"wp-block-heading has-text-align-center\"><br\/>Hote modulare industriale<\/h3>\n\n\n\n<figure class=\"wp-block-image aligncenter size-full is-resized\"><a href=\"https:\/\/obera.fr\/de\/produits\/bras-dispositifs-captation\/hotte-modulaire\/\"><img decoding=\"async\" width=\"1200\" height=\"1200\" src=\"https:\/\/obera.fr\/wp-content\/uploads\/2024\/12\/1.jpg\" alt=\"Hota modular&#x103;\" class=\"wp-image-56959\" style=\"object-fit:cover;width:150px;height:150px\" srcset=\"https:\/\/obera.fr\/wp-content\/uploads\/2024\/12\/1.jpg 1200w, https:\/\/obera.fr\/wp-content\/uploads\/2024\/12\/1-300x300.jpg 300w, https:\/\/obera.fr\/wp-content\/uploads\/2024\/12\/1-1024x1024.jpg 1024w, https:\/\/obera.fr\/wp-content\/uploads\/2024\/12\/1-150x150.jpg 150w, https:\/\/obera.fr\/wp-content\/uploads\/2024\/12\/1-768x768.jpg 768w, https:\/\/obera.fr\/wp-content\/uploads\/2024\/12\/1-400x400.jpg 400w, https:\/\/obera.fr\/wp-content\/uploads\/2024\/12\/1-600x600.jpg 600w\" sizes=\"(max-width: 1200px) 100vw, 1200px\" \/><\/a><figcaption class=\"wp-element-caption\">Hota de captare modular\u0103<\/figcaption><\/figure>\n\n\n\n<p>Gama noastr\u0103 de <a href=\"https:\/\/obera.fr\/ro\/produits\/bras-dispositifs-captation\/hotte-modulaire\/\" data-type=\"URL\" data-id=\"https:\/\/obera.fr\/produits\/bras-dispositifs-captation\/hotte-modulaire\/\">hote<\/a> industriale modulare este disponibil\u0103 \u00eentr-o gam\u0103 larg\u0103 de dimensiuni (de la 950 mm x 950 mm la 3.950 mm x 1.950 mm), cu debite de aspira\u021bie cuprinse \u00eentre 1.000 m3\/h \u0219i 20.000 m3\/h. Aceast\u0103 gam\u0103 larg\u0103 de dimensiuni disponibile faciliteaz\u0103 limitarea, izolarea sau acoperirea unei ma\u0219ini, a unui post de lucru sau a unui robot de sudur\u0103 industrial\u0103.   <\/p>\n\n\n\n<p>Aceste <strong>hote industriale modulare<\/strong> pot fi adaptate la majoritatea configura\u021biilor pentru extragerea \u0219i captarea optim\u0103 a fumului \u0219i a prafului. Hotele noastre sunt solu\u021bia ideal\u0103 pentru captarea \u0219i extragerea tuturor tipurilor de poluan\u021bi gazo\u0219i, praf \u0219i fumuri industriale. Acestea pot fi u\u0219or pozi\u021bionate c\u00e2t mai aproape posibil de emisiile poluante. De asemenea, acestea pot fi echipate cu picioare de sprijin \u0219i clapete de noroi (op\u021bional) pentru a reduce suprafe\u021bele deschise \u0219i a for\u021ba vitezele de aspira\u021bie \u00een zonele dorite.     <\/p>\n\n\n\n<p>Pentru sectorul metalurgiei, hotele noastre modulare pot fi echipate cu un pre-separator de particule incandescente.<\/p>\n\n\n\n<div style=\"height:45px\" aria-hidden=\"true\" class=\"wp-block-spacer\"><\/div>\n<\/div>\n<\/div>\n\n<div class=\"wp-block-columns is-layout-flex wp-container-core-columns-is-layout-28f84493 wp-block-columns-is-layout-flex\">\n<div class=\"wp-block-column is-layout-flow wp-block-column-is-layout-flow\">\n<h3 class=\"wp-block-heading has-text-align-center\"><br\/>COIFURI DE ASPIRA\u021aIE \u0218I HOTE DE COLECTARE INDUSTRIALE<\/h3>\n\n\n\n<figure class=\"wp-block-image aligncenter size-medium is-resized\"><a href=\"https:\/\/obera.fr\/produits\/bras-dispositifs-captation\/capot-industriel\/\"><img decoding=\"async\" width=\"300\" height=\"300\" src=\"https:\/\/obera.fr\/wp-content\/uploads\/2022\/12\/capot-daspiration-et-de-captation-600x600-1-300x300.png\" alt=\"capota de aspira&#x21B;ie &#x219;i colectare 600x600 1\" class=\"wp-image-16550\" style=\"width:150px\" srcset=\"https:\/\/obera.fr\/wp-content\/uploads\/2022\/12\/capot-daspiration-et-de-captation-600x600-1-300x300.png 300w, https:\/\/obera.fr\/wp-content\/uploads\/2022\/12\/capot-daspiration-et-de-captation-600x600-1-150x150.png 150w, https:\/\/obera.fr\/wp-content\/uploads\/2022\/12\/capot-daspiration-et-de-captation-600x600-1.png 600w\" sizes=\"(max-width: 300px) 100vw, 300px\" \/><\/a><figcaption class=\"wp-element-caption\">Capota de aspira\u021bie \u0219i colectare<\/figcaption><\/figure>\n\n\n\n<p>Gama noastr\u0103 de <a href=\"https:\/\/obera.fr\/ro\/produits\/bras-dispositifs-captation\/capot-industriel\/\" data-type=\"URL\" data-id=\"https:\/\/obera.fr\/produits\/bras-dispositifs-captation\/capot-industriel\/\">bonete industriale de aspira\u021bie \u0219i colectare<\/a> reprezint\u0103 solu\u021bia ideal\u0103 pentru dotarea posturilor de lucru sau a ma\u0219inilor industriale cu aspira\u021bie eficient\u0103 \u0219i precis\u0103.<\/p>\n\n\n\n<p>Disponibile \u00eentr-o gam\u0103 larg\u0103 de dimensiuni \u0219i forme, <strong>bonetele<\/strong> noastre <strong>industriale de aspirare \u0219i colectare<\/strong> se vor adapta perfect la problemele dvs. cu fumuri, praf, a\u0219chii \u0219i al\u021bi poluan\u021bi gazo\u0219i.<\/p>\n\n\n\n<p>Gama noastr\u0103 de inele de captare industriale poate fi adaptat\u0103 la diferite configura\u021bii de captare.<\/p>\n<\/div>\n\n\n\n<div class=\"wp-block-column is-layout-flow wp-block-column-is-layout-flow\">\n<h3 class=\"wp-block-heading has-text-align-center\"><br\/>inele de captare a inelelor de lob<\/h3>\n\n\n\n<p><\/p>\n\n\n\n<figure class=\"wp-block-image aligncenter size-medium is-resized\"><a href=\"https:\/\/obera.fr\/produits\/bras-dispositifs-captation\/anneaux-de-pouyes\/\"><img decoding=\"async\" width=\"300\" height=\"300\" src=\"https:\/\/obera.fr\/wp-content\/uploads\/2022\/12\/anneaux-de-pouyes-600x600-1-300x300.png\" alt=\"inele pentru bunc&#x103;r 600x600 1\" class=\"wp-image-16553\" style=\"width:124px;height:auto\" srcset=\"https:\/\/obera.fr\/wp-content\/uploads\/2022\/12\/anneaux-de-pouyes-600x600-1-300x300.png 300w, https:\/\/obera.fr\/wp-content\/uploads\/2022\/12\/anneaux-de-pouyes-600x600-1-150x150.png 150w, https:\/\/obera.fr\/wp-content\/uploads\/2022\/12\/anneaux-de-pouyes-600x600-1.png 600w\" sizes=\"(max-width: 300px) 100vw, 300px\" \/><\/a><figcaption class=\"wp-element-caption\">Captur\u0103 inelar\u0103 Inele Ply<\/figcaption><\/figure>\n\n\n\n<p><a href=\"https:\/\/obera.fr\/ro\/produits\/bras-dispositifs-captation\/anneaux-de-pouyes\/\" data-type=\"page\" data-id=\"14477\">Inelele pentru bunc\u0103r OberA<\/a> sunt concepute pentru a capta poluan\u021bii lega\u021bi de \u00eenc\u0103rcarea\/desc\u0103rcarea pulberilor sau a prafului fin direct la surs\u0103. Designul lor le face u\u0219or de cur\u0103\u021bat. <\/p>\n<\/div>\n<\/div>\n\n<p><\/p>\n\n<h2 class=\"wp-block-heading\">Ce sectoare industriale folosesc echipamentele noastre?<\/h2>\n\n<p>Echipamentele noastre industriale de aspirare \u0219i colectare pot fi utilizate <strong>\u00eentr-o gam\u0103 larg\u0103 de industrii<\/strong>, inclusiv :<\/p>\n\n<div class=\"wp-block-columns is-layout-flex wp-container-core-columns-is-layout-28f84493 wp-block-columns-is-layout-flex\">\n<div class=\"wp-block-column is-layout-flow wp-block-column-is-layout-flow\">\n<ul class=\"wp-block-list\">\n<li>Industria chimic\u0103<\/li>\n\n\n\n<li>Industria alimentar\u0103<\/li>\n\n\n\n<li>Industria farmaceutic\u0103<\/li>\n<\/ul>\n<\/div>\n\n\n\n<div class=\"wp-block-column is-layout-flow wp-block-column-is-layout-flow\">\n<ul class=\"wp-block-list\">\n<li>Industria prelucr\u0103rii metalelor<\/li>\n\n\n\n<li>Industria maselor plastice<\/li>\n\n\n\n<li>Industria lemnului<\/li>\n<\/ul>\n<\/div>\n\n\n\n<div class=\"wp-block-column is-layout-flow wp-block-column-is-layout-flow\">\n<ul class=\"wp-block-list\">\n<li>Industria electronic\u0103<\/li>\n\n\n\n<li>Etc&#8230;<\/li>\n<\/ul>\n<\/div>\n<\/div>\n\n<p><\/p>\n\n<h2 class=\"wp-block-heading\">De ce s\u0103 opta\u021bi pentru un sistem de extrac\u021bie \u0219i captare la surs\u0103 mai degrab\u0103 dec\u00e2t pentru purificarea sau epurarea aerului \u00een \u00eenc\u0103pere?<\/h2>\n\n<p><br\/>Este preferabil s\u0103 se utilizeze extrac\u021bia \u0219i captarea la surs\u0103 ori de c\u00e2te ori este posibil. Acest lucru \u00eempiedic\u0103 r\u0103sp\u00e2ndirea poluan\u021bilor \u00een spa\u021biul de lucru, protej\u00e2nd astfel lucr\u0103torii c\u00e2t mai mult posibil. Atunci c\u00e2nd nu este posibil\u0103 captarea poluan\u021bilor sau a prafului la surs\u0103 sau c\u00e2nd o multitudine de surse de praf fac imposibil\u0103 captarea la surs\u0103, este recomandabil s\u0103 se opteze pentru o solu\u021bie de purificare a aerului ambiental.    <\/p>\n\n<p>\u00cen plus, \u00een unele cazuri, tratarea aerului \u00eenconjur\u0103tor completeaz\u0103 \u00een mod eficient sistemele existente de captare \u0219i extrac\u021bie la surs\u0103 pentru a reduce semnificativ concentra\u021bia poluan\u021bilor la locul de munc\u0103, \u00een special \u00een cazul prafului sau al poluan\u021bilor gazo\u0219i clasifica\u021bi ca CMR.<\/p>\n\n<h2 class=\"wp-block-heading\">Cum alege\u021bi sistemul de aspirare \u0219i colectare industrial potrivit?<\/h2>\n\n<p>Este esen\u021bial s\u0103 <strong>v\u0103 alege\u021bi cu aten\u021bie sistemul industrial de extrac\u021bie \u0219i captare<\/strong>, deoarece acest lucru poate duce la o sc\u0103dere a eficien\u021bei trat\u0103rii aerului. Dac\u0103 efectua\u021bi singur cercetarea, asigura\u021bi-v\u0103 c\u0103 v\u0103 informa\u021bi cu privire la diferitele aspecte implicate: <\/p>\n\n<ul class=\"wp-block-list\">\n<li>Vitezele de captare necesare pentru captarea eficient\u0103 a prafului \u0219i a poluan\u021bilor,<\/li>\n\n\n\n<li>Distan\u021ba dintre sursa de poluan\u021bi \u0219i dispozitivul de captare ales,<\/li>\n\n\n\n<li>Debitul <a href=\"https:\/\/obera.fr\/conseils\/comment-calculer-debit-air-systeme-aspiration\/\">de aspira\u021bie necesar<\/a>,<\/li>\n\n\n\n<li>Pierderea de sarcin\u0103 a dispozitivului de colectare,<\/li>\n\n\n\n<li>Presiunea \u0219i debitul de aer disponibile de la colectorul de praf sau de la sistemul de extrac\u021bie existent.<\/li>\n<\/ul>\n\n<p>Apela\u021bi la exper\u021bii no\u0219tri, ei v\u0103 vor putea ajuta s\u0103 v\u0103 rezolva\u021bi problemele \u0219i v\u0103 vor oferi produsul potrivit.<\/p>\n\n<div class=\"wp-block-buttons is-horizontal is-content-justification-center is-layout-flex wp-container-core-buttons-is-layout-03627597 wp-block-buttons-is-layout-flex\">\n<div class=\"wp-block-button has-custom-width wp-block-button__width-100\"><a class=\"wp-block-button__link wp-element-button\" href=\"https:\/\/obera.fr\/ro\/contactati-ne\/\">Afl\u0103 mai multe<\/a><\/div>\n<\/div>\n","protected":false},"excerpt":{"rendered":"<p>Echipamentele noastre industriale de aspira\u021bie \u0219i colectare includ bra\u021be de aspira\u021bie \u0219i colectare, mese de aspira\u021bie, sp\u0103tare de aspira\u021bie \u0219i diferite hote de colectare \u0219i extragere a aerului. Aceste sisteme industriale de captare a aerului permit ca poluan\u021bii s\u0103 fie extra\u0219i \u0219i capta\u021bi eficient \u0219i precis, direct la surs\u0103. \u00cen gama noastr\u0103 de echipamente industriale de aspirare \u0219i colectare Bra\u021b de laborator industrial Gama noastr\u0103 de bra\u021be de laborator este solu\u021bia ideal\u0103 pentru extragerea \u0219i captarea fumurilor \u0219i vaporilor de la posturi de lucru fixe (bancuri de lucru, laboratoare). Acestea sunt u\u0219or de manevrat \u0219i pot fi pozi\u021bionate c\u00e2t mai &#8230; <\/p>\n<p class=\"read-more-container\"><a title=\"Bra\u021be \u0219i dispozitive de preluare\" class=\"read-more button\" href=\"https:\/\/obera.fr\/ro\/produits\/bras-dispositifs-captation\/#more-38253\" aria-label=\"Cite\u0219te mai multe despre Bra\u021be \u0219i dispozitive de preluare\">Lire la suite<\/a><\/p>\n","protected":false},"author":4,"featured_media":83748,"parent":38137,"menu_order":0,"comment_status":"closed","ping_status":"closed","template":"","meta":{"_acf_changed":false,"_seopress_robots_primary_cat":"","_seopress_titles_title":"Bras et dispositifs de captation: tables, dosserets, hottes aspirantes","_seopress_titles_desc":"Notre gamme est compos\u00e9e de bras d\u2019aspiration et captation, de tables aspirantes, de dosserets aspirants et d'hottes de captation et d\u2019extraction d\u2019air.","_seopress_robots_index":"","footnotes":""},"class_list":{"0":"post-38253","1":"page","2":"type-page","3":"status-publish","4":"has-post-thumbnail","6":"no-featured-image-padding","7":"resize-featured-image"},"acf":[],"_links":{"self":[{"href":"https:\/\/obera.fr\/ro\/wp-json\/wp\/v2\/pages\/38253","targetHints":{"allow":["GET"]}}],"collection":[{"href":"https:\/\/obera.fr\/ro\/wp-json\/wp\/v2\/pages"}],"about":[{"href":"https:\/\/obera.fr\/ro\/wp-json\/wp\/v2\/types\/page"}],"author":[{"embeddable":true,"href":"https:\/\/obera.fr\/ro\/wp-json\/wp\/v2\/users\/4"}],"replies":[{"embeddable":true,"href":"https:\/\/obera.fr\/ro\/wp-json\/wp\/v2\/comments?post=38253"}],"version-history":[{"count":3,"href":"https:\/\/obera.fr\/ro\/wp-json\/wp\/v2\/pages\/38253\/revisions"}],"predecessor-version":[{"id":70934,"href":"https:\/\/obera.fr\/ro\/wp-json\/wp\/v2\/pages\/38253\/revisions\/70934"}],"up":[{"embeddable":true,"href":"https:\/\/obera.fr\/ro\/wp-json\/wp\/v2\/pages\/38137"}],"wp:featuredmedia":[{"embeddable":true,"href":"https:\/\/obera.fr\/ro\/wp-json\/wp\/v2\/media\/83748"}],"wp:attachment":[{"href":"https:\/\/obera.fr\/ro\/wp-json\/wp\/v2\/media?parent=38253"}],"curies":[{"name":"wp","href":"https:\/\/api.w.org\/{rel}","templated":true}]}}