{"id":39652,"date":"2024-05-07T15:48:45","date_gmt":"2024-05-07T13:48:45","guid":{"rendered":"https:\/\/obera.fr\/produsele-noastre\/unitati-mobile-de-aspirare\/"},"modified":"2025-08-28T10:50:56","modified_gmt":"2025-08-28T08:50:56","slug":"caissons-mobiles-aspiration","status":"publish","type":"page","link":"https:\/\/obera.fr\/ro\/produits\/caissons-mobiles-aspiration\/","title":{"rendered":"Unit\u0103\u021bi mobile de aspirare"},"content":{"rendered":"\n\n<h2 class=\"wp-block-heading\">Ce este o unitate mobil\u0103 de aspirare?<\/h2>\n\n<p>O unitate mobil\u0103 de aspirare, cunoscut\u0103 \u0219i sub denumirea de<strong> unitate<\/strong> mobil\u0103<strong> de filtrare,<\/strong> unitate<strong> mobil\u0103 de aspirare<\/strong> sau unitate mobil\u0103 de filtrare, este \u00een general un dispozitiv mobil de mici dimensiuni pentru extragerea poluan\u021bilor la surs\u0103 \u0219i filtrarea acestora. \u00cen general, este prev\u0103zut cu un <a href=\"https:\/\/obera.fr\/ro\/produits\/bras-dispositifs-captation\/capot-industriel\/\">bra\u021b de colectare pe aparat<\/a> sau cu o intrare tubular\u0103 care permite conectarea unuia sau mai multor furtunuri flexibile de aspirare la o ma\u0219in\u0103, o hot\u0103, o <strong>mas\u0103 mic\u0103 de aspirare<\/strong> sau bra\u021be la distan\u021b\u0103. <\/p>\n\n<p><\/p>\n\n<div class=\"wp-block-columns is-layout-flex wp-container-core-columns-is-layout-28f84493 wp-block-columns-is-layout-flex\">\n<div class=\"wp-block-column is-layout-flow wp-block-column-is-layout-flow\" style=\"flex-basis:66.66%\">\n<p>Unit\u0103\u021bile mobile de aspira\u021bie constau dintr-un bra\u021b de colectare sau o intrare tubular\u0103, o carcas\u0103 cu mai multe trepte, filtre de satura\u021bie \u0219i un <strong>ventilator centrifugal, de obicei monofazat<\/strong>. Carcasele sunt prev\u0103zute cu ro\u021bi pentru o deplasare u\u0219oar\u0103. Aerul aspirat de dispozitivul de colectare (bra\u021b, mas\u0103 etc.) intr\u0103 \u00een carcas\u0103 \u0219i trece prin trepte de filtrare mecanic\u0103 din ce \u00een ce mai fine, una sau mai multe trepte de filtrare molecular\u0103 (c\u0103rbune activ) \u0219i, \u00een final, o treapt\u0103 de filtrare HEPA de \u00eenalt\u0103 eficien\u021b\u0103 dac\u0103 <strong>produsul aspirat este periculos \u0219i necesit\u0103 filtrare HEPA <\/strong>pentru a elibera aer curat \u00een cl\u0103dire.  <\/p>\n\n\n\n<p><\/p>\n<\/div>\n\n\n\n<div class=\"wp-block-column is-layout-flow wp-block-column-is-layout-flow\" style=\"flex-basis:33.33%\">\n<figure class=\"wp-block-image aligncenter size-large is-resized\"><img decoding=\"async\" width=\"1024\" height=\"549\" src=\"https:\/\/obera.fr\/wp-content\/uploads\/2025\/03\/charbon-actif-purple-1024x549.png\" alt=\"carbon activ violet\" class=\"wp-image-76468\" style=\"width:269px;height:auto\" srcset=\"https:\/\/obera.fr\/wp-content\/uploads\/2025\/03\/charbon-actif-purple-1024x549.png 1024w, https:\/\/obera.fr\/wp-content\/uploads\/2025\/03\/charbon-actif-purple-300x161.png 300w, https:\/\/obera.fr\/wp-content\/uploads\/2025\/03\/charbon-actif-purple-768x412.png 768w, https:\/\/obera.fr\/wp-content\/uploads\/2025\/03\/charbon-actif-purple.png 1200w\" sizes=\"(max-width: 1024px) 100vw, 1024px\" \/><\/figure>\n<\/div>\n<\/div>\n\n<p>Unit\u0103\u021bile de aspirare sunt disponibile cu debite foarte mici de 80-300 m3\/h pentru aspirarea fin\u0103 la locul de munc\u0103 (lipire, lipire, sudur\u0103 electronic\u0103, opera\u021bii meticuloase de \u0219lefuire sau \u0219lefuire etc.), p\u00e2n\u0103 la debite de 3 000 m3\/h pentru aspirarea la mai multe locuri de munc\u0103 cu o singur\u0103 unitate sau pentru suprafe\u021be de lucru mai mari care trebuie aspirate (sp\u0103tare de aspirare, bra\u021be de colectare mai mari). <strong>Unit\u0103\u021bile sunt \u00een general echipate cu un poten\u021biometru <\/strong>pentru reglarea debitului de aspira\u021bie al ventilatorului centrifugal \u00een func\u021bie de cerin\u021bele de aspira\u021bie. <\/p>\n\n<p>Unit\u0103\u021bile mobile de aspirare sunt utilizate pentru a extrage poluan\u021bi precum fum, praf, poluan\u021bi gazo\u0219i, vapori, solven\u021bi, COV \u0219i mirosuri. Principiul cazonului face posibil\u0103 <strong>suprapunerea mai multor etape succesive de filtrare<\/strong> pentru a trata   <\/p>\n\n<h2 class=\"wp-block-heading\" id=\"a-quelles-utilisations-conviennent-elles\">Gama noastr\u0103 de unit\u0103\u021bi mobile de aspirare  <\/h2>\n\n<div style=\"height:37px\" aria-hidden=\"true\" class=\"wp-block-spacer\"><\/div>\n\n<div class=\"wp-block-columns is-layout-flex wp-container-core-columns-is-layout-28f84493 wp-block-columns-is-layout-flex\">\n<div class=\"wp-block-column is-layout-flow wp-block-column-is-layout-flow\">\n<h3 class=\"wp-block-heading has-text-align-center\">ePURBox ATEX<\/h3>\n\n\n\n<p class=\"has-text-align-center\"><strong>Modularitate \u0219i versatilitate<\/strong><\/p>\n\n\n\n<p class=\"has-text-align-center\">Tratarea prafului, fumului, vaporilor \u0219i solven\u021bilor.<\/p>\n\n\n\n<figure class=\"wp-block-image aligncenter size-medium is-resized\"><a href=\"https:\/\/obera.fr\/produits\/caissons-mobiles-aspiration\/epurbox-atex\/\"><img decoding=\"async\" width=\"280\" height=\"300\" src=\"https:\/\/obera.fr\/wp-content\/uploads\/2024\/11\/epurbox-caissons-mobiles-aspiration-280x300.png\" alt=\"ePURBox: Modularitate &#x219;i versatilitate\" class=\"wp-image-53926\" srcset=\"https:\/\/obera.fr\/wp-content\/uploads\/2024\/11\/epurbox-caissons-mobiles-aspiration-280x300.png 280w, https:\/\/obera.fr\/wp-content\/uploads\/2024\/11\/epurbox-caissons-mobiles-aspiration.png 629w\" sizes=\"(max-width: 280px) 100vw, 280px\" \/><\/a><\/figure>\n\n\n\n<p class=\"has-text-align-center\">Debit maxim 1200 m3\/h &#8211; ie\u0219ire tubular\u0103 sau cu bra\u021b<\/p>\n<\/div>\n\n\n\n<div class=\"wp-block-column is-layout-flow wp-block-column-is-layout-flow\">\n<h3 class=\"wp-block-heading has-text-align-center\">Clearbox<\/h3>\n\n\n\n<p class=\"has-text-align-center\">Tratarea fumului, vaporilor \u0219i solven\u021bilor<\/p>\n\n\n\n<figure class=\"wp-block-image aligncenter size-medium is-resized\"><a href=\"https:\/\/obera.fr\/produits\/caissons-mobiles-aspiration\/clearbox\/\"><img decoding=\"async\" width=\"300\" height=\"267\" src=\"https:\/\/obera.fr\/wp-content\/uploads\/2025\/06\/clearbox-300x267.png\" alt=\"cutie transparent&#x103;\" class=\"wp-image-109012\" style=\"object-fit:cover;width:361px;height:auto\" srcset=\"https:\/\/obera.fr\/wp-content\/uploads\/2025\/06\/clearbox-300x267.png 300w, https:\/\/obera.fr\/wp-content\/uploads\/2025\/06\/clearbox.png 534w\" sizes=\"(max-width: 300px) 100vw, 300px\" \/><\/a><\/figure>\n\n\n\n<p class=\"has-text-align-center\">Debit maxim 2000m3\/h<\/p>\n<\/div>\n<\/div>\n\n<div style=\"height:58px\" aria-hidden=\"true\" class=\"wp-block-spacer\"><\/div>\n\n<div style=\"height:58px\" aria-hidden=\"true\" class=\"wp-block-spacer\"><\/div>\n\n<div class=\"wp-block-columns is-layout-flex wp-container-core-columns-is-layout-28f84493 wp-block-columns-is-layout-flex\">\n<div class=\"wp-block-column is-layout-flow wp-block-column-is-layout-flow\">\n<h3 class=\"wp-block-heading has-text-align-center\">ePUR EX<\/h3>\n\n\n\n<p class=\"has-text-align-center\">Tratarea fumului, vaporilor \u0219i solven\u021bilor<\/p>\n\n\n\n<figure class=\"wp-block-image aligncenter size-medium is-resized\"><a href=\"https:\/\/obera.fr\/produits\/depoussiereurs-industriels\/petits\/aspiration-fumees-soudage-laser-epur-b-ex\/\"><img decoding=\"async\" width=\"300\" height=\"300\" src=\"https:\/\/obera.fr\/wp-content\/uploads\/2023\/10\/epurb-ex-1000-3000-5000-300x300.png\" alt=\"oberA epur b ex 1000 3000 5000\" class=\"wp-image-25016\" style=\"object-fit:cover\" srcset=\"https:\/\/obera.fr\/wp-content\/uploads\/2023\/10\/epurb-ex-1000-3000-5000-300x300.png 300w, https:\/\/obera.fr\/wp-content\/uploads\/2023\/10\/epurb-ex-1000-3000-5000-150x150.png 150w, https:\/\/obera.fr\/wp-content\/uploads\/2023\/10\/epurb-ex-1000-3000-5000.png 600w\" sizes=\"(max-width: 300px) 100vw, 300px\" \/><\/a><\/figure>\n\n\n\n<p class=\"has-text-align-center\">Debit maxim 350 &#8211; 2800 m3\/h<\/p>\n<\/div>\n\n\n\n<div class=\"wp-block-column is-layout-flow wp-block-column-is-layout-flow\">\n<h3 class=\"wp-block-heading has-text-align-center\">Jumbo<\/h3>\n\n\n\n<p class=\"has-text-align-center\">Tratarea fumului, vaporilor \u0219i solven\u021bilor<\/p>\n\n\n\n<figure class=\"wp-block-image aligncenter size-full is-resized\"><a href=\"https:\/\/obera.fr\/produits\/depoussiereurs-industriels\/petits\/jumbo\/\"><img decoding=\"async\" width=\"500\" height=\"500\" src=\"https:\/\/obera.fr\/wp-content\/uploads\/2020\/10\/jumbo.png\" alt=\"Jumbo\" class=\"wp-image-1171\" style=\"width:302px;height:auto\" srcset=\"https:\/\/obera.fr\/wp-content\/uploads\/2020\/10\/jumbo.png 500w, https:\/\/obera.fr\/wp-content\/uploads\/2020\/10\/jumbo-300x300.png 300w, https:\/\/obera.fr\/wp-content\/uploads\/2020\/10\/jumbo-150x150.png 150w\" sizes=\"(max-width: 500px) 100vw, 500px\" \/><\/a><\/figure>\n\n\n\n<p class=\"has-text-align-center\">Debit maxim 170 m3\/h<\/p>\n<\/div>\n<\/div>\n\n<div style=\"height:58px\" aria-hidden=\"true\" class=\"wp-block-spacer\"><\/div>\n\n<div class=\"wp-block-columns is-layout-flex wp-container-core-columns-is-layout-28f84493 wp-block-columns-is-layout-flex\">\n<div class=\"wp-block-column is-layout-flow wp-block-column-is-layout-flow\">\n<h3 class=\"wp-block-heading has-text-align-center\">ePUR010 CA<\/h3>\n\n\n\n<p class=\"has-text-align-center\">Tratarea fumului, vaporilor \u0219i solven\u021bilor<\/p>\n\n\n\n<figure class=\"wp-block-image aligncenter size-medium is-resized\"><a href=\"https:\/\/obera.fr\/produits\/traitement-cov\/filtre-anti-poussiere-epur010-b-ca\/\"><img decoding=\"async\" width=\"221\" height=\"300\" src=\"https:\/\/obera.fr\/wp-content\/uploads\/2022\/02\/EPUR010-B-CA-221x300.png\" alt=\"epur010 b ca\" class=\"wp-image-8919\" style=\"object-fit:cover;width:239px;height:auto\" srcset=\"https:\/\/obera.fr\/wp-content\/uploads\/2022\/02\/EPUR010-B-CA-221x300.png 221w, https:\/\/obera.fr\/wp-content\/uploads\/2022\/02\/EPUR010-B-CA-753x1024.png 753w, https:\/\/obera.fr\/wp-content\/uploads\/2022\/02\/EPUR010-B-CA-768x1044.png 768w, https:\/\/obera.fr\/wp-content\/uploads\/2022\/02\/EPUR010-B-CA-1130x1536.png 1130w, https:\/\/obera.fr\/wp-content\/uploads\/2022\/02\/EPUR010-B-CA-1507x2048.png 1507w, https:\/\/obera.fr\/wp-content\/uploads\/2022\/02\/EPUR010-B-CA.png 1788w\" sizes=\"(max-width: 221px) 100vw, 221px\" \/><\/a><\/figure>\n\n\n\n<p class=\"has-text-align-center\">Debit maxim 150 m3\/h<\/p>\n<\/div>\n<\/div>\n\n<p class=\"has-text-align-center\"><\/p>\n\n<p><\/p>\n\n<div class=\"wp-block-buttons is-horizontal is-content-justification-center is-layout-flex wp-container-core-buttons-is-layout-03627597 wp-block-buttons-is-layout-flex\">\n<div class=\"wp-block-button has-custom-width wp-block-button__width-100\"><a class=\"wp-block-button__link wp-element-button\" href=\"https:\/\/obera.fr\/ro\/contactati-ne\/\">Afl\u0103 mai multe<\/a><\/div>\n<\/div>\n\n<h2 class=\"wp-block-heading\">De ce s\u0103 utiliza\u021bi o unitate mobil\u0103 de aspirare?<\/h2>\n\n<p>O cutie de aspira\u021bie mobil\u0103 este utilizat\u0103 \u00een general pentru <strong>captarea poluan\u021bilor la un post de lucru<\/strong>. Cutia de filtrare mobil\u0103 poate fi mutat\u0103 cu u\u0219urin\u021b\u0103 de la un post de lucru la altul. \u00cen plus, dac\u0103 clientul nu dispune de o re\u021bea de aspira\u021bie \u00een apropiere, este mai simplu s\u0103 pozi\u021biona\u021bi o unitate de aspira\u021bie mobil\u0103 dec\u00e2t s\u0103 desf\u0103\u0219ura\u021bi o re\u021bea de conducte de la un sistem de aspira\u021bie centralizat. \u00cen acela\u0219i mod, este adesea dificil s\u0103 se<strong>evacueze poluantul \u00een exterior<\/strong>, astfel \u00eenc\u00e2t incinta mobil\u0103 capteaz\u0103 produsul acolo unde este generat, \u00eel filtreaz\u0103 \u0219i evacueaz\u0103 aerul tratat \u00een zona respectiv\u0103. Filtrarea trebuie s\u0103 fie adaptat\u0103 poluan\u021bilor \u0219i, \u00een special, trebuie aleas\u0103 filtrarea HEPA H13 sau H14 de \u00eenalt\u0103 eficien\u021b\u0103 atunci c\u00e2nd trebuie filtra\u021bi compu\u0219ii CMR. Cele mai multe unit\u0103\u021bi mobile de filtrare pot fi<strong> echipate cu un<\/strong> tub de<strong> evacuare a aerului<\/strong> curat dac\u0103 clientul dore\u0219te s\u0103 evacueze aerul curat \u00een exterior.     <\/p>\n\n<h2 class=\"wp-block-heading\">Ce aplica\u021bii sunt acoperite de unit\u0103\u021bile mobile de filtrare?<\/h2>\n\n<div class=\"wp-block-columns is-layout-flex wp-container-core-columns-is-layout-28f84493 wp-block-columns-is-layout-flex\">\n<div class=\"wp-block-column is-layout-flow wp-block-column-is-layout-flow\" style=\"flex-basis:33.33%\">\n<figure class=\"wp-block-image aligncenter size-large is-resized\"><img decoding=\"async\" width=\"1024\" height=\"1024\" src=\"https:\/\/obera.fr\/wp-content\/uploads\/2025\/03\/2-1024x1024.png\" alt=\"Solu&#x21B;ia OberA\" class=\"wp-image-77618\" style=\"width:271px;height:auto\" srcset=\"https:\/\/obera.fr\/wp-content\/uploads\/2025\/03\/2-1024x1024.png 1024w, https:\/\/obera.fr\/wp-content\/uploads\/2025\/03\/2-300x300.png 300w, https:\/\/obera.fr\/wp-content\/uploads\/2025\/03\/2-150x150.png 150w, https:\/\/obera.fr\/wp-content\/uploads\/2025\/03\/2-768x768.png 768w, https:\/\/obera.fr\/wp-content\/uploads\/2025\/03\/2.png 1200w\" sizes=\"(max-width: 1024px) 100vw, 1024px\" \/><\/figure>\n<\/div>\n\n\n\n<div class=\"wp-block-column is-layout-flow wp-block-column-is-layout-flow\" style=\"flex-basis:66.66%\">\n<ul class=\"wp-block-list\">\n<li><strong>Unit\u0103\u021bile mobile de extrac\u021bie <\/strong>sunt utilizate \u00een general \u00een urm\u0103toarele aplica\u021bii:<\/li>\n\n\n\n<li>Brazare, lipire, industria electronic\u0103<\/li>\n\n\n\n<li>Laboratoare, manipularea, dozarea \u0219i decantarea substan\u021belor chimice lichide, r\u0103\u0219inoase sau pulverulente<\/li>\n\n\n\n<li>Bijuterii<\/li>\n\n\n\n<li>Ma\u0219in\u0103 laser (t\u0103iere carton, plastic, &#8230;.)<\/li>\n\n\n\n<li>Fabricarea aditiv\u0103 (ma\u0219in\u0103 3D, etc.)<\/li>\n\n\n\n<li><strong>Sta\u021bii de lipire<\/strong><\/li>\n\n\n\n<li>Cur\u0103\u021barea \u0219i degresarea pieselor ;<\/li>\n\n\n\n<li>Restaurarea operelor de art\u0103, vernisaj<\/li>\n\n\n\n<li><strong>\u0218lefuirea, \u0219lefuirea, decaparea, lustruirea \u0219i<\/strong> debavurarea pieselor mici din metal, materiale compozite sau materiale plastice<\/li>\n<\/ul>\n<\/div>\n<\/div>\n\n<h2 class=\"wp-block-heading\">Cum \u00eemi aleg unitatea mobil\u0103 de aspirare?<\/h2>\n\n<p>Pentru a <strong>alege unitatea de aspirare potrivit\u0103<\/strong>, trebuie mai \u00eent\u00e2i s\u0103 valida\u021bi tipurile de poluan\u021bi care urmeaz\u0103 s\u0103 fie trata\u021bi. Dac\u0103 este vorba doar de praf sau vapori, etapele de filtrare mecanic\u0103 vor fi suficiente. Dac\u0103 trebuie tratate vapori, solven\u021bi sau COV, trebuie utilizate filtre cu c\u0103rbune activ. Din ce \u00een ce mai mult, procesele genereaz\u0103 ambele, deoarece \u00eenc\u0103lzirea <strong>materialelor vaporizeaz\u0103 materialele \u0219i emit poluan\u021bi<\/strong> sub form\u0103 de vapori (solide) \u0219i gaze (de obicei COV). \u00cen astfel de cazuri, este necesar\u0103 o combina\u021bie de etape de filtrare a particulelor (filtre mecanice) \u0219i etape de filtrare molecular\u0103 (c\u0103rbune activ).    <\/p>\n\n<p>\u00cen plus, dac\u0103 poluan\u021bii sunt toxici, va trebui s\u0103 alege\u021bi o filtrare HEPA adecvat\u0103. Dac\u0103 echipamentul trebuie s\u0103 extrag\u0103 pulberi sau gaze explozive, trebuie ales <strong>un dispozitiv ATEX adaptat la riscuri<\/strong>. <\/p>\n\n<p>Debitul de aspira\u021bie este evident un factor determinant \u00een alegerea aparatului. Noi v\u0103 putem ajuta s\u0103 \u00eel determina\u021bi. <\/p>\n\n<h2 class=\"wp-block-heading\">Costuri de exploatare \u0219i \u00eentre\u021binere<\/h2>\n\n<p><strong>Unit\u0103\u021bile mobile de extrac\u021bie<\/strong> sunt echipate cu filtre de satura\u021bie. \u00cen func\u021bie de dimensiunea particulelor de praf \u0219i vapori care trebuie tratate, trebuie selectat\u0103 combina\u021bia corect\u0103 de filtre. <\/p>\n\n<p>Cu c\u00e2t filtrele sunt mai eficiente, cu at\u00e2t sunt mai scumpe. Prin urmare, obiectivul este de a satura<strong> etajele superioare<\/strong> c\u00e2t mai mult posibil pentru<strong> a p\u0103stra filtrele<\/strong> cele mai precise. Dac\u0103 este posibil, etajele de prefiltrare trebuie m\u0103rite (de exemplu, G4, M6, F9&#8230; pentru a proteja filtrele HEPA de \u00eenalt\u0103 eficien\u021b\u0103 H13 sau H14). Longevitatea filtrelor va depinde de cantitatea de poluan\u021bi, de timpul de utilizare \u0219i de distribu\u021bia granulometric\u0103 a poluantului. \u00cen unele cazuri, este posibil\u0103 o m\u0103surare pentru a selecta etapele de filtrare potrivite.    <\/p>\n","protected":false},"excerpt":{"rendered":"<p>Ce este o unitate mobil\u0103 de aspirare? O unitate mobil\u0103 de aspirare, cunoscut\u0103 \u0219i sub denumirea de unitate mobil\u0103 de filtrare, unitate mobil\u0103 de aspirare sau unitate mobil\u0103 de filtrare, este \u00een general un dispozitiv mobil de mici dimensiuni pentru extragerea poluan\u021bilor la surs\u0103 \u0219i filtrarea acestora. \u00cen general, este prev\u0103zut cu un bra\u021b de colectare pe aparat sau cu o intrare tubular\u0103 care permite conectarea unuia sau mai multor furtunuri flexibile de aspirare la o ma\u0219in\u0103, o hot\u0103, o mas\u0103 mic\u0103 de aspirare sau bra\u021be la distan\u021b\u0103. Unit\u0103\u021bile mobile de aspira\u021bie constau dintr-un bra\u021b de colectare sau o intrare &#8230; <\/p>\n<p class=\"read-more-container\"><a title=\"Unit\u0103\u021bi mobile de aspirare\" class=\"read-more button\" href=\"https:\/\/obera.fr\/ro\/produits\/caissons-mobiles-aspiration\/#more-39652\" aria-label=\"Cite\u0219te mai multe despre Unit\u0103\u021bi mobile de aspirare\">Lire la suite<\/a><\/p>\n","protected":false},"author":4,"featured_media":83748,"parent":38137,"menu_order":0,"comment_status":"closed","ping_status":"closed","template":"","meta":{"_acf_changed":false,"_seopress_robots_primary_cat":"","_seopress_titles_title":"unit\u0103\u021bi mobile de aspirare oberA","_seopress_titles_desc":"Gama noastr\u0103 de unit\u0103\u021bi mobile de aspirare: ePURBox: Modularitate \u0219i versatilitate, ePUR010 B CA, Jumbo \u0219i EPUR B EX","_seopress_robots_index":"","footnotes":""},"class_list":{"0":"post-39652","1":"page","2":"type-page","3":"status-publish","4":"has-post-thumbnail","6":"no-featured-image-padding","7":"resize-featured-image"},"acf":[],"_links":{"self":[{"href":"https:\/\/obera.fr\/ro\/wp-json\/wp\/v2\/pages\/39652","targetHints":{"allow":["GET"]}}],"collection":[{"href":"https:\/\/obera.fr\/ro\/wp-json\/wp\/v2\/pages"}],"about":[{"href":"https:\/\/obera.fr\/ro\/wp-json\/wp\/v2\/types\/page"}],"author":[{"embeddable":true,"href":"https:\/\/obera.fr\/ro\/wp-json\/wp\/v2\/users\/4"}],"replies":[{"embeddable":true,"href":"https:\/\/obera.fr\/ro\/wp-json\/wp\/v2\/comments?post=39652"}],"version-history":[{"count":17,"href":"https:\/\/obera.fr\/ro\/wp-json\/wp\/v2\/pages\/39652\/revisions"}],"predecessor-version":[{"id":127223,"href":"https:\/\/obera.fr\/ro\/wp-json\/wp\/v2\/pages\/39652\/revisions\/127223"}],"up":[{"embeddable":true,"href":"https:\/\/obera.fr\/ro\/wp-json\/wp\/v2\/pages\/38137"}],"wp:featuredmedia":[{"embeddable":true,"href":"https:\/\/obera.fr\/ro\/wp-json\/wp\/v2\/media\/83748"}],"wp:attachment":[{"href":"https:\/\/obera.fr\/ro\/wp-json\/wp\/v2\/media?parent=39652"}],"curies":[{"name":"wp","href":"https:\/\/api.w.org\/{rel}","templated":true}]}}