{"id":42465,"date":"2020-08-26T16:20:46","date_gmt":"2020-08-26T14:20:46","guid":{"rendered":"https:\/\/obera.fr\/istoria-obera\/"},"modified":"2025-05-15T10:19:15","modified_gmt":"2025-05-15T08:19:15","slug":"histoire","status":"publish","type":"page","link":"https:\/\/obera.fr\/ro\/decouvrir\/histoire\/","title":{"rendered":"Istoria OberA"},"content":{"rendered":"\n<h2 class=\"wp-block-heading\">Partenerul dumneavoastr\u0103 pentru un aer s\u0103n\u0103tos la locul de munc\u0103!<\/h2>\n\n<p><\/p>\n\n<figure class=\"wp-block-image alignright size-medium is-resized\"><img decoding=\"async\" width=\"300\" height=\"85\" src=\"https:\/\/obera.fr\/wp-content\/uploads\/2025\/05\/obera-logo-fr-rvb-v2-300x85.png\" alt=\"logo-ul obera &#xEE;n rvb v2\" class=\"wp-image-100991\" srcset=\"https:\/\/obera.fr\/wp-content\/uploads\/2025\/05\/obera-logo-fr-rvb-v2-300x85.png 300w, https:\/\/obera.fr\/wp-content\/uploads\/2025\/05\/obera-logo-fr-rvb-v2-1024x291.png 1024w, https:\/\/obera.fr\/wp-content\/uploads\/2025\/05\/obera-logo-fr-rvb-v2-768x218.png 768w, https:\/\/obera.fr\/wp-content\/uploads\/2025\/05\/obera-logo-fr-rvb-v2-1536x437.png 1536w, https:\/\/obera.fr\/wp-content\/uploads\/2025\/05\/obera-logo-fr-rvb-v2.png 1995w\" sizes=\"(max-width: 300px) 100vw, 300px\" \/><\/figure>\n\n<p>\u00cen Fran\u021ba, poluarea aerului este responsabil\u0103 de aproape 50.000 de decese pe an. \u00cen timp ce provoc\u0103rile legate de calitatea aerului sunt bine cunoscute \u00een mediul urban, acestea r\u0103m\u00e2n subestimate la locul de munc\u0103. Cu toate acestea, aerul din interiorul companiilor poate fi <strong>de 10 p\u00e2n\u0103 la 50 de ori mai poluat<\/strong> dec\u00e2t aerul exterior.  <\/p>\n\n<p><\/p>\n\n<p>Exist\u0103 multe surse de poluare:<\/p>\n\n<ul class=\"wp-block-list\">\n<li><strong>Emisiile legate de procesele industriale<\/strong> (vapori, fumuri, cea\u021b\u0103 de ulei),<\/li>\n\n\n\n<li><strong>Manipularea \u0219i transportul<\/strong> materiilor prime,<\/li>\n\n\n\n<li><strong>Produsele utilizate \u00een produc\u021bie<\/strong> (COV, mirosuri, praf, viru\u0219i etc.).<\/li>\n<\/ul>\n\n<p><\/p>\n\n<p>Ace\u0219ti poluan\u021bi, indiferent dac\u0103 sunt gazo\u0219i sau particule, au un impact direct asupra s\u0103n\u0103t\u0103\u021bii angaja\u021bilor, dar \u0219i asupra performan\u021bei industriale: cre\u0219terea de\u0219eurilor, reclama\u021bii ale clien\u021bilor, sc\u0103derea productivit\u0103\u021bii \u0219i cre\u0219terea costurilor de \u00eentre\u021binere.<\/p>\n\n<p><\/p>\n\n<h3 class=\"wp-block-heading\">Un r\u0103spuns inovator la limite contrastante<\/h3>\n\n<p>Expunerea la poluan\u021bi duce la <strong>probleme de s\u0103n\u0103tate<\/strong> \u0219i poate provoca \u00eemboln\u0103virea angaja\u021bilor expu\u0219i. \u00cen plus, calitatea slab\u0103 a aerului are repercusiuni asupra <strong>ratelor de rebuturi<\/strong>, <strong>reclama\u021biilor clien\u021bilor<\/strong>, <strong>productivit\u0103\u021bii<\/strong> \u0219i frecven\u021bei de <strong>\u00eentre\u021binere<\/strong> a echipamentelor de produc\u021bie. <\/p>\n\n<p>Pentru a trata ace\u0219ti poluan\u021bi, apel\u0103m \u00een general la solu\u021bii de captare, \u00eendep\u0103rtare a prafului \u0219i filtrare, \u0219i pe bun\u0103 dreptate. Cu toate acestea, aceste solu\u021bii sunt rareori suficiente pentru a rezolva complet problemele de calitate a aerului, \u00een special atunci c\u00e2nd poluarea este difuz\u0103. \u00cen plus, produc\u0103torii de echipamente de \u00eendep\u0103rtare a prafului \u0219i de filtrare se angajeaz\u0103 rareori s\u0103 respecte nivelurile reziduale de poluare ambiental\u0103 sau s\u0103 <strong>respecte reglement\u0103rile VLEP<\/strong>.  <\/p>\n\n<p><a href=\"https:\/\/obera.fr\/ro\/decouvrir\/\" data-type=\"page\" data-id=\"731\">OberA<\/a> aduce o <strong>abordare inovatoare \u0219i unic\u0103 <\/strong>pentru a v\u0103<strong> garanta un aer s\u0103n\u0103tos. <\/strong>Aceast\u0103 abordare este rodul a peste 20 de ani de experien\u021b\u0103 \u00een domeniul \u00eendep\u0103rt\u0103rii prafului, filtr\u0103rii \u0219i trat\u0103rii aerului.  <\/p>\n\n<p><\/p>\n\n<div class=\"wp-block-buttons is-content-justification-center is-layout-flex wp-container-core-buttons-is-layout-a89b3969 wp-block-buttons-is-layout-flex\">\n<div class=\"wp-block-button\"><a class=\"wp-block-button__link wp-element-button\" href=\"https:\/\/obera.fr\/ro\/produits\/\">Descoperi\u021bi gama noastr\u0103 de solu\u021bii pentru a garanta calitatea aerului dumneavoastr\u0103<\/a><\/div>\n<\/div>\n\n<p><\/p>\n\n<h3 class=\"wp-block-heading\">OberA, o nou\u0103 viziune a trat\u0103rii aerului<\/h3>\n\n<p>Cu peste 20 de ani de experien\u021b\u0103 \u00een \u00eendep\u0103rtarea prafului, filtrare \u0219i purificarea aerului, <strong>OberA ofer\u0103 o abordare global\u0103, inovatoare \u0219i orientat\u0103 spre rezultate<\/strong>, bazat\u0103 pe patru etape cheie:<\/p>\n\n<ol class=\"wp-block-list\">\n<li><strong>Diagnostic precis<\/strong>: identificarea surselor de poluare \u0219i m\u0103surarea concentra\u021biilor \u0219i dimensiunilor particulelor.<\/li>\n\n\n\n<li><strong>Faza de testare f\u0103r\u0103 obliga\u021bii<\/strong>: instalarea de echipamente de testare sau de \u00eenchiriere pentru validarea performan\u021belor tehnice \u0219i garantarea rezultatelor.<\/li>\n\n\n\n<li><strong>Implementarea solu\u021biei adecvate<\/strong>: captarea la surs\u0103, tratarea aerului ambiental (purificare), filtrare fin\u0103.<\/li>\n\n\n\n<li><strong>Monitorizare \u00een timp real<\/strong>: monitorizare continu\u0103 a calit\u0103\u021bii aerului \u0219i \u00eentre\u021binere conectat\u0103 (Industria 4.0).<\/li>\n<\/ol>\n\n<blockquote class=\"wp-block-quote is-layout-flow wp-block-quote-is-layout-flow\">\n<p><strong>Utilizarea informa\u021biilor privilegiate autorizat\u0103!<\/strong><\/p>\n<\/blockquote>\n\n<p>\u00cen acest fel, <a href=\"https:\/\/obera.fr\/ro\/decouvrir\/clientii-nostri\/\" data-type=\"page\" data-id=\"743\">clien\u021bii OberA<\/a> investesc \u00een echipamente care le garanteaz\u0103 un nivel mai bun al calit\u0103\u021bii aerului, av\u00e2nd \u00een acela\u0219i timp o cunoa\u0219tere deplin\u0103 a rezultatelor, a costurilor de investi\u021bie \u0219i a costurilor de func\u021bionare.<\/p>\n\n<p><\/p>\n\n<div class=\"wp-block-buttons is-horizontal is-content-justification-center is-layout-flex wp-container-core-buttons-is-layout-03627597 wp-block-buttons-is-layout-flex\">\n<div class=\"wp-block-button\"><a class=\"wp-block-button__link wp-element-button\" href=\"https:\/\/obera.fr\/ro\/produits\/\">Descoperi\u021bi gama noastr\u0103 complet\u0103<\/a><\/div>\n<\/div>\n\n<div style=\"height:35px\" aria-hidden=\"true\" class=\"wp-block-spacer\"><\/div>\n\n<div class=\"wp-block-columns is-layout-flex wp-container-core-columns-is-layout-28f84493 wp-block-columns-is-layout-flex\">\n<div class=\"wp-block-column is-layout-flow wp-block-column-is-layout-flow\"><\/div>\n\n\n\n<div class=\"wp-block-column is-layout-flow wp-block-column-is-layout-flow\">\n<figure class=\"wp-block-video\"><video height=\"1080\" style=\"aspect-ratio: 1920 \/ 1080;\" width=\"1920\" autoplay=\"\" controls=\"\" loop=\"\" muted=\"\" poster=\"https:\/\/obera.fr\/wp-content\/uploads\/2025\/05\/capture-decran-2025-05-14-100342.png\" src=\"https:\/\/obera.fr\/wp-content\/uploads\/2025\/05\/made_in_france_obera_fr.mp4\"><\/video><\/figure>\n<\/div>\n\n\n\n<div class=\"wp-block-column is-layout-flow wp-block-column-is-layout-flow\"><\/div>\n<\/div>\n\n<p><\/p>\n\n<h3 class=\"wp-block-heading\">Investi\u021bii sigure<\/h3>\n\n<p>Cu OberA, beneficia\u021bi de solu\u021bii dovedite care garanteaz\u0103 o \u00eembun\u0103t\u0103\u021bire m\u0103surabil\u0103 a calit\u0103\u021bii aerului, <strong>cu transparen\u021b\u0103 total\u0103 privind rezultatele, investi\u021biile \u0219i costurile de exploatare<\/strong>.<\/p>\n\n<blockquote class=\"wp-block-quote is-layout-flow wp-block-quote-is-layout-flow\">\n<p>Deoarece aerul s\u0103n\u0103tos nu este o op\u021biune, ci o cerin\u021b\u0103.<\/p>\n\n\n\n<p><\/p>\n<\/blockquote>\n","protected":false},"excerpt":{"rendered":"<p>Partenerul dumneavoastr\u0103 pentru un aer s\u0103n\u0103tos la locul de munc\u0103! \u00cen Fran\u021ba, poluarea aerului este responsabil\u0103 de aproape 50.000 de decese pe an. \u00cen timp ce provoc\u0103rile legate de calitatea aerului sunt bine cunoscute \u00een mediul urban, acestea r\u0103m\u00e2n subestimate la locul de munc\u0103. Cu toate acestea, aerul din interiorul companiilor poate fi de 10 p\u00e2n\u0103 la 50 de ori mai poluat dec\u00e2t aerul exterior. Exist\u0103 multe surse de poluare: Ace\u0219ti poluan\u021bi, indiferent dac\u0103 sunt gazo\u0219i sau particule, au un impact direct asupra s\u0103n\u0103t\u0103\u021bii angaja\u021bilor, dar \u0219i asupra performan\u021bei industriale: cre\u0219terea de\u0219eurilor, reclama\u021bii ale clien\u021bilor, sc\u0103derea productivit\u0103\u021bii \u0219i cre\u0219terea costurilor &#8230; <\/p>\n<p class=\"read-more-container\"><a title=\"Istoria OberA\" class=\"read-more button\" href=\"https:\/\/obera.fr\/ro\/decouvrir\/histoire\/#more-42465\" aria-label=\"Cite\u0219te mai multe despre Istoria OberA\">Lire la suite<\/a><\/p>\n","protected":false},"author":4,"featured_media":84821,"parent":42565,"menu_order":0,"comment_status":"closed","ping_status":"closed","template":"","meta":{"_acf_changed":false,"_seopress_robots_primary_cat":"","_seopress_titles_title":"Descoperi\u021bi istoria oberA de peste 20 de ani","_seopress_titles_desc":"Peste 20 de ani de experien\u021b\u0103 \u00een \u00eendep\u0103rtarea prafului, filtrare \u0219i tratarea aerului. OBERA ofer\u0103 o abordare inovatoare \u0219i unic\u0103.","_seopress_robots_index":"","footnotes":""},"class_list":{"0":"post-42465","1":"page","2":"type-page","3":"status-publish","4":"has-post-thumbnail","6":"no-featured-image-padding","7":"resize-featured-image"},"acf":[],"_links":{"self":[{"href":"https:\/\/obera.fr\/ro\/wp-json\/wp\/v2\/pages\/42465","targetHints":{"allow":["GET"]}}],"collection":[{"href":"https:\/\/obera.fr\/ro\/wp-json\/wp\/v2\/pages"}],"about":[{"href":"https:\/\/obera.fr\/ro\/wp-json\/wp\/v2\/types\/page"}],"author":[{"embeddable":true,"href":"https:\/\/obera.fr\/ro\/wp-json\/wp\/v2\/users\/4"}],"replies":[{"embeddable":true,"href":"https:\/\/obera.fr\/ro\/wp-json\/wp\/v2\/comments?post=42465"}],"version-history":[{"count":4,"href":"https:\/\/obera.fr\/ro\/wp-json\/wp\/v2\/pages\/42465\/revisions"}],"predecessor-version":[{"id":101297,"href":"https:\/\/obera.fr\/ro\/wp-json\/wp\/v2\/pages\/42465\/revisions\/101297"}],"up":[{"embeddable":true,"href":"https:\/\/obera.fr\/ro\/wp-json\/wp\/v2\/pages\/42565"}],"wp:featuredmedia":[{"embeddable":true,"href":"https:\/\/obera.fr\/ro\/wp-json\/wp\/v2\/media\/84821"}],"wp:attachment":[{"href":"https:\/\/obera.fr\/ro\/wp-json\/wp\/v2\/media?parent=42465"}],"curies":[{"name":"wp","href":"https:\/\/api.w.org\/{rel}","templated":true}]}}