{"id":42931,"date":"2024-05-07T09:40:58","date_gmt":"2024-05-07T07:40:58","guid":{"rendered":"https:\/\/obera.fr\/produsele-noastre\/unitati-mobile-de-aspirare\/masa-mobila-epurbox-tsp\/"},"modified":"2025-06-30T14:00:18","modified_gmt":"2025-06-30T12:00:18","slug":"epurbox-tsp","status":"publish","type":"page","link":"https:\/\/obera.fr\/ro\/produits\/caissons-mobiles-aspiration\/epurbox-tsp\/","title":{"rendered":"EpurBox TSP"},"content":{"rendered":"\n<div class=\"wp-block-columns is-layout-flex wp-container-core-columns-is-layout-28f84493 wp-block-columns-is-layout-flex\">\n<div class=\"wp-block-column is-vertically-aligned-top is-layout-flow wp-block-column-is-layout-flow\" style=\"flex-basis:33.33%\">\n<figure class=\"wp-block-image aligncenter size-full is-resized\"><img decoding=\"async\" width=\"1200\" height=\"1200\" src=\"https:\/\/obera.fr\/wp-content\/uploads\/2024\/05\/epurbox-tsp.png\" alt=\"epurbox tsp mas&#x103; de aspira&#x21B;ie\" class=\"wp-image-30348\" style=\"width:296px;height:346px\" srcset=\"https:\/\/obera.fr\/wp-content\/uploads\/2024\/05\/epurbox-tsp.png 1200w, https:\/\/obera.fr\/wp-content\/uploads\/2024\/05\/epurbox-tsp-300x300.png 300w, https:\/\/obera.fr\/wp-content\/uploads\/2024\/05\/epurbox-tsp-1024x1024.png 1024w, https:\/\/obera.fr\/wp-content\/uploads\/2024\/05\/epurbox-tsp-150x150.png 150w, https:\/\/obera.fr\/wp-content\/uploads\/2024\/05\/epurbox-tsp-768x768.png 768w\" sizes=\"(max-width: 1200px) 100vw, 1200px\" \/><figcaption class=\"wp-element-caption\">ePURbox TSP<\/figcaption><\/figure>\n<\/div>\n\n\n\n<div class=\"wp-block-column is-layout-flow wp-block-column-is-layout-flow\" style=\"flex-basis:66.66%\">\n<p><strong>Masa de aspirare ePURBOX<\/strong> este integrat\u0103 direct \u00een aparatul ePURBOX. Are propriul s\u0103u sistem de filtrare \u0219i propriul ventilator pentru tratarea mirosurilor \u0219i a COV-urilor. \u00cembr\u0103c\u0103mintea peretelui din spate asigur\u0103 o aspira\u021bie foarte eficient\u0103 \u0219i captarea poluan\u021bilor pe \u00eentreaga suprafa\u021b\u0103 a mesei de aspira\u021bie.  <\/p>\n\n\n\n<p>Particulele grosiere sunt filtrate \u00een amonte de un pre-filtru integrat (G4) pentru a prelungi durata de via\u021b\u0103 a cartu\u0219elor de c\u0103rbune activ.<\/p>\n\n\n\n<p>Placarea pere\u021bilor laterali asigur\u0103 un nivel foarte ridicat de captare a mirosurilor de pe suprafa\u021ba mesei. \u00cen cele din urm\u0103, aerul de proces este filtrat cu carbon activ (tip A) \u0219i poate fi reintrodus \u00een spa\u021biul de lucru. <\/p>\n\n\n\n<hr class=\"wp-block-separator has-css-opacity is-style-dots\"\/>\n\n\n\n<div class=\"wp-block-columns is-layout-flex wp-container-core-columns-is-layout-28f84493 wp-block-columns-is-layout-flex\">\n<div class=\"wp-block-column is-layout-flow wp-block-column-is-layout-flow\" style=\"flex-basis:33.33%\">\n<div class=\"wp-block-buttons is-layout-flex wp-block-buttons-is-layout-flex\">\n<div class=\"wp-block-button\"><a class=\"wp-block-button__link wp-element-button\" href=\"https:\/\/obera.fr\/wp-content\/uploads\/2025\/04\/brochure-epurbox-tsp-atex-fr.pdf\">DESC\u0102RCA\u021aI BRO\u0218URA<\/a><\/div>\n<\/div>\n<\/div>\n\n\n\n<div class=\"wp-block-column is-layout-flow wp-block-column-is-layout-flow\" style=\"flex-basis:33.34%\">\n<div class=\"wp-block-buttons is-horizontal is-content-justification-center is-layout-flex wp-container-core-buttons-is-layout-03627597 wp-block-buttons-is-layout-flex\">\n<div class=\"wp-block-button has-custom-width wp-block-button__width-100\"><a class=\"wp-block-button__link wp-element-button\" href=\"https:\/\/obera.fr\/ro\/contactati-ne\/\">Afl\u0103 mai multe<\/a><\/div>\n<\/div>\n<\/div>\n\n\n\n<div class=\"wp-block-column is-layout-flow wp-block-column-is-layout-flow\" style=\"flex-basis:33.34%\">\n<div class=\"wp-block-buttons is-content-justification-center is-layout-flex wp-container-core-buttons-is-layout-a89b3969 wp-block-buttons-is-layout-flex\">\n<div class=\"wp-block-button btn-devis-source\"><a class=\"wp-block-button__link wp-element-button\" href=\"https:\/\/obera.fr\/ro\/devis\/\">Solicita\u021bi o ofert\u0103<\/a><\/div>\n<\/div>\n\n\n<script>\r\ndocument.addEventListener('DOMContentLoaded', function() {\r\n    \/\/ 1. On cherche le titre H1 de la page\r\n    var h1 = document.querySelector('h1');\r\n    var productTitle = h1 ? h1.innerText.trim() : \"\";\r\n\r\n    \/\/ 2. On cherche les boutons via la classe CSS .btn-devis-source\r\n    var buttons = document.querySelectorAll('.btn-devis-source a');\r\n\r\n    \/\/ 3. Si on a le titre et les boutons, on ajoute le param\u00e8tre\r\n    if (buttons.length > 0 && productTitle !== \"\") {\r\n        var encodedTitle = encodeURIComponent(productTitle);\r\n\r\n        buttons.forEach(function(btn) {\r\n            var currentHref = btn.getAttribute('href');\r\n            \r\n            \/\/ S\u00e9curit\u00e9 pour ne pas ajouter le param\u00e8tre 2 fois\r\n            if (currentHref.indexOf('sujet=') === -1) {\r\n                var separator = currentHref.indexOf('?') !== -1 ? '&' : '?';\r\n                var newLink = currentHref + separator + 'sujet=' + encodedTitle;\r\n                \r\n                btn.setAttribute('href', newLink);\r\n            }\r\n        });\r\n    }\r\n});\r\n<\/script><\/div>\n<\/div>\n\n\n\n<div style=\"height:45px\" aria-hidden=\"true\" class=\"wp-block-spacer\"><\/div>\n<\/div>\n<\/div>\n\n<div class=\"wp-block-columns is-layout-flex wp-container-core-columns-is-layout-28f84493 wp-block-columns-is-layout-flex\">\n<div class=\"wp-block-column is-layout-flow wp-block-column-is-layout-flow\" style=\"flex-basis:33.34%\">\n<h3 class=\"wp-block-heading\">Beneficii<\/h3>\n\n\n\n<ul class=\"wp-block-list\">\n<li>Ventilator cu randament foarte ridicat<\/li>\n\n\n\n<li>Silen\u021bios<\/li>\n\n\n\n<li>Mobil, u\u0219or, u\u0219or de manevrat<\/li>\n\n\n\n<li>Amprent\u0103 mic\u0103<\/li>\n\n\n\n<li>\u00centre\u021binere u\u0219oar\u0103 a filtrului<\/li>\n\n\n\n<li>Debit reglabil de la 0 la 100%.<\/li>\n\n\n\n<li>Sistem Plug &amp; Play<\/li>\n<\/ul>\n<\/div>\n\n\n\n<div class=\"wp-block-column is-layout-flow wp-block-column-is-layout-flow\" style=\"flex-basis:33.34%\">\n<h3 class=\"wp-block-heading\">Caracteristici speciale<\/h3>\n\n\n\n<ul class=\"wp-block-list\">\n<li>\u00cenlocuirea u\u0219oar\u0103 a mediului filtrant<\/li>\n\n\n\n<li>Actualizabil \u0219i configurabil<\/li>\n\n\n\n<li>Atex 2 gaz \/ Atex 22 praf<\/li>\n\n\n\n<li>Capacitate mare de adsorb\u021bie<\/li>\n\n\n\n<li>Contor de ore<\/li>\n\n\n\n<li>Indicator de \u00eenfundare a filtrului<\/li>\n\n\n\n<li>220V<\/li>\n<\/ul>\n<\/div>\n\n\n\n<div class=\"wp-block-column is-layout-flow wp-block-column-is-layout-flow\" style=\"flex-basis:33.33%\">\n<h3 class=\"wp-block-heading\">Caracteristici<\/h3>\n\n\n\n<ul class=\"wp-block-list\">\n<li>Debit maxim 1200 m3\/h<\/li>\n\n\n\n<li>diametrul de admisie 140 mm<\/li>\n\n\n\n<li>Vid maxim 1350 Pa<\/li>\n\n\n\n<li>Putere nominal\u0103 0,75 kW<\/li>\n\n\n\n<li>15 kg filtru de carbon activ<\/li>\n\n\n\n<li>Dimensiuni: 700 x 710 x 1060 mm<\/li>\n\n\n\n<li>Greutate 90 kg<\/li>\n\n\n\n<li>Nivel de zgomot 68 db<\/li>\n<\/ul>\n<\/div>\n<\/div>\n\n<h3 class=\"wp-block-heading\">Beneficii<\/h3>\n\n<p>Masa de extrac\u021bie ePURBOX a fost proiectat\u0103 pentru <strong>utilizare mobil\u0103 \u0219i este adecvat\u0103 pentru func\u021bionare continu\u0103<\/strong>. Construc\u021bia sa robust\u0103 face ca masa de extrac\u021bie s\u0103 fie compact\u0103 \u0219i u\u0219or de manevrat. Un sertar este amplasat sub gr\u0103tar pentru eliminarea simpl\u0103 \u0219i curat\u0103 a de\u0219eurilor colectate \u00een timpul procesului. Tehnologia EC asigur\u0103<strong> o func\u021bionare silen\u021bioas\u0103 <\/strong>\u0219i economic\u0103.   <\/p>\n\n<h3 class=\"wp-block-heading\">Caracteristici speciale<\/h3>\n\n<p>Masa de aspirare ePURBOX are un buton de reglare continu\u0103 a fluxului de aer. <strong>Pute\u021bi regla manual debitul de aer, <\/strong>dup\u0103 cum este necesar, utiliz\u00e2nd un <strong>buton rotativ <\/strong>. Exist\u0103, de asemenea, un contor de ore de func\u021bionare, astfel \u00eenc\u00e2t s\u0103 \u0219ti\u021bi de c\u00e2t timp au fost filtrele \u00een interior, de exemplu, pentru a \u0219ti c\u00e2nd s\u0103 le schimba\u021bi.  <\/p>\n\n<h3 class=\"wp-block-heading\">Caracteristici<\/h3>\n\n<p>Materialele utilizate \u00een proiectarea<strong> mesei de aspira\u021bie ePURBOX<\/strong> o fac robust\u0103 \u0219i u\u0219or de manevrat. Mobilitatea \u0219i dimensiunile sale fac din aceast\u0103 mas\u0103 un spa\u021biu de lucru eficient. <\/p>\n\n<h3 class=\"wp-block-heading\">Ce poluan\u021bi pot fi trata\u021bi cu masa ePURBOX?<\/h3>\n\n<p>Masa de aspira\u021bie ePURBOX TSP este eficient\u0103 \u00eempotriva .<\/p>\n\n<ul class=\"wp-block-list\">\n<li>Particule generate de \u0219lefuire \u0219i rectificare.<\/li>\n\n\n\n<li>Praf fin \u0219i ultrafin ;<\/li>\n\n\n\n<li>Fumuri de metal ;<\/li>\n\n\n\n<li>Gaze \u0219i vapori nocivi ;<\/li>\n<\/ul>\n\n<p><\/p>\n\n<div class=\"wp-block-columns is-layout-flex wp-container-core-columns-is-layout-28f84493 wp-block-columns-is-layout-flex\">\n<div class=\"wp-block-column is-layout-flow wp-block-column-is-layout-flow\" style=\"flex-basis:25%\"><\/div>\n\n\n\n<div class=\"wp-block-column is-layout-flow wp-block-column-is-layout-flow\" style=\"flex-basis:50%\">\n<figure class=\"wp-block-embed is-type-video is-provider-youtube wp-block-embed-youtube wp-embed-aspect-16-9 wp-has-aspect-ratio\"><div class=\"wp-block-embed__wrapper\">\n<iframe title=\"Caisson mobile d&#039;aspiration - ePURbox Atex - OberA\" width=\"1200\" height=\"675\" src=\"https:\/\/www.youtube.com\/embed\/vpDttbOwJGQ?start=1&#038;feature=oembed\" frameborder=\"0\" allow=\"accelerometer; autoplay; clipboard-write; encrypted-media; gyroscope; picture-in-picture; web-share\" referrerpolicy=\"strict-origin-when-cross-origin\" allowfullscreen><\/iframe>\n<\/div><\/figure>\n\n\n\n<p><\/p>\n<\/div>\n\n\n\n<div class=\"wp-block-column is-layout-flow wp-block-column-is-layout-flow\" style=\"flex-basis:25%\"><\/div>\n<\/div>\n\n<h2 class=\"wp-block-heading\">Aplica\u021bii industriale ale meselor de aspira\u021bie ATEX<\/h2>\n\n<div class=\"wp-block-columns is-layout-flex wp-container-core-columns-is-layout-28f84493 wp-block-columns-is-layout-flex\">\n<div class=\"wp-block-column is-layout-flow wp-block-column-is-layout-flow\">\n<h3 class=\"wp-block-heading has-text-align-center\">Poluan\u021bi<\/h3>\n\n\n\n<div class=\"wp-block-columns is-layout-flex wp-container-core-columns-is-layout-28f84493 wp-block-columns-is-layout-flex\">\n<div class=\"wp-block-column is-layout-flow wp-block-column-is-layout-flow\">\n<figure class=\"wp-block-image aligncenter size-large\"><img decoding=\"async\" width=\"70\" height=\"70\" src=\"https:\/\/obera.fr\/wp-content\/uploads\/2021\/03\/industrie-fumees.jpg\" alt=\"vapori din industrie\" class=\"wp-image-4971\"\/><figcaption class=\"wp-element-caption\">Fumuri<\/figcaption><\/figure>\n\n\n\n<figure class=\"wp-block-image aligncenter size-large\"><img decoding=\"async\" width=\"70\" height=\"70\" src=\"https:\/\/obera.fr\/wp-content\/uploads\/2021\/03\/industrie-odeur-2.jpg\" alt=\"industria mirosurilor 2\" class=\"wp-image-4972\"\/><figcaption class=\"wp-element-caption\">Mirosuri<\/figcaption><\/figure>\n<\/div>\n\n\n\n<div class=\"wp-block-column is-layout-flow wp-block-column-is-layout-flow\">\n<figure class=\"wp-block-image aligncenter size-large\"><img decoding=\"async\" width=\"70\" height=\"70\" src=\"https:\/\/obera.fr\/wp-content\/uploads\/2021\/03\/polluants-poussieres-1.jpg\" alt=\"poluan&#x21B;ii de praf 1\" class=\"wp-image-4969\"\/><figcaption class=\"wp-element-caption\">Praf<\/figcaption><\/figure>\n<\/div>\n<\/div>\n\n\n\n<p><\/p>\n<\/div>\n\n\n\n<div class=\"wp-block-column is-layout-flow wp-block-column-is-layout-flow\">\n<h3 class=\"wp-block-heading has-text-align-center\">industrii<\/h3>\n\n\n\n<div class=\"wp-block-columns is-layout-flex wp-container-core-columns-is-layout-28f84493 wp-block-columns-is-layout-flex\">\n<div class=\"wp-block-column is-layout-flow wp-block-column-is-layout-flow\">\n<figure class=\"wp-block-image aligncenter size-large\"><img decoding=\"async\" width=\"70\" height=\"70\" src=\"https:\/\/obera.fr\/wp-content\/uploads\/2021\/03\/industrie-metallurgie-1.jpg\" alt=\"industria metalurgic&#x103; 1\" class=\"wp-image-4975\"\/><figcaption class=\"wp-element-caption\">Metalurgie<\/figcaption><\/figure>\n\n\n\n<figure class=\"wp-block-image aligncenter size-large\"><img decoding=\"async\" width=\"70\" height=\"70\" src=\"https:\/\/obera.fr\/wp-content\/uploads\/2021\/03\/industrie-textile.jpg\" alt=\"industria textil&#x103;\" class=\"wp-image-4980\"\/><figcaption class=\"wp-element-caption\">Textile<\/figcaption><\/figure>\n\n\n\n<figure class=\"wp-block-image aligncenter size-large\"><img decoding=\"async\" width=\"70\" height=\"70\" src=\"https:\/\/obera.fr\/wp-content\/uploads\/2021\/03\/industrie-chimie-1.jpg\" alt=\"industria chimic&#x103; 1\" class=\"wp-image-4981\"\/><figcaption class=\"wp-element-caption\">Chimie<\/figcaption><\/figure>\n\n\n\n<figure class=\"wp-block-image aligncenter size-large\"><img decoding=\"async\" width=\"70\" height=\"70\" src=\"https:\/\/obera.fr\/wp-content\/uploads\/2021\/03\/industrie-minerai.jpg\" alt=\"industria mineral&#x103;\" class=\"wp-image-4977\"\/><figcaption class=\"wp-element-caption\">Minerale<\/figcaption><\/figure>\n<\/div>\n\n\n\n<div class=\"wp-block-column is-layout-flow wp-block-column-is-layout-flow\">\n<figure class=\"wp-block-image aligncenter size-large\"><img decoding=\"async\" width=\"70\" height=\"70\" src=\"https:\/\/obera.fr\/wp-content\/uploads\/2020\/08\/industrie-bois.jpg\" alt=\"INSTITUTE OF PARAMEDICAL SCIENCE AND MANAGEMENT - Management\" class=\"wp-image-672\"\/><figcaption class=\"wp-element-caption\">Prelucrarea lemnului<\/figcaption><\/figure>\n\n\n\n<figure class=\"wp-block-image aligncenter size-large\"><img decoding=\"async\" width=\"70\" height=\"70\" src=\"https:\/\/obera.fr\/wp-content\/uploads\/2021\/03\/industrie-plastique.jpg\" alt=\"industria maselor plastice\" class=\"wp-image-4976\"\/><figcaption class=\"wp-element-caption\">Materiale plastice<\/figcaption><\/figure>\n\n\n\n<figure class=\"wp-block-image aligncenter size-large\"><img decoding=\"async\" width=\"70\" height=\"70\" src=\"https:\/\/obera.fr\/wp-content\/uploads\/2021\/03\/industrie-papier-carton.jpg\" alt=\"industria h&#xE2;rtiei &#x219;i cartonului\" class=\"wp-image-4982\"\/><figcaption class=\"wp-element-caption\">H\u00e2rtie\/carton<\/figcaption><\/figure>\n\n\n\n<figure class=\"wp-block-image aligncenter size-large\"><img decoding=\"async\" width=\"70\" height=\"70\" src=\"https:\/\/obera.fr\/wp-content\/uploads\/2020\/08\/industrie-dechets.jpg\" alt=\"Produs - Marca\" class=\"wp-image-726\"\/><figcaption class=\"wp-element-caption\">Colectarea \u0219i sortarea de\u0219eurilor<\/figcaption><\/figure>\n<\/div>\n<\/div>\n<\/div>\n<\/div>\n\n<p>\u00cen industria aerospa\u021bial\u0103, <strong>unitatea mobil\u0103 de aspirare a prafului ePURbox TSP<\/strong> este utilizat\u0103 pentru \u0219lefuirea pieselor din aluminiu, care genereaz\u0103 praf fin. Aceste pulberi de aluminiu prezint\u0103 riscuri pentru s\u0103n\u0103tatea operatorilor, precum \u0219i <strong>riscuri ATEX<\/strong>. Opt\u00e2nd pentru modelul ePURbox ATEX TSP, produc\u0103torul a redus considerabil riscurile asociate cu pulberile combustibile \u0219i \u0219i-a \u00eendeplinit nevoia de flexibilitate prin alegerea unui echipament mobil.  <\/p>\n\n<div class=\"wp-block-buttons is-horizontal is-content-justification-center is-layout-flex wp-container-core-buttons-is-layout-03627597 wp-block-buttons-is-layout-flex\">\n<div class=\"wp-block-button has-custom-width wp-block-button__width-100\"><a class=\"wp-block-button__link wp-element-button\" href=\"https:\/\/obera.fr\/ro\/contactati-ne\/\">Afl\u0103 mai multe<\/a><\/div>\n<\/div>\n\n<figure class=\"wp-block-table\"><table class=\"has-fixed-layout\"><thead><tr><th>Produs<\/th><th><\/th><th>ePURbox<\/th><\/tr><\/thead><tbody><tr><td>Debit de aer max.<\/td><td>m3\/h<\/td><td>1200<\/td><\/tr><tr><td>Tensiunea de alimentare<\/td><td>V<\/td><td>220<\/td><\/tr><tr><td>Putere<\/td><td>kW<\/td><td>0.75<\/td><\/tr><tr><td>Suprafa\u021ba de aspira\u021bie<\/td><td>mm<\/td><td>570 x 460<\/td><\/tr><tr><td>Filtru cu carbon activat<\/td><td>kg<\/td><td>15<\/td><\/tr><tr><td>Dimensiuni<\/td><td>mm (L x l x \u00ee)<\/td><td>700 x 710 x 1060 mm<\/td><\/tr><tr><td>Greutate<\/td><td>kg<\/td><td>90<\/td><\/tr><tr><td>Nivelul de zgomot<\/td><td>dB(A)<\/td><td>68<\/td><\/tr><\/tbody><\/table><\/figure>\n","protected":false},"excerpt":{"rendered":"<p>Masa de aspirare ePURBOX este integrat\u0103 direct \u00een aparatul ePURBOX. Are propriul s\u0103u sistem de filtrare \u0219i propriul ventilator pentru tratarea mirosurilor \u0219i a COV-urilor. \u00cembr\u0103c\u0103mintea peretelui din spate asigur\u0103 o aspira\u021bie foarte eficient\u0103 \u0219i captarea poluan\u021bilor pe \u00eentreaga suprafa\u021b\u0103 a mesei de aspira\u021bie. Particulele grosiere sunt filtrate \u00een amonte de un pre-filtru integrat (G4) pentru a prelungi durata de via\u021b\u0103 a cartu\u0219elor de c\u0103rbune activ. Placarea pere\u021bilor laterali asigur\u0103 un nivel foarte ridicat de captare a mirosurilor de pe suprafa\u021ba mesei. \u00cen cele din urm\u0103, aerul de proces este filtrat cu carbon activ (tip A) \u0219i poate fi reintrodus &#8230; <\/p>\n<p class=\"read-more-container\"><a title=\"EpurBox TSP\" class=\"read-more button\" href=\"https:\/\/obera.fr\/ro\/produits\/caissons-mobiles-aspiration\/epurbox-tsp\/#more-42931\" aria-label=\"Cite\u0219te mai multe despre EpurBox TSP\">Lire la suite<\/a><\/p>\n","protected":false},"author":4,"featured_media":83748,"parent":39652,"menu_order":0,"comment_status":"closed","ping_status":"closed","template":"","meta":{"_acf_changed":false,"_seopress_robots_primary_cat":"","_seopress_titles_title":"Table mobile ePURBOX TSP - oberA","_seopress_titles_desc":"","_seopress_robots_index":"","footnotes":""},"class_list":{"0":"post-42931","1":"page","2":"type-page","3":"status-publish","4":"has-post-thumbnail","6":"no-featured-image-padding","7":"resize-featured-image"},"acf":[],"_links":{"self":[{"href":"https:\/\/obera.fr\/ro\/wp-json\/wp\/v2\/pages\/42931","targetHints":{"allow":["GET"]}}],"collection":[{"href":"https:\/\/obera.fr\/ro\/wp-json\/wp\/v2\/pages"}],"about":[{"href":"https:\/\/obera.fr\/ro\/wp-json\/wp\/v2\/types\/page"}],"author":[{"embeddable":true,"href":"https:\/\/obera.fr\/ro\/wp-json\/wp\/v2\/users\/4"}],"replies":[{"embeddable":true,"href":"https:\/\/obera.fr\/ro\/wp-json\/wp\/v2\/comments?post=42931"}],"version-history":[{"count":24,"href":"https:\/\/obera.fr\/ro\/wp-json\/wp\/v2\/pages\/42931\/revisions"}],"predecessor-version":[{"id":116233,"href":"https:\/\/obera.fr\/ro\/wp-json\/wp\/v2\/pages\/42931\/revisions\/116233"}],"up":[{"embeddable":true,"href":"https:\/\/obera.fr\/ro\/wp-json\/wp\/v2\/pages\/39652"}],"wp:featuredmedia":[{"embeddable":true,"href":"https:\/\/obera.fr\/ro\/wp-json\/wp\/v2\/media\/83748"}],"wp:attachment":[{"href":"https:\/\/obera.fr\/ro\/wp-json\/wp\/v2\/media?parent=42931"}],"curies":[{"name":"wp","href":"https:\/\/api.w.org\/{rel}","templated":true}]}}