{"id":44179,"date":"2020-08-26T12:41:56","date_gmt":"2020-08-26T10:41:56","guid":{"rendered":"https:\/\/obera.fr\/produsele-noastre\/purificatoare-de-aer-industriale\/epur-b01-ecoprime-purificator-de-aer-cu-praf\/"},"modified":"2025-03-07T16:41:52","modified_gmt":"2025-03-07T14:41:52","slug":"epur-b01-ecoprime-purificator-de-aer-cu-praf","status":"publish","type":"page","link":"https:\/\/obera.fr\/ro\/produits\/purificateurs-air\/epur-b01-ecoprime-purificator-de-aer-cu-praf\/","title":{"rendered":"ePUR B01 Ecoprime purificator de aer cu praf"},"content":{"rendered":"\n<p><strong>ePUR B01 Ecoprime<\/strong> este un <a href=\"https:\/\/obera.fr\/ro\/produits\/purificateurs-air\/\" data-type=\"page\" data-id=\"26\">purificator de aer profesional<\/a> pentru volume mici.<\/p>\n\n\n\n\n\n\n<h2 class=\"wp-block-heading\" id=\"comment-fonctionne-notre-purificateur-d-air\">Cum func\u021bioneaz\u0103 purificatorul nostru de aer?<\/h2>\n\n\n\n<div class=\"wp-block-columns is-layout-flex wp-container-core-columns-is-layout-28f84493 wp-block-columns-is-layout-flex\">\n<div class=\"wp-block-column is-layout-flow wp-block-column-is-layout-flow\" style=\"flex-basis:33.33%\">\n<figure class=\"wp-block-image aligncenter size-medium\"><img decoding=\"async\" width=\"300\" height=\"300\" src=\"https:\/\/obera.fr\/wp-content\/uploads\/2020\/09\/epur-b01-ecoprime-300x300.jpg\" alt=\"Epur B01 Ecoprime\" class=\"wp-image-1008\" srcset=\"https:\/\/obera.fr\/wp-content\/uploads\/2020\/09\/epur-b01-ecoprime-300x300.jpg 300w, https:\/\/obera.fr\/wp-content\/uploads\/2020\/09\/epur-b01-ecoprime-150x150.jpg 150w, https:\/\/obera.fr\/wp-content\/uploads\/2020\/09\/epur-b01-ecoprime.jpg 433w\" sizes=\"(max-width: 300px) 100vw, 300px\" \/><\/figure>\n<\/div>\n\n\n\n<div class=\"wp-block-column is-layout-flow wp-block-column-is-layout-flow\" style=\"flex-basis:66.66%\">\n<p>Modul \u00een care func\u021bioneaz\u0103 este simplu: aerul poluat este aspirat prin partea superioar\u0103 a unit\u0103\u021bii, apoi trece prin mai multe straturi de filtrare \u00een interiorul unit\u0103\u021bii, \u00eenainte de a fi evacuat prin partea inferioar\u0103 direct \u00een spa\u021biul dvs. de lucru.<\/p>\n\n\n\n<h3 class=\"wp-block-heading\" id=\"a-quelles-utilisations-convient-il\">Care sunt utiliz\u0103rile sale?<\/h3>\n\n\n\n<p>Aceast\u0103 unitate de <strong>tratare a aerului<\/strong> este potrivit\u0103 pentru aproape toate tipurile de afaceri. Va fi eficient \u00een spa\u021bii mici \u0219i mijlocii, cum ar fi birouri, s\u0103li de \u0219edin\u021be, saloane de coafur\u0103, saloane de manichiur\u0103, hoteluri, cur\u0103\u021b\u0103torii, s\u0103li de sport, cabinete medicale, stomatologi, c\u0103mine de b\u0103tr\u00e2ni, meseria\u0219i \u0219i \u0219coli etc. <\/p>\n\n\n\n<div class=\"wp-block-columns is-layout-flex wp-container-core-columns-is-layout-28f84493 wp-block-columns-is-layout-flex\">\n<div class=\"wp-block-column is-layout-flow wp-block-column-is-layout-flow\" style=\"flex-basis:33.34%\">\n<div class=\"wp-block-buttons is-content-justification-center is-layout-flex wp-container-core-buttons-is-layout-a89b3969 wp-block-buttons-is-layout-flex\">\n<div class=\"wp-block-button\"><a class=\"wp-block-button__link wp-element-button\" href=\"https:\/\/obera.fr\/wp-content\/uploads\/2025\/03\/ecoprime-en.pdf\">Desc\u0103rca\u021bi bro\u0219ura<\/a><\/div>\n<\/div>\n<\/div>\n\n\n\n<div class=\"wp-block-column is-layout-flow wp-block-column-is-layout-flow\" style=\"flex-basis:33.34%\">\n<div class=\"wp-block-buttons is-horizontal is-content-justification-center is-layout-flex wp-container-core-buttons-is-layout-03627597 wp-block-buttons-is-layout-flex\">\n<div class=\"wp-block-button\"><a class=\"wp-block-button__link\" href=\"https:\/\/boutique.obera.fr\/22-acheter-purificateur-air-epur-b01-ecoprime-poussieres.html\" target=\"_blank\" rel=\"noreferrer noopener\">Acheter Epur B01 Ecoprime \u00e0 880,80\u20ac TTC<\/a><\/div>\n<\/div>\n<\/div>\n\n\n\n<div class=\"wp-block-column is-layout-flow wp-block-column-is-layout-flow\" style=\"flex-basis:33.33%\">\n<div class=\"wp-block-buttons is-content-justification-center is-layout-flex wp-container-core-buttons-is-layout-a89b3969 wp-block-buttons-is-layout-flex\">\n<div class=\"wp-block-button btn-devis-source\"><a class=\"wp-block-button__link wp-element-button\" href=\"https:\/\/obera.fr\/ro\/devis\/\">Solicita\u021bi o ofert\u0103<\/a><\/div>\n<\/div>\n\n\n<script>\r\ndocument.addEventListener('DOMContentLoaded', function() {\r\n    \/\/ 1. On cherche le titre H1 de la page\r\n    var h1 = document.querySelector('h1');\r\n    var productTitle = h1 ? h1.innerText.trim() : \"\";\r\n\r\n    \/\/ 2. On cherche les boutons via la classe CSS .btn-devis-source\r\n    var buttons = document.querySelectorAll('.btn-devis-source a');\r\n\r\n    \/\/ 3. Si on a le titre et les boutons, on ajoute le param\u00e8tre\r\n    if (buttons.length > 0 && productTitle !== \"\") {\r\n        var encodedTitle = encodeURIComponent(productTitle);\r\n\r\n        buttons.forEach(function(btn) {\r\n            var currentHref = btn.getAttribute('href');\r\n            \r\n            \/\/ S\u00e9curit\u00e9 pour ne pas ajouter le param\u00e8tre 2 fois\r\n            if (currentHref.indexOf('sujet=') === -1) {\r\n                var separator = currentHref.indexOf('?') !== -1 ? '&' : '?';\r\n                var newLink = currentHref + separator + 'sujet=' + encodedTitle;\r\n                \r\n                btn.setAttribute('href', newLink);\r\n            }\r\n        });\r\n    }\r\n});\r\n<\/script><\/div>\n<\/div>\n<\/div>\n<\/div>\n\n\n\n<h2 class=\"wp-block-heading\" id=\"quels-polluants-puis-je-traiter-avec-le-purificateur-d-air-epur-b01-ecoprime\">Ce poluan\u021bi pot trata cu purificatorul de aer ePUR B01 Ecoprime?<\/h2>\n\n\n\n<p>Purificatorul de aer ePUR B01 Ecoprime poate fi echipat cu diferite configura\u021bii de filtrare. \u00cen mod standard, acesta con\u021bine o treapt\u0103 de filtrare molecular\u0103 cu c\u0103rbune activ pentru <strong>poluan\u021bii gazo\u0219i<\/strong> (COV, mirosuri, formaldehide etc.) \u0219i o treapt\u0103 de <strong>filtrare a particulelor<\/strong> (filtru de satura\u021bie de la clasa F la HEPA) pentru a trata praful fin, poluan\u021bii gazo\u0219i, mirosurile, COV \u0219i viru\u0219ii \u0219i bacteriile prezente \u00een aer. <\/p>\n\n\n\n<div class=\"wp-block-buttons is-horizontal is-content-justification-center is-layout-flex wp-container-core-buttons-is-layout-03627597 wp-block-buttons-is-layout-flex\">\n<div class=\"wp-block-button has-custom-width wp-block-button__width-100\"><a class=\"wp-block-button__link wp-element-button\" href=\"https:\/\/obera.fr\/ro\/contactati-ne\/\">Afl\u0103 mai multe<\/a><\/div>\n<\/div>\n\n\n\n<div style=\"height:20px\" aria-hidden=\"true\" class=\"wp-block-spacer\"><\/div>\n\n\n\n<div class=\"wp-block-columns is-layout-flex wp-container-core-columns-is-layout-28f84493 wp-block-columns-is-layout-flex\">\n<div class=\"wp-block-column is-layout-flow wp-block-column-is-layout-flow\">\n<h3 class=\"wp-block-heading has-text-align-center\" id=\"polluants\">Poluan\u021bi<\/h3>\n\n\n\n<hr class=\"wp-block-separator has-css-opacity is-style-wide\"\/>\n\n\n\n<div class=\"wp-block-columns is-layout-flex wp-container-core-columns-is-layout-28f84493 wp-block-columns-is-layout-flex\">\n<div class=\"wp-block-column is-layout-flow wp-block-column-is-layout-flow\">\n<figure class=\"wp-block-image aligncenter size-large\"><img decoding=\"async\" width=\"70\" height=\"70\" src=\"https:\/\/obera.fr\/wp-content\/uploads\/2020\/08\/polluants-poussieres.jpg\" alt=\"Poluan\u021bi Praf\" class=\"wp-image-675\"\/><figcaption class=\"wp-element-caption\">Praf<\/figcaption><\/figure>\n<\/div>\n\n\n\n<div class=\"wp-block-column is-layout-flow wp-block-column-is-layout-flow\">\n<figure class=\"wp-block-image aligncenter size-large\"><img decoding=\"async\" width=\"70\" height=\"70\" src=\"https:\/\/obera.fr\/wp-content\/uploads\/2020\/10\/industrie-aerosols.jpg\" alt=\"Industria aerosolilor\" class=\"wp-image-1201\"\/><figcaption class=\"wp-element-caption\">Aerosoli<\/figcaption><\/figure>\n<\/div>\n<\/div>\n\n\n\n<p><\/p>\n<\/div>\n\n\n\n<div class=\"wp-block-column is-layout-flow wp-block-column-is-layout-flow\">\n<h3 class=\"wp-block-heading has-text-align-center\" id=\"industries\">Industrii<\/h3>\n\n\n\n<hr class=\"wp-block-separator has-css-opacity is-style-wide\"\/>\n\n\n\n<p>Potrivit pentru toate tipurile de \u00eentreprinderi, acesta va fi indispensabil \u00een :<\/p>\n\n\n\n<ul class=\"wp-block-list\">\n<li>Birouri \u0219i s\u0103li de \u00eent\u00e2lnire<\/li>\n\n\n\n<li>Spa\u021bii deschise<\/li>\n\n\n\n<li>Artizani<\/li>\n\n\n\n<li>Coafori<\/li>\n\n\n\n<li>\u00cengrijirea unghiilor<\/li>\n\n\n\n<li>Comer\u021bul cu \u021bigarete electronice \u0219i lichide pentru \u021bigarete electronice<\/li>\n\n\n\n<li>Practici medicale<\/li>\n\n\n\n<li>Denti\u0219ti<\/li>\n\n\n\n<li>Tehnicieni dentari<\/li>\n\n\n\n<li>EPHAD<\/li>\n\n\n\n<li>Opticieni<\/li>\n\n\n\n<li>hoteluri<\/li>\n\n\n\n<li>Restaurante<\/li>\n\n\n\n<li>Magazine ready-to-wear<\/li>\n\n\n\n<li>Ap\u0103sarea<\/li>\n\n\n\n<li>Centre sportive \u0219i de fitness<\/li>\n\n\n\n<li>Primere<\/li>\n\n\n\n<li>Gr\u0103dini\u021be \u0219i \u0219coli<\/li>\n<\/ul>\n<\/div>\n<\/div>\n\n\n\n<h2 class=\"wp-block-heading\" id=\"quelles-sont-les-caracteristiques-du-purificateur-d-air-epur-b01-ecoprime\">Care sunt caracteristicile purificatorului de aer ePUR B01 Ecoprime?<\/h2>\n\n\n\n<figure class=\"wp-block-image alignright size-medium\"><img decoding=\"async\" width=\"300\" height=\"206\" src=\"https:\/\/obera.fr\/wp-content\/uploads\/2020\/10\/epur-ecoprime-300x206.jpg\" alt=\"Epur Ecoprime\" class=\"wp-image-1240\" srcset=\"https:\/\/obera.fr\/wp-content\/uploads\/2020\/10\/epur-ecoprime-300x206.jpg 300w, https:\/\/obera.fr\/wp-content\/uploads\/2020\/10\/epur-ecoprime-768x528.jpg 768w, https:\/\/obera.fr\/wp-content\/uploads\/2020\/10\/epur-ecoprime.jpg 900w\" sizes=\"(max-width: 300px) 100vw, 300px\" \/><figcaption class=\"wp-element-caption\">EcoPrime<\/figcaption><\/figure>\n\n\n\n<p>Aceast\u0103 unitate are un <strong>filtru de particule de \u00eenalt\u0103 eficien\u021b\u0103 impregnat cu carbon<\/strong>, care \u00eei permite s\u0103 capteze peste 99,9% din praf \u0219i poluan\u021bi gazo\u0219i. Puterea sa este complet reglabil\u0103, astfel \u00eenc\u00e2t s\u0103 pute\u021bi adapta debitul la nevoile dvs. Dimensiunile sale compacte de 25x25x33 cm \u00eenseamn\u0103 c\u0103 se va potrivi confortabil chiar \u0219i \u00een cel mai mic mediu de lucru.    <\/p>\n\n\n\n<p>Poate trata eficient poluan\u021bii de pe o suprafa\u021b\u0103 de p\u00e2n\u0103 la 60m\u00b2. Este eficient din punct de vedere energetic, cu un rating A+ de doar 14W. Purificatorul de aer ePUR B01 Ecoprime este <strong>silen\u021bios<\/strong>, cu un nivel sc\u0103zut de zgomot de 48db la putere maxim\u0103, astfel \u00eenc\u00e2t \u00eel pute\u021bi pozi\u021biona c\u00e2t mai aproape de dvs. f\u0103r\u0103 s\u0103 v\u0103 deranjeze.  <\/p>\n\n\n\n<h2 class=\"wp-block-heading\" id=\"quels-sont-ses-avantages\"><strong>Care sunt avantajele sale?<\/strong><\/h2>\n\n\n\n<p>\u00cen primul r\u00e2nd, purificatorul de aer protejeaz\u0103 angaja\u021bii de particulele fine \u0219i al\u021bi poluan\u021bi gazo\u0219i, contribuind la prevenirea tuturor tipurilor de boli pulmonare \u0219i cardiace. De asemenea, <strong>filtrarea HEPA<\/strong> elimin\u0103 viru\u0219ii, bacteriile \u0219i sporii pentru a limita epidemiile cauzate de agen\u021bi patogeni, agen\u021bi aeropurta\u021bi \u0219i alergeni. <\/p>\n\n\n\n<p>Exist\u0103, de asemenea, un avantaj \u00een ceea ce prive\u0219te costurile de cur\u0103\u021bare. Aparatul trateaz\u0103 praful \u0219i al\u021bi poluan\u021bi care altfel s-ar depune \u00een spa\u021biul dvs. de lucru. \u00cen plus, nu necesit\u0103 practic nicio \u00eentre\u021binere. \u00cen func\u021bie de modul \u00een care este utilizat \u0219i de nivelul poluan\u021bilor din \u00eenc\u0103pere, filtrele sale trebuie schimbate doar o dat\u0103 pe an. Acest purificator de aer compact, cu designul s\u0103u elegant \u0219i modern, va ar\u0103ta minunat \u00een orice camer\u0103.    <\/p>\n\n\n\n<p>\u00cen unele cazuri, purificatorul nostru de aer profesional este utilizat pentru a respecta limita de expunere profesional\u0103 (OEL).<\/p>\n\n\n\n<div class=\"wp-block-columns is-layout-flex wp-container-core-columns-is-layout-28f84493 wp-block-columns-is-layout-flex\">\n<div class=\"wp-block-column is-layout-flow wp-block-column-is-layout-flow\">\n<h3 class=\"wp-block-heading has-text-align-center\" id=\"avantages\">Beneficii<\/h3>\n\n\n\n<ul class=\"wp-block-list\">\n<li>Filtru HEPA sintetic impregnat cu carbon activ de \u00eenalt\u0103 eficien\u021b\u0103.<\/li>\n\n\n\n<li>Economisire de energie: max. 14W <\/li>\n\n\n\n<li>Eficien\u021b\u0103 maxim\u0103 p\u00e2n\u0103 la 60m\u00b2.<\/li>\n<\/ul>\n<\/div>\n\n\n\n<div class=\"wp-block-column is-layout-flow wp-block-column-is-layout-flow\">\n<h3 class=\"wp-block-heading has-text-align-center\" id=\"particularites\">Caracteristici speciale<\/h3>\n\n\n\n<ul class=\"wp-block-list\">\n<li>Putere reglabil\u0103 de la 0 la 100%.<\/li>\n\n\n\n<li>Un design modern, f\u0103r\u0103 complica\u021bii<\/li>\n\n\n\n<li>Compact 25cm x 25cm x 33cm<\/li>\n\n\n\n<li>Silen\u021bios: max. 48 dB la putere maxim\u0103 <\/li>\n<\/ul>\n<\/div>\n\n\n\n<div class=\"wp-block-column is-layout-flow wp-block-column-is-layout-flow\">\n<h3 class=\"wp-block-heading has-text-align-center\" id=\"caracteristiques\">Caracteristici<\/h3>\n\n\n\n<ul class=\"wp-block-list\">\n<li>Filtrare de peste 99,9% a particulelor fine \u0219i a compu\u0219ilor organici volatili (COV)<\/li>\n\n\n\n<li>Filtreaz\u0103 viru\u0219ii, bacteriile \u0219i sporii: ajut\u0103 la limitarea epidemiilor cauzate de agen\u021bii patogeni aeropurta\u021bi<\/li>\n<\/ul>\n<\/div>\n<\/div>\n\n\n\n<div class=\"wp-block-buttons is-horizontal is-content-justification-center is-layout-flex wp-container-core-buttons-is-layout-03627597 wp-block-buttons-is-layout-flex\">\n<div class=\"wp-block-button has-custom-width wp-block-button__width-100\"><a class=\"wp-block-button__link wp-element-button\" href=\"https:\/\/obera.fr\/ro\/contactati-ne\/\">Afl\u0103 mai multe<\/a><\/div>\n<\/div>\n\n\n\n<h2 class=\"wp-block-heading\" id=\"exemples-de-domaine-d-application-pour-le-epur-b01-ecoprime\">Exemple de aplica\u021bii pentru ePUR B01 Ecoprime :<\/h2>\n\n\n\n<h3 class=\"wp-block-heading\" id=\"secteur-medical-hopitaux-ehpad-veterinaires-pedicures-podologues-dentistes-et-prothesistes-dentaires-cabinets-medicaux-espaces-funeraires\">Sectorul medical (spitale, c\u0103mine de b\u0103tr\u00e2ni, veterinari, pedichiuri\u0219ti, denti\u0219ti \u0219i tehnicieni dentari, cabinete medicale, pompe funebre)<\/h3>\n\n\n\n<p>Nevoile sunt diverse:<\/p>\n\n\n\n<ul class=\"wp-block-list\">\n<li>\u00cembun\u0103t\u0103\u021birea calit\u0103\u021bii aerului pentru a <strong>reduce contaminarea transmis\u0103 prin aer<\/strong>(viru\u0219i, bacterii)<\/li>\n\n\n\n<li>Dezinfecta\u021bi \u0219i <strong>preveni\u021bi r\u0103sp\u00e2ndirea viru\u0219ilor<\/strong>, bacteriilor etc.<\/li>\n\n\n\n<li>Eliminarea mirosurilor enervante \u0219i <strong>neutralizarea diferitelor forme de poluare olfactiv\u0103<\/strong><\/li>\n\n\n\n<li><strong>Reducerea nivelului de praf<\/strong> provenit din activit\u0103\u021bi generatoare de praf<\/li>\n<\/ul>\n\n\n\n<h2 class=\"wp-block-heading\" id=\"les-autres-purificateur-d-air-de-la-marque-obera\">Alte purificatoare de aer de la marca oberA<\/h2>\n\n\n\n<div class=\"wp-block-columns is-layout-flex wp-container-core-columns-is-layout-28f84493 wp-block-columns-is-layout-flex\">\n<div class=\"wp-block-column is-layout-flow wp-block-column-is-layout-flow\">\n<figure class=\"wp-block-image aligncenter size-medium is-resized\"><a href=\"https:\/\/obera.fr\/ro\/produits\/purificateurs-air\/filtower\/\"><img decoding=\"async\" width=\"300\" height=\"300\" src=\"https:\/\/obera.fr\/wp-content\/uploads\/2020\/09\/FILTOWER-SF-300x300.png\" alt=\"Filtower Sf\" class=\"wp-image-1017\" style=\"width:150px;height:150px\" srcset=\"https:\/\/obera.fr\/wp-content\/uploads\/2020\/09\/FILTOWER-SF-300x300.png 300w, https:\/\/obera.fr\/wp-content\/uploads\/2020\/09\/FILTOWER-SF-150x150.png 150w, https:\/\/obera.fr\/wp-content\/uploads\/2020\/09\/FILTOWER-SF.png 600w\" sizes=\"(max-width: 300px) 100vw, 300px\" \/><\/a><figcaption class=\"wp-element-caption\">Filtower<\/figcaption><\/figure>\n<\/div>\n\n\n\n<div class=\"wp-block-column is-layout-flow wp-block-column-is-layout-flow\">\n<figure class=\"wp-block-image aligncenter size-medium is-resized\"><a href=\"https:\/\/obera.fr\/ro\/produits\/purificateurs-air\/professionnel-epur-ca\/\"><img decoding=\"async\" width=\"300\" height=\"300\" src=\"https:\/\/obera.fr\/wp-content\/uploads\/2020\/09\/gamme-epur-ca-300x300.jpg\" alt=\"Gama Epur Ca\" class=\"wp-image-1015\" style=\"width:150px;height:150px\" srcset=\"https:\/\/obera.fr\/wp-content\/uploads\/2020\/09\/gamme-epur-ca-300x300.jpg 300w, https:\/\/obera.fr\/wp-content\/uploads\/2020\/09\/gamme-epur-ca-150x150.jpg 150w, https:\/\/obera.fr\/wp-content\/uploads\/2020\/09\/gamme-epur-ca.jpg 433w\" sizes=\"(max-width: 300px) 100vw, 300px\" \/><\/a><figcaption class=\"wp-element-caption\">ePUR CA<\/figcaption><\/figure>\n<\/div>\n\n\n\n<div class=\"wp-block-column is-layout-flow wp-block-column-is-layout-flow\">\n<figure class=\"wp-block-image aligncenter size-full\"><a href=\"https:\/\/obera.fr\/ro\/produits\/purificateurs-air\/industriel-epur\/\"><img decoding=\"async\" width=\"150\" height=\"150\" src=\"https:\/\/obera.fr\/wp-content\/uploads\/2023\/05\/gamme-epur.png\" alt=\"gama epur\" class=\"wp-image-22632\"\/><\/a><figcaption class=\"wp-element-caption\">ePUR<\/figcaption><\/figure>\n<\/div>\n\n\n\n<div class=\"wp-block-column is-layout-flow wp-block-column-is-layout-flow\">\n<figure class=\"wp-block-image aligncenter size-full\"><a href=\"https:\/\/obera.fr\/ro\/produits\/purificateurs-air\/purificateur-rafraichisseur-epur150-fresh\/\"><img decoding=\"async\" width=\"150\" height=\"150\" src=\"https:\/\/obera.fr\/wp-content\/uploads\/2023\/04\/epur150-fresh-4.png\" alt=\"epur150 proaspete (4)\" class=\"wp-image-22427\"\/><\/a><figcaption class=\"wp-element-caption\">ePUR150 FRESH<\/figcaption><\/figure>\n<\/div>\n<\/div>\n","protected":false},"excerpt":{"rendered":"<p>ePUR B01 Ecoprime este un purificator de aer profesional pentru volume mici. Cum func\u021bioneaz\u0103 purificatorul nostru de aer? Modul \u00een care func\u021bioneaz\u0103 este simplu: aerul poluat este aspirat prin partea superioar\u0103 a unit\u0103\u021bii, apoi trece prin mai multe straturi de filtrare \u00een interiorul unit\u0103\u021bii, \u00eenainte de a fi evacuat prin partea inferioar\u0103 direct \u00een spa\u021biul dvs. de lucru. Care sunt utiliz\u0103rile sale? Aceast\u0103 unitate de tratare a aerului este potrivit\u0103 pentru aproape toate tipurile de afaceri. Va fi eficient \u00een spa\u021bii mici \u0219i mijlocii, cum ar fi birouri, s\u0103li de \u0219edin\u021be, saloane de coafur\u0103, saloane de manichiur\u0103, hoteluri, cur\u0103\u021b\u0103torii, s\u0103li &#8230; <\/p>\n<p class=\"read-more-container\"><a title=\"ePUR B01 Ecoprime purificator de aer cu praf\" class=\"read-more button\" href=\"https:\/\/obera.fr\/ro\/produits\/purificateurs-air\/epur-b01-ecoprime-purificator-de-aer-cu-praf\/#more-44179\" aria-label=\"Cite\u0219te mai multe despre ePUR B01 Ecoprime purificator de aer cu praf\">Lire la suite<\/a><\/p>\n","protected":false},"author":4,"featured_media":83748,"parent":37704,"menu_order":0,"comment_status":"closed","ping_status":"closed","template":"","meta":{"_acf_changed":false,"_seopress_robots_primary_cat":"","_seopress_titles_title":"ePUR B01 Ecoprime purificator de aer cu praf - oberA","_seopress_titles_desc":"Purificatorul de aer Ecoprime ePUR B01 este echipat cu diferite configura\u021bii de filtrare. Aceast\u0103 unitate de tratare a aerului este potrivit\u0103 pentru toate \u00eentreprinderile","_seopress_robots_index":"","footnotes":""},"class_list":{"0":"post-44179","1":"page","2":"type-page","3":"status-publish","4":"has-post-thumbnail","6":"no-featured-image-padding","7":"resize-featured-image"},"acf":[],"_links":{"self":[{"href":"https:\/\/obera.fr\/ro\/wp-json\/wp\/v2\/pages\/44179","targetHints":{"allow":["GET"]}}],"collection":[{"href":"https:\/\/obera.fr\/ro\/wp-json\/wp\/v2\/pages"}],"about":[{"href":"https:\/\/obera.fr\/ro\/wp-json\/wp\/v2\/types\/page"}],"author":[{"embeddable":true,"href":"https:\/\/obera.fr\/ro\/wp-json\/wp\/v2\/users\/4"}],"replies":[{"embeddable":true,"href":"https:\/\/obera.fr\/ro\/wp-json\/wp\/v2\/comments?post=44179"}],"version-history":[{"count":2,"href":"https:\/\/obera.fr\/ro\/wp-json\/wp\/v2\/pages\/44179\/revisions"}],"predecessor-version":[{"id":71719,"href":"https:\/\/obera.fr\/ro\/wp-json\/wp\/v2\/pages\/44179\/revisions\/71719"}],"up":[{"embeddable":true,"href":"https:\/\/obera.fr\/ro\/wp-json\/wp\/v2\/pages\/37704"}],"wp:featuredmedia":[{"embeddable":true,"href":"https:\/\/obera.fr\/ro\/wp-json\/wp\/v2\/media\/83748"}],"wp:attachment":[{"href":"https:\/\/obera.fr\/ro\/wp-json\/wp\/v2\/media?parent=44179"}],"curies":[{"name":"wp","href":"https:\/\/api.w.org\/{rel}","templated":true}]}}