{"id":44246,"date":"2020-08-26T12:38:40","date_gmt":"2020-08-26T10:38:40","guid":{"rendered":"https:\/\/obera.fr\/produsele-noastre\/purificatoare-de-aer-industriale\/purificator-de-aer-filtower\/"},"modified":"2025-03-07T16:30:00","modified_gmt":"2025-03-07T14:30:00","slug":"filtower","status":"publish","type":"page","link":"https:\/\/obera.fr\/ro\/produits\/purificateurs-air\/filtower\/","title":{"rendered":"Purificator de aer Filtower"},"content":{"rendered":"\n\n\n\n<h2 class=\"wp-block-heading\" id=\"centrale-de-traitement-d-air-sans-tuyauterie-ni-montage\">Unitate de tratare a aerului f\u0103r\u0103 conducte sau ansamblu<\/h2>\n\n\n\n<div class=\"wp-block-columns is-layout-flex wp-container-core-columns-is-layout-28f84493 wp-block-columns-is-layout-flex\">\n<div class=\"wp-block-column is-layout-flow wp-block-column-is-layout-flow\" style=\"flex-basis:33.33%\">\n<figure class=\"wp-block-image aligncenter size-medium\"><img decoding=\"async\" width=\"184\" height=\"300\" src=\"https:\/\/obera.fr\/wp-content\/uploads\/2024\/02\/design-sans-titre-1-184x300.png\" alt=\"design f\u0103r\u0103 titlu 1\" class=\"wp-image-28336\" srcset=\"https:\/\/obera.fr\/wp-content\/uploads\/2024\/02\/design-sans-titre-1-184x300.png 184w, https:\/\/obera.fr\/wp-content\/uploads\/2024\/02\/design-sans-titre-1.png 496w\" sizes=\"(max-width: 184px) 100vw, 184px\" \/><\/figure>\n<\/div>\n\n\n\n<div class=\"wp-block-column is-layout-flow wp-block-column-is-layout-flow\" style=\"flex-basis:66.66%\">\n<p><a href=\"https:\/\/obera.fr\/ro\/produits\/purificateurs-air\/\" data-type=\"page\" data-id=\"26\">Purificatorul de aer<\/a> FILTOWER este adesea utilizat, \u00eempreun\u0103 cu un sistem de extrac\u021bie la surs\u0103, pentru a extrage \u0219i filtra praful, vaporii de sudur\u0103 \u0219i cea\u021ba de ulei.<\/p>\n\n\n\n<p>FILTOWER este utilizat pentru :<\/p>\n\n\n\n<ul class=\"wp-block-list\">\n<li>\u00cembun\u0103t\u0103\u021birea semnificativ\u0103 a calit\u0103\u021bii aerului \u00een atelier.<\/li>\n\n\n\n<li>Respecta\u021bi valorile de reglementare la postul de lucru.<\/li>\n\n\n\n<li>Finalizarea unui sistem de captare a surselor.<\/li>\n\n\n\n<li>Procese de sudare \u00een care captarea sursei nu este posibil\u0103 sau nu este foarte eficient\u0103.<\/li>\n\n\n\n<li>Captarea emisiilor difuze.<\/li>\n<\/ul>\n\n\n\n<p>Unit\u0103\u021bile din gama <strong>FILTOWER<\/strong> pot economisi p\u00e2n\u0103 la 70% din costurile de \u00eenc\u0103lzire, deoarece c\u0103ldura din aerul filtrat este reintrodus\u0103 \u00een cl\u0103dire.<\/p>\n\n\n\n<div class=\"wp-block-columns is-layout-flex wp-container-core-columns-is-layout-28f84493 wp-block-columns-is-layout-flex\">\n<div class=\"wp-block-column is-layout-flow wp-block-column-is-layout-flow\" style=\"flex-basis:33.34%\">\n<div class=\"wp-block-buttons is-content-justification-center is-layout-flex wp-container-core-buttons-is-layout-a89b3969 wp-block-buttons-is-layout-flex\">\n<div class=\"wp-block-button\"><a class=\"wp-block-button__link wp-element-button\" href=\"https:\/\/obera.fr\/wp-content\/uploads\/2025\/03\/en-brochure-filtower.pdf\">Desc\u0103rca\u021bi bro\u0219ura<\/a><\/div>\n<\/div>\n<\/div>\n\n\n\n<div class=\"wp-block-column is-layout-flow wp-block-column-is-layout-flow\" style=\"flex-basis:33.34%\">\n<div class=\"wp-block-buttons is-horizontal is-content-justification-center is-layout-flex wp-container-core-buttons-is-layout-03627597 wp-block-buttons-is-layout-flex\">\n<div class=\"wp-block-button has-custom-width wp-block-button__width-100\"><a class=\"wp-block-button__link wp-element-button\" href=\"https:\/\/obera.fr\/ro\/contactati-ne\/\">Afl\u0103 mai multe<\/a><\/div>\n<\/div>\n<\/div>\n\n\n\n<div class=\"wp-block-column is-layout-flow wp-block-column-is-layout-flow\" style=\"flex-basis:33.33%\">\n<div class=\"wp-block-buttons is-content-justification-center is-layout-flex wp-container-core-buttons-is-layout-a89b3969 wp-block-buttons-is-layout-flex\">\n<div class=\"wp-block-button btn-devis-source\"><a class=\"wp-block-button__link wp-element-button\" href=\"https:\/\/obera.fr\/ro\/devis\/\">Solicita\u021bi o ofert\u0103<\/a><\/div>\n<\/div>\n\n\n<script>\r\ndocument.addEventListener('DOMContentLoaded', function() {\r\n    \/\/ 1. On cherche le titre H1 de la page\r\n    var h1 = document.querySelector('h1');\r\n    var productTitle = h1 ? h1.innerText.trim() : \"\";\r\n\r\n    \/\/ 2. On cherche les boutons via la classe CSS .btn-devis-source\r\n    var buttons = document.querySelectorAll('.btn-devis-source a');\r\n\r\n    \/\/ 3. Si on a le titre et les boutons, on ajoute le param\u00e8tre\r\n    if (buttons.length > 0 && productTitle !== \"\") {\r\n        var encodedTitle = encodeURIComponent(productTitle);\r\n\r\n        buttons.forEach(function(btn) {\r\n            var currentHref = btn.getAttribute('href');\r\n            \r\n            \/\/ S\u00e9curit\u00e9 pour ne pas ajouter le param\u00e8tre 2 fois\r\n            if (currentHref.indexOf('sujet=') === -1) {\r\n                var separator = currentHref.indexOf('?') !== -1 ? '&' : '?';\r\n                var newLink = currentHref + separator + 'sujet=' + encodedTitle;\r\n                \r\n                btn.setAttribute('href', newLink);\r\n            }\r\n        });\r\n    }\r\n});\r\n<\/script><\/div>\n<\/div>\n<\/div>\n<\/div>\n\n\n\n<figure class=\"wp-block-gallery has-nested-images columns-default is-cropped wp-block-gallery-1 is-layout-flex wp-block-gallery-is-layout-flex\">\n<figure class=\"wp-block-image size-large\"><img decoding=\"async\" width=\"1024\" height=\"683\" data-id=\"1247\" src=\"https:\/\/obera.fr\/wp-content\/uploads\/2020\/10\/FILTOWER-fonctionnement.jpg\" alt=\"Filtower Cum func\u021bioneaz\u0103\" class=\"wp-image-1247\" srcset=\"https:\/\/obera.fr\/wp-content\/uploads\/2020\/10\/FILTOWER-fonctionnement.jpg 1024w, https:\/\/obera.fr\/wp-content\/uploads\/2020\/10\/FILTOWER-fonctionnement-300x200.jpg 300w, https:\/\/obera.fr\/wp-content\/uploads\/2020\/10\/FILTOWER-fonctionnement-768x512.jpg 768w\" sizes=\"(max-width: 1024px) 100vw, 1024px\" \/><figcaption class=\"wp-element-caption\">Cum func\u021bioneaz\u0103<\/figcaption><\/figure>\n\n\n\n<figure class=\"wp-block-image size-large\"><img decoding=\"async\" width=\"1024\" height=\"683\" data-id=\"1250\" src=\"https:\/\/obera.fr\/wp-content\/uploads\/2020\/10\/filtower-ouvert.jpg\" alt=\"Filtower deschis\" class=\"wp-image-1250\" srcset=\"https:\/\/obera.fr\/wp-content\/uploads\/2020\/10\/filtower-ouvert.jpg 1024w, https:\/\/obera.fr\/wp-content\/uploads\/2020\/10\/filtower-ouvert-300x200.jpg 300w, https:\/\/obera.fr\/wp-content\/uploads\/2020\/10\/filtower-ouvert-768x512.jpg 768w\" sizes=\"(max-width: 1024px) 100vw, 1024px\" \/><figcaption class=\"wp-element-caption\">Deschis<\/figcaption><\/figure>\n\n\n\n<figure class=\"wp-block-image size-large\"><img decoding=\"async\" width=\"1024\" height=\"576\" data-id=\"1246\" src=\"https:\/\/obera.fr\/wp-content\/uploads\/2020\/10\/FILTOWER-BAC.jpg\" alt=\"Filtower Bac\" class=\"wp-image-1246\" srcset=\"https:\/\/obera.fr\/wp-content\/uploads\/2020\/10\/FILTOWER-BAC.jpg 1024w, https:\/\/obera.fr\/wp-content\/uploads\/2020\/10\/FILTOWER-BAC-300x169.jpg 300w, https:\/\/obera.fr\/wp-content\/uploads\/2020\/10\/FILTOWER-BAC-768x432.jpg 768w\" sizes=\"(max-width: 1024px) 100vw, 1024px\" \/><figcaption class=\"wp-element-caption\">Co\u0219uri<\/figcaption><\/figure>\n<\/figure>\n\n\n\n<div class=\"wp-block-columns is-layout-flex wp-container-core-columns-is-layout-28f84493 wp-block-columns-is-layout-flex\">\n<div class=\"wp-block-column is-layout-flow wp-block-column-is-layout-flow\">\n<h3 class=\"wp-block-heading has-text-align-center\" id=\"avantages\">Beneficii<\/h3>\n\n\n\n<ul class=\"wp-block-list\">\n<li>Plug &amp; Play: \u00eel conecta\u021bi la sursa de alimentare, la aerul comprimat \u0219i asta e tot.<\/li>\n\n\n\n<li>Puternic \u0219i silen\u021bios<\/li>\n\n\n\n<li>Nu exist\u0103 conducte de extrac\u021bie<\/li>\n\n\n\n<li>Proiectat pentru a fi u\u0219or de mutat cu un stivuitor sau pe un pod<\/li>\n\n\n\n<li>Costuri reduse de \u00eentre\u021binere datorit\u0103 cur\u0103\u021b\u0103rii automate a cartu\u0219ului filtrant<\/li>\n<\/ul>\n<\/div>\n\n\n\n<div class=\"wp-block-column is-layout-flow wp-block-column-is-layout-flow\">\n<h3 class=\"wp-block-heading has-text-align-center\" id=\"particularites\">Caracteristici speciale<\/h3>\n\n\n\n<ul class=\"wp-block-list\">\n<li>Economii de p\u00e2n\u0103 la 70% la \u00eenc\u0103lzire<\/li>\n\n\n\n<li>Schimbare u\u0219oar\u0103, f\u0103r\u0103 praf, a filtrului<\/li>\n\n\n\n<li>Cartu\u0219e filtrante cu durat\u0103 lung\u0103 de via\u021b\u0103<\/li>\n\n\n\n<li>Nanofibre pentru o eficien\u021b\u0103 de filtrare de peste 99,95%<\/li>\n\n\n\n<li>Sistem brevetat de pre-separare a particulelor<\/li>\n\n\n\n<li>Vitez\u0103 sc\u0103zut\u0103 de ejec\u021bie a aerului filtrat<\/li>\n\n\n\n<li>Evacuarea u\u0219oar\u0103 \u0219i curat\u0103 a prafului extras<\/li>\n<\/ul>\n<\/div>\n\n\n\n<div class=\"wp-block-column is-layout-flow wp-block-column-is-layout-flow\">\n<h3 class=\"wp-block-heading has-text-align-center\" id=\"caracteristiques\">Caracteristici<\/h3>\n\n\n\n<ul class=\"wp-block-list\">\n<li>\u00cembun\u0103t\u0103\u021be\u0219te semnificativ calitatea aerului \u00een atelierele de produc\u021bie, complet\u00e2nd sistemele existente<\/li>\n<\/ul>\n<\/div>\n<\/div>\n\n\n\n<h2 class=\"wp-block-heading\" id=\"applications\">Aplica\u021bii<\/h2>\n\n\n\n<div class=\"wp-block-columns is-layout-flex wp-container-core-columns-is-layout-28f84493 wp-block-columns-is-layout-flex\">\n<div class=\"wp-block-column is-layout-flow wp-block-column-is-layout-flow\">\n<h3 class=\"wp-block-heading has-text-align-center\" id=\"polluants\">Poluan\u021bi<\/h3>\n\n\n\n<hr class=\"wp-block-separator has-css-opacity is-style-wide\"\/>\n\n\n\n<div class=\"wp-block-columns is-layout-flex wp-container-core-columns-is-layout-28f84493 wp-block-columns-is-layout-flex\">\n<div class=\"wp-block-column is-layout-flow wp-block-column-is-layout-flow\">\n<figure class=\"wp-block-image aligncenter size-large\"><img decoding=\"async\" width=\"70\" height=\"70\" src=\"https:\/\/obera.fr\/wp-content\/uploads\/2020\/08\/polluants-poussieres.jpg\" alt=\"Poluan\u021bi Praf\" class=\"wp-image-675\"\/><figcaption class=\"wp-element-caption\">Praf<\/figcaption><\/figure>\n\n\n\n<figure class=\"wp-block-image aligncenter size-large\"><img decoding=\"async\" width=\"70\" height=\"70\" src=\"https:\/\/obera.fr\/wp-content\/uploads\/2020\/08\/industrie-fumees.jpg\" alt=\"Fumul din industrie\" class=\"wp-image-722\"\/><figcaption class=\"wp-element-caption\">Fumuri<\/figcaption><\/figure>\n\n\n\n<figure class=\"wp-block-image aligncenter size-large\"><img decoding=\"async\" width=\"70\" height=\"70\" src=\"https:\/\/obera.fr\/wp-content\/uploads\/2020\/09\/cov.png\" alt=\"Cov\" class=\"wp-image-959\"\/><figcaption class=\"wp-element-caption\">VOCS<\/figcaption><\/figure>\n<\/div>\n\n\n\n<div class=\"wp-block-column is-layout-flow wp-block-column-is-layout-flow\">\n<figure class=\"wp-block-image aligncenter size-large\"><img decoding=\"async\" width=\"70\" height=\"70\" src=\"https:\/\/obera.fr\/wp-content\/uploads\/2020\/08\/industrie-odeur.jpg\" alt=\"Odoare industrial\u0103\" class=\"wp-image-723\"\/><figcaption class=\"wp-element-caption\">Mirosuri<\/figcaption><\/figure>\n\n\n\n<figure class=\"wp-block-image aligncenter size-large\"><img decoding=\"async\" width=\"70\" height=\"70\" src=\"https:\/\/obera.fr\/wp-content\/uploads\/2020\/08\/industrie-brouillard-huile.jpg\" alt=\"Ulei de cea\u021b\u0103 pentru industrie\" class=\"wp-image-721\"\/><figcaption class=\"wp-element-caption\">Cea\u021b\u0103 de ulei<\/figcaption><\/figure>\n<\/div>\n<\/div>\n<\/div>\n\n\n\n<div class=\"wp-block-column is-layout-flow wp-block-column-is-layout-flow\">\n<h3 class=\"wp-block-heading has-text-align-center\" id=\"industries\">Industrii<\/h3>\n\n\n\n<hr class=\"wp-block-separator has-css-opacity is-style-wide\"\/>\n\n\n\n<div class=\"wp-block-columns is-layout-flex wp-container-core-columns-is-layout-28f84493 wp-block-columns-is-layout-flex\">\n<div class=\"wp-block-column is-layout-flow wp-block-column-is-layout-flow\">\n<figure class=\"wp-block-image aligncenter size-large\"><img decoding=\"async\" width=\"70\" height=\"70\" src=\"https:\/\/obera.fr\/wp-content\/uploads\/2020\/08\/industrie-metallurgie.jpg\" alt=\"Industria metalurgic\u0103\" class=\"wp-image-673\"\/><figcaption class=\"wp-element-caption\">Metalurgie<\/figcaption><\/figure>\n\n\n\n<figure class=\"wp-block-image aligncenter size-large\"><img decoding=\"async\" width=\"70\" height=\"70\" src=\"https:\/\/obera.fr\/wp-content\/uploads\/2020\/08\/industrie-plastique.jpg\" alt=\"Industria maselor plastice\" class=\"wp-image-669\"\/><figcaption class=\"wp-element-caption\">Materiale plastice<\/figcaption><\/figure>\n\n\n\n<figure class=\"wp-block-image aligncenter size-large\"><img decoding=\"async\" width=\"70\" height=\"70\" src=\"https:\/\/obera.fr\/wp-content\/uploads\/2020\/08\/industrie-chimie.jpg\" alt=\"Industria chimic\u0103\" class=\"wp-image-725\"\/><figcaption class=\"wp-element-caption\">Produse chimice\/petrochimice<\/figcaption><\/figure>\n<\/div>\n\n\n\n<div class=\"wp-block-column is-layout-flow wp-block-column-is-layout-flow\">\n<figure class=\"wp-block-image aligncenter size-large\"><img decoding=\"async\" width=\"70\" height=\"70\" src=\"https:\/\/obera.fr\/wp-content\/uploads\/2020\/08\/industrie-bois.jpg\" alt=\"Industria lemnului\" class=\"wp-image-672\"\/><figcaption class=\"wp-element-caption\">Prelucrarea lemnului<\/figcaption><\/figure>\n\n\n\n<figure class=\"wp-block-image aligncenter size-large\"><img decoding=\"async\" width=\"70\" height=\"70\" src=\"https:\/\/obera.fr\/wp-content\/uploads\/2020\/08\/industrie-papier-carton.jpg\" alt=\"Industria h\u00e2rtiei \u0219i cartonului\" class=\"wp-image-670\"\/><figcaption class=\"wp-element-caption\">H\u00e2rtie\/carton<\/figcaption><\/figure>\n\n\n\n<figure class=\"wp-block-image aligncenter size-large\"><img decoding=\"async\" width=\"70\" height=\"70\" src=\"https:\/\/obera.fr\/wp-content\/uploads\/2020\/08\/industrie-minerai.jpg\" alt=\"Industria minereurilor\" class=\"wp-image-724\"\/><figcaption class=\"wp-element-caption\">Minerale<\/figcaption><\/figure>\n<\/div>\n<\/div>\n<\/div>\n<\/div>\n\n\n\n<h2 class=\"wp-block-heading\" id=\"caracteristiques-techniques\">Specifica\u021bii tehnice<\/h2>\n\n\n\n<figure class=\"wp-block-table\"><table class=\"has-fixed-layout\"><thead><tr><th>Dispozitiv<\/th><th><\/th><th>FILTOWER 100<\/th><th>FILTOWER 160<\/th><th>FILTOWER 200<\/th><\/tr><\/thead><tbody><tr><td>Flux<\/td><td>m3\/h<\/td><td>10 000<\/td><td>15 000<\/td><td>20 000<\/td><\/tr><tr><td>presiune negativ\u0103 maxim\u0103<\/td><td>Pa<\/td><td>2 800<\/td><td>2 800<\/td><td>2 800<\/td><\/tr><tr><td>Tensiunea de alimentare<\/td><td>V<\/td><td>400<\/td><td>400<\/td><td>400<\/td><\/tr><tr><td>Putere<\/td><td>kW<\/td><td>2 x 3.0<\/td><td>2 x 4.0<\/td><td>2 x 7.5<\/td><\/tr><tr><td>Suprafa\u021ba filtrului<\/td><td>m\u00b2<\/td><td>100<\/td><td>160<\/td><td>200<\/td><\/tr><tr><td>Num\u0103r de filtre<\/td><td>Parte<\/td><td>4<\/td><td>4<\/td><td>4<\/td><\/tr><tr><td>Capacitatea de stocare a prafului<\/td><td>l<\/td><td>150<\/td><td>150<\/td><td>150<\/td><\/tr><tr><td>Dimensiuni<\/td><td>l\/L\/h (mm)<\/td><td>2060x1510x2950<\/td><td>2060x1510x3350<\/td><td>2060x1510x3850<\/td><\/tr><tr><td>Greutate<\/td><td>kg<\/td><td>1 100<\/td><td>1 200<\/td><td>1 500<\/td><\/tr><tr><td>Nivelul sonor<\/td><td>dB(A)<\/td><td>71<\/td><td>75<\/td><td>77<\/td><\/tr><\/tbody><\/table><\/figure>\n\n\n\n<h3 class=\"wp-block-heading\" id=\"en-option\">Op\u021bional<\/h3>\n\n\n\n<div class=\"wp-block-columns is-layout-flex wp-container-core-columns-is-layout-28f84493 wp-block-columns-is-layout-flex\">\n<div class=\"wp-block-column is-layout-flow wp-block-column-is-layout-flow\">\n<figure class=\"wp-block-image aligncenter size-large\"><img decoding=\"async\" width=\"100\" height=\"100\" src=\"https:\/\/obera.fr\/wp-content\/uploads\/2020\/09\/Appareil-de-controle.jpg\" alt=\"Dispozitiv de control\" class=\"wp-image-961\"\/><figcaption class=\"wp-element-caption\">M\u0103surare continu\u0103<\/figcaption><\/figure>\n<\/div>\n\n\n\n<div class=\"wp-block-column is-layout-flow wp-block-column-is-layout-flow\">\n<figure class=\"wp-block-image aligncenter size-large\"><img decoding=\"async\" width=\"100\" height=\"100\" src=\"https:\/\/obera.fr\/wp-content\/uploads\/2020\/09\/Charbon-actif-100x100-1.jpg\" alt=\"Carbon activat 100x100\" class=\"wp-image-963\"\/><\/figure>\n\n\n\n<p class=\"has-text-align-center\">Filtru cu carbon activat<\/p>\n<\/div>\n\n\n\n<div class=\"wp-block-column is-layout-flow wp-block-column-is-layout-flow\">\n<figure class=\"wp-block-image aligncenter size-large\"><img decoding=\"async\" width=\"150\" height=\"150\" src=\"https:\/\/obera.fr\/wp-content\/uploads\/2020\/11\/4-industrie-4-0.jpg\" alt=\"4 Industrie 4 0\" class=\"wp-image-1641\"\/><figcaption class=\"wp-element-caption\">Industria 4.0<\/figcaption><\/figure>\n<\/div>\n<\/div>\n\n\n\n<hr class=\"wp-block-separator has-css-opacity is-style-dots\"\/>\n\n\n\n<div class=\"wp-block-buttons is-horizontal is-content-justification-center is-layout-flex wp-container-core-buttons-is-layout-03627597 wp-block-buttons-is-layout-flex\">\n<div class=\"wp-block-button has-custom-width wp-block-button__width-100\"><a class=\"wp-block-button__link wp-element-button\" href=\"https:\/\/obera.fr\/ro\/contactati-ne\/\">Afl\u0103 mai multe<\/a><\/div>\n<\/div>\n\n\n\n<h2 class=\"wp-block-heading\" id=\"les-autres-purificateurs-d-air\">Alte purificatoare de aer<\/h2>\n\n\n\n<div class=\"wp-block-columns is-layout-flex wp-container-core-columns-is-layout-28f84493 wp-block-columns-is-layout-flex\">\n<div class=\"wp-block-column is-vertically-aligned-center is-layout-flow wp-block-column-is-layout-flow\">\n<figure class=\"wp-block-image aligncenter size-thumbnail\"><a href=\"https:\/\/obera.fr\/produits\/purificateurs-air\/poussieres-epur-b01-ecoprime\/\"><img decoding=\"async\" width=\"150\" height=\"150\" src=\"https:\/\/obera.fr\/wp-content\/uploads\/2020\/09\/epur-b01-ecoprime-150x150.jpg\" alt=\"Epur B01 Ecoprime\" class=\"wp-image-1008\" srcset=\"https:\/\/obera.fr\/wp-content\/uploads\/2020\/09\/epur-b01-ecoprime-150x150.jpg 150w, https:\/\/obera.fr\/wp-content\/uploads\/2020\/09\/epur-b01-ecoprime-300x300.jpg 300w, https:\/\/obera.fr\/wp-content\/uploads\/2020\/09\/epur-b01-ecoprime.jpg 433w\" sizes=\"(max-width: 150px) 100vw, 150px\" \/><\/a><figcaption class=\"wp-element-caption\">ePUR B01 Ecoprime<\/figcaption><\/figure>\n<\/div>\n\n\n\n<div class=\"wp-block-column is-layout-flow wp-block-column-is-layout-flow\">\n<figure class=\"wp-block-image aligncenter size-medium is-resized\"><a href=\"https:\/\/obera.fr\/produits\/purificateurs-air\/professionnel-epur-ca\/\"><img decoding=\"async\" width=\"300\" height=\"300\" src=\"https:\/\/obera.fr\/wp-content\/uploads\/2020\/09\/gamme-epur-ca-300x300.jpg\" alt=\"Gama Epur Ca\" class=\"wp-image-1015\" style=\"width:150px;height:150px\" srcset=\"https:\/\/obera.fr\/wp-content\/uploads\/2020\/09\/gamme-epur-ca-300x300.jpg 300w, https:\/\/obera.fr\/wp-content\/uploads\/2020\/09\/gamme-epur-ca-150x150.jpg 150w, https:\/\/obera.fr\/wp-content\/uploads\/2020\/09\/gamme-epur-ca.jpg 433w\" sizes=\"(max-width: 300px) 100vw, 300px\" \/><\/a><figcaption class=\"wp-element-caption\">ePUR CA<\/figcaption><\/figure>\n<\/div>\n\n\n\n<div class=\"wp-block-column is-layout-flow wp-block-column-is-layout-flow\">\n<figure class=\"wp-block-image aligncenter size-full\"><a href=\"https:\/\/obera.fr\/produits\/purificateurs-air\/industriel-epur\/\"><img decoding=\"async\" width=\"150\" height=\"150\" src=\"https:\/\/obera.fr\/wp-content\/uploads\/2023\/05\/gamme-epur.png\" alt=\"gama epur\" class=\"wp-image-22632\"\/><\/a><figcaption class=\"wp-element-caption\">ePUR<\/figcaption><\/figure>\n<\/div>\n\n\n\n<div class=\"wp-block-column is-layout-flow wp-block-column-is-layout-flow\">\n<figure class=\"wp-block-image aligncenter size-full is-resized\"><a href=\"https:\/\/obera.fr\/produits\/purificateurs-air\/purificateur-rafraichisseur-epur150-fresh\/\"><img decoding=\"async\" width=\"150\" height=\"150\" src=\"https:\/\/obera.fr\/wp-content\/uploads\/2023\/04\/epur150-fresh-4.png\" alt=\"epur150 proaspete (4)\" class=\"wp-image-22427\" style=\"width:150px;height:150px\"\/><\/a><figcaption class=\"wp-element-caption\">ePUR150 FRESH<\/figcaption><\/figure>\n<\/div>\n<\/div>\n","protected":false},"excerpt":{"rendered":"<p>Unitate de tratare a aerului f\u0103r\u0103 conducte sau ansamblu Purificatorul de aer FILTOWER este adesea utilizat, \u00eempreun\u0103 cu un sistem de extrac\u021bie la surs\u0103, pentru a extrage \u0219i filtra praful, vaporii de sudur\u0103 \u0219i cea\u021ba de ulei. FILTOWER este utilizat pentru : Unit\u0103\u021bile din gama FILTOWER pot economisi p\u00e2n\u0103 la 70% din costurile de \u00eenc\u0103lzire, deoarece c\u0103ldura din aerul filtrat este reintrodus\u0103 \u00een cl\u0103dire. Beneficii Caracteristici speciale Caracteristici Aplica\u021bii Poluan\u021bi Industrii Specifica\u021bii tehnice Dispozitiv FILTOWER 100 FILTOWER 160 FILTOWER 200 Flux m3\/h 10 000 15 000 20 000 presiune negativ\u0103 maxim\u0103 Pa 2 800 2 800 2 800 Tensiunea de &#8230; <\/p>\n<p class=\"read-more-container\"><a title=\"Purificator de aer Filtower\" class=\"read-more button\" href=\"https:\/\/obera.fr\/ro\/produits\/purificateurs-air\/filtower\/#more-44246\" aria-label=\"Cite\u0219te mai multe despre Purificator de aer Filtower\">Lire la suite<\/a><\/p>\n","protected":false},"author":4,"featured_media":83748,"parent":37704,"menu_order":0,"comment_status":"closed","ping_status":"closed","template":"","meta":{"_acf_changed":false,"_seopress_robots_primary_cat":"","_seopress_titles_title":"Descoperi\u021bi purificatorul de aer Filtower de la OberA","_seopress_titles_desc":"Purificatorul de aer FILTOWER de la oberA este utilizat pentru a extrage \u0219i filtra praful, vaporii de sudur\u0103 \u0219i cea\u021ba de ulei.","_seopress_robots_index":"","footnotes":""},"class_list":{"0":"post-44246","1":"page","2":"type-page","3":"status-publish","4":"has-post-thumbnail","6":"no-featured-image-padding","7":"resize-featured-image"},"acf":[],"_links":{"self":[{"href":"https:\/\/obera.fr\/ro\/wp-json\/wp\/v2\/pages\/44246","targetHints":{"allow":["GET"]}}],"collection":[{"href":"https:\/\/obera.fr\/ro\/wp-json\/wp\/v2\/pages"}],"about":[{"href":"https:\/\/obera.fr\/ro\/wp-json\/wp\/v2\/types\/page"}],"author":[{"embeddable":true,"href":"https:\/\/obera.fr\/ro\/wp-json\/wp\/v2\/users\/4"}],"replies":[{"embeddable":true,"href":"https:\/\/obera.fr\/ro\/wp-json\/wp\/v2\/comments?post=44246"}],"version-history":[{"count":6,"href":"https:\/\/obera.fr\/ro\/wp-json\/wp\/v2\/pages\/44246\/revisions"}],"predecessor-version":[{"id":71699,"href":"https:\/\/obera.fr\/ro\/wp-json\/wp\/v2\/pages\/44246\/revisions\/71699"}],"up":[{"embeddable":true,"href":"https:\/\/obera.fr\/ro\/wp-json\/wp\/v2\/pages\/37704"}],"wp:featuredmedia":[{"embeddable":true,"href":"https:\/\/obera.fr\/ro\/wp-json\/wp\/v2\/media\/83748"}],"wp:attachment":[{"href":"https:\/\/obera.fr\/ro\/wp-json\/wp\/v2\/media?parent=44246"}],"curies":[{"name":"wp","href":"https:\/\/api.w.org\/{rel}","templated":true}]}}