{"id":44440,"date":"2021-03-09T13:26:35","date_gmt":"2021-03-09T11:26:35","guid":{"rendered":"https:\/\/obera.fr\/masa-de-aspirare-360\/"},"modified":"2025-06-30T10:08:04","modified_gmt":"2025-06-30T08:08:04","slug":"table-rotative-360","status":"publish","type":"page","link":"https:\/\/obera.fr\/ro\/produits\/tables-aspirantes\/table-rotative-360\/","title":{"rendered":"Mas\u0103 de aspirare 360\u00b0"},"content":{"rendered":"\n\n<h2 class=\"wp-block-heading\" id=\"table-d-extraction-rotative\">Mas\u0103 rotativ\u0103 de extrac\u021bie<\/h2>\n\n<div class=\"wp-block-columns is-layout-flex wp-container-core-columns-is-layout-28f84493 wp-block-columns-is-layout-flex\">\n<div class=\"wp-block-column is-layout-flow wp-block-column-is-layout-flow\" style=\"flex-basis:33.33%\">\n<figure class=\"wp-block-image aligncenter size-large\"><img decoding=\"async\" width=\"1024\" height=\"1024\" src=\"https:\/\/obera.fr\/wp-content\/uploads\/2025\/01\/image-table-aspirante-rotative-1024x1024.jpg\" alt=\"imagine mas&#x103; rotativ&#x103; de aspira&#x21B;ie\" class=\"wp-image-57698\" srcset=\"https:\/\/obera.fr\/wp-content\/uploads\/2025\/01\/image-table-aspirante-rotative-1024x1024.jpg 1024w, https:\/\/obera.fr\/wp-content\/uploads\/2025\/01\/image-table-aspirante-rotative-300x300.jpg 300w, https:\/\/obera.fr\/wp-content\/uploads\/2025\/01\/image-table-aspirante-rotative-150x150.jpg 150w, https:\/\/obera.fr\/wp-content\/uploads\/2025\/01\/image-table-aspirante-rotative-768x768.jpg 768w, https:\/\/obera.fr\/wp-content\/uploads\/2025\/01\/image-table-aspirante-rotative-400x400.jpg 400w, https:\/\/obera.fr\/wp-content\/uploads\/2025\/01\/image-table-aspirante-rotative-600x600.jpg 600w, https:\/\/obera.fr\/wp-content\/uploads\/2025\/01\/image-table-aspirante-rotative.jpg 1200w\" sizes=\"(max-width: 1024px) 100vw, 1024px\" \/><figcaption class=\"wp-element-caption\">\nImaginea mesei rotative de aspira\u021bie<\/figcaption><\/figure>\n<\/div>\n\n\n\n<div class=\"wp-block-column is-layout-flow wp-block-column-is-layout-flow\" style=\"flex-basis:66.66%\">\n<p>Masa de extrac\u021bie de 360\u00b0 este potrivit\u0103 \u00een special pentru procesele de separare mecanic\u0103 \u0219i termic\u0103. Func\u021bia de rotire a mesei \u00een jurul propriei axe ofer\u0103 utilizatorilor acces complet la piesa de lucru, reduc\u00e2nd procesele plictisitoare de str\u00e2ngere.  <\/p>\n\n\n\n<p>Datorit\u0103 fluxului de aer optimizat \u0219i a capotei flexibile de deasupra zonei de lucru, masa de aspirare 360\u00b0 protejeaz\u0103 eficient angaja\u021bii de praf \u0219i fum.  <\/p>\n\n\n\n<p>Construc\u021bia ergonomic\u0103 a acestei mese \u00eenseamn\u0103 c\u0103 \u00een\u0103l\u021bimea sa poate fi reglat\u0103 dac\u0103 este necesar, garant\u00e2nd condi\u021bii de lucru sigure \u0219i pl\u0103cute.<\/p>\n\n\n\n<div style=\"height:30px\" aria-hidden=\"true\" class=\"wp-block-spacer\"><\/div>\n\n\n\n<div class=\"wp-block-columns is-layout-flex wp-container-core-columns-is-layout-28f84493 wp-block-columns-is-layout-flex\">\n<div class=\"wp-block-column is-layout-flow wp-block-column-is-layout-flow\" style=\"flex-basis:33.33%\">\n<div class=\"wp-block-buttons is-layout-flex wp-block-buttons-is-layout-flex\">\n<div class=\"wp-block-button\"><a class=\"wp-block-button__link wp-element-button\" href=\"https:\/\/obera.fr\/wp-content\/uploads\/2025\/04\/brochure-table-aspirante-rotative-.pdf\">DESC\u0102RCA\u021aI BRO\u0218URA<\/a><\/div>\n<\/div>\n<\/div>\n\n\n\n<div class=\"wp-block-column is-layout-flow wp-block-column-is-layout-flow\" style=\"flex-basis:33.34%\">\n<div class=\"wp-block-buttons is-horizontal is-content-justification-center is-layout-flex wp-container-core-buttons-is-layout-03627597 wp-block-buttons-is-layout-flex\">\n<div class=\"wp-block-button has-custom-width wp-block-button__width-100\"><a class=\"wp-block-button__link wp-element-button\" href=\"https:\/\/obera.fr\/ro\/contactati-ne\/\">Afl\u0103 mai multe<\/a><\/div>\n<\/div>\n<\/div>\n\n\n\n<div class=\"wp-block-column is-layout-flow wp-block-column-is-layout-flow\" style=\"flex-basis:33.34%\">\n<div class=\"wp-block-buttons is-content-justification-center is-layout-flex wp-container-core-buttons-is-layout-a89b3969 wp-block-buttons-is-layout-flex\">\n<div class=\"wp-block-button btn-devis-source\"><a class=\"wp-block-button__link wp-element-button\" href=\"https:\/\/obera.fr\/ro\/devis\/\">Solicita\u021bi o ofert\u0103<\/a><\/div>\n<\/div>\n\n\n<script>\r\ndocument.addEventListener('DOMContentLoaded', function() {\r\n    \/\/ 1. On cherche le titre H1 de la page\r\n    var h1 = document.querySelector('h1');\r\n    var productTitle = h1 ? h1.innerText.trim() : \"\";\r\n\r\n    \/\/ 2. On cherche les boutons via la classe CSS .btn-devis-source\r\n    var buttons = document.querySelectorAll('.btn-devis-source a');\r\n\r\n    \/\/ 3. Si on a le titre et les boutons, on ajoute le param\u00e8tre\r\n    if (buttons.length > 0 && productTitle !== \"\") {\r\n        var encodedTitle = encodeURIComponent(productTitle);\r\n\r\n        buttons.forEach(function(btn) {\r\n            var currentHref = btn.getAttribute('href');\r\n            \r\n            \/\/ S\u00e9curit\u00e9 pour ne pas ajouter le param\u00e8tre 2 fois\r\n            if (currentHref.indexOf('sujet=') === -1) {\r\n                var separator = currentHref.indexOf('?') !== -1 ? '&' : '?';\r\n                var newLink = currentHref + separator + 'sujet=' + encodedTitle;\r\n                \r\n                btn.setAttribute('href', newLink);\r\n            }\r\n        });\r\n    }\r\n});\r\n<\/script><\/div>\n<\/div>\n<\/div>\n<\/div>\n\n<p><\/p>\n\n<div class=\"wp-block-columns is-layout-flex wp-container-core-columns-is-layout-28f84493 wp-block-columns-is-layout-flex\">\n<div class=\"wp-block-column is-layout-flow wp-block-column-is-layout-flow\">\n<h3 class=\"wp-block-heading has-text-align-center\" id=\"avantages\">BENEFICII<\/h3>\n\n\n\n<ul class=\"wp-block-list\">\n<li>Eficien\u021b\u0103 sporit\u0103 la prelucrarea pieselor<\/li>\n\n\n\n<li>Economisirea timpului  <\/li>\n\n\n\n<li>Ergonomie ridicat\u0103<\/li>\n\n\n\n<li>Reducerea polu\u0103rii la locul de munc\u0103<\/li>\n\n\n\n<li>Siguran\u021b\u0103 optimizat\u0103 la locul de munc\u0103<\/li>\n<\/ul>\n<\/div>\n\n\n\n<div class=\"wp-block-column is-layout-flow wp-block-column-is-layout-flow\">\n<h3 class=\"wp-block-heading has-text-align-center\" id=\"particularites\">Caracteristici speciale<\/h3>\n\n\n\n<ul class=\"wp-block-list\">\n<li>Panou lateral pliabil (f\u0103r\u0103 capac)<\/li>\n\n\n\n<li>Camer\u0103 accesibil\u0103 din toate p\u0103r\u021bile (p\u00e2n\u0103 la 360 de grade)<\/li>\n\n\n\n<li>L\u0103\u021bimea maxim\u0103 a camerei: 900 mm (cu pere\u021bi \u00eenchi\u0219i)<\/li>\n\n\n\n<li>Necesit\u0103 aproximativ 2500 m3\/h de volum de aer<\/li>\n\n\n\n<li>Duz\u0103 de aspira\u021bie \u00een zona frontal\u0103<\/li>\n\n\n\n<li>Stop reglabil<\/li>\n<\/ul>\n<\/div>\n\n\n\n<div class=\"wp-block-column is-layout-flow wp-block-column-is-layout-flow\">\n<h3 class=\"wp-block-heading has-text-align-center\" id=\"caracteristiques\">caracteristici<\/h3>\n\n\n\n<ul class=\"wp-block-list\">\n<li>Reglare electric\u0103 continu\u0103 a \u00een\u0103l\u021bimii (de la 980 la 1800 mm)<\/li>\n\n\n\n<li>Gril\u0103 metalic\u0103 sau menghin\u0103<\/li>\n\n\n\n<li>F\u0103lci de protec\u021bie magnetic\u0103<\/li>\n\n\n\n<li>Iluminat<\/li>\n\n\n\n<li>Platform\u0103 individual\u0103<\/li>\n\n\n\n<li>Conform ATEX  <\/li>\n<\/ul>\n\n\n\n<p><\/p>\n<\/div>\n<\/div>\n\n<div class=\"wp-block-buttons is-content-justification-center is-layout-flex wp-container-core-buttons-is-layout-a89b3969 wp-block-buttons-is-layout-flex\">\n<div class=\"wp-block-button\"><a class=\"wp-block-button__link wp-element-button\" href=\"https:\/\/obera.fr\/wp-content\/uploads\/2024\/02\/brochure-table-aspirante-rotative-.pdf\">Desc\u0103rca\u021bi documenta\u021bia<\/a><\/div>\n<\/div>\n\n<h3 class=\"wp-block-heading\" id=\"quels-polluants-traiter-sur-notre-table-aspirante\">Ce poluan\u021bi ar trebui s\u0103 fie trata\u021bi pe masa noastr\u0103 de aspirare?<\/h3>\n\n<p>Masa noastr\u0103 <a href=\"https:\/\/obera.fr\/ro\/produits\/tables-aspirantes\/\">de aspirare<\/a> la 360\u00b0 poate gestiona o gam\u0103 larg\u0103 de poluan\u021bi, \u00een mod ideal poluan\u021bi grei care tind s\u0103 se depun\u0103.  <\/p>\n\n<p>Exemplele includ prafuri metalice, vapori de sudur\u0103, a\u0219chii de plastic, prafuri minerale, prafuri de beton, vapori \u0219i materiale compozite.<\/p>\n\n<h2 class=\"wp-block-heading\" id=\"a-quelles-utilisations-convient-elle\">Care sunt utiliz\u0103rile sale?<\/h2>\n\n<p>Ace\u0219ti poluan\u021bi sunt genera\u021bi \u00een mare parte \u00een timpul unor procese precum sudarea, lipirea, t\u0103ierea, t\u0103ierea, \u0219lefuirea, lustruirea, prelucrarea, frezarea \u0219i separarea materialelor. Aceste procese au loc \u00een industrii precum metalurgia, materialele plastice, prelucrarea lemnului, textilele, mineralele, produsele chimice\/petrochimice \u0219i h\u00e2rtia\/cartonul.<\/p>\n\n<div class=\"wp-block-columns is-layout-flex wp-container-core-columns-is-layout-28f84493 wp-block-columns-is-layout-flex\">\n<div class=\"wp-block-column is-layout-flow wp-block-column-is-layout-flow\">\n<h3 class=\"wp-block-heading has-text-align-center\" id=\"polluants\">POLLUTAN\u021aI<\/h3>\n\n\n\n<div class=\"wp-block-columns is-layout-flex wp-container-core-columns-is-layout-28f84493 wp-block-columns-is-layout-flex\">\n<div class=\"wp-block-column is-layout-flow wp-block-column-is-layout-flow\">\n<figure class=\"wp-block-image aligncenter size-large\"><img decoding=\"async\" width=\"70\" height=\"70\" src=\"https:\/\/obera.fr\/wp-content\/uploads\/2021\/03\/polluants-poussieres-1.jpg\" alt=\"poluan&#x21B;ii de praf 1\" class=\"wp-image-4969\"\/><figcaption class=\"wp-element-caption\">Praf<\/figcaption><\/figure>\n\n\n\n<figure class=\"wp-block-image aligncenter size-large\"><img decoding=\"async\" width=\"70\" height=\"70\" src=\"https:\/\/obera.fr\/wp-content\/uploads\/2021\/03\/industrie-fumees.jpg\" alt=\"vapori din industrie\" class=\"wp-image-4971\"\/><figcaption class=\"wp-element-caption\">Fumuri<\/figcaption><\/figure>\n\n\n\n<figure class=\"wp-block-image aligncenter size-large\"><img decoding=\"async\" width=\"70\" height=\"70\" src=\"https:\/\/obera.fr\/wp-content\/uploads\/2021\/03\/industrie-brouillard-huile.jpg\" alt=\"industria ce&#x21B;ii de ulei\" class=\"wp-image-4973\"\/><figcaption class=\"wp-element-caption\">Cea\u021b\u0103 de ulei<\/figcaption><\/figure>\n<\/div>\n\n\n\n<div class=\"wp-block-column is-layout-flow wp-block-column-is-layout-flow\">\n<figure class=\"wp-block-image aligncenter size-large\"><img decoding=\"async\" width=\"70\" height=\"70\" src=\"https:\/\/obera.fr\/wp-content\/uploads\/2021\/03\/polluants-copeaux-bois.jpg\" alt=\"poluan&#x21B;i din a&#x219;chii de lemn\" class=\"wp-image-4970\"\/><figcaption class=\"wp-element-caption\">Chipsuri<\/figcaption><\/figure>\n\n\n\n<figure class=\"wp-block-image aligncenter size-large\"><img decoding=\"async\" width=\"70\" height=\"70\" src=\"https:\/\/obera.fr\/wp-content\/uploads\/2021\/03\/industrie-odeur-2.jpg\" alt=\"industria mirosurilor 2\" class=\"wp-image-4972\"\/><figcaption class=\"wp-element-caption\">Mirosuri<\/figcaption><\/figure>\n\n\n\n<figure class=\"wp-block-image aligncenter size-large\"><img decoding=\"async\" width=\"70\" height=\"70\" src=\"https:\/\/obera.fr\/wp-content\/uploads\/2021\/03\/cov.jpg\" alt=\"cov\" class=\"wp-image-4974\"\/><figcaption class=\"wp-element-caption\">VOCS<\/figcaption><\/figure>\n<\/div>\n<\/div>\n<\/div>\n\n\n\n<div class=\"wp-block-column is-layout-flow wp-block-column-is-layout-flow\">\n<h3 class=\"wp-block-heading has-text-align-center\" id=\"industries\">industrii<\/h3>\n\n\n\n<div class=\"wp-block-columns is-layout-flex wp-container-core-columns-is-layout-28f84493 wp-block-columns-is-layout-flex\">\n<div class=\"wp-block-column is-layout-flow wp-block-column-is-layout-flow\">\n<figure class=\"wp-block-image aligncenter size-large\"><img decoding=\"async\" width=\"70\" height=\"70\" src=\"https:\/\/obera.fr\/wp-content\/uploads\/2021\/03\/industrie-metallurgie-1.jpg\" alt=\"industria metalurgic&#x103; 1\" class=\"wp-image-4975\"\/><figcaption class=\"wp-element-caption\">Metalurgie<\/figcaption><\/figure>\n\n\n\n<figure class=\"wp-block-image aligncenter size-large\"><img decoding=\"async\" width=\"70\" height=\"70\" src=\"https:\/\/obera.fr\/wp-content\/uploads\/2021\/03\/industrie-plastique.jpg\" alt=\"industria maselor plastice\" class=\"wp-image-4976\"\/><figcaption class=\"wp-element-caption\">Materiale plastice<\/figcaption><\/figure>\n\n\n\n<figure class=\"wp-block-image aligncenter size-large\"><img decoding=\"async\" width=\"70\" height=\"70\" src=\"https:\/\/obera.fr\/wp-content\/uploads\/2021\/03\/industrie-minerai.jpg\" alt=\"industria mineral&#x103;\" class=\"wp-image-4977\"\/><figcaption class=\"wp-element-caption\">Minerale<\/figcaption><\/figure>\n\n\n\n<figure class=\"wp-block-image aligncenter size-large\"><img decoding=\"async\" width=\"70\" height=\"70\" src=\"https:\/\/obera.fr\/wp-content\/uploads\/2021\/03\/industrie-dechets.jpg\" alt=\"industria de&#x219;eurilor\" class=\"wp-image-4978\"\/><figcaption class=\"wp-element-caption\">Colectarea \u0219i sortarea de\u0219eurilor<\/figcaption><\/figure>\n<\/div>\n\n\n\n<div class=\"wp-block-column is-layout-flow wp-block-column-is-layout-flow\">\n<figure class=\"wp-block-image aligncenter size-large\"><img decoding=\"async\" width=\"70\" height=\"70\" src=\"https:\/\/obera.fr\/wp-content\/uploads\/2021\/03\/industrie-bois.jpg\" alt=\"industria lemnului\" class=\"wp-image-4979\"\/><figcaption class=\"wp-element-caption\">Prelucrarea lemnului<\/figcaption><\/figure>\n\n\n\n<figure class=\"wp-block-image aligncenter size-large\"><img decoding=\"async\" width=\"70\" height=\"70\" src=\"https:\/\/obera.fr\/wp-content\/uploads\/2021\/03\/industrie-textile.jpg\" alt=\"industria textil&#x103;\" class=\"wp-image-4980\"\/><figcaption class=\"wp-element-caption\">Textile<\/figcaption><\/figure>\n\n\n\n<figure class=\"wp-block-image aligncenter size-large\"><img decoding=\"async\" width=\"70\" height=\"70\" src=\"https:\/\/obera.fr\/wp-content\/uploads\/2021\/03\/industrie-chimie-1.jpg\" alt=\"industria chimic&#x103; 1\" class=\"wp-image-4981\"\/><figcaption class=\"wp-element-caption\">Produse chimice\/petrochimice<\/figcaption><\/figure>\n\n\n\n<figure class=\"wp-block-image aligncenter size-large\"><img decoding=\"async\" width=\"70\" height=\"70\" src=\"https:\/\/obera.fr\/wp-content\/uploads\/2021\/03\/industrie-papier-carton.jpg\" alt=\"industria h&#xE2;rtiei &#x219;i cartonului\" class=\"wp-image-4982\"\/><figcaption class=\"wp-element-caption\">H\u00e2rtie\/carton<\/figcaption><\/figure>\n\n\n\n<p><\/p>\n<\/div>\n<\/div>\n\n\n\n<p><\/p>\n<\/div>\n<\/div>\n\n<h2 class=\"wp-block-heading\" id=\"les-autres-produits-de-captation-et-d-aspiration-obera\">Alte mese de aspira\u021bie OberA<\/h2>\n\n<div class=\"wp-block-columns is-layout-flex wp-container-core-columns-is-layout-28f84493 wp-block-columns-is-layout-flex\">\n<div class=\"wp-block-column is-layout-flow wp-block-column-is-layout-flow\">\n<figure class=\"wp-block-image aligncenter size-medium is-resized\"><a href=\"https:\/\/obera.fr\/produits\/tables-aspirantes\/table-aspirante-a-at\/\"><img decoding=\"async\" width=\"300\" height=\"300\" src=\"https:\/\/obera.fr\/wp-content\/uploads\/2020\/10\/table-SF-300x300.png\" alt=\"Mese de aspira&#x21B;ie\" class=\"wp-image-1179\" style=\"width:auto;height:150px\" srcset=\"https:\/\/obera.fr\/wp-content\/uploads\/2020\/10\/table-SF-300x300.png 300w, https:\/\/obera.fr\/wp-content\/uploads\/2020\/10\/table-SF-150x150.png 150w, https:\/\/obera.fr\/wp-content\/uploads\/2020\/10\/table-SF.png 433w\" sizes=\"(max-width: 300px) 100vw, 300px\" \/><\/a><figcaption class=\"wp-element-caption\">Mas\u0103 de aspira\u021bie A &amp; AT<\/figcaption><\/figure>\n<\/div>\n\n\n\n<div class=\"wp-block-column is-layout-flow wp-block-column-is-layout-flow\">\n<figure class=\"wp-block-image aligncenter size-full\"><a href=\"https:\/\/obera.fr\/produits\/tables-aspirantes\/table-autonome\/\"><img decoding=\"async\" width=\"150\" height=\"150\" src=\"https:\/\/obera.fr\/wp-content\/uploads\/2022\/06\/Sans-titre-2022-06-07T101130.850.png\" alt=\"Mese de aspira&#x21B;ie autonome\" class=\"wp-image-13083\"\/><\/a><figcaption class=\"wp-element-caption\">Mas\u0103 de aspira\u021bie autonom\u0103<\/figcaption><\/figure>\n<\/div>\n\n\n\n<div class=\"wp-block-column is-layout-flow wp-block-column-is-layout-flow\">\n<figure class=\"wp-block-image aligncenter size-medium is-resized\"><img decoding=\"async\" width=\"300\" height=\"300\" src=\"https:\/\/obera.fr\/wp-content\/uploads\/2024\/05\/epurbox-tsp-300x300.png\" alt=\"epurbox tsp\" class=\"wp-image-30348\" style=\"width:auto;height:150px\" srcset=\"https:\/\/obera.fr\/wp-content\/uploads\/2024\/05\/epurbox-tsp-300x300.png 300w, https:\/\/obera.fr\/wp-content\/uploads\/2024\/05\/epurbox-tsp-1024x1024.png 1024w, https:\/\/obera.fr\/wp-content\/uploads\/2024\/05\/epurbox-tsp-150x150.png 150w, https:\/\/obera.fr\/wp-content\/uploads\/2024\/05\/epurbox-tsp-768x768.png 768w, https:\/\/obera.fr\/wp-content\/uploads\/2024\/05\/epurbox-tsp.png 1200w\" sizes=\"(max-width: 300px) 100vw, 300px\" \/><figcaption class=\"wp-element-caption\">ePURBOX Atex<\/figcaption><\/figure>\n<\/div>\n<\/div>\n","protected":false},"excerpt":{"rendered":"<p>Mas\u0103 rotativ\u0103 de extrac\u021bie Masa de extrac\u021bie de 360\u00b0 este potrivit\u0103 \u00een special pentru procesele de separare mecanic\u0103 \u0219i termic\u0103. Func\u021bia de rotire a mesei \u00een jurul propriei axe ofer\u0103 utilizatorilor acces complet la piesa de lucru, reduc\u00e2nd procesele plictisitoare de str\u00e2ngere. Datorit\u0103 fluxului de aer optimizat \u0219i a capotei flexibile de deasupra zonei de lucru, masa de aspirare 360\u00b0 protejeaz\u0103 eficient angaja\u021bii de praf \u0219i fum. Construc\u021bia ergonomic\u0103 a acestei mese \u00eenseamn\u0103 c\u0103 \u00een\u0103l\u021bimea sa poate fi reglat\u0103 dac\u0103 este necesar, garant\u00e2nd condi\u021bii de lucru sigure \u0219i pl\u0103cute. BENEFICII Caracteristici speciale caracteristici Ce poluan\u021bi ar trebui s\u0103 fie trata\u021bi &#8230; <\/p>\n<p class=\"read-more-container\"><a title=\"Mas\u0103 de aspirare 360\u00b0\" class=\"read-more button\" href=\"https:\/\/obera.fr\/ro\/produits\/tables-aspirantes\/table-rotative-360\/#more-44440\" aria-label=\"Cite\u0219te mai multe despre Mas\u0103 de aspirare 360\u00b0\">Lire la suite<\/a><\/p>\n","protected":false},"author":4,"featured_media":83748,"parent":44463,"menu_order":0,"comment_status":"closed","ping_status":"closed","template":"","meta":{"_acf_changed":false,"_seopress_robots_primary_cat":"","_seopress_titles_title":"oberA mas\u0103 de aspirare la 360\u00b0 sau mas\u0103 de extrac\u021bie rotativ\u0103","_seopress_titles_desc":"Masa de extrac\u021bie de 360\u00b0 este potrivit\u0103 \u00een special pentru procesele de separare mecanic\u0103 \u0219i termic\u0103. Ofer\u0103 protec\u021bie eficient\u0103 pentru angaja\u021bi.","_seopress_robots_index":"","footnotes":""},"class_list":{"0":"post-44440","1":"page","2":"type-page","3":"status-publish","4":"has-post-thumbnail","6":"no-featured-image-padding","7":"resize-featured-image"},"acf":[],"_links":{"self":[{"href":"https:\/\/obera.fr\/ro\/wp-json\/wp\/v2\/pages\/44440","targetHints":{"allow":["GET"]}}],"collection":[{"href":"https:\/\/obera.fr\/ro\/wp-json\/wp\/v2\/pages"}],"about":[{"href":"https:\/\/obera.fr\/ro\/wp-json\/wp\/v2\/types\/page"}],"author":[{"embeddable":true,"href":"https:\/\/obera.fr\/ro\/wp-json\/wp\/v2\/users\/4"}],"replies":[{"embeddable":true,"href":"https:\/\/obera.fr\/ro\/wp-json\/wp\/v2\/comments?post=44440"}],"version-history":[{"count":6,"href":"https:\/\/obera.fr\/ro\/wp-json\/wp\/v2\/pages\/44440\/revisions"}],"predecessor-version":[{"id":117755,"href":"https:\/\/obera.fr\/ro\/wp-json\/wp\/v2\/pages\/44440\/revisions\/117755"}],"up":[{"embeddable":true,"href":"https:\/\/obera.fr\/ro\/wp-json\/wp\/v2\/pages\/44463"}],"wp:featuredmedia":[{"embeddable":true,"href":"https:\/\/obera.fr\/ro\/wp-json\/wp\/v2\/media\/83748"}],"wp:attachment":[{"href":"https:\/\/obera.fr\/ro\/wp-json\/wp\/v2\/media?parent=44440"}],"curies":[{"name":"wp","href":"https:\/\/api.w.org\/{rel}","templated":true}]}}