{"id":44867,"date":"2021-05-03T16:10:49","date_gmt":"2021-05-03T14:10:49","guid":{"rendered":"https:\/\/obera.fr\/purificator-de-aer-epur05\/"},"modified":"2024-11-06T11:28:19","modified_gmt":"2024-11-06T09:28:19","slug":"purificator-de-aer-epur05","status":"publish","type":"page","link":"https:\/\/obera.fr\/ro\/produits\/purificateurs-air\/purificatoare-de-aer-anti-virus-si-anti-bacteriene-covid-19\/purificator-de-aer-epur05\/","title":{"rendered":"Purificator de aer ePUR05"},"content":{"rendered":"\n\n<h2 class=\"wp-block-heading\" id=\"comment-fonctionne-le-purificateur-d-air-epur05\">Cum func\u021bioneaz\u0103 purificatorul de aer ePUR05<\/h2>\n\n<div class=\"wp-block-columns is-layout-flex wp-container-core-columns-is-layout-28f84493 wp-block-columns-is-layout-flex\">\n<div class=\"wp-block-column is-vertically-aligned-center is-layout-flow wp-block-column-is-layout-flow\" style=\"flex-basis:33.33%\">\n<figure class=\"wp-block-image aligncenter size-large is-resized\"><img decoding=\"async\" width=\"667\" height=\"500\" src=\"https:\/\/obera.fr\/wp-content\/uploads\/2021\/05\/ePUR05.jpg\" alt=\"epur05\" class=\"wp-image-5528\" style=\"width:280px;height:210px\" srcset=\"https:\/\/obera.fr\/wp-content\/uploads\/2021\/05\/ePUR05.jpg 667w, https:\/\/obera.fr\/wp-content\/uploads\/2021\/05\/ePUR05-300x225.jpg 300w\" sizes=\"(max-width: 667px) 100vw, 667px\" \/><figcaption class=\"wp-element-caption\">ePUR05<\/figcaption><\/figure>\n<\/div>\n\n\n\n<div class=\"wp-block-column is-layout-flow wp-block-column-is-layout-flow\"><\/div>\n\n\n\n<div class=\"wp-block-column is-vertically-aligned-center is-layout-flow wp-block-column-is-layout-flow\" style=\"flex-basis:66.66%\">\n<p>Purificatorul de aer ePUR05 func\u021bioneaz\u0103 simplu \u0219i eficient. Poluan\u021bii sunt aspira\u021bi din partea superioar\u0103 a unit\u0103\u021bii de c\u0103tre un ventilator de \u00eenalt\u0103 eficien\u021b\u0103.   <\/p>\n\n\n\n<p class=\"has-text-align-left\">Praful trece apoi prin dou\u0103 etape de filtrare, \u00eencep\u00e2nd cu pre-filtrul, care separ\u0103 praful grosier, astfel \u00eenc\u00e2t filtrul principal devine mai eficient \u0219i are o durat\u0103 de via\u021b\u0103 mai lung\u0103. Filtrul principal H13, sau V-protect, este un filtru de foarte \u00eenalt\u0103 precizie, capabil s\u0103 trateze eficient viru\u0219ii \u0219i bacteriile, precum \u0219i praful fin, CMR-urile \u0219i aerosolii.   <\/p>\n\n\n\n<p>Aerul tratat iese apoi prin partea inferioar\u0103 a unit\u0103\u021bii, cre\u00e2nd o bucl\u0103 de re\u00eennoire a aerului.  <\/p>\n\n\n\n<div style=\"height:20px\" aria-hidden=\"true\" class=\"wp-block-spacer\"><\/div>\n\n\n\n<div class=\"wp-block-columns is-layout-flex wp-container-core-columns-is-layout-28f84493 wp-block-columns-is-layout-flex\">\n<div class=\"wp-block-column is-layout-flow wp-block-column-is-layout-flow\" style=\"flex-basis:33.34%\">\n<div class=\"wp-block-buttons is-content-justification-center is-layout-flex wp-container-core-buttons-is-layout-a89b3969 wp-block-buttons-is-layout-flex\">\n<div class=\"wp-block-button\"><a class=\"wp-block-button__link wp-element-button\" href=\"https:\/\/obera.fr\/wp-content\/uploads\/2023\/10\/brochure-epur05.pdf\">Desc\u0103rca\u021bi bro\u0219ura<\/a><\/div>\n<\/div>\n<\/div>\n\n\n\n<div class=\"wp-block-column is-layout-flow wp-block-column-is-layout-flow\" style=\"flex-basis:33.34%\">\n<div class=\"wp-block-buttons is-horizontal is-content-justification-center is-layout-flex wp-container-core-buttons-is-layout-03627597 wp-block-buttons-is-layout-flex\">\n<div class=\"wp-block-button has-custom-width wp-block-button__width-100\"><a class=\"wp-block-button__link wp-element-button\" href=\"https:\/\/obera.fr\/ro\/contactati-ne\/\">Afl\u0103 mai multe<\/a><\/div>\n<\/div>\n<\/div>\n\n\n\n<div class=\"wp-block-column is-layout-flow wp-block-column-is-layout-flow\" style=\"flex-basis:33.33%\">\n<div class=\"wp-block-buttons is-content-justification-center is-layout-flex wp-container-core-buttons-is-layout-a89b3969 wp-block-buttons-is-layout-flex\">\n<div class=\"wp-block-button btn-devis-source\"><a class=\"wp-block-button__link wp-element-button\" href=\"https:\/\/obera.fr\/ro\/devis\/\">Solicita\u021bi o ofert\u0103<\/a><\/div>\n<\/div>\n\n\n<script>\r\ndocument.addEventListener('DOMContentLoaded', function() {\r\n    \/\/ 1. On cherche le titre H1 de la page\r\n    var h1 = document.querySelector('h1');\r\n    var productTitle = h1 ? h1.innerText.trim() : \"\";\r\n\r\n    \/\/ 2. On cherche les boutons via la classe CSS .btn-devis-source\r\n    var buttons = document.querySelectorAll('.btn-devis-source a');\r\n\r\n    \/\/ 3. Si on a le titre et les boutons, on ajoute le param\u00e8tre\r\n    if (buttons.length > 0 && productTitle !== \"\") {\r\n        var encodedTitle = encodeURIComponent(productTitle);\r\n\r\n        buttons.forEach(function(btn) {\r\n            var currentHref = btn.getAttribute('href');\r\n            \r\n            \/\/ S\u00e9curit\u00e9 pour ne pas ajouter le param\u00e8tre 2 fois\r\n            if (currentHref.indexOf('sujet=') === -1) {\r\n                var separator = currentHref.indexOf('?') !== -1 ? '&' : '?';\r\n                var newLink = currentHref + separator + 'sujet=' + encodedTitle;\r\n                \r\n                btn.setAttribute('href', newLink);\r\n            }\r\n        });\r\n    }\r\n});\r\n<\/script><\/div>\n<\/div>\n<\/div>\n<\/div>\n\n<div style=\"height:20px\" aria-hidden=\"true\" class=\"wp-block-spacer\"><\/div>\n\n<figure class=\"wp-block-image aligncenter size-large\"><img decoding=\"async\" width=\"800\" height=\"250\" src=\"https:\/\/obera.fr\/wp-content\/uploads\/2021\/05\/ePUR05_Salle_de_classe.jpg\" alt=\"clas&#x103; epur05\" class=\"wp-image-5556\" srcset=\"https:\/\/obera.fr\/wp-content\/uploads\/2021\/05\/ePUR05_Salle_de_classe.jpg 800w, https:\/\/obera.fr\/wp-content\/uploads\/2021\/05\/ePUR05_Salle_de_classe-300x94.jpg 300w, https:\/\/obera.fr\/wp-content\/uploads\/2021\/05\/ePUR05_Salle_de_classe-768x240.jpg 768w\" sizes=\"(max-width: 800px) 100vw, 800px\" \/><\/figure>\n\n<div style=\"height:20px\" aria-hidden=\"true\" class=\"wp-block-spacer\"><\/div>\n\n<div class=\"wp-block-columns is-layout-flex wp-container-core-columns-is-layout-28f84493 wp-block-columns-is-layout-flex\">\n<div class=\"wp-block-column is-layout-flow wp-block-column-is-layout-flow\">\n<h3 class=\"wp-block-heading has-text-align-center\" id=\"avantages\">BENEFICII<\/h3>\n\n\n\n<ul class=\"wp-block-list\">\n<li>Filtre cu durat\u0103 lung\u0103 de via\u021b\u0103<\/li>\n\n\n\n<li>Consum redus de energie (35W)<\/li>\n\n\n\n<li>U\u0219or de transportat datorit\u0103 greut\u0103\u021bii \u0219i dimensiunilor sale<\/li>\n<\/ul>\n<\/div>\n\n\n\n<div class=\"wp-block-column is-layout-flow wp-block-column-is-layout-flow\">\n<h3 class=\"wp-block-heading has-text-align-center\" id=\"particularites\">caracteristici speciale<\/h3>\n\n\n\n<ul class=\"wp-block-list\">\n<li>Carcas\u0103 cu reducere a zgomotului (47dB)<\/li>\n\n\n\n<li>Ventilator de \u00eenalt\u0103 eficien\u021b\u0103 cu comutare electronic\u0103<\/li>\n\n\n\n<li>Debit reglabil<\/li>\n<\/ul>\n\n\n\n<p><\/p>\n<\/div>\n\n\n\n<div class=\"wp-block-column is-layout-flow wp-block-column-is-layout-flow\">\n<h3 class=\"wp-block-heading has-text-align-center\" id=\"caracteristiques\">caracteristici<\/h3>\n\n\n\n<ul class=\"wp-block-list\">\n<li>Filtrare HEPA sau V-Protect de \u00eenalt\u0103 eficien\u021b\u0103<\/li>\n\n\n\n<li>U\u0219or, doar 16 kg<\/li>\n\n\n\n<li>Ideal pentru suprafe\u021be de p\u00e2n\u0103 la 100 m\u00b2.<\/li>\n\n\n\n<li>Zgomot de func\u021bionare redus<\/li>\n<\/ul>\n<\/div>\n<\/div>\n\n<h2 class=\"wp-block-heading\" id=\"applications\">Aplica\u021bii<\/h2>\n\n<div class=\"wp-block-columns is-layout-flex wp-container-core-columns-is-layout-28f84493 wp-block-columns-is-layout-flex\">\n<div class=\"wp-block-column is-layout-flow wp-block-column-is-layout-flow\">\n<h3 class=\"wp-block-heading has-text-align-center\" id=\"polluants\">Poluan\u021bi<\/h3>\n\n\n\n<div class=\"wp-block-columns is-layout-flex wp-container-core-columns-is-layout-28f84493 wp-block-columns-is-layout-flex\">\n<div class=\"wp-block-column is-layout-flow wp-block-column-is-layout-flow\">\n<figure class=\"wp-block-image aligncenter size-large\"><img decoding=\"async\" width=\"70\" height=\"70\" src=\"https:\/\/obera.fr\/wp-content\/uploads\/2021\/03\/polluants-poussieres-1.jpg\" alt=\"poluan&#x21B;ii de praf 1\" class=\"wp-image-4969\"\/><figcaption class=\"wp-element-caption\">Praf<\/figcaption><\/figure>\n\n\n\n<figure class=\"wp-block-image aligncenter size-thumbnail is-resized\"><img decoding=\"async\" width=\"150\" height=\"150\" src=\"https:\/\/obera.fr\/wp-content\/uploads\/2021\/03\/virus-150x150.jpg\" alt=\"viru&#x219;i &#x219;i bacterii\" class=\"wp-image-4914\" style=\"width:75px;height:75px\"\/><figcaption class=\"wp-element-caption\">Viru\u0219i \u0219i bacterii<\/figcaption><\/figure>\n<\/div>\n\n\n\n<div class=\"wp-block-column is-layout-flow wp-block-column-is-layout-flow\">\n<figure class=\"wp-block-image aligncenter size-large\"><img decoding=\"async\" width=\"70\" height=\"70\" src=\"https:\/\/obera.fr\/wp-content\/uploads\/2020\/10\/industrie-aerosols.jpg\" alt=\"Site de aprobare civic&#x103; - De&#x219;euri\" class=\"wp-image-1201\"\/><figcaption class=\"wp-element-caption\">Aerosoli<\/figcaption><\/figure>\n<\/div>\n<\/div>\n<\/div>\n\n\n\n<div class=\"wp-block-column is-layout-flow wp-block-column-is-layout-flow\">\n<h3 class=\"wp-block-heading has-text-align-center\" id=\"industries\">industrii<\/h3>\n\n\n\n<p class=\"has-text-align-center\">Potrivit \u00een special pentru spa\u021bii mari (ter\u021biare \u0219i ERP), cum ar fi birouri, spa\u021bii deschise, s\u0103li de \u00eent\u00e2lnire, s\u0103li de clas\u0103, s\u0103li de sport, ateliere, laboratoare, magazine, saloane de coafur\u0103, saloane de \u00eenfrumuse\u021bare, saloane de unghii etc.<\/p>\n<\/div>\n<\/div>\n\n<div class=\"wp-block-buttons is-horizontal is-content-justification-center is-layout-flex wp-container-core-buttons-is-layout-03627597 wp-block-buttons-is-layout-flex\">\n<div class=\"wp-block-button has-custom-width wp-block-button__width-100\"><a class=\"wp-block-button__link wp-element-button\" href=\"https:\/\/obera.fr\/ro\/contactati-ne\/\">Afl\u0103 mai multe<\/a><\/div>\n<\/div>\n\n<h2 class=\"wp-block-heading\" id=\"caracteristiques-techniques\">Specifica\u021bii tehnice<\/h2>\n\n<table id=\"tablepress-158\" class=\"tablepress tablepress-id-158\">\n<thead>\n<tr class=\"row-1\">\n\t<th class=\"column-1\">Appareil<\/th><td class=\"column-2\"><\/td><th class=\"column-3\">ePUR05<\/th>\n<\/tr>\n<\/thead>\n<tbody class=\"row-striping row-hover\">\n<tr class=\"row-2\">\n\t<td class=\"column-1\">D\u00e9bit nominal<\/td><td class=\"column-2\">m3\/h<\/td><td class=\"column-3\">500<\/td>\n<\/tr>\n<tr class=\"row-3\">\n\t<td class=\"column-1\">Tension d'alimentation<\/td><td class=\"column-2\">V<\/td><td class=\"column-3\">230<\/td>\n<\/tr>\n<tr class=\"row-4\">\n\t<td class=\"column-1\">Puissance \u00e9l\u00e9ctrique<\/td><td class=\"column-2\">kW<\/td><td class=\"column-3\">0,035<\/td>\n<\/tr>\n<tr class=\"row-5\">\n\t<td class=\"column-1\">Dimensions<\/td><td class=\"column-2\">L\/l\/h (cm)<\/td><td class=\"column-3\"> 32 x 32 x 71<\/td>\n<\/tr>\n<tr class=\"row-6\">\n\t<td class=\"column-1\">Poids<\/td><td class=\"column-2\">kg<\/td><td class=\"column-3\">16<\/td>\n<\/tr>\n<tr class=\"row-7\">\n\t<td class=\"column-1\">Niveau de Bruyance <\/td><td class=\"column-2\">dB(A)<\/td><td class=\"column-3\">47<\/td>\n<\/tr>\n<\/tbody>\n<\/table>\n\n\n<div style=\"height:20px\" aria-hidden=\"true\" class=\"wp-block-spacer\"><\/div>\n\n<h2 class=\"wp-block-heading\" id=\"les-autres-destructeurs-de-virus-et-bacteries\">Al\u021bi viru\u0219i \u0219i bacterii uciga\u0219i<\/h2>\n\n<div class=\"wp-block-columns is-layout-flex wp-container-core-columns-is-layout-28f84493 wp-block-columns-is-layout-flex\">\n<div class=\"wp-block-column is-layout-flow wp-block-column-is-layout-flow\">\n<figure class=\"wp-block-image aligncenter size-medium is-resized\"><a href=\"https:\/\/obera.fr\/produits\/purificateurs-air\/anti-covid-virus-bacteries\/virbox\/\"><img decoding=\"async\" width=\"300\" height=\"300\" src=\"https:\/\/obera.fr\/wp-content\/uploads\/2021\/04\/Virbox_2021-removebg-preview-300x300.png\" alt=\"virbox 2021\" class=\"wp-image-5383\" style=\"width:225px;height:225px\" srcset=\"https:\/\/obera.fr\/wp-content\/uploads\/2021\/04\/Virbox_2021-removebg-preview.png 300w, https:\/\/obera.fr\/wp-content\/uploads\/2021\/04\/Virbox_2021-removebg-preview-150x150.png 150w\" sizes=\"(max-width: 300px) 100vw, 300px\" \/><\/a><figcaption class=\"wp-element-caption\">VIRBOX<\/figcaption><\/figure>\n<\/div>\n\n\n\n<div class=\"wp-block-column is-layout-flow wp-block-column-is-layout-flow\">\n<figure class=\"wp-block-image aligncenter size-medium is-resized\"><a href=\"https:\/\/obera.fr\/ro\/produits\/purificateurs-air\/industriel-epur\/\"><img decoding=\"async\" width=\"300\" height=\"300\" src=\"https:\/\/obera.fr\/wp-content\/uploads\/2021\/04\/Purificateur-dair-ePUR-2020-600-300x300.jpg\" alt=\"Purificatoare de aer OBERA epur\" class=\"wp-image-5340\" style=\"width:225px;height:225px\" srcset=\"https:\/\/obera.fr\/wp-content\/uploads\/2021\/04\/Purificateur-dair-ePUR-2020-600-300x300.jpg 300w, https:\/\/obera.fr\/wp-content\/uploads\/2021\/04\/Purificateur-dair-ePUR-2020-600-150x150.jpg 150w, https:\/\/obera.fr\/wp-content\/uploads\/2021\/04\/Purificateur-dair-ePUR-2020-600.jpg 600w\" sizes=\"(max-width: 300px) 100vw, 300px\" \/><\/a><figcaption class=\"wp-element-caption\">Purificator de aer EPUR<\/figcaption><\/figure>\n<\/div>\n\n\n\n<div class=\"wp-block-column is-layout-flow wp-block-column-is-layout-flow\">\n<figure class=\"wp-block-image aligncenter size-medium is-resized\"><a href=\"https:\/\/obera.fr\/ro\/produits\/purificateurs-air\/epur-b01-ecoprime-purificator-de-aer-cu-praf\/\"><img decoding=\"async\" width=\"300\" height=\"300\" src=\"https:\/\/obera.fr\/wp-content\/uploads\/2021\/04\/ePUR-B01-ecoprime-600-300x300.jpg\" alt=\"Epur B01 Ecoprime\" class=\"wp-image-5342\" style=\"width:225px;height:225px\" srcset=\"https:\/\/obera.fr\/wp-content\/uploads\/2021\/04\/ePUR-B01-ecoprime-600-300x300.jpg 300w, https:\/\/obera.fr\/wp-content\/uploads\/2021\/04\/ePUR-B01-ecoprime-600-150x150.jpg 150w, https:\/\/obera.fr\/wp-content\/uploads\/2021\/04\/ePUR-B01-ecoprime-600.jpg 600w\" sizes=\"(max-width: 300px) 100vw, 300px\" \/><\/a><figcaption class=\"wp-element-caption\">Epur B01 Ecoprime<\/figcaption><\/figure>\n<\/div>\n\n\n\n<div class=\"wp-block-column is-layout-flow wp-block-column-is-layout-flow\"><\/div>\n<\/div>\n\n<p><\/p>\n","protected":false},"excerpt":{"rendered":"<p>Cum func\u021bioneaz\u0103 purificatorul de aer ePUR05 Purificatorul de aer ePUR05 func\u021bioneaz\u0103 simplu \u0219i eficient. Poluan\u021bii sunt aspira\u021bi din partea superioar\u0103 a unit\u0103\u021bii de c\u0103tre un ventilator de \u00eenalt\u0103 eficien\u021b\u0103. Praful trece apoi prin dou\u0103 etape de filtrare, \u00eencep\u00e2nd cu pre-filtrul, care separ\u0103 praful grosier, astfel \u00eenc\u00e2t filtrul principal devine mai eficient \u0219i are o durat\u0103 de via\u021b\u0103 mai lung\u0103. Filtrul principal H13, sau V-protect, este un filtru de foarte \u00eenalt\u0103 precizie, capabil s\u0103 trateze eficient viru\u0219ii \u0219i bacteriile, precum \u0219i praful fin, CMR-urile \u0219i aerosolii. Aerul tratat iese apoi prin partea inferioar\u0103 a unit\u0103\u021bii, cre\u00e2nd o bucl\u0103 de re\u00eennoire a &#8230; <\/p>\n<p class=\"read-more-container\"><a title=\"Purificator de aer ePUR05\" class=\"read-more button\" href=\"https:\/\/obera.fr\/ro\/produits\/purificateurs-air\/purificatoare-de-aer-anti-virus-si-anti-bacteriene-covid-19\/purificator-de-aer-epur05\/#more-44867\" aria-label=\"Cite\u0219te mai multe despre Purificator de aer ePUR05\">Lire la suite<\/a><\/p>\n","protected":false},"author":4,"featured_media":48087,"parent":48083,"menu_order":0,"comment_status":"closed","ping_status":"closed","template":"","meta":{"_acf_changed":false,"_seopress_robots_primary_cat":"","_seopress_titles_title":"Purificator de aer ePUR05 anti-virus \u0219i anti-bacterian","_seopress_titles_desc":"EPUR05 este un purificator de aer conceput pentru a trata viru\u0219ii \u0219i bacteriile, precum \u0219i praful fin, CMR-urile \u0219i aerosolii.","_seopress_robots_index":"","footnotes":""},"class_list":{"0":"post-44867","1":"page","2":"type-page","3":"status-publish","4":"has-post-thumbnail","6":"no-featured-image-padding","7":"resize-featured-image"},"acf":[],"_links":{"self":[{"href":"https:\/\/obera.fr\/ro\/wp-json\/wp\/v2\/pages\/44867","targetHints":{"allow":["GET"]}}],"collection":[{"href":"https:\/\/obera.fr\/ro\/wp-json\/wp\/v2\/pages"}],"about":[{"href":"https:\/\/obera.fr\/ro\/wp-json\/wp\/v2\/types\/page"}],"author":[{"embeddable":true,"href":"https:\/\/obera.fr\/ro\/wp-json\/wp\/v2\/users\/4"}],"replies":[{"embeddable":true,"href":"https:\/\/obera.fr\/ro\/wp-json\/wp\/v2\/comments?post=44867"}],"version-history":[{"count":2,"href":"https:\/\/obera.fr\/ro\/wp-json\/wp\/v2\/pages\/44867\/revisions"}],"predecessor-version":[{"id":48088,"href":"https:\/\/obera.fr\/ro\/wp-json\/wp\/v2\/pages\/44867\/revisions\/48088"}],"up":[{"embeddable":true,"href":"https:\/\/obera.fr\/ro\/wp-json\/wp\/v2\/pages\/48083"}],"wp:featuredmedia":[{"embeddable":true,"href":"https:\/\/obera.fr\/ro\/wp-json\/wp\/v2\/media\/48087"}],"wp:attachment":[{"href":"https:\/\/obera.fr\/ro\/wp-json\/wp\/v2\/media?parent=44867"}],"curies":[{"name":"wp","href":"https:\/\/api.w.org\/{rel}","templated":true}]}}