{"id":44990,"date":"2024-04-05T22:55:29","date_gmt":"2024-04-05T20:55:29","guid":{"rendered":"https:\/\/obera.fr\/aspirator-industrial-w2-xr\/"},"modified":"2025-06-03T10:16:27","modified_gmt":"2025-06-03T08:16:27","slug":"w2-xr-atex-22","status":"publish","type":"page","link":"https:\/\/obera.fr\/ro\/produits\/aspirateurs-industriels\/w2-xr-atex-22\/","title":{"rendered":"Aspirator industrial W2 XR"},"content":{"rendered":"\n<p>Descoperi\u021bi aspiratorul industrial W2 XR pentru aspirarea antideflagrant\u0103 a solidelor \u0219i lichidelor. Echipamente compacte, mobile \u0219i de \u00eenalt\u0103 performan\u021b\u0103 pentru reducerea riscului de aprindere \u0219i explozie \u00een unit\u0103\u021bile dumneavoastr\u0103 de produc\u021bie.<\/p>\n\n\n\n<h2 class=\"wp-block-heading\">Aspirator industrial W2 XR cu certificare ATEX Zona 22: principiu \u0219i aplicare<\/h2>\n\n\n\n<div class=\"wp-block-columns is-layout-flex wp-container-core-columns-is-layout-28f84493 wp-block-columns-is-layout-flex\">\n<div class=\"wp-block-column is-layout-flow wp-block-column-is-layout-flow\" style=\"flex-basis:33.33%\">\n<figure class=\"wp-block-image size-full is-resized\"><img decoding=\"async\" width=\"566\" height=\"671\" src=\"https:\/\/obera.fr\/wp-content\/uploads\/2024\/10\/w2-xr-2.png\" alt=\"Aspiratoare industriale\" class=\"wp-image-35431\" style=\"object-fit:cover;width:300px;height:300px\" srcset=\"https:\/\/obera.fr\/wp-content\/uploads\/2024\/10\/w2-xr-2.png 566w, https:\/\/obera.fr\/wp-content\/uploads\/2024\/10\/w2-xr-2-253x300.png 253w\" sizes=\"(max-width: 566px) 100vw, 566px\" \/><\/figure>\n<\/div>\n\n\n\n<div class=\"wp-block-column is-layout-flow wp-block-column-is-layout-flow\" style=\"flex-basis:66.66%\">\n<p><strong>Aspiratorul industrial umed \u0219i uscat W2 XR<\/strong> este proiectat pentru aspirarea solidelor \u0219i lichidelor rezistente la explozii. Construc\u021bia sa este conceput\u0103 pentru a preveni acumularea de electricitate static\u0103 datorit\u0103 filtrului cu sac din poliester antistatic (protec\u021bia unit\u0103\u021bii de filtrare). Pentru a preveni supra\u00eenc\u0103lzirea, unitatea este echipat\u0103 cu un motor monofazat f\u0103r\u0103 perii, care genereaz\u0103 mai pu\u021bin\u0103 c\u0103ldur\u0103 \u0219i frecare dec\u00e2t un motor cu perii. Acest design este \u00een deplin\u0103 conformitate cu reglement\u0103rile ATEX pentru zonele din clasa 22.   <\/p>\n\n\n\n<p>Pentru ce utiliz\u0103ri? Seria W2 XR este calibrat\u0103 pentru a minimiza riscurile \u00een atmosfere explozive: fabrici de produse chimice, fabrici de prelucrare a alimentelor, fabrici de prelucrare a lemnului, fabrici de prelucrare a metalelor, fabrici de producere a energiei etc. Aspiratorul industrial W2 XR \u00eendepline\u0219te cerin\u021bele tuturor tipurilor de industrii care genereaz\u0103 praf combustibil care este, de asemenea, d\u0103un\u0103tor pentru s\u0103n\u0103tatea operatorilor. <\/p>\n\n\n\n<div class=\"wp-block-columns is-layout-flex wp-container-core-columns-is-layout-28f84493 wp-block-columns-is-layout-flex\">\n<div class=\"wp-block-column is-layout-flow wp-block-column-is-layout-flow\">\n<div class=\"wp-block-buttons is-layout-flex wp-block-buttons-is-layout-flex\">\n<div class=\"wp-block-button\"><a class=\"wp-block-button__link wp-element-button\" href=\"https:\/\/obera.fr\/wp-content\/uploads\/2025\/06\/brochure-w2-xr-en.pdf\">DESC\u0102RCA\u021aI BRO\u0218URA<\/a><\/div>\n<\/div>\n<\/div>\n\n\n\n<div class=\"wp-block-column is-layout-flow wp-block-column-is-layout-flow\">\n<div class=\"wp-block-buttons is-layout-flex wp-block-buttons-is-layout-flex\">\n<div class=\"wp-block-button\"><a class=\"wp-block-button__link wp-element-button\" href=\"https:\/\/obera.fr\/contact\/\">AVE\u021aI NEVOIE DE CONSILIERE PERSONALIZAT\u0102?<\/a><\/div>\n<\/div>\n<\/div>\n\n\n\n<div class=\"wp-block-column is-layout-flow wp-block-column-is-layout-flow\">\n<div class=\"wp-block-buttons is-content-justification-center is-layout-flex wp-container-core-buttons-is-layout-a89b3969 wp-block-buttons-is-layout-flex\">\n<div class=\"wp-block-button btn-devis-source\"><a class=\"wp-block-button__link wp-element-button\" href=\"https:\/\/obera.fr\/ro\/devis\/\">Solicita\u021bi o ofert\u0103<\/a><\/div>\n<\/div>\n\n\n<script>\r\ndocument.addEventListener('DOMContentLoaded', function() {\r\n    \/\/ 1. On cherche le titre H1 de la page\r\n    var h1 = document.querySelector('h1');\r\n    var productTitle = h1 ? h1.innerText.trim() : \"\";\r\n\r\n    \/\/ 2. On cherche les boutons via la classe CSS .btn-devis-source\r\n    var buttons = document.querySelectorAll('.btn-devis-source a');\r\n\r\n    \/\/ 3. Si on a le titre et les boutons, on ajoute le param\u00e8tre\r\n    if (buttons.length > 0 && productTitle !== \"\") {\r\n        var encodedTitle = encodeURIComponent(productTitle);\r\n\r\n        buttons.forEach(function(btn) {\r\n            var currentHref = btn.getAttribute('href');\r\n            \r\n            \/\/ S\u00e9curit\u00e9 pour ne pas ajouter le param\u00e8tre 2 fois\r\n            if (currentHref.indexOf('sujet=') === -1) {\r\n                var separator = currentHref.indexOf('?') !== -1 ? '&' : '?';\r\n                var newLink = currentHref + separator + 'sujet=' + encodedTitle;\r\n                \r\n                btn.setAttribute('href', newLink);\r\n            }\r\n        });\r\n    }\r\n});\r\n<\/script><\/div>\n<\/div>\n<\/div>\n<\/div>\n\n\n\n<h2 class=\"wp-block-heading\">Care sunt specifica\u021biile tehnice ale aspiratorului industrial W2 XR?<\/h2>\n\n\n\n<p>Aspiratorul industrial W2 XR produce un flux de aer de p\u00e2n\u0103 la 215 m3\/h \u0219i o putere nominal\u0103 de 1,1 kW, ceea ce \u00eei confer\u0103 o capacitate mare de aspirare. Acesta este echipat cu un sistem de cur\u0103\u021bare cu deplasare vertical\u0103 pentru o cur\u0103\u021bare u\u0219oar\u0103 \u0219i o durat\u0103 de via\u021b\u0103 maxim\u0103. <a href=\"https:\/\/obera.fr\/ro\/produits\/aspirateurs-industriels\/\" data-type=\"page\" data-id=\"41\">Aspiratorul<\/a> are un rezervor de 40 de litri \u0219i un sistem de golire deta\u0219abil pentru mutarea recipientului la punctul de eliminare a de\u0219eurilor. Pentru a \u00eendeplini cerin\u021bele tuturor industriilor, unit\u0103\u021bile de aspirare, filtrare \u0219i colectare sunt fabricate din o\u021bel inoxidabil.  <\/p>\n\n\n\n<p>\u00cen interior, unitatea de aspirare este izolat\u0103 fonic, iar unitatea de filtrare este protejat\u0103 de un filtru antistatic cu sac din poliester. Sistemul de aspira\u021bie are o intrare cu diametrul de 50 de metri pozi\u021bionat\u0103 sub filtru, care \u00eei permite s\u0103 aspire simultan praf, solide \u0219i lichide.<\/p>\n\n\n\n<p>Bonus pentru profesioni\u0219tii din domeniul cur\u0103\u021beniei: aspiratorul este livrat cu accesorii precum un furtun de aspirare flexibil, o baghet\u0103 telescopic\u0103, perii \u0219i un instrument pentru spa\u021bii \u00eenguste.<\/p>\n\n\n\n<blockquote class=\"wp-block-quote is-layout-flow wp-block-quote-is-layout-flow\">\n<p>Ce op\u021biuni sunt disponibile? Versiunea ATEX a aspiratorului W2 XR are mai multe op\u021biuni pentru a se potrivi nevoilor dvs.: filtru nomex (rezistent la c\u0103ldur\u0103 p\u00e2n\u0103 la 250\u00b0), filtru absolut Hepa H14, co\u0219 pentru accesorii, filtru clasa M, M PTFE, M teflon hidro-oleofob, antistatic clasa L \u0219i M, recipient \u0219i camer\u0103 de filtrare din o\u021bel inoxidabil, \u00eemp\u0103m\u00e2ntare. Cere\u021bi sfatul echipelor noastre cu privire la cele mai potrivite op\u021biuni pentru industria dumneavoastr\u0103.  <\/p>\n<\/blockquote>\n\n\n\n<h3 class=\"wp-block-heading has-text-align-center\">INDUSTRII<\/h3>\n\n\n\n<div class=\"wp-block-columns is-layout-flex wp-container-core-columns-is-layout-28f84493 wp-block-columns-is-layout-flex\">\n<div class=\"wp-block-column is-layout-flow wp-block-column-is-layout-flow\">\n<hr class=\"wp-block-separator has-alpha-channel-opacity\"\/>\n\n\n\n<div class=\"wp-block-columns is-layout-flex wp-container-core-columns-is-layout-28f84493 wp-block-columns-is-layout-flex\">\n<div class=\"wp-block-column is-layout-flow wp-block-column-is-layout-flow\">\n<figure class=\"wp-block-image aligncenter size-thumbnail is-resized\"><img decoding=\"async\" width=\"150\" height=\"150\" src=\"https:\/\/obera.fr\/wp-content\/uploads\/2022\/02\/Textile-150x150.png\" alt=\"textile\" class=\"wp-image-8855\"\/><figcaption class=\"wp-element-caption\">Textile<\/figcaption><\/figure>\n\n\n\n<figure class=\"wp-block-image aligncenter size-thumbnail is-resized\"><img decoding=\"async\" width=\"150\" height=\"150\" src=\"https:\/\/obera.fr\/wp-content\/uploads\/2022\/02\/Plastique-150x150.png\" alt=\"plastic\" class=\"wp-image-8854\"\/><figcaption class=\"wp-element-caption\">Plastic<\/figcaption><\/figure>\n<\/div>\n\n\n\n<div class=\"wp-block-column is-layout-flow wp-block-column-is-layout-flow\">\n<figure class=\"wp-block-image aligncenter size-thumbnail is-resized\"><img decoding=\"async\" width=\"150\" height=\"150\" src=\"https:\/\/obera.fr\/wp-content\/uploads\/2022\/02\/MINERAIS-150x150.png\" alt=\"minereuri\" class=\"wp-image-8847\"\/><figcaption class=\"wp-element-caption\">Minerale<\/figcaption><\/figure>\n\n\n\n<figure class=\"wp-block-image aligncenter size-thumbnail is-resized\"><img decoding=\"async\" width=\"150\" height=\"150\" src=\"https:\/\/obera.fr\/wp-content\/uploads\/2022\/02\/Metalurgie-150x150.png\" alt=\"metalurgie\" class=\"wp-image-8857\"\/><figcaption class=\"wp-element-caption\">Metalurgie<\/figcaption><\/figure>\n\n\n\n<figure class=\"wp-block-image aligncenter size-thumbnail is-resized\"><img decoding=\"async\" width=\"150\" height=\"150\" src=\"https:\/\/obera.fr\/wp-content\/uploads\/2023\/02\/sans-titre-2023-02-14t102211.641-150x150.png\" alt=\"Agricultur\u0103\" class=\"wp-image-18828\"\/><figcaption class=\"wp-element-caption\">Agricultur\u0103<\/figcaption><\/figure>\n<\/div>\n<\/div>\n<\/div>\n\n\n\n<div class=\"wp-block-column is-layout-flow wp-block-column-is-layout-flow\">\n<hr class=\"wp-block-separator has-alpha-channel-opacity\"\/>\n\n\n\n<div class=\"wp-block-columns is-layout-flex wp-container-core-columns-is-layout-28f84493 wp-block-columns-is-layout-flex\">\n<div class=\"wp-block-column is-layout-flow wp-block-column-is-layout-flow\">\n<figure class=\"wp-block-image aligncenter size-thumbnail is-resized\"><img decoding=\"async\" width=\"150\" height=\"150\" src=\"https:\/\/obera.fr\/wp-content\/uploads\/2022\/02\/Chimie-150x150.png\" alt=\"chimie\" class=\"wp-image-8846\"\/><figcaption class=\"wp-element-caption\">Chimie<\/figcaption><\/figure>\n\n\n\n<figure class=\"wp-block-image aligncenter size-thumbnail is-resized\"><img decoding=\"async\" width=\"150\" height=\"150\" src=\"https:\/\/obera.fr\/wp-content\/uploads\/2022\/02\/Travail-du-bois-150x150.png\" alt=\"prelucrarea lemnului\" class=\"wp-image-8856\"\/><figcaption class=\"wp-element-caption\">Prelucrarea lemnului<\/figcaption><\/figure>\n\n\n\n<figure class=\"wp-block-image aligncenter size-thumbnail is-resized\"><img decoding=\"async\" width=\"150\" height=\"150\" src=\"https:\/\/obera.fr\/wp-content\/uploads\/2023\/02\/sans-titre-2023-02-14t101920.185-150x150.png\" alt=\"Avia\u021bie\" class=\"wp-image-18831\"\/><figcaption class=\"wp-element-caption\">Avia\u021bie<\/figcaption><\/figure>\n<\/div>\n\n\n\n<div class=\"wp-block-column is-layout-flow wp-block-column-is-layout-flow\">\n<figure class=\"wp-block-image aligncenter size-thumbnail is-resized\"><img decoding=\"async\" width=\"150\" height=\"150\" src=\"https:\/\/obera.fr\/wp-content\/uploads\/2022\/02\/AGROALIMENTAIRE-150x150.png\" alt=\"agroalimentare\" class=\"wp-image-8844\"\/><figcaption class=\"wp-element-caption\">Industria alimentar\u0103<\/figcaption><\/figure>\n\n\n\n<figure class=\"wp-block-image aligncenter size-thumbnail is-resized\"><img decoding=\"async\" width=\"150\" height=\"150\" src=\"https:\/\/obera.fr\/wp-content\/uploads\/2022\/02\/Papier-carton-150x150.png\" alt=\"h\u00e2rtie \u0219i carton\" class=\"wp-image-8853\"\/><figcaption class=\"wp-element-caption\">H\u00e2rtie\/carton<\/figcaption><\/figure>\n\n\n\n<figure class=\"wp-block-image aligncenter size-thumbnail is-resized\"><img decoding=\"async\" width=\"150\" height=\"150\" src=\"https:\/\/obera.fr\/wp-content\/uploads\/2023\/02\/sans-titre-2023-02-14t101712.416-150x150.png\" alt=\"Automobile\" class=\"wp-image-18834\"\/><figcaption class=\"wp-element-caption\">Automobile<\/figcaption><\/figure>\n<\/div>\n<\/div>\n<\/div>\n<\/div>\n\n\n\n<table id=\"tablepress-198\" class=\"tablepress tablepress-id-198\">\n<tbody class=\"row-striping row-hover\">\n<tr class=\"row-1\">\n\t<td class=\"column-1\">Zones ATEX<\/td><td class=\"column-2\"><\/td><td class=\"column-3\">22<\/td>\n<\/tr>\n<tr class=\"row-2\">\n\t<td class=\"column-1\">Marquage<\/td><td class=\"column-2\"><\/td><td class=\"column-3\">EX II 3D Ex tc IIIB T135\u00b0C X Dc<\/td>\n<\/tr>\n<tr class=\"row-3\">\n\t<td class=\"column-1\">Tension<\/td><td class=\"column-2\">V-HZ<\/td><td class=\"column-3\">230<\/td>\n<\/tr>\n<tr class=\"row-4\">\n\t<td class=\"column-1\">Puissance<\/td><td class=\"column-2\">kW<\/td><td class=\"column-3\">1.1<\/td>\n<\/tr>\n<tr class=\"row-5\">\n\t<td class=\"column-1\">Protection \u00e9lectrique<\/td><td class=\"column-2\">IP<\/td><td class=\"column-3\">55<\/td>\n<\/tr>\n<tr class=\"row-6\">\n\t<td class=\"column-1\">D\u00e9pression maximum<\/td><td class=\"column-2\">Pa<\/td><td class=\"column-3\">2.250 Pa<\/td>\n<\/tr>\n<tr class=\"row-7\">\n\t<td class=\"column-1\">D\u00e9bit d\u2019air max<\/td><td class=\"column-2\">m3\/h<\/td><td class=\"column-3\">215<\/td>\n<\/tr>\n<tr class=\"row-8\">\n\t<td class=\"column-1\">Diam\u00e8tre embouchure<\/td><td class=\"column-2\">mm<\/td><td class=\"column-3\">50<\/td>\n<\/tr>\n<tr class=\"row-9\">\n\t<td class=\"column-1\">Type de filtre<\/td><td class=\"column-2\"><\/td><td class=\"column-3\">\u00c0 poches en \u00e9toile<\/td>\n<\/tr>\n<tr class=\"row-10\">\n\t<td class=\"column-1\">Surface<\/td><td class=\"column-2\">cm2<\/td><td class=\"column-3\">20.000<\/td>\n<\/tr>\n<tr class=\"row-11\">\n\t<td class=\"column-1\">Syst\u00e8me de nettoyage<\/td><td class=\"column-2\"><\/td><td class=\"column-3\">Manuel<\/td>\n<\/tr>\n<tr class=\"row-12\">\n\t<td class=\"column-1\">Bac de r\u00e9colte<\/td><td class=\"column-2\"><\/td><td class=\"column-3\">Acier<\/td>\n<\/tr>\n<tr class=\"row-13\">\n\t<td class=\"column-1\">Syst\u00e8me de vidange<\/td><td class=\"column-2\"><\/td><td class=\"column-3\">Bac d\u00e9crochable<\/td>\n<\/tr>\n<tr class=\"row-14\">\n\t<td class=\"column-1\">Capacit\u00e9<\/td><td class=\"column-2\">litre<\/td><td class=\"column-3\">40<\/td>\n<\/tr>\n<tr class=\"row-15\">\n\t<td class=\"column-1\">Dimensions<\/td><td class=\"column-2\">cm<\/td><td class=\"column-3\">55x63x124<\/td>\n<\/tr>\n<\/tbody>\n<\/table>\n\n\n\n\n<div class=\"wp-block-buttons is-content-justification-center is-layout-flex wp-container-core-buttons-is-layout-a89b3969 wp-block-buttons-is-layout-flex\">\n<div class=\"wp-block-button\"><a class=\"wp-block-button__link wp-element-button\" href=\"https:\/\/obera.fr\/wp-content\/uploads\/2024\/04\/obera_brochure-w2-xr-fr.pdf\">DESC\u0102RCA\u021aI FI\u0218A TEHNIC\u0102 A PRODUSULUI<\/a><\/div>\n<\/div>\n\n\n\n<h2 class=\"wp-block-heading\">Aspirator W2 XR: beneficiile unui aspirator compact, cu filtrare ridicat\u0103<\/h2>\n\n\n\n<p>Aspiratorul industrial W2 XR ofer\u0103 toate avantajele seriei W2, \u0219i anume mobilitate ridicat\u0103 pentru o utilizare u\u0219oar\u0103 \u0219i confortabil\u0103 de c\u0103tre operatori. O c\u0103ptu\u0219eal\u0103 fonoabsorbant\u0103 \u00een jurul motorului pentru a reduce zgomotul c\u00e2t mai mult posibil \u0219i a evita deranjarea echipajelor.  <\/p>\n\n\n\n<p>Versatilitatea sa este \u00een mod evident un criteriu cheie pentru industria\u0219i, deoarece tehnologia sa umed\u0103-uscat\u0103 combinat\u0103 cu conformitatea sa ATEX \u00eenseamn\u0103 c\u0103 poate manipula praf, solide \u0219i lichide antiexplozive. De asemenea, este u\u0219or de \u00eentre\u021binut, datorit\u0103 agitatorului de filtre \u00eencorporat, care face cur\u0103\u021barea u\u0219oar\u0103. Tot ce trebuie s\u0103 fac\u0103 operatorul este s\u0103 activeze maneta de scuturare pentru o cur\u0103\u021bare manual\u0103 instantanee.<\/p>\n\n\n\n<p>\u00cen cele din urm\u0103, principalul avantaj al seriei W2 XR este certificarea sa ATEX Zona 22. Cu acest aspirator industrial, v\u0103 \u00eendeplini\u021bi obliga\u021biile de conformitate. Utilizarea unui aspirator certificat ATEX Zona 22 este esen\u021bial\u0103 pentru a garanta siguran\u021ba echipelor dvs. \u0219i a bunurilor dvs.  <\/p>\n\n\n\n<div class=\"wp-block-columns is-layout-flex wp-container-core-columns-is-layout-28f84493 wp-block-columns-is-layout-flex\">\n<div class=\"wp-block-column is-layout-flow wp-block-column-is-layout-flow\" style=\"flex-basis:33.34%\">\n<h3 class=\"wp-block-heading\">Avantaje :<\/h3>\n\n\n\n<ul class=\"wp-block-list\">\n<li>Aspirator compact \u0219i mobil;<\/li>\n\n\n\n<li>Reducerea riscului de alergii \u0219i boli respiratorii;<\/li>\n\n\n\n<li>\u00cendepline\u0219te cerin\u021bele reglement\u0103rilor ATEX.<\/li>\n<\/ul>\n<\/div>\n\n\n\n<div class=\"wp-block-column is-layout-flow wp-block-column-is-layout-flow\" style=\"flex-basis:33.34%\">\n<h3 class=\"wp-block-heading\">Caracteristici speciale:<\/h3>\n\n\n\n<ul class=\"wp-block-list\">\n<li>\u00cen conformitate cu ATEX Zona 22, aspira\u021bie antideflagrant\u0103 a particulelor, solidelor \u0219i lichidelor.<\/li>\n<\/ul>\n<\/div>\n\n\n\n<div class=\"wp-block-column is-layout-flow wp-block-column-is-layout-flow\" style=\"flex-basis:33.33%\">\n<h3 class=\"wp-block-heading\">Caracteristici :<\/h3>\n\n\n\n<ul class=\"wp-block-list\">\n<li>Filtru antistatic din sac de poliester;<\/li>\n\n\n\n<li>Motor monofazat f\u0103r\u0103 perii ;<\/li>\n\n\n\n<li>Sistem de \u00eenfundare cu indicator luminos.<\/li>\n<\/ul>\n<\/div>\n<\/div>\n\n\n\n<h2 class=\"wp-block-heading\">\u00cenc\u0103 mai ave\u021bi \u00eendoieli cu privire la eficien\u021ba aspiratorului W2 XR pentru industria dumneavoastr\u0103?<\/h2>\n\n\n\n<p>La OberA, \u0219tim c\u0103 nivelul de risc de explozie \u00een zona 22 variaz\u0103 \u00een func\u021bie de o serie de factori: tipul de praf, cantitatea, sursele de aprindere etc. Pentru a adopta solu\u021bia de extrac\u021bie potrivit\u0103, efectu\u0103m un diagnostic \u00een atelierele dvs. \u0219i v\u0103 oferim un test al echipamentului cu o op\u021biune de cump\u0103rare.<\/p>\n\n\n\n<div class=\"wp-block-buttons is-content-justification-center is-layout-flex wp-container-core-buttons-is-layout-a89b3969 wp-block-buttons-is-layout-flex\">\n<div class=\"wp-block-button\"><a class=\"wp-block-button__link wp-element-button\" href=\"https:\/\/obera.fr\/ro\/contact\/\">TESTA\u021aI ASPIRATORUL W2 XR<\/a><\/div>\n<\/div>\n\n\n\n<h2 class=\"wp-block-heading\">Alte aspiratoare industriale din gam\u0103<\/h2>\n\n\n\n<div class=\"wp-block-columns is-layout-flex wp-container-core-columns-is-layout-28f84493 wp-block-columns-is-layout-flex\">\n<div class=\"wp-block-column is-layout-flow wp-block-column-is-layout-flow\">\n<figure class=\"wp-block-image aligncenter size-full is-resized\"><a href=\"https:\/\/obera.fr\/produits\/aspirateurs-industriels\/ventilateurs-aspiration-gamme-eurosog-rg-100-800\/\"><img decoding=\"async\" width=\"600\" height=\"600\" src=\"https:\/\/obera.fr\/wp-content\/uploads\/2024\/04\/obera-ventilateur-aspiration-rg-300-400.jpg\" alt=\"ventilator de aspira\u021bie obera rg 300 400\" class=\"wp-image-29437\" style=\"width:349px;height:auto\" srcset=\"https:\/\/obera.fr\/wp-content\/uploads\/2024\/04\/obera-ventilateur-aspiration-rg-300-400.jpg 600w, https:\/\/obera.fr\/wp-content\/uploads\/2024\/04\/obera-ventilateur-aspiration-rg-300-400-300x300.jpg 300w, https:\/\/obera.fr\/wp-content\/uploads\/2024\/04\/obera-ventilateur-aspiration-rg-300-400-150x150.jpg 150w\" sizes=\"(max-width: 600px) 100vw, 600px\" \/><\/a><figcaption class=\"wp-element-caption\">RG 300\/400<\/figcaption><\/figure>\n<\/div>\n\n\n\n<div class=\"wp-block-column is-layout-flow wp-block-column-is-layout-flow\">\n<figure class=\"wp-block-image aligncenter size-full is-resized\"><a href=\"https:\/\/obera.fr\/produits\/aspirateurs-industriels\/w2-haute-filtration-polyvalence\/\"><img decoding=\"async\" width=\"711\" height=\"622\" src=\"https:\/\/obera.fr\/wp-content\/uploads\/2024\/10\/w2.png\" alt=\"Aspiratoare industriale\" class=\"wp-image-35424\" style=\"object-fit:cover;width:300px;height:300px\" srcset=\"https:\/\/obera.fr\/wp-content\/uploads\/2024\/10\/w2.png 711w, https:\/\/obera.fr\/wp-content\/uploads\/2024\/10\/w2-300x262.png 300w\" sizes=\"(max-width: 711px) 100vw, 711px\" \/><\/a><figcaption class=\"wp-element-caption\">W2<\/figcaption><\/figure>\n<\/div>\n\n\n\n<div class=\"wp-block-column is-layout-flow wp-block-column-is-layout-flow\">\n<figure class=\"wp-block-image aligncenter size-full is-resized\"><a href=\"https:\/\/obera.fr\/produits\/aspirateurs-industriels\/w3-pour-nettoyage-general\/\"><img decoding=\"async\" width=\"658\" height=\"652\" src=\"https:\/\/obera.fr\/wp-content\/uploads\/2024\/10\/w3.png\" alt=\"w3\" class=\"wp-image-35427\" style=\"object-fit:cover;width:300px;height:300px\" srcset=\"https:\/\/obera.fr\/wp-content\/uploads\/2024\/10\/w3.png 658w, https:\/\/obera.fr\/wp-content\/uploads\/2024\/10\/w3-300x297.png 300w, https:\/\/obera.fr\/wp-content\/uploads\/2024\/10\/w3-150x150.png 150w, https:\/\/obera.fr\/wp-content\/uploads\/2024\/10\/w3-24x24.png 24w, https:\/\/obera.fr\/wp-content\/uploads\/2024\/10\/w3-48x48.png 48w, https:\/\/obera.fr\/wp-content\/uploads\/2024\/10\/w3-96x96.png 96w\" sizes=\"(max-width: 658px) 100vw, 658px\" \/><\/a><figcaption class=\"wp-element-caption\">W3<\/figcaption><\/figure>\n<\/div>\n<\/div>\n","protected":false},"excerpt":{"rendered":"<p>Descoperi\u021bi aspiratorul industrial W2 XR pentru aspirarea antideflagrant\u0103 a solidelor \u0219i lichidelor. Echipamente compacte, mobile \u0219i de \u00eenalt\u0103 performan\u021b\u0103 pentru reducerea riscului de aprindere \u0219i explozie \u00een unit\u0103\u021bile dumneavoastr\u0103 de produc\u021bie. Aspirator industrial W2 XR cu certificare ATEX Zona 22: principiu \u0219i aplicare Aspiratorul industrial umed \u0219i uscat W2 XR este proiectat pentru aspirarea solidelor \u0219i lichidelor rezistente la explozii. Construc\u021bia sa este conceput\u0103 pentru a preveni acumularea de electricitate static\u0103 datorit\u0103 filtrului cu sac din poliester antistatic (protec\u021bia unit\u0103\u021bii de filtrare). Pentru a preveni supra\u00eenc\u0103lzirea, unitatea este echipat\u0103 cu un motor monofazat f\u0103r\u0103 perii, care genereaz\u0103 mai pu\u021bin\u0103 c\u0103ldur\u0103 &#8230; <\/p>\n<p class=\"read-more-container\"><a title=\"Aspirator industrial W2 XR\" class=\"read-more button\" href=\"https:\/\/obera.fr\/ro\/produits\/aspirateurs-industriels\/w2-xr-atex-22\/#more-44990\" aria-label=\"Cite\u0219te mai multe despre Aspirator industrial W2 XR\">Lire la suite<\/a><\/p>\n","protected":false},"author":4,"featured_media":83748,"parent":48471,"menu_order":0,"comment_status":"closed","ping_status":"closed","template":"","meta":{"_acf_changed":false,"_seopress_robots_primary_cat":"","_seopress_titles_title":"Aspirator industrial W2 XR ATEX 22 oberA","_seopress_titles_desc":"Compact \u0219i performant, descoperi\u021bi seria W2 XR pentru aspirarea solidelor \u0219i a lichidelor rezistente la explozii. Echipamente pe care le pute\u021bi testa cu op\u021biune de cump\u0103rare datorit\u0103 OberA.","_seopress_robots_index":"","footnotes":""},"class_list":{"0":"post-44990","1":"page","2":"type-page","3":"status-publish","4":"has-post-thumbnail","6":"no-featured-image-padding","7":"resize-featured-image"},"acf":[],"_links":{"self":[{"href":"https:\/\/obera.fr\/ro\/wp-json\/wp\/v2\/pages\/44990","targetHints":{"allow":["GET"]}}],"collection":[{"href":"https:\/\/obera.fr\/ro\/wp-json\/wp\/v2\/pages"}],"about":[{"href":"https:\/\/obera.fr\/ro\/wp-json\/wp\/v2\/types\/page"}],"author":[{"embeddable":true,"href":"https:\/\/obera.fr\/ro\/wp-json\/wp\/v2\/users\/4"}],"replies":[{"embeddable":true,"href":"https:\/\/obera.fr\/ro\/wp-json\/wp\/v2\/comments?post=44990"}],"version-history":[{"count":8,"href":"https:\/\/obera.fr\/ro\/wp-json\/wp\/v2\/pages\/44990\/revisions"}],"predecessor-version":[{"id":107189,"href":"https:\/\/obera.fr\/ro\/wp-json\/wp\/v2\/pages\/44990\/revisions\/107189"}],"up":[{"embeddable":true,"href":"https:\/\/obera.fr\/ro\/wp-json\/wp\/v2\/pages\/48471"}],"wp:featuredmedia":[{"embeddable":true,"href":"https:\/\/obera.fr\/ro\/wp-json\/wp\/v2\/media\/83748"}],"wp:attachment":[{"href":"https:\/\/obera.fr\/ro\/wp-json\/wp\/v2\/media?parent=44990"}],"curies":[{"name":"wp","href":"https:\/\/api.w.org\/{rel}","templated":true}]}}