{"id":45281,"date":"2024-04-05T23:01:46","date_gmt":"2024-04-05T21:01:46","guid":{"rendered":"https:\/\/obera.fr\/w3-aspirator-industrial\/"},"modified":"2025-06-03T11:13:39","modified_gmt":"2025-06-03T09:13:39","slug":"w3-pour-nettoyage-general","status":"publish","type":"page","link":"https:\/\/obera.fr\/ro\/produits\/aspirateurs-industriels\/w3-pour-nettoyage-general\/","title":{"rendered":"W3 aspirator industrial"},"content":{"rendered":"\n<p>O <a href=\"https:\/\/obera.fr\/ro\/produits\/aspirateurs-industriels\/\" data-type=\"page\" data-id=\"41\">solu\u021bie de aspirare<\/a> de \u00eenalt\u0103 performan\u021b\u0103, u\u0219or de utilizat, aspiratorul industrial W3 este o solu\u021bie esen\u021bial\u0103 de cur\u0103\u021bare general\u0103, care poate fi adaptat\u0103 pentru a se potrivi oric\u0103rei nevoi.<\/p>\n\n\n\n<h2 class=\"wp-block-heading\">Principiul \u0219i aplicarea aspiratorului industrial W3<\/h2>\n\n\n\n<div class=\"wp-block-columns is-layout-flex wp-container-core-columns-is-layout-28f84493 wp-block-columns-is-layout-flex\">\n<div class=\"wp-block-column is-layout-flow wp-block-column-is-layout-flow\" style=\"flex-basis:33.33%\">\n<figure class=\"wp-block-image aligncenter size-full is-resized\"><img decoding=\"async\" width=\"658\" height=\"652\" src=\"https:\/\/obera.fr\/wp-content\/uploads\/2024\/10\/w3.png\" alt=\"Aspiratoare industriale\" class=\"wp-image-35427\" style=\"object-fit:cover;width:300px;height:300px\" srcset=\"https:\/\/obera.fr\/wp-content\/uploads\/2024\/10\/w3.png 658w, https:\/\/obera.fr\/wp-content\/uploads\/2024\/10\/w3-300x297.png 300w, https:\/\/obera.fr\/wp-content\/uploads\/2024\/10\/w3-150x150.png 150w, https:\/\/obera.fr\/wp-content\/uploads\/2024\/10\/w3-24x24.png 24w, https:\/\/obera.fr\/wp-content\/uploads\/2024\/10\/w3-48x48.png 48w, https:\/\/obera.fr\/wp-content\/uploads\/2024\/10\/w3-96x96.png 96w\" sizes=\"(max-width: 658px) 100vw, 658px\" \/><\/figure>\n<\/div>\n\n\n\n<div class=\"wp-block-column is-layout-flow wp-block-column-is-layout-flow\" style=\"flex-basis:66.66%\">\n<p><strong>Aspiratorul industrial W3<\/strong> este renumit pentru versatilitatea \u0219i func\u021bionarea sa silen\u021bioas\u0103. Dispune de trei motoare by-pass puternice care aspir\u0103 aerul \u0219i \u00eel \u00eempart \u00een dou\u0103 fluxuri: un flux este utilizat pentru r\u0103cirea motorului, iar al doilea pentru aspirarea prafului \u0219i a solidelor. Acest sistem de aspira\u021bie nu numai c\u0103 \u00eempiedic\u0103 \u00eenfundarea motorului, dar re\u021bine \u0219i particulele fine prin trecerea fluxului de aer prin filtrul de praf. Motoarele by-pass din seria W3 ofer\u0103 o putere mare de aspirare, mai pu\u021bin\u0103 \u00eentre\u021binere \u0219i o durat\u0103 de via\u021b\u0103 mai lung\u0103 a echipamentului (risc mai mic de supra\u00eenc\u0103lzire \u0219i \u00eenfundare).   <\/p>\n\n\n\n<p>Pentru ce este? Versatil, agil \u0219i practic, aspiratorul monofazat W3 este ideal pentru cur\u0103\u021barea general\u0103: cur\u0103\u021barea podelelor, pere\u021bilor, \u0219antierelor, atelierelor, ma\u0219inilor de produc\u021bie etc. De asemenea, este o alegere excelent\u0103 pentru aspirarea prafului fin \u0219i a particulelor alergene. Construc\u021bia sa \u0219i gama larg\u0103 de op\u021biuni de personalizare \u00eel fac u\u0219or de adaptat la toate sectoarele industriale. Este deosebit de eficient pentru aspirarea prafului \u0219i a solidelor \u00een ateliere mecanice, \u00eentreprinderi de procesare a alimentelor, t\u00e2mpl\u0103rii, ateliere me\u0219te\u0219ug\u0103re\u0219ti, sablare, fabrici de ciment \u0219i tratarea suprafe\u021belor.   <\/p>\n\n\n\n<div class=\"wp-block-columns is-layout-flex wp-container-core-columns-is-layout-28f84493 wp-block-columns-is-layout-flex\">\n<div class=\"wp-block-column is-layout-flow wp-block-column-is-layout-flow\">\n<div class=\"wp-block-buttons is-layout-flex wp-block-buttons-is-layout-flex\">\n<div class=\"wp-block-button\"><a class=\"wp-block-button__link wp-element-button\" href=\"https:\/\/obera.fr\/wp-content\/uploads\/2025\/06\/brochure-w3-en.pdf\">DESC\u0102RCA\u021aI BRO\u0218URA<\/a><\/div>\n<\/div>\n<\/div>\n\n\n\n<div class=\"wp-block-column is-layout-flow wp-block-column-is-layout-flow\">\n<div class=\"wp-block-buttons is-layout-flex wp-block-buttons-is-layout-flex\">\n<div class=\"wp-block-button\"><a class=\"wp-block-button__link wp-element-button\" href=\"https:\/\/obera.fr\/contact\/\">AVE\u021aI NEVOIE DE CONSILIERE PERSONALIZAT\u0102?<\/a><\/div>\n<\/div>\n<\/div>\n\n\n\n<div class=\"wp-block-column is-layout-flow wp-block-column-is-layout-flow\">\n<div class=\"wp-block-buttons is-content-justification-center is-layout-flex wp-container-core-buttons-is-layout-a89b3969 wp-block-buttons-is-layout-flex\">\n<div class=\"wp-block-button btn-devis-source\"><a class=\"wp-block-button__link wp-element-button\" href=\"https:\/\/obera.fr\/ro\/devis\/\">Solicita\u021bi o ofert\u0103<\/a><\/div>\n<\/div>\n\n\n<script>\r\ndocument.addEventListener('DOMContentLoaded', function() {\r\n    \/\/ 1. On cherche le titre H1 de la page\r\n    var h1 = document.querySelector('h1');\r\n    var productTitle = h1 ? h1.innerText.trim() : \"\";\r\n\r\n    \/\/ 2. On cherche les boutons via la classe CSS .btn-devis-source\r\n    var buttons = document.querySelectorAll('.btn-devis-source a');\r\n\r\n    \/\/ 3. Si on a le titre et les boutons, on ajoute le param\u00e8tre\r\n    if (buttons.length > 0 && productTitle !== \"\") {\r\n        var encodedTitle = encodeURIComponent(productTitle);\r\n\r\n        buttons.forEach(function(btn) {\r\n            var currentHref = btn.getAttribute('href');\r\n            \r\n            \/\/ S\u00e9curit\u00e9 pour ne pas ajouter le param\u00e8tre 2 fois\r\n            if (currentHref.indexOf('sujet=') === -1) {\r\n                var separator = currentHref.indexOf('?') !== -1 ? '&' : '?';\r\n                var newLink = currentHref + separator + 'sujet=' + encodedTitle;\r\n                \r\n                btn.setAttribute('href', newLink);\r\n            }\r\n        });\r\n    }\r\n});\r\n<\/script><\/div>\n<\/div>\n<\/div>\n<\/div>\n\n\n\n<h2 class=\"wp-block-heading\">Cur\u0103\u021benie general\u0103: caracteristicile aspiratorului W3<\/h2>\n\n\n\n<p>Aspiratorul industrial W3 este disponibil \u00een dou\u0103 versiuni. Acesta este echipat cu 3 motoare monofazate de 1,1 kW \u00een versiunea de 65 de litri \u0219i de 1,3 kW \u00een versiunea de 100 de litri. Aceast\u0103 caracteristic\u0103 tehnic\u0103 specific\u0103 face ca ma\u0219ina s\u0103 fie deosebit de eficient\u0103 pentru aspirarea materialelor cu o greutate specific\u0103 ridicat\u0103 (pietri\u0219, nisip, cuie, \u0219uruburi, resturi de sticl\u0103). Aspiratorul ofer\u0103 un vid maxim \u00eentre 2.400 \u0219i 3.600 Pa \u0219i un debit maxim \u00eentre 540 m3\/h \u0219i 450 m3\/h, \u00een func\u021bie de versiunea aleas\u0103.<\/p>\n\n\n\n<p>\u00cen ciuda celor 3 motoare by-pass, aspiratorul industrial W3 este silen\u021bios. Unitatea de aspirare este izolat\u0103 fonic pentru a reduce zgomotul la minimum.<\/p>\n\n\n\n<p>Dispozitivul de aspirare robust are un cap solid din o\u021bel. Unitatea de filtrare este, de asemenea, fabricat\u0103 din o\u021bel inoxidabil (camera de filtrare), la fel ca \u0219i tava cu ro\u021bi \u0219i \u0219asiul acesteia.  <\/p>\n\n\n\n<p>\u00cen cele din urm\u0103, unitatea de filtrare este prev\u0103zut\u0103 cu un filtru cu sac din poliester pentru protec\u021bie \u0219i reten\u021bie ridicat\u0103 a prafului. Suprafa\u021ba mare de 2m2 \u0219i eficien\u021ba ridicat\u0103 a filtr\u0103rii (3 microni) garanteaz\u0103, de asemenea, puritatea aerului evacuat.<\/p>\n\n\n\n<p>Aspiratorul W3 include accesorii dedicate profesioni\u0219tilor din domeniul cur\u0103\u021beniei: furtun de aspirare flexibil, perii, unealt\u0103 pentru crevase etc.<\/p>\n\n\n\n<blockquote class=\"wp-block-quote is-layout-flow wp-block-quote-is-layout-flow\">\n<p>Versiuni disponibile: aspiratorul industrial W3 este disponibil \u00een dou\u0103 versiuni! Unul cu o capacitate de 65 de litri, al doilea cu o capacitate de 100 de litri. De asemenea, este disponibil cu 3 motoare monofazate, cu 3 trepte, pentru a gestiona aspirarea materialelor cu o greutate specific\u0103 ridicat\u0103.<\/p>\n<\/blockquote>\n\n\n\n<h3 class=\"wp-block-heading has-text-align-center\">Op\u021bional<\/h3>\n\n\n\n<div class=\"wp-block-columns is-layout-flex wp-container-core-columns-is-layout-28f84493 wp-block-columns-is-layout-flex\">\n<div class=\"wp-block-column is-layout-flow wp-block-column-is-layout-flow\" style=\"flex-basis:50%\">\n<ul class=\"wp-block-list\">\n<li>Filtru Nomex &#8211; rezistent la c\u0103ldur\u0103 p\u00e2n\u0103 la 250\u00b0;<\/li>\n\n\n\n<li>Filtru absolut Hepa H14 ;<\/li>\n\n\n\n<li>Clasa M filtru PTFE ;<\/li>\n\n\n\n<li>Filtru de teflon hidro-oleofob clasa M ;  <\/li>\n\n\n\n<li>Filtru antistatic clasa M ;<\/li>\n<\/ul>\n<\/div>\n\n\n\n<div class=\"wp-block-column is-layout-flow wp-block-column-is-layout-flow\" style=\"flex-basis:50%\">\n<ul class=\"wp-block-list\">\n<li>Recipient \u0219i camer\u0103 de filtrare din o\u021bel inoxidabil;<\/li>\n\n\n\n<li>\u00cemp\u0103m\u00e2ntare ;<\/li>\n\n\n\n<li>Co\u0219 gr\u0103tar cu supap\u0103 de desc\u0103rcare \u0219i indicator de nivel;<\/li>\n\n\n\n<li>Bagging container lung mat 20mt ;<\/li>\n\n\n\n<li>Ciclon pentru protec\u021bia filtrului.<\/li>\n<\/ul>\n<\/div>\n<\/div>\n\n\n\n<h3 class=\"wp-block-heading has-text-align-center\">INDUSTRII<\/h3>\n\n\n\n<div class=\"wp-block-columns is-layout-flex wp-container-core-columns-is-layout-28f84493 wp-block-columns-is-layout-flex\">\n<div class=\"wp-block-column is-layout-flow wp-block-column-is-layout-flow\">\n<hr class=\"wp-block-separator has-alpha-channel-opacity\"\/>\n\n\n\n<div class=\"wp-block-columns is-layout-flex wp-container-core-columns-is-layout-28f84493 wp-block-columns-is-layout-flex\">\n<div class=\"wp-block-column is-layout-flow wp-block-column-is-layout-flow\">\n<figure class=\"wp-block-image aligncenter size-thumbnail is-resized\"><img decoding=\"async\" width=\"150\" height=\"150\" src=\"https:\/\/obera.fr\/wp-content\/uploads\/2022\/02\/Textile-150x150.png\" alt=\"textile\" class=\"wp-image-8855\"\/><figcaption class=\"wp-element-caption\">Textile<\/figcaption><\/figure>\n\n\n\n<figure class=\"wp-block-image aligncenter size-thumbnail is-resized\"><img decoding=\"async\" width=\"150\" height=\"150\" src=\"https:\/\/obera.fr\/wp-content\/uploads\/2022\/02\/Plastique-150x150.png\" alt=\"plastic\" class=\"wp-image-8854\"\/><figcaption class=\"wp-element-caption\">Plastic<\/figcaption><\/figure>\n<\/div>\n\n\n\n<div class=\"wp-block-column is-layout-flow wp-block-column-is-layout-flow\">\n<figure class=\"wp-block-image aligncenter size-thumbnail is-resized\"><img decoding=\"async\" width=\"150\" height=\"150\" src=\"https:\/\/obera.fr\/wp-content\/uploads\/2022\/02\/MINERAIS-150x150.png\" alt=\"minereuri\" class=\"wp-image-8847\"\/><figcaption class=\"wp-element-caption\">Minerale<\/figcaption><\/figure>\n\n\n\n<figure class=\"wp-block-image aligncenter size-thumbnail is-resized\"><img decoding=\"async\" width=\"150\" height=\"150\" src=\"https:\/\/obera.fr\/wp-content\/uploads\/2022\/02\/Metalurgie-150x150.png\" alt=\"metalurgie\" class=\"wp-image-8857\"\/><figcaption class=\"wp-element-caption\">Metalurgie<\/figcaption><\/figure>\n\n\n\n<figure class=\"wp-block-image aligncenter size-thumbnail is-resized\"><img decoding=\"async\" width=\"150\" height=\"150\" src=\"https:\/\/obera.fr\/wp-content\/uploads\/2023\/02\/sans-titre-2023-02-14t102211.641-150x150.png\" alt=\"Agricultur\u0103\" class=\"wp-image-18828\"\/><figcaption class=\"wp-element-caption\">Agricultur\u0103<\/figcaption><\/figure>\n<\/div>\n<\/div>\n<\/div>\n\n\n\n<div class=\"wp-block-column is-layout-flow wp-block-column-is-layout-flow\">\n<hr class=\"wp-block-separator has-alpha-channel-opacity\"\/>\n\n\n\n<div class=\"wp-block-columns is-layout-flex wp-container-core-columns-is-layout-28f84493 wp-block-columns-is-layout-flex\">\n<div class=\"wp-block-column is-layout-flow wp-block-column-is-layout-flow\">\n<figure class=\"wp-block-image aligncenter size-thumbnail is-resized\"><img decoding=\"async\" width=\"150\" height=\"150\" src=\"https:\/\/obera.fr\/wp-content\/uploads\/2022\/02\/Chimie-150x150.png\" alt=\"chimie\" class=\"wp-image-8846\"\/><figcaption class=\"wp-element-caption\">Chimie<\/figcaption><\/figure>\n\n\n\n<figure class=\"wp-block-image aligncenter size-thumbnail is-resized\"><img decoding=\"async\" width=\"150\" height=\"150\" src=\"https:\/\/obera.fr\/wp-content\/uploads\/2022\/02\/Travail-du-bois-150x150.png\" alt=\"prelucrarea lemnului\" class=\"wp-image-8856\"\/><figcaption class=\"wp-element-caption\">Prelucrarea lemnului<\/figcaption><\/figure>\n\n\n\n<figure class=\"wp-block-image aligncenter size-thumbnail is-resized\"><img decoding=\"async\" width=\"150\" height=\"150\" src=\"https:\/\/obera.fr\/wp-content\/uploads\/2023\/02\/sans-titre-2023-02-14t101920.185-150x150.png\" alt=\"Avia\u021bie\" class=\"wp-image-18831\"\/><figcaption class=\"wp-element-caption\">Avia\u021bie<\/figcaption><\/figure>\n<\/div>\n\n\n\n<div class=\"wp-block-column is-layout-flow wp-block-column-is-layout-flow\">\n<figure class=\"wp-block-image aligncenter size-thumbnail is-resized\"><img decoding=\"async\" width=\"150\" height=\"150\" src=\"https:\/\/obera.fr\/wp-content\/uploads\/2022\/02\/AGROALIMENTAIRE-150x150.png\" alt=\"agroalimentare\" class=\"wp-image-8844\"\/><figcaption class=\"wp-element-caption\">Industria alimentar\u0103<\/figcaption><\/figure>\n\n\n\n<figure class=\"wp-block-image aligncenter size-thumbnail is-resized\"><img decoding=\"async\" width=\"150\" height=\"150\" src=\"https:\/\/obera.fr\/wp-content\/uploads\/2022\/02\/Papier-carton-150x150.png\" alt=\"h\u00e2rtie \u0219i carton\" class=\"wp-image-8853\"\/><figcaption class=\"wp-element-caption\">H\u00e2rtie\/carton<\/figcaption><\/figure>\n\n\n\n<figure class=\"wp-block-image aligncenter size-thumbnail is-resized\"><img decoding=\"async\" width=\"150\" height=\"150\" src=\"https:\/\/obera.fr\/wp-content\/uploads\/2023\/02\/sans-titre-2023-02-14t101712.416-150x150.png\" alt=\"Automobile\" class=\"wp-image-18834\"\/><figcaption class=\"wp-element-caption\">Automobile<\/figcaption><\/figure>\n<\/div>\n<\/div>\n<\/div>\n<\/div>\n\n\n\n<figure class=\"wp-block-table\"><table class=\"has-fixed-layout\"><tbody><tr><td>Tensiune<\/td><td>V-HZ<\/td><td>230<\/td><td>230-50<\/td><\/tr><tr><td>Putere<\/td><td>kW<\/td><td>3&#215;1.1<\/td><td>3&#215;1.3<\/td><\/tr><tr><td>Depresie maxim\u0103<\/td><td>Pa<\/td><td>2,400 Pa<\/td><td>3,600 Pa<\/td><\/tr><tr><td>Debit maxim de aer<\/td><td>m3\/h<\/td><td>540<\/td><td>450<\/td><\/tr><tr><td>Diametrul piesei bucale<\/td><td>mm<\/td><td>80<\/td><td>80<\/td><\/tr><tr><td>Tip de filtru<\/td><td><\/td><td>Cu buzunare stea<\/td><td>Cu buzunare stea<\/td><\/tr><tr><td>Suprafa\u021b\u0103<\/td><td>cm2<\/td><td>20.000<\/td><td>20.000<\/td><\/tr><tr><td>Sistem de cur\u0103\u021bare<\/td><td><\/td><td>Manuel<\/td><td>Manuel<\/td><\/tr><tr><td>Co\u0219 de recoltare<\/td><td><\/td><td>O\u021bel<\/td><td>O\u021bel<\/td><\/tr><tr><td>Sistem de scurgere<\/td><td><\/td><td>Co\u0219 deta\u0219abil<\/td><td>Co\u0219 deta\u0219abil<\/td><\/tr><tr><td>Capacitate<\/td><td>litru<\/td><td>65\/100<\/td><td>65\/100<\/td><\/tr><tr><td>Dimensiuni<\/td><td>cm<\/td><td>58x60x135cm<\/td><td>58x60x145cm<\/td><\/tr><tr><td>Echipament de filtrare &#8211; clas\u0103<\/td><td><\/td><td><\/td><td>Poliester-L<\/td><\/tr><\/tbody><\/table><\/figure>\n\n\n\n<div class=\"wp-block-buttons is-content-justification-center is-layout-flex wp-container-core-buttons-is-layout-a89b3969 wp-block-buttons-is-layout-flex\">\n<div class=\"wp-block-button\"><a class=\"wp-block-button__link wp-element-button\" href=\"https:\/\/obera.fr\/wp-content\/uploads\/2024\/04\/obera_brochure-w3-fr.pdf\">DESC\u0102RCA\u021aI FI\u0218A TEHNIC\u0102 A PRODUSULUI<\/a><\/div>\n<\/div>\n\n\n\n<h2 class=\"wp-block-heading\">Beneficiile aspiratorului W3<\/h2>\n\n\n\n<p>Seria W3 este deosebit de popular\u0103 pentru u\u0219urin\u021ba sa de utilizare. Totul este conceput pentru a simplifica c\u00e2t mai mult posibil serviciul de cur\u0103\u021bare general\u0103 al operatorului. Dispune de un vacuummetru cu indicator luminos pentru a detecta orice satura\u021bie a filtrului. Exist\u0103 dou\u0103 m\u00e2nere pe capul motorului pentru o ridicare u\u0219oar\u0103 la schimbarea filtrului. Aspiratorul monofazat are, de asemenea, un sistem manual de deblocare care poate fi activat prin ap\u0103sarea unui comutator, astfel \u00eenc\u00e2t tehnicienii de suprafa\u021b\u0103 s\u0103 se poat\u0103 bucura de performan\u021be maxime de aspirare.<\/p>\n\n\n\n<div class=\"wp-block-columns is-layout-flex wp-container-core-columns-is-layout-28f84493 wp-block-columns-is-layout-flex\">\n<div class=\"wp-block-column is-layout-flow wp-block-column-is-layout-flow\" style=\"flex-basis:33.34%\">\n<h3 class=\"wp-block-heading\">Avantaje :<\/h3>\n\n\n\n<ul class=\"wp-block-list\">\n<li>Vacuometru cu indicator luminos pentru a anticipa saturarea filtrului;<\/li>\n\n\n\n<li>Evacuarea aerului \u00een jos ;<\/li>\n\n\n\n<li>Compact, mobil \u0219i u\u0219or de manevrat;<\/li>\n\n\n\n<li>Versatil \u0219i silen\u021bios.<\/li>\n<\/ul>\n<\/div>\n\n\n\n<div class=\"wp-block-column is-layout-flow wp-block-column-is-layout-flow\" style=\"flex-basis:33.34%\">\n<h3 class=\"wp-block-heading\">Caracteristici speciale:<\/h3>\n\n\n\n<ul class=\"wp-block-list\">\n<li>Trei motoare monofazate \u00een deriv\u0103 cu comutatoare independente;<\/li>\n\n\n\n<li>Poliester stea filtru ;<\/li>\n\n\n\n<li>Gam\u0103 larg\u0103 de filtre disponibile.<\/li>\n<\/ul>\n<\/div>\n\n\n\n<div class=\"wp-block-column is-layout-flow wp-block-column-is-layout-flow\" style=\"flex-basis:33.33%\">\n<h3 class=\"wp-block-heading\">Caracteristici :<\/h3>\n\n\n\n<ul class=\"wp-block-list\">\n<li>Disponibil \u00een versiuni de 65 litri sau 100 litri;<\/li>\n\n\n\n<li>Versiune cu 3 trepte disponibil\u0103;<\/li>\n\n\n\n<li>Protec\u021bia unit\u0103\u021bii de aspirare cu filtrul s\u0103u stelar (poliester).<\/li>\n<\/ul>\n<\/div>\n<\/div>\n\n\n\n<h2 class=\"wp-block-heading\">Testa\u021bi aspiratorul industrial monofazat pentru cur\u0103\u021benie general\u0103<\/h2>\n\n\n\n<p>Oferim un test la scar\u0103 real\u0103 \u00een atelierele dvs., cu op\u021biunea de cump\u0103rare pe o perioad\u0103 medie de o lun\u0103.<\/p>\n\n\n\n<div class=\"wp-block-buttons is-content-justification-center is-layout-flex wp-container-core-buttons-is-layout-a89b3969 wp-block-buttons-is-layout-flex\">\n<div class=\"wp-block-button\"><a class=\"wp-block-button__link wp-element-button\" href=\"https:\/\/obera.fr\/ro\/contact\/\">TESTA\u021aI ASPIRATORUL W2<\/a><\/div>\n<\/div>\n\n\n\n<h2 class=\"wp-block-heading\">Alte aspiratoare industriale din gam\u0103<\/h2>\n\n\n\n<div class=\"wp-block-columns is-layout-flex wp-container-core-columns-is-layout-28f84493 wp-block-columns-is-layout-flex\">\n<div class=\"wp-block-column is-layout-flow wp-block-column-is-layout-flow\">\n<figure class=\"wp-block-image aligncenter size-full is-resized\"><a href=\"https:\/\/obera.fr\/produits\/aspirateurs-industriels\/w2-xr-atex-22\/\"><img decoding=\"async\" width=\"566\" height=\"671\" src=\"https:\/\/obera.fr\/wp-content\/uploads\/2024\/10\/w2-xr-2.png\" alt=\"Aspiratoare industriale\" class=\"wp-image-35431\" style=\"object-fit:cover;width:300px;height:300px\" srcset=\"https:\/\/obera.fr\/wp-content\/uploads\/2024\/10\/w2-xr-2.png 566w, https:\/\/obera.fr\/wp-content\/uploads\/2024\/10\/w2-xr-2-253x300.png 253w\" sizes=\"(max-width: 566px) 100vw, 566px\" \/><\/a><figcaption class=\"wp-element-caption\">W2 XR<\/figcaption><\/figure>\n<\/div>\n\n\n\n<div class=\"wp-block-column is-layout-flow wp-block-column-is-layout-flow\">\n<figure class=\"wp-block-image aligncenter size-full is-resized\"><a href=\"https:\/\/obera.fr\/produits\/aspirateurs-industriels\/w2-haute-filtration-polyvalence\/\"><img decoding=\"async\" width=\"711\" height=\"622\" src=\"https:\/\/obera.fr\/wp-content\/uploads\/2024\/10\/w2.png\" alt=\"Aspiratoare industriale\" class=\"wp-image-35424\" style=\"width:343px;height:auto\" srcset=\"https:\/\/obera.fr\/wp-content\/uploads\/2024\/10\/w2.png 711w, https:\/\/obera.fr\/wp-content\/uploads\/2024\/10\/w2-300x262.png 300w\" sizes=\"(max-width: 711px) 100vw, 711px\" \/><\/a><figcaption class=\"wp-element-caption\">W2<\/figcaption><\/figure>\n<\/div>\n\n\n\n<div class=\"wp-block-column is-layout-flow wp-block-column-is-layout-flow\">\n<figure class=\"wp-block-image aligncenter size-full is-resized\"><a href=\"https:\/\/obera.fr\/produits\/aspirateurs-industriels\/ventilateurs-aspiration-gamme-eurosog-rg-100-800\/\"><img decoding=\"async\" width=\"600\" height=\"600\" src=\"https:\/\/obera.fr\/wp-content\/uploads\/2024\/04\/obera-ventilateur-aspiration-rg-300-400.jpg\" alt=\"ventilator de aspira\u021bie obera rg 300 400\" class=\"wp-image-29437\" style=\"object-fit:cover;width:300px;height:300px\" srcset=\"https:\/\/obera.fr\/wp-content\/uploads\/2024\/04\/obera-ventilateur-aspiration-rg-300-400.jpg 600w, https:\/\/obera.fr\/wp-content\/uploads\/2024\/04\/obera-ventilateur-aspiration-rg-300-400-300x300.jpg 300w, https:\/\/obera.fr\/wp-content\/uploads\/2024\/04\/obera-ventilateur-aspiration-rg-300-400-150x150.jpg 150w\" sizes=\"(max-width: 600px) 100vw, 600px\" \/><\/a><figcaption class=\"wp-element-caption\">RG 300\/400<\/figcaption><\/figure>\n<\/div>\n<\/div>\n","protected":false},"excerpt":{"rendered":"<p>O solu\u021bie de aspirare de \u00eenalt\u0103 performan\u021b\u0103, u\u0219or de utilizat, aspiratorul industrial W3 este o solu\u021bie esen\u021bial\u0103 de cur\u0103\u021bare general\u0103, care poate fi adaptat\u0103 pentru a se potrivi oric\u0103rei nevoi. Principiul \u0219i aplicarea aspiratorului industrial W3 Aspiratorul industrial W3 este renumit pentru versatilitatea \u0219i func\u021bionarea sa silen\u021bioas\u0103. Dispune de trei motoare by-pass puternice care aspir\u0103 aerul \u0219i \u00eel \u00eempart \u00een dou\u0103 fluxuri: un flux este utilizat pentru r\u0103cirea motorului, iar al doilea pentru aspirarea prafului \u0219i a solidelor. Acest sistem de aspira\u021bie nu numai c\u0103 \u00eempiedic\u0103 \u00eenfundarea motorului, dar re\u021bine \u0219i particulele fine prin trecerea fluxului de aer prin filtrul &#8230; <\/p>\n<p class=\"read-more-container\"><a title=\"W3 aspirator industrial\" class=\"read-more button\" href=\"https:\/\/obera.fr\/ro\/produits\/aspirateurs-industriels\/w3-pour-nettoyage-general\/#more-45281\" aria-label=\"Cite\u0219te mai multe despre W3 aspirator industrial\">Lire la suite<\/a><\/p>\n","protected":false},"author":4,"featured_media":83748,"parent":48471,"menu_order":0,"comment_status":"closed","ping_status":"closed","template":"","meta":{"_acf_changed":false,"_seopress_robots_primary_cat":"","_seopress_titles_title":"Aspirator industrial W3 pentru cur\u0103\u021benie general\u0103 OberA","_seopress_titles_desc":"Indispensabil\u0103 pentru cur\u0103\u021barea general\u0103, seria W3 are 3 motoare monofazate pentru a combina performan\u021ba \u0219i u\u0219urin\u021ba \u00een utilizare.","_seopress_robots_index":"","footnotes":""},"class_list":{"0":"post-45281","1":"page","2":"type-page","3":"status-publish","4":"has-post-thumbnail","6":"no-featured-image-padding","7":"resize-featured-image"},"acf":[],"_links":{"self":[{"href":"https:\/\/obera.fr\/ro\/wp-json\/wp\/v2\/pages\/45281","targetHints":{"allow":["GET"]}}],"collection":[{"href":"https:\/\/obera.fr\/ro\/wp-json\/wp\/v2\/pages"}],"about":[{"href":"https:\/\/obera.fr\/ro\/wp-json\/wp\/v2\/types\/page"}],"author":[{"embeddable":true,"href":"https:\/\/obera.fr\/ro\/wp-json\/wp\/v2\/users\/4"}],"replies":[{"embeddable":true,"href":"https:\/\/obera.fr\/ro\/wp-json\/wp\/v2\/comments?post=45281"}],"version-history":[{"count":11,"href":"https:\/\/obera.fr\/ro\/wp-json\/wp\/v2\/pages\/45281\/revisions"}],"predecessor-version":[{"id":107534,"href":"https:\/\/obera.fr\/ro\/wp-json\/wp\/v2\/pages\/45281\/revisions\/107534"}],"up":[{"embeddable":true,"href":"https:\/\/obera.fr\/ro\/wp-json\/wp\/v2\/pages\/48471"}],"wp:featuredmedia":[{"embeddable":true,"href":"https:\/\/obera.fr\/ro\/wp-json\/wp\/v2\/media\/83748"}],"wp:attachment":[{"href":"https:\/\/obera.fr\/ro\/wp-json\/wp\/v2\/media?parent=45281"}],"curies":[{"name":"wp","href":"https:\/\/api.w.org\/{rel}","templated":true}]}}