{"id":45460,"date":"2024-04-05T23:11:29","date_gmt":"2024-04-05T21:11:29","guid":{"rendered":"https:\/\/obera.fr\/ventilatoare-extractor-gama-eurosog-rg-100-800\/"},"modified":"2025-06-03T11:33:08","modified_gmt":"2025-06-03T09:33:08","slug":"ventilateurs-aspiration-gamme-eurosog-rg-100-800","status":"publish","type":"page","link":"https:\/\/obera.fr\/ro\/produits\/aspirateurs-industriels\/ventilateurs-aspiration-gamme-eurosog-rg-100-800\/","title":{"rendered":"Ventilatoare extractor: gama EUROSOG RG 100-800"},"content":{"rendered":"\n<p>Gama noastr\u0103 de ventilatoare compacte RG 100 p\u00e2n\u0103 la RG 800 asigur\u0103 un mediu mai s\u0103n\u0103tos prin extragerea \u0219i propulsarea aerului contaminat prezent \u00een spa\u021biile dumneavoastr\u0103 de lucru.<\/p>\n\n\n\n<h2 class=\"wp-block-heading\">Seria RG: func\u021bionarea \u0219i utilizarea ventilatoarelor de evacuare<\/h2>\n\n\n\n<div class=\"wp-block-columns is-layout-flex wp-container-core-columns-is-layout-28f84493 wp-block-columns-is-layout-flex\">\n<div class=\"wp-block-column is-layout-flow wp-block-column-is-layout-flow\" style=\"flex-basis:33.33%\">\n<figure class=\"wp-block-image size-full\"><img decoding=\"async\" width=\"600\" height=\"600\" src=\"https:\/\/obera.fr\/wp-content\/uploads\/2024\/04\/obera-ventilateur-aspiration-rg-300-400.jpg\" alt=\"ventilator de aspira\u021bie obera rg 300 400\" class=\"wp-image-29437\" srcset=\"https:\/\/obera.fr\/wp-content\/uploads\/2024\/04\/obera-ventilateur-aspiration-rg-300-400.jpg 600w, https:\/\/obera.fr\/wp-content\/uploads\/2024\/04\/obera-ventilateur-aspiration-rg-300-400-300x300.jpg 300w, https:\/\/obera.fr\/wp-content\/uploads\/2024\/04\/obera-ventilateur-aspiration-rg-300-400-150x150.jpg 150w\" sizes=\"(max-width: 600px) 100vw, 600px\" \/><\/figure>\n<\/div>\n\n\n\n<div class=\"wp-block-column is-layout-flow wp-block-column-is-layout-flow\" style=\"flex-basis:66.66%\">\n<p>Ventilatoarele din seria RG (100, 200, 300, 400, 500, 600, 700, 800) sunt solu\u021bii pentru extragerea prafului, a fumului industrial \u0219i a oric\u0103rui alt poluant generat de unit\u0103\u021bile dumneavoastr\u0103 de produc\u021bie. Acestea permit aerului purificat s\u0103 circule \u0219i s\u0103 se depresurizeze. Versatil \u0219i compact, sistemul aspir\u0103 aerul prin crearea unui vid la intrarea ventilatorului (rota\u021bia rotorului) cu ajutorul unui motor electric din interiorul carcasei. Cutia canalizeaz\u0103 \u0219i propulseaz\u0103 aerul aspirat spre ie\u0219ire (exterior) pentru a-l evacua din spa\u021biul de lucru. Seria RG poate aspira una sau mai multe sta\u021bii de lucru\/ma\u0219ini \u00een acela\u0219i timp.  <\/p>\n\n\n\n<p>\u00cen ce scop? Acest echipament este ideal pentru toate tipurile de industrie \u0219i este capabil s\u0103 extrag\u0103 praf, gaze, mirosuri \u0219i fumuri. Acestea pot fi echipate cu filtre pentru captarea particulelor fine.<\/p>\n\n\n\n<div class=\"wp-block-columns is-layout-flex wp-container-core-columns-is-layout-28f84493 wp-block-columns-is-layout-flex\">\n<div class=\"wp-block-column is-layout-flow wp-block-column-is-layout-flow\" style=\"flex-basis:30%\">\n<div class=\"wp-block-buttons is-layout-flex wp-block-buttons-is-layout-flex\">\n<div class=\"wp-block-button\"><a class=\"wp-block-button__link wp-element-button\" href=\"https:\/\/obera.fr\/wp-content\/uploads\/2025\/06\/brochure-rg-100-800-en.pdf\">DESC\u0102RCA\u021aI BRO\u0218URA<\/a><\/div>\n<\/div>\n<\/div>\n\n\n\n<div class=\"wp-block-column is-layout-flow wp-block-column-is-layout-flow\" style=\"flex-basis:30%\">\n<div class=\"wp-block-buttons is-layout-flex wp-block-buttons-is-layout-flex\">\n<div class=\"wp-block-button\"><a class=\"wp-block-button__link wp-element-button\" href=\"https:\/\/obera.fr\/contact\/\">AVE\u021aI NEVOIE DE CONSILIERE PERSONALIZAT\u0102?<\/a><\/div>\n<\/div>\n<\/div>\n\n\n\n<div class=\"wp-block-column is-layout-flow wp-block-column-is-layout-flow\" style=\"flex-basis:30%\">\n<div class=\"wp-block-buttons is-content-justification-center is-layout-flex wp-container-core-buttons-is-layout-a89b3969 wp-block-buttons-is-layout-flex\">\n<div class=\"wp-block-button btn-devis-source\"><a class=\"wp-block-button__link wp-element-button\" href=\"https:\/\/obera.fr\/ro\/devis\/\">Solicita\u021bi o ofert\u0103<\/a><\/div>\n<\/div>\n\n\n<script>\r\ndocument.addEventListener('DOMContentLoaded', function() {\r\n    \/\/ 1. On cherche le titre H1 de la page\r\n    var h1 = document.querySelector('h1');\r\n    var productTitle = h1 ? h1.innerText.trim() : \"\";\r\n\r\n    \/\/ 2. On cherche les boutons via la classe CSS .btn-devis-source\r\n    var buttons = document.querySelectorAll('.btn-devis-source a');\r\n\r\n    \/\/ 3. Si on a le titre et les boutons, on ajoute le param\u00e8tre\r\n    if (buttons.length > 0 && productTitle !== \"\") {\r\n        var encodedTitle = encodeURIComponent(productTitle);\r\n\r\n        buttons.forEach(function(btn) {\r\n            var currentHref = btn.getAttribute('href');\r\n            \r\n            \/\/ S\u00e9curit\u00e9 pour ne pas ajouter le param\u00e8tre 2 fois\r\n            if (currentHref.indexOf('sujet=') === -1) {\r\n                var separator = currentHref.indexOf('?') !== -1 ? '&' : '?';\r\n                var newLink = currentHref + separator + 'sujet=' + encodedTitle;\r\n                \r\n                btn.setAttribute('href', newLink);\r\n            }\r\n        });\r\n    }\r\n});\r\n<\/script><\/div>\n<\/div>\n<\/div>\n<\/div>\n\n\n\n<h2 class=\"wp-block-heading\">Care sunt caracteristicile tehnice ale ventilatoarelor de aspira\u021bie OberA?<\/h2>\n\n\n\n<p>Gama RG ofer\u0103 o gam\u0103 de motoare cu performan\u021be de la 0,55 kW la 7,5 kW. Acest lucru v\u0103 permite s\u0103 g\u0103si\u021bi modelul de ventilator de extrac\u021bie cel mai potrivit pentru suprafa\u021ba dumneavoastr\u0103.  <\/p>\n\n\n\n<p>Pentru a rezista \u00een continuare riscului de coroziune \u0219i oric\u0103rei deterior\u0103ri cauzate de praf, ventilatoarele sunt fabricate din materiale robuste \u0219i sunt disponibile \u00eentr-o versiune din o\u021bel inoxidabil pentru industria alimentar\u0103 (op\u021bional). O alt\u0103 op\u021biune este o versiune rezistent\u0103 la sc\u00e2ntei pentru activit\u0103\u021bile care genereaz\u0103 praf inflamabil.<\/p>\n\n\n\n<blockquote class=\"wp-block-quote is-layout-flow wp-block-quote-is-layout-flow\">\n<p>Bine de \u0219tiut: solu\u021biile noastre de extrac\u021bie pot fi combinate cu sistemele noastre de evacuare a capturilor. \u00cen func\u021bie de nevoile dumneavoastr\u0103 (tipul de poluant, suprafa\u021ba, sectorul de activitate), v\u0103 putem consilia cu privire la cea mai bun\u0103 combina\u021bie posibil\u0103 pentru a asigura cea mai bun\u0103 extrac\u021bie \u0219i re\u00eennoire a aerului.<\/p>\n<\/blockquote>\n\n\n\n<p>\u00cen ceea ce prive\u0219te dimensiunile, ventilatoarele RG 100 p\u00e2n\u0103 la RG 800 necesit\u0103 foarte pu\u021bin spa\u021biu la sol: de la L535 x L450 x H480 pentru cea mai compact\u0103 versiune la L820 x L1.000 x H1.198 pentru cel mai mare model, acestea sunt echipamente care necesit\u0103 foarte pu\u021bin spa\u021biu. Pentru confortul lucr\u0103torilor, acestea ofer\u0103, de asemenea, un nivel redus de zgomot de 83 dB(A) p\u00e2n\u0103 la 84 dB(A).<\/p>\n\n\n\n<h3 class=\"wp-block-heading has-text-align-center\">INDUSTRII<\/h3>\n\n\n\n<div class=\"wp-block-columns is-layout-flex wp-container-core-columns-is-layout-28f84493 wp-block-columns-is-layout-flex\">\n<div class=\"wp-block-column is-layout-flow wp-block-column-is-layout-flow\">\n<hr class=\"wp-block-separator has-alpha-channel-opacity\"\/>\n\n\n\n<div class=\"wp-block-columns is-layout-flex wp-container-core-columns-is-layout-28f84493 wp-block-columns-is-layout-flex\">\n<div class=\"wp-block-column is-layout-flow wp-block-column-is-layout-flow\">\n<figure class=\"wp-block-image aligncenter size-thumbnail is-resized\"><img decoding=\"async\" width=\"150\" height=\"150\" src=\"https:\/\/obera.fr\/wp-content\/uploads\/2022\/02\/Textile-150x150.png\" alt=\"textile\" class=\"wp-image-8855\"\/><figcaption class=\"wp-element-caption\">Textile<\/figcaption><\/figure>\n\n\n\n<figure class=\"wp-block-image aligncenter size-thumbnail is-resized\"><img decoding=\"async\" width=\"150\" height=\"150\" src=\"https:\/\/obera.fr\/wp-content\/uploads\/2022\/02\/Plastique-150x150.png\" alt=\"plastic\" class=\"wp-image-8854\"\/><figcaption class=\"wp-element-caption\">Plastic<\/figcaption><\/figure>\n<\/div>\n\n\n\n<div class=\"wp-block-column is-layout-flow wp-block-column-is-layout-flow\">\n<figure class=\"wp-block-image aligncenter size-thumbnail is-resized\"><img decoding=\"async\" width=\"150\" height=\"150\" src=\"https:\/\/obera.fr\/wp-content\/uploads\/2022\/02\/MINERAIS-150x150.png\" alt=\"minereuri\" class=\"wp-image-8847\"\/><figcaption class=\"wp-element-caption\">Minerale<\/figcaption><\/figure>\n\n\n\n<figure class=\"wp-block-image aligncenter size-thumbnail is-resized\"><img decoding=\"async\" width=\"150\" height=\"150\" src=\"https:\/\/obera.fr\/wp-content\/uploads\/2022\/02\/Metalurgie-150x150.png\" alt=\"metalurgie\" class=\"wp-image-8857\"\/><figcaption class=\"wp-element-caption\">Metalurgie<\/figcaption><\/figure>\n\n\n\n<figure class=\"wp-block-image aligncenter size-thumbnail is-resized\"><img decoding=\"async\" width=\"150\" height=\"150\" src=\"https:\/\/obera.fr\/wp-content\/uploads\/2023\/02\/sans-titre-2023-02-14t102211.641-150x150.png\" alt=\"Agricultur\u0103\" class=\"wp-image-18828\"\/><figcaption class=\"wp-element-caption\">Agricultur\u0103<\/figcaption><\/figure>\n<\/div>\n<\/div>\n<\/div>\n\n\n\n<div class=\"wp-block-column is-layout-flow wp-block-column-is-layout-flow\">\n<hr class=\"wp-block-separator has-alpha-channel-opacity\"\/>\n\n\n\n<div class=\"wp-block-columns is-layout-flex wp-container-core-columns-is-layout-28f84493 wp-block-columns-is-layout-flex\">\n<div class=\"wp-block-column is-layout-flow wp-block-column-is-layout-flow\">\n<figure class=\"wp-block-image aligncenter size-thumbnail is-resized\"><img decoding=\"async\" width=\"150\" height=\"150\" src=\"https:\/\/obera.fr\/wp-content\/uploads\/2022\/02\/Chimie-150x150.png\" alt=\"chimie\" class=\"wp-image-8846\"\/><figcaption class=\"wp-element-caption\">Chimie<\/figcaption><\/figure>\n\n\n\n<figure class=\"wp-block-image aligncenter size-thumbnail is-resized\"><img decoding=\"async\" width=\"150\" height=\"150\" src=\"https:\/\/obera.fr\/wp-content\/uploads\/2022\/02\/Travail-du-bois-150x150.png\" alt=\"prelucrarea lemnului\" class=\"wp-image-8856\"\/><figcaption class=\"wp-element-caption\">Prelucrarea lemnului<\/figcaption><\/figure>\n\n\n\n<figure class=\"wp-block-image aligncenter size-thumbnail is-resized\"><img decoding=\"async\" width=\"150\" height=\"150\" src=\"https:\/\/obera.fr\/wp-content\/uploads\/2023\/02\/sans-titre-2023-02-14t101920.185-150x150.png\" alt=\"Avia\u021bie\" class=\"wp-image-18831\"\/><figcaption class=\"wp-element-caption\">Avia\u021bie<\/figcaption><\/figure>\n<\/div>\n\n\n\n<div class=\"wp-block-column is-layout-flow wp-block-column-is-layout-flow\">\n<figure class=\"wp-block-image aligncenter size-thumbnail is-resized\"><img decoding=\"async\" width=\"150\" height=\"150\" src=\"https:\/\/obera.fr\/wp-content\/uploads\/2022\/02\/AGROALIMENTAIRE-150x150.png\" alt=\"agroalimentare\" class=\"wp-image-8844\"\/><figcaption class=\"wp-element-caption\">Industria alimentar\u0103<\/figcaption><\/figure>\n\n\n\n<figure class=\"wp-block-image aligncenter size-thumbnail is-resized\"><img decoding=\"async\" width=\"150\" height=\"150\" src=\"https:\/\/obera.fr\/wp-content\/uploads\/2022\/02\/Papier-carton-150x150.png\" alt=\"h\u00e2rtie \u0219i carton\" class=\"wp-image-8853\"\/><figcaption class=\"wp-element-caption\">H\u00e2rtie\/carton<\/figcaption><\/figure>\n\n\n\n<figure class=\"wp-block-image aligncenter size-thumbnail is-resized\"><img decoding=\"async\" width=\"150\" height=\"150\" src=\"https:\/\/obera.fr\/wp-content\/uploads\/2023\/02\/sans-titre-2023-02-14t101712.416-150x150.png\" alt=\"Automobile\" class=\"wp-image-18834\"\/><figcaption class=\"wp-element-caption\">Automobile<\/figcaption><\/figure>\n<\/div>\n<\/div>\n<\/div>\n<\/div>\n\n\n\n<figure class=\"wp-block-table\"><table class=\"has-fixed-layout\"><thead><tr><th><br>100<\/th><th>200<\/th><th>300<\/th><th>400<\/th><th>500<\/th><th>600<\/th><th>700<\/th><th>800<\/th><\/tr><\/thead><tbody><tr><td>Debit maxim m3\/h<\/td><td>1.000<\/td><td>2.000<\/td><td>3.000<\/td><td>3.200<\/td><td>4.000<\/td><td>5.5000<\/td><td>7.000<\/td><td>8.000<\/td><\/tr><tr><td>Diametrul de conectare\/ie\u0219ire mm<\/td><td>100<\/td><td>150<\/td><td>180<\/td><td>250\/315<\/td><td>250\/315<\/td><td>315\/355<\/td><td>315\/400<\/td><td>355\/400<\/td><\/tr><tr><td>Vid maxim Pa<\/td><td>1.400<\/td><td>1.600<\/td><td>2.300<\/td><td>3.150<\/td><td>3.400<\/td><td>3.400<\/td><td>3.400<\/td><td>3.950<\/td><\/tr><tr><td>Tensiunea de alimentare V<\/td><td>400<\/td><td>400<\/td><td>400<\/td><td>400<\/td><td>400<\/td><td>400<\/td><td>400<\/td><td>400<\/td><\/tr><tr><td>Putere kW<\/td><td>0.5<\/td><td>1.1<\/td><td>2.2<\/td><td>3.0<\/td><td>4.0<\/td><td>5.5<\/td><td>5.5<\/td><td>7.5<\/td><\/tr><tr><td>Dimensiuni (L\/W\/H)<\/td><td>535x450x480<\/td><td>595x520x555<\/td><td>640x535x610<\/td><td>711x700x1.012<\/td><td>711x700x1.012<\/td><td>737x700x1.062<\/td><td>762x700x1.062<\/td><td>820&#215;1,000&#215;1,198<\/td><\/tr><tr><td>Nivel de zgomot dB(A)<\/td><td>80<\/td><td>82<\/td><td>84<\/td><td>84<\/td><td>84<\/td><td>84<\/td><td>83<\/td><td>84<\/td><\/tr><\/tbody><\/table><\/figure>\n\n\n\n<div class=\"wp-block-buttons is-content-justification-center is-layout-flex wp-container-core-buttons-is-layout-a89b3969 wp-block-buttons-is-layout-flex\">\n<div class=\"wp-block-button\"><a class=\"wp-block-button__link wp-element-button\" href=\"https:\/\/obera.fr\/wp-content\/uploads\/2024\/04\/obera_brochure-rg-100-800-fr.pdf\">DESC\u0102RCA\u021aI FI\u0218A TEHNIC\u0102 A PRODUSULUI<\/a><\/div>\n<\/div>\n\n\n\n<h2 class=\"wp-block-heading\">Concentra\u021bi-v\u0103 pe avantajele ventilatoarelor RG 100 p\u00e2n\u0103 la RG 800<\/h2>\n\n\n\n<p>Beneficiile sunt \u00een primul r\u00e2nd umane, deoarece este o solu\u021bie care \u00eembun\u0103t\u0103\u021be\u0219te considerabil calitatea aerului \u0219i siguran\u021ba echipelor dumneavoastr\u0103. Din nou, pentru confortul lucr\u0103torilor, nivelul de zgomot r\u0103m\u00e2ne sc\u0103zut pentru a asigura productivitatea angaja\u021bilor.  <\/p>\n\n\n\n<p>O bun\u0103 extrac\u021bie a prafului \u0219i a fumului reduce, de asemenea, riscul de incendiu \u0219i explozie, care poate fi cauzat atunci c\u00e2nd praful intr\u0103 \u00een contact cu sc\u00e2ntei sau blocheaz\u0103 utilajele de produc\u021bie.<\/p>\n\n\n\n<p>\u00cen cele din urm\u0103, \u00een ciuda designului lor compact, ventilatoarele de evacuare din gama RG sunt toate de \u00eenalt\u0103 performan\u021b\u0103 \u0219i reprezint\u0103 o investi\u021bie redus\u0103 atunci c\u00e2nd vine vorba de a beneficia de aer curat \u00een atelierele dumneavoastr\u0103.<\/p>\n\n\n\n<div class=\"wp-block-columns is-layout-flex wp-container-core-columns-is-layout-28f84493 wp-block-columns-is-layout-flex\">\n<div class=\"wp-block-column is-layout-flow wp-block-column-is-layout-flow\" style=\"flex-basis:33.34%\">\n<h3 class=\"wp-block-heading\">Avantaje :<\/h3>\n\n\n\n<ul class=\"wp-block-list\">\n<li>Costuri de exploatare reduse ;<\/li>\n\n\n\n<li>Construc\u021bie robust\u0103.<\/li>\n<\/ul>\n<\/div>\n\n\n\n<div class=\"wp-block-column is-layout-flow wp-block-column-is-layout-flow\" style=\"flex-basis:33.34%\">\n<h3 class=\"wp-block-heading\">Caracteristici speciale:<\/h3>\n\n\n\n<ul class=\"wp-block-list\">\n<li>Design compact;<\/li>\n\n\n\n<li>Aspirarea unuia sau mai multor posturi de lucru sau ma\u0219ini;<\/li>\n\n\n\n<li>Poate fi combinat cu un colector de praf sau cu un sistem de evacuare a capturilor.<\/li>\n<\/ul>\n<\/div>\n\n\n\n<div class=\"wp-block-column is-layout-flow wp-block-column-is-layout-flow\" style=\"flex-basis:33.33%\">\n<h3 class=\"wp-block-heading\">Caracteristici :<\/h3>\n\n\n\n<ul class=\"wp-block-list\">\n<li>O gam\u0103 larg\u0103 de performan\u021be ale motoarelor pentru a satisface nevoile clien\u021bilor industriali;<\/li>\n\n\n\n<li>Suplimente op\u021bionale: o\u021bel inoxidabil alimentar, curent alternativ (RG 100 \u0219i RG 200), motor st\u00e2nga, diametru de ie\u0219ire variabil, carcas\u0103 izolat\u0103 fonic \u0219i etan\u0219\u0103 pentru instalare \u00een exterior.<\/li>\n<\/ul>\n<\/div>\n<\/div>\n\n\n\n<div class=\"wp-block-buttons is-horizontal is-content-justification-center is-layout-flex wp-container-core-buttons-is-layout-03627597 wp-block-buttons-is-layout-flex\">\n<div class=\"wp-block-button has-custom-width wp-block-button__width-100\"><a class=\"wp-block-button__link wp-element-button\" href=\"https:\/\/obera.fr\/ro\/contactati-ne\/\">Afl\u0103 mai multe<\/a><\/div>\n<\/div>\n\n\n\n<h2 class=\"wp-block-heading\">Alte aspiratoare industriale din gam\u0103<\/h2>\n\n\n\n<div class=\"wp-block-columns is-layout-flex wp-container-core-columns-is-layout-28f84493 wp-block-columns-is-layout-flex\">\n<div class=\"wp-block-column is-layout-flow wp-block-column-is-layout-flow\">\n<figure class=\"wp-block-image aligncenter size-full is-resized\"><img decoding=\"async\" width=\"566\" height=\"671\" src=\"https:\/\/obera.fr\/wp-content\/uploads\/2024\/10\/w2-xr-2.png\" alt=\"Aspiratoare industriale\" class=\"wp-image-35431\" style=\"aspect-ratio:1;object-fit:cover;width:282px;height:auto\" srcset=\"https:\/\/obera.fr\/wp-content\/uploads\/2024\/10\/w2-xr-2.png 566w, https:\/\/obera.fr\/wp-content\/uploads\/2024\/10\/w2-xr-2-253x300.png 253w\" sizes=\"(max-width: 566px) 100vw, 566px\" \/><figcaption class=\"wp-element-caption\">W2 XR<\/figcaption><\/figure>\n<\/div>\n\n\n\n<div class=\"wp-block-column is-layout-flow wp-block-column-is-layout-flow\">\n<figure class=\"wp-block-image aligncenter size-full is-resized\"><img decoding=\"async\" width=\"711\" height=\"622\" src=\"https:\/\/obera.fr\/wp-content\/uploads\/2024\/10\/w2.png\" alt=\"Aspiratoare industriale\" class=\"wp-image-35424\" style=\"object-fit:cover;width:300px;height:300px\" srcset=\"https:\/\/obera.fr\/wp-content\/uploads\/2024\/10\/w2.png 711w, https:\/\/obera.fr\/wp-content\/uploads\/2024\/10\/w2-300x262.png 300w\" sizes=\"(max-width: 711px) 100vw, 711px\" \/><figcaption class=\"wp-element-caption\">W2<\/figcaption><\/figure>\n<\/div>\n\n\n\n<div class=\"wp-block-column is-layout-flow wp-block-column-is-layout-flow\">\n<figure class=\"wp-block-image aligncenter size-full is-resized\"><img decoding=\"async\" width=\"658\" height=\"652\" src=\"https:\/\/obera.fr\/wp-content\/uploads\/2024\/10\/w3.png\" alt=\"w3\" class=\"wp-image-35427\" style=\"object-fit:cover;width:300px;height:300px\" srcset=\"https:\/\/obera.fr\/wp-content\/uploads\/2024\/10\/w3.png 658w, https:\/\/obera.fr\/wp-content\/uploads\/2024\/10\/w3-300x297.png 300w, https:\/\/obera.fr\/wp-content\/uploads\/2024\/10\/w3-150x150.png 150w, https:\/\/obera.fr\/wp-content\/uploads\/2024\/10\/w3-24x24.png 24w, https:\/\/obera.fr\/wp-content\/uploads\/2024\/10\/w3-48x48.png 48w, https:\/\/obera.fr\/wp-content\/uploads\/2024\/10\/w3-96x96.png 96w\" sizes=\"(max-width: 658px) 100vw, 658px\" \/><figcaption class=\"wp-element-caption\">W3<\/figcaption><\/figure>\n<\/div>\n<\/div>\n\n\n\n<p><\/p>\n","protected":false},"excerpt":{"rendered":"<p>Gama noastr\u0103 de ventilatoare compacte RG 100 p\u00e2n\u0103 la RG 800 asigur\u0103 un mediu mai s\u0103n\u0103tos prin extragerea \u0219i propulsarea aerului contaminat prezent \u00een spa\u021biile dumneavoastr\u0103 de lucru. Seria RG: func\u021bionarea \u0219i utilizarea ventilatoarelor de evacuare Ventilatoarele din seria RG (100, 200, 300, 400, 500, 600, 700, 800) sunt solu\u021bii pentru extragerea prafului, a fumului industrial \u0219i a oric\u0103rui alt poluant generat de unit\u0103\u021bile dumneavoastr\u0103 de produc\u021bie. Acestea permit aerului purificat s\u0103 circule \u0219i s\u0103 se depresurizeze. Versatil \u0219i compact, sistemul aspir\u0103 aerul prin crearea unui vid la intrarea ventilatorului (rota\u021bia rotorului) cu ajutorul unui motor electric din interiorul carcasei. &#8230; <\/p>\n<p class=\"read-more-container\"><a title=\"Ventilatoare extractor: gama EUROSOG RG 100-800\" class=\"read-more button\" href=\"https:\/\/obera.fr\/ro\/produits\/aspirateurs-industriels\/ventilateurs-aspiration-gamme-eurosog-rg-100-800\/#more-45460\" aria-label=\"Cite\u0219te mai multe despre Ventilatoare extractor: gama EUROSOG RG 100-800\">Lire la suite<\/a><\/p>\n","protected":false},"author":4,"featured_media":83748,"parent":48471,"menu_order":0,"comment_status":"closed","ping_status":"closed","template":"","meta":{"_acf_changed":false,"_seopress_robots_primary_cat":"","_seopress_titles_title":"Ventilatoare de aspira\u021bie EUROSOG RG - OberA","_seopress_titles_desc":"Descoperi\u021bi unit\u0103\u021bile de extrac\u021bie RG 100 p\u00e2n\u0103 la RG 800. Design \u0219i compacte, acestea sunt concepute pentru a \u00eembun\u0103t\u0103\u021bi considerabil calitatea aerului prin extragerea prafului, mirosurilor, fumurilor \u0219i gazelor.","_seopress_robots_index":"","footnotes":""},"class_list":{"0":"post-45460","1":"page","2":"type-page","3":"status-publish","4":"has-post-thumbnail","6":"no-featured-image-padding","7":"resize-featured-image"},"acf":[],"_links":{"self":[{"href":"https:\/\/obera.fr\/ro\/wp-json\/wp\/v2\/pages\/45460","targetHints":{"allow":["GET"]}}],"collection":[{"href":"https:\/\/obera.fr\/ro\/wp-json\/wp\/v2\/pages"}],"about":[{"href":"https:\/\/obera.fr\/ro\/wp-json\/wp\/v2\/types\/page"}],"author":[{"embeddable":true,"href":"https:\/\/obera.fr\/ro\/wp-json\/wp\/v2\/users\/4"}],"replies":[{"embeddable":true,"href":"https:\/\/obera.fr\/ro\/wp-json\/wp\/v2\/comments?post=45460"}],"version-history":[{"count":9,"href":"https:\/\/obera.fr\/ro\/wp-json\/wp\/v2\/pages\/45460\/revisions"}],"predecessor-version":[{"id":107660,"href":"https:\/\/obera.fr\/ro\/wp-json\/wp\/v2\/pages\/45460\/revisions\/107660"}],"up":[{"embeddable":true,"href":"https:\/\/obera.fr\/ro\/wp-json\/wp\/v2\/pages\/48471"}],"wp:featuredmedia":[{"embeddable":true,"href":"https:\/\/obera.fr\/ro\/wp-json\/wp\/v2\/media\/83748"}],"wp:attachment":[{"href":"https:\/\/obera.fr\/ro\/wp-json\/wp\/v2\/media?parent=45460"}],"curies":[{"name":"wp","href":"https:\/\/api.w.org\/{rel}","templated":true}]}}