{"id":45576,"date":"2021-10-01T20:14:13","date_gmt":"2021-10-01T18:14:13","guid":{"rendered":"https:\/\/obera.fr\/va-multumim\/"},"modified":"2024-11-06T12:11:41","modified_gmt":"2024-11-06T10:11:41","slug":"va-multumim","status":"publish","type":"page","link":"https:\/\/obera.fr\/ro\/contact\/va-multumim\/","title":{"rendered":"V\u0103 mul\u021bumim"},"content":{"rendered":"\n<p>V\u0103 vom suna c\u00e2t mai cur\u00e2nd posibil.<\/p>\n","protected":false},"excerpt":{"rendered":"<p>V\u0103 vom suna c\u00e2t mai cur\u00e2nd posibil.<\/p>\n","protected":false},"author":4,"featured_media":0,"parent":48865,"menu_order":0,"comment_status":"closed","ping_status":"closed","template":"","meta":{"_acf_changed":false,"_seopress_robots_primary_cat":"","_seopress_titles_title":"","_seopress_titles_desc":"","_seopress_robots_index":"da","footnotes":""},"class_list":{"0":"post-45576","1":"page","2":"type-page","3":"status-publish","5":"no-featured-image-padding"},"acf":[],"_links":{"self":[{"href":"https:\/\/obera.fr\/ro\/wp-json\/wp\/v2\/pages\/45576","targetHints":{"allow":["GET"]}}],"collection":[{"href":"https:\/\/obera.fr\/ro\/wp-json\/wp\/v2\/pages"}],"about":[{"href":"https:\/\/obera.fr\/ro\/wp-json\/wp\/v2\/types\/page"}],"author":[{"embeddable":true,"href":"https:\/\/obera.fr\/ro\/wp-json\/wp\/v2\/users\/4"}],"replies":[{"embeddable":true,"href":"https:\/\/obera.fr\/ro\/wp-json\/wp\/v2\/comments?post=45576"}],"version-history":[{"count":1,"href":"https:\/\/obera.fr\/ro\/wp-json\/wp\/v2\/pages\/45576\/revisions"}],"predecessor-version":[{"id":45578,"href":"https:\/\/obera.fr\/ro\/wp-json\/wp\/v2\/pages\/45576\/revisions\/45578"}],"up":[{"embeddable":true,"href":"https:\/\/obera.fr\/ro\/wp-json\/wp\/v2\/pages\/48865"}],"wp:attachment":[{"href":"https:\/\/obera.fr\/ro\/wp-json\/wp\/v2\/media?parent=45576"}],"curies":[{"name":"wp","href":"https:\/\/api.w.org\/{rel}","templated":true}]}}