{"id":46113,"date":"2022-11-23T11:48:48","date_gmt":"2022-11-23T09:48:48","guid":{"rendered":"https:\/\/obera.fr\/dustomat-hydro-colector-de-praf-umed-fix\/"},"modified":"2025-04-25T14:45:46","modified_gmt":"2025-04-25T12:45:46","slug":"depoussiereur-a-voie-humide-dustomat-hydro","status":"publish","type":"page","link":"https:\/\/obera.fr\/ro\/produits\/depoussiereurs-industriels\/fixes\/depoussiereur-a-voie-humide-dustomat-hydro\/","title":{"rendered":"DUSTOMAT HYDRO : colector de praf umed fix"},"content":{"rendered":"\n<p>Descoperi\u021bi gama noastr\u0103 de <strong>colectoare de praf umed DUSTOMAT HYDRO<\/strong>, care combin\u0103 performan\u021ba \u0219i eficien\u021ba pentru extragerea substan\u021belor extrem de inflamabile.<\/p>\n\n\n\n<h2 class=\"wp-block-heading\">Colector de praf industrial DUSTOMAT HYDRO : cum func\u021bioneaz\u0103 \u0219i cum se utilizeaz\u0103 ?<\/h2>\n\n\n\n<div class=\"wp-block-columns is-layout-flex wp-container-core-columns-is-layout-28f84493 wp-block-columns-is-layout-flex\">\n<div class=\"wp-block-column is-layout-flow wp-block-column-is-layout-flow\" style=\"flex-basis:33.33%\">\n<figure class=\"wp-block-image aligncenter size-full is-resized\"><img decoding=\"async\" width=\"600\" height=\"600\" src=\"https:\/\/obera.fr\/wp-content\/uploads\/2022\/11\/dustomat-hydro-1.png\" alt=\"dustomat hidro 1\" class=\"wp-image-15989\" style=\"width:300px;height:300px\" srcset=\"https:\/\/obera.fr\/wp-content\/uploads\/2022\/11\/dustomat-hydro-1.png 600w, https:\/\/obera.fr\/wp-content\/uploads\/2022\/11\/dustomat-hydro-1-300x300.png 300w, https:\/\/obera.fr\/wp-content\/uploads\/2022\/11\/dustomat-hydro-1-150x150.png 150w\" sizes=\"(max-width: 600px) 100vw, 600px\" \/><\/figure>\n<\/div>\n\n\n\n<div class=\"wp-block-column is-vertically-aligned-center is-layout-flow wp-block-column-is-layout-flow\" style=\"flex-basis:66.66%\">\n<p>Principalul punct forte al seriei DUSTOMAT HYDRO este <strong>tehnologia<\/strong> sa <strong>inovatoare de separare \u00een mai multe etape pentru captarea prafului \u0219i a sc\u00e2nteilor<\/strong>. Aerul poluat este aspirat de un ventilator \u00eencorporat \u00een colectorul de praf. Viteza aerului este redus\u0103, permi\u021b\u00e2nd particulelor grele s\u0103 cad\u0103 \u00eentr-un rezervor de recuperare: aceasta este prima etap\u0103 de pre-separare a particulelor. Aerul trece apoi printr-un <strong>hidrociclon<\/strong>, care utilizeaz\u0103 for\u021ba centrifug\u0103 pentru a separa particulele fine de ap\u0103. Aceste particule sunt prinse \u00een ap\u0103, iar sc\u00e2nteile sunt r\u0103cite pentru a le face inofensive. O etap\u0103 final\u0103 de filtrare capteaz\u0103 ultimele particule fine, l\u0103s\u00e2nd aerul curat. Aceast\u0103 tehnologie de filtrare garanteaz\u0103 o eficien\u021b\u0103 ridicat\u0103 de separare de p\u00e2n\u0103 la 99,995%.      <\/p>\n\n\n\n<p>Pentru ce sunt utilizate? <strong>Separatoarele umede<\/strong> din seria DUSTOMAT HYDRO sunt concepute pentru extragerea substan\u021belor foarte inflamabile sau \u00een procese de lucru cu sc\u00e2ntei. Acestea sunt potrivite pentru sistemele de extrac\u021bie cu o singur\u0103 sta\u021bie sau cu mai multe sta\u021bii pentru pulberi metalice, de exemplu \u00een timpul <strong>\u0219lefuirii<\/strong>, <strong>perierii<\/strong> \u0219i <strong>lustruirii<\/strong>. DUSTOMAT HYDRO este, de asemenea, conform cu standardul ATEX pentru utilizarea sigur\u0103 \u0219i eficient\u0103 \u00een medii explozive. De fapt, aceste <a href=\"https:\/\/obera.fr\/ro\/produits\/depoussiereurs-industriels\/fixes\/\" data-type=\"page\" data-id=\"389\">colectoare fixe de praf<\/a> umed sunt foarte populare \u00een<strong>industria metalurgic\u0103<\/strong>, <strong>chimic\u0103<\/strong> \u0219i <strong>alimentar\u0103<\/strong>, precum \u0219i \u00een <strong>industria lemnului \u0219i me\u0219te\u0219ug\u0103reasc\u0103<\/strong>.    <\/p>\n\n\n\n<div class=\"wp-block-columns is-layout-flex wp-container-core-columns-is-layout-28f84493 wp-block-columns-is-layout-flex\">\n<div class=\"wp-block-column is-layout-flow wp-block-column-is-layout-flow\" style=\"flex-basis:33.33%\">\n<div class=\"wp-block-buttons is-layout-flex wp-block-buttons-is-layout-flex\">\n<div class=\"wp-block-button\"><a class=\"wp-block-button__link wp-element-button\" href=\"https:\/\/obera.fr\/wp-content\/uploads\/2025\/04\/brochure-dustomat-hydro-en.pdf\">DESC\u0102RCA\u021aI BRO\u0218URA<\/a><\/div>\n<\/div>\n<\/div>\n\n\n\n<div class=\"wp-block-column is-layout-flow wp-block-column-is-layout-flow\" style=\"flex-basis:33.34%\">\n<div class=\"wp-block-buttons is-horizontal is-content-justification-center is-layout-flex wp-container-core-buttons-is-layout-03627597 wp-block-buttons-is-layout-flex\">\n<div class=\"wp-block-button has-custom-width wp-block-button__width-100\"><a class=\"wp-block-button__link wp-element-button\" href=\"https:\/\/obera.fr\/ro\/contactati-ne\/\">Afl\u0103 mai multe<\/a><\/div>\n<\/div>\n<\/div>\n\n\n\n<div class=\"wp-block-column is-layout-flow wp-block-column-is-layout-flow\" style=\"flex-basis:33.34%\">\n<div class=\"wp-block-buttons is-content-justification-center is-layout-flex wp-container-core-buttons-is-layout-a89b3969 wp-block-buttons-is-layout-flex\">\n<div class=\"wp-block-button btn-devis-source\"><a class=\"wp-block-button__link wp-element-button\" href=\"https:\/\/obera.fr\/ro\/devis\/\">Solicita\u021bi o ofert\u0103<\/a><\/div>\n<\/div>\n\n\n<script>\r\ndocument.addEventListener('DOMContentLoaded', function() {\r\n    \/\/ 1. On cherche le titre H1 de la page\r\n    var h1 = document.querySelector('h1');\r\n    var productTitle = h1 ? h1.innerText.trim() : \"\";\r\n\r\n    \/\/ 2. On cherche les boutons via la classe CSS .btn-devis-source\r\n    var buttons = document.querySelectorAll('.btn-devis-source a');\r\n\r\n    \/\/ 3. Si on a le titre et les boutons, on ajoute le param\u00e8tre\r\n    if (buttons.length > 0 && productTitle !== \"\") {\r\n        var encodedTitle = encodeURIComponent(productTitle);\r\n\r\n        buttons.forEach(function(btn) {\r\n            var currentHref = btn.getAttribute('href');\r\n            \r\n            \/\/ S\u00e9curit\u00e9 pour ne pas ajouter le param\u00e8tre 2 fois\r\n            if (currentHref.indexOf('sujet=') === -1) {\r\n                var separator = currentHref.indexOf('?') !== -1 ? '&' : '?';\r\n                var newLink = currentHref + separator + 'sujet=' + encodedTitle;\r\n                \r\n                btn.setAttribute('href', newLink);\r\n            }\r\n        });\r\n    }\r\n});\r\n<\/script><\/div>\n<\/div>\n<\/div>\n<\/div>\n\n\n\n<div style=\"height:30px\" aria-hidden=\"true\" class=\"wp-block-spacer\"><\/div>\n\n\n\n<h2 class=\"wp-block-heading\">Caracteristicile colectoarelor de praf umed DUSTOMAT HYDRO<\/h2>\n\n\n\n<p>Seria DUSTOMAT HYDRO include <strong>4 modele de colectoare de praf<\/strong> umed cu capacit\u0103\u021bi cuprinse \u00eentre <strong>2.300 \u0219i 10.000 m3\/h<\/strong>. Toate acestea ofer\u0103 o gam\u0103 larg\u0103 de aplica\u021bii pentru extragerea a\u0219chiilor metalice, a fumului de sudur\u0103, a pulberilor de aluminiu, o\u021bel \u0219i titan, precum \u0219i pentru extragerea materialelor explozive <a href=\"https:\/\/obera.fr\/conseils\/zone-atex-norme-atex-bases-protection-contre-risque-explosion\/\" data-type=\"post\" data-id=\"17925\">(conform ATEX<\/a>, op\u021bional) \u0219i a pulberilor metalice generatoare de sc\u00e2ntei. Versatilitatea acestei game o face deosebit de eficient\u0103 la extragerea particulelor generate de procesele de \u0219lefuire, lustruire, t\u0103iere, frezare \u0219i sudare.  <\/p>\n\n\n\n<p>\u00cen plus, DUSTOMAT HYDRO este un colector de praf care poate fi adaptat cu adev\u0103rat la nevoile industriei. Pe l\u00e2ng\u0103 faptul c\u0103 este \u00een conformitate cu ATEX, acesta vine cu op\u021biunea de vopsea special\u0103 \u0219i o pozi\u021bie variabil\u0103 a <strong>duzei de aspira\u021bie<\/strong>. De asemenea, ave\u021bi posibilitatea de a alege mediul filtrant (filtru HEPA H 14 pentru particule cancerigene, de exemplu). \u00cen plus <strong><a href=\"https:\/\/obera.fr\/ro\/produits\/depoussiereurs-industriels\/\" data-type=\"page\" data-id=\"31\">colectoarele de praf industriale<\/a><\/strong> din aceast\u0103 serie au dou\u0103 niveluri de putere, un sistem de filtrare configurabil (p\u00e2n\u0103 la 4 niveluri de filtrare) \u0219i senzori care regleaz\u0103 automat umplerea cu ap\u0103.   <\/p>\n\n\n\n<p>O alt\u0103 caracteristic\u0103 a seriei DUSTOMAT HYDRO este <strong>costurile reduse de \u00eentre\u021binere<\/strong>, deoarece sistemul de filtrare a particulelor fine este amplasat \u00een aval.<\/p>\n\n\n\n<blockquote class=\"wp-block-quote is-layout-flow wp-block-quote-is-layout-flow\">\n<p>Tehnologia inovatoare DUSTOMAT HYDRO: sistemul de separare bazat pe un hidrociclon face sc\u00e2nteile, precum \u0219i praful combustibil aproape complet inofensive, chiar de la primul nivel de filtrare (rat\u0103 de separare de 98,7%). Chiar \u0219i cele mai mici frac\u021biuni de particule de \u2265 15 \u00b5m sunt legate \u00een siguran\u021b\u0103 \u00een camera de turbulen\u021b\u0103 a apei, permi\u021b\u00e2nd OberA s\u0103 duc\u0103 calitatea pre-separ\u0103rii la un nou nivel. Utilizatorii beneficiaz\u0103 de un efect semnificativ: mediile filtrante din sistemul ulterior de separare uscat\u0103 sunt cru\u021bate, ceea ce duce la o durat\u0103 de via\u021b\u0103 mai lung\u0103 \u0219i la costuri ulterioare mai mici.  <\/p>\n<\/blockquote>\n\n\n\n<div class=\"wp-block-columns is-layout-flex wp-container-core-columns-is-layout-28f84493 wp-block-columns-is-layout-flex\">\n<div class=\"wp-block-column is-layout-flow wp-block-column-is-layout-flow\">\n<h3 class=\"wp-block-heading has-text-align-center\" id=\"industries\">Industrii<\/h3>\n\n\n\n<hr class=\"wp-block-separator has-css-opacity is-style-wide\"\/>\n\n\n\n<div class=\"wp-block-columns is-layout-flex wp-container-core-columns-is-layout-28f84493 wp-block-columns-is-layout-flex\">\n<div class=\"wp-block-column is-layout-flow wp-block-column-is-layout-flow\">\n<figure class=\"wp-block-image aligncenter size-full\"><img decoding=\"async\" width=\"150\" height=\"150\" src=\"https:\/\/obera.fr\/wp-content\/uploads\/2022\/02\/Metalurgie.png\" alt=\"prelucrarea metalelor\" class=\"wp-image-8857\"\/><figcaption class=\"wp-element-caption\">Prelucrarea metalelor<\/figcaption><\/figure>\n\n\n\n<figure class=\"wp-block-image aligncenter size-full\"><img decoding=\"async\" width=\"150\" height=\"150\" src=\"https:\/\/obera.fr\/wp-content\/uploads\/2022\/02\/Textile.png\" alt=\"textile\" class=\"wp-image-8855\"\/><figcaption class=\"wp-element-caption\">Textile<\/figcaption><\/figure>\n<\/div>\n\n\n\n<div class=\"wp-block-column is-layout-flow wp-block-column-is-layout-flow\">\n<figure class=\"wp-block-image aligncenter size-full\"><img decoding=\"async\" width=\"150\" height=\"150\" src=\"https:\/\/obera.fr\/wp-content\/uploads\/2022\/02\/Chimie.png\" alt=\"chimie\" class=\"wp-image-8846\"\/><figcaption class=\"wp-element-caption\">Chimie<\/figcaption><\/figure>\n\n\n\n<figure class=\"wp-block-image aligncenter size-full\"><img decoding=\"async\" width=\"150\" height=\"150\" src=\"https:\/\/obera.fr\/wp-content\/uploads\/2022\/02\/Plastique.png\" alt=\"plastic\" class=\"wp-image-8854\"\/><figcaption class=\"wp-element-caption\">Plastic<\/figcaption><\/figure>\n<\/div>\n\n\n\n<div class=\"wp-block-column is-layout-flow wp-block-column-is-layout-flow\">\n<figure class=\"wp-block-image aligncenter size-full\"><img decoding=\"async\" width=\"150\" height=\"150\" src=\"https:\/\/obera.fr\/wp-content\/uploads\/2022\/02\/MINERAIS.png\" alt=\"minereuri\" class=\"wp-image-8847\"\/><figcaption class=\"wp-element-caption\">Minerale<\/figcaption><\/figure>\n\n\n\n<figure class=\"wp-block-image aligncenter size-full\"><img decoding=\"async\" width=\"150\" height=\"150\" src=\"https:\/\/obera.fr\/wp-content\/uploads\/2022\/02\/Papier-carton.png\" alt=\"h\u00e2rtie \u0219i carton\" class=\"wp-image-8853\"\/><figcaption class=\"wp-element-caption\">H\u00e2rtie\/carton<\/figcaption><\/figure>\n<\/div>\n\n\n\n<div class=\"wp-block-column is-layout-flow wp-block-column-is-layout-flow\">\n<figure class=\"wp-block-image aligncenter size-full\"><img decoding=\"async\" width=\"150\" height=\"150\" src=\"https:\/\/obera.fr\/wp-content\/uploads\/2022\/02\/AGROALIMENTAIRE.png\" alt=\"agroalimentare\" class=\"wp-image-8844\"\/><figcaption class=\"wp-element-caption\">Industria alimentar\u0103<\/figcaption><\/figure>\n<\/div>\n<\/div>\n<\/div>\n<\/div>\n\n\n\n<figure class=\"wp-block-table\"><table class=\"has-fixed-layout\"><tbody><tr><td><\/td><td><\/td><td><strong>DUSTOMAT HYDRO 2300<\/strong><\/td><td><strong>DUSTOMAT HYDRO 3500<\/strong><\/td><td><strong>DUSTOMAT HYDRO 6000<\/strong><\/td><td><strong>DUSTOMAT HIDRO 10000<\/strong><\/td><\/tr><tr><td>Flux<\/td><td>m3\/h<\/td><td>2 300<\/td><td>3 500<\/td><td>6 000<\/td><td>10 000<\/td><\/tr><tr><td>Vid maxim<\/td><td>Pa<\/td><td>2 500<\/td><td>3 400<\/td><td>3 950<\/td><td>4 800<\/td><\/tr><tr><td>Putere<\/td><td>kW<\/td><td>3<\/td><td>5,5<\/td><td>7.5<\/td><td>15<\/td><\/tr><tr><td>Diametrul de intrare<\/td><td>mm<\/td><td>180<\/td><td>224<\/td><td>280<\/td><td>400<\/td><\/tr><tr><td>Racord de ap\u0103<\/td><td>Inch<\/td><td>3\/4<\/td><td>3\/4<\/td><td>3\/4<\/td><td>3\/4<\/td><\/tr><tr><td>Dimensiuni<\/td><td>l\/L\/h (mm)<\/td><td>850x850x2600<\/td><td>850x850x2600<\/td><td>1350 x 1550 x 3400<\/td><td>1350 x 1550 x 3400<\/td><\/tr><tr><td>Nivelul de zgomot<\/td><td>dB(A)<\/td><td>70*<\/td><td>72*<\/td><td>73.4<\/td><td>76.1<\/td><\/tr><tr><td>Greutate<\/td><td>kg<\/td><td>340<\/td><td>380<\/td><td>750<\/td><td>870<\/td><\/tr><\/tbody><\/table><\/figure>\n\n\n\n<p>* f\u0103r\u0103 pachet de izolare fonic\u0103: 75 db(A)<\/p>\n\n\n\n<div class=\"wp-block-columns is-layout-flex wp-container-core-columns-is-layout-28f84493 wp-block-columns-is-layout-flex\">\n<div class=\"wp-block-column is-layout-flow wp-block-column-is-layout-flow\"><\/div>\n\n\n\n<div class=\"wp-block-column is-layout-flow wp-block-column-is-layout-flow\">\n<div class=\"wp-block-buttons is-content-justification-center is-layout-flex wp-container-core-buttons-is-layout-a89b3969 wp-block-buttons-is-layout-flex\">\n<div class=\"wp-block-button btn-devis-source\"><a class=\"wp-block-button__link wp-element-button\" href=\"https:\/\/obera.fr\/ro\/devis\/\">Solicita\u021bi o ofert\u0103<\/a><\/div>\n<\/div>\n\n\n<script>\r\ndocument.addEventListener('DOMContentLoaded', function() {\r\n    \/\/ 1. On cherche le titre H1 de la page\r\n    var h1 = document.querySelector('h1');\r\n    var productTitle = h1 ? h1.innerText.trim() : \"\";\r\n\r\n    \/\/ 2. On cherche les boutons via la classe CSS .btn-devis-source\r\n    var buttons = document.querySelectorAll('.btn-devis-source a');\r\n\r\n    \/\/ 3. Si on a le titre et les boutons, on ajoute le param\u00e8tre\r\n    if (buttons.length > 0 && productTitle !== \"\") {\r\n        var encodedTitle = encodeURIComponent(productTitle);\r\n\r\n        buttons.forEach(function(btn) {\r\n            var currentHref = btn.getAttribute('href');\r\n            \r\n            \/\/ S\u00e9curit\u00e9 pour ne pas ajouter le param\u00e8tre 2 fois\r\n            if (currentHref.indexOf('sujet=') === -1) {\r\n                var separator = currentHref.indexOf('?') !== -1 ? '&' : '?';\r\n                var newLink = currentHref + separator + 'sujet=' + encodedTitle;\r\n                \r\n                btn.setAttribute('href', newLink);\r\n            }\r\n        });\r\n    }\r\n});\r\n<\/script><\/div>\n\n\n\n<div class=\"wp-block-column is-layout-flow wp-block-column-is-layout-flow\">\n<div class=\"wp-block-buttons is-content-justification-center is-layout-flex wp-container-core-buttons-is-layout-a89b3969 wp-block-buttons-is-layout-flex\">\n<div class=\"wp-block-button\"><a class=\"wp-block-button__link wp-element-button\" href=\"https:\/\/obera.fr\/wp-content\/uploads\/2025\/04\/brochure-dustomat-hydro-en.pdf\">Desc\u0103rca\u021bi bro\u0219ura<\/a><\/div>\n<\/div>\n<\/div>\n\n\n\n<div class=\"wp-block-column is-layout-flow wp-block-column-is-layout-flow\"><\/div>\n<\/div>\n\n\n\n<h2 class=\"wp-block-heading\">DUSTOMAT HYDRO: care sunt avantajele sale?  <\/h2>\n\n\n\n<p>Seria de colectoare de praf DUSTOMAT HYDRO r\u0103spunde la <strong>problema principal\u0103 a calit\u0103\u021bii aerului \u00een industrie<\/strong>, \u00eembun\u0103t\u0103\u021bind s\u0103n\u0103tatea \u0219i siguran\u021ba echipelor de produc\u021bie. <strong>Reducerea expunerii la pulberi fine<\/strong> \u0219i poluan\u021bi, \u00eembun\u0103t\u0103\u021birea calit\u0103\u021bii aerului \u00een atelier&#8230; Optarea pentru un colector de praf umed \u00eenseamn\u0103 crearea unui mediu de lucru mai s\u0103n\u0103tos \u0219i mai pl\u0103cut, precum \u0219i respectarea standardelor actuale de mediu. Pentru a spori confortul utilizatorului, modelele din aceast\u0103 serie sunt compacte \u0219i silen\u021bioase. Dac\u0103 spa\u021biul este o problem\u0103, unitatea poate fi instalat\u0103 \u00een interior sau \u00een exterior.  <\/p>\n\n\n\n<p>\u00cen ceea ce prive\u0219te siguran\u021ba, tehnologia inovatoare a hidrociclonului <strong>face ca posturile de lucru s\u0103 fie c\u00e2t mai sigure posibil \u00een<\/strong> dou\u0103 moduri: prin reducerea riscului de incendiu cauzat de praf \u0219i, de asemenea, prin prevenirea acumul\u0103rii de praf pe echipamente \u0219i deteriorarea utilajelor.<\/p>\n\n\n\n<p>\u00cen ceea ce prive\u0219te investi\u021bia cerut\u0103 de produc\u0103tori, <strong>sistemul este proiectat s\u0103 consume pu\u021bin\u0103 energie din ap\u0103<\/strong>, ceea ce \u00eenseamn\u0103 economii la factura de energie.<\/p>\n\n\n\n<div class=\"wp-block-columns is-layout-flex wp-container-core-columns-is-layout-28f84493 wp-block-columns-is-layout-flex\">\n<div class=\"wp-block-column is-layout-flow wp-block-column-is-layout-flow\">\n<h3 class=\"wp-block-heading\">Avantaje :<\/h3>\n\n\n\n<ul class=\"wp-block-list\">\n<li>Siguran\u021b\u0103 sporit\u0103, chiar \u0219i \u00een medii explozive;<\/li>\n\n\n\n<li>Consum redus de energie \u0219i ap\u0103 datorit\u0103 regl\u0103rii apei;<\/li>\n\n\n\n<li>U\u0219or de utilizat cu ecranul s\u0103u tactil;<\/li>\n\n\n\n<li><strong> <\/strong>U\u0219or de utilizat \u0219i de \u00eentre\u021binut, costuri de func\u021bionare reduse.<\/li>\n<\/ul>\n<\/div>\n\n\n\n<div class=\"wp-block-column is-layout-flow wp-block-column-is-layout-flow\">\n<h3 class=\"wp-block-heading\">Caracteristici speciale:<\/h3>\n\n\n\n<ul class=\"wp-block-list\">\n<li>Un sistem de separare pe mai multe niveluri de \u00eenalt\u0103 performan\u021b\u0103 pentru praf fin, praf combustibil \u0219i sc\u00e2ntei;<\/li>\n\n\n\n<li>Eficien\u021b\u0103 de separare de p\u00e2n\u0103 la 99,995% ;<\/li>\n\n\n\n<li>Extrac\u021bie cu sta\u021bie unic\u0103 sau multipl\u0103.<\/li>\n<\/ul>\n<\/div>\n\n\n\n<div class=\"wp-block-column is-layout-flow wp-block-column-is-layout-flow\">\n<h3 class=\"wp-block-heading\">Caracteristici :<\/h3>\n\n\n\n<ul class=\"wp-block-list\">\n<li>\u00cen conformitate cu standardul ATEX;<\/li>\n\n\n\n<li>Func\u021bionare silen\u021bioas\u0103 ;<\/li>\n\n\n\n<li>Op\u021bional: func\u021bionare cu recirculare (reduce costurile de \u00eenc\u0103lzire).<\/li>\n<\/ul>\n<\/div>\n<\/div>\n\n\n\n<div class=\"wp-block-columns is-layout-flex wp-container-core-columns-is-layout-28f84493 wp-block-columns-is-layout-flex\">\n<div class=\"wp-block-column is-layout-flow wp-block-column-is-layout-flow\">\n<figure class=\"wp-block-image size-full is-resized\"><img decoding=\"async\" width=\"600\" height=\"600\" src=\"https:\/\/obera.fr\/wp-content\/uploads\/2022\/11\/norme-atex.jpg\" alt=\"atex standard\" class=\"wp-image-15992\" style=\"width:300px;height:300px\" srcset=\"https:\/\/obera.fr\/wp-content\/uploads\/2022\/11\/norme-atex.jpg 600w, https:\/\/obera.fr\/wp-content\/uploads\/2022\/11\/norme-atex-300x300.jpg 300w, https:\/\/obera.fr\/wp-content\/uploads\/2022\/11\/norme-atex-150x150.jpg 150w\" sizes=\"(max-width: 600px) 100vw, 600px\" \/><\/figure>\n<\/div>\n\n\n\n<div class=\"wp-block-column is-layout-flow wp-block-column-is-layout-flow\">\n<figure class=\"wp-block-image size-full is-resized\"><img decoding=\"async\" width=\"600\" height=\"600\" src=\"https:\/\/obera.fr\/wp-content\/uploads\/2022\/11\/dustomat-hydro-2.jpg\" alt=\"dustomat hidro 2\" class=\"wp-image-15995\" style=\"width:300px;height:300px\" srcset=\"https:\/\/obera.fr\/wp-content\/uploads\/2022\/11\/dustomat-hydro-2.jpg 600w, https:\/\/obera.fr\/wp-content\/uploads\/2022\/11\/dustomat-hydro-2-300x300.jpg 300w, https:\/\/obera.fr\/wp-content\/uploads\/2022\/11\/dustomat-hydro-2-150x150.jpg 150w\" sizes=\"(max-width: 600px) 100vw, 600px\" \/><\/figure>\n<\/div>\n\n\n\n<div class=\"wp-block-column is-layout-flow wp-block-column-is-layout-flow\">\n<figure class=\"wp-block-image size-full is-resized\"><img decoding=\"async\" width=\"600\" height=\"600\" src=\"https:\/\/obera.fr\/wp-content\/uploads\/2022\/11\/vanne-de-vidange.jpg\" alt=\"supap\u0103 de scurgere\" class=\"wp-image-15998\" style=\"width:300px;height:300px\" srcset=\"https:\/\/obera.fr\/wp-content\/uploads\/2022\/11\/vanne-de-vidange.jpg 600w, https:\/\/obera.fr\/wp-content\/uploads\/2022\/11\/vanne-de-vidange-300x300.jpg 300w, https:\/\/obera.fr\/wp-content\/uploads\/2022\/11\/vanne-de-vidange-150x150.jpg 150w\" sizes=\"(max-width: 600px) 100vw, 600px\" \/><\/figure>\n<\/div>\n<\/div>\n\n\n\n<div class=\"wp-block-buttons is-content-justification-center is-layout-flex wp-container-core-buttons-is-layout-a89b3969 wp-block-buttons-is-layout-flex\">\n<div class=\"wp-block-button\"><a class=\"wp-block-button__link wp-element-button\" href=\"https:\/\/obera.fr\/ro\/contact\/\">Testarea DUSTOMAT HYDRO<\/a><\/div>\n<\/div>\n","protected":false},"excerpt":{"rendered":"<p>Descoperi\u021bi gama noastr\u0103 de colectoare de praf umed DUSTOMAT HYDRO, care combin\u0103 performan\u021ba \u0219i eficien\u021ba pentru extragerea substan\u021belor extrem de inflamabile. Colector de praf industrial DUSTOMAT HYDRO : cum func\u021bioneaz\u0103 \u0219i cum se utilizeaz\u0103 ? Principalul punct forte al seriei DUSTOMAT HYDRO este tehnologia sa inovatoare de separare \u00een mai multe etape pentru captarea prafului \u0219i a sc\u00e2nteilor. Aerul poluat este aspirat de un ventilator \u00eencorporat \u00een colectorul de praf. Viteza aerului este redus\u0103, permi\u021b\u00e2nd particulelor grele s\u0103 cad\u0103 \u00eentr-un rezervor de recuperare: aceasta este prima etap\u0103 de pre-separare a particulelor. Aerul trece apoi printr-un hidrociclon, care utilizeaz\u0103 for\u021ba centrifug\u0103 &#8230; <\/p>\n<p class=\"read-more-container\"><a title=\"DUSTOMAT HYDRO : colector de praf umed fix\" class=\"read-more button\" href=\"https:\/\/obera.fr\/ro\/produits\/depoussiereurs-industriels\/fixes\/depoussiereur-a-voie-humide-dustomat-hydro\/#more-46113\" aria-label=\"Cite\u0219te mai multe despre DUSTOMAT HYDRO : colector de praf umed fix\">Lire la suite<\/a><\/p>\n","protected":false},"author":4,"featured_media":83748,"parent":47249,"menu_order":0,"comment_status":"closed","ping_status":"closed","template":"","meta":{"_acf_changed":false,"_seopress_robots_primary_cat":"","_seopress_titles_title":"DUSTOMAT HYDRO sp\u0103l\u0103tor umed de oberA","_seopress_titles_desc":"Descoperi\u021bi gama noastr\u0103 de colectoare de praf umed DUSTOMAT HYDRO, care combin\u0103 performan\u021ba \u0219i eficien\u021ba pentru extragerea substan\u021belor extrem de inflamabile.","_seopress_robots_index":"","footnotes":""},"class_list":{"0":"post-46113","1":"page","2":"type-page","3":"status-publish","4":"has-post-thumbnail","6":"no-featured-image-padding","7":"resize-featured-image"},"acf":[],"_links":{"self":[{"href":"https:\/\/obera.fr\/ro\/wp-json\/wp\/v2\/pages\/46113","targetHints":{"allow":["GET"]}}],"collection":[{"href":"https:\/\/obera.fr\/ro\/wp-json\/wp\/v2\/pages"}],"about":[{"href":"https:\/\/obera.fr\/ro\/wp-json\/wp\/v2\/types\/page"}],"author":[{"embeddable":true,"href":"https:\/\/obera.fr\/ro\/wp-json\/wp\/v2\/users\/4"}],"replies":[{"embeddable":true,"href":"https:\/\/obera.fr\/ro\/wp-json\/wp\/v2\/comments?post=46113"}],"version-history":[{"count":13,"href":"https:\/\/obera.fr\/ro\/wp-json\/wp\/v2\/pages\/46113\/revisions"}],"predecessor-version":[{"id":91986,"href":"https:\/\/obera.fr\/ro\/wp-json\/wp\/v2\/pages\/46113\/revisions\/91986"}],"up":[{"embeddable":true,"href":"https:\/\/obera.fr\/ro\/wp-json\/wp\/v2\/pages\/47249"}],"wp:featuredmedia":[{"embeddable":true,"href":"https:\/\/obera.fr\/ro\/wp-json\/wp\/v2\/media\/83748"}],"wp:attachment":[{"href":"https:\/\/obera.fr\/ro\/wp-json\/wp\/v2\/media?parent=46113"}],"curies":[{"name":"wp","href":"https:\/\/api.w.org\/{rel}","templated":true}]}}