{"id":46424,"date":"2020-08-26T12:42:28","date_gmt":"2020-08-26T10:42:28","guid":{"rendered":"https:\/\/obera.fr\/epur-box\/"},"modified":"2025-04-24T13:15:03","modified_gmt":"2025-04-24T11:15:03","slug":"aspiration-mobile-odeurs-epur-box","status":"publish","type":"page","link":"https:\/\/obera.fr\/ro\/produits\/traitement-cov\/aspiration-mobile-odeurs-epur-box\/","title":{"rendered":"ePUR-BOX"},"content":{"rendered":"\n\n\n\n<h2 class=\"wp-block-heading\">Unitate mobil\u0103 de extrac\u021bie pentru mirosuri \u0219i COV<\/h2>\n\n\n\n<div class=\"wp-block-columns is-layout-flex wp-container-core-columns-is-layout-28f84493 wp-block-columns-is-layout-flex\">\n<div class=\"wp-block-column is-layout-flow wp-block-column-is-layout-flow\" style=\"flex-basis:33.33%\">\n<figure class=\"wp-block-image aligncenter size-full\"><img decoding=\"async\" width=\"1200\" height=\"1200\" src=\"https:\/\/obera.fr\/wp-content\/uploads\/2024\/05\/epurbox-brs.png\" alt=\"epurbox brs\" class=\"wp-image-30328\" srcset=\"https:\/\/obera.fr\/wp-content\/uploads\/2024\/05\/epurbox-brs.png 1200w, https:\/\/obera.fr\/wp-content\/uploads\/2024\/05\/epurbox-brs-300x300.png 300w, https:\/\/obera.fr\/wp-content\/uploads\/2024\/05\/epurbox-brs-1024x1024.png 1024w, https:\/\/obera.fr\/wp-content\/uploads\/2024\/05\/epurbox-brs-150x150.png 150w, https:\/\/obera.fr\/wp-content\/uploads\/2024\/05\/epurbox-brs-768x768.png 768w\" sizes=\"(max-width: 1200px) 100vw, 1200px\" \/><figcaption class=\"wp-element-caption\">ePURBOX  <\/figcaption><\/figure>\n<\/div>\n\n\n\n<div class=\"wp-block-column is-layout-flow wp-block-column-is-layout-flow\" style=\"flex-basis:66.66%\">\n<p><strong>ePUR-BOX<\/strong> este un dispozitiv la \u00eendem\u00e2n\u0103, compact, echipat cu filtrare cu c\u0103rbune activ pentru <a href=\"https:\/\/obera.fr\/ro\/produits\/traitement-cov\/\" data-type=\"URL\" data-id=\"https:\/\/obera.fr\/produits\/traitement-cov\/\">tratarea poluan\u021bilor gazo\u0219i, a COV-urilor \u0219i a mirosurilor<\/a>.<\/p>\n\n\n\n<p>Unitatea este prev\u0103zut\u0103 cu un pre-filtru pentru praf \u0219i vapori. Sistemul principal de filtrare utilizeaz\u0103 cartu\u0219e de c\u0103rbune activ de \u00eenalt\u0103 eficien\u021b\u0103 care pot fi adaptate la poluan\u021bii care trebuie trata\u021bi. Aerul filtrat este aspirat printr-un ventilator EC de \u00eenalt\u0103 eficien\u021b\u0103 (comutare electronic\u0103 de ultim\u0103 tehnologie).  <\/p>\n\n\n\n<p>Aerul curat este evacuat din partea de jos a unit\u0103\u021bii pe 3 laturi. EPURBOX este echipat cu un bra\u021b rotativ de 2 m pentru captarea eficient\u0103 la surs\u0103, c\u00e2t mai aproape posibil de emisiile poluante. <\/p>\n\n\n\n<div class=\"wp-block-columns is-layout-flex wp-container-core-columns-is-layout-28f84493 wp-block-columns-is-layout-flex\">\n<div class=\"wp-block-column is-layout-flow wp-block-column-is-layout-flow\" style=\"flex-basis:33.34%\">\n<div class=\"wp-block-buttons is-content-justification-center is-layout-flex wp-container-core-buttons-is-layout-a89b3969 wp-block-buttons-is-layout-flex\">\n<div class=\"wp-block-button\"><a class=\"wp-block-button__link wp-element-button\" href=\"https:\/\/obera.fr\/wp-content\/uploads\/2025\/04\/brochure-epurbox-atex-brs-en.pdf\">Desc\u0103rca\u021bi bro\u0219ura<\/a><\/div>\n<\/div>\n<\/div>\n\n\n\n<div class=\"wp-block-column is-layout-flow wp-block-column-is-layout-flow\" style=\"flex-basis:33.34%\">\n<div class=\"wp-block-buttons is-horizontal is-content-justification-center is-layout-flex wp-container-core-buttons-is-layout-03627597 wp-block-buttons-is-layout-flex\">\n<div class=\"wp-block-button has-custom-width wp-block-button__width-100\"><a class=\"wp-block-button__link wp-element-button\" href=\"https:\/\/obera.fr\/ro\/contactati-ne\/\">Afl\u0103 mai multe<\/a><\/div>\n<\/div>\n<\/div>\n\n\n\n<div class=\"wp-block-column is-layout-flow wp-block-column-is-layout-flow\" style=\"flex-basis:33.33%\">\n<div class=\"wp-block-buttons is-content-justification-center is-layout-flex wp-container-core-buttons-is-layout-a89b3969 wp-block-buttons-is-layout-flex\">\n<div class=\"wp-block-button btn-devis-source\"><a class=\"wp-block-button__link wp-element-button\" href=\"https:\/\/obera.fr\/ro\/devis\/\">Solicita\u021bi o ofert\u0103<\/a><\/div>\n<\/div>\n\n\n<script>\r\ndocument.addEventListener('DOMContentLoaded', function() {\r\n    \/\/ 1. On cherche le titre H1 de la page\r\n    var h1 = document.querySelector('h1');\r\n    var productTitle = h1 ? h1.innerText.trim() : \"\";\r\n\r\n    \/\/ 2. On cherche les boutons via la classe CSS .btn-devis-source\r\n    var buttons = document.querySelectorAll('.btn-devis-source a');\r\n\r\n    \/\/ 3. Si on a le titre et les boutons, on ajoute le param\u00e8tre\r\n    if (buttons.length > 0 && productTitle !== \"\") {\r\n        var encodedTitle = encodeURIComponent(productTitle);\r\n\r\n        buttons.forEach(function(btn) {\r\n            var currentHref = btn.getAttribute('href');\r\n            \r\n            \/\/ S\u00e9curit\u00e9 pour ne pas ajouter le param\u00e8tre 2 fois\r\n            if (currentHref.indexOf('sujet=') === -1) {\r\n                var separator = currentHref.indexOf('?') !== -1 ? '&' : '?';\r\n                var newLink = currentHref + separator + 'sujet=' + encodedTitle;\r\n                \r\n                btn.setAttribute('href', newLink);\r\n            }\r\n        });\r\n    }\r\n});\r\n<\/script><\/div>\n<\/div>\n<\/div>\n<\/div>\n\n\n\n<div class=\"wp-block-columns is-layout-flex wp-container-core-columns-is-layout-28f84493 wp-block-columns-is-layout-flex\">\n<div class=\"wp-block-column is-layout-flow wp-block-column-is-layout-flow\">\n<h3 class=\"wp-block-heading has-text-align-center\">Beneficii<\/h3>\n\n\n\n<ul class=\"wp-block-list\">\n<li>Captare eficient\u0103 \u0219i precis\u0103 la surs\u0103<\/li>\n\n\n\n<li>Ventilator EC cu randament foarte ridicat<\/li>\n\n\n\n<li>Silen\u021bios<\/li>\n\n\n\n<li>Mobil, u\u0219or \u0219i u\u0219or de manevrat<\/li>\n\n\n\n<li>Amprent\u0103 mic\u0103<\/li>\n\n\n\n<li>\u00centre\u021binere u\u0219oar\u0103 a filtrului<\/li>\n<\/ul>\n<\/div>\n\n\n\n<div class=\"wp-block-column is-layout-flow wp-block-column-is-layout-flow\">\n<h3 class=\"wp-block-heading has-text-align-center\">Caracteristici speciale<\/h3>\n\n\n\n<ul class=\"wp-block-list\">\n<li>Carbon activ de \u00eenalt\u0103 eficien\u021b\u0103<\/li>\n\n\n\n<li>Pre-filtrare pentru praf \u0219i vapori<\/li>\n\n\n\n<li>Bra\u021b de aspira\u021bie autoportant cu structur\u0103 \u00een afara fluxului<\/li>\n<\/ul>\n<\/div>\n\n\n\n<div class=\"wp-block-column is-layout-flow wp-block-column-is-layout-flow\">\n<h3 class=\"wp-block-heading has-text-align-center\">Caracteristici<\/h3>\n\n\n\n<ul class=\"wp-block-list\">\n<li>Eficien\u021b\u0103 ridicat\u0103 de captare<\/li>\n\n\n\n<li>Op\u021bional: filtru specific pentru lipire \u0219i tratament suplimentar cu c\u0103rbune activ.<\/li>\n<\/ul>\n<\/div>\n<\/div>\n\n\n\n<h2 class=\"wp-block-heading\">Aplica\u021bii<\/h2>\n\n\n\n<div class=\"wp-block-columns is-layout-flex wp-container-core-columns-is-layout-28f84493 wp-block-columns-is-layout-flex\">\n<div class=\"wp-block-column is-layout-flow wp-block-column-is-layout-flow\">\n<h3 class=\"wp-block-heading has-text-align-center\">Poluan\u021bi<\/h3>\n\n\n\n<hr class=\"wp-block-separator has-css-opacity is-style-wide\"\/>\n\n\n\n<div class=\"wp-block-columns is-layout-flex wp-container-core-columns-is-layout-28f84493 wp-block-columns-is-layout-flex\">\n<div class=\"wp-block-column is-layout-flow wp-block-column-is-layout-flow\">\n<figure class=\"wp-block-image aligncenter size-large is-resized\"><img decoding=\"async\" width=\"70\" height=\"70\" src=\"https:\/\/obera.fr\/wp-content\/uploads\/2020\/08\/polluants-poussieres.jpg\" alt=\"Poluan\u021bi Praf\" class=\"wp-image-675\" style=\"width:83px;height:undefinedpx\"\/><figcaption class=\"wp-element-caption\">Praf<\/figcaption><\/figure>\n\n\n\n<figure class=\"wp-block-image aligncenter size-large is-resized\"><img decoding=\"async\" width=\"70\" height=\"70\" src=\"https:\/\/obera.fr\/wp-content\/uploads\/2020\/09\/cov.png\" alt=\"Cov\" class=\"wp-image-959\" style=\"width:83px;height:undefinedpx\"\/><figcaption class=\"wp-element-caption\">VOCS<\/figcaption><\/figure>\n<\/div>\n\n\n\n<div class=\"wp-block-column is-layout-flow wp-block-column-is-layout-flow\">\n<figure class=\"wp-block-image aligncenter size-large is-resized\"><img decoding=\"async\" width=\"70\" height=\"70\" src=\"https:\/\/obera.fr\/wp-content\/uploads\/2020\/08\/industrie-odeur.jpg\" alt=\"Odoare industrial\u0103\" class=\"wp-image-723\" style=\"width:83px;height:undefinedpx\"\/><figcaption class=\"wp-element-caption\">Mirosuri<\/figcaption><\/figure>\n\n\n\n<figure class=\"wp-block-image aligncenter size-large is-resized\"><img decoding=\"async\" width=\"70\" height=\"70\" src=\"https:\/\/obera.fr\/wp-content\/uploads\/2020\/08\/polluants-copeaux-bois.jpg\" alt=\"Poluan\u021bi A\u0219chii de lemn\" class=\"wp-image-674\" style=\"width:83px;height:undefinedpx\"\/><figcaption class=\"wp-element-caption\">Chipsuri<\/figcaption><\/figure>\n<\/div>\n<\/div>\n<\/div>\n\n\n\n<div class=\"wp-block-column is-layout-flow wp-block-column-is-layout-flow\">\n<h3 class=\"wp-block-heading has-text-align-center\">Industrii<\/h3>\n\n\n\n<hr class=\"wp-block-separator has-css-opacity is-style-wide\"\/>\n\n\n\n<div class=\"wp-block-columns is-layout-flex wp-container-core-columns-is-layout-28f84493 wp-block-columns-is-layout-flex\">\n<div class=\"wp-block-column is-layout-flow wp-block-column-is-layout-flow\">\n<figure class=\"wp-block-image aligncenter size-large is-resized\"><img decoding=\"async\" width=\"70\" height=\"70\" src=\"https:\/\/obera.fr\/wp-content\/uploads\/2020\/08\/industrie-metallurgie.jpg\" alt=\"Industria metalurgic\u0103\" class=\"wp-image-673\" style=\"width:83px;height:undefinedpx\"\/><figcaption class=\"wp-element-caption\">Metalurgie<\/figcaption><\/figure>\n\n\n\n<figure class=\"wp-block-image aligncenter size-large is-resized\"><img decoding=\"async\" width=\"70\" height=\"70\" src=\"https:\/\/obera.fr\/wp-content\/uploads\/2020\/08\/industrie-plastique.jpg\" alt=\"Industria maselor plastice\" class=\"wp-image-669\" style=\"width:83px;height:undefinedpx\"\/><figcaption class=\"wp-element-caption\">Materiale plastice<\/figcaption><\/figure>\n<\/div>\n\n\n\n<div class=\"wp-block-column is-layout-flow wp-block-column-is-layout-flow\">\n<figure class=\"wp-block-image aligncenter size-large is-resized\"><img decoding=\"async\" width=\"70\" height=\"70\" src=\"https:\/\/obera.fr\/wp-content\/uploads\/2020\/10\/industrie-electronique.jpg\" alt=\"Industria electronic\u0103\" class=\"wp-image-1283\" style=\"width:83px;height:undefinedpx\"\/><figcaption class=\"wp-element-caption\">Electronic\u0103<\/figcaption><\/figure>\n<\/div>\n<\/div>\n<\/div>\n<\/div>\n\n\n\n<div class=\"wp-block-buttons is-horizontal is-content-justification-center is-layout-flex wp-container-core-buttons-is-layout-03627597 wp-block-buttons-is-layout-flex\">\n<div class=\"wp-block-button has-custom-width wp-block-button__width-100\"><a class=\"wp-block-button__link wp-element-button\" href=\"https:\/\/obera.fr\/ro\/contactati-ne\/\">Afl\u0103 mai multe<\/a><\/div>\n<\/div>\n\n\n\n<h2 class=\"wp-block-heading\">Specifica\u021bii tehnice<\/h2>\n\n\n\n<figure class=\"wp-block-table\"><table class=\"has-fixed-layout\"><thead><tr><th>Dispozitiv<\/th><th><\/th><th>ePUR-BOX<\/th><\/tr><\/thead><tbody><tr><td>Flux<\/td><td>m3\/h<\/td><td>1 000<\/td><\/tr><tr><td>Diametrul de intrare<\/td><td>mm<\/td><td>140<\/td><\/tr><tr><td>presiune negativ\u0103 maxim\u0103<\/td><td>Pa<\/td><td>1 350<\/td><\/tr><tr><td>Tensiunea de alimentare<\/td><td>V<\/td><td>230<\/td><\/tr><tr><td>Putere<\/td><td>kW<\/td><td>0.5<\/td><\/tr><tr><td>Cantitatea de c\u0103rbune activ<\/td><td>kg<\/td><td>13<\/td><\/tr><tr><td>Dimensiuni<\/td><td>l\/L\/h (mm)<\/td><td>794 x 690 x 1 130<\/td><\/tr><tr><td>Greutate (cu bra\u021be)<\/td><td>kg<\/td><td>100<\/td><\/tr><tr><td>Nivelul de zgomot<\/td><td>dB(A)<\/td><td>74<\/td><\/tr><\/tbody><\/table><\/figure>\n\n\n\n<hr class=\"wp-block-separator has-css-opacity is-style-dots\"\/>\n\n\n\n<h2 class=\"wp-block-heading\">Alte substan\u021be industriale de distrugere a COV \u0219i a mirosurilor<\/h2>\n\n\n\n<div class=\"wp-block-columns is-layout-flex wp-container-core-columns-is-layout-28f84493 wp-block-columns-is-layout-flex\">\n<div class=\"wp-block-column is-layout-flow wp-block-column-is-layout-flow\">\n<figure class=\"wp-block-image aligncenter size-medium is-resized\"><a href=\"https:\/\/obera.fr\/produits\/purificateurs-air\/professionnel-epur-ca\/\"><img decoding=\"async\" width=\"300\" height=\"300\" src=\"https:\/\/obera.fr\/wp-content\/uploads\/2022\/02\/EPUR30-CA-300x300.png\" alt=\"epur30 ca\" class=\"wp-image-8923\" style=\"width:225px;height:225px\" srcset=\"https:\/\/obera.fr\/wp-content\/uploads\/2022\/02\/EPUR30-CA-300x300.png 300w, https:\/\/obera.fr\/wp-content\/uploads\/2022\/02\/EPUR30-CA-150x150.png 150w, https:\/\/obera.fr\/wp-content\/uploads\/2022\/02\/EPUR30-CA.png 500w\" sizes=\"(max-width: 300px) 100vw, 300px\" \/><\/a><figcaption class=\"wp-element-caption\">ePUR CA<\/figcaption><\/figure>\n<\/div>\n\n\n\n<div class=\"wp-block-column is-layout-flow wp-block-column-is-layout-flow\">\n<figure class=\"wp-block-image aligncenter size-medium is-resized\"><a href=\"https:\/\/obera.fr\/produits\/traitement-cov\/filtre-anti-poussiere-epur010-b-ca\/\"><img decoding=\"async\" width=\"300\" height=\"300\" src=\"https:\/\/obera.fr\/wp-content\/uploads\/2020\/09\/ePUR010B-CA-300x300.png\" alt=\"ePUR010 B CA\" class=\"wp-image-1038\" style=\"width:225px;height:225px\" srcset=\"https:\/\/obera.fr\/wp-content\/uploads\/2020\/09\/ePUR010B-CA-300x300.png 300w, https:\/\/obera.fr\/wp-content\/uploads\/2020\/09\/ePUR010B-CA-150x150.png 150w, https:\/\/obera.fr\/wp-content\/uploads\/2020\/09\/ePUR010B-CA.png 433w\" sizes=\"(max-width: 300px) 100vw, 300px\" \/><\/a><figcaption class=\"wp-element-caption\">ePUR010 B CA<\/figcaption><\/figure>\n\n\n\n<figure class=\"wp-block-image aligncenter size-medium is-resized\"><a href=\"https:\/\/obera.fr\/produits\/traitement-cov\/filtre-atex-mobile-mobfan-4500\/\"><img decoding=\"async\" width=\"300\" height=\"300\" src=\"https:\/\/obera.fr\/wp-content\/uploads\/2022\/03\/Filtre-mobile-ATEX-MOBFAN4500-300x300.png\" alt=\"filtru mobil atex mobfan4500\" class=\"wp-image-9464\" style=\"width:225px;height:225px\" srcset=\"https:\/\/obera.fr\/wp-content\/uploads\/2022\/03\/Filtre-mobile-ATEX-MOBFAN4500-300x300.png 300w, https:\/\/obera.fr\/wp-content\/uploads\/2022\/03\/Filtre-mobile-ATEX-MOBFAN4500-150x150.png 150w, https:\/\/obera.fr\/wp-content\/uploads\/2022\/03\/Filtre-mobile-ATEX-MOBFAN4500.png 500w\" sizes=\"(max-width: 300px) 100vw, 300px\" \/><\/a><figcaption class=\"wp-element-caption\">MOBFAN 4500<\/figcaption><\/figure>\n<\/div>\n\n\n\n<div class=\"wp-block-column is-layout-flow wp-block-column-is-layout-flow\">\n<figure class=\"wp-block-image aligncenter size-medium is-resized\"><a href=\"https:\/\/obera.fr\/produits\/depoussiereurs-industriels\/petits\/aspiration-fumees-soudage-laser-epur-b-ex\/\"><img decoding=\"async\" width=\"300\" height=\"300\" src=\"https:\/\/obera.fr\/wp-content\/uploads\/2023\/10\/epurb-ex-1000-3000-5000-300x300.png\" alt=\"oberA epur b ex 1000 3000 5000\" class=\"wp-image-25016\" style=\"width:225px;height:225px\" srcset=\"https:\/\/obera.fr\/wp-content\/uploads\/2023\/10\/epurb-ex-1000-3000-5000-300x300.png 300w, https:\/\/obera.fr\/wp-content\/uploads\/2023\/10\/epurb-ex-1000-3000-5000-150x150.png 150w, https:\/\/obera.fr\/wp-content\/uploads\/2023\/10\/epurb-ex-1000-3000-5000.png 600w\" sizes=\"(max-width: 300px) 100vw, 300px\" \/><\/a><figcaption class=\"wp-element-caption\">Epur B Ex<\/figcaption><\/figure>\n<\/div>\n<\/div>\n","protected":false},"excerpt":{"rendered":"<p>Unitate mobil\u0103 de extrac\u021bie pentru mirosuri \u0219i COV ePUR-BOX este un dispozitiv la \u00eendem\u00e2n\u0103, compact, echipat cu filtrare cu c\u0103rbune activ pentru tratarea poluan\u021bilor gazo\u0219i, a COV-urilor \u0219i a mirosurilor. Unitatea este prev\u0103zut\u0103 cu un pre-filtru pentru praf \u0219i vapori. Sistemul principal de filtrare utilizeaz\u0103 cartu\u0219e de c\u0103rbune activ de \u00eenalt\u0103 eficien\u021b\u0103 care pot fi adaptate la poluan\u021bii care trebuie trata\u021bi. Aerul filtrat este aspirat printr-un ventilator EC de \u00eenalt\u0103 eficien\u021b\u0103 (comutare electronic\u0103 de ultim\u0103 tehnologie). Aerul curat este evacuat din partea de jos a unit\u0103\u021bii pe 3 laturi. EPURBOX este echipat cu un bra\u021b rotativ de 2 m pentru &#8230; <\/p>\n<p class=\"read-more-container\"><a title=\"ePUR-BOX\" class=\"read-more button\" href=\"https:\/\/obera.fr\/ro\/produits\/traitement-cov\/aspiration-mobile-odeurs-epur-box\/#more-46424\" aria-label=\"Cite\u0219te mai multe despre ePUR-BOX\">Lire la suite<\/a><\/p>\n","protected":false},"author":4,"featured_media":37415,"parent":46481,"menu_order":0,"comment_status":"closed","ping_status":"closed","template":"","meta":{"_acf_changed":false,"_seopress_robots_primary_cat":"","_seopress_titles_title":"ePUR-BOX: unitate mobil\u0103 de extrac\u021bie pentru mirosuri \u0219i COV-uri","_seopress_titles_desc":"ePUR-BOX este o unitate la \u00eendem\u00e2n\u0103, compact\u0103, cu filtrare prin satura\u021bie pentru lucr\u0103ri de sudur\u0103 ocazionale.","_seopress_robots_index":"","footnotes":""},"class_list":{"0":"post-46424","1":"page","2":"type-page","3":"status-publish","4":"has-post-thumbnail","6":"no-featured-image-padding","7":"resize-featured-image"},"acf":[],"_links":{"self":[{"href":"https:\/\/obera.fr\/ro\/wp-json\/wp\/v2\/pages\/46424","targetHints":{"allow":["GET"]}}],"collection":[{"href":"https:\/\/obera.fr\/ro\/wp-json\/wp\/v2\/pages"}],"about":[{"href":"https:\/\/obera.fr\/ro\/wp-json\/wp\/v2\/types\/page"}],"author":[{"embeddable":true,"href":"https:\/\/obera.fr\/ro\/wp-json\/wp\/v2\/users\/4"}],"replies":[{"embeddable":true,"href":"https:\/\/obera.fr\/ro\/wp-json\/wp\/v2\/comments?post=46424"}],"version-history":[{"count":15,"href":"https:\/\/obera.fr\/ro\/wp-json\/wp\/v2\/pages\/46424\/revisions"}],"predecessor-version":[{"id":88782,"href":"https:\/\/obera.fr\/ro\/wp-json\/wp\/v2\/pages\/46424\/revisions\/88782"}],"up":[{"embeddable":true,"href":"https:\/\/obera.fr\/ro\/wp-json\/wp\/v2\/pages\/46481"}],"wp:featuredmedia":[{"embeddable":true,"href":"https:\/\/obera.fr\/ro\/wp-json\/wp\/v2\/media\/37415"}],"wp:attachment":[{"href":"https:\/\/obera.fr\/ro\/wp-json\/wp\/v2\/media?parent=46424"}],"curies":[{"name":"wp","href":"https:\/\/api.w.org\/{rel}","templated":true}]}}