{"id":46481,"date":"2020-05-01T17:18:19","date_gmt":"2020-05-01T15:18:19","guid":{"rendered":"https:\/\/obera.fr\/produsele-noastre\/tratarea-cov-si-a-mirosurilor\/"},"modified":"2025-04-22T09:35:24","modified_gmt":"2025-04-22T07:35:24","slug":"traitement-cov","status":"publish","type":"page","link":"https:\/\/obera.fr\/ro\/produits\/traitement-cov\/","title":{"rendered":"Tratarea COV \u0219i a mirosurilor"},"content":{"rendered":"\n<p><strong>Distrug\u0103toarele<\/strong> noastre <strong>industriale de COV \u0219i mirosuri<\/strong> sunt o gam\u0103 de echipamente special concepute pentru <strong>tratarea poluan\u021bilor gazo\u0219i<\/strong>, cum ar fi compu\u0219ii organici volatili (COV), mirosurile, fumurile \u0219i diver\u0219i compu\u0219i chimici. Echipamentul nostru este potrivit pentru toate tipurile de industrie. Datorit\u0103 filtr\u0103rii moleculare cu ajutorul c\u0103rbunelui activ, poluan\u021bii sunt filtra\u021bi \u0219i capta\u021bi prin adsorb\u021bie.  <\/p>\n\n<p>Procesele industriale \u0219i produsele utilizate la locul de munc\u0103 elibereaz\u0103 poluan\u021bi gazo\u0219i cunoscu\u021bi sub denumirea de COV. Ace\u0219ti poluan\u021bi sunt \u00een general compu\u0219i deriva\u021bi din hidrocarburi, solven\u021bi, compu\u0219i ai sulfului etc. <\/p>\n\n<p>Acolo unde este posibil, compu\u0219ii organici volatili (COV) trebuie <strong>extra\u0219i<\/strong>, <strong>trata\u021bi<\/strong> \u0219i apoi <strong>evacua\u021bi \u00een exterior<\/strong>.<\/p>\n\n<p>\u00cen multe cazuri, acest lucru nu este posibil, iar un sistem mobil de captare a surselor sau de tratare a mediului ambiant \u00een apropierea postului de lucru poate reduce semnificativ expunerea operatorului.<\/p>\n\n\n<h2 class=\"wp-block-heading\">Gama noastr\u0103 de eliminatori de mirosuri industriale \u0219i COV<\/h2>\n\n<div class=\"wp-block-columns is-layout-flex wp-container-core-columns-is-layout-28f84493 wp-block-columns-is-layout-flex\">\n<div class=\"wp-block-column is-layout-flow wp-block-column-is-layout-flow\">\n<h3 class=\"wp-block-heading has-text-align-center\"><a href=\"https:\/\/obera.fr\/ro\/produits\/purificateurs-air\/professionnel-epur-ca\/\">EPUR CA: Tratarea mediului<\/a><\/h3>\n\n\n\n<figure class=\"wp-block-image aligncenter size-medium\"><a href=\"https:\/\/obera.fr\/produits\/purificateurs-air\/professionnel-epur-ca\/\"><img decoding=\"async\" width=\"300\" height=\"300\" src=\"https:\/\/obera.fr\/wp-content\/uploads\/2020\/09\/gamme-epur-ca-300x300.jpg\" alt=\"Gama Epur Ca\" class=\"wp-image-1015\" srcset=\"https:\/\/obera.fr\/wp-content\/uploads\/2020\/09\/gamme-epur-ca-300x300.jpg 300w, https:\/\/obera.fr\/wp-content\/uploads\/2020\/09\/gamme-epur-ca-150x150.jpg 150w, https:\/\/obera.fr\/wp-content\/uploads\/2020\/09\/gamme-epur-ca.jpg 433w\" sizes=\"(max-width: 300px) 100vw, 300px\" \/><\/a><figcaption class=\"wp-element-caption\">ePUR CA<\/figcaption><\/figure>\n\n\n\n<p><a href=\"https:\/\/obera.fr\/ro\/produits\/purificateurs-air\/professionnel-epur-ca\/\" data-type=\"page\" data-id=\"409\">EPUR CA<\/a>, un sistem mobil profesional de tratare a aerului care nu necesit\u0103 conducte sau asamblare. Conceput pentru captarea ambiental\u0103, acesta este adesea utilizat \u00eempreun\u0103 cu captarea la surs\u0103 pentru a extrage \u0219i filtra COV \u0219i al\u021bi poluan\u021bi gazo\u0219i prin adsorb\u021bie. Tipul de c\u0103rbune activ poate fi ales dintr-o gam\u0103 larg\u0103, \u00een func\u021bie \u00een special de poluantul care urmeaz\u0103 s\u0103 fie tratat, pentru o eficien\u021b\u0103 optim\u0103.    <\/p>\n\n\n\n<p><a href=\"https:\/\/obera.fr\/ro\/produits\/purificateurs-air\/\" data-type=\"page\" data-id=\"26\">Purificatoarele de aer ePUR CA<\/a> trateaz\u0103 \u0219i reduc semnificativ disconfortul olfactiv din locuin\u021b\u0103. Mirosurile sunt re\u021binute \u00een mod eficient. <\/p>\n\n\n\n<p><\/p>\n<\/div>\n<\/div>\n\n<div class=\"wp-block-columns is-layout-flex wp-container-core-columns-is-layout-28f84493 wp-block-columns-is-layout-flex\">\n<div class=\"wp-block-column is-layout-flow wp-block-column-is-layout-flow\">\n<h3 class=\"wp-block-heading has-text-align-center\"><a href=\"https:\/\/obera.fr\/ro\/produits\/traitement-cov\/filtre-anti-poussiere-epur010-b-ca\/\">EPUR 10 B CA<\/a><\/h3>\n\n\n\n<figure class=\"wp-block-image aligncenter size-medium\"><a href=\"https:\/\/obera.fr\/produits\/traitement-cov\/filtre-anti-poussiere-epur010-b-ca\/\"><img decoding=\"async\" width=\"300\" height=\"300\" src=\"https:\/\/obera.fr\/wp-content\/uploads\/2020\/09\/ePUR010B-CA-300x300.png\" alt=\"Epur 010 b Ca\" class=\"wp-image-1038\" srcset=\"https:\/\/obera.fr\/wp-content\/uploads\/2020\/09\/ePUR010B-CA-300x300.png 300w, https:\/\/obera.fr\/wp-content\/uploads\/2020\/09\/ePUR010B-CA-150x150.png 150w, https:\/\/obera.fr\/wp-content\/uploads\/2020\/09\/ePUR010B-CA.png 433w\" sizes=\"(max-width: 300px) 100vw, 300px\" \/><\/a><figcaption class=\"wp-element-caption\">ePUR 10 B CA<\/figcaption><\/figure>\n\n\n\n<p><a href=\"https:\/\/obera.fr\/ro\/produits\/traitement-cov\/filtre-anti-poussiere-epur010-b-ca\/\" data-type=\"page\" data-id=\"426\">EPUR 10 B CA<\/a> este un <strong>sistem mobil profesional pentru captarea la surs\u0103<\/strong> \u0219i <strong>tratarea poluan\u021bilor gazo\u0219i, cum ar fi vapori<\/strong>, <strong>COV<\/strong> \u0219i <strong>mirosuri, folosind un filtru cu c\u0103rbune activ<\/strong>&#8230;  <\/p>\n\n\n\n<p>Acest dispozitiv nu numai c\u0103 \u00eembun\u0103t\u0103\u021be\u0219te calitatea aerului din spa\u021biul dvs. de lucru, dar asigur\u0103 \u0219i respectarea limitelor de expunere profesional\u0103<a href=\"https:\/\/obera.fr\/conseils\/reglementation-vlep-evaluation-risque-chimique-lieu-de-travail\/\" data-type=\"post\" data-id=\"6575\">(OEL<\/a>). Acesta poate fi utilizat ca dispozitiv de captare a surselor atunci c\u00e2nd este prev\u0103zut cu un bra\u021b. Capota \u0219i bra\u021bul sunt u\u0219or de \u00eendep\u0103rtat, iar dispozitivul devine un purificator de aer ambiental. Aceast\u0103 unitate poate fi echipat\u0103 cu una sau 2 etape de filtrare molecular\u0103 (c\u0103rbune activ sau al\u021bi adsorban\u021bi) \u0219i\/sau 1 sau 2 etape preliminare de filtrare a particulelor.   <\/p>\n<\/div>\n\n\n\n<div class=\"wp-block-column is-layout-flow wp-block-column-is-layout-flow\">\n<h3 class=\"wp-block-heading has-text-align-center\"><a href=\"https:\/\/obera.fr\/ro\/produits\/traitement-cov\/aspiration-mobile-odeurs-epur-box\/\">EPUR-BOX<\/a><\/h3>\n\n\n\n<figure class=\"wp-block-image aligncenter size-medium is-resized\"><a href=\"https:\/\/obera.fr\/produits\/traitement-cov\/aspiration-mobile-odeurs-epur-box\/\"><img decoding=\"async\" width=\"300\" height=\"300\" src=\"https:\/\/obera.fr\/wp-content\/uploads\/2024\/05\/epurbox-brs-300x300.png\" alt=\"epurbox brs\" class=\"wp-image-30328\" style=\"object-fit:cover\" srcset=\"https:\/\/obera.fr\/wp-content\/uploads\/2024\/05\/epurbox-brs-300x300.png 300w, https:\/\/obera.fr\/wp-content\/uploads\/2024\/05\/epurbox-brs-1024x1024.png 1024w, https:\/\/obera.fr\/wp-content\/uploads\/2024\/05\/epurbox-brs-150x150.png 150w, https:\/\/obera.fr\/wp-content\/uploads\/2024\/05\/epurbox-brs-768x768.png 768w, https:\/\/obera.fr\/wp-content\/uploads\/2024\/05\/epurbox-brs.png 1200w\" sizes=\"(max-width: 300px) 100vw, 300px\" \/><\/a><figcaption class=\"wp-element-caption\">ePURBOX  <\/figcaption><\/figure>\n\n\n\n<p><a href=\"https:\/\/obera.fr\/ro\/produits\/traitement-cov\/aspiration-mobile-odeurs-epur-box\/\" data-type=\"page\" data-id=\"417\">EPUR-BOX<\/a> este un <strong>eliminator de mirosuri<\/strong> <strong>compact<\/strong> <strong>, mobil,<\/strong> cu filtrare prin satura\u021bie pentru lucr\u0103ri de sudur\u0103 ocazionale. Un pre-filtru pentru praf \u0219i vapori \u0219i un filtru principal cu c\u0103rbune activ de \u00eenalt\u0103 eficien\u021b\u0103, adaptabil la poluan\u021bii care trebuie trata\u021bi, permit reintroducerea aerului filtrat \u00een spa\u021biul de lucru prin intermediul celor trei laturi ale p\u0103r\u021bii inferioare a unit\u0103\u021bii.   <\/p>\n\n\n\n<p>EPUR-BOX este <strong>echipat cu un bra\u021b rotativ<\/strong> de doi metri pentru captarea eficient\u0103 a surselor. Se utilizeaz\u0103 de obicei \u00een industria metalurgic\u0103, a materialelor plastice \u0219i electronic\u0103. <\/p>\n<\/div>\n<\/div>\n\n<div style=\"height:25px\" aria-hidden=\"true\" class=\"wp-block-spacer\"><\/div>\n\n<div class=\"wp-block-columns is-layout-flex wp-container-core-columns-is-layout-28f84493 wp-block-columns-is-layout-flex\">\n<div class=\"wp-block-column is-layout-flow wp-block-column-is-layout-flow\">\n<h3 class=\"wp-block-heading has-text-align-center\"><a href=\"https:\/\/obera.fr\/ro\/produits\/depoussiereurs-industriels\/petits\/aspiration-fumees-soudage-laser-epur-b-ex\/\" data-type=\"page\" data-id=\"480\">EPUR B EX 1000<\/a><\/h3>\n\n\n\n<figure class=\"wp-block-image aligncenter size-medium is-resized\"><a href=\"https:\/\/obera.fr\/produits\/depoussiereurs-industriels\/petits\/aspiration-fumees-soudage-laser-epur-b-ex\/\"><img decoding=\"async\" width=\"300\" height=\"300\" src=\"https:\/\/obera.fr\/wp-content\/uploads\/2022\/02\/ePURBEX-1000-300x300.png\" alt=\"epurbex 1000\" class=\"wp-image-8921\" srcset=\"https:\/\/obera.fr\/wp-content\/uploads\/2022\/02\/ePURBEX-1000-300x300.png 300w, https:\/\/obera.fr\/wp-content\/uploads\/2022\/02\/ePURBEX-1000-150x150.png 150w, https:\/\/obera.fr\/wp-content\/uploads\/2022\/02\/ePURBEX-1000.png 500w\" sizes=\"(max-width: 300px) 100vw, 300px\" \/><\/a><\/figure>\n\n\n\n<p><a href=\"https:\/\/obera.fr\/ro\/produits\/depoussiereurs-industriels\/petits\/aspiration-fumees-soudage-laser-epur-b-ex\/\" data-type=\"page\" data-id=\"480\">Colectorul de praf EPUR B Ex<\/a> este o <strong>unitate mobil\u0103 de aspirare pentru distrugerea mirosurilor \u0219i a COV, dotat\u0103 cu filtre cu c\u0103rbune activ<\/strong>.<\/p>\n\n\n\n<p>Este potrivit \u00een special pentru<strong>extragerea vaporilor mirositori<\/strong> <strong>\u0219i a COV<\/strong> din procesele care degradeaz\u0103 materiale organice sau vaporizeaz\u0103 metale (imprimare 3D, produc\u021bie aditiv\u0103, gravur\u0103 cu laser, lipire, lipire, cur\u0103\u021bare cu solven\u021bi etc.).<\/p>\n\n\n\n<p>Acest dispozitiv are un vid ridicat \u0219i este utilizat pentru a colecta aerul la surs\u0103 prin intermediul unuia sau a dou\u0103 furtunuri de aspira\u021bie \u0219i\/sau prin intermediul unui bra\u021b pozi\u021bionat pe capacul superior al dispozitivului.<\/p>\n\n\n\n<p>Acesta poate fi echipat cu 1 sau 2 etape de filtrare molecular\u0103 (c\u0103rbune activ) \u0219i\/sau 1 sau 2 etape preliminare de filtrare a particulelor. Silen\u021bios \u0219i puternic, pute\u021bi aspira p\u00e2n\u0103 la trei sta\u021bii de lucru mici sau ma\u0219ini de produc\u021bie mici. Aceste colectoare de praf sunt adecvate pentru utilizarea \u00een <a href=\"https:\/\/obera.fr\/ro\/produits\/atex\/\" data-type=\"page\" data-id=\"372\">zona ATEX 22<\/a>.  <\/p>\n<\/div>\n\n\n\n<div class=\"wp-block-column is-layout-flow wp-block-column-is-layout-flow\">\n<h3 class=\"wp-block-heading has-text-align-center\"><a href=\"https:\/\/obera.fr\/ro\/produits\/traitement-cov\/filtre-atex-mobile-mobfan-4500\/\" data-type=\"page\" data-id=\"9461\">MOBFAN 4500<\/a><\/h3>\n\n\n\n<figure class=\"wp-block-image aligncenter size-medium is-resized\"><a href=\"https:\/\/obera.fr\/produits\/traitement-cov\/filtre-atex-mobile-mobfan-4500\/\"><img decoding=\"async\" width=\"300\" height=\"300\" src=\"https:\/\/obera.fr\/wp-content\/uploads\/2022\/03\/Filtre-mobile-ATEX-MOBFAN4500-300x300.png\" alt=\"filtru mobil atex mobfan4500\" class=\"wp-image-9464\" srcset=\"https:\/\/obera.fr\/wp-content\/uploads\/2022\/03\/Filtre-mobile-ATEX-MOBFAN4500-300x300.png 300w, https:\/\/obera.fr\/wp-content\/uploads\/2022\/03\/Filtre-mobile-ATEX-MOBFAN4500-150x150.png 150w, https:\/\/obera.fr\/wp-content\/uploads\/2022\/03\/Filtre-mobile-ATEX-MOBFAN4500.png 500w\" sizes=\"(max-width: 300px) 100vw, 300px\" \/><\/a><\/figure>\n\n\n\n<p><a href=\"https:\/\/obera.fr\/ro\/produits\/traitement-cov\/filtre-atex-mobile-mobfan-4500\/\" data-type=\"page\" data-id=\"9461\">Filtrul inovator cu carbon activ MOBFAN 4500 ATEX <\/a>este special conceput pentru a trata mirosurile, solven\u021bii, COV \u0219i al\u021bi poluan\u021bi gazo\u0219i.  <\/p>\n\n\n\n<p>Aparatul se adapteaz\u0103 perfect nevoilor dumneavoastr\u0103, deoarece poate fi conectat la orice sistem de aspira\u021bie: mas\u0103 de aspira\u021bie, sp\u0103tar de aspira\u021bie, conducte, canale, bra\u021be de aspira\u021bie etc.  <\/p>\n\n\n\n<p>Aerul este aspirat de un ventilator de 4500m3\/h \u0219i suflat direct printr-un cartu\u0219 de 36 kg \u00eenc\u0103rcat cu c\u0103rbune activ (18,5 kg).  <\/p>\n\n\n\n<p><strong>MOBFAN 4500 este certificat ATEX zona de praf 22 \u0219i ATEX zona de gaz 2.<\/strong><\/p>\n<\/div>\n<\/div>\n\n<p>Filtrele noastre sunt fabricate din <strong>carbon activ granular<\/strong>, ceea ce le confer\u0103 o durat\u0103 de via\u021b\u0103 mai lung\u0103 \u0219i le face mai u\u0219oare. Acest lucru le va cre\u0219te, de asemenea, eficien\u021ba, spre deosebire de fibra de carbon activ. <\/p>\n\n<h2 class=\"wp-block-heading\">Cum s\u0103 alege\u021bi sistemul corect de eliminare a mirosurilor \u0219i a COV?<\/h2>\n\n<p>Este esen\u021bial s\u0103 alege\u021bi sistemul de filtrare potrivit, \u00een caz contrar aparatul poate fi nepotrivit \u0219i poate necesita \u00eenlocuirea consumabilelor prea des, sau se poate uza foarte repede \u0219i nu mai func\u021bioneaz\u0103.<\/p>\n\n<p>Iat\u0103 care sunt principalele capcane de evitat:<\/p>\n\n<ul class=\"wp-block-list\">\n<li><strong>Aspirarea poluan\u021bilor gazo\u0219i cu un con\u021binut ridicat de praf<\/strong>: \u00een acest caz, prefiltrele de satura\u021bie se \u00eenfund\u0103 foarte repede \u0219i necesit\u0103 \u00eentre\u021binere periodic\u0103. Prin urmare, este preferabil s\u0103 se opteze pentru filtrarea particulelor cu ajutorul unui colector de praf de cur\u0103\u021bare<a href=\"https:\/\/obera.fr\/ro\/produits\/depoussiereurs-industriels\/mobiles\/extracteur-poussiere-pulverulente-dustomat-16m\/\" data-type=\"page\" data-id=\"449\">(DUSTOMAT 16<\/a> sau <a href=\"https:\/\/obera.fr\/ro\/produits\/depoussiereurs-industriels\/mobiles\/extracteur-poussiere-dustomat-4\/\" data-type=\"page\" data-id=\"440\">DUSTOMAT 4<\/a>, de exemplu) combinat cu o etap\u0103 suplimentar\u0103 de filtrare cu c\u0103rbune activ. <\/li>\n\n\n\n<li><strong>Poluan\u021bii imposibil sau dificil de tratat cu c\u0103rbune activ<\/strong>: nu to\u021bi poluan\u021bii pot fi adsorbi\u021bi de c\u0103rbunele activ. A se vedea lista principalilor poluan\u021bi \u0219i capacitatea lor de adsorb\u021bie) link c\u0103tre fi\u0219ierul &#8222;Poten\u021bialul de adsorb\u021bie al poluan\u021bilor&#8221;. <\/li>\n<\/ul>\n\n<p>Dac\u0103 efectua\u021bi singur c\u0103utarea, asigura\u021bi-v\u0103 c\u0103 v\u0103 informa\u021bi cu privire la capacitatea de <strong>filtrare a unit\u0103\u021bii<\/strong>. Aceasta va depinde de poluant, de starea acestuia (solid sau gazos) \u0219i de cantitatea sa. Acest lucru v\u0103 va permite s\u0103 selecta\u021bi tipul de filtru pe care ar trebui s\u0103 \u00eel aib\u0103 colectorul de praf. \u00cen al doilea r\u00e2nd, trebuie s\u0103 afla\u021bi despre puterea unit\u0103\u021bii, cu alte cuvinte, debitul acesteia. Din nou, <strong>debitul unit\u0103\u021bii<\/strong> va depinde de cantitatea poluantului dumneavoastr\u0103, dar \u0219i de suprafa\u021ba spa\u021biului care urmeaz\u0103 s\u0103 fie tratat. Cu c\u00e2t spa\u021biul este mai mare, cu at\u00e2t este mai mare debitul necesar.    <\/p>\n\n<p>Urm\u0103torul pas este s\u0103 decide\u021bi ce <strong>accesoriu<\/strong> s\u0103 monta\u021bi: o conduct\u0103 pentru conectarea la ma\u0219ina de produc\u021bie sau un bra\u021b de aspira\u021bie pentru o sta\u021bie de lucru.<\/p>\n\n<div class=\"wp-block-buttons is-horizontal is-content-justification-center is-layout-flex wp-container-core-buttons-is-layout-03627597 wp-block-buttons-is-layout-flex\">\n<div class=\"wp-block-button has-custom-width wp-block-button__width-100\"><a class=\"wp-block-button__link wp-element-button\" href=\"https:\/\/obera.fr\/ro\/contactati-ne\/\">Afl\u0103 mai multe<\/a><\/div>\n<\/div>\n\n<p><\/p>\n\n<h2 class=\"wp-block-heading\">Ce c\u0103rbune s\u0103 alege\u021bi?<\/h2>\n\n<p>OBERA are o gam\u0103 larg\u0103 de c\u0103rbuni activi \u0219i adsorban\u021bi adapta\u021bi la poluan\u021bii care trebuie trata\u021bi.<\/p>\n\n<div class=\"wp-block-buttons is-content-justification-center is-layout-flex wp-container-core-buttons-is-layout-a89b3969 wp-block-buttons-is-layout-flex\">\n<div class=\"wp-block-button\"><a class=\"wp-block-button__link wp-element-button\" href=\"https:\/\/obera.fr\/wp-content\/uploads\/2020\/11\/52-odeurs.jpg\">Vede\u021bi c\u0103rbunele nostru activ<\/a><\/div>\n<\/div>\n\n<p><\/p>\n\n<h3 class=\"wp-block-heading\">Cum se calculeaz\u0103 durata maxim\u0103 de via\u021b\u0103 a c\u0103rbunelui activ?<\/h3>\n\n<p>Este foarte dificil de prezis durata de via\u021b\u0103 a unei \u00eenc\u0103rc\u0103turi de c\u0103rbune activ.<\/p>\n\n<p>Totu\u0219i, aceasta poate fi \u00een\u021beleas\u0103 dac\u0103 se cunoa\u0219te concentra\u021bia medie a poluantului care trebuie tratat. \u00cen cele mai bune cazuri, c\u0103rbunele are o capacitate de re\u021binere a poluan\u021bilor de 50% din greutatea sa specific\u0103. <\/p>\n\n<p>Longevitatea c\u0103rbunelui L \u00een ore de func\u021bionare poate fi aproximat\u0103 prin urm\u0103toarea formul\u0103: L = (1000 x P x p \/ (Q x c)<\/p>\n\n<p>P greutatea \u00eenc\u0103rc\u0103turii de carbon (\u00een kg), p poten\u021bialul de adsorb\u021bie \u00een %, Q debitul \u00een m3\/h, c concentra\u021bia poluantului \u00een g\/m3<\/p>\n\n<p>Ca regul\u0103 general\u0103, frecven\u021ba de \u00eenlocuire se bazeaz\u0103 pe feedback. Folosind contorul de ore, pute\u021bi \u00eenregistra durata de via\u021b\u0103 a unei \u00eenc\u0103rc\u0103turi \u0219i pute\u021bi organiza \u00eentre\u021binerea preventiv\u0103 periodic\u0103 la intervale regulate. <\/p>\n\n<h3 class=\"wp-block-heading\">Principiul adsorb\u021biei<\/h3>\n\n<p>Adsorb\u021bia, care nu trebuie confundat\u0103 cu absorb\u021bia, reprezint\u0103 capacitatea unui solid (adsorbant) de a lega la suprafa\u021ba sa anumite gaze numite adsorban\u021bi. Aceast\u0103 atrac\u021bie dintre adsorbant \u0219i adsorbit este \u00een general electrostatic\u0103. <\/p>\n\n<p>Prin urmare, adsorbantul este un material (c\u0103rbune activ, de exemplu) capabil, datorit\u0103 propriet\u0103\u021bilor sale chimice, s\u0103 atrag\u0103 anumite gaze la suprafa\u021ba sa.<\/p>\n\n<p><\/p>\n\n<div class=\"wp-block-columns is-layout-flex wp-container-core-columns-is-layout-28f84493 wp-block-columns-is-layout-flex\">\n<div class=\"wp-block-column is-layout-flow wp-block-column-is-layout-flow\" style=\"flex-basis:25%\"><\/div>\n\n\n\n<div class=\"wp-block-column is-layout-flow wp-block-column-is-layout-flow\" style=\"flex-basis:50%\">\n<figure class=\"wp-block-embed is-type-video is-provider-youtube wp-block-embed-youtube wp-embed-aspect-16-9 wp-has-aspect-ratio\"><div class=\"wp-block-embed__wrapper\">\n<iframe title=\"Fonctionnement charbon actif - OberA\" width=\"1200\" height=\"675\" src=\"https:\/\/www.youtube.com\/embed\/eto9V0iSJOc?feature=oembed\" frameborder=\"0\" allow=\"accelerometer; autoplay; clipboard-write; encrypted-media; gyroscope; picture-in-picture; web-share\" referrerpolicy=\"strict-origin-when-cross-origin\" allowfullscreen><\/iframe>\n<\/div><\/figure>\n<\/div>\n\n\n\n<div class=\"wp-block-column is-layout-flow wp-block-column-is-layout-flow\" style=\"flex-basis:25%\"><\/div>\n<\/div>\n\n<p><\/p>\n\n<h2 class=\"wp-block-heading\">Ce molecule \u0219i mirosuri sunt tratate de distrug\u0103torii de COV \u0219i mirosuri industriale OberA?<\/h2>\n\n<p>Exist\u0103 diferite categorii de poluan\u021bi care genereaz\u0103 mirosuri:<\/p>\n\n<ul class=\"wp-block-list\">\n<li><strong>Compu\u0219i ai sulfului<\/strong> (H2S, CS2, COS, SO2, disulfur\u0103 de dimetil, mercaptani, biogaz etc.)<\/li>\n\n\n\n<li><strong>Compu\u0219i ai azotului<\/strong> (NH3, amine etc.)<\/li>\n\n\n\n<li><strong>COV<\/strong> (acizi gra\u0219i volatili, fenoli, compu\u0219i aromatici policiclici, aldehide, solven\u021bi, metiletilceton\u0103 MEK, formoli, ftala\u021bi, acetone, tolueni, xileni, stireni, tioli, formaldehide etc.).<\/li>\n<\/ul>\n\n<p>Mirosurile din aerul cl\u0103dirilor industriale \u0219i profesionale sunt adesea dependente de temperatur\u0103. Ca regul\u0103 general\u0103, cu c\u00e2t temperatura aerului este mai ridicat\u0103, cu at\u00e2t mirosurile sunt mai intense. <\/p>\n\n<h2 class=\"wp-block-heading\">\u00cen ce industrii se g\u0103sesc moleculele mirositoare \u0219i COV-urile?<\/h2>\n\n<ul class=\"wp-block-list\">\n<li><strong>O\u021bel\u0103rii \u0219i turn\u0103torii: <\/strong>mirosuri nepl\u0103cute de zgur\u0103, COV-uri \u0219i mirosuri de r\u0103\u0219ini fenolice, mirosuri de miez etc. Este u\u0219or s\u0103 instala\u021bi un distrug\u0103tor de mirosuri \u00een atelierele de miez, \u00een zonele de turnare sau chiar \u00een camerele de control \u0219i supraveghere din o\u021bel\u0103rii. Aceast\u0103 solu\u021bie de captare a COV \u0219i a mirosurilor ofer\u0103 o protec\u021bie simpl\u0103 pentru operatorii din zon\u0103. <\/li>\n\n\n\n<li><strong>Materiale plastice: <\/strong>mirosuri nepl\u0103cute de plastic topit sau ars, mirosuri de turnare \u0219i injec\u021bie, COV-uri, mirosuri \u0219i vapori de r\u0103\u0219in\u0103 \u0219i fibr\u0103 de sticl\u0103, vapori de stiren, mirosuri de extrudare, mirosuri eliberate \u00een timpul topirii polimerilor termoplastici \u0219i termorezisten\u021bi.<\/li>\n\n\n\n<li><strong>Industria alimentar\u0103: <\/strong>mirosuri nepl\u0103cute de la g\u0103tit<strong>, <\/strong>coacere \u0219i uscare, alimente pr\u0103jite, mirosuri de la m\u0103cinat, amestecat \u0219i condimentat, mirosuri de cafea, mirosuri aromatice \u0219i de fabrica\u021bie a coloran\u021bilor, mirosuri nepl\u0103cute de pe\u0219te, mirosuri de fumat, mirosuri nepl\u0103cute de fermentare \u0219i de drojdie.<\/li>\n\n\n\n<li><strong>Ateliere de vopsire \u0219i finisare:<\/strong> mirosuri de vopsea, de lac, de COV \u0219i de solven\u021bi etc.<\/li>\n\n\n\n<li><strong>Ateliere de imprimare:<\/strong> mirosuri de vopsea, COV-uri \u0219i mirosuri de solven\u021bi etc&#8230;<\/li>\n\n\n\n<li><strong>Ateliere de restaurare \u0219i conservare a artei: <\/strong>COV \u0219i mirosuri de vopsea, solven\u021bi \u0219i permethrin.<\/li>\n\n\n\n<li><strong>De\u0219euri:<\/strong> mirosuri nepl\u0103cute de la depozitarea de\u0219eurilor, mirosuri nepl\u0103cute de la atelierele de reparare a containerelor, centrele de sortare \u0219i reciclare, compostare, metanizare.<\/li>\n\n\n\n<li><strong>Cur\u0103\u021barea chimic\u0103 \u0219i cur\u0103\u021barea chimic\u0103:<\/strong> mirosuri de percloroetilen\u0103 etc&#8230;<\/li>\n\n\n\n<li><strong>Prelucrare:<\/strong> COV-uri \u0219i mirosuri de solven\u021bi, mirosuri de lichid de t\u0103iere, mirosuri de vapori de ulei etc.<\/li>\n\n\n\n<li><strong>Lemn: <\/strong>COV-uri \u0219i mirosuri de la lipire, mirosuri de lipici pentru canturi, mirosuri de l\u0103cuire etc.<\/li>\n\n\n\n<li><strong>Cosmetice:<\/strong> mirosuri intense de uleiuri esen\u021biale \u00een produc\u021bie, sta\u021bii de lucru pentru formulare, COV \u0219i mirosuri de solven\u021bi, alcooli \u0219i aditivi etc.<\/li>\n\n\n\n<li><strong>Produse de igien\u0103:<\/strong> mirosuri concentrate de parfum, mirosuri de uleiuri esen\u021biale, etc&#8230;<\/li>\n\n\n\n<li><strong>Birouri, birouri open-space, s\u0103li de a\u0219teptare, cantine, c\u0103mine de b\u0103tr\u00e2ni: <\/strong>mirosuri nepl\u0103cute legate de ventila\u021bie, mirosuri de tutun, mirosuri de g\u0103tit, mirosuri de transpira\u021bie etc&#8230;<\/li>\n<\/ul>\n\n<div class=\"wp-block-buttons is-horizontal is-content-justification-center is-layout-flex wp-container-core-buttons-is-layout-03627597 wp-block-buttons-is-layout-flex\">\n<div class=\"wp-block-button has-custom-width wp-block-button__width-100\"><a class=\"wp-block-button__link wp-element-button\" href=\"https:\/\/obera.fr\/ro\/contactati-ne\/\">Afl\u0103 mai multe<\/a><\/div>\n<\/div>\n","protected":false},"excerpt":{"rendered":"<p>Distrug\u0103toarele noastre industriale de COV \u0219i mirosuri sunt o gam\u0103 de echipamente special concepute pentru tratarea poluan\u021bilor gazo\u0219i, cum ar fi compu\u0219ii organici volatili (COV), mirosurile, fumurile \u0219i diver\u0219i compu\u0219i chimici. Echipamentul nostru este potrivit pentru toate tipurile de industrie. Datorit\u0103 filtr\u0103rii moleculare cu ajutorul c\u0103rbunelui activ, poluan\u021bii sunt filtra\u021bi \u0219i capta\u021bi prin adsorb\u021bie. Procesele industriale \u0219i produsele utilizate la locul de munc\u0103 elibereaz\u0103 poluan\u021bi gazo\u0219i cunoscu\u021bi sub denumirea de COV. Ace\u0219ti poluan\u021bi sunt \u00een general compu\u0219i deriva\u021bi din hidrocarburi, solven\u021bi, compu\u0219i ai sulfului etc. Acolo unde este posibil, compu\u0219ii organici volatili (COV) trebuie extra\u0219i, trata\u021bi \u0219i apoi evacua\u021bi \u00een &#8230; <\/p>\n<p class=\"read-more-container\"><a title=\"Tratarea COV \u0219i a mirosurilor\" class=\"read-more button\" href=\"https:\/\/obera.fr\/ro\/produits\/traitement-cov\/#more-46481\" aria-label=\"Cite\u0219te mai multe despre Tratarea COV \u0219i a mirosurilor\">Lire la suite<\/a><\/p>\n","protected":false},"author":4,"featured_media":83748,"parent":38137,"menu_order":2,"comment_status":"closed","ping_status":"closed","template":"","meta":{"_acf_changed":false,"_seopress_robots_primary_cat":"","_seopress_titles_title":"Top destructeurs d\u2019odeur industriel et traitement des COV","_seopress_titles_desc":"Les destructeurs d\u2019odeurs d'oberA sont sp\u00e9cialement d\u00e9di\u00e9s aux traitements des polluants sous forme gazeuse comme les compos\u00e9s organiques volatils (COV).","_seopress_robots_index":"","footnotes":""},"class_list":{"0":"post-46481","1":"page","2":"type-page","3":"status-publish","4":"has-post-thumbnail","6":"no-featured-image-padding","7":"resize-featured-image"},"acf":[],"_links":{"self":[{"href":"https:\/\/obera.fr\/ro\/wp-json\/wp\/v2\/pages\/46481","targetHints":{"allow":["GET"]}}],"collection":[{"href":"https:\/\/obera.fr\/ro\/wp-json\/wp\/v2\/pages"}],"about":[{"href":"https:\/\/obera.fr\/ro\/wp-json\/wp\/v2\/types\/page"}],"author":[{"embeddable":true,"href":"https:\/\/obera.fr\/ro\/wp-json\/wp\/v2\/users\/4"}],"replies":[{"embeddable":true,"href":"https:\/\/obera.fr\/ro\/wp-json\/wp\/v2\/comments?post=46481"}],"version-history":[{"count":8,"href":"https:\/\/obera.fr\/ro\/wp-json\/wp\/v2\/pages\/46481\/revisions"}],"predecessor-version":[{"id":75730,"href":"https:\/\/obera.fr\/ro\/wp-json\/wp\/v2\/pages\/46481\/revisions\/75730"}],"up":[{"embeddable":true,"href":"https:\/\/obera.fr\/ro\/wp-json\/wp\/v2\/pages\/38137"}],"wp:featuredmedia":[{"embeddable":true,"href":"https:\/\/obera.fr\/ro\/wp-json\/wp\/v2\/media\/83748"}],"wp:attachment":[{"href":"https:\/\/obera.fr\/ro\/wp-json\/wp\/v2\/media?parent=46481"}],"curies":[{"name":"wp","href":"https:\/\/api.w.org\/{rel}","templated":true}]}}