{"id":46717,"date":"2020-08-26T13:07:28","date_gmt":"2020-08-26T11:07:28","guid":{"rendered":"https:\/\/obera.fr\/conducte-de-joasa-medie-si-inalta-presiune\/"},"modified":"2025-06-03T14:45:23","modified_gmt":"2025-06-03T12:45:23","slug":"basse-moyenne-haute-pression","status":"publish","type":"page","link":"https:\/\/obera.fr\/ro\/produits\/tuyauteries-industrielles\/basse-moyenne-haute-pression\/","title":{"rendered":"Conducte de joas\u0103, medie \u0219i \u00eenalt\u0103 presiune"},"content":{"rendered":"\n<div class=\"wp-block-columns is-layout-flex wp-container-core-columns-is-layout-28f84493 wp-block-columns-is-layout-flex\">\n<div class=\"wp-block-column is-layout-flow wp-block-column-is-layout-flow\" style=\"flex-basis:33.33%\">\n<figure class=\"wp-block-image aligncenter size-large is-resized\"><img decoding=\"async\" src=\"https:\/\/obera.fr\/wp-content\/uploads\/2020\/11\/Tuyauterie-basse-moyenne-haute-pression-220x300.jpg\" alt=\"\" style=\"width:188px;height:auto\"\/><\/figure>\n<\/div>\n\n\n\n<div class=\"wp-block-column is-layout-flow wp-block-column-is-layout-flow\" style=\"flex-basis:66.66%\">\n<p>O gam\u0103 larg\u0103 de <strong>conducte<\/strong> pentru transportul prafului \u0219i poluan\u021bilor.<\/p>\n\n\n\n<p>Sistemele de conducte <strong>capteaz\u0103 emisiile de praf \u0219i fum la surs\u0103<\/strong> \u0219i le transport\u0103 la sistemele de depoluare \u0219i filtrare, \u00een conformitate cu principiile fundamentale ale aeraulicii.<\/p>\n\n\n\n<p>OberA are o gam\u0103 larg\u0103 de <a href=\"https:\/\/obera.fr\/ro\/produits\/tuyauteries-industrielles\/\" data-type=\"page\" data-id=\"380\">conducte industriale<\/a> robuste, de \u00eenalt\u0103 calitate, pentru a se adapta precis \u0219i flexibil la cerin\u021bele dvs. specifice de aspira\u021bie.<\/p>\n\n\n\n<p>Pentru a ob\u021bine o putere maxim\u0103 de aspira\u021bie \u0219i pentru a optimiza costurile energetice, este esen\u021bial s\u0103 se dimensioneze cu precizie re\u021beaua de conducte.<\/p>\n<\/div>\n<\/div>\n\n\n\n<div class=\"wp-block-columns are-vertically-aligned-center is-layout-flex wp-container-core-columns-is-layout-28f84493 wp-block-columns-is-layout-flex\">\n<div class=\"wp-block-column is-vertically-aligned-center is-layout-flow wp-block-column-is-layout-flow\" style=\"flex-basis:33.34%\">\n<div class=\"wp-block-buttons is-horizontal is-content-justification-center is-layout-flex wp-container-core-buttons-is-layout-03627597 wp-block-buttons-is-layout-flex\">\n<div class=\"wp-block-button has-custom-width wp-block-button__width-100\"><a class=\"wp-block-button__link wp-element-button\" href=\"https:\/\/obera.fr\/ro\/contactati-ne\/\">Afl\u0103 mai multe<\/a><\/div>\n<\/div>\n<\/div>\n\n\n\n<div class=\"wp-block-column is-vertically-aligned-center is-layout-flow wp-block-column-is-layout-flow\" style=\"flex-basis:33.34%\">\n<div class=\"wp-block-buttons is-content-justification-center is-layout-flex wp-container-core-buttons-is-layout-a89b3969 wp-block-buttons-is-layout-flex\">\n<div class=\"wp-block-button btn-devis-source\"><a class=\"wp-block-button__link wp-element-button\" href=\"https:\/\/obera.fr\/ro\/devis\/\">Solicita\u021bi o ofert\u0103<\/a><\/div>\n<\/div>\n\n\n<script>\r\ndocument.addEventListener('DOMContentLoaded', function() {\r\n    \/\/ 1. On cherche le titre H1 de la page\r\n    var h1 = document.querySelector('h1');\r\n    var productTitle = h1 ? h1.innerText.trim() : \"\";\r\n\r\n    \/\/ 2. On cherche les boutons via la classe CSS .btn-devis-source\r\n    var buttons = document.querySelectorAll('.btn-devis-source a');\r\n\r\n    \/\/ 3. Si on a le titre et les boutons, on ajoute le param\u00e8tre\r\n    if (buttons.length > 0 && productTitle !== \"\") {\r\n        var encodedTitle = encodeURIComponent(productTitle);\r\n\r\n        buttons.forEach(function(btn) {\r\n            var currentHref = btn.getAttribute('href');\r\n            \r\n            \/\/ S\u00e9curit\u00e9 pour ne pas ajouter le param\u00e8tre 2 fois\r\n            if (currentHref.indexOf('sujet=') === -1) {\r\n                var separator = currentHref.indexOf('?') !== -1 ? '&' : '?';\r\n                var newLink = currentHref + separator + 'sujet=' + encodedTitle;\r\n                \r\n                btn.setAttribute('href', newLink);\r\n            }\r\n        });\r\n    }\r\n});\r\n<\/script><\/div>\n\n\n\n<div class=\"wp-block-column is-vertically-aligned-center is-layout-flow wp-block-column-is-layout-flow\" style=\"flex-basis:33.33%\">\n<div class=\"wp-block-buttons is-content-justification-center is-layout-flex wp-container-core-buttons-is-layout-a89b3969 wp-block-buttons-is-layout-flex\">\n<div class=\"wp-block-button\"><a class=\"wp-block-button__link wp-element-button\" href=\"https:\/\/obera.fr\/wp-content\/uploads\/2025\/06\/brochure-tuyauterie-en.pdf\">DESC\u0102RCA\u021aI FI\u0218A PRODUSULUI<\/a><\/div>\n<\/div>\n<\/div>\n<\/div>\n\n\n\n<h2 class=\"wp-block-heading\">Avantajele conductelor<\/h2>\n\n\n\n<div class=\"wp-block-columns is-layout-flex wp-container-core-columns-is-layout-28f84493 wp-block-columns-is-layout-flex\">\n<div class=\"wp-block-column is-layout-flow wp-block-column-is-layout-flow\">\n<h3 class=\"wp-block-heading has-text-align-center\"><strong>Beneficii<\/strong><\/h3>\n\n\n\n<ul class=\"wp-block-list\">\n<li>O gam\u0103 larg\u0103<\/li>\n\n\n\n<li>Debit optim<\/li>\n\n\n\n<li>Robust<\/li>\n\n\n\n<li>U\u0219or de asamblat<\/li>\n\n\n\n<li>Stoc mare (disponibilitate)<\/li>\n<\/ul>\n<\/div>\n\n\n\n<div class=\"wp-block-column is-layout-flow wp-block-column-is-layout-flow\">\n<h3 class=\"wp-block-heading has-text-align-center\"><strong>Caracteristici speciale<\/strong><\/h3>\n\n\n\n<ul class=\"wp-block-list\">\n<li>Presiune sc\u0103zut\u0103, medie \u0219i ridicat\u0103<\/li>\n\n\n\n<li>Aspira\u021bie de \u00eenalt\u0103 presiune<\/li>\n\n\n\n<li>Presiune sau vid<\/li>\n<\/ul>\n<\/div>\n\n\n\n<div class=\"wp-block-column is-layout-flow wp-block-column-is-layout-flow\">\n<h3 class=\"wp-block-heading has-text-align-center\"><strong>Caracteristici<\/strong><\/h3>\n\n\n\n<ul class=\"wp-block-list\">\n<li>Presiune sau vid<\/li>\n\n\n\n<li>Lungime p\u00e2n\u0103 la 6,0 m<\/li>\n\n\n\n<li>Diametru \u00d850 p\u00e2n\u0103 la \u00d8159 disponibil din stoc<\/li>\n\n\n\n<li>Man\u0219on de conectare \u0219i cleme brevetate pentru a asigura continuitatea electric\u0103<\/li>\n<\/ul>\n<\/div>\n<\/div>\n\n\n\n<div class=\"wp-block-buttons is-horizontal is-content-justification-center is-layout-flex wp-container-core-buttons-is-layout-03627597 wp-block-buttons-is-layout-flex\">\n<div class=\"wp-block-button\"><a class=\"wp-block-button__link wp-element-button\" href=\"https:\/\/obera.fr\/ro\/contact\/\">Solicita\u021bi lista de pre\u021buri<\/a><\/div>\n<\/div>\n\n\n\n<h2 class=\"wp-block-heading\">Aplica\u021bii<\/h2>\n\n\n\n<div class=\"wp-block-columns is-layout-flex wp-container-core-columns-is-layout-28f84493 wp-block-columns-is-layout-flex\">\n<div class=\"wp-block-column is-layout-flow wp-block-column-is-layout-flow\">\n<h3 class=\"wp-block-heading has-text-align-center\">Poluan\u021bi<\/h3>\n\n\n\n<hr class=\"wp-block-separator has-css-opacity is-style-wide\"\/>\n\n\n\n<div class=\"wp-block-columns is-layout-flex wp-container-core-columns-is-layout-28f84493 wp-block-columns-is-layout-flex\">\n<div class=\"wp-block-column is-layout-flow wp-block-column-is-layout-flow\">\n<figure class=\"wp-block-image aligncenter size-large\"><img decoding=\"async\" width=\"70\" height=\"70\" src=\"https:\/\/obera.fr\/wp-content\/uploads\/2020\/08\/polluants-poussieres.jpg\" alt=\"Poluan\u021bi Praf\" class=\"wp-image-675\"\/><figcaption class=\"wp-element-caption\">Fumuri<\/figcaption><\/figure>\n\n\n\n<figure class=\"wp-block-image aligncenter size-large\"><img decoding=\"async\" width=\"70\" height=\"70\" src=\"https:\/\/obera.fr\/wp-content\/uploads\/2020\/08\/industrie-odeur.jpg\" alt=\"Odoare industrial\u0103\" class=\"wp-image-723\"\/><figcaption class=\"wp-element-caption\">Mirosuri<\/figcaption><\/figure>\n\n\n\n<figure class=\"wp-block-image aligncenter size-large\"><img decoding=\"async\" width=\"70\" height=\"70\" src=\"https:\/\/obera.fr\/wp-content\/uploads\/2020\/08\/industrie-brouillard-huile.jpg\" alt=\"Ulei de cea\u021b\u0103 pentru industrie\" class=\"wp-image-721\"\/><figcaption class=\"wp-element-caption\">Cea\u021b\u0103 de ulei<\/figcaption><\/figure>\n<\/div>\n\n\n\n<div class=\"wp-block-column is-layout-flow wp-block-column-is-layout-flow\">\n<figure class=\"wp-block-image aligncenter size-large\"><img decoding=\"async\" width=\"70\" height=\"70\" src=\"https:\/\/obera.fr\/wp-content\/uploads\/2020\/08\/industrie-fumees.jpg\" alt=\"Fumul din industrie\" class=\"wp-image-722\"\/><figcaption class=\"wp-element-caption\">Fumuri<\/figcaption><\/figure>\n\n\n\n<figure class=\"wp-block-image aligncenter size-large\"><img decoding=\"async\" width=\"70\" height=\"70\" src=\"https:\/\/obera.fr\/wp-content\/uploads\/2020\/09\/cov.png\" alt=\"Cov\" class=\"wp-image-959\"\/><figcaption class=\"wp-element-caption\">VOCS<\/figcaption><\/figure>\n\n\n\n<figure class=\"wp-block-image aligncenter size-large\"><img decoding=\"async\" width=\"70\" height=\"70\" src=\"https:\/\/obera.fr\/wp-content\/uploads\/2020\/08\/polluants-copeaux-bois.jpg\" alt=\"Poluan\u021bi A\u0219chii de lemn\" class=\"wp-image-674\"\/><figcaption class=\"wp-element-caption\">Chipsuri<\/figcaption><\/figure>\n<\/div>\n<\/div>\n<\/div>\n\n\n\n<div class=\"wp-block-column is-layout-flow wp-block-column-is-layout-flow\">\n<h3 class=\"wp-block-heading has-text-align-center\">Industrii<\/h3>\n\n\n\n<hr class=\"wp-block-separator has-css-opacity is-style-wide\"\/>\n\n\n\n<div class=\"wp-block-columns is-layout-flex wp-container-core-columns-is-layout-28f84493 wp-block-columns-is-layout-flex\">\n<div class=\"wp-block-column is-layout-flow wp-block-column-is-layout-flow\">\n<figure class=\"wp-block-image aligncenter size-large\"><img decoding=\"async\" width=\"70\" height=\"70\" src=\"https:\/\/obera.fr\/wp-content\/uploads\/2020\/08\/industrie-metallurgie.jpg\" alt=\"Industria metalurgic\u0103\" class=\"wp-image-673\"\/><figcaption class=\"wp-element-caption\">Metalurgie<\/figcaption><\/figure>\n\n\n\n<figure class=\"wp-block-image aligncenter size-large\"><img decoding=\"async\" width=\"70\" height=\"70\" src=\"https:\/\/obera.fr\/wp-content\/uploads\/2020\/08\/industrie-chimie.jpg\" alt=\"Industria chimic\u0103\" class=\"wp-image-725\"\/><figcaption class=\"wp-element-caption\">Produse chimice\/petrochimice<\/figcaption><\/figure>\n\n\n\n<figure class=\"wp-block-image aligncenter size-large\"><img decoding=\"async\" width=\"70\" height=\"70\" src=\"https:\/\/obera.fr\/wp-content\/uploads\/2020\/08\/industrie-minerai.jpg\" alt=\"Industria minereurilor\" class=\"wp-image-724\"\/><figcaption class=\"wp-element-caption\">Minerale<\/figcaption><\/figure>\n\n\n\n<figure class=\"wp-block-image aligncenter size-large\"><img decoding=\"async\" width=\"70\" height=\"70\" src=\"https:\/\/obera.fr\/wp-content\/uploads\/2020\/08\/industrie-papier-carton.jpg\" alt=\"Industria h\u00e2rtiei \u0219i cartonului\" class=\"wp-image-670\"\/><figcaption class=\"wp-element-caption\">H\u00e2rtie\/carton<\/figcaption><\/figure>\n<\/div>\n\n\n\n<div class=\"wp-block-column is-layout-flow wp-block-column-is-layout-flow\">\n<figure class=\"wp-block-image aligncenter size-large\"><img decoding=\"async\" width=\"70\" height=\"70\" src=\"https:\/\/obera.fr\/wp-content\/uploads\/2020\/08\/industrie-plastique.jpg\" alt=\"Industria maselor plastice\" class=\"wp-image-669\"\/><figcaption class=\"wp-element-caption\">Materiale plastice<\/figcaption><\/figure>\n\n\n\n<figure class=\"wp-block-image aligncenter size-large\"><img decoding=\"async\" width=\"70\" height=\"70\" src=\"https:\/\/obera.fr\/wp-content\/uploads\/2020\/08\/industrie-bois.jpg\" alt=\"Industria lemnului\" class=\"wp-image-672\"\/><figcaption class=\"wp-element-caption\">Prelucrarea lemnului<\/figcaption><\/figure>\n\n\n\n<figure class=\"wp-block-image aligncenter size-large\"><img decoding=\"async\" width=\"70\" height=\"70\" src=\"https:\/\/obera.fr\/wp-content\/uploads\/2020\/08\/industrie-textile.jpg\" alt=\"Industria textil\u0103\" class=\"wp-image-671\"\/><figcaption class=\"wp-element-caption\">Textile<\/figcaption><\/figure>\n\n\n\n<figure class=\"wp-block-image aligncenter size-large\"><img decoding=\"async\" width=\"70\" height=\"70\" src=\"https:\/\/obera.fr\/wp-content\/uploads\/2020\/08\/industrie-dechets.jpg\" alt=\"De\u0219euri industriale\" class=\"wp-image-726\"\/><figcaption class=\"wp-element-caption\">Colectarea \u0219i sortarea de\u0219eurilor<\/figcaption><\/figure>\n<\/div>\n<\/div>\n<\/div>\n<\/div>\n\n\n\n<div class=\"wp-block-buttons is-horizontal is-content-justification-center is-layout-flex wp-container-core-buttons-is-layout-03627597 wp-block-buttons-is-layout-flex\">\n<div class=\"wp-block-button has-custom-width wp-block-button__width-100\"><a class=\"wp-block-button__link wp-element-button\" href=\"https:\/\/obera.fr\/ro\/contactati-ne\/\">Afl\u0103 mai multe<\/a><\/div>\n<\/div>\n\n\n\n<hr class=\"wp-block-separator has-css-opacity is-style-dots\"\/>\n\n\n\n<h2 class=\"wp-block-heading\">Alte produse din gama de conducte industriale :<\/h2>\n\n\n\n<div class=\"wp-block-columns is-layout-flex wp-container-core-columns-is-layout-28f84493 wp-block-columns-is-layout-flex\">\n<div class=\"wp-block-column is-layout-flow wp-block-column-is-layout-flow\">\n<figure class=\"wp-block-image aligncenter size-thumbnail\"><a href=\"https:\/\/obera.fr\/produits\/tuyauteries-industrielles\/gaines-lisses-acier\/\"><img decoding=\"async\" width=\"150\" height=\"150\" src=\"https:\/\/obera.fr\/wp-content\/uploads\/2020\/11\/Gaines-lisses-150x150.jpg\" alt=\"\u00cenveli\u0219uri netede\" class=\"wp-image-1735\" srcset=\"https:\/\/obera.fr\/wp-content\/uploads\/2020\/11\/Gaines-lisses-150x150.jpg 150w, https:\/\/obera.fr\/wp-content\/uploads\/2020\/11\/Gaines-lisses-300x300.jpg 300w, https:\/\/obera.fr\/wp-content\/uploads\/2020\/11\/Gaines-lisses.jpg 433w\" sizes=\"(max-width: 150px) 100vw, 150px\" \/><\/a><figcaption class=\"wp-element-caption\">\u00cenveli\u0219uri netede<\/figcaption><\/figure>\n<\/div>\n\n\n\n<div class=\"wp-block-column is-layout-flow wp-block-column-is-layout-flow\">\n<figure class=\"wp-block-image aligncenter size-thumbnail\"><a href=\"https:\/\/obera.fr\/produits\/tuyauteries-industrielles\/gaines-spiralees\/\"><img decoding=\"async\" width=\"150\" height=\"150\" src=\"https:\/\/obera.fr\/wp-content\/uploads\/2020\/11\/Gaines-spiralees-150x150.jpg\" alt=\"\u00cenveli\u0219uri spiralate\" class=\"wp-image-1736\" srcset=\"https:\/\/obera.fr\/wp-content\/uploads\/2020\/11\/Gaines-spiralees-150x150.jpg 150w, https:\/\/obera.fr\/wp-content\/uploads\/2020\/11\/Gaines-spiralees-300x300.jpg 300w, https:\/\/obera.fr\/wp-content\/uploads\/2020\/11\/Gaines-spiralees.jpg 433w\" sizes=\"(max-width: 150px) 100vw, 150px\" \/><\/a><figcaption class=\"wp-element-caption\">Conducte spiralate<\/figcaption><\/figure>\n<\/div>\n<\/div>\n\n\n\n<p><\/p>\n","protected":false},"excerpt":{"rendered":"<p>O gam\u0103 larg\u0103 de conducte pentru transportul prafului \u0219i poluan\u021bilor. Sistemele de conducte capteaz\u0103 emisiile de praf \u0219i fum la surs\u0103 \u0219i le transport\u0103 la sistemele de depoluare \u0219i filtrare, \u00een conformitate cu principiile fundamentale ale aeraulicii. OberA are o gam\u0103 larg\u0103 de conducte industriale robuste, de \u00eenalt\u0103 calitate, pentru a se adapta precis \u0219i flexibil la cerin\u021bele dvs. specifice de aspira\u021bie. Pentru a ob\u021bine o putere maxim\u0103 de aspira\u021bie \u0219i pentru a optimiza costurile energetice, este esen\u021bial s\u0103 se dimensioneze cu precizie re\u021beaua de conducte. Avantajele conductelor Beneficii Caracteristici speciale Caracteristici Aplica\u021bii Poluan\u021bi Industrii Alte produse din gama de &#8230; <\/p>\n<p class=\"read-more-container\"><a title=\"Conducte de joas\u0103, medie \u0219i \u00eenalt\u0103 presiune\" class=\"read-more button\" href=\"https:\/\/obera.fr\/ro\/produits\/tuyauteries-industrielles\/basse-moyenne-haute-pression\/#more-46717\" aria-label=\"Cite\u0219te mai multe despre Conducte de joas\u0103, medie \u0219i \u00eenalt\u0103 presiune\">Lire la suite<\/a><\/p>\n","protected":false},"author":4,"featured_media":83748,"parent":48750,"menu_order":0,"comment_status":"closed","ping_status":"closed","template":"","meta":{"_acf_changed":false,"_seopress_robots_primary_cat":"","_seopress_titles_title":"Conducte industriale de joas\u0103, medie \u0219i \u00eenalt\u0103 presiune","_seopress_titles_desc":"Sistemele de conducte capteaz\u0103 emisiile de praf \u0219i fum la surs\u0103 \u0219i le transport\u0103 la sistemele de aspirare a prafului.","_seopress_robots_index":"","footnotes":""},"class_list":{"0":"post-46717","1":"page","2":"type-page","3":"status-publish","4":"has-post-thumbnail","6":"no-featured-image-padding","7":"resize-featured-image"},"acf":[],"_links":{"self":[{"href":"https:\/\/obera.fr\/ro\/wp-json\/wp\/v2\/pages\/46717","targetHints":{"allow":["GET"]}}],"collection":[{"href":"https:\/\/obera.fr\/ro\/wp-json\/wp\/v2\/pages"}],"about":[{"href":"https:\/\/obera.fr\/ro\/wp-json\/wp\/v2\/types\/page"}],"author":[{"embeddable":true,"href":"https:\/\/obera.fr\/ro\/wp-json\/wp\/v2\/users\/4"}],"replies":[{"embeddable":true,"href":"https:\/\/obera.fr\/ro\/wp-json\/wp\/v2\/comments?post=46717"}],"version-history":[{"count":8,"href":"https:\/\/obera.fr\/ro\/wp-json\/wp\/v2\/pages\/46717\/revisions"}],"predecessor-version":[{"id":108312,"href":"https:\/\/obera.fr\/ro\/wp-json\/wp\/v2\/pages\/46717\/revisions\/108312"}],"up":[{"embeddable":true,"href":"https:\/\/obera.fr\/ro\/wp-json\/wp\/v2\/pages\/48750"}],"wp:featuredmedia":[{"embeddable":true,"href":"https:\/\/obera.fr\/ro\/wp-json\/wp\/v2\/media\/83748"}],"wp:attachment":[{"href":"https:\/\/obera.fr\/ro\/wp-json\/wp\/v2\/media?parent=46717"}],"curies":[{"name":"wp","href":"https:\/\/api.w.org\/{rel}","templated":true}]}}