{"id":46856,"date":"2020-08-26T12:34:20","date_gmt":"2020-08-26T10:34:20","guid":{"rendered":"https:\/\/obera.fr\/produsele-noastre\/colectori-de-praf-industriali\/colectori-de-praf-mobili\/"},"modified":"2025-06-30T10:03:29","modified_gmt":"2025-06-30T08:03:29","slug":"mobiles","status":"publish","type":"page","link":"https:\/\/obera.fr\/ro\/produits\/depoussiereurs-industriels\/mobiles\/","title":{"rendered":"Colectori de praf mobili"},"content":{"rendered":"\n<p><strong>Colectorii<\/strong> no\u0219tri <strong>de praf mobili<\/strong> reprezint\u0103 o gam\u0103 de <a href=\"https:\/\/obera.fr\/ro\/produits\/depoussiereurs-industriels\/\" data-type=\"page\" data-id=\"31\">colectori de praf industriali<\/a> puternici care sunt u\u0219or de deplasat. Aceste unit\u0103\u021bi se adapteaz\u0103 perfect la mediul dvs. pentru un confort de lucru optim \u0219i o eficien\u021b\u0103 garantat\u0103.   <\/p>\n\n<p>Aceste sisteme de <strong>tratare a aerului<\/strong> sunt concepute pentru a fi conectate direct la ma\u0219inile de produc\u021bie prin intermediul unei re\u021bele de conducte sau pentru a extrage aerul de la un post de lucru mobil cu ajutorul unui <a href=\"https:\/\/obera.fr\/ro\/produits\/bras-dispositifs-captation\/capot-industriel\/\">bra\u021b de aspira\u021bie<\/a> sau al unei hote de extrac\u021bie, pentru a colecta toate tipurile de praf \u0219i cantit\u0103\u021bi mari de poluan\u021bi direct de la surs\u0103.<\/p>\n\n\n<h2 class=\"wp-block-heading\">Gama noastr\u0103 de colectoare de praf mobile :<\/h2>\n\n<div class=\"wp-block-columns is-layout-flex wp-container-core-columns-is-layout-28f84493 wp-block-columns-is-layout-flex\">\n<div class=\"wp-block-column is-vertically-aligned-top is-layout-flow wp-block-column-is-layout-flow\">\n<h3 class=\"wp-block-heading has-text-align-center\"><a href=\"https:\/\/obera.fr\/ro\/produits\/depoussiereurs-industriels\/mobiles\/extracteur-de-poussiere-dustomat-dry\/\">DUSTOMAT DRY<\/a><\/h3>\n\n\n\n<figure class=\"wp-block-image aligncenter size-medium is-resized\"><a href=\"https:\/\/obera.fr\/produits\/depoussiereurs-industriels\/mobiles\/extracteur-de-poussiere-dustomat-dry\/\"><img decoding=\"async\" width=\"300\" height=\"300\" src=\"https:\/\/obera.fr\/wp-content\/uploads\/2023\/09\/dustomat-dry-300x300.png\" alt=\"dustomat uscat\" class=\"wp-image-24355\" srcset=\"https:\/\/obera.fr\/wp-content\/uploads\/2023\/09\/dustomat-dry-300x300.png 300w, https:\/\/obera.fr\/wp-content\/uploads\/2023\/09\/dustomat-dry-150x150.png 150w, https:\/\/obera.fr\/wp-content\/uploads\/2023\/09\/dustomat-dry.png 320w\" sizes=\"(max-width: 300px) 100vw, 300px\" \/><\/a><figcaption class=\"wp-element-caption\">DUSTOMAT DRY<\/figcaption><\/figure>\n\n\n\n<p>DUSTOMAT DRY este un sistem de <a href=\"https:\/\/obera.fr\/ro\/produits\/depoussiereurs-industriels\/mobiles\/extracteur-de-poussiere-dustomat-dry\/#more-24274\">extragere a prafului<\/a> ideal pentru o gam\u0103 larg\u0103 de sectoare industriale. Acesta ofer\u0103 capacitatea de a \u00eendep\u0103rta eficient particulele de praf \u0219i resturile, fie direct din utilajele de produc\u021bie, fie prin conectarea la o hot\u0103 de extrac\u021bie, un bra\u021b de extrac\u021bie sau o re\u021bea de conducte. Disponibil \u00een patru niveluri de putere, este potrivit pentru debite medii cuprinse \u00eentre 2000 \u0219i 3500 de metri cubi pe or\u0103.  <\/p>\n\n\n\n<p>\u00cen ciuda puterii sale considerabile de aspirare, DUSTOMAT DRY este remarcabil de silen\u021bios \u0219i eficient din punct de vedere energetic. De asemenea, are un pre-separator capabil s\u0103 capteze particulele grele \u0219i grosiere. \u00centre\u021binerea acestui sistem este simplificat\u0103 prin utilizarea aerului comprimat pentru cur\u0103\u021barea filtrelor, ceea ce nu numai c\u0103 faciliteaz\u0103 \u00eentre\u021binerea, dar contribuie \u0219i la prelungirea duratei de via\u021b\u0103 a filtrelor.<\/p>\n\n\n\n<p class=\"has-text-align-center\">Disponibil \u00een versiunea <a href=\"https:\/\/obera.fr\/ro\/produits\/atex\/\">ATEX<\/a>.<\/p>\n<\/div>\n\n\n\n<div class=\"wp-block-column is-vertically-aligned-top is-layout-flow wp-block-column-is-layout-flow\">\n<h3 class=\"wp-block-heading has-text-align-center\"><strong><a href=\"https:\/\/obera.fr\/ro\/produits\/depoussiereurs-industriels\/mobiles\/aspiration-poussiere-dustomat-10\/\">DUSTOMAT 10<\/a><\/strong><\/h3>\n\n\n\n<figure class=\"wp-block-image aligncenter size-medium is-resized\"><a href=\"https:\/\/obera.fr\/produits\/depoussiereurs-industriels\/mobiles\/aspiration-poussiere-dustomat-10\/\"><img decoding=\"async\" width=\"300\" height=\"300\" src=\"https:\/\/obera.fr\/wp-content\/uploads\/2020\/10\/extracteur-poussiere-mobile-DUSTOMAT-10-300x300.png\" alt=\"Dustomat 10 Extractor de praf mobil\" class=\"wp-image-1306\" srcset=\"https:\/\/obera.fr\/wp-content\/uploads\/2020\/10\/extracteur-poussiere-mobile-DUSTOMAT-10-300x300.png 300w, https:\/\/obera.fr\/wp-content\/uploads\/2020\/10\/extracteur-poussiere-mobile-DUSTOMAT-10-150x150.png 150w, https:\/\/obera.fr\/wp-content\/uploads\/2020\/10\/extracteur-poussiere-mobile-DUSTOMAT-10.png 600w\" sizes=\"(max-width: 300px) 100vw, 300px\" \/><\/a><figcaption class=\"wp-element-caption\">DUSTOMAT 10<\/figcaption><\/figure>\n\n\n\n<p><a href=\"https:\/\/obera.fr\/ro\/produits\/depoussiereurs-industriels\/mobiles\/aspiration-poussiere-dustomat-10\/\" data-type=\"page\" data-id=\"445\">Colectorul de praf DUSTOMAT 10<\/a> are o putere mare de aspirare. Acesta poate prelua praf, precum \u0219i a\u0219chii de lemn, plastic \u0219i metal. Poate fi conectat direct la ma\u0219ina de produc\u021bie prin intermediul unei re\u021bele de conducte sau prin ad\u0103ugarea unui bra\u021b de aspira\u021bie sau a unei hote de extragere a aerului.    <\/p>\n\n\n\n<p>Filtrele cu cartu\u0219 pot fi cur\u0103\u021bate manual folosind un sistem de perii rotative sau automat folosind un jet de aer comprimat. Aceast\u0103 <strong>unitate de filtrare<\/strong> este ideal\u0103 pentru utilizarea la posturi de lucru individuale, pe o ma\u0219in\u0103 de produc\u021bie sau \u00een apropierea unei zone de lucru manual. Carcasa \u00eenclinabil\u0103 \u0219i sacul de colectare permit eliminarea rapid\u0103 \u0219i u\u0219oar\u0103 a de\u0219eurilor colectate.  <\/p>\n<\/div>\n\n\n\n<div class=\"wp-block-column is-layout-flow wp-block-column-is-layout-flow\">\n<h3 class=\"wp-block-heading has-text-align-center\"><strong><a href=\"https:\/\/obera.fr\/ro\/produits\/depoussiereurs-industriels\/mobiles\/extracteur-poussiere-pulverulente-dustomat-16m\/\">DUSTOMAT 16<\/a><\/strong><\/h3>\n\n\n\n<figure class=\"wp-block-image aligncenter size-medium\"><a href=\"https:\/\/obera.fr\/produits\/depoussiereurs-industriels\/mobiles\/extracteur-poussiere-pulverulente-dustomat-16m\/\"><img decoding=\"async\" width=\"300\" height=\"300\" src=\"https:\/\/obera.fr\/wp-content\/uploads\/2020\/10\/extracteur-poussiere-pulverulente-DUSTOMAT-16-300x300.png\" alt=\"Extractor de praf pulverulent Dustomat 16\" class=\"wp-image-1307\" srcset=\"https:\/\/obera.fr\/wp-content\/uploads\/2020\/10\/extracteur-poussiere-pulverulente-DUSTOMAT-16-300x300.png 300w, https:\/\/obera.fr\/wp-content\/uploads\/2020\/10\/extracteur-poussiere-pulverulente-DUSTOMAT-16-150x150.png 150w, https:\/\/obera.fr\/wp-content\/uploads\/2020\/10\/extracteur-poussiere-pulverulente-DUSTOMAT-16.png 600w\" sizes=\"(max-width: 300px) 100vw, 300px\" \/><\/a><figcaption class=\"wp-element-caption\">DUSTOMAT 16<\/figcaption><\/figure>\n\n\n\n<p><strong>DUSTOMAT 16<\/strong> a fost dezvoltat pentru utilizare mobil\u0103, \u00een special pentru<a href=\"https:\/\/obera.fr\/ro\/produits\/depoussiereurs-industriels\/mobiles\/extracteur-poussiere-pulverulente-dustomat-16m\/\" data-type=\"page\" data-id=\"449\">extragerea prafului sub form\u0103 de pulbere<\/a>. Cu alte cuvinte, praf mineral (piatr\u0103, grafit sau beton), praf de plastic sau metal, a\u0219chii de lemn \u0219i metal.   <\/p>\n\n\n\n<p><strong>Praful este extras<\/strong> cu ajutorul unui bra\u021b de aspirare. Filtrele cu cartu\u0219e pot fi cur\u0103\u021bate manual sau automat, pentru a asigura o durat\u0103 lung\u0103 de via\u021b\u0103 a cartu\u0219elor filtrante. Sacul de colectare a prafului este robust \u0219i reutilizabil, pentru costuri reduse cu consumabilele.  <\/p>\n<\/div>\n<\/div>\n\n<div class=\"wp-block-columns is-layout-flex wp-container-core-columns-is-layout-28f84493 wp-block-columns-is-layout-flex\">\n<div class=\"wp-block-column is-layout-flow wp-block-column-is-layout-flow\">\n<h3 class=\"wp-block-heading has-text-align-center\"><strong><strong><a href=\"https:\/\/obera.fr\/ro\/produits\/depoussiereurs-industriels\/mobiles\/srf-k\/\">SRF K<\/a><\/strong><\/strong><\/h3>\n\n\n\n<figure class=\"wp-block-image aligncenter size-medium\"><a href=\"https:\/\/obera.fr\/produits\/depoussiereurs-industriels\/mobiles\/srf-k\/\"><img decoding=\"async\" width=\"240\" height=\"300\" src=\"https:\/\/obera.fr\/wp-content\/uploads\/2025\/05\/srf-k-1-240x300.png\" alt=\"Colector de praf mobil SRF-K\" class=\"wp-image-104035\" srcset=\"https:\/\/obera.fr\/wp-content\/uploads\/2025\/05\/srf-k-1-240x300.png 240w, https:\/\/obera.fr\/wp-content\/uploads\/2025\/05\/srf-k-1-819x1024.png 819w, https:\/\/obera.fr\/wp-content\/uploads\/2025\/05\/srf-k-1-768x960.png 768w, https:\/\/obera.fr\/wp-content\/uploads\/2025\/05\/srf-k-1.png 1080w\" sizes=\"(max-width: 240px) 100vw, 240px\" \/><\/a><figcaption class=\"wp-element-caption\">SRF-K<\/figcaption><\/figure>\n\n\n\n<p>SRF K este, de asemenea, un <a href=\"https:\/\/obera.fr\/ro\/produits\/depoussiereurs-industriels\/mobiles\/srf-k\/\" data-type=\"page\" data-id=\"436\">extractor de fumuri de sudur\u0103<\/a> mai puternic, pentru extrac\u021bie punctual\u0103 sau continu\u0103. Fumurile sunt filtrate \u00een propor\u021bie de 99,9%, permi\u021b\u00e2nd reintroducerea aerului filtrat \u00een spa\u021biul de lucru.   <\/p>\n\n\n\n<p>Disponibil \u00een dou\u0103 versiuni, <strong>SRF K-10<\/strong> v\u0103 permite s\u0103 conecta\u021bi un bra\u021b de aspira\u021bie sau o hot\u0103 de extrac\u021bie, ideal pentru un post de sudur\u0103, iar <strong>SRF K-15<\/strong> v\u0103 permite s\u0103 echipa\u021bi p\u00e2n\u0103 la dou\u0103 bra\u021be de aspira\u021bie, astfel \u00eenc\u00e2t s\u0103 pute\u021bi gestiona dou\u0103 posturi de sudur\u0103 \u00een acela\u0219i timp.  <\/p>\n\n\n\n<p>\u00cen func\u021bie de aplica\u021bie, acesta poate fi echipat (op\u021bional) cu filtre de c\u0103rbune activ concepute pentru a extrage vaporii de lipire sau al\u021bi poluan\u021bi care pot genera mirosuri. Pentru a cur\u0103\u021ba mediul filtrant, aceste unit\u0103\u021bi pot fi echipate fie cu un sistem manual rotativ de deblocare, fie cu un sistem automat de deblocare.<\/p>\n\n\n\n<p><\/p>\n<\/div>\n\n\n\n<div class=\"wp-block-column is-vertically-aligned-top is-layout-flow wp-block-column-is-layout-flow\">\n<h3 class=\"wp-block-heading has-text-align-center\"><strong><a href=\"https:\/\/obera.fr\/ro\/produits\/depoussiereurs-industriels\/mobiles\/extracteur-poussiere-dustomat-4\/\">DUSTOMAT 4<\/a><\/strong><\/h3>\n\n\n\n<figure class=\"wp-block-image aligncenter size-medium\"><a href=\"https:\/\/obera.fr\/produits\/depoussiereurs-industriels\/mobiles\/extracteur-poussiere-dustomat-4\/\"><img decoding=\"async\" width=\"300\" height=\"300\" src=\"https:\/\/obera.fr\/wp-content\/uploads\/2020\/08\/extracteur-poussiere-Dustomat-4-ATEX-300x300.png\" alt=\"Extractor de praf Dustomat 4 Atex\" class=\"wp-image-677\" srcset=\"https:\/\/obera.fr\/wp-content\/uploads\/2020\/08\/extracteur-poussiere-Dustomat-4-ATEX-300x300.png 300w, https:\/\/obera.fr\/wp-content\/uploads\/2020\/08\/extracteur-poussiere-Dustomat-4-ATEX-150x150.png 150w, https:\/\/obera.fr\/wp-content\/uploads\/2020\/08\/extracteur-poussiere-Dustomat-4-ATEX.png 600w\" sizes=\"(max-width: 300px) 100vw, 300px\" \/><\/a><figcaption class=\"wp-element-caption\">Dustomat 4<\/figcaption><\/figure>\n\n\n\n<p>DUSTOMAT 4 este un <a href=\"https:\/\/obera.fr\/ro\/produits\/depoussiereurs-industriels\/mobiles\/extracteur-poussiere-dustomat-4\/\" data-type=\"page\" data-id=\"440\">colector de praf potrivit pentru aproape toate sectoarele industriale<\/a>. Poate extrage praful \u0219i a\u0219chiile direct din ma\u0219ina de produc\u021bie, dar poate fi conectat \u0219i la o hot\u0103 de aspira\u021bie, un bra\u021b de aspira\u021bie sau o re\u021bea de conducte. Dispun\u00e2nd de dou\u0103 puteri de aspira\u021bie, a fost proiectat pentru a asigura o circula\u021bie eficient\u0103 \u0219i de \u00eenalt\u0103 performan\u021b\u0103 a aerului.   <\/p>\n\n\n\n<p>Este <strong>silen\u021bios<\/strong> \u0219i consum\u0103 foarte pu\u021bin\u0103 energie, \u00een ciuda puterii sale ridicate de aspirare. Este prev\u0103zut cu un pre-separator pentru particule grele \u0219i grosiere. Filtrele sunt cur\u0103\u021bate (deblocate) cu aer comprimat, ceea ce faciliteaz\u0103 \u00eentre\u021binerea acestora \u0219i garanteaz\u0103 longevitatea cartu\u0219elor filtrante.  <\/p>\n\n\n\n<p>(Disponibil \u00een versiunea <a href=\"https:\/\/obera.fr\/ro\/produits\/atex\/\" data-type=\"page\" data-id=\"372\">ATEX<\/a>)<\/p>\n<\/div>\n\n\n\n<div class=\"wp-block-column is-layout-flow wp-block-column-is-layout-flow\">\n<h3 class=\"wp-block-heading has-text-align-center\"><a href=\"https:\/\/obera.fr\/ro\/produits\/depoussiereurs-industriels\/mobiles\/na-2-2-depoussiereur-a-voie-humide\/\" data-type=\"page\" data-id=\"29480\">NA 2.2<\/a><\/h3>\n\n\n\n<figure class=\"wp-block-image aligncenter size-medium\"><a href=\"https:\/\/obera.fr\/produits\/depoussiereurs-industriels\/mobiles\/na-2-2-depoussiereur-a-voie-humide\/\"><img decoding=\"async\" width=\"300\" height=\"300\" src=\"https:\/\/obera.fr\/wp-content\/uploads\/2024\/04\/obera-na-2-2-depoussiereur-a-voie-humide-mobile-300x300.jpg\" alt=\"obera na 2 2 colector de praf umed mobil\" class=\"wp-image-29475\" srcset=\"https:\/\/obera.fr\/wp-content\/uploads\/2024\/04\/obera-na-2-2-depoussiereur-a-voie-humide-mobile-300x300.jpg 300w, https:\/\/obera.fr\/wp-content\/uploads\/2024\/04\/obera-na-2-2-depoussiereur-a-voie-humide-mobile-150x150.jpg 150w, https:\/\/obera.fr\/wp-content\/uploads\/2024\/04\/obera-na-2-2-depoussiereur-a-voie-humide-mobile.jpg 600w\" sizes=\"(max-width: 300px) 100vw, 300px\" \/><\/a><figcaption class=\"wp-element-caption\">NA 2.2<\/figcaption><\/figure>\n<\/div>\n<\/div>\n\n<div class=\"wp-block-buttons is-horizontal is-content-justification-center is-layout-flex wp-container-core-buttons-is-layout-03627597 wp-block-buttons-is-layout-flex\">\n<div class=\"wp-block-button has-custom-width wp-block-button__width-100\"><a class=\"wp-block-button__link wp-element-button\" href=\"https:\/\/obera.fr\/ro\/contactati-ne\/\">Afl\u0103 mai multe<\/a><\/div>\n<\/div>\n\n<h2 class=\"wp-block-heading\">Ce poluan\u021bi pot gestiona sistemele noastre mobile de despr\u0103fuire?<\/h2>\n\n<p><a href=\"https:\/\/obera.fr\/ro\/produits\/depoussiereurs-industriels\/petits\/\">Micile noastre colectoare mobile de praf<\/a> pot <strong>gestiona praful fin \u0219i a\u0219chiile<\/strong>, precum \u0219i cea\u021ba de ulei, fumurile \u0219i mirosurile, \u00een diverse sectoare industriale, cum ar fi metal, plastic, lemn, minerale, textile \u0219i h\u00e2rtie\/carton.<\/p>\n\n<p>Praful \u0219i al\u021bi poluan\u021bi trebuie trata\u021bi deoarece reprezint\u0103 un risc pentru organismul uman. Respira\u021bia aerului poluat poate provoca boli cancerigene, mutagene \u0219i reprotoxice. Tratarea aerului poluat este esen\u021bial\u0103 pentru lucr\u0103tori, calitatea produc\u021biei \u0219i respectarea legisla\u021biei.<\/p>\n\n<h2 class=\"wp-block-heading\">Cum aleg sistemul de colectare a prafului potrivit?<\/h2>\n\n<p>Este important s\u0103 alege\u021bi <a href=\"https:\/\/obera.fr\/ro\/produits\/depoussiereurs-industriels\/fixes\/\" data-type=\"link\" data-id=\"https:\/\/obera.fr\/produits\/depoussiereurs-industriels\/fixes\/\">colectorul de praf sta\u021bionar<\/a> potrivit, deoarece unitatea se poate uza \u0219i nu mai func\u021bioneaz\u0103. Acest lucru va depinde de poluant, de dimensiunea acestuia, de starea sa (solid\u0103 sau gazoas\u0103) \u0219i de cantitatea sa. Acest lucru v\u0103 va permite s\u0103 selecta\u021bi tipul de filtru pe care ar trebui s\u0103 \u00eel aib\u0103 <a href=\"https:\/\/obera.fr\/ro\/produits\/depoussiereurs-industriels\/fixes\/depoussiereur-a-voie-humide-dustomat-hydro\/\" data-type=\"page\" data-id=\"15983\">colectorul de praf industrial umed<\/a>. \u00cen al doilea r\u00e2nd, trebuie s\u0103 afla\u021bi despre puterea unit\u0103\u021bii, cu alte cuvinte, debitul acesteia. \u00cenc\u0103 o dat\u0103, debitul unit\u0103\u021bii va depinde de cantitatea poluantului dumneavoastr\u0103, dar \u0219i de suprafa\u021ba spa\u021biului care urmeaz\u0103 s\u0103 fie tratat. Cu c\u00e2t spa\u021biul este mai mare, cu at\u00e2t este mai mare debitul necesar.     <\/p>\n\n<p>\u00cen continuare, trebuie s\u0103 decide\u021bi cu ce accesoriu s\u0103 v\u0103 echipa\u021bi ma\u0219ina: o conduct\u0103 pentru conectarea la ma\u0219ina de produc\u021bie sau un bra\u021b de aspira\u021bie pentru o sta\u021bie de lucru.<\/p>\n\n<div class=\"wp-block-buttons is-horizontal is-content-justification-center is-layout-flex wp-container-core-buttons-is-layout-03627597 wp-block-buttons-is-layout-flex\">\n<div class=\"wp-block-button has-custom-width wp-block-button__width-100\"><a class=\"wp-block-button__link wp-element-button\" href=\"https:\/\/obera.fr\/ro\/contactati-ne\/\">Afl\u0103 mai multe<\/a><\/div>\n<\/div>\n\n<hr class=\"wp-block-separator has-css-opacity\"\/>\n\n<div class=\"wp-block-group is-layout-flow wp-block-group-is-layout-flow\">\n<h2 class=\"wp-block-heading\">Alte produse din gama de colectoare de praf industriale oberA<\/h2>\n\n\n\n<div class=\"wp-block-buttons is-content-justification-center is-layout-flex wp-container-core-buttons-is-layout-a89b3969 wp-block-buttons-is-layout-flex\">\n<div class=\"wp-block-button\"><a class=\"wp-block-button__link wp-element-button\" href=\"https:\/\/obera.fr\/produits\/depoussiereurs-industriels\/fixes\/\">Colectori de praf FIXI  <\/a><\/div>\n\n\n\n<div class=\"wp-block-button\"><a class=\"wp-block-button__link wp-element-button\" href=\"https:\/\/obera.fr\/produits\/depoussiereurs-industriels\/petits\/\"> <strong>Colectori de praf mici<\/strong><\/a><\/div>\n<\/div>\n<\/div>\n","protected":false},"excerpt":{"rendered":"<p>Colectorii no\u0219tri de praf mobili reprezint\u0103 o gam\u0103 de colectori de praf industriali puternici care sunt u\u0219or de deplasat. Aceste unit\u0103\u021bi se adapteaz\u0103 perfect la mediul dvs. pentru un confort de lucru optim \u0219i o eficien\u021b\u0103 garantat\u0103. Aceste sisteme de tratare a aerului sunt concepute pentru a fi conectate direct la ma\u0219inile de produc\u021bie prin intermediul unei re\u021bele de conducte sau pentru a extrage aerul de la un post de lucru mobil cu ajutorul unui bra\u021b de aspira\u021bie sau al unei hote de extrac\u021bie, pentru a colecta toate tipurile de praf \u0219i cantit\u0103\u021bi mari de poluan\u021bi direct de la surs\u0103. &#8230; <\/p>\n<p class=\"read-more-container\"><a title=\"Colectori de praf mobili\" class=\"read-more button\" href=\"https:\/\/obera.fr\/ro\/produits\/depoussiereurs-industriels\/mobiles\/#more-46856\" aria-label=\"Cite\u0219te mai multe despre Colectori de praf mobili\">Lire la suite<\/a><\/p>\n","protected":false},"author":4,"featured_media":83748,"parent":45668,"menu_order":0,"comment_status":"closed","ping_status":"closed","template":"","meta":{"_acf_changed":false,"_seopress_robots_primary_cat":"","_seopress_titles_title":"Colectoare de praf mobile DUSTOMAT, SRF-K \u0219i ePURBOX - oberA","_seopress_titles_desc":"Colectorii no\u0219tri de praf industriali mobili se adapteaz\u0103 perfect la mediul dvs. pentru un confort de lucru optim \u0219i o eficien\u021b\u0103 garantat\u0103.","_seopress_robots_index":"","footnotes":""},"class_list":{"0":"post-46856","1":"page","2":"type-page","3":"status-publish","4":"has-post-thumbnail","6":"no-featured-image-padding","7":"resize-featured-image"},"acf":[],"_links":{"self":[{"href":"https:\/\/obera.fr\/ro\/wp-json\/wp\/v2\/pages\/46856","targetHints":{"allow":["GET"]}}],"collection":[{"href":"https:\/\/obera.fr\/ro\/wp-json\/wp\/v2\/pages"}],"about":[{"href":"https:\/\/obera.fr\/ro\/wp-json\/wp\/v2\/types\/page"}],"author":[{"embeddable":true,"href":"https:\/\/obera.fr\/ro\/wp-json\/wp\/v2\/users\/4"}],"replies":[{"embeddable":true,"href":"https:\/\/obera.fr\/ro\/wp-json\/wp\/v2\/comments?post=46856"}],"version-history":[{"count":11,"href":"https:\/\/obera.fr\/ro\/wp-json\/wp\/v2\/pages\/46856\/revisions"}],"predecessor-version":[{"id":117664,"href":"https:\/\/obera.fr\/ro\/wp-json\/wp\/v2\/pages\/46856\/revisions\/117664"}],"up":[{"embeddable":true,"href":"https:\/\/obera.fr\/ro\/wp-json\/wp\/v2\/pages\/45668"}],"wp:featuredmedia":[{"embeddable":true,"href":"https:\/\/obera.fr\/ro\/wp-json\/wp\/v2\/media\/83748"}],"wp:attachment":[{"href":"https:\/\/obera.fr\/ro\/wp-json\/wp\/v2\/media?parent=46856"}],"curies":[{"name":"wp","href":"https:\/\/api.w.org\/{rel}","templated":true}]}}