{"id":47249,"date":"2020-08-26T12:34:42","date_gmt":"2020-08-26T10:34:42","guid":{"rendered":"https:\/\/obera.fr\/produsele-noastre\/colectori-de-praf-industriali\/colectori-de-praf-fixi\/"},"modified":"2025-07-11T11:15:04","modified_gmt":"2025-07-11T09:15:04","slug":"fixes","status":"publish","type":"page","link":"https:\/\/obera.fr\/ro\/produits\/depoussiereurs-industriels\/fixes\/","title":{"rendered":"Colectori de praf fixi"},"content":{"rendered":"\n<p><strong>Colectoarele<\/strong> noastre <strong>fixe de praf<\/strong> reprezint\u0103 o gam\u0103 de instala\u021bii puternice pentru <strong>cur\u0103\u021barea de praf a atelierelor \u0219i a halei de depozitare<\/strong>, precum \u0219i a posturilor de lucru fixe, direct prin intermediul unui bra\u021b de extrac\u021bie sau al unei hote. Echipamentele noastre pot <strong>gestiona praful \u0219i a\u0219chiile fine<\/strong>, precum \u0219i <strong>cea\u021ba de ulei<\/strong>, <strong>fumurile<\/strong> \u0219i <strong>mirosurile<\/strong>, \u00eentr-o gam\u0103 larg\u0103 de sectoare industriale, inclusiv metal, mase plastice, lemn, minerale, textile, produse chimice \u0219i h\u00e2rtie\/carton. <\/p>\n\n<blockquote class=\"wp-block-quote is-layout-flow wp-block-quote-is-layout-flow\">\n<p>Praful \u0219i al\u021bi poluan\u021bi trebuie trata\u021bi deoarece <strong>reprezint\u0103 un risc pentru organismul uman<\/strong>.<\/p>\n<\/blockquote>\n\n<p>Respira\u021bia aerului poluat poate provoca boli, \u00een special atunci c\u00e2nd <strong>poluan\u021bii sunt cancerigeni<\/strong>, <strong>mutageni<\/strong> sau <strong>reprotoxici<\/strong>. Tratarea aerului poluat este esen\u021bial\u0103 nu numai pentru a proteja lucr\u0103torii \u0219i echipele de produc\u021bie, ci \u0219i pentru a garanta calitatea produselor fabricate \u0219i, desigur, pentru a respecta legea. <\/p>\n\n\n<h2 class=\"wp-block-heading\">Gama noastr\u0103 de colectoare de praf uscate centralizate compacte cu saci sau cartu\u0219e, sau colectoare de praf umede<\/h2>\n\n<div class=\"wp-block-group is-layout-flow wp-block-group-is-layout-flow\">\n<div class=\"wp-block-columns is-layout-flex wp-container-core-columns-is-layout-28f84493 wp-block-columns-is-layout-flex\">\n<div class=\"wp-block-column is-vertically-aligned-top is-layout-flow wp-block-column-is-layout-flow\">\n<h3 class=\"wp-block-heading has-text-align-center\"><strong><a href=\"https:\/\/obera.fr\/ro\/produits\/depoussiereurs-industriels\/fixes\/aspiration-centralisee-industrielle-dustmac\/\" data-type=\"URL\" data-id=\"https:\/\/obera.fr\/produits\/depoussiereurs-industriels\/fixes\/aspiration-centralisee-industrielle-dustmac\/\">Seria DUSTMAC<\/a><\/strong><\/h3>\n\n\n\n<figure class=\"wp-block-image aligncenter size-medium\"><a href=\"https:\/\/obera.fr\/produits\/depoussiereurs-industriels\/fixes\/aspiration-centralisee-industrielle-dustmac\/\"><img decoding=\"async\" width=\"300\" height=\"300\" src=\"https:\/\/obera.fr\/wp-content\/uploads\/2020\/08\/depoussiereur-centralise-filtres-a-manches-DUSTMAC-S-300x300.png\" alt=\"Sistem - Proiectarea produsului\" class=\"wp-image-637\" srcset=\"https:\/\/obera.fr\/wp-content\/uploads\/2020\/08\/depoussiereur-centralise-filtres-a-manches-DUSTMAC-S-300x300.png 300w, https:\/\/obera.fr\/wp-content\/uploads\/2020\/08\/depoussiereur-centralise-filtres-a-manches-DUSTMAC-S-150x150.png 150w, https:\/\/obera.fr\/wp-content\/uploads\/2020\/08\/depoussiereur-centralise-filtres-a-manches-DUSTMAC-S.png 600w\" sizes=\"(max-width: 300px) 100vw, 300px\" \/><\/a><\/figure>\n\n\n\n<p><strong>DUSTMAC S\u00e9ries<\/strong> este un <a href=\"https:\/\/obera.fr\/ro\/produits\/depoussiereurs-industriels\/fixes\/aspiration-centralisee-industrielle-dustmac\/\" data-type=\"page\" data-id=\"467\">colector de praf centralizat<\/a> care, datorit\u0103 designului s\u0103u modular, poate fi utilizat pentru o gam\u0103 larg\u0103 de aplica\u021bii. <strong>Op\u021biunile de configurare sunt practic nelimitate<\/strong>, permi\u021b\u00e2ndu-v\u0103 s\u0103 v\u0103 personaliza\u021bi complet unitatea \u00een func\u021bie de cerin\u021bele dvs. specifice pentru o eficien\u021b\u0103 optim\u0103. Cartu\u0219ele sunt cur\u0103\u021bate automat de un jet de aer comprimat (Jet-pulse).   <\/p>\n\n\n\n<p>Acest aparat este disponibil \u00een 3 game: DUSTMAC P, DUSTMAC S \u0219i DUSTMAC F.<\/p>\n\n\n\n<p><strong>Toate DUSTMAC <\/strong>sunt disponibile \u00een diferite clase de filtrare M sau H pentru<strong> compu\u0219i CMR <\/strong>\u0219i \u00een versiunea <strong>ATEX pentru praf<\/strong>.<\/p>\n<\/div>\n\n\n\n<div class=\"wp-block-column is-vertically-aligned-top is-layout-flow wp-block-column-is-layout-flow\">\n<h3 class=\"wp-block-heading has-text-align-center\"><strong><a href=\"https:\/\/obera.fr\/ro\/produits\/depoussiereurs-industriels\/fixes\/depoussiereur-a-voie-humide-dustomat-hydro\/\" data-type=\"page\" data-id=\"15983\">DUSTOMAT HYDRO<\/a><\/strong><\/h3>\n\n\n\n<figure class=\"wp-block-image aligncenter size-medium\"><a href=\"https:\/\/obera.fr\/produits\/depoussiereurs-industriels\/fixes\/depoussiereur-a-voie-humide-dustomat-hydro\/\"><img decoding=\"async\" width=\"300\" height=\"300\" src=\"https:\/\/obera.fr\/wp-content\/uploads\/2022\/11\/dustomat-hydro-1-300x300.png\" alt=\"dustomat hidro 1\" class=\"wp-image-15989\" srcset=\"https:\/\/obera.fr\/wp-content\/uploads\/2022\/11\/dustomat-hydro-1-300x300.png 300w, https:\/\/obera.fr\/wp-content\/uploads\/2022\/11\/dustomat-hydro-1-150x150.png 150w, https:\/\/obera.fr\/wp-content\/uploads\/2022\/11\/dustomat-hydro-1.png 600w\" sizes=\"(max-width: 300px) 100vw, 300px\" \/><\/a><\/figure>\n\n\n\n<p><strong>DUSTOMAT HYDRO<\/strong> este o nou\u0103 gam\u0103 de <a href=\"https:\/\/obera.fr\/ro\/produits\/depoussiereurs-industriels\/fixes\/depoussiereur-a-voie-humide-dustomat-hydro\/\" data-type=\"page\" data-id=\"15983\">colectoare de praf umede<\/a> de \u00eenalt\u0103 performan\u021b\u0103, special concepute pentru a extrage praful de la unul sau mai multe posturi de lucru, inclusiv praful metalic, sc\u00e2nteile \u0219i praful foarte inflamabil, \u00een special \u00een timpul proceselor de \u0219lefuire, periere, lustruire sau sudare.<\/p>\n\n\n\n<p>Tehnologia inovatoare de separare a apei \u00eendep\u0103rteaz\u0103 \u00een siguran\u021b\u0103 praful \u0219i sc\u00e2nteile.  <\/p>\n\n\n\n<p>Separatoarele func\u021bioneaz\u0103 <strong>silen\u021bios <\/strong>\u0219i sunt disponibile \u00een dou\u0103 niveluri de putere, precum \u0219i \u00eentr-o <strong>versiune ATEX<\/strong>. Datorit\u0103 tehnologiei lor, noile separatoare func\u021bioneaz\u0103 la putere maxim\u0103, cu un consum redus de energie. <\/p>\n<\/div>\n<\/div>\n<\/div>\n\n<div class=\"wp-block-group is-layout-flow wp-block-group-is-layout-flow\">\n<div class=\"wp-block-columns is-layout-flex wp-container-core-columns-is-layout-28f84493 wp-block-columns-is-layout-flex\">\n<div class=\"wp-block-column is-layout-flow wp-block-column-is-layout-flow\">\n<h3 class=\"wp-block-heading has-text-align-center\"><a href=\"https:\/\/obera.fr\/ro\/produits\/depoussiereurs-industriels\/fixes\/depoussiereur-a-sec-estmac\/\" data-type=\"URL\" data-id=\"https:\/\/obera.fr\/produits\/depoussiereurs-industriels\/fixes\/depoussiereur-a-sec-estmac\/\">ESTMAC<\/a><\/h3>\n\n\n\n<figure class=\"wp-block-image aligncenter size-medium\"><a href=\"https:\/\/obera.fr\/produits\/depoussiereurs-industriels\/fixes\/depoussiereur-a-sec-estmac\/\"><img decoding=\"async\" width=\"300\" height=\"264\" src=\"https:\/\/obera.fr\/wp-content\/uploads\/2021\/02\/Depoussiereur-fixe-ESTMAC-300x264.png\" alt=\"Colector de praf fix Estmac\" class=\"wp-image-4475\" srcset=\"https:\/\/obera.fr\/wp-content\/uploads\/2021\/02\/Depoussiereur-fixe-ESTMAC-300x264.png 300w, https:\/\/obera.fr\/wp-content\/uploads\/2021\/02\/Depoussiereur-fixe-ESTMAC.png 480w\" sizes=\"(max-width: 300px) 100vw, 300px\" \/><\/a><\/figure>\n\n\n\n<p><strong>ESTMAC <\/strong>este un <a href=\"https:\/\/obera.fr\/ro\/produits\/depoussiereurs-industriels\/fixes\/depoussiereur-a-sec-estmac\/\">colector de praf uscat<\/a> fix, dar <strong>compact<\/strong>, ceea ce \u00eel face relativ <strong>u\u0219or de deplasat<\/strong>. Acest lucru \u00eenseamn\u0103 c\u0103 poate fi adaptat la o gam\u0103 larg\u0103 de aplica\u021bii.   <\/p>\n\n\n\n<p>Aceast\u0103 ma\u0219in\u0103 este ideal\u0103 pentru aspirarea <strong>prafului \u0219i resturilor de<\/strong> metal \u0219i plastic, precum \u0219i a prafului mineral \u0219i a materialelor compozite.  <\/p>\n\n\n\n<p>ESTMAC este disponibil \u00een 2 concentra\u021bii:  <\/p>\n\n\n\n<p><strong>ESTMAC 1500<\/strong> cu un flux de aer de 1500 m3\/h pentru o presiune negativ\u0103 de 2040 Pa \u0219i<strong> ESTMAC 1800<\/strong> cu un flux de aer de 1800 m3\/h pentru o presiune negativ\u0103 de 2650 Pa.<\/p>\n<\/div>\n<\/div>\n\n\n\n<div class=\"wp-block-columns is-layout-flex wp-container-core-columns-is-layout-28f84493 wp-block-columns-is-layout-flex\">\n<div class=\"wp-block-column is-layout-flow wp-block-column-is-layout-flow\"><\/div>\n<\/div>\n<\/div>\n\n<h2 class=\"wp-block-heading\"><strong>Cum aleg sistemul de colectare a prafului potrivit?<\/strong><\/h2>\n\n<p>Este esen\u021bial s\u0103 <strong>alege\u021bi colectorul de praf potrivit<\/strong>, altfel aparatul se poate uza rapid \u0219i nu mai func\u021bioneaz\u0103. Acest lucru va depinde de poluant, de dimensiunea acestuia, de starea sa (solid\u0103 sau gazoas\u0103) \u0219i de cantitatea sa. Acest lucru v\u0103 va permite s\u0103 selecta\u021bi tipul de filtru pe care ar trebui s\u0103 \u00eel aib\u0103 <a href=\"https:\/\/obera.fr\/ro\/produits\/depoussiereurs-industriels\/\" data-type=\"page\" data-id=\"31\">colectorul de praf<\/a>. \u00cen al doilea r\u00e2nd, trebuie s\u0103 afla\u021bi despre puterea unit\u0103\u021bii, cu alte cuvinte, debitul acesteia. Debitul unit\u0103\u021bii va depinde de cantitatea de material care trebuie aspirat, de vitezele care trebuie garantate la punctul de colectare \u0219i de vitezele de transport care trebuie garantate \u00een conductele c\u0103tre intr\u0103rile existente ale ma\u0219inilor de aspirat.    <\/p>\n\n<p>Urm\u0103torul pas este s\u0103 decide\u021bi ce accesorii s\u0103 monta\u021bi la ma\u0219in\u0103: o conduct\u0103 pentru conectarea la ma\u0219ina de produc\u021bie, un dispozitiv de colectare, un sp\u0103tar sau chiar un <a href=\"https:\/\/obera.fr\/ro\/produits\/bras-dispositifs-captation\/capot-industriel\/\">bra\u021b de aspirare<\/a> pentru un post de lucru.<\/p>\n\n<blockquote class=\"wp-block-quote is-layout-flow wp-block-quote-is-layout-flow\">\n<p>Cel mai bun lucru de f\u0103cut este s\u0103 <strong>\u00eentreba\u021bi exper\u021bii no\u0219tri<\/strong>, care v\u0103 vor putea ajuta cu proiectele dvs. \u0219i v\u0103 vor oferi un produs adaptat nevoilor dvs. specifice.<\/p>\n<\/blockquote>\n\n<div class=\"wp-block-buttons is-horizontal is-content-justification-center is-layout-flex wp-container-core-buttons-is-layout-03627597 wp-block-buttons-is-layout-flex\">\n<div class=\"wp-block-button has-custom-width wp-block-button__width-100\"><a class=\"wp-block-button__link wp-element-button\" href=\"https:\/\/obera.fr\/ro\/contactati-ne\/\">Afl\u0103 mai multe<\/a><\/div>\n<\/div>\n\n<hr class=\"wp-block-separator has-css-opacity\"\/>\n\n<div class=\"wp-block-group is-layout-flow wp-block-group-is-layout-flow\">\n<h2 class=\"wp-block-heading\">Alte game de colectoare de praf industriale oberA<\/h2>\n\n\n\n<div class=\"wp-block-columns is-layout-flex wp-container-core-columns-is-layout-28f84493 wp-block-columns-is-layout-flex\">\n<div class=\"wp-block-column is-layout-flow wp-block-column-is-layout-flow\">\n<div class=\"wp-block-buttons is-horizontal is-content-justification-center is-layout-flex wp-container-core-buttons-is-layout-03627597 wp-block-buttons-is-layout-flex\">\n<div class=\"wp-block-button\"><a class=\"wp-block-button__link wp-element-button\" href=\"https:\/\/obera.fr\/produits\/depoussiereurs-industriels\/mobiles\/\">Colectori de praf mobili<\/a><\/div>\n<\/div>\n<\/div>\n\n\n\n<div class=\"wp-block-column is-layout-flow wp-block-column-is-layout-flow\">\n<div class=\"wp-block-buttons is-horizontal is-content-justification-center is-layout-flex wp-container-core-buttons-is-layout-03627597 wp-block-buttons-is-layout-flex\">\n<div class=\"wp-block-button\"><a class=\"wp-block-button__link wp-element-button\" href=\"https:\/\/obera.fr\/produits\/depoussiereurs-industriels\/petits\/\">Colectori de praf mici<\/a><\/div>\n<\/div>\n<\/div>\n<\/div>\n<\/div>\n","protected":false},"excerpt":{"rendered":"<p>Colectoarele noastre fixe de praf reprezint\u0103 o gam\u0103 de instala\u021bii puternice pentru cur\u0103\u021barea de praf a atelierelor \u0219i a halei de depozitare, precum \u0219i a posturilor de lucru fixe, direct prin intermediul unui bra\u021b de extrac\u021bie sau al unei hote. Echipamentele noastre pot gestiona praful \u0219i a\u0219chiile fine, precum \u0219i cea\u021ba de ulei, fumurile \u0219i mirosurile, \u00eentr-o gam\u0103 larg\u0103 de sectoare industriale, inclusiv metal, mase plastice, lemn, minerale, textile, produse chimice \u0219i h\u00e2rtie\/carton. Praful \u0219i al\u021bi poluan\u021bi trebuie trata\u021bi deoarece reprezint\u0103 un risc pentru organismul uman. Respira\u021bia aerului poluat poate provoca boli, \u00een special atunci c\u00e2nd poluan\u021bii sunt cancerigeni, mutageni &#8230; <\/p>\n<p class=\"read-more-container\"><a title=\"Colectori de praf fixi\" class=\"read-more button\" href=\"https:\/\/obera.fr\/ro\/produits\/depoussiereurs-industriels\/fixes\/#more-47249\" aria-label=\"Cite\u0219te mai multe despre Colectori de praf fixi\">Lire la suite<\/a><\/p>\n","protected":false},"author":4,"featured_media":103627,"parent":45668,"menu_order":0,"comment_status":"closed","ping_status":"closed","template":"","meta":{"_acf_changed":false,"_seopress_robots_primary_cat":"","_seopress_titles_title":"Colectoare de praf fixe umede\/uscate, saci\/cartu\u0219e","_seopress_titles_desc":"Aspira\u021bi praful din ateliere \u0219i hale de depozitare, precum \u0219i de la posturile de lucru direct prin intermediul unui bra\u021b de extrac\u021bie sau al unei hote cu colectoarele noastre fixe de praf","_seopress_robots_index":"","footnotes":""},"class_list":{"0":"post-47249","1":"page","2":"type-page","3":"status-publish","4":"has-post-thumbnail","6":"no-featured-image-padding","7":"resize-featured-image"},"acf":[],"_links":{"self":[{"href":"https:\/\/obera.fr\/ro\/wp-json\/wp\/v2\/pages\/47249","targetHints":{"allow":["GET"]}}],"collection":[{"href":"https:\/\/obera.fr\/ro\/wp-json\/wp\/v2\/pages"}],"about":[{"href":"https:\/\/obera.fr\/ro\/wp-json\/wp\/v2\/types\/page"}],"author":[{"embeddable":true,"href":"https:\/\/obera.fr\/ro\/wp-json\/wp\/v2\/users\/4"}],"replies":[{"embeddable":true,"href":"https:\/\/obera.fr\/ro\/wp-json\/wp\/v2\/comments?post=47249"}],"version-history":[{"count":5,"href":"https:\/\/obera.fr\/ro\/wp-json\/wp\/v2\/pages\/47249\/revisions"}],"predecessor-version":[{"id":121504,"href":"https:\/\/obera.fr\/ro\/wp-json\/wp\/v2\/pages\/47249\/revisions\/121504"}],"up":[{"embeddable":true,"href":"https:\/\/obera.fr\/ro\/wp-json\/wp\/v2\/pages\/45668"}],"wp:featuredmedia":[{"embeddable":true,"href":"https:\/\/obera.fr\/ro\/wp-json\/wp\/v2\/media\/103627"}],"wp:attachment":[{"href":"https:\/\/obera.fr\/ro\/wp-json\/wp\/v2\/media?parent=47249"}],"curies":[{"name":"wp","href":"https:\/\/api.w.org\/{rel}","templated":true}]}}