{"id":48168,"date":"2020-08-26T12:35:06","date_gmt":"2020-08-26T10:35:06","guid":{"rendered":"https:\/\/obera.fr\/produsele-noastre\/colectori-de-praf-industriali\/colectori-mici-de-praf-industrial\/"},"modified":"2025-08-29T09:23:51","modified_gmt":"2025-08-29T07:23:51","slug":"petits","status":"publish","type":"page","link":"https:\/\/obera.fr\/ro\/produits\/depoussiereurs-industriels\/petits\/","title":{"rendered":"Colectori mici de praf industrial"},"content":{"rendered":"\n\n<h2 class=\"wp-block-heading\">Ce este un colector de praf industrial mic?<\/h2>\n\n<p>Un colector de praf mic este, \u00een general, o <strong>unitate mic\u0103 de tratare a aerului cu o capacitate de aspira\u021bie de 80 m3\/h p\u00e2n\u0103 la 500 m3\/h<\/strong>. Aceste colectoare de praf sunt \u00een general silen\u021bioase, mobile \u0219i u\u0219or de deplasat \u0219i pot aspira \u00een general o singur\u0103 ma\u0219in\u0103 de produc\u021bie. Aceste colectoare de praf compacte sunt echipate cu medii filtrante de satura\u021bie (pentru ePUR ex 1000\/3000) sau cu un filtru deta\u0219abil manual.  <\/p>\n\n<p>Colectorii de praf mici sunt utiliza\u021bi pentru a colecta aerul cu un con\u021binut de praf sc\u0103zut p\u00e2n\u0103 la mediu. Aceste colectoare de praf <strong>capteaz\u0103 praful \u0219i vaporii<\/strong> de la ma\u0219inile de gravur\u0103 cu laser, sta\u021biile de sudur\u0103 \u0219i sta\u021biile mici de c\u00e2nt\u0103rire. Colectoarele de praf echipate cu filtre regenerative sunt potrivite pentru prafuri fine \u0219i uscate \u0219i au o tav\u0103 de reten\u021bie a prafului care poate fi prev\u0103zut\u0103 cu un sac. Acest sac permite ca praful colectat s\u0103 fie golit u\u0219or \u0219i curat.     <\/p>\n\n<p><a href=\"https:\/\/obera.fr\/ro\/produits\/depoussiereurs-industriels\/\" data-type=\"page\" data-id=\"31\">Colectoarele de praf<\/a> echipate cu filtre de satura\u021bie <a href=\"https:\/\/obera.fr\/ro\/produits\/depoussiereurs-industriels\/petits\/aspiration-fumees-soudage-laser-epur-b-ex\/\" data-type=\"page\" data-id=\"480\">(modelul ePUR ex<\/a>) sunt potrivite pentru toate tipurile de praf \u0219i cantit\u0103\u021bi mici de fum. Filtrul \u00een sine re\u021bine \u0219i stocheaz\u0103 praful. Atunci c\u00e2nd filtrul este plin, acesta este evacuat \u00eentr-un sac special. Materialul filtrant de pe toate colectoarele noastre mici de praf este u\u0219or de accesat \u0219i de \u00eenlocuit. Aceste colectoare de praf capteaz\u0103 praful <strong>de m\u0103cinare<\/strong>, praful de <strong>\u0219lefuire<\/strong> \u0219i praful de la sta\u021biile de <strong>dozare<\/strong> \u0219i <strong>c\u00e2nt\u0103rire<\/strong>.    <\/p>\n\n<h2 class=\"wp-block-heading\">Descoperi\u021bi toate colectoarele noastre de praf mici \u0219i compacte:<\/h2>\n\n<p><\/p>\n\n<p><\/p>\n\n<div class=\"wp-block-columns is-layout-flex wp-container-core-columns-is-layout-28f84493 wp-block-columns-is-layout-flex\">\n<div class=\"wp-block-column is-layout-flow wp-block-column-is-layout-flow\">\n<h3 class=\"wp-block-heading has-text-align-center\">SERIA TK<\/h3>\n\n\n\n<figure class=\"wp-block-image aligncenter size-full is-resized\"><a href=\"https:\/\/obera.fr\/produits\/depoussiereurs-industriels\/petits\/tk-serie\/\"><img decoding=\"async\" width=\"600\" height=\"600\" src=\"https:\/\/obera.fr\/wp-content\/uploads\/2020\/11\/tk-series.jpg\" alt=\"Laborator - echipamente de laborator\" class=\"wp-image-1607\" style=\"width:300px;height:300px\" srcset=\"https:\/\/obera.fr\/wp-content\/uploads\/2020\/11\/tk-series.jpg 600w, https:\/\/obera.fr\/wp-content\/uploads\/2020\/11\/tk-series-300x300.jpg 300w, https:\/\/obera.fr\/wp-content\/uploads\/2020\/11\/tk-series-150x150.jpg 150w\" sizes=\"(max-width: 600px) 100vw, 600px\" \/><\/a><figcaption class=\"wp-element-caption\">Seria TK<\/figcaption><\/figure>\n\n\n\n<p>Colectoare de praf <a href=\"https:\/\/obera.fr\/ro\/produits\/depoussiereurs-industriels\/petits\/tk-serie\/\" data-type=\"page\" data-id=\"1589\">seria TK<\/a><strong> <\/strong>sunt extractoare de praf compacte concepute pentru a extrage cantit\u0103\u021bi mici de praf pentru aplica\u021bii la scar\u0103 mic\u0103 sau industriale \u0219i pot fi conectate direct la ma\u0219inile de produc\u021bie pentru a capta praful la surs\u0103. Unitatea este ideal\u0103 pentru utilizare intermitent\u0103. Aceste unit\u0103\u021bi sunt eficiente pentru tratarea prafului metalic grosier, \u00een special de la m\u0103cinarea metalelor \u00een industria bijuteriilor. Este foarte simplu de utilizat \u0219i u\u0219or de deplasat datorit\u0103 dimensiunilor \u0219i greut\u0103\u021bii sale reduse.     <\/p>\n\n\n\n<p>Colectorul de praf mic <strong>TK 4<\/strong> are un debit maxim de 300 m3\/h, iar colectorul de praf mic TK 6 are un debit de 450 m3\/h. Aerul cur\u0103\u021bat este evacuat direct \u00een spa\u021biul de lucru. <\/p>\n<\/div>\n\n\n\n<div class=\"wp-block-column is-layout-flow wp-block-column-is-layout-flow\">\n<h3 class=\"wp-block-heading has-text-align-center\">EPUR Ex 1000-3000-5000<\/h3>\n\n\n\n<figure class=\"wp-block-image aligncenter size-medium is-resized\"><a href=\"https:\/\/obera.fr\/produits\/depoussiereurs-industriels\/petits\/aspiration-fumees-soudage-laser-epur-b-ex\/\"><img decoding=\"async\" width=\"300\" height=\"300\" src=\"https:\/\/obera.fr\/wp-content\/uploads\/2023\/10\/epurb-ex-1000-3000-5000-300x300.png\" alt=\"oberA epur b ex 1000 3000 5000\" class=\"wp-image-25016\" style=\"width:298px;height:auto\" srcset=\"https:\/\/obera.fr\/wp-content\/uploads\/2023\/10\/epurb-ex-1000-3000-5000-300x300.png 300w, https:\/\/obera.fr\/wp-content\/uploads\/2023\/10\/epurb-ex-1000-3000-5000-150x150.png 150w, https:\/\/obera.fr\/wp-content\/uploads\/2023\/10\/epurb-ex-1000-3000-5000.png 600w\" sizes=\"(max-width: 300px) 100vw, 300px\" \/><\/a><figcaption class=\"wp-element-caption\">EPUR EX 1000-3000-5000<\/figcaption><\/figure>\n\n\n\n<p>Gama <a href=\"https:\/\/obera.fr\/ro\/produits\/depoussiereurs-industriels\/petits\/aspiration-fumees-soudage-laser-epur-b-ex\/\" data-type=\"page\" data-id=\"480\">EPUR Ex 1000-3000-5000 de colectoare de praf<\/a><strong> <\/strong>sunt unit\u0103\u021bi mobile de extrac\u021bie echipate cu medii filtrante de satura\u021bie. Acestea sunt potrivite \u00een special pentru extragerea fumurilor, prafului, vaporilor, solven\u021bilor \u0219i gazelor de sudur\u0103 \u0219i lipire. Aceste colectoare de praf extrem de versatile pot fi adaptate la aproape orice sector industrial, datorit\u0103 celor trei etape de filtrare. Controlabile prin intermediul unui ecran tactil sau de la distan\u021b\u0103 pentru o u\u0219urin\u021b\u0103 excelent\u0103 de utilizare. Silen\u021bioase \u0219i puternice, pute\u021bi aspira p\u00e2n\u0103 la trei sta\u021bii de lucru mici sau ma\u0219ini de produc\u021bie.    <\/p>\n\n\n\n<p>Aceste colectoare de praf sunt adecvate pentru utilizarea \u00een zonele ATEX.  <\/p>\n\n\n\n<p>Avantajul acestor unit\u0103\u021bi este c\u0103 ofer\u0103 o putere de aspira\u021bie ridicat\u0103 (p\u00e2n\u0103 la 10 000 Pa vid) \u0219i sunt complet configurabile. De fapt, acestea au dou\u0103 sau trei trepte de filtrare ale c\u0103ror medii filtrante pot fi complet adaptate la fine\u021bea \u0219i periculozitatea prafului (trepte de filtrare de la G4 la HEPA 14). De asemenea, este posibil s\u0103 se aleag\u0103 o treapt\u0103 de c\u0103rbune activ special conceput\u0103 pentru a face fa\u021b\u0103 poluan\u021bilor gazo\u0219i. De asemenea, un motor cu comutare electronic\u0103 poate fi utilizat pentru a varia debitul de la 0 la 100 %. Filtrele pot fi \u00eenlocuite \u00een condi\u021bii de cur\u0103\u021benie \u0219i siguran\u021b\u0103, folosind un kit de \u00eenlocuire disponibil care cuprinde: capac de filtru, sac etan\u0219 de unic\u0103 folosin\u021b\u0103, masc\u0103 de protec\u021bie personal\u0103 \u0219i m\u0103nu\u0219i de unic\u0103 folosin\u021b\u0103.    <\/p>\n<\/div>\n<\/div>\n\n<p><\/p>\n\n<p><\/p>\n\n<div class=\"wp-block-columns is-layout-flex wp-container-core-columns-is-layout-28f84493 wp-block-columns-is-layout-flex\">\n<div class=\"wp-block-column is-layout-flow wp-block-column-is-layout-flow\">\n<h3 class=\"wp-block-heading has-text-align-center\"><strong>SRF-T<\/strong><\/h3>\n\n\n\n<div class=\"wp-block-columns is-layout-flex wp-container-core-columns-is-layout-28f84493 wp-block-columns-is-layout-flex\">\n<div class=\"wp-block-column is-layout-flow wp-block-column-is-layout-flow\">\n<figure class=\"wp-block-image aligncenter size-large is-resized\"><a href=\"https:\/\/obera.fr\/produits\/depoussiereurs-industriels\/petits\/srf-t\/\"><img decoding=\"async\" width=\"600\" height=\"600\" src=\"https:\/\/obera.fr\/wp-content\/uploads\/2020\/10\/SRF-T-SF.png\" alt=\"Fum - Colector de praf\" class=\"wp-image-1310\" style=\"width:259px;height:259px\" srcset=\"https:\/\/obera.fr\/wp-content\/uploads\/2020\/10\/SRF-T-SF.png 600w, https:\/\/obera.fr\/wp-content\/uploads\/2020\/10\/SRF-T-SF-300x300.png 300w, https:\/\/obera.fr\/wp-content\/uploads\/2020\/10\/SRF-T-SF-150x150.png 150w\" sizes=\"(max-width: 600px) 100vw, 600px\" \/><\/a><figcaption class=\"wp-element-caption\">SRF-T<\/figcaption><\/figure>\n<\/div>\n<\/div>\n\n\n\n<p><a href=\"https:\/\/obera.fr\/ro\/produits\/depoussiereurs-industriels\/petits\/srf-t\/\">SRF T este un dispozitiv portabil<\/a> conceput pentru a <strong>extrage fumul de sudur\u0103<\/strong>. Acesta are un vid ridicat, astfel \u00eenc\u00e2t poate fi conectat direct la tor\u021bele de sudur\u0103 pentru tratarea direct\u0103 la surs\u0103. <\/p>\n\n\n\n<p>Sunt disponibile mai multe modele, inclusiv <strong>SRF T-2<\/strong>, care conecteaz\u0103 un bra\u021b de extrac\u021bie, \u0219i <strong>SRF T-4<\/strong>, care conecteaz\u0103 p\u00e2n\u0103 la dou\u0103 bra\u021be.  <\/p>\n\n\n\n<p>Acest dispozitiv este deosebit de potrivit pentru aplica\u021bii precum \u0219antierele navale, sta\u021biile de sudur\u0103 pentru piese mici \u0219i fabricile de produc\u021bie auto. Cartu\u0219ele filtrante pot fi cur\u0103\u021bate \u0219i reutilizate. <\/p>\n<\/div>\n\n\n\n<div class=\"wp-block-column is-layout-flow wp-block-column-is-layout-flow\">\n<h3 class=\"wp-block-heading has-text-align-center\"><strong>JUMBO<\/strong><\/h3>\n\n\n\n<figure class=\"wp-block-image aligncenter size-large is-resized\"><a href=\"https:\/\/obera.fr\/produits\/depoussiereurs-industriels\/petits\/jumbo\/\"><img decoding=\"async\" width=\"500\" height=\"500\" src=\"https:\/\/obera.fr\/wp-content\/uploads\/2020\/12\/Jumbo2.png\" alt=\"Jumbo2\" class=\"wp-image-3839\" style=\"width:256px;height:auto\" srcset=\"https:\/\/obera.fr\/wp-content\/uploads\/2020\/12\/Jumbo2.png 500w, https:\/\/obera.fr\/wp-content\/uploads\/2020\/12\/Jumbo2-300x300.png 300w, https:\/\/obera.fr\/wp-content\/uploads\/2020\/12\/Jumbo2-150x150.png 150w\" sizes=\"(max-width: 500px) 100vw, 500px\" \/><\/a><figcaption class=\"wp-element-caption\"><a href=\"https:\/\/obera.fr\/ro\/produits\/depoussiereurs-industriels\/petits\/jumbo\/\">JUMBO<\/a><\/figcaption><\/figure>\n\n\n\n<p><a href=\"https:\/\/obera.fr\/ro\/produits\/depoussiereurs-industriels\/petits\/jumbo\/\">Jumbo <\/a>este un colector de praf mic \u0219i complet care <strong>poate fi adaptat la o gam\u0103 larg\u0103 de aplica\u021bii.<\/strong> \u00cen plus, debitul s\u0103u de 170 m3\/h \u0219i vidul de 2800 Pa \u00eenseamn\u0103 c\u0103 poate aspira 1 p\u00e2n\u0103 la 2 sta\u021bii de lucru.<\/p>\n\n\n\n<p>Acest mic colector de praf este deosebit de potrivit pentru extragerea <strong>prafului fin \u0219i grosier<\/strong>, precum \u0219i a <strong>fumului, vaporilor \u0219i mirosurilor.<\/strong><\/p>\n\n\n\n<p>Ocup\u0103 foarte<strong> pu\u021bin<\/strong> spa\u021biu pe podea \u0219i consum\u0103 foarte pu\u021bin\u0103 energie. Echipat cu mai multe articula\u021bii, poate aspira \u00een diferite pozi\u021bii \u0219i se poate<strong> adapta la orice situa\u021bie.<\/strong> <\/p>\n<\/div>\n<\/div>\n\n<div class=\"wp-block-buttons is-horizontal is-content-justification-center is-layout-flex wp-container-core-buttons-is-layout-03627597 wp-block-buttons-is-layout-flex\">\n<div class=\"wp-block-button has-custom-width wp-block-button__width-100\"><a class=\"wp-block-button__link wp-element-button\" href=\"https:\/\/obera.fr\/ro\/contactati-ne\/\">Afl\u0103 mai multe<\/a><\/div>\n<\/div>\n\n<hr class=\"wp-block-separator has-css-opacity\"\/>\n\n<div class=\"wp-block-group is-layout-flow wp-block-group-is-layout-flow\">\n<h2 class=\"wp-block-heading\">Alte game de colectoare de praf industriale oberA<\/h2>\n\n\n\n<div class=\"wp-block-buttons is-content-justification-center is-layout-flex wp-container-core-buttons-is-layout-a89b3969 wp-block-buttons-is-layout-flex\">\n<div class=\"wp-block-button\"><a class=\"wp-block-button__link wp-element-button\" href=\"https:\/\/obera.fr\/produits\/depoussiereurs-industriels\/mobiles\/\">colectoare de praf mobile  <\/a><\/div>\n\n\n\n<div class=\"wp-block-button\"><a class=\"wp-block-button__link wp-element-button\" href=\"https:\/\/obera.fr\/produits\/depoussiereurs-industriels\/fixes\/\"> <strong>Colectori de praf<\/strong>fixi<\/a><\/div>\n<\/div>\n<\/div>\n\n<p><\/p>\n","protected":false},"excerpt":{"rendered":"<p>Ce este un colector de praf industrial mic? Un colector de praf mic este, \u00een general, o unitate mic\u0103 de tratare a aerului cu o capacitate de aspira\u021bie de 80 m3\/h p\u00e2n\u0103 la 500 m3\/h. Aceste colectoare de praf sunt \u00een general silen\u021bioase, mobile \u0219i u\u0219or de deplasat \u0219i pot aspira \u00een general o singur\u0103 ma\u0219in\u0103 de produc\u021bie. Aceste colectoare de praf compacte sunt echipate cu medii filtrante de satura\u021bie (pentru ePUR ex 1000\/3000) sau cu un filtru deta\u0219abil manual. Colectorii de praf mici sunt utiliza\u021bi pentru a colecta aerul cu un con\u021binut de praf sc\u0103zut p\u00e2n\u0103 la mediu. Aceste &#8230; <\/p>\n<p class=\"read-more-container\"><a title=\"Colectori mici de praf industrial\" class=\"read-more button\" href=\"https:\/\/obera.fr\/ro\/produits\/depoussiereurs-industriels\/petits\/#more-48168\" aria-label=\"Cite\u0219te mai multe despre Colectori mici de praf industrial\">Lire la suite<\/a><\/p>\n","protected":false},"author":4,"featured_media":103627,"parent":45668,"menu_order":0,"comment_status":"closed","ping_status":"closed","template":"","meta":{"_acf_changed":false,"_seopress_robots_primary_cat":"","_seopress_titles_title":"Colectori de praf mici EPUR B Ex, SRF-T Filtre cu sac \u0219i ePURBOX","_seopress_titles_desc":"Colectoarele mici de praf sunt unit\u0103\u021bi mici de tratare a aerului. Aceste colectoare de praf industriale sunt silen\u021bioase, mobile \u0219i u\u0219or de mutat. ","_seopress_robots_index":"","footnotes":""},"class_list":{"0":"post-48168","1":"page","2":"type-page","3":"status-publish","4":"has-post-thumbnail","6":"no-featured-image-padding","7":"resize-featured-image"},"acf":[],"_links":{"self":[{"href":"https:\/\/obera.fr\/ro\/wp-json\/wp\/v2\/pages\/48168","targetHints":{"allow":["GET"]}}],"collection":[{"href":"https:\/\/obera.fr\/ro\/wp-json\/wp\/v2\/pages"}],"about":[{"href":"https:\/\/obera.fr\/ro\/wp-json\/wp\/v2\/types\/page"}],"author":[{"embeddable":true,"href":"https:\/\/obera.fr\/ro\/wp-json\/wp\/v2\/users\/4"}],"replies":[{"embeddable":true,"href":"https:\/\/obera.fr\/ro\/wp-json\/wp\/v2\/comments?post=48168"}],"version-history":[{"count":7,"href":"https:\/\/obera.fr\/ro\/wp-json\/wp\/v2\/pages\/48168\/revisions"}],"predecessor-version":[{"id":127492,"href":"https:\/\/obera.fr\/ro\/wp-json\/wp\/v2\/pages\/48168\/revisions\/127492"}],"up":[{"embeddable":true,"href":"https:\/\/obera.fr\/ro\/wp-json\/wp\/v2\/pages\/45668"}],"wp:featuredmedia":[{"embeddable":true,"href":"https:\/\/obera.fr\/ro\/wp-json\/wp\/v2\/media\/103627"}],"wp:attachment":[{"href":"https:\/\/obera.fr\/ro\/wp-json\/wp\/v2\/media?parent=48168"}],"curies":[{"name":"wp","href":"https:\/\/api.w.org\/{rel}","templated":true}]}}