{"id":48224,"date":"2020-08-26T12:54:02","date_gmt":"2020-08-26T10:54:02","guid":{"rendered":"https:\/\/obera.fr\/produsele-noastre\/colectori-de-praf-industriali\/colectori-mici-de-praf-industrial\/aspirarea-fumului-de-sudura-si-a-laserului-epur-b-ex\/"},"modified":"2025-08-28T10:51:50","modified_gmt":"2025-08-28T08:51:50","slug":"aspiration-fumees-soudage-laser-epur-b-ex","status":"publish","type":"page","link":"https:\/\/obera.fr\/ro\/produits\/depoussiereurs-industriels\/petits\/aspiration-fumees-soudage-laser-epur-b-ex\/","title":{"rendered":"Aspirarea fumului de sudur\u0103 \u0219i a laserului ePUR Ex"},"content":{"rendered":"\n<p><strong>EPUR Ex<\/strong> este o gam\u0103 de 3 sisteme<a href=\"https:\/\/obera.fr\/ro\/produits\/depoussiereurs-industriels\/petits\/\" data-type=\"page\" data-id=\"393\">mobile de extragere a aerului<\/a> certificate ATEX.<\/p>\n\n\n<h2 class=\"wp-block-heading\">Cum func\u021bioneaz\u0103 extragerea fumului de sudur\u0103\/laser?<\/h2>\n\n<div class=\"wp-block-columns is-layout-flex wp-container-core-columns-is-layout-28f84493 wp-block-columns-is-layout-flex\">\n<div class=\"wp-block-column is-layout-flow wp-block-column-is-layout-flow\" style=\"flex-basis:33.33%\">\n<figure class=\"wp-block-image aligncenter size-full\"><img decoding=\"async\" width=\"600\" height=\"600\" src=\"https:\/\/obera.fr\/wp-content\/uploads\/2023\/10\/epurb-ex-1000-3000-5000.png\" alt=\"epurb ex 1000 3000 5000\" class=\"wp-image-25016\" srcset=\"https:\/\/obera.fr\/wp-content\/uploads\/2023\/10\/epurb-ex-1000-3000-5000.png 600w, https:\/\/obera.fr\/wp-content\/uploads\/2023\/10\/epurb-ex-1000-3000-5000-300x300.png 300w, https:\/\/obera.fr\/wp-content\/uploads\/2023\/10\/epurb-ex-1000-3000-5000-150x150.png 150w\" sizes=\"(max-width: 600px) 100vw, 600px\" \/><\/figure>\n<\/div>\n\n\n\n<div class=\"wp-block-column is-layout-flow wp-block-column-is-layout-flow\" style=\"flex-basis:66.66%\">\n<p>Func\u021bionarea este simpl\u0103: <strong>aerul poluat este aspirat direct printr-un furtun de aspira\u021bie flexibil conectat la ma\u0219in\u0103<\/strong>, un bra\u021b de aspira\u021bie, o hot\u0103 de extrac\u021bie sau direct pe o ma\u0219in\u0103 de produc\u021bie printr-o re\u021bea de conducte.<\/p>\n\n\n\n<p><strong>Aerul poluat<\/strong> este captat \u0219i tratat prin diferite etape de filtrare.<\/p>\n\n\n\n<p><strong>Aerul purificat<\/strong> este apoi evacuat din partea inferioar\u0103 a unit\u0103\u021bii, direct \u00een zona de lucru sau \u00een exterior, folosind o re\u021bea de conducte de evacuare.<\/p>\n\n\n\n<div style=\"height:15px\" aria-hidden=\"true\" class=\"wp-block-spacer\"><\/div>\n\n\n\n<div class=\"wp-block-columns is-layout-flex wp-container-core-columns-is-layout-28f84493 wp-block-columns-is-layout-flex\">\n<div class=\"wp-block-column is-layout-flow wp-block-column-is-layout-flow\" style=\"flex-basis:33.34%\">\n<div class=\"wp-block-buttons is-content-justification-center is-layout-flex wp-container-core-buttons-is-layout-a89b3969 wp-block-buttons-is-layout-flex\">\n<div class=\"wp-block-button\"><a class=\"wp-block-button__link wp-element-button\" href=\"https:\/\/obera.fr\/wp-content\/uploads\/2025\/04\/brochure-epur-ex-fr.pdf\">Desc\u0103rca\u021bi bro\u0219ura<\/a><\/div>\n<\/div>\n<\/div>\n\n\n\n<div class=\"wp-block-column is-layout-flow wp-block-column-is-layout-flow\" style=\"flex-basis:33.34%\">\n<div class=\"wp-block-buttons is-horizontal is-content-justification-center is-layout-flex wp-container-core-buttons-is-layout-03627597 wp-block-buttons-is-layout-flex\">\n<div class=\"wp-block-button has-custom-width wp-block-button__width-100\"><a class=\"wp-block-button__link wp-element-button\" href=\"https:\/\/obera.fr\/ro\/contactati-ne\/\">Afl\u0103 mai multe<\/a><\/div>\n<\/div>\n<\/div>\n\n\n\n<div class=\"wp-block-column is-layout-flow wp-block-column-is-layout-flow\" style=\"flex-basis:33.33%\">\n<div class=\"wp-block-buttons is-content-justification-center is-layout-flex wp-container-core-buttons-is-layout-a89b3969 wp-block-buttons-is-layout-flex\">\n<div class=\"wp-block-button btn-devis-source\"><a class=\"wp-block-button__link wp-element-button\" href=\"https:\/\/obera.fr\/ro\/devis\/\">Solicita\u021bi o ofert\u0103<\/a><\/div>\n<\/div>\n\n\n<script>\r\ndocument.addEventListener('DOMContentLoaded', function() {\r\n    \/\/ 1. On cherche le titre H1 de la page\r\n    var h1 = document.querySelector('h1');\r\n    var productTitle = h1 ? h1.innerText.trim() : \"\";\r\n\r\n    \/\/ 2. On cherche les boutons via la classe CSS .btn-devis-source\r\n    var buttons = document.querySelectorAll('.btn-devis-source a');\r\n\r\n    \/\/ 3. Si on a le titre et les boutons, on ajoute le param\u00e8tre\r\n    if (buttons.length > 0 && productTitle !== \"\") {\r\n        var encodedTitle = encodeURIComponent(productTitle);\r\n\r\n        buttons.forEach(function(btn) {\r\n            var currentHref = btn.getAttribute('href');\r\n            \r\n            \/\/ S\u00e9curit\u00e9 pour ne pas ajouter le param\u00e8tre 2 fois\r\n            if (currentHref.indexOf('sujet=') === -1) {\r\n                var separator = currentHref.indexOf('?') !== -1 ? '&' : '?';\r\n                var newLink = currentHref + separator + 'sujet=' + encodedTitle;\r\n                \r\n                btn.setAttribute('href', newLink);\r\n            }\r\n        });\r\n    }\r\n});\r\n<\/script><\/div>\n<\/div>\n<\/div>\n<\/div>\n\n<h2 class=\"wp-block-heading\">Pentru ce utiliz\u0103ri?<\/h2>\n\n<p>Aceste unit\u0103\u021bi de aspira\u021bie au fost concepute pentru a <strong>extrage fumuri de sudur\u0103<\/strong> \u0219i <strong>lipire<\/strong>, <strong>praf<\/strong>, <strong>vapori<\/strong>, <strong>solven\u021bi<\/strong>, <strong>gaze<\/strong>, <strong>mirosuri<\/strong> \u0219i toate tipurile de <strong>poluan\u021bi gazo\u0219i<\/strong>. Unit\u0103\u021bile sunt pe ro\u021bi \u0219i pot fi utilizate pentru aspirarea de la <a href=\"https:\/\/obera.fr\/ro\/produits\/depoussiereurs-industriels\/fixes\/\">posturi de lucru fixe<\/a> sau mobile (p\u00e2n\u0103 la 3 posturi de lucru sau ma\u0219ini de produc\u021bie).  Compacte \u0219i cu economie de spa\u021biu, acestea sunt potrivite pentru toate tipurile de industrie. <a href=\"https:\/\/obera.fr\/ro\/produits\/atex\/\" data-type=\"page\" data-id=\"372\">Certificate ATEX<\/a>, acestea sunt concepute pentru utilizarea \u00een zonele ATEX22.<\/p>\n\n<p><strong>Gama EPUR Ex<\/strong> este echipat\u0103 cu filtre de satura\u021bie (care trebuie \u00eenlocuite atunci c\u00e2nd sunt saturate), ceea ce \u00eenseamn\u0103 c\u0103 \u00eenc\u0103rc\u0103tura de praf sau fum este relativ sc\u0103zut\u0103. Pentru sarcini de poluare mai mari \u0219i cantit\u0103\u021bi mari de praf, ar trebui alese medii filtrante regenerabile (neobturabile), cum ar fi gamele <a href=\"https:\/\/obera.fr\/ro\/produits\/depoussiereurs-industriels\/mobiles\/extracteur-poussiere-dustomat-4\/\" data-type=\"page\" data-id=\"440\">DUSTOMAT<\/a> sau <a href=\"https:\/\/obera.fr\/ro\/produits\/depoussiereurs-industriels\/fixes\/aspiration-centralisee-industrielle-dustmac\/\" data-type=\"page\" data-id=\"467\">DUSTMAC<\/a>&#8230;.. <\/p>\n\n<div class=\"wp-block-columns is-layout-flex wp-container-core-columns-is-layout-28f84493 wp-block-columns-is-layout-flex\">\n<div class=\"wp-block-column is-layout-flow wp-block-column-is-layout-flow\">\n<h3 class=\"wp-block-heading has-text-align-center\">Poluan\u021bi<\/h3>\n\n\n\n<hr class=\"wp-block-separator has-css-opacity is-style-wide\"\/>\n\n\n\n<div class=\"wp-block-columns is-layout-flex wp-container-core-columns-is-layout-28f84493 wp-block-columns-is-layout-flex\">\n<div class=\"wp-block-column is-layout-flow wp-block-column-is-layout-flow\">\n<figure class=\"wp-block-image aligncenter size-large\"><img decoding=\"async\" width=\"70\" height=\"70\" src=\"https:\/\/obera.fr\/wp-content\/uploads\/2020\/08\/industrie-chimie.jpg\" alt=\"Industria chimic&#x103;\" class=\"wp-image-725\"\/><figcaption class=\"wp-element-caption\">Praf chimic<\/figcaption><\/figure>\n\n\n\n<figure class=\"wp-block-image aligncenter size-large\"><img decoding=\"async\" width=\"70\" height=\"70\" src=\"https:\/\/obera.fr\/wp-content\/uploads\/2020\/08\/industrie-odeur.jpg\" alt=\"Odoare industrial&#x103;\" class=\"wp-image-723\"\/><figcaption class=\"wp-element-caption\">Mirosuri<\/figcaption><\/figure>\n<\/div>\n\n\n\n<div class=\"wp-block-column is-layout-flow wp-block-column-is-layout-flow\">\n<figure class=\"wp-block-image aligncenter size-large\"><img decoding=\"async\" width=\"70\" height=\"70\" src=\"https:\/\/obera.fr\/wp-content\/uploads\/2020\/08\/industrie-fumees.jpg\" alt=\"Fumul din industrie\" class=\"wp-image-722\"\/><figcaption class=\"wp-element-caption\">Fumuri<\/figcaption><\/figure>\n\n\n\n<figure class=\"wp-block-image aligncenter size-large\"><img decoding=\"async\" width=\"70\" height=\"70\" src=\"https:\/\/obera.fr\/wp-content\/uploads\/2020\/09\/cov.png\" alt=\"Cov\" class=\"wp-image-959\"\/><figcaption class=\"wp-element-caption\">VOCS<\/figcaption><\/figure>\n<\/div>\n<\/div>\n<\/div>\n\n\n\n<div class=\"wp-block-column is-layout-flow wp-block-column-is-layout-flow\">\n<h3 class=\"wp-block-heading has-text-align-center\">Industrii<\/h3>\n\n\n\n<hr class=\"wp-block-separator has-css-opacity is-style-wide\"\/>\n\n\n\n<p class=\"has-text-align-center\">Potrivit pentru toate tipurile de industrie<\/p>\n<\/div>\n<\/div>\n\n<h2 class=\"wp-block-heading\">Care sunt caracteristicile ePUR Ex?<\/h2>\n\n<p><strong>ePUR Ex 1000, 3000 \u0219i 5000<\/strong> pot <strong>con\u021bine p\u00e2n\u0103 la 3 etape de filtrare de \u00eenalt\u0103 performan\u021b\u0103<\/strong>. Sunt posibile mai multe configura\u021bii, fie \u00een 2 etape cu un filtru HEPA 13\/14 \u0219i 6 kg de c\u0103rbune activ. Sau \u00een 3 etape cu un prim filtru configurabil \u00een func\u021bie de necesit\u0103\u021bi, urmat de un alt filtru jum\u0103tate HEPA 13\/14 \u0219i jum\u0103tate c\u0103rbune activ (3 kg).  <\/p>\n\n<p>Pentru<strong>ePUR Ex 3000<\/strong>, unitatea medie din gam\u0103, ve\u021bi g\u0103si un prim filtru care poate fi complet configurat pentru a se potrivi nevoilor dumneavoastr\u0103. A doua cutie de filtre este un HEPA 13\/14 cu o suprafa\u021b\u0103 de filtrare de 5,6m\u00b2. \u00cen cele din urm\u0103, a treia cutie de filtrare este o caset\u0103 de c\u0103rbune activ care c\u00e2nt\u0103re\u0219te 6 kg. Debitul s\u0103u maxim este <strong>de 260 m3\/h <\/strong>(sub sarcin\u0103). Aceasta c\u00e2nt\u0103re\u0219te 65 kg \u0219i are o \u00een\u0103l\u021bime de 99 cm (greutate f\u0103r\u0103 filtru).    <\/p>\n\n<p><strong>ePUR Ex 5000<\/strong> se remarc\u0103 prin puterea sa de aspirare, cu un <strong>debit ridicat de 2800 m3\/h<\/strong>. Filtrele sale sunt la fel de personalizabile ca cele de pe cele 2 modele anterioare. \u00cen mod standard, aparatul este dotat cu un pre-filtru E10 cu o suprafa\u021b\u0103 de filtrare de 19m\u00b2 \u0219i un filtru HEPA H14 cu o suprafa\u021b\u0103 de filtrare de 20m\u00b2.  <\/p>\n\n<p>ePUR Ex 1000 c\u00e2nt\u0103re\u0219te 58 kg pentru o \u00een\u0103l\u021bime de 63 cm, iar ePUR Ex 5000 c\u00e2nt\u0103re\u0219te 240 kg pentru o \u00een\u0103l\u021bime de 159 cm (greutate cu filtru).<\/p>\n\n<p>Nivelul lor de zgomot \u00een timpul func\u021bion\u0103rii este relativ sc\u0103zut (62db). Materialele lor din o\u021bel inoxidabil le fac robuste \u0219i fiabile. Acestea sunt, de asemenea, echipate cu un ecran de control pentru o configurare u\u0219oar\u0103.<\/p>\n\n<figure class=\"wp-block-table\"><table class=\"has-fixed-layout\"><thead><tr><th>Dispozitiv<\/th><th><\/th><th>ePUR Ex 1000<\/th><th>ePUR Ex 3000<\/th><th>ePUR Ex 5000<\/th><\/tr><\/thead><tbody><tr><td>Flux<\/td><td>m3\/h<\/td><td>350<\/td><td>460<\/td><td>2.800<\/td><\/tr><tr><td>Diametrul de intrare<\/td><td>mm<\/td><td>50<\/td><td>50<\/td><td>150<\/td><\/tr><tr><td>presiune negativ\u0103 maxim\u0103<\/td><td>Pa<\/td><td>10 000<\/td><td>10 000<\/td><td>6000<\/td><\/tr><tr><td>Tensiunea de alimentare<\/td><td>V<\/td><td>230 (sau 110)<\/td><td>230 (sau 110)<\/td><td>400<\/td><\/tr><tr><td>Putere<\/td><td>kW<\/td><td>1.1<\/td><td>1.1<\/td><td>2.4<\/td><\/tr><tr><td>Suprafa\u021b\u0103 de filtrare Etajul 1<\/td><td>m\u00b2<\/td><td>2.2<\/td><td>2.5<\/td><td>19<\/td><\/tr><tr><td>Suprafa\u021ba filtrului etajul 2<\/td><td>m\u00b2<\/td><td>2.8<\/td><td>5.6<\/td><td>20<\/td><\/tr><tr><td>Cantitatea de c\u0103rbune activ etapa a 3-a<\/td><td>kg<\/td><td>3<\/td><td>5.8<\/td><td>X<\/td><\/tr><tr><td>Dimensiuni<\/td><td>l\/L\/h (mm)<\/td><td>436 x 527 x 638<\/td><td>430 x 400 x 996 mm<\/td><td>780 x 970 x 1590<\/td><\/tr><tr><td>Greutate (f\u0103r\u0103 filtre)<\/td><td>kg<\/td><td>58<\/td><td>65<\/td><td>240<\/td><\/tr><tr><td>Nivelul de zgomot<\/td><td>dB(A)<\/td><td>62<\/td><td>62<\/td><td>75<\/td><\/tr><\/tbody><\/table><\/figure>\n\n<h2 class=\"wp-block-heading\">Care sunt avantajele echipamentelor noastre electronice de extrac\u021bie a fumului de sudur\u0103?<\/h2>\n\n<p><\/p>\n\n<div class=\"wp-block-columns is-layout-flex wp-container-core-columns-is-layout-28f84493 wp-block-columns-is-layout-flex\">\n<div class=\"wp-block-column is-layout-flow wp-block-column-is-layout-flow\" style=\"flex-basis:25%\"><\/div>\n\n\n\n<div class=\"wp-block-column is-layout-flow wp-block-column-is-layout-flow\" style=\"flex-basis:50%\">\n<figure class=\"wp-block-embed is-type-video is-provider-youtube wp-block-embed-youtube wp-embed-aspect-16-9 wp-has-aspect-ratio\"><div class=\"wp-block-embed__wrapper\">\n<iframe title=\"TRAITEMENT COV, ODEURS, POUSSI\u00c8RES ET POLLUANTS GAZEUX - ePUR EX1000 - Obera\" width=\"1200\" height=\"675\" src=\"https:\/\/www.youtube.com\/embed\/05A45bNzFEY?feature=oembed\" frameborder=\"0\" allow=\"accelerometer; autoplay; clipboard-write; encrypted-media; gyroscope; picture-in-picture; web-share\" referrerpolicy=\"strict-origin-when-cross-origin\" allowfullscreen><\/iframe>\n<\/div><\/figure>\n\n\n\n<p><\/p>\n<\/div>\n\n\n\n<div class=\"wp-block-column is-layout-flow wp-block-column-is-layout-flow\" style=\"flex-basis:25%\"><\/div>\n<\/div>\n\n<p>Exist\u0103 multe avantaje, dar \u00een primul r\u00e2nd <strong>protec\u021bia angaja\u021bilor<\/strong> \u00eempotriva numeroaselor boli respiratorii \u0219i de piele de care pot suferi. Un alt avantaj este protec\u021bia uneltelor de produc\u021bie, ceea ce duce la o reducere a defec\u021biunilor \u0219i, prin urmare, la o cre\u0219tere a longevit\u0103\u021bii acestora. Diferitele configura\u021bii ale filtrelor disponibile permit adaptarea lor complet\u0103 la problema \u00een cauz\u0103.    <\/p>\n\n<blockquote class=\"wp-block-quote is-layout-flow wp-block-quote-is-layout-flow\">\n<p>Zgomotul redus de func\u021bionare \u00eenseamn\u0103 c\u0103 poate fi instalat direct \u00een zona de lucru.  <\/p>\n<\/blockquote>\n\n<p>Aparatele au fost proiectate folosind materiale robuste, cum ar fi o\u021belul inoxidabil, pentru a le face mai rezistente. Filtrele pot fi schimbate rapid \u0219i u\u0219or. <strong>Ventilatoarele EC cu comutare electronic\u0103<\/strong> sunt utilizate pentru eficien\u021b\u0103 optimizat\u0103 \u0219i reglare infinit\u0103. Panoul de comand\u0103 ofer\u0103, de asemenea, o gam\u0103 larg\u0103 de set\u0103ri, inclusiv controlul de la distan\u021b\u0103 \u0219i afi\u0219area st\u0103rii aparatului (filtru \u00eenfundat, perforat etc.) pentru o u\u0219urin\u021b\u0103 optim\u0103 de utilizare. Prin lege, dispozitivele noastre v\u0103 permit s\u0103 respecta\u021bi limita de expunere profesional\u0103 (OEL).    <\/p>\n\n<div class=\"wp-block-columns is-layout-flex wp-container-core-columns-is-layout-28f84493 wp-block-columns-is-layout-flex\">\n<div class=\"wp-block-column is-layout-flow wp-block-column-is-layout-flow\">\n<h3 class=\"wp-block-heading has-text-align-center\">Beneficii<\/h3>\n\n\n\n<ul class=\"wp-block-list\">\n<li>3 trepte de filtrare de \u00eenalt\u0103 performan\u021b\u0103<\/li>\n\n\n\n<li>Silen\u021bios<\/li>\n\n\n\n<li>\u00cenlocuirea rapid\u0103 \u0219i u\u0219oar\u0103 a etapelor de filtrare<\/li>\n\n\n\n<li>Mobil \u0219i cu economie de spa\u021biu<\/li>\n\n\n\n<li>Poate fi utilizat pentru a aspira p\u00e2n\u0103 la 3 sta\u021bii de lucru sau ma\u0219ini de produc\u021bie<\/li>\n<\/ul>\n<\/div>\n\n\n\n<div class=\"wp-block-column is-layout-flow wp-block-column-is-layout-flow\">\n<h3 class=\"wp-block-heading has-text-align-center\">Caracteristici speciale<\/h3>\n\n\n\n<ul class=\"wp-block-list\">\n<li>Certificare ATEX<\/li>\n\n\n\n<li>Ventilator EC cu comutare electronic\u0103 pentru eficien\u021b\u0103 optimizat\u0103 \u0219i reglaj infinit<\/li>\n\n\n\n<li>Configurabil cu o gam\u0103 larg\u0103 de accesorii<\/li>\n<\/ul>\n<\/div>\n\n\n\n<div class=\"wp-block-column is-layout-flow wp-block-column-is-layout-flow\">\n<h3 class=\"wp-block-heading has-text-align-center\">Caracteristici<\/h3>\n\n\n\n<ul class=\"wp-block-list\">\n<li>\u00cembun\u0103t\u0103\u021be\u0219te semnificativ calitatea aerului prin eliminarea mirosurilor, COV-urilor \u0219i a altor poluan\u021bi gazo\u0219i.<\/li>\n<\/ul>\n<\/div>\n<\/div>\n\n<h2 class=\"wp-block-heading\">Cum aleg sistemul de colectare a prafului potrivit?<\/h2>\n\n<p>Este esen\u021bial s\u0103 alege\u021bi colectorul de praf potrivit pentru a evita uzura prematur\u0103 care ar putea duce la defec\u021biuni.<\/p>\n\n<p>Gama ePUR Ex este <strong>puternic\u0103<\/strong>, <strong>simpl\u0103<\/strong>, <strong>compact\u0103<\/strong> \u0219i echipat\u0103 cu filtre de satura\u021bie. Pute\u021bi alege liber \u0219i judicios combina\u021bia de trepte de filtrare pentru a optimiza durata de via\u021b\u0103 a mediilor. Asigura\u021bi-v\u0103, totu\u0219i, c\u0103 filtrele de particule cu satura\u021bie sunt bine adaptate la cantit\u0103\u021bile de praf \u0219i vapori pe care dori\u021bi s\u0103 le extrage\u021bi. Alte unit\u0103\u021bi sunt disponibile cu medii filtrante regenerative.   <\/p>\n\n<p>Dac\u0103 efectua\u021bi singur cercetarea, asigura\u021bi-v\u0103 c\u0103 afla\u021bi capacitatea de filtrare a unit\u0103\u021bii, care va depinde de poluant, dimensiunea particulelor, starea (solid\u0103 sau gazoas\u0103) \u0219i concentra\u021bie. Aceast\u0103 cercetare v\u0103 va permite s\u0103 selecta\u021bi tipul ideal de filtru pe care ar trebui s\u0103 \u00eel aib\u0103 colectorul de praf. \u00cen al doilea r\u00e2nd, afla\u021bi c\u00e2t de puternic\u0103 este unitatea, cu alte cuvinte, debitul s\u0103u. \u00cenc\u0103 o dat\u0103, debitul unit\u0103\u021bii va depinde de cantitatea poluantului dumneavoastr\u0103, precum \u0219i de suprafa\u021ba \u00eenc\u0103perii care urmeaz\u0103 s\u0103 fie tratat\u0103.    Cu c\u00e2t spa\u021biul este mai mare, cu at\u00e2t ve\u021bi avea nevoie de mai mult flux.<\/p>\n\n<p>Urm\u0103torul pas este s\u0103 decide\u021bi cu ce accesoriu s\u0103 echipa\u021bi ma\u0219ina: o conduct\u0103 conectat\u0103 la ma\u0219ina de produc\u021bie sau un<a href=\"https:\/\/obera.fr\/ro\/produits\/bras-dispositifs-captation\/capot-industriel\/\"> bra\u021b de aspira\u021bie<\/a> pentru o sta\u021bie de lucru.<\/p>\n\n<hr class=\"wp-block-separator has-css-opacity is-style-dots\"\/>\n\n<div class=\"wp-block-buttons is-horizontal is-content-justification-center is-layout-flex wp-container-core-buttons-is-layout-03627597 wp-block-buttons-is-layout-flex\">\n<div class=\"wp-block-button has-custom-width wp-block-button__width-100\"><a class=\"wp-block-button__link wp-element-button\" href=\"https:\/\/obera.fr\/ro\/contactati-ne\/\">Afl\u0103 mai multe<\/a><\/div>\n<\/div>\n\n<h2 class=\"wp-block-heading\">Alte colectoare mici de praf de la marca OberA<\/h2>\n\n<div class=\"wp-block-columns is-layout-flex wp-container-core-columns-is-layout-28f84493 wp-block-columns-is-layout-flex\">\n<div class=\"wp-block-column is-layout-flow wp-block-column-is-layout-flow\">\n<figure class=\"wp-block-image aligncenter size-medium\"><a href=\"https:\/\/obera.fr\/produits\/depoussiereurs-industriels\/petits\/jumbo\/\"><img decoding=\"async\" width=\"300\" height=\"300\" src=\"https:\/\/obera.fr\/wp-content\/uploads\/2020\/10\/jumbo-300x300.png\" alt=\"Jumbo\" class=\"wp-image-1171\" srcset=\"https:\/\/obera.fr\/wp-content\/uploads\/2020\/10\/jumbo-300x300.png 300w, https:\/\/obera.fr\/wp-content\/uploads\/2020\/10\/jumbo-150x150.png 150w, https:\/\/obera.fr\/wp-content\/uploads\/2020\/10\/jumbo.png 500w\" sizes=\"(max-width: 300px) 100vw, 300px\" \/><\/a><figcaption class=\"wp-element-caption\">Jumbo<\/figcaption><\/figure>\n<\/div>\n\n\n\n<div class=\"wp-block-column is-layout-flow wp-block-column-is-layout-flow\">\n<figure class=\"wp-block-image aligncenter size-medium\"><a href=\"https:\/\/obera.fr\/produits\/depoussiereurs-industriels\/petits\/tk-serie\/\"><img decoding=\"async\" width=\"300\" height=\"300\" src=\"https:\/\/obera.fr\/wp-content\/uploads\/2020\/11\/tk-series-300x300.jpg\" alt=\"Seria TK\" class=\"wp-image-1607\" srcset=\"https:\/\/obera.fr\/wp-content\/uploads\/2020\/11\/tk-series-300x300.jpg 300w, https:\/\/obera.fr\/wp-content\/uploads\/2020\/11\/tk-series-150x150.jpg 150w, https:\/\/obera.fr\/wp-content\/uploads\/2020\/11\/tk-series.jpg 600w\" sizes=\"(max-width: 300px) 100vw, 300px\" \/><\/a><figcaption class=\"wp-element-caption\">Seria TK<\/figcaption><\/figure>\n<\/div>\n\n\n\n<div class=\"wp-block-column is-layout-flow wp-block-column-is-layout-flow\">\n<figure class=\"wp-block-image aligncenter size-medium\"><a href=\"https:\/\/obera.fr\/produits\/depoussiereurs-industriels\/petits\/srf-t\/\"><img decoding=\"async\" width=\"300\" height=\"300\" src=\"https:\/\/obera.fr\/wp-content\/uploads\/2020\/10\/SRF-T-SF-300x300.png\" alt=\"Srf T Sf\" class=\"wp-image-1310\" srcset=\"https:\/\/obera.fr\/wp-content\/uploads\/2020\/10\/SRF-T-SF-300x300.png 300w, https:\/\/obera.fr\/wp-content\/uploads\/2020\/10\/SRF-T-SF-150x150.png 150w, https:\/\/obera.fr\/wp-content\/uploads\/2020\/10\/SRF-T-SF.png 600w\" sizes=\"(max-width: 300px) 100vw, 300px\" \/><\/a><figcaption class=\"wp-element-caption\">SRF-T<\/figcaption><\/figure>\n<\/div>\n<\/div>\n","protected":false},"excerpt":{"rendered":"<p>EPUR Ex este o gam\u0103 de 3 sistememobile de extragere a aerului certificate ATEX. Cum func\u021bioneaz\u0103 extragerea fumului de sudur\u0103\/laser? Func\u021bionarea este simpl\u0103: aerul poluat este aspirat direct printr-un furtun de aspira\u021bie flexibil conectat la ma\u0219in\u0103, un bra\u021b de aspira\u021bie, o hot\u0103 de extrac\u021bie sau direct pe o ma\u0219in\u0103 de produc\u021bie printr-o re\u021bea de conducte. Aerul poluat este captat \u0219i tratat prin diferite etape de filtrare. Aerul purificat este apoi evacuat din partea inferioar\u0103 a unit\u0103\u021bii, direct \u00een zona de lucru sau \u00een exterior, folosind o re\u021bea de conducte de evacuare. Pentru ce utiliz\u0103ri? Aceste unit\u0103\u021bi de aspira\u021bie au fost &#8230; <\/p>\n<p class=\"read-more-container\"><a title=\"Aspirarea fumului de sudur\u0103 \u0219i a laserului ePUR Ex\" class=\"read-more button\" href=\"https:\/\/obera.fr\/ro\/produits\/depoussiereurs-industriels\/petits\/aspiration-fumees-soudage-laser-epur-b-ex\/#more-48224\" aria-label=\"Cite\u0219te mai multe despre Aspirarea fumului de sudur\u0103 \u0219i a laserului ePUR Ex\">Lire la suite<\/a><\/p>\n","protected":false},"author":4,"featured_media":83748,"parent":48168,"menu_order":0,"comment_status":"closed","ping_status":"closed","template":"","meta":{"_acf_changed":false,"_seopress_robots_primary_cat":"","_seopress_titles_title":"Aspirarea fumului de sudur\u0103 \u0219i a laserului ePUR Ex oberA","_seopress_titles_desc":"ePUR Ex 1000 \/ 3000 \/ 5000 este o gam\u0103 de 3 sisteme mobile de extragere a aerului certificate ATEX. oberA mic colector de praf","_seopress_robots_index":"","footnotes":""},"class_list":{"0":"post-48224","1":"page","2":"type-page","3":"status-publish","4":"has-post-thumbnail","6":"no-featured-image-padding","7":"resize-featured-image"},"acf":[],"_links":{"self":[{"href":"https:\/\/obera.fr\/ro\/wp-json\/wp\/v2\/pages\/48224","targetHints":{"allow":["GET"]}}],"collection":[{"href":"https:\/\/obera.fr\/ro\/wp-json\/wp\/v2\/pages"}],"about":[{"href":"https:\/\/obera.fr\/ro\/wp-json\/wp\/v2\/types\/page"}],"author":[{"embeddable":true,"href":"https:\/\/obera.fr\/ro\/wp-json\/wp\/v2\/users\/4"}],"replies":[{"embeddable":true,"href":"https:\/\/obera.fr\/ro\/wp-json\/wp\/v2\/comments?post=48224"}],"version-history":[{"count":10,"href":"https:\/\/obera.fr\/ro\/wp-json\/wp\/v2\/pages\/48224\/revisions"}],"predecessor-version":[{"id":127238,"href":"https:\/\/obera.fr\/ro\/wp-json\/wp\/v2\/pages\/48224\/revisions\/127238"}],"up":[{"embeddable":true,"href":"https:\/\/obera.fr\/ro\/wp-json\/wp\/v2\/pages\/48168"}],"wp:featuredmedia":[{"embeddable":true,"href":"https:\/\/obera.fr\/ro\/wp-json\/wp\/v2\/media\/83748"}],"wp:attachment":[{"href":"https:\/\/obera.fr\/ro\/wp-json\/wp\/v2\/media?parent=48224"}],"curies":[{"name":"wp","href":"https:\/\/api.w.org\/{rel}","templated":true}]}}