{"id":48293,"date":"2020-08-26T12:44:36","date_gmt":"2020-08-26T10:44:36","guid":{"rendered":"https:\/\/obera.fr\/produsele-noastre\/colectori-de-praf-industriali\/colectori-mici-de-praf-industrial\/srf-t\/"},"modified":"2025-06-27T15:47:49","modified_gmt":"2025-06-27T13:47:49","slug":"srf-t","status":"publish","type":"page","link":"https:\/\/obera.fr\/ro\/produits\/depoussiereurs-industriels\/petits\/srf-t\/","title":{"rendered":"SRF-T"},"content":{"rendered":"\n<h2 class=\"wp-block-heading\">Extractor portabil de fum de sudur\u0103<\/h2>\n\n<div class=\"wp-block-columns is-layout-flex wp-container-core-columns-is-layout-28f84493 wp-block-columns-is-layout-flex\">\n<div class=\"wp-block-column is-layout-flow wp-block-column-is-layout-flow\" style=\"flex-basis:33.33%\">\n<figure class=\"wp-block-image aligncenter size-medium\"><img decoding=\"async\" width=\"300\" height=\"300\" src=\"https:\/\/obera.fr\/wp-content\/uploads\/2020\/10\/SRF-T-SF-300x300.png\" alt=\"Srf T Sf\" class=\"wp-image-1310\" srcset=\"https:\/\/obera.fr\/wp-content\/uploads\/2020\/10\/SRF-T-SF-300x300.png 300w, https:\/\/obera.fr\/wp-content\/uploads\/2020\/10\/SRF-T-SF-150x150.png 150w, https:\/\/obera.fr\/wp-content\/uploads\/2020\/10\/SRF-T-SF.png 600w\" sizes=\"(max-width: 300px) 100vw, 300px\" \/><figcaption class=\"wp-element-caption\">SRF-T<\/figcaption><\/figure>\n<\/div>\n\n\n\n<div class=\"wp-block-column is-layout-flow wp-block-column-is-layout-flow\" style=\"flex-basis:66.66%\">\n<p><strong>Extractorul<\/strong> portabil<strong>de fum de sudur\u0103<\/strong> SRF T este un <a href=\"https:\/\/obera.fr\/ro\/produits\/depoussiereurs-industriels\/petits\/\" data-type=\"page\" data-id=\"393\">colector compact de praf<\/a>.<\/p>\n\n\n\n<p>Are un vid ridicat, ceea ce \u00eenseamn\u0103 c\u0103 poate fi conectat direct la tor\u021bele de sudur\u0103 \u0219i permite aspirarea direct de la surs\u0103. Cartu\u0219ele filtrante sunt u\u0219or de cur\u0103\u021bat, reduc\u00e2nd semnificativ costurile de \u00eentre\u021binere. De asemenea, poate fi conectat la bra\u021be de aspira\u021bie.  <\/p>\n\n\n\n<p>Modelul SRF T2 poate aspira un bra\u021b, \u00een timp ce modelul SRF T4 poate avea p\u00e2n\u0103 la dou\u0103 bra\u021be.<\/p>\n\n\n\n<p>Este deosebit de potrivit pentru \u0219antierele navale, sta\u021biile de sudare a pieselor mici \u0219i fabricile de produc\u021bie auto. De asemenea, pute\u021bi opta pentru un <a href=\"https:\/\/obera.fr\/ro\/produits\/depoussiereurs-industriels\/mobiles\/srf-k\/\">extractor de fum de sudur\u0103<\/a> pentru posturile dvs. de lucru. <\/p>\n\n\n\n<div class=\"wp-block-columns is-layout-flex wp-container-core-columns-is-layout-28f84493 wp-block-columns-is-layout-flex\">\n<div class=\"wp-block-column is-layout-flow wp-block-column-is-layout-flow\" style=\"flex-basis:33.34%\">\n<div class=\"wp-block-buttons is-content-justification-center is-layout-flex wp-container-core-buttons-is-layout-a89b3969 wp-block-buttons-is-layout-flex\">\n<div class=\"wp-block-button\"><a class=\"wp-block-button__link wp-element-button\" href=\"https:\/\/obera.fr\/wp-content\/uploads\/2024\/03\/srf-t-.pdf\">Desc\u0103rca\u021bi bro\u0219ura<\/a><\/div>\n<\/div>\n<\/div>\n\n\n\n<div class=\"wp-block-column is-layout-flow wp-block-column-is-layout-flow\" style=\"flex-basis:33.34%\">\n<div class=\"wp-block-buttons is-horizontal is-content-justification-center is-layout-flex wp-container-core-buttons-is-layout-03627597 wp-block-buttons-is-layout-flex\">\n<div class=\"wp-block-button has-custom-width wp-block-button__width-100\"><a class=\"wp-block-button__link wp-element-button\" href=\"https:\/\/obera.fr\/ro\/contactati-ne\/\">Afl\u0103 mai multe<\/a><\/div>\n<\/div>\n<\/div>\n\n\n\n<div class=\"wp-block-column is-layout-flow wp-block-column-is-layout-flow\" style=\"flex-basis:33.33%\">\n<div class=\"wp-block-buttons is-content-justification-center is-layout-flex wp-container-core-buttons-is-layout-a89b3969 wp-block-buttons-is-layout-flex\">\n<div class=\"wp-block-button btn-devis-source\"><a class=\"wp-block-button__link wp-element-button\" href=\"https:\/\/obera.fr\/ro\/devis\/\">Solicita\u021bi o ofert\u0103<\/a><\/div>\n<\/div>\n\n\n<script>\r\ndocument.addEventListener('DOMContentLoaded', function() {\r\n    \/\/ 1. On cherche le titre H1 de la page\r\n    var h1 = document.querySelector('h1');\r\n    var productTitle = h1 ? h1.innerText.trim() : \"\";\r\n\r\n    \/\/ 2. On cherche les boutons via la classe CSS .btn-devis-source\r\n    var buttons = document.querySelectorAll('.btn-devis-source a');\r\n\r\n    \/\/ 3. Si on a le titre et les boutons, on ajoute le param\u00e8tre\r\n    if (buttons.length > 0 && productTitle !== \"\") {\r\n        var encodedTitle = encodeURIComponent(productTitle);\r\n\r\n        buttons.forEach(function(btn) {\r\n            var currentHref = btn.getAttribute('href');\r\n            \r\n            \/\/ S\u00e9curit\u00e9 pour ne pas ajouter le param\u00e8tre 2 fois\r\n            if (currentHref.indexOf('sujet=') === -1) {\r\n                var separator = currentHref.indexOf('?') !== -1 ? '&' : '?';\r\n                var newLink = currentHref + separator + 'sujet=' + encodedTitle;\r\n                \r\n                btn.setAttribute('href', newLink);\r\n            }\r\n        });\r\n    }\r\n});\r\n<\/script><\/div>\n<\/div>\n<\/div>\n<\/div>\n\n<figure class=\"wp-block-gallery has-nested-images columns-default is-cropped wp-block-gallery-1 is-layout-flex wp-block-gallery-is-layout-flex\">\n<figure class=\"wp-block-image size-large\"><img decoding=\"async\" width=\"768\" height=\"432\" data-id=\"1680\" src=\"https:\/\/obera.fr\/wp-content\/uploads\/2020\/11\/45-srf-t.jpg\" alt=\"45 Srf T\" class=\"wp-image-1680\" srcset=\"https:\/\/obera.fr\/wp-content\/uploads\/2020\/11\/45-srf-t.jpg 768w, https:\/\/obera.fr\/wp-content\/uploads\/2020\/11\/45-srf-t-300x169.jpg 300w\" sizes=\"(max-width: 768px) 100vw, 768px\" \/><\/figure>\n\n\n\n<figure class=\"wp-block-image size-large\"><img decoding=\"async\" width=\"1024\" height=\"576\" data-id=\"1682\" src=\"https:\/\/obera.fr\/wp-content\/uploads\/2020\/11\/47-srf-t-1024x576.jpg\" alt=\"47 Srf T\" class=\"wp-image-1682\" srcset=\"https:\/\/obera.fr\/wp-content\/uploads\/2020\/11\/47-srf-t-1024x576.jpg 1024w, https:\/\/obera.fr\/wp-content\/uploads\/2020\/11\/47-srf-t-300x169.jpg 300w, https:\/\/obera.fr\/wp-content\/uploads\/2020\/11\/47-srf-t-768x432.jpg 768w, https:\/\/obera.fr\/wp-content\/uploads\/2020\/11\/47-srf-t.jpg 1200w\" sizes=\"(max-width: 1024px) 100vw, 1024px\" \/><\/figure>\n\n\n\n<figure class=\"wp-block-image size-large\"><img decoding=\"async\" width=\"1024\" height=\"512\" data-id=\"1681\" src=\"https:\/\/obera.fr\/wp-content\/uploads\/2020\/11\/46-srf-t-1024x512.jpg\" alt=\"46 Srf T\" class=\"wp-image-1681\" srcset=\"https:\/\/obera.fr\/wp-content\/uploads\/2020\/11\/46-srf-t-1024x512.jpg 1024w, https:\/\/obera.fr\/wp-content\/uploads\/2020\/11\/46-srf-t-300x150.jpg 300w, https:\/\/obera.fr\/wp-content\/uploads\/2020\/11\/46-srf-t-768x384.jpg 768w, https:\/\/obera.fr\/wp-content\/uploads\/2020\/11\/46-srf-t.jpg 1280w\" sizes=\"(max-width: 1024px) 100vw, 1024px\" \/><\/figure>\n<\/figure>\n\n<h3 class=\"wp-block-heading\">Beneficii<\/h3>\n\n<div class=\"wp-block-columns is-layout-flex wp-container-core-columns-is-layout-28f84493 wp-block-columns-is-layout-flex\">\n<div class=\"wp-block-column is-layout-flow wp-block-column-is-layout-flow\">\n<h4 class=\"wp-block-heading has-text-align-center\"><strong>Beneficii<\/strong><\/h4>\n\n\n\n<ul class=\"wp-block-list\">\n<li>Performan\u021b\u0103 ridicat\u0103 de aspirare pe tor\u021be de sudur\u0103 \u0219i bra\u021be de aspirare<\/li>\n\n\n\n<li>Portabile, pot fi utilizate oriunde<\/li>\n\n\n\n<li>Compacte, acestea sunt concepute pentru a fi extrem de func\u021bionale<\/li>\n\n\n\n<li>Costuri de func\u021bionare reduse datorit\u0103 cartu\u0219ului filtrant cur\u0103\u021babil<\/li>\n<\/ul>\n<\/div>\n\n\n\n<div class=\"wp-block-column is-layout-flow wp-block-column-is-layout-flow\">\n<h4 class=\"wp-block-heading has-text-align-center\"><strong>Caracteristici speciale<\/strong><\/h4>\n\n\n\n<ul class=\"wp-block-list\">\n<li>Putere puternic\u0103 de aspirare \u0219i vid ridicat<\/li>\n\n\n\n<li>Include o duz\u0103 de \u00eenalt\u0103 presiune pentru cur\u0103\u021barea filtrului<\/li>\n\n\n\n<li>Cartu\u0219 filtrant cur\u0103\u021babil \u0219i reutilizabil<\/li>\n<\/ul>\n<\/div>\n\n\n\n<div class=\"wp-block-column is-layout-flow wp-block-column-is-layout-flow\">\n<h4 class=\"wp-block-heading has-text-align-center\"><strong>Caracteristici<\/strong><\/h4>\n\n\n\n<ul class=\"wp-block-list\">\n<li>Extrac\u021bie direct\u0103 pe tor\u021bele de sudur\u0103<\/li>\n\n\n\n<li>Aplicabil pentru lucr\u0103ri \u00een aer liber \u0219i \u0219antiere de construc\u021bii<\/li>\n\n\n\n<li>Func\u021bioneaz\u0103 pe toate tipurile de vapori de sudur\u0103<\/li>\n<\/ul>\n<\/div>\n<\/div>\n\n<h2 class=\"wp-block-heading\">\u00cen ce sectoare industriale este utilizat?<\/h2>\n\n<div class=\"wp-block-columns is-layout-flex wp-container-core-columns-is-layout-28f84493 wp-block-columns-is-layout-flex\">\n<div class=\"wp-block-column is-layout-flow wp-block-column-is-layout-flow\">\n<h3 class=\"wp-block-heading has-text-align-center\">Poluan\u021bi<\/h3>\n\n\n\n<hr class=\"wp-block-separator has-css-opacity is-style-wide\"\/>\n\n\n\n<div class=\"wp-block-columns is-layout-flex wp-container-core-columns-is-layout-28f84493 wp-block-columns-is-layout-flex\">\n<div class=\"wp-block-column is-layout-flow wp-block-column-is-layout-flow\">\n<figure class=\"wp-block-image aligncenter size-large\"><img decoding=\"async\" width=\"70\" height=\"70\" src=\"https:\/\/obera.fr\/wp-content\/uploads\/2020\/08\/industrie-fumees.jpg\" alt=\"Fumul din industrie\" class=\"wp-image-722\"\/><figcaption class=\"wp-element-caption\">Fumuri<\/figcaption><\/figure>\n<\/div>\n\n\n\n<div class=\"wp-block-column is-layout-flow wp-block-column-is-layout-flow\"><\/div>\n<\/div>\n\n\n\n<p><\/p>\n<\/div>\n\n\n\n<div class=\"wp-block-column is-layout-flow wp-block-column-is-layout-flow\">\n<h3 class=\"wp-block-heading has-text-align-center\">Industrii<\/h3>\n\n\n\n<hr class=\"wp-block-separator has-css-opacity is-style-wide\"\/>\n\n\n\n<div class=\"wp-block-columns is-layout-flex wp-container-core-columns-is-layout-28f84493 wp-block-columns-is-layout-flex\">\n<div class=\"wp-block-column is-layout-flow wp-block-column-is-layout-flow\">\n<figure class=\"wp-block-image aligncenter size-large\"><img decoding=\"async\" width=\"70\" height=\"70\" src=\"https:\/\/obera.fr\/wp-content\/uploads\/2020\/08\/industrie-metallurgie.jpg\" alt=\"Industria metalurgic&#x103;\" class=\"wp-image-673\"\/><figcaption class=\"wp-element-caption\">Metalurgie<\/figcaption><\/figure>\n<\/div>\n\n\n\n<div class=\"wp-block-column is-layout-flow wp-block-column-is-layout-flow\"><\/div>\n<\/div>\n<\/div>\n<\/div>\n\n<h2 class=\"wp-block-heading\">Specifica\u021bii tehnice<\/h2>\n\n<figure class=\"wp-block-table\"><table class=\"has-fixed-layout\"><thead><tr><th>Dispozitiv<\/th><th><\/th><th>SRF T-2<\/th><th>SRF T-4<\/th><\/tr><\/thead><tbody><tr><td>Flux<\/td><td>m3\/h<\/td><td>200<\/td><td>400<\/td><\/tr><tr><td>Diametrul de intrare<\/td><td>mm<\/td><td>50<\/td><td>2&#215;50<\/td><\/tr><tr><td>presiune negativ\u0103 maxim\u0103<\/td><td>Pa<\/td><td>19 000<\/td><td>19 000<\/td><\/tr><tr><td>Tensiunea de alimentare<\/td><td>V<\/td><td>230<\/td><td>230<\/td><\/tr><tr><td>Putere<\/td><td>kW<\/td><td>1.1<\/td><td>1.1<\/td><\/tr><tr><td>Suprafa\u021ba filtrului<\/td><td>m\u00b2<\/td><td>0.8<\/td><td>1.6<\/td><\/tr><tr><td>Dimensiuni<\/td><td>l\/L\/h (mm)<\/td><td>390x210x500<\/td><td>490x400x560<\/td><\/tr><tr><td>Greutate<\/td><td>kg<\/td><td>15<\/td><td>27<\/td><\/tr><tr><td>Nivelul de zgomot<\/td><td>dB(A)<\/td><td>66<\/td><td>78<\/td><\/tr><\/tbody><\/table><\/figure>\n\n<h3 class=\"wp-block-heading\">Op\u021bional<\/h3>\n\n<div class=\"wp-block-columns is-layout-flex wp-container-core-columns-is-layout-28f84493 wp-block-columns-is-layout-flex\">\n<div class=\"wp-block-column is-layout-flow wp-block-column-is-layout-flow\"><\/div>\n\n\n\n<div class=\"wp-block-column is-layout-flow wp-block-column-is-layout-flow\"><\/div>\n\n\n\n<div class=\"wp-block-column is-layout-flow wp-block-column-is-layout-flow\"><\/div>\n<\/div>\n\n<div class=\"wp-block-columns is-layout-flex wp-container-core-columns-is-layout-28f84493 wp-block-columns-is-layout-flex\">\n<div class=\"wp-block-column is-layout-flow wp-block-column-is-layout-flow\"><\/div>\n\n\n\n<div class=\"wp-block-column is-layout-flow wp-block-column-is-layout-flow\"><\/div>\n\n\n\n<div class=\"wp-block-column is-layout-flow wp-block-column-is-layout-flow\"><\/div>\n<\/div>\n\n<h3 class=\"wp-block-heading\">Accesorii<\/h3>\n\n<figure class=\"wp-block-gallery aligncenter has-nested-images columns-3 wp-block-gallery-2 is-layout-flex wp-block-gallery-is-layout-flex\">\n<figure class=\"wp-block-image size-large\"><img decoding=\"async\" width=\"1024\" height=\"1024\" data-id=\"31508\" src=\"https:\/\/obera.fr\/wp-content\/uploads\/2024\/06\/accessoires-gaines-1024x1024.png\" alt=\"accesorii pentru conducte\" class=\"wp-image-31508\" srcset=\"https:\/\/obera.fr\/wp-content\/uploads\/2024\/06\/accessoires-gaines-1024x1024.png 1024w, https:\/\/obera.fr\/wp-content\/uploads\/2024\/06\/accessoires-gaines-300x300.png 300w, https:\/\/obera.fr\/wp-content\/uploads\/2024\/06\/accessoires-gaines-150x150.png 150w, https:\/\/obera.fr\/wp-content\/uploads\/2024\/06\/accessoires-gaines-768x767.png 768w, https:\/\/obera.fr\/wp-content\/uploads\/2024\/06\/accessoires-gaines.png 1280w\" sizes=\"(max-width: 1024px) 100vw, 1024px\" \/><figcaption class=\"wp-element-caption\">Conducte<\/figcaption><\/figure>\n\n\n\n<figure class=\"wp-block-image size-large\"><img decoding=\"async\" width=\"1024\" height=\"1024\" data-id=\"31511\" src=\"https:\/\/obera.fr\/wp-content\/uploads\/2024\/06\/accessoires-adaptateur-de-gaines-1024x1024.png\" alt=\"accesorii pentru adaptorul de conduct&#x103;\" class=\"wp-image-31511\" srcset=\"https:\/\/obera.fr\/wp-content\/uploads\/2024\/06\/accessoires-adaptateur-de-gaines-1024x1024.png 1024w, https:\/\/obera.fr\/wp-content\/uploads\/2024\/06\/accessoires-adaptateur-de-gaines-300x300.png 300w, https:\/\/obera.fr\/wp-content\/uploads\/2024\/06\/accessoires-adaptateur-de-gaines-150x150.png 150w, https:\/\/obera.fr\/wp-content\/uploads\/2024\/06\/accessoires-adaptateur-de-gaines-768x767.png 768w, https:\/\/obera.fr\/wp-content\/uploads\/2024\/06\/accessoires-adaptateur-de-gaines.png 1280w\" sizes=\"(max-width: 1024px) 100vw, 1024px\" \/><figcaption class=\"wp-element-caption\">Adaptor pentru teac\u0103<\/figcaption><\/figure>\n\n\n\n<figure class=\"wp-block-image size-large\"><img decoding=\"async\" width=\"1024\" height=\"1024\" data-id=\"31515\" src=\"https:\/\/obera.fr\/wp-content\/uploads\/2024\/06\/accessoires-bras-1024x1024.png\" alt=\"accesorii pentru bra&#x21B;e\" class=\"wp-image-31515\" srcset=\"https:\/\/obera.fr\/wp-content\/uploads\/2024\/06\/accessoires-bras-1024x1024.png 1024w, https:\/\/obera.fr\/wp-content\/uploads\/2024\/06\/accessoires-bras-300x300.png 300w, https:\/\/obera.fr\/wp-content\/uploads\/2024\/06\/accessoires-bras-150x150.png 150w, https:\/\/obera.fr\/wp-content\/uploads\/2024\/06\/accessoires-bras-768x767.png 768w, https:\/\/obera.fr\/wp-content\/uploads\/2024\/06\/accessoires-bras.png 1280w\" sizes=\"(max-width: 1024px) 100vw, 1024px\" \/><figcaption class=\"wp-element-caption\">Bra\u021b<\/figcaption><\/figure>\n<\/figure>\n\n<hr class=\"wp-block-separator has-css-opacity is-style-dots\"\/>\n\n<div class=\"wp-block-buttons is-horizontal is-content-justification-center is-layout-flex wp-container-core-buttons-is-layout-03627597 wp-block-buttons-is-layout-flex\">\n<div class=\"wp-block-button has-custom-width wp-block-button__width-100\"><a class=\"wp-block-button__link wp-element-button\" href=\"https:\/\/obera.fr\/ro\/contactati-ne\/\">Afl\u0103 mai multe<\/a><\/div>\n<\/div>\n\n<h2 class=\"wp-block-heading\">Alte prafuri mici de la marca oberA<\/h2>\n\n<div class=\"wp-block-columns is-layout-flex wp-container-core-columns-is-layout-28f84493 wp-block-columns-is-layout-flex\">\n<div class=\"wp-block-column is-layout-flow wp-block-column-is-layout-flow\">\n<figure class=\"wp-block-image aligncenter size-medium\"><a href=\"https:\/\/obera.fr\/produits\/depoussiereurs-industriels\/petits\/jumbo\/\"><img decoding=\"async\" width=\"300\" height=\"300\" src=\"https:\/\/obera.fr\/wp-content\/uploads\/2020\/10\/jumbo-300x300.png\" alt=\"Jumbo\" class=\"wp-image-1171\" srcset=\"https:\/\/obera.fr\/wp-content\/uploads\/2020\/10\/jumbo-300x300.png 300w, https:\/\/obera.fr\/wp-content\/uploads\/2020\/10\/jumbo-150x150.png 150w, https:\/\/obera.fr\/wp-content\/uploads\/2020\/10\/jumbo.png 500w\" sizes=\"(max-width: 300px) 100vw, 300px\" \/><\/a><figcaption class=\"wp-element-caption\">Jumbo<\/figcaption><\/figure>\n<\/div>\n\n\n\n<div class=\"wp-block-column is-layout-flow wp-block-column-is-layout-flow\">\n<figure class=\"wp-block-image aligncenter size-medium\"><a href=\"https:\/\/obera.fr\/produits\/depoussiereurs-industriels\/petits\/tk-serie\/\"><img decoding=\"async\" width=\"300\" height=\"300\" src=\"https:\/\/obera.fr\/wp-content\/uploads\/2020\/11\/tk-series-300x300.jpg\" alt=\"Seria TK\" class=\"wp-image-1607\" srcset=\"https:\/\/obera.fr\/wp-content\/uploads\/2020\/11\/tk-series-300x300.jpg 300w, https:\/\/obera.fr\/wp-content\/uploads\/2020\/11\/tk-series-150x150.jpg 150w, https:\/\/obera.fr\/wp-content\/uploads\/2020\/11\/tk-series.jpg 600w\" sizes=\"(max-width: 300px) 100vw, 300px\" \/><\/a><figcaption class=\"wp-element-caption\">Seria TK<\/figcaption><\/figure>\n<\/div>\n\n\n\n<div class=\"wp-block-column is-layout-flow wp-block-column-is-layout-flow\">\n<figure class=\"wp-block-image aligncenter size-medium\"><a href=\"https:\/\/obera.fr\/produits\/depoussiereurs-industriels\/petits\/aspiration-fumees-soudage-laser-epur-b-ex\/\"><img decoding=\"async\" width=\"300\" height=\"300\" src=\"https:\/\/obera.fr\/wp-content\/uploads\/2023\/10\/epurb-ex-1000-3000-5000-300x300.png\" alt=\"oberA epur b ex 1000 3000 5000\" class=\"wp-image-25016\" srcset=\"https:\/\/obera.fr\/wp-content\/uploads\/2023\/10\/epurb-ex-1000-3000-5000-300x300.png 300w, https:\/\/obera.fr\/wp-content\/uploads\/2023\/10\/epurb-ex-1000-3000-5000-150x150.png 150w, https:\/\/obera.fr\/wp-content\/uploads\/2023\/10\/epurb-ex-1000-3000-5000.png 600w\" sizes=\"(max-width: 300px) 100vw, 300px\" \/><\/a><figcaption class=\"wp-element-caption\">EPUR B EX<\/figcaption><\/figure>\n<\/div>\n<\/div>\n","protected":false},"excerpt":{"rendered":"<p>Extractor portabil de fum de sudur\u0103 Extractorul portabilde fum de sudur\u0103 SRF T este un colector compact de praf. Are un vid ridicat, ceea ce \u00eenseamn\u0103 c\u0103 poate fi conectat direct la tor\u021bele de sudur\u0103 \u0219i permite aspirarea direct de la surs\u0103. Cartu\u0219ele filtrante sunt u\u0219or de cur\u0103\u021bat, reduc\u00e2nd semnificativ costurile de \u00eentre\u021binere. De asemenea, poate fi conectat la bra\u021be de aspira\u021bie. Modelul SRF T2 poate aspira un bra\u021b, \u00een timp ce modelul SRF T4 poate avea p\u00e2n\u0103 la dou\u0103 bra\u021be. Este deosebit de potrivit pentru \u0219antierele navale, sta\u021biile de sudare a pieselor mici \u0219i fabricile de produc\u021bie auto. De &#8230; <\/p>\n<p class=\"read-more-container\"><a title=\"SRF-T\" class=\"read-more button\" href=\"https:\/\/obera.fr\/ro\/produits\/depoussiereurs-industriels\/petits\/srf-t\/#more-48293\" aria-label=\"Cite\u0219te mai multe despre SRF-T\">Lire la suite<\/a><\/p>\n","protected":false},"author":4,"featured_media":37415,"parent":48168,"menu_order":0,"comment_status":"closed","ping_status":"closed","template":"","meta":{"_acf_changed":false,"_seopress_robots_primary_cat":"","_seopress_titles_title":"SRF-T: Extractor portabil de fum de sudur\u0103","_seopress_titles_desc":"Extractorul portabil de fum de sudur\u0103 SRF T este compact. Acesta are un vid ridicat \u0219i, prin urmare, poate fi conectat direct la tor\u021bele de sudur\u0103. ","_seopress_robots_index":"","footnotes":""},"class_list":{"0":"post-48293","1":"page","2":"type-page","3":"status-publish","4":"has-post-thumbnail","6":"no-featured-image-padding","7":"resize-featured-image"},"acf":[],"_links":{"self":[{"href":"https:\/\/obera.fr\/ro\/wp-json\/wp\/v2\/pages\/48293","targetHints":{"allow":["GET"]}}],"collection":[{"href":"https:\/\/obera.fr\/ro\/wp-json\/wp\/v2\/pages"}],"about":[{"href":"https:\/\/obera.fr\/ro\/wp-json\/wp\/v2\/types\/page"}],"author":[{"embeddable":true,"href":"https:\/\/obera.fr\/ro\/wp-json\/wp\/v2\/users\/4"}],"replies":[{"embeddable":true,"href":"https:\/\/obera.fr\/ro\/wp-json\/wp\/v2\/comments?post=48293"}],"version-history":[{"count":5,"href":"https:\/\/obera.fr\/ro\/wp-json\/wp\/v2\/pages\/48293\/revisions"}],"predecessor-version":[{"id":117356,"href":"https:\/\/obera.fr\/ro\/wp-json\/wp\/v2\/pages\/48293\/revisions\/117356"}],"up":[{"embeddable":true,"href":"https:\/\/obera.fr\/ro\/wp-json\/wp\/v2\/pages\/48168"}],"wp:featuredmedia":[{"embeddable":true,"href":"https:\/\/obera.fr\/ro\/wp-json\/wp\/v2\/media\/37415"}],"wp:attachment":[{"href":"https:\/\/obera.fr\/ro\/wp-json\/wp\/v2\/media?parent=48293"}],"curies":[{"name":"wp","href":"https:\/\/api.w.org\/{rel}","templated":true}]}}