{"id":48371,"date":"2020-05-01T17:19:45","date_gmt":"2020-05-01T15:19:45","guid":{"rendered":"https:\/\/obera.fr\/produsele-noastre\/analizoare-de-aer\/"},"modified":"2025-04-22T09:39:51","modified_gmt":"2025-04-22T07:39:51","slug":"analyseurs-air","status":"publish","type":"page","link":"https:\/\/obera.fr\/ro\/produits\/analyseurs-air\/","title":{"rendered":"Analizoare de aer"},"content":{"rendered":"\n<p>OberA are o gam\u0103 de 5 analizoare de aer. Scopul acestor dispozitive este de a dezv\u0103lui diver\u0219ii parametri ai aerului prezen\u021bi la locul dvs. de munc\u0103. <\/p>\n\n\n<h2 class=\"wp-block-heading\" id=\"les-produits-de-la-gamme-obera\">Produse din gama OberA<\/h2>\n\n<div class=\"wp-block-columns is-layout-flex wp-container-core-columns-is-layout-28f84493 wp-block-columns-is-layout-flex\">\n<div class=\"wp-block-column is-layout-flow wp-block-column-is-layout-flow\">\n<h3 class=\"wp-block-heading has-text-align-center\" id=\"obcare\"><a href=\"https:\/\/obera.fr\/ro\/produits\/analyseurs-air\/senzor-co2-obcare\/\">OBCARE<\/a><\/h3>\n\n\n\n<figure class=\"wp-block-image aligncenter size-medium is-resized\"><a href=\"https:\/\/obera.fr\/produits\/analyseurs-air\/capteur-co2-obcare\/\"><img decoding=\"async\" width=\"300\" height=\"212\" src=\"https:\/\/obera.fr\/wp-content\/uploads\/2021\/09\/Capteur_CO2_OBCARE-2-300x212.png\" alt=\"senzor co2 obcare\" class=\"wp-image-6918\" style=\"aspect-ratio:1.4180327868852458;width:216px;height:auto\" srcset=\"https:\/\/obera.fr\/wp-content\/uploads\/2021\/09\/Capteur_CO2_OBCARE-2-300x212.png 300w, https:\/\/obera.fr\/wp-content\/uploads\/2021\/09\/Capteur_CO2_OBCARE-2-768x542.png 768w, https:\/\/obera.fr\/wp-content\/uploads\/2021\/09\/Capteur_CO2_OBCARE-2.png 921w\" sizes=\"(max-width: 300px) 100vw, 300px\" \/><\/a><\/figure>\n\n\n\n<p><\/p>\n\n\n\n<p><a href=\"https:\/\/obera.fr\/ro\/produits\/analyseurs-air\/senzor-co2-obcare\/\" data-type=\"page\" data-id=\"6812\"><strong>OBCARE <\/strong>este un senzor de C02 pur<\/a>. Folosind tehnologia NDIR (senzori infraro\u0219ii nedispersivi) cu autocalibrare, scopul s\u0103u este de a indica cu precizie concentra\u021bia \u00een ppm \u00een timp real (precizie \u00b1 60 ppm). <\/p>\n<\/div>\n\n\n\n<div class=\"wp-block-column is-layout-flow wp-block-column-is-layout-flow\">\n<h3 class=\"wp-block-heading has-text-align-center\" id=\"compteur-de-particules\"><a href=\"https:\/\/obera.fr\/ro\/produits\/analyseurs-air\/contor-de-particule\/\">Contor de particule<\/a><\/h3>\n\n\n\n<figure class=\"wp-block-image aligncenter size-thumbnail\"><a href=\"https:\/\/obera.fr\/produits\/analyseurs-air\/compteur-particules\/\"><img decoding=\"async\" width=\"150\" height=\"150\" src=\"https:\/\/obera.fr\/wp-content\/uploads\/2020\/08\/compteur-de-particules-150x150.png\" alt=\"Contor de particule\" class=\"wp-image-714\" srcset=\"https:\/\/obera.fr\/wp-content\/uploads\/2020\/08\/compteur-de-particules-150x150.png 150w, https:\/\/obera.fr\/wp-content\/uploads\/2020\/08\/compteur-de-particules-300x300.png 300w, https:\/\/obera.fr\/wp-content\/uploads\/2020\/08\/compteur-de-particules.png 433w\" sizes=\"(max-width: 150px) 100vw, 150px\" \/><\/a><\/figure>\n\n\n\n<p><a href=\"https:\/\/obera.fr\/ro\/produits\/analyseurs-air\/contor-de-particule\/\" data-type=\"page\" data-id=\"539\">Contorul de particule OberA<\/a> este capabil s\u0103 m\u0103soare particulele de praf PM0,3 p\u00e2n\u0103 la PM10 (particule de la 0,3um la 10um). Monitorizeaz\u0103 temperatura de la 0\u00b0C la 50\u00b0C \u0219i umiditatea relativ\u0103. <\/p>\n<\/div>\n<\/div>\n\n<div style=\"height:30px\" aria-hidden=\"true\" class=\"wp-block-spacer\"><\/div>\n\n<div class=\"wp-block-buttons is-horizontal is-content-justification-center is-layout-flex wp-container-core-buttons-is-layout-03627597 wp-block-buttons-is-layout-flex\">\n<div class=\"wp-block-button has-custom-width wp-block-button__width-100\"><a class=\"wp-block-button__link wp-element-button\" href=\"https:\/\/obera.fr\/ro\/contactati-ne\/\">Afl\u0103 mai multe<\/a><\/div>\n<\/div>\n\n<p><\/p>\n\n<h2 class=\"wp-block-heading\" id=\"pourquoi-mesurer-la-qualite-de-mon-air\">De ce s\u0103-mi m\u0103sor calitatea aerului?<\/h2>\n\n<p>Aerul este un element esen\u021bial pentru fiin\u021bele umane, iar respirarea unui aer s\u0103n\u0103tos este esen\u021bial\u0103 pentru s\u0103n\u0103tatea \u0219i bun\u0103starea angaja\u021bilor. Acest lucru presupune analizarea aerului respirat de angaja\u021bii dvs. \u0219i decizia dac\u0103 merit\u0103 s\u0103 dota\u021bi locul dvs. de munc\u0103 cu un sistem de tratare a aerului. <\/p>\n\n<p>Aceast\u0103 analiz\u0103 a aerului va dezv\u0103lui, de asemenea, tipul de poluan\u021bi prezen\u021bi la locul dvs. de munc\u0103 \u0219i nivelurile lor de concentra\u021bie, ceea ce va fi util la alegerea filtr\u0103rii pentru sistemul dvs. de tratare a aerului.<\/p>\n","protected":false},"excerpt":{"rendered":"<p>OberA are o gam\u0103 de 5 analizoare de aer. Scopul acestor dispozitive este de a dezv\u0103lui diver\u0219ii parametri ai aerului prezen\u021bi la locul dvs. de munc\u0103. Produse din gama OberA OBCARE OBCARE este un senzor de C02 pur. Folosind tehnologia NDIR (senzori infraro\u0219ii nedispersivi) cu autocalibrare, scopul s\u0103u este de a indica cu precizie concentra\u021bia \u00een ppm \u00een timp real (precizie \u00b1 60 ppm). Contor de particule Contorul de particule OberA este capabil s\u0103 m\u0103soare particulele de praf PM0,3 p\u00e2n\u0103 la PM10 (particule de la 0,3um la 10um). Monitorizeaz\u0103 temperatura de la 0\u00b0C la 50\u00b0C \u0219i umiditatea relativ\u0103. De ce &#8230; <\/p>\n<p class=\"read-more-container\"><a title=\"Analizoare de aer\" class=\"read-more button\" href=\"https:\/\/obera.fr\/ro\/produits\/analyseurs-air\/#more-48371\" aria-label=\"Cite\u0219te mai multe despre Analizoare de aer\">Lire la suite<\/a><\/p>\n","protected":false},"author":4,"featured_media":83748,"parent":38137,"menu_order":7,"comment_status":"closed","ping_status":"closed","template":"","meta":{"_acf_changed":false,"_seopress_robots_primary_cat":"","_seopress_titles_title":"Retrouvez tous nos analyseurs d\u2019air de la gamme oberA","_seopress_titles_desc":"OberA dispose d\u2019une gamme de 5 analyseurs d\u2019air. Ces appareils ont pour but de r\u00e9v\u00e9ler les diff\u00e9rents param\u00e8tres de l\u2019air pr\u00e9sent sur votre lieu de travail.","_seopress_robots_index":"","footnotes":""},"class_list":{"0":"post-48371","1":"page","2":"type-page","3":"status-publish","4":"has-post-thumbnail","6":"no-featured-image-padding","7":"resize-featured-image"},"acf":[],"_links":{"self":[{"href":"https:\/\/obera.fr\/ro\/wp-json\/wp\/v2\/pages\/48371","targetHints":{"allow":["GET"]}}],"collection":[{"href":"https:\/\/obera.fr\/ro\/wp-json\/wp\/v2\/pages"}],"about":[{"href":"https:\/\/obera.fr\/ro\/wp-json\/wp\/v2\/types\/page"}],"author":[{"embeddable":true,"href":"https:\/\/obera.fr\/ro\/wp-json\/wp\/v2\/users\/4"}],"replies":[{"embeddable":true,"href":"https:\/\/obera.fr\/ro\/wp-json\/wp\/v2\/comments?post=48371"}],"version-history":[{"count":3,"href":"https:\/\/obera.fr\/ro\/wp-json\/wp\/v2\/pages\/48371\/revisions"}],"predecessor-version":[{"id":63185,"href":"https:\/\/obera.fr\/ro\/wp-json\/wp\/v2\/pages\/48371\/revisions\/63185"}],"up":[{"embeddable":true,"href":"https:\/\/obera.fr\/ro\/wp-json\/wp\/v2\/pages\/38137"}],"wp:featuredmedia":[{"embeddable":true,"href":"https:\/\/obera.fr\/ro\/wp-json\/wp\/v2\/media\/83748"}],"wp:attachment":[{"href":"https:\/\/obera.fr\/ro\/wp-json\/wp\/v2\/media?parent=48371"}],"curies":[{"name":"wp","href":"https:\/\/api.w.org\/{rel}","templated":true}]}}