{"id":48605,"date":"2020-08-26T12:33:11","date_gmt":"2020-08-26T10:33:11","guid":{"rendered":"https:\/\/obera.fr\/produsele-noastre\/filtre-de-ceata-de-ulei\/"},"modified":"2025-04-22T09:43:05","modified_gmt":"2025-04-22T07:43:05","slug":"filtres-brouillard-huile","status":"publish","type":"page","link":"https:\/\/obera.fr\/ro\/produits\/filtres-brouillard-huile\/","title":{"rendered":"Filtre de cea\u021b\u0103 de ulei"},"content":{"rendered":"\n<p>Un filtru de <strong>cea\u021b\u0103 de ulei<\/strong> de \u00eenalt\u0103 performan\u021b\u0103 care trebuie conectat direct la ma\u0219ina de produc\u021bie.<\/p>\n\n<h2 class=\"wp-block-heading\" id=\"notre-gamme-de-filtres-a-brouillard-d-huile\">Gama noastr\u0103 de filtre pentru cea\u021b\u0103 de ulei<\/h2>\n\n<div class=\"wp-block-columns is-layout-flex wp-container-core-columns-is-layout-28f84493 wp-block-columns-is-layout-flex\">\n<div class=\"wp-block-column is-vertically-aligned-top is-layout-flow wp-block-column-is-layout-flow\">\n<h3 class=\"wp-block-heading has-text-align-center\" id=\"oilmac\"><a href=\"https:\/\/obera.fr\/ro\/produits\/filtres-brouillard-huile\/oilmac\/\">Oilmac<\/a><\/h3>\n\n\n\n<figure class=\"wp-block-image aligncenter size-medium\"><a href=\"https:\/\/obera.fr\/produits\/filtres-brouillard-huile\/oilmac\/\"><img decoding=\"async\" width=\"300\" height=\"300\" src=\"https:\/\/obera.fr\/wp-content\/uploads\/2020\/08\/filtre-compact-OILMAC-300x300.png\" alt=\"Filtru compact Oilmac\" class=\"wp-image-641\" srcset=\"https:\/\/obera.fr\/wp-content\/uploads\/2020\/08\/filtre-compact-OILMAC-300x300.png 300w, https:\/\/obera.fr\/wp-content\/uploads\/2020\/08\/filtre-compact-OILMAC-150x150.png 150w, https:\/\/obera.fr\/wp-content\/uploads\/2020\/08\/filtre-compact-OILMAC.png 600w\" sizes=\"(max-width: 300px) 100vw, 300px\" \/><\/a><\/figure>\n\n\n\n<p><strong>OILMAC <\/strong>este un <a href=\"https:\/\/obera.fr\/ro\/produits\/filtres-brouillard-huile\/oilmac\/\" data-type=\"page\" data-id=\"585\">filtru compact, puternic,<\/a> capabil s\u0103 trateze brumele, vaporii \u0219i aerosolii de ulei \u0219i emulsie. De obicei, unitatea este instalat\u0103 direct pe ma\u0219ina de produc\u021bie \u0219i conectat\u0103 printr-o conduct\u0103 flexibil\u0103.   <\/p>\n\n\n\n<p>Datorit\u0103 unui sistem de filtrare de \u00eenalt\u0103 performan\u021b\u0103 \u00een patru etape, inclusiv un filtru terminal HEPA 13, particulele sunt filtrate la 99,95%, iar aerul poate fi reintrodus direct \u00een spa\u021biul de lucru. \u00centre\u021binerea este redus\u0103 deoarece filtrele pot fi \u00eenlocuite f\u0103r\u0103 unelte. <\/p>\n<\/div>\n\n\n\n<div class=\"wp-block-column is-vertically-aligned-top is-layout-flow wp-block-column-is-layout-flow\">\n<h3 class=\"wp-block-heading has-text-align-center\" id=\"afs\"><a href=\"https:\/\/obera.fr\/ro\/produits\/filtres-brouillard-huile\/afs\/\">AFS<\/a><\/h3>\n\n\n\n<figure class=\"wp-block-image aligncenter size-medium\"><a href=\"https:\/\/obera.fr\/produits\/filtres-brouillard-huile\/afs\/\"><img decoding=\"async\" width=\"300\" height=\"300\" src=\"https:\/\/obera.fr\/wp-content\/uploads\/2020\/08\/AFS-installation-centralisee-brouillards-huiles-300x300.png\" alt=\"Afs Installation Centralisee Brouillards Huiles\" class=\"wp-image-643\" srcset=\"https:\/\/obera.fr\/wp-content\/uploads\/2020\/08\/AFS-installation-centralisee-brouillards-huiles-300x300.png 300w, https:\/\/obera.fr\/wp-content\/uploads\/2020\/08\/AFS-installation-centralisee-brouillards-huiles-150x150.png 150w, https:\/\/obera.fr\/wp-content\/uploads\/2020\/08\/AFS-installation-centralisee-brouillards-huiles.png 433w\" sizes=\"(max-width: 300px) 100vw, 300px\" \/><\/a><\/figure>\n\n\n\n<p><strong>AFS<\/strong> este o <a href=\"https:\/\/obera.fr\/ro\/produits\/filtres-brouillard-huile\/afs\/\" data-type=\"page\" data-id=\"590\">instala\u021bie centralizat\u0103 pentru cea\u021b\u0103, vapori \u0219i aerosoli de ulei \u0219i emulsie<\/a>. Este o solu\u021bie personalizat\u0103 pentru instalarea direct\u0103 pe centrele dvs. de prelucrare. Aceast\u0103 unitate are 5 trepte de filtrare, inclusiv un filtru final absolut de tip HEPA 13, care garanteaz\u0103 o eficien\u021b\u0103 de filtrare a particulelor de 99,95%.    <\/p>\n\n\n\n<p>Sunt posibile diferite configura\u021bii: reciclarea \u0219i reintroducerea aerului filtrat \u00een cl\u0103dire sau evacuarea aerului filtrat \u0219i introducerea de aer proasp\u0103t cu recuperarea caloriilor prin intermediul unui schimb\u0103tor de c\u0103ldur\u0103. Ambele configura\u021bii utilizeaz\u0103 la maximum c\u0103ldura con\u021binut\u0103 \u00een fluxurile de aer extrase. <\/p>\n\n\n\n<p><\/p>\n<\/div>\n<\/div>\n\n<div class=\"wp-block-buttons is-horizontal is-content-justification-center is-layout-flex wp-container-core-buttons-is-layout-03627597 wp-block-buttons-is-layout-flex\">\n<div class=\"wp-block-button has-custom-width wp-block-button__width-100\"><a class=\"wp-block-button__link wp-element-button\" href=\"https:\/\/obera.fr\/ro\/contactati-ne\/\">Afl\u0103 mai multe<\/a><\/div>\n<\/div>\n","protected":false},"excerpt":{"rendered":"<p>Un filtru de cea\u021b\u0103 de ulei de \u00eenalt\u0103 performan\u021b\u0103 care trebuie conectat direct la ma\u0219ina de produc\u021bie. Gama noastr\u0103 de filtre pentru cea\u021b\u0103 de ulei Oilmac OILMAC este un filtru compact, puternic, capabil s\u0103 trateze brumele, vaporii \u0219i aerosolii de ulei \u0219i emulsie. De obicei, unitatea este instalat\u0103 direct pe ma\u0219ina de produc\u021bie \u0219i conectat\u0103 printr-o conduct\u0103 flexibil\u0103. Datorit\u0103 unui sistem de filtrare de \u00eenalt\u0103 performan\u021b\u0103 \u00een patru etape, inclusiv un filtru terminal HEPA 13, particulele sunt filtrate la 99,95%, iar aerul poate fi reintrodus direct \u00een spa\u021biul de lucru. \u00centre\u021binerea este redus\u0103 deoarece filtrele pot fi \u00eenlocuite f\u0103r\u0103 unelte. &#8230; <\/p>\n<p class=\"read-more-container\"><a title=\"Filtre de cea\u021b\u0103 de ulei\" class=\"read-more button\" href=\"https:\/\/obera.fr\/ro\/produits\/filtres-brouillard-huile\/#more-48605\" aria-label=\"Cite\u0219te mai multe despre Filtre de cea\u021b\u0103 de ulei\">Lire la suite<\/a><\/p>\n","protected":false},"author":4,"featured_media":83748,"parent":38137,"menu_order":10,"comment_status":"closed","ping_status":"closed","template":"","meta":{"_acf_changed":false,"_seopress_robots_primary_cat":"","_seopress_titles_title":"Filtre industriale pentru cea\u021b\u0103 de ulei - oberA","_seopress_titles_desc":"Descoperi\u021bi gama noastr\u0103 de filtre de cea\u021b\u0103 de ulei de \u00eenalt\u0103 performan\u021b\u0103 care pot fi conectate direct la ma\u0219ina de produc\u021bie, OILMAC \u0219i AFS.","_seopress_robots_index":"","footnotes":""},"class_list":{"0":"post-48605","1":"page","2":"type-page","3":"status-publish","4":"has-post-thumbnail","6":"no-featured-image-padding","7":"resize-featured-image"},"acf":[],"_links":{"self":[{"href":"https:\/\/obera.fr\/ro\/wp-json\/wp\/v2\/pages\/48605","targetHints":{"allow":["GET"]}}],"collection":[{"href":"https:\/\/obera.fr\/ro\/wp-json\/wp\/v2\/pages"}],"about":[{"href":"https:\/\/obera.fr\/ro\/wp-json\/wp\/v2\/types\/page"}],"author":[{"embeddable":true,"href":"https:\/\/obera.fr\/ro\/wp-json\/wp\/v2\/users\/4"}],"replies":[{"embeddable":true,"href":"https:\/\/obera.fr\/ro\/wp-json\/wp\/v2\/comments?post=48605"}],"version-history":[{"count":3,"href":"https:\/\/obera.fr\/ro\/wp-json\/wp\/v2\/pages\/48605\/revisions"}],"predecessor-version":[{"id":83983,"href":"https:\/\/obera.fr\/ro\/wp-json\/wp\/v2\/pages\/48605\/revisions\/83983"}],"up":[{"embeddable":true,"href":"https:\/\/obera.fr\/ro\/wp-json\/wp\/v2\/pages\/38137"}],"wp:featuredmedia":[{"embeddable":true,"href":"https:\/\/obera.fr\/ro\/wp-json\/wp\/v2\/media\/83748"}],"wp:attachment":[{"href":"https:\/\/obera.fr\/ro\/wp-json\/wp\/v2\/media?parent=48605"}],"curies":[{"name":"wp","href":"https:\/\/api.w.org\/{rel}","templated":true}]}}