{"id":48625,"date":"2020-08-26T13:06:25","date_gmt":"2020-08-26T11:06:25","guid":{"rendered":"https:\/\/obera.fr\/produsele-noastre\/filtre-de-ceata-de-ulei\/filtru-de-ceata-de-ulei-afs\/"},"modified":"2025-06-03T13:14:19","modified_gmt":"2025-06-03T11:14:19","slug":"afs","status":"publish","type":"page","link":"https:\/\/obera.fr\/ro\/produits\/filtres-brouillard-huile\/afs\/","title":{"rendered":"Filtru de cea\u021b\u0103 de ulei AFS"},"content":{"rendered":"\n<p><a href=\"https:\/\/obera.fr\/ro\/produits\/filtres-brouillard-huile\/\" data-type=\"page\" data-id=\"376\">Filtrele de cea\u021b\u0103 de ulei<\/a> AFS sunt solu\u021bia personalizat\u0103 pentru echiparea direct\u0103 a ma\u0219inilor dvs. de prelucrare sau pentru aspirarea lor centralizat\u0103.<\/p>\n\n\n\n<p>Gama AFS acoper\u0103 <strong>debite de aspira\u021bie de la 400 la 16.000 m\u00b3\/h<\/strong>.<\/p>\n\n\n\n<h2 class=\"wp-block-heading\">Instala\u021bii centralizate pentru cea\u021b\u0103, vapori \u0219i aerosoli de ulei \u0219i emulsie<\/h2>\n\n\n\n<div class=\"wp-block-columns is-layout-flex wp-container-core-columns-is-layout-28f84493 wp-block-columns-is-layout-flex\">\n<div class=\"wp-block-column is-layout-flow wp-block-column-is-layout-flow\" style=\"flex-basis:33.33%\">\n<figure class=\"wp-block-image aligncenter size-medium\"><img decoding=\"async\" width=\"300\" height=\"300\" src=\"https:\/\/obera.fr\/wp-content\/uploads\/2020\/08\/AFS-installation-centralisee-brouillards-huiles-300x300.png\" alt=\"Afs Installation Centralisee Brouillards Huiles\" class=\"wp-image-643\" srcset=\"https:\/\/obera.fr\/wp-content\/uploads\/2020\/08\/AFS-installation-centralisee-brouillards-huiles-300x300.png 300w, https:\/\/obera.fr\/wp-content\/uploads\/2020\/08\/AFS-installation-centralisee-brouillards-huiles-150x150.png 150w, https:\/\/obera.fr\/wp-content\/uploads\/2020\/08\/AFS-installation-centralisee-brouillards-huiles.png 433w\" sizes=\"(max-width: 300px) 100vw, 300px\" \/><\/figure>\n<\/div>\n\n\n\n<div class=\"wp-block-column is-layout-flow wp-block-column-is-layout-flow\" style=\"flex-basis:66.66%\">\n<p><strong>Tehnologia AFS<\/strong> const\u0103 \u00een 5 etape de tratare: filtre cu ochiuri metalice, p\u00e2sle de poliester \u0219i separatorul AFS-Longlife, care constituie inima tratamentului.<\/p>\n\n\n\n<p>&gt;Unit\u0103\u021bile sunt echipate cu <strong>filtre terminale absolute de tip HEPA H13<\/strong> (eficien\u021b\u0103 standardizat\u0103 garantat\u0103 de 99,95% pentru particule de 0,3\u00b5m). Av\u00e2nd \u00een vedere eficien\u021ba foarte ridicat\u0103 a filtr\u0103rii principale, filtrele absolute au o durat\u0103 de via\u021b\u0103 foarte lung\u0103, chiar \u0219i pentru func\u021bionarea continu\u0103 la 3 sta\u021bii. <\/p>\n\n\n\n<p>Sunt posibile diferite configura\u021bii: reciclarea \u0219i reintroducerea aerului filtrat \u00een cl\u0103dire sau evacuarea aerului filtrat \u0219i introducerea de aer proasp\u0103t cu recuperarea caloriilor prin intermediul unui schimb\u0103tor de c\u0103ldur\u0103. <strong>Solu\u021biile de extragere AFS<\/strong> (reciclare sau schimb\u0103toare de c\u0103ldur\u0103) permit reutilizarea maxim\u0103 a c\u0103ldurii con\u021binute \u00een fluxurile de aer extrase. <\/p>\n\n\n\n<hr class=\"wp-block-separator has-text-color has-black-color has-css-opacity has-black-background-color has-background is-style-dots\"\/>\n\n\n\n<div class=\"wp-block-columns is-layout-flex wp-container-core-columns-is-layout-28f84493 wp-block-columns-is-layout-flex\">\n<div class=\"wp-block-column is-layout-flow wp-block-column-is-layout-flow\" style=\"flex-basis:33.33%\">\n<div class=\"wp-block-buttons is-layout-flex wp-block-buttons-is-layout-flex\">\n<div class=\"wp-block-button\"><a class=\"wp-block-button__link wp-element-button\" href=\"https:\/\/obera.fr\/wp-content\/uploads\/2025\/06\/brochure-afs-en.pdf\">DESC\u0102RCA\u021aI BRO\u0218URA<\/a><\/div>\n<\/div>\n<\/div>\n\n\n\n<div class=\"wp-block-column is-layout-flow wp-block-column-is-layout-flow\" style=\"flex-basis:33.34%\">\n<div class=\"wp-block-buttons is-horizontal is-content-justification-center is-layout-flex wp-container-core-buttons-is-layout-03627597 wp-block-buttons-is-layout-flex\">\n<div class=\"wp-block-button has-custom-width wp-block-button__width-100\"><a class=\"wp-block-button__link wp-element-button\" href=\"https:\/\/obera.fr\/ro\/contactati-ne\/\">Afl\u0103 mai multe<\/a><\/div>\n<\/div>\n<\/div>\n\n\n\n<div class=\"wp-block-column is-layout-flow wp-block-column-is-layout-flow\" style=\"flex-basis:33.34%\">\n<div class=\"wp-block-buttons is-content-justification-center is-layout-flex wp-container-core-buttons-is-layout-a89b3969 wp-block-buttons-is-layout-flex\">\n<div class=\"wp-block-button btn-devis-source\"><a class=\"wp-block-button__link wp-element-button\" href=\"https:\/\/obera.fr\/ro\/devis\/\">Solicita\u021bi o ofert\u0103<\/a><\/div>\n<\/div>\n\n\n<script>\r\ndocument.addEventListener('DOMContentLoaded', function() {\r\n    \/\/ 1. On cherche le titre H1 de la page\r\n    var h1 = document.querySelector('h1');\r\n    var productTitle = h1 ? h1.innerText.trim() : \"\";\r\n\r\n    \/\/ 2. On cherche les boutons via la classe CSS .btn-devis-source\r\n    var buttons = document.querySelectorAll('.btn-devis-source a');\r\n\r\n    \/\/ 3. Si on a le titre et les boutons, on ajoute le param\u00e8tre\r\n    if (buttons.length > 0 && productTitle !== \"\") {\r\n        var encodedTitle = encodeURIComponent(productTitle);\r\n\r\n        buttons.forEach(function(btn) {\r\n            var currentHref = btn.getAttribute('href');\r\n            \r\n            \/\/ S\u00e9curit\u00e9 pour ne pas ajouter le param\u00e8tre 2 fois\r\n            if (currentHref.indexOf('sujet=') === -1) {\r\n                var separator = currentHref.indexOf('?') !== -1 ? '&' : '?';\r\n                var newLink = currentHref + separator + 'sujet=' + encodedTitle;\r\n                \r\n                btn.setAttribute('href', newLink);\r\n            }\r\n        });\r\n    }\r\n});\r\n<\/script><\/div>\n<\/div>\n\n\n\n<p><\/p>\n<\/div>\n<\/div>\n\n\n\n<h2 class=\"wp-block-heading\">Beneficiile AFS<\/h2>\n\n\n\n<div class=\"wp-block-columns is-layout-flex wp-container-core-columns-is-layout-28f84493 wp-block-columns-is-layout-flex\">\n<div class=\"wp-block-column is-layout-flow wp-block-column-is-layout-flow\">\n<h3 class=\"wp-block-heading has-text-align-center\"><strong>Beneficii<\/strong><\/h3>\n\n\n\n<ul class=\"wp-block-list\">\n<li>U\u0219or de conectat la ma\u0219ina de produc\u021bie<\/li>\n\n\n\n<li>Pe ma\u0219in\u0103 sau centralizat<\/li>\n\n\n\n<li>Sistem compact<\/li>\n\n\n\n<li>5 trepte de filtrare pentru tratarea eficient\u0103 a aerului<\/li>\n\n\n\n<li>\u00cenlocuirea \u0219i \u00eentre\u021binerea filtrului f\u0103r\u0103 scule<\/li>\n<\/ul>\n<\/div>\n\n\n\n<div class=\"wp-block-column is-layout-flow wp-block-column-is-layout-flow\">\n<h3 class=\"wp-block-heading has-text-align-center\"><strong>Caracteristici speciale<\/strong><\/h3>\n\n\n\n<ul class=\"wp-block-list\">\n<li>Sistem patentat de \u00eenlocuire a filtrului f\u0103r\u0103 scule<\/li>\n\n\n\n<li>Cur\u0103\u021barea manual\u0103 a aparatului<\/li>\n\n\n\n<li>Filtrare mecanic\u0103<\/li>\n<\/ul>\n<\/div>\n\n\n\n<div class=\"wp-block-column is-layout-flow wp-block-column-is-layout-flow\">\n<h3 class=\"wp-block-heading has-text-align-center\"><strong>Caracteristici<\/strong><\/h3>\n\n\n\n<ul class=\"wp-block-list\">\n<li>Extrac\u021bia brumelor \u0219i emulsiilor de ulei, a fumului \u0219i aerosolilor<\/li>\n\n\n\n<li>Poate fi instalat direct pe un centru de prelucrare NC sau centralizat<\/li>\n<\/ul>\n<\/div>\n<\/div>\n\n\n\n<h2 class=\"wp-block-heading\">Aplica\u021bii<\/h2>\n\n\n\n<div class=\"wp-block-columns is-layout-flex wp-container-core-columns-is-layout-28f84493 wp-block-columns-is-layout-flex\">\n<div class=\"wp-block-column is-layout-flow wp-block-column-is-layout-flow\">\n<h3 class=\"wp-block-heading has-text-align-center\">Poluan\u021bi<\/h3>\n\n\n\n<hr class=\"wp-block-separator has-css-opacity is-style-wide\"\/>\n\n\n\n<div class=\"wp-block-columns is-layout-flex wp-container-core-columns-is-layout-28f84493 wp-block-columns-is-layout-flex\">\n<div class=\"wp-block-column is-layout-flow wp-block-column-is-layout-flow\">\n<figure class=\"wp-block-image aligncenter size-large\"><img decoding=\"async\" width=\"70\" height=\"70\" src=\"https:\/\/obera.fr\/wp-content\/uploads\/2020\/08\/industrie-brouillard-huile.jpg\" alt=\"Ulei de cea\u021b\u0103 pentru industrie\" class=\"wp-image-721\"\/><figcaption class=\"wp-element-caption\">Cea\u021b\u0103 de ulei<\/figcaption><\/figure>\n<\/div>\n\n\n\n<div class=\"wp-block-column is-layout-flow wp-block-column-is-layout-flow\">\n<figure class=\"wp-block-image aligncenter size-large\"><img decoding=\"async\" width=\"70\" height=\"70\" src=\"https:\/\/obera.fr\/wp-content\/uploads\/2020\/08\/industrie-fumees.jpg\" alt=\"Fumul din industrie\" class=\"wp-image-722\"\/><figcaption class=\"wp-element-caption\">Fumuri<\/figcaption><\/figure>\n\n\n\n<figure class=\"wp-block-image aligncenter size-large\"><img decoding=\"async\" width=\"70\" height=\"70\" src=\"https:\/\/obera.fr\/wp-content\/uploads\/2020\/09\/cov.png\" alt=\"Cov\" class=\"wp-image-959\"\/><figcaption class=\"wp-element-caption\">VOCS<\/figcaption><\/figure>\n<\/div>\n<\/div>\n<\/div>\n\n\n\n<div class=\"wp-block-column is-layout-flow wp-block-column-is-layout-flow\">\n<h3 class=\"wp-block-heading has-text-align-center\">Industrii<\/h3>\n\n\n\n<hr class=\"wp-block-separator has-css-opacity is-style-wide\"\/>\n\n\n\n<div class=\"wp-block-columns is-layout-flex wp-container-core-columns-is-layout-28f84493 wp-block-columns-is-layout-flex\">\n<div class=\"wp-block-column is-layout-flow wp-block-column-is-layout-flow\">\n<figure class=\"wp-block-image aligncenter size-large\"><img decoding=\"async\" width=\"70\" height=\"70\" src=\"https:\/\/obera.fr\/wp-content\/uploads\/2020\/08\/industrie-metallurgie.jpg\" alt=\"Industria metalurgic\u0103\" class=\"wp-image-673\"\/><figcaption class=\"wp-element-caption\">Metalurgie<\/figcaption><\/figure>\n<\/div>\n\n\n\n<div class=\"wp-block-column is-layout-flow wp-block-column-is-layout-flow\"><\/div>\n<\/div>\n<\/div>\n<\/div>\n\n\n\n<div class=\"wp-block-buttons is-content-justification-center is-layout-flex wp-container-core-buttons-is-layout-a89b3969 wp-block-buttons-is-layout-flex\">\n<div class=\"wp-block-button is-style-outline is-style-outline--1\"><a class=\"wp-block-button__link wp-element-button\" href=\"https:\/\/obera.fr\/wp-content\/uploads\/2024\/02\/brochure-afs.pdf\">Desc\u0103rca\u021bi fi\u0219a produsului<\/a><\/div>\n<\/div>\n\n\n\n<hr class=\"wp-block-separator has-css-opacity is-style-dots\"\/>\n\n\n\n<h2 class=\"wp-block-heading\">Alte filtre de cea\u021b\u0103 de ulei de la marca OberA<\/h2>\n\n\n\n<div class=\"wp-block-columns is-layout-flex wp-container-core-columns-is-layout-28f84493 wp-block-columns-is-layout-flex\">\n<div class=\"wp-block-column is-layout-flow wp-block-column-is-layout-flow\">\n<figure class=\"wp-block-image aligncenter size-medium\"><a href=\"https:\/\/obera.fr\/produits\/filtres-brouillard-huile\/oilmac\/\"><img decoding=\"async\" width=\"300\" height=\"300\" src=\"https:\/\/obera.fr\/wp-content\/uploads\/2020\/08\/filtre-compact-OILMAC-300x300.png\" alt=\"Filtru compact OILMAC\" class=\"wp-image-641\" srcset=\"https:\/\/obera.fr\/wp-content\/uploads\/2020\/08\/filtre-compact-OILMAC-300x300.png 300w, https:\/\/obera.fr\/wp-content\/uploads\/2020\/08\/filtre-compact-OILMAC-150x150.png 150w, https:\/\/obera.fr\/wp-content\/uploads\/2020\/08\/filtre-compact-OILMAC.png 600w\" sizes=\"(max-width: 300px) 100vw, 300px\" \/><\/a><figcaption class=\"wp-element-caption\">OILMAC<\/figcaption><\/figure>\n<\/div>\n\n\n\n<div class=\"wp-block-column is-layout-flow wp-block-column-is-layout-flow\"><\/div>\n<\/div>\n\n\n\n<p><\/p>\n","protected":false},"excerpt":{"rendered":"<p>Filtrele de cea\u021b\u0103 de ulei AFS sunt solu\u021bia personalizat\u0103 pentru echiparea direct\u0103 a ma\u0219inilor dvs. de prelucrare sau pentru aspirarea lor centralizat\u0103. Gama AFS acoper\u0103 debite de aspira\u021bie de la 400 la 16.000 m\u00b3\/h. Instala\u021bii centralizate pentru cea\u021b\u0103, vapori \u0219i aerosoli de ulei \u0219i emulsie Tehnologia AFS const\u0103 \u00een 5 etape de tratare: filtre cu ochiuri metalice, p\u00e2sle de poliester \u0219i separatorul AFS-Longlife, care constituie inima tratamentului. &gt;Unit\u0103\u021bile sunt echipate cu filtre terminale absolute de tip HEPA H13 (eficien\u021b\u0103 standardizat\u0103 garantat\u0103 de 99,95% pentru particule de 0,3\u00b5m). Av\u00e2nd \u00een vedere eficien\u021ba foarte ridicat\u0103 a filtr\u0103rii principale, filtrele absolute au o &#8230; <\/p>\n<p class=\"read-more-container\"><a title=\"Filtru de cea\u021b\u0103 de ulei AFS\" class=\"read-more button\" href=\"https:\/\/obera.fr\/ro\/produits\/filtres-brouillard-huile\/afs\/#more-48625\" aria-label=\"Cite\u0219te mai multe despre Filtru de cea\u021b\u0103 de ulei AFS\">Lire la suite<\/a><\/p>\n","protected":false},"author":4,"featured_media":83748,"parent":48605,"menu_order":0,"comment_status":"closed","ping_status":"closed","template":"","meta":{"_acf_changed":false,"_seopress_robots_primary_cat":"","_seopress_titles_title":"Sisteme centralizate de cea\u021b\u0103 de ulei AFS","_seopress_titles_desc":"Filtrele de cea\u021b\u0103 de ulei AFS sunt solu\u021bia personalizat\u0103 pentru echiparea direct\u0103 a ma\u0219inilor dvs. de prelucrare sau pentru aspirarea lor centralizat\u0103.","_seopress_robots_index":"","footnotes":""},"class_list":{"0":"post-48625","1":"page","2":"type-page","3":"status-publish","4":"has-post-thumbnail","6":"no-featured-image-padding","7":"resize-featured-image"},"acf":[],"_links":{"self":[{"href":"https:\/\/obera.fr\/ro\/wp-json\/wp\/v2\/pages\/48625","targetHints":{"allow":["GET"]}}],"collection":[{"href":"https:\/\/obera.fr\/ro\/wp-json\/wp\/v2\/pages"}],"about":[{"href":"https:\/\/obera.fr\/ro\/wp-json\/wp\/v2\/types\/page"}],"author":[{"embeddable":true,"href":"https:\/\/obera.fr\/ro\/wp-json\/wp\/v2\/users\/4"}],"replies":[{"embeddable":true,"href":"https:\/\/obera.fr\/ro\/wp-json\/wp\/v2\/comments?post=48625"}],"version-history":[{"count":7,"href":"https:\/\/obera.fr\/ro\/wp-json\/wp\/v2\/pages\/48625\/revisions"}],"predecessor-version":[{"id":107908,"href":"https:\/\/obera.fr\/ro\/wp-json\/wp\/v2\/pages\/48625\/revisions\/107908"}],"up":[{"embeddable":true,"href":"https:\/\/obera.fr\/ro\/wp-json\/wp\/v2\/pages\/48605"}],"wp:featuredmedia":[{"embeddable":true,"href":"https:\/\/obera.fr\/ro\/wp-json\/wp\/v2\/media\/83748"}],"wp:attachment":[{"href":"https:\/\/obera.fr\/ro\/wp-json\/wp\/v2\/media?parent=48625"}],"curies":[{"name":"wp","href":"https:\/\/api.w.org\/{rel}","templated":true}]}}