{"id":48750,"date":"2020-08-26T12:33:34","date_gmt":"2020-08-26T10:33:34","guid":{"rendered":"https:\/\/obera.fr\/produsele-noastre\/conducte-de-aspiratie-industriale\/"},"modified":"2025-04-22T09:38:42","modified_gmt":"2025-04-22T07:38:42","slug":"tuyauteries-industrielles","status":"publish","type":"page","link":"https:\/\/obera.fr\/ro\/produits\/tuyauteries-industrielles\/","title":{"rendered":"Conducte de aspira\u021bie industriale"},"content":{"rendered":"\n<p>Conductele de aspira\u021bie industriale sunt un element crucial \u00een domeniul trat\u0103rii aerului industrial, deoarece permit transportul diferi\u021bilor poluan\u021bi, cum ar fi fumurile, praful, gazele de e\u0219apament \u0219i a\u0219a mai departe. Cu toate acestea, alegerea conductelor potrivite este esen\u021bial\u0103 pentru a asigura o performan\u021b\u0103 optim\u0103 a sistemului de aspira\u021bie. <\/p>\n\n<p>O gam\u0103 larg\u0103 de conducte pentru transportul prafului \u0219i poluan\u021bilor.<\/p>\n\n<h2 class=\"wp-block-heading\">Gama noastr\u0103 de \u021bevi de aspira\u021bie<\/h2>\n\n<div class=\"wp-block-columns is-layout-flex wp-container-core-columns-is-layout-28f84493 wp-block-columns-is-layout-flex\">\n<div class=\"wp-block-column is-layout-flow wp-block-column-is-layout-flow\">\n<h3 class=\"wp-block-heading has-text-align-center\"><a href=\"https:\/\/obera.fr\/ro\/produits\/tuyauteries-industrielles\/gaines-lisses-acier\/\"><br\/>Conducte netede din o\u021bel Re\u021bea de \u00eenalt\u0103 presiune<\/a><\/h3>\n\n\n\n<figure class=\"wp-block-image aligncenter size-medium is-resized\"><a href=\"https:\/\/obera.fr\/produits\/tuyauteries-industrielles\/gaines-lisses-acier\/\"><img decoding=\"async\" width=\"300\" height=\"300\" src=\"https:\/\/obera.fr\/wp-content\/uploads\/2020\/11\/Gaines-lisses-300x300.jpg\" alt=\"&#xCE;nveli&#x219;uri netede\" class=\"wp-image-1735\" style=\"width:225px;height:225px\" srcset=\"https:\/\/obera.fr\/wp-content\/uploads\/2020\/11\/Gaines-lisses-300x300.jpg 300w, https:\/\/obera.fr\/wp-content\/uploads\/2020\/11\/Gaines-lisses-150x150.jpg 150w, https:\/\/obera.fr\/wp-content\/uploads\/2020\/11\/Gaines-lisses.jpg 433w\" sizes=\"(max-width: 300px) 100vw, 300px\" \/><\/a><\/figure>\n<\/div>\n\n\n\n<div class=\"wp-block-column is-layout-flow wp-block-column-is-layout-flow\">\n<h3 class=\"wp-block-heading has-text-align-center\"><a href=\"https:\/\/obera.fr\/ro\/produits\/tuyauteries-industrielles\/gaines-spiralees\/\">Conducte spiralate pentru fumuri \u0219i vapori<\/a><\/h3>\n\n\n\n<figure class=\"wp-block-image aligncenter size-large is-resized\"><a href=\"https:\/\/obera.fr\/produits\/tuyauteries-industrielles\/gaines-spiralees\/\"><img decoding=\"async\" src=\"https:\/\/obera.fr\/wp-content\/uploads\/2024\/02\/sr.webp\" alt=\"&#xCE;nveli&#x219;uri spiralate\" style=\"aspect-ratio:1;width:223px;height:auto\"\/><\/a><\/figure>\n<\/div>\n\n\n\n<div class=\"wp-block-column is-layout-flow wp-block-column-is-layout-flow\">\n<h3 class=\"wp-block-heading has-text-align-center\"><a href=\"https:\/\/obera.fr\/ro\/produits\/tuyauteries-industrielles\/basse-moyenne-haute-pression\/\">Conducte de colectare a prafului de joas\u0103, medie \u0219i \u00eenalt\u0103 presiune<\/a><\/h3>\n\n\n\n<figure class=\"wp-block-image aligncenter size-medium is-resized\"><a href=\"https:\/\/obera.fr\/produits\/tuyauteries-industrielles\/basse-moyenne-haute-pression\/\"><img decoding=\"async\" width=\"220\" height=\"300\" src=\"https:\/\/obera.fr\/wp-content\/uploads\/2020\/11\/Tuyauterie-basse-moyenne-haute-pression-220x300.jpg\" alt=\"Conducte de presiune joas&#x103; medie &#xEE;nalt&#x103;\" class=\"wp-image-1734\" style=\"width:165px;height:225px\" srcset=\"https:\/\/obera.fr\/wp-content\/uploads\/2020\/11\/Tuyauterie-basse-moyenne-haute-pression-220x300.jpg 220w, https:\/\/obera.fr\/wp-content\/uploads\/2020\/11\/Tuyauterie-basse-moyenne-haute-pression.jpg 428w\" sizes=\"(max-width: 220px) 100vw, 220px\" \/><\/a><\/figure>\n<\/div>\n<\/div>\n\n<p>Exist\u0103 mai multe tipuri de conducte industriale, inclusiv conducte spiralate, conducte netede \u0219i conducte de joas\u0103, medie \u0219i \u00eenalt\u0103 presiune. Fiecare dintre aceste tipuri de conducte ofer\u0103 avantaje \u0219i dezavantaje specifice, \u00een func\u021bie de nevoile aplica\u021biei. <\/p>\n\n<h3 class=\"wp-block-heading\">\u00cenveli\u0219uri netede<\/h3>\n\n<p>Conductele netede ofer\u0103 o rezisten\u021b\u0103 sc\u0103zut\u0103 la curgere pentru performan\u021be maxime de aspira\u021bie. De asemenea, sunt u\u0219or de cur\u0103\u021bat, ceea ce le face ideale pentru aplica\u021bii \u00een care igiena este primordial\u0103. Cu toate acestea, ele sunt mai pu\u021bin flexibile dec\u00e2t conductele spiralate, ceea ce poate face instalarea mai dificil\u0103.  <\/p>\n\n<h3 class=\"wp-block-heading\">\u00cenveli\u0219uri spiralate<\/h3>\n\n<p>Conductele spiralate sunt ideale pentru aplica\u021biile care necesit\u0103 flexibilitate ridicat\u0103, deoarece pot fi \u00eendoite \u0219i r\u0103sucite f\u0103r\u0103 a se fisura sau deforma. De asemenea, sunt rezistente la vibra\u021bii \u0219i \u0219ocuri, ceea ce le face potrivite pentru utilizarea \u00een medii agitate. Cu toate acestea, conductele spiralate au o rezisten\u021b\u0103 mai mare la curgere dec\u00e2t conductele netede, ceea ce poate duce la pierderi de presiune \u0219i la performan\u021be reduse de aspira\u021bie.  <\/p>\n\n<h3 class=\"wp-block-heading\">Conducte de joas\u0103, medie \u0219i \u00eenalt\u0103 presiune<\/h3>\n\n<p>\u00cen cele din urm\u0103, conductele de joas\u0103, medie \u0219i \u00eenalt\u0103 presiune ofer\u0103 avantaje specifice \u00een func\u021bie de nevoile aplica\u021biei. Conductele de joas\u0103 presiune sunt potrivite pentru aplica\u021bii \u00een care presiunea de aspira\u021bie este sc\u0103zut\u0103, \u00een timp ce conductele de presiune medie \u0219i \u00eenalt\u0103 sunt necesare pentru aplica\u021bii \u00een care presiunea de aspira\u021bie este mai mare. Prin urmare, alegerea conductelor potrivite este esen\u021bial\u0103 pentru a asigura performan\u021ba optim\u0103 a sistemului de aspira\u021bie.  <\/p>\n\n<h2 class=\"wp-block-heading\">Concluzie<\/h2>\n\n<p>\u00cen concluzie, alegerea conductelor industriale potrivite este esen\u021bial\u0103 pentru a asigura performan\u021ba optim\u0103 a sistemului de aspira\u021bie \u00een tratarea aerului industrial. Conductele spiralate, conductele netede \u0219i conductele de joas\u0103, medie \u0219i \u00eenalt\u0103 presiune ofer\u0103 avantaje specifice \u00een func\u021bie de necesit\u0103\u021bile aplica\u021biei \u0219i este important s\u0103 analiza\u021bi fiecare op\u021biune cu aten\u021bie \u00eenainte de a face o alegere final\u0103. <\/p>\n\n<div class=\"wp-block-buttons is-horizontal is-content-justification-center is-layout-flex wp-container-core-buttons-is-layout-03627597 wp-block-buttons-is-layout-flex\">\n<div class=\"wp-block-button has-custom-width wp-block-button__width-100\"><a class=\"wp-block-button__link wp-element-button\" href=\"https:\/\/obera.fr\/ro\/contactati-ne\/\">Afl\u0103 mai multe<\/a><\/div>\n<\/div>\n","protected":false},"excerpt":{"rendered":"<p>Conductele de aspira\u021bie industriale sunt un element crucial \u00een domeniul trat\u0103rii aerului industrial, deoarece permit transportul diferi\u021bilor poluan\u021bi, cum ar fi fumurile, praful, gazele de e\u0219apament \u0219i a\u0219a mai departe. Cu toate acestea, alegerea conductelor potrivite este esen\u021bial\u0103 pentru a asigura o performan\u021b\u0103 optim\u0103 a sistemului de aspira\u021bie. O gam\u0103 larg\u0103 de conducte pentru transportul prafului \u0219i poluan\u021bilor. Gama noastr\u0103 de \u021bevi de aspira\u021bie Conducte netede din o\u021bel Re\u021bea de \u00eenalt\u0103 presiune Conducte spiralate pentru fumuri \u0219i vapori Conducte de colectare a prafului de joas\u0103, medie \u0219i \u00eenalt\u0103 presiune Exist\u0103 mai multe tipuri de conducte industriale, inclusiv conducte spiralate, conducte &#8230; <\/p>\n<p class=\"read-more-container\"><a title=\"Conducte de aspira\u021bie industriale\" class=\"read-more button\" href=\"https:\/\/obera.fr\/ro\/produits\/tuyauteries-industrielles\/#more-48750\" aria-label=\"Cite\u0219te mai multe despre Conducte de aspira\u021bie industriale\">Lire la suite<\/a><\/p>\n","protected":false},"author":4,"featured_media":83748,"parent":38137,"menu_order":11,"comment_status":"closed","ping_status":"closed","template":"","meta":{"_acf_changed":false,"_seopress_robots_primary_cat":"","_seopress_titles_title":"Tuyauteries industrielles: acheminer poussi\u00e8res \/ polluants","_seopress_titles_desc":"Une large gamme de tuyauterie afin d\u2019acheminer les poussi\u00e8res et polluants : Gaines lisses en acier, spiral\u00e9es et tuyauterie basse, moyenne et haute pression.","_seopress_robots_index":"","footnotes":""},"class_list":{"0":"post-48750","1":"page","2":"type-page","3":"status-publish","4":"has-post-thumbnail","6":"no-featured-image-padding","7":"resize-featured-image"},"acf":[],"_links":{"self":[{"href":"https:\/\/obera.fr\/ro\/wp-json\/wp\/v2\/pages\/48750","targetHints":{"allow":["GET"]}}],"collection":[{"href":"https:\/\/obera.fr\/ro\/wp-json\/wp\/v2\/pages"}],"about":[{"href":"https:\/\/obera.fr\/ro\/wp-json\/wp\/v2\/types\/page"}],"author":[{"embeddable":true,"href":"https:\/\/obera.fr\/ro\/wp-json\/wp\/v2\/users\/4"}],"replies":[{"embeddable":true,"href":"https:\/\/obera.fr\/ro\/wp-json\/wp\/v2\/comments?post=48750"}],"version-history":[{"count":7,"href":"https:\/\/obera.fr\/ro\/wp-json\/wp\/v2\/pages\/48750\/revisions"}],"predecessor-version":[{"id":65700,"href":"https:\/\/obera.fr\/ro\/wp-json\/wp\/v2\/pages\/48750\/revisions\/65700"}],"up":[{"embeddable":true,"href":"https:\/\/obera.fr\/ro\/wp-json\/wp\/v2\/pages\/38137"}],"wp:featuredmedia":[{"embeddable":true,"href":"https:\/\/obera.fr\/ro\/wp-json\/wp\/v2\/media\/83748"}],"wp:attachment":[{"href":"https:\/\/obera.fr\/ro\/wp-json\/wp\/v2\/media?parent=48750"}],"curies":[{"name":"wp","href":"https:\/\/api.w.org\/{rel}","templated":true}]}}