{"id":65220,"date":"2024-04-05T22:42:52","date_gmt":"2024-04-05T20:42:52","guid":{"rendered":"https:\/\/obera.fr\/produits\/aspirateurs-industriels\/w2-haute-filtration-polyvalence\/"},"modified":"2025-06-03T10:36:35","modified_gmt":"2025-06-03T08:36:35","slug":"w2-haute-filtration-polyvalence","status":"publish","type":"page","link":"https:\/\/obera.fr\/ro\/produits\/aspirateurs-industriels\/w2-haute-filtration-polyvalence\/","title":{"rendered":"W2 aspirator industrial"},"content":{"rendered":"\n<p>Compact \u0219i mobil,<a href=\"https:\/\/obera.fr\/ro\/produits\/aspirateurs-industriels\/\" data-type=\"page\" data-id=\"41\">aspiratorul industrial<\/a> W2 este unul dintre cele mai eficiente echipamente de pe pia\u021b\u0103, renumit pentru robuste\u021bea sa, capacitatea ridicat\u0103 de filtrare \u0219i performan\u021b\u0103.<\/p>\n\n\n\n<h2 class=\"wp-block-heading\">W2 Aspiratoare industriale umede \u0219i uscate: cum func\u021bioneaz\u0103 \u0219i unde sunt utilizate?<\/h2>\n\n\n\n<div class=\"wp-block-columns is-layout-flex wp-container-core-columns-is-layout-28f84493 wp-block-columns-is-layout-flex\">\n<div class=\"wp-block-column is-layout-flow wp-block-column-is-layout-flow\" style=\"flex-basis:33.33%\">\n<figure class=\"wp-block-image size-full is-resized\"><img decoding=\"async\" width=\"711\" height=\"622\" src=\"https:\/\/obera.fr\/wp-content\/uploads\/2024\/10\/w2.png\" alt=\"Aspiratoare industriale\" class=\"wp-image-35424\" style=\"object-fit:cover;width:300px;height:300px\" srcset=\"https:\/\/obera.fr\/wp-content\/uploads\/2024\/10\/w2.png 711w, https:\/\/obera.fr\/wp-content\/uploads\/2024\/10\/w2-300x262.png 300w\" sizes=\"(max-width: 711px) 100vw, 711px\" \/><\/figure>\n<\/div>\n\n\n\n<div class=\"wp-block-column is-layout-flow wp-block-column-is-layout-flow\" style=\"flex-basis:66.66%\">\n<p>Principalul avantaj al<strong>aspiratorului industrial umed \u0219i uscat W2<\/strong> este versatilitatea sa. Puterea sa de aspirare \u00eenseamn\u0103 c\u0103 poate ridica \u0219i aspira simultan materiale solide \u0219i lichide. Dispune de dou\u0103 motoare monofazate by-pass protejate de un cap motor robust din o\u021bel \u0219i izolate fonic \u00een interior. Aspiratorul dispune de un sistem de separare a apei\/prafului pentru a filtra lichidele de particulele uscate. Particulele de praf aspirate sunt stocate \u00eentr-un recipient din o\u021bel, \u00een timp ce lichidele sunt colectate \u00eentr-un rezervor.    <\/p>\n\n\n\n<p>Aspiratorul industrial W2 este ideal pentru <strong>cur\u0103\u021barea<\/strong> \u0219i <strong>manipularea<\/strong> <strong>cantit\u0103\u021bilor mici \u0219i medii de praf<\/strong>. De asemenea, este eficient la aspirarea materialelor solide \u0219i lichide. Aceast\u0103 versatilitate \u00eel face perfect pentru toate tipurile de industrie. Este deosebit de eficient \u00een industria chimic\u0103, farmaceutic\u0103, alimentar\u0103 \u0219i de mor\u0103rit, precum \u0219i \u00een brut\u0103rii \u0219i cur\u0103\u021barea cuptoarelor.   <\/p>\n\n\n\n<div class=\"wp-block-columns is-layout-flex wp-container-core-columns-is-layout-28f84493 wp-block-columns-is-layout-flex\">\n<div class=\"wp-block-column is-layout-flow wp-block-column-is-layout-flow\">\n<div class=\"wp-block-buttons is-layout-flex wp-block-buttons-is-layout-flex\">\n<div class=\"wp-block-button\"><a class=\"wp-block-button__link wp-element-button\" href=\"https:\/\/obera.fr\/wp-content\/uploads\/2025\/06\/brochure-w2-en.pdf\">DESC\u0102RCA\u021aI BRO\u0218URA<\/a><\/div>\n<\/div>\n<\/div>\n\n\n\n<div class=\"wp-block-column is-layout-flow wp-block-column-is-layout-flow\">\n<div class=\"wp-block-buttons is-horizontal is-content-justification-center is-layout-flex wp-container-core-buttons-is-layout-03627597 wp-block-buttons-is-layout-flex\">\n<div class=\"wp-block-button has-custom-width wp-block-button__width-100\"><a class=\"wp-block-button__link wp-element-button\" href=\"https:\/\/obera.fr\/ro\/contactati-ne\/\">Afl\u0103 mai multe<\/a><\/div>\n<\/div>\n<\/div>\n\n\n\n<div class=\"wp-block-column is-layout-flow wp-block-column-is-layout-flow\">\n<div class=\"wp-block-buttons is-content-justification-center is-layout-flex wp-container-core-buttons-is-layout-a89b3969 wp-block-buttons-is-layout-flex\">\n<div class=\"wp-block-button btn-devis-source\"><a class=\"wp-block-button__link wp-element-button\" href=\"https:\/\/obera.fr\/ro\/devis\/\">Solicita\u021bi o ofert\u0103<\/a><\/div>\n<\/div>\n\n\n<script>\r\ndocument.addEventListener('DOMContentLoaded', function() {\r\n    \/\/ 1. On cherche le titre H1 de la page\r\n    var h1 = document.querySelector('h1');\r\n    var productTitle = h1 ? h1.innerText.trim() : \"\";\r\n\r\n    \/\/ 2. On cherche les boutons via la classe CSS .btn-devis-source\r\n    var buttons = document.querySelectorAll('.btn-devis-source a');\r\n\r\n    \/\/ 3. Si on a le titre et les boutons, on ajoute le param\u00e8tre\r\n    if (buttons.length > 0 && productTitle !== \"\") {\r\n        var encodedTitle = encodeURIComponent(productTitle);\r\n\r\n        buttons.forEach(function(btn) {\r\n            var currentHref = btn.getAttribute('href');\r\n            \r\n            \/\/ S\u00e9curit\u00e9 pour ne pas ajouter le param\u00e8tre 2 fois\r\n            if (currentHref.indexOf('sujet=') === -1) {\r\n                var separator = currentHref.indexOf('?') !== -1 ? '&' : '?';\r\n                var newLink = currentHref + separator + 'sujet=' + encodedTitle;\r\n                \r\n                btn.setAttribute('href', newLink);\r\n            }\r\n        });\r\n    }\r\n});\r\n<\/script><\/div>\n<\/div>\n<\/div>\n<\/div>\n\n\n\n<h2 class=\"wp-block-heading\">Aspirator industrial W2: filtrare ridicat\u0103, mobilitate ridicat\u0103&#8230; toate caracteristicile sale tehnice<\/h2>\n\n\n\n<p>Aspiratorul industrial W2 nu are nimic de invidiat modelelor mai mari:<strong> puterea sa de aspirare \u0219i suprafa\u021ba de filtrare de 20.000 cm2<\/strong> confer\u0103 acestui echipament filtrare ridicat\u0103, precum \u0219i mobilitate ridicat\u0103. Cu un debit de aer de 360 m3\/h, aspiratorul garanteaz\u0103 o filtrare sporit\u0103 pentru a \u00eembun\u0103t\u0103\u021bi calitatea aerului din jurul dvs. \u0219i pentru a elimina murd\u0103ria mai rapid.   <\/p>\n\n\n\n<p>Av\u00e2nd un filtru cu sac din poliester de 420 mm \u0219i un design industrial din o\u021bel (motor, camer\u0103 de filtrare, container \u0219i cadru), echipamentul ofer\u0103 durabilitate maxim\u0103. Cele dou\u0103 motoare monofazate sunt proiectate pentru func\u021bionare continu\u0103, 24\/7. Un alt avantaj este faptul c\u0103 aspiratorul are un sistem de deblocare pentru a \u00eendep\u0103rta materialele depuse \u0219i a preveni \u00eenfundarea aparatului.<\/p>\n\n\n\n<p>O alt\u0103 caracteristic\u0103 tehnic\u0103 esen\u021bial\u0103: eficien\u021ba sa de filtrare p\u00e2n\u0103 la 3 microni \u0219i filtrul s\u0103u cu buzunar, care asigur\u0103 o reten\u021bie ridicat\u0103 a prafului, garanteaz\u0103 aspiratorului W2 puritatea aerului pe care \u00eel ejecteaz\u0103.<\/p>\n\n\n\n<p>Aspiratorul umed \u0219i uscat W2 vine cu <strong>accesorii concepute pentru profesioni\u0219tii din domeniul cur\u0103\u021beniei<\/strong> (furtun de aspirare flexibil, perii, duze, adaptoare).<\/p>\n\n\n\n<blockquote class=\"wp-block-quote is-layout-flow wp-block-quote-is-layout-flow\">\n<p>Op\u021biuni: aspiratorul industrial W2 este disponibil \u00eentr-o versiune pentru <strong>zona ATEX 22<\/strong> pentru cur\u0103\u021barea \u00een siguran\u021b\u0103 \u00een medii care genereaz\u0103 praf exploziv. De asemenea, poate fi echipat cu filtre nomex (rezistente la c\u0103ldur\u0103 p\u00e2n\u0103 la 250\u00b0), Hepa H14, clasa M PTFE, clasa L, M sau M Teflon hidro-oleofob. \u00cen func\u021bie de sectorul dumneavoastr\u0103 de activitate, echipele noastre v\u0103 vor consilia cu privire la filtrul cel mai potrivit pentru unit\u0103\u021bile dumneavoastr\u0103 de produc\u021bie.  <\/p>\n<\/blockquote>\n\n\n\n<h3 class=\"wp-block-heading has-text-align-center\">INDUSTRII<\/h3>\n\n\n\n<div class=\"wp-block-columns is-layout-flex wp-container-core-columns-is-layout-28f84493 wp-block-columns-is-layout-flex\">\n<div class=\"wp-block-column is-layout-flow wp-block-column-is-layout-flow\">\n<hr class=\"wp-block-separator has-alpha-channel-opacity\"\/>\n\n\n\n<div class=\"wp-block-columns is-layout-flex wp-container-core-columns-is-layout-28f84493 wp-block-columns-is-layout-flex\">\n<div class=\"wp-block-column is-layout-flow wp-block-column-is-layout-flow\">\n<figure class=\"wp-block-image aligncenter size-thumbnail is-resized\"><img decoding=\"async\" width=\"150\" height=\"150\" src=\"https:\/\/obera.fr\/wp-content\/uploads\/2022\/02\/Textile-150x150.png\" alt=\"textile\" class=\"wp-image-8855\"\/><figcaption class=\"wp-element-caption\">Textile<\/figcaption><\/figure>\n\n\n\n<figure class=\"wp-block-image aligncenter size-thumbnail is-resized\"><img decoding=\"async\" width=\"150\" height=\"150\" src=\"https:\/\/obera.fr\/wp-content\/uploads\/2022\/02\/Plastique-150x150.png\" alt=\"plastic\" class=\"wp-image-8854\"\/><figcaption class=\"wp-element-caption\">Plastic<\/figcaption><\/figure>\n<\/div>\n\n\n\n<div class=\"wp-block-column is-layout-flow wp-block-column-is-layout-flow\">\n<figure class=\"wp-block-image aligncenter size-thumbnail is-resized\"><img decoding=\"async\" width=\"150\" height=\"150\" src=\"https:\/\/obera.fr\/wp-content\/uploads\/2022\/02\/MINERAIS-150x150.png\" alt=\"minereuri\" class=\"wp-image-8847\"\/><figcaption class=\"wp-element-caption\">Minerale<\/figcaption><\/figure>\n\n\n\n<figure class=\"wp-block-image aligncenter size-thumbnail is-resized\"><img decoding=\"async\" width=\"150\" height=\"150\" src=\"https:\/\/obera.fr\/wp-content\/uploads\/2022\/02\/Metalurgie-150x150.png\" alt=\"metalurgie\" class=\"wp-image-8857\"\/><figcaption class=\"wp-element-caption\">Metalurgie<\/figcaption><\/figure>\n\n\n\n<figure class=\"wp-block-image aligncenter size-thumbnail is-resized\"><img decoding=\"async\" width=\"150\" height=\"150\" src=\"https:\/\/obera.fr\/wp-content\/uploads\/2023\/02\/sans-titre-2023-02-14t102211.641-150x150.png\" alt=\"Agricultur\u0103\" class=\"wp-image-18828\"\/><figcaption class=\"wp-element-caption\">Agricultur\u0103<\/figcaption><\/figure>\n<\/div>\n<\/div>\n<\/div>\n\n\n\n<div class=\"wp-block-column is-layout-flow wp-block-column-is-layout-flow\">\n<hr class=\"wp-block-separator has-alpha-channel-opacity\"\/>\n\n\n\n<div class=\"wp-block-columns is-layout-flex wp-container-core-columns-is-layout-28f84493 wp-block-columns-is-layout-flex\">\n<div class=\"wp-block-column is-layout-flow wp-block-column-is-layout-flow\">\n<figure class=\"wp-block-image aligncenter size-thumbnail is-resized\"><img decoding=\"async\" width=\"150\" height=\"150\" src=\"https:\/\/obera.fr\/wp-content\/uploads\/2022\/02\/Chimie-150x150.png\" alt=\"chimie\" class=\"wp-image-8846\"\/><figcaption class=\"wp-element-caption\">Chimie<\/figcaption><\/figure>\n\n\n\n<figure class=\"wp-block-image aligncenter size-thumbnail is-resized\"><img decoding=\"async\" width=\"150\" height=\"150\" src=\"https:\/\/obera.fr\/wp-content\/uploads\/2022\/02\/Travail-du-bois-150x150.png\" alt=\"prelucrarea lemnului\" class=\"wp-image-8856\"\/><figcaption class=\"wp-element-caption\">Prelucrarea lemnului<\/figcaption><\/figure>\n\n\n\n<figure class=\"wp-block-image aligncenter size-thumbnail is-resized\"><img decoding=\"async\" width=\"150\" height=\"150\" src=\"https:\/\/obera.fr\/wp-content\/uploads\/2023\/02\/sans-titre-2023-02-14t101920.185-150x150.png\" alt=\"Avia\u021bie\" class=\"wp-image-18831\"\/><figcaption class=\"wp-element-caption\">Avia\u021bie<\/figcaption><\/figure>\n<\/div>\n\n\n\n<div class=\"wp-block-column is-layout-flow wp-block-column-is-layout-flow\">\n<figure class=\"wp-block-image aligncenter size-thumbnail is-resized\"><img decoding=\"async\" width=\"150\" height=\"150\" src=\"https:\/\/obera.fr\/wp-content\/uploads\/2022\/02\/AGROALIMENTAIRE-150x150.png\" alt=\"agroalimentare\" class=\"wp-image-8844\"\/><figcaption class=\"wp-element-caption\">Industria alimentar\u0103<\/figcaption><\/figure>\n\n\n\n<figure class=\"wp-block-image aligncenter size-thumbnail is-resized\"><img decoding=\"async\" width=\"150\" height=\"150\" src=\"https:\/\/obera.fr\/wp-content\/uploads\/2022\/02\/Papier-carton-150x150.png\" alt=\"h\u00e2rtie \u0219i carton\" class=\"wp-image-8853\"\/><figcaption class=\"wp-element-caption\">H\u00e2rtie\/carton<\/figcaption><\/figure>\n\n\n\n<figure class=\"wp-block-image aligncenter size-thumbnail is-resized\"><img decoding=\"async\" width=\"150\" height=\"150\" src=\"https:\/\/obera.fr\/wp-content\/uploads\/2023\/02\/sans-titre-2023-02-14t101712.416-150x150.png\" alt=\"Automobile\" class=\"wp-image-18834\"\/><figcaption class=\"wp-element-caption\">Automobile<\/figcaption><\/figure>\n<\/div>\n<\/div>\n<\/div>\n<\/div>\n\n\n\n<figure class=\"wp-block-table\"><table class=\"has-fixed-layout\"><tbody><tr><td>Tensiune<\/td><td>V-HZ<\/td><td>230-50<\/td><\/tr><tr><td>Putere<\/td><td>kW<\/td><td>2&#215;1.1<\/td><\/tr><tr><td>Depresie maxim\u0103<\/td><td>Pa<\/td><td>2,400 Pa<\/td><\/tr><tr><td>Debit maxim de aer<\/td><td>m3\/h<\/td><td>360<\/td><\/tr><tr><td>Diametrul piesei bucale<\/td><td>mm<\/td><td>50<\/td><\/tr><tr><td>Tip de filtru<\/td><td><\/td><td>Cu buzunare stea<\/td><\/tr><tr><td>Suprafa\u021b\u0103<\/td><td>cm2<\/td><td>20.000<\/td><\/tr><tr><td>Sistem de cur\u0103\u021bare<\/td><td><\/td><td>Manuel<\/td><\/tr><tr><td>Co\u0219 de recoltare<\/td><td><\/td><td>O\u021bel<\/td><\/tr><tr><td>Sistem de scurgere<\/td><td><\/td><td>Co\u0219 deta\u0219abil<\/td><\/tr><tr><td>Capacitate<\/td><td>litru<\/td><td>40<\/td><\/tr><tr><td>Dimensiuni<\/td><td>cm<\/td><td>55x63x115<\/td><\/tr><\/tbody><\/table><\/figure>\n\n\n\n<div class=\"wp-block-buttons is-content-justification-center is-layout-flex wp-container-core-buttons-is-layout-a89b3969 wp-block-buttons-is-layout-flex\">\n<div class=\"wp-block-button\"><a class=\"wp-block-button__link wp-element-button\" href=\"https:\/\/obera.fr\/wp-content\/uploads\/2024\/04\/obera_brochure-w2-fr.pdf\">DESC\u0102RCA\u021aI FI\u0218A TEHNIC\u0102 A PRODUSULUI<\/a><\/div>\n<\/div>\n\n\n\n<h2 class=\"wp-block-heading\">Puternic \u0219i versatil: toate avantajele aspiratorului W2<\/h2>\n\n\n\n<p>W2 combin\u0103 u\u0219urin\u021ba de utilizare a unui aparat compact cu puterea unui aspirator industrial. \u00cen plus fa\u021b\u0103 de mobilitatea \u0219i performan\u021bele ridicate de aspirare, acoperirea sa fonoabsorbant\u0103 minimizeaz\u0103 zgomotul \u00een timpul utiliz\u0103rii, astfel \u00eenc\u00e2t s\u0103 nu deranjeze operatorul sau al\u021bi angaja\u021bi din atelier. De asemenea, pentru u\u0219urin\u021ba utiliz\u0103rii, ie\u0219irea sa orientat\u0103 \u00een jos previne agitarea prafului pe suprafa\u021b\u0103 \u0219i \u00eencurcarea operatorului.<\/p>\n\n\n\n<p>Aspiratorul nu necesit\u0103 \u00eentre\u021binere \u0219i este echipat cu un agitator vertical al filtrului pentru a preveni saturarea \u0219i, mai presus de toate, pentru a facilita cur\u0103\u021barea manual\u0103.<\/p>\n\n\n\n<p>Nu \u00een ultimul r\u00e2nd, versatilitatea sa este principalul s\u0103u avantaj, deoarece aspirarea materialelor solide \u0219i lichide \u00eenseamn\u0103 c\u0103 poate fi utilizat pentru o multitudine de scopuri: cur\u0103\u021barea podelelor, pere\u021bilor, \u0219antierelor de construc\u021bii, atelierelor, ma\u0219inilor, echipamentelor de catering etc.<\/p>\n\n\n\n<div class=\"wp-block-columns is-layout-flex wp-container-core-columns-is-layout-28f84493 wp-block-columns-is-layout-flex\">\n<div class=\"wp-block-column is-layout-flow wp-block-column-is-layout-flow\" style=\"flex-basis:33.34%\">\n<h3 class=\"wp-block-heading\">Avantaje :<\/h3>\n\n\n\n<ul class=\"wp-block-list\">\n<li>Sistem de filtrare ridicat pentru a extrage simultan praful solid \u0219i lichid;<\/li>\n\n\n\n<li>Ultra-compact \u0219i mobil;<\/li>\n\n\n\n<li>Foarte silen\u021bios \u00een utilizare.  <\/li>\n<\/ul>\n<\/div>\n\n\n\n<div class=\"wp-block-column is-layout-flow wp-block-column-is-layout-flow\" style=\"flex-basis:33.34%\">\n<h3 class=\"wp-block-heading\">Caracteristici speciale:<\/h3>\n\n\n\n<ul class=\"wp-block-list\">\n<li>Dou\u0103 motoare monofazate cu comutatoare independente;<\/li>\n\n\n\n<li>Op\u021bional: Filtru Hepa H14, clasa M, L, M teflon hidro-oleofob, M PTFE, filtru nomex;<\/li>\n\n\n\n<li>Versiune ATEX Zona 22 disponibil\u0103.<\/li>\n<\/ul>\n<\/div>\n\n\n\n<div class=\"wp-block-column is-layout-flow wp-block-column-is-layout-flow\" style=\"flex-basis:33.33%\">\n<h3 class=\"wp-block-heading\">Caracteristici :<\/h3>\n\n\n\n<ul class=\"wp-block-list\">\n<li>Indicator luminos de filtru \u00eenfundat ;<\/li>\n\n\n\n<li>Protec\u021bia unit\u0103\u021bii de aspirare cu filtrul s\u0103u stelar (poliester).<\/li>\n<\/ul>\n<\/div>\n<\/div>\n\n\n\n<h2 class=\"wp-block-heading\">Dori\u021bi s\u0103 testa\u021bi aspiratorul industrial W2 pe unitatea dvs. de produc\u021bie?<\/h2>\n\n\n\n<p>Testa\u021bi solu\u021bia \u00een atelierele dumneavoastr\u0103! Pentru toate solu\u021biile noastre, oferim o faz\u0103 de testare cu op\u021biunea de cump\u0103rare pentru o perioad\u0103 medie de 1 lun\u0103. La finalul testului, fie o adopta\u021bi, fie v\u0103 suger\u0103m o solu\u021bie mai potrivit\u0103 pentru nevoile dumneavoastr\u0103.<\/p>\n\n\n\n<div class=\"wp-block-buttons is-content-justification-center is-layout-flex wp-container-core-buttons-is-layout-a89b3969 wp-block-buttons-is-layout-flex\">\n<div class=\"wp-block-button\"><a class=\"wp-block-button__link wp-element-button\" href=\"https:\/\/obera.fr\/ro\/contact\/\">TESTA\u021aI ASPIRATORUL W2<\/a><\/div>\n<\/div>\n\n\n\n<h2 class=\"wp-block-heading\">Alte aspiratoare industriale din gam\u0103<\/h2>\n\n\n\n<div class=\"wp-block-columns is-layout-flex wp-container-core-columns-is-layout-28f84493 wp-block-columns-is-layout-flex\">\n<div class=\"wp-block-column is-layout-flow wp-block-column-is-layout-flow\">\n<figure class=\"wp-block-image aligncenter size-full is-resized\"><a href=\"https:\/\/obera.fr\/produits\/aspirateurs-industriels\/w2-xr-atex-22\/\"><img decoding=\"async\" width=\"566\" height=\"671\" src=\"https:\/\/obera.fr\/wp-content\/uploads\/2024\/10\/w2-xr-2.png\" alt=\"Aspiratoare industriale\" class=\"wp-image-35431\" style=\"object-fit:cover;width:300px;height:300px\" srcset=\"https:\/\/obera.fr\/wp-content\/uploads\/2024\/10\/w2-xr-2.png 566w, https:\/\/obera.fr\/wp-content\/uploads\/2024\/10\/w2-xr-2-253x300.png 253w\" sizes=\"(max-width: 566px) 100vw, 566px\" \/><\/a><figcaption class=\"wp-element-caption\">W2 XR<\/figcaption><\/figure>\n<\/div>\n\n\n\n<div class=\"wp-block-column is-layout-flow wp-block-column-is-layout-flow\">\n<figure class=\"wp-block-image aligncenter size-full\"><a href=\"https:\/\/obera.fr\/produits\/aspirateurs-industriels\/ventilateurs-aspiration-gamme-eurosog-rg-100-800\/\"><img decoding=\"async\" width=\"600\" height=\"600\" src=\"https:\/\/obera.fr\/wp-content\/uploads\/2024\/04\/obera-ventilateur-aspiration-rg-300-400.jpg\" alt=\"ventilator de aspira\u021bie obera rg 300 400\" class=\"wp-image-29437\" srcset=\"https:\/\/obera.fr\/wp-content\/uploads\/2024\/04\/obera-ventilateur-aspiration-rg-300-400.jpg 600w, https:\/\/obera.fr\/wp-content\/uploads\/2024\/04\/obera-ventilateur-aspiration-rg-300-400-300x300.jpg 300w, https:\/\/obera.fr\/wp-content\/uploads\/2024\/04\/obera-ventilateur-aspiration-rg-300-400-150x150.jpg 150w\" sizes=\"(max-width: 600px) 100vw, 600px\" \/><\/a><figcaption class=\"wp-element-caption\">RG 300\/400<\/figcaption><\/figure>\n<\/div>\n\n\n\n<div class=\"wp-block-column is-layout-flow wp-block-column-is-layout-flow\">\n<figure class=\"wp-block-image aligncenter size-full is-resized\"><a href=\"https:\/\/obera.fr\/produits\/aspirateurs-industriels\/w3-pour-nettoyage-general\/\"><img decoding=\"async\" width=\"658\" height=\"652\" src=\"https:\/\/obera.fr\/wp-content\/uploads\/2024\/10\/w3.png\" alt=\"w3\" class=\"wp-image-35427\" style=\"object-fit:cover;width:300px;height:300px\" srcset=\"https:\/\/obera.fr\/wp-content\/uploads\/2024\/10\/w3.png 658w, https:\/\/obera.fr\/wp-content\/uploads\/2024\/10\/w3-300x297.png 300w, https:\/\/obera.fr\/wp-content\/uploads\/2024\/10\/w3-150x150.png 150w, https:\/\/obera.fr\/wp-content\/uploads\/2024\/10\/w3-24x24.png 24w, https:\/\/obera.fr\/wp-content\/uploads\/2024\/10\/w3-48x48.png 48w, https:\/\/obera.fr\/wp-content\/uploads\/2024\/10\/w3-96x96.png 96w\" sizes=\"(max-width: 658px) 100vw, 658px\" \/><\/a><figcaption class=\"wp-element-caption\">W3<\/figcaption><\/figure>\n<\/div>\n<\/div>\n","protected":false},"excerpt":{"rendered":"<p>Compact \u0219i mobil,aspiratorul industrial W2 este unul dintre cele mai eficiente echipamente de pe pia\u021b\u0103, renumit pentru robuste\u021bea sa, capacitatea ridicat\u0103 de filtrare \u0219i performan\u021b\u0103. W2 Aspiratoare industriale umede \u0219i uscate: cum func\u021bioneaz\u0103 \u0219i unde sunt utilizate? Principalul avantaj alaspiratorului industrial umed \u0219i uscat W2 este versatilitatea sa. Puterea sa de aspirare \u00eenseamn\u0103 c\u0103 poate ridica \u0219i aspira simultan materiale solide \u0219i lichide. Dispune de dou\u0103 motoare monofazate by-pass protejate de un cap motor robust din o\u021bel \u0219i izolate fonic \u00een interior. Aspiratorul dispune de un sistem de separare a apei\/prafului pentru a filtra lichidele de particulele uscate. Particulele de &#8230; <\/p>\n<p class=\"read-more-container\"><a title=\"W2 aspirator industrial\" class=\"read-more button\" href=\"https:\/\/obera.fr\/ro\/produits\/aspirateurs-industriels\/w2-haute-filtration-polyvalence\/#more-65220\" aria-label=\"Cite\u0219te mai multe despre W2 aspirator industrial\">Lire la suite<\/a><\/p>\n","protected":false},"author":4,"featured_media":83748,"parent":48471,"menu_order":0,"comment_status":"closed","ping_status":"closed","template":"","meta":{"_acf_changed":false,"_seopress_robots_primary_cat":"","_seopress_titles_title":"Aspirator industrial W2: filtrare ridicat\u0103 \u0219i versatilitate","_seopress_titles_desc":"Alege\u021bi seria W2 cu sistemul s\u0103u de filtrare \u00eenalt\u0103 pentru extragerea simultan\u0103 a prafului solid \u0219i lichid.","_seopress_robots_index":"","footnotes":""},"class_list":{"0":"post-65220","1":"page","2":"type-page","3":"status-publish","4":"has-post-thumbnail","6":"no-featured-image-padding","7":"resize-featured-image"},"acf":[],"_links":{"self":[{"href":"https:\/\/obera.fr\/ro\/wp-json\/wp\/v2\/pages\/65220","targetHints":{"allow":["GET"]}}],"collection":[{"href":"https:\/\/obera.fr\/ro\/wp-json\/wp\/v2\/pages"}],"about":[{"href":"https:\/\/obera.fr\/ro\/wp-json\/wp\/v2\/types\/page"}],"author":[{"embeddable":true,"href":"https:\/\/obera.fr\/ro\/wp-json\/wp\/v2\/users\/4"}],"replies":[{"embeddable":true,"href":"https:\/\/obera.fr\/ro\/wp-json\/wp\/v2\/comments?post=65220"}],"version-history":[{"count":6,"href":"https:\/\/obera.fr\/ro\/wp-json\/wp\/v2\/pages\/65220\/revisions"}],"predecessor-version":[{"id":107396,"href":"https:\/\/obera.fr\/ro\/wp-json\/wp\/v2\/pages\/65220\/revisions\/107396"}],"up":[{"embeddable":true,"href":"https:\/\/obera.fr\/ro\/wp-json\/wp\/v2\/pages\/48471"}],"wp:featuredmedia":[{"embeddable":true,"href":"https:\/\/obera.fr\/ro\/wp-json\/wp\/v2\/media\/83748"}],"wp:attachment":[{"href":"https:\/\/obera.fr\/ro\/wp-json\/wp\/v2\/media?parent=65220"}],"curies":[{"name":"wp","href":"https:\/\/api.w.org\/{rel}","templated":true}]}}